{"id":181364,"date":"2023-02-01T17:40:54","date_gmt":"2023-02-01T20:40:54","guid":{"rendered":"https:\/\/www.trustedtranslations.com\/?page_id=181364"},"modified":"2024-09-06T14:06:26","modified_gmt":"2024-09-06T17:06:26","slug":"traductor-de-espanol","status":"publish","type":"page","link":"https:\/\/www.trustedtranslations.com\/es\/idiomas\/espanol\/traductor-de-espanol","title":{"rendered":"Traductor de Espa\u00f1ol"},"content":{"rendered":"","protected":false},"excerpt":{"rendered":"","protected":false},"author":1,"featured_media":160117,"parent":127062,"menu_order":0,"comment_status":"closed","ping_status":"closed","template":"","meta":{"site-sidebar-layout":"default","site-content-layout":"default","ast-site-content-layout":"default","site-content-style":"default","site-sidebar-style":"default","ast-global-header-display":"","ast-banner-title-visibility":"","ast-main-header-display":"","ast-hfb-above-header-display":"","ast-hfb-below-header-display":"","ast-hfb-mobile-header-display":"","site-post-title":"disabled","ast-breadcrumbs-content":"","ast-featured-img":"","footer-sml-layout":"","ast-disable-related-posts":"","theme-transparent-header-meta":"default","adv-header-id-meta":"","stick-header-meta":"","header-above-stick-meta":"","header-main-stick-meta":"","header-below-stick-meta":"","astra-migrate-meta-layouts":"set","ast-page-background-enabled":"default","ast-page-background-meta":{"desktop":{"background-color":"var(--ast-global-color-4)","background-image":"","background-repeat":"repeat","background-position":"center center","background-size":"auto","background-attachment":"scroll","background-type":"","background-media":"","overlay-type":"","overlay-color":"","overlay-opacity":"","overlay-gradient":""},"tablet":{"background-color":"","background-image":"","background-repeat":"repeat","background-position":"center center","background-size":"auto","background-attachment":"scroll","background-type":"","background-media":"","overlay-type":"","overlay-color":"","overlay-opacity":"","overlay-gradient":""},"mobile":{"background-color":"","background-image":"","background-repeat":"repeat","background-position":"center center","background-size":"auto","background-attachment":"scroll","background-type":"","background-media":"","overlay-type":"","overlay-color":"","overlay-opacity":"","overlay-gradient":""}},"ast-content-background-meta":{"desktop":{"background-color":"var(--ast-global-color-5)","background-image":"","background-repeat":"repeat","background-position":"center center","background-size":"auto","background-attachment":"scroll","background-type":"","background-media":"","overlay-type":"","overlay-color":"","overlay-opacity":"","overlay-gradient":""},"tablet":{"background-color":"var(--ast-global-color-5)","background-image":"","background-repeat":"repeat","background-position":"center center","background-size":"auto","background-attachment":"scroll","background-type":"","background-media":"","overlay-type":"","overlay-color":"","overlay-opacity":"","overlay-gradient":""},"mobile":{"background-color":"var(--ast-global-color-5)","background-image":"","background-repeat":"repeat","background-position":"center center","background-size":"auto","background-attachment":"scroll","background-type":"","background-media":"","overlay-type":"","overlay-color":"","overlay-opacity":"","overlay-gradient":""}},"footnotes":""},"class_list":["post-181364","page","type-page","status-publish","has-post-thumbnail","hentry"],"yoast_head":"<!-- This site is optimized with the Yoast SEO plugin v27.6 - https:\/\/yoast.com\/product\/yoast-seo-wordpress\/ -->\n<title>Traductores Nativos de Espa\u00f1ol: Trusted Translations, Inc.<\/title>\n<meta name=\"description\" content=\"Trusted Translations ofrece servicios profesionales de traducci\u00f3n al espa\u00f1ol. Los hablantes nativos proporcionan traducciones precisas y culturalmente competentes. Solicite un presupuesto sin cargo.\" \/>\n<meta name=\"robots\" content=\"index, follow, max-snippet:-1, max-image-preview:large, max-video-preview:-1\" \/>\n<link rel=\"canonical\" href=\"https:\/\/www.trustedtranslations.com\/es\/idiomas\/espanol\/traductor-de-espanol\" \/>\n<meta property=\"og:locale\" content=\"es_ES\" \/>\n<meta property=\"og:type\" content=\"article\" \/>\n<meta property=\"og:title\" content=\"Traductores Nativos de Espa\u00f1ol: Trusted Translations, Inc.\" \/>\n<meta property=\"og:description\" content=\"Trusted Translations ofrece servicios profesionales de traducci\u00f3n al espa\u00f1ol. Los hablantes nativos proporcionan traducciones precisas y culturalmente competentes. Solicite un presupuesto sin cargo.\" \/>\n<meta property=\"og:url\" content=\"https:\/\/www.trustedtranslations.com\/es\/idiomas\/espanol\/traductor-de-espanol\" \/>\n<meta property=\"og:site_name\" content=\"Trusted Translations\" \/>\n<meta property=\"article:publisher\" content=\"https:\/\/www.facebook.com\/Trusted.Translations\" \/>\n<meta property=\"article:modified_time\" content=\"2024-09-06T17:06:26+00:00\" \/>\n<meta property=\"og:image\" content=\"https:\/\/static.trustedtranslations.com\/wp-content\/uploads\/2022\/08\/TT_NEW_FB-1.png\" \/>\n\t<meta property=\"og:image:width\" content=\"1\" \/>\n\t<meta property=\"og:image:height\" content=\"1\" \/>\n\t<meta property=\"og:image:type\" content=\"image\/jpeg\" \/>\n<meta name=\"twitter:card\" content=\"summary_large_image\" \/>\n<meta name=\"twitter:site\" content=\"@TrustedT9ns\" \/>\n<script type=\"application\/ld+json\" class=\"yoast-schema-graph\">{\"@context\":\"https:\\\/\\\/schema.org\",\"@graph\":[{\"@type\":\"WebPage\",\"@id\":\"https:\\\/\\\/www.trustedtranslations.com\\\/es\\\/idiomas\\\/espanol\\\/traductor-de-espanol\",\"url\":\"https:\\\/\\\/www.trustedtranslations.com\\\/es\\\/idiomas\\\/espanol\\\/traductor-de-espanol\",\"name\":\"Traductores Nativos de Espa\u00f1ol: Trusted Translations, Inc.\",\"isPartOf\":{\"@id\":\"https:\\\/\\\/www.trustedtranslations.com\\\/es\\\/#website\"},\"primaryImageOfPage\":{\"@id\":\"https:\\\/\\\/www.trustedtranslations.com\\\/es\\\/idiomas\\\/espanol\\\/traductor-de-espanol#primaryimage\"},\"image\":{\"@id\":\"https:\\\/\\\/www.trustedtranslations.com\\\/es\\\/idiomas\\\/espanol\\\/traductor-de-espanol#primaryimage\"},\"thumbnailUrl\":\"https:\\\/\\\/www.trustedtranslations.com\\\/wp-content\\\/uploads\\\/2022\\\/08\\\/TT_NEW_FB-1.png\",\"description\":\"Trusted Translations ofrece servicios profesionales de traducci\u00f3n al espa\u00f1ol. Los hablantes nativos proporcionan traducciones precisas y culturalmente competentes. Solicite un presupuesto sin cargo.\",\"breadcrumb\":{\"@id\":\"https:\\\/\\\/www.trustedtranslations.com\\\/es\\\/idiomas\\\/espanol\\\/traductor-de-espanol#breadcrumb\"},\"inLanguage\":\"es\",\"potentialAction\":[{\"@type\":\"ReadAction\",\"target\":[\"https:\\\/\\\/www.trustedtranslations.com\\\/es\\\/idiomas\\\/espanol\\\/traductor-de-espanol\"]}]},{\"@type\":\"ImageObject\",\"inLanguage\":\"es\",\"@id\":\"https:\\\/\\\/www.trustedtranslations.com\\\/es\\\/idiomas\\\/espanol\\\/traductor-de-espanol#primaryimage\",\"url\":\"https:\\\/\\\/www.trustedtranslations.com\\\/wp-content\\\/uploads\\\/2022\\\/08\\\/TT_NEW_FB-1.png\",\"contentUrl\":\"https:\\\/\\\/www.trustedtranslations.com\\\/wp-content\\\/uploads\\\/2022\\\/08\\\/TT_NEW_FB-1.png\",\"caption\":\"TT NEW FB 1\"},{\"@type\":\"BreadcrumbList\",\"@id\":\"https:\\\/\\\/www.trustedtranslations.com\\\/es\\\/idiomas\\\/espanol\\\/traductor-de-espanol#breadcrumb\",\"itemListElement\":[{\"@type\":\"ListItem\",\"position\":1,\"name\":\"Home\",\"item\":\"https:\\\/\\\/www.trustedtranslations.com\\\/es\"},{\"@type\":\"ListItem\",\"position\":2,\"name\":\"Idiomas\",\"item\":\"https:\\\/\\\/www.trustedtranslations.com\\\/es\\\/idiomas\"},{\"@type\":\"ListItem\",\"position\":3,\"name\":\"Espa\u00f1ol\",\"item\":\"https:\\\/\\\/www.trustedtranslations.com\\\/es\\\/idiomas\\\/espanol\"},{\"@type\":\"ListItem\",\"position\":4,\"name\":\"Traductor de Espa\u00f1ol\"}]},{\"@type\":\"WebSite\",\"@id\":\"https:\\\/\\\/www.trustedtranslations.com\\\/es\\\/#website\",\"url\":\"https:\\\/\\\/www.trustedtranslations.com\\\/es\\\/\",\"name\":\"Trusted Translations, Inc.\",\"description\":\"Leader in translation and interpretation services.\",\"publisher\":{\"@id\":\"https:\\\/\\\/www.trustedtranslations.com\\\/es\\\/#organization\"},\"alternateName\":\"Trusted Translations\",\"potentialAction\":[{\"@type\":\"SearchAction\",\"target\":{\"@type\":\"EntryPoint\",\"urlTemplate\":\"https:\\\/\\\/www.trustedtranslations.com\\\/es\\\/?s={search_term_string}\"},\"query-input\":{\"@type\":\"PropertyValueSpecification\",\"valueRequired\":true,\"valueName\":\"search_term_string\"}}],\"inLanguage\":\"es\"},{\"@type\":\"Organization\",\"@id\":\"https:\\\/\\\/www.trustedtranslations.com\\\/es\\\/#organization\",\"name\":\"Trusted Translations\",\"alternateName\":\"Trusted Translations, Inc.\",\"url\":\"https:\\\/\\\/www.trustedtranslations.com\\\/es\\\/\",\"logo\":{\"@type\":\"ImageObject\",\"inLanguage\":\"es\",\"@id\":\"https:\\\/\\\/www.trustedtranslations.com\\\/es\\\/#\\\/schema\\\/logo\\\/image\\\/\",\"url\":\"https:\\\/\\\/static.trustedtranslations.com\\\/wp-content\\\/uploads\\\/2022\\\/01\\\/TT_logo_WSIColors-2.png\",\"contentUrl\":\"https:\\\/\\\/static.trustedtranslations.com\\\/wp-content\\\/uploads\\\/2022\\\/01\\\/TT_logo_WSIColors-2.png\",\"width\":500,\"height\":196,\"caption\":\"Trusted Translations\"},\"image\":{\"@id\":\"https:\\\/\\\/www.trustedtranslations.com\\\/es\\\/#\\\/schema\\\/logo\\\/image\\\/\"},\"sameAs\":[\"https:\\\/\\\/www.facebook.com\\\/Trusted.Translations\",\"https:\\\/\\\/x.com\\\/TrustedT9ns\",\"https:\\\/\\\/www.linkedin.com\\\/company\\\/trusted-translations\"]}]}<\/script>\n<!-- \/ Yoast SEO plugin. -->","yoast_head_json":{"title":"Traductores Nativos de Espa\u00f1ol: Trusted Translations, Inc.","description":"Trusted Translations ofrece servicios profesionales de traducci\u00f3n al espa\u00f1ol. Los hablantes nativos proporcionan traducciones precisas y culturalmente competentes. Solicite un presupuesto sin cargo.","robots":{"index":"index","follow":"follow","max-snippet":"max-snippet:-1","max-image-preview":"max-image-preview:large","max-video-preview":"max-video-preview:-1"},"canonical":"https:\/\/www.trustedtranslations.com\/es\/idiomas\/espanol\/traductor-de-espanol","og_locale":"es_ES","og_type":"article","og_title":"Traductores Nativos de Espa\u00f1ol: Trusted Translations, Inc.","og_description":"Trusted Translations ofrece servicios profesionales de traducci\u00f3n al espa\u00f1ol. Los hablantes nativos proporcionan traducciones precisas y culturalmente competentes. Solicite un presupuesto sin cargo.","og_url":"https:\/\/www.trustedtranslations.com\/es\/idiomas\/espanol\/traductor-de-espanol","og_site_name":"Trusted Translations","article_publisher":"https:\/\/www.facebook.com\/Trusted.Translations","article_modified_time":"2024-09-06T17:06:26+00:00","og_image":[{"url":"https:\/\/static.trustedtranslations.com\/wp-content\/uploads\/2022\/08\/TT_NEW_FB-1.png","width":1,"height":1,"type":"image\/jpeg"}],"twitter_card":"summary_large_image","twitter_site":"@TrustedT9ns","schema":{"@context":"https:\/\/schema.org","@graph":[{"@type":"WebPage","@id":"https:\/\/www.trustedtranslations.com\/es\/idiomas\/espanol\/traductor-de-espanol","url":"https:\/\/www.trustedtranslations.com\/es\/idiomas\/espanol\/traductor-de-espanol","name":"Traductores Nativos de Espa\u00f1ol: Trusted Translations, Inc.","isPartOf":{"@id":"https:\/\/www.trustedtranslations.com\/es\/#website"},"primaryImageOfPage":{"@id":"https:\/\/www.trustedtranslations.com\/es\/idiomas\/espanol\/traductor-de-espanol#primaryimage"},"image":{"@id":"https:\/\/www.trustedtranslations.com\/es\/idiomas\/espanol\/traductor-de-espanol#primaryimage"},"thumbnailUrl":"https:\/\/www.trustedtranslations.com\/wp-content\/uploads\/2022\/08\/TT_NEW_FB-1.png","description":"Trusted Translations ofrece servicios profesionales de traducci\u00f3n al espa\u00f1ol. Los hablantes nativos proporcionan traducciones precisas y culturalmente competentes. Solicite un presupuesto sin cargo.","breadcrumb":{"@id":"https:\/\/www.trustedtranslations.com\/es\/idiomas\/espanol\/traductor-de-espanol#breadcrumb"},"inLanguage":"es","potentialAction":[{"@type":"ReadAction","target":["https:\/\/www.trustedtranslations.com\/es\/idiomas\/espanol\/traductor-de-espanol"]}]},{"@type":"ImageObject","inLanguage":"es","@id":"https:\/\/www.trustedtranslations.com\/es\/idiomas\/espanol\/traductor-de-espanol#primaryimage","url":"https:\/\/www.trustedtranslations.com\/wp-content\/uploads\/2022\/08\/TT_NEW_FB-1.png","contentUrl":"https:\/\/www.trustedtranslations.com\/wp-content\/uploads\/2022\/08\/TT_NEW_FB-1.png","caption":"TT NEW FB 1"},{"@type":"BreadcrumbList","@id":"https:\/\/www.trustedtranslations.com\/es\/idiomas\/espanol\/traductor-de-espanol#breadcrumb","itemListElement":[{"@type":"ListItem","position":1,"name":"Home","item":"https:\/\/www.trustedtranslations.com\/es"},{"@type":"ListItem","position":2,"name":"Idiomas","item":"https:\/\/www.trustedtranslations.com\/es\/idiomas"},{"@type":"ListItem","position":3,"name":"Espa\u00f1ol","item":"https:\/\/www.trustedtranslations.com\/es\/idiomas\/espanol"},{"@type":"ListItem","position":4,"name":"Traductor de Espa\u00f1ol"}]},{"@type":"WebSite","@id":"https:\/\/www.trustedtranslations.com\/es\/#website","url":"https:\/\/www.trustedtranslations.com\/es\/","name":"Trusted Translations, Inc.","description":"Leader in translation and interpretation services.","publisher":{"@id":"https:\/\/www.trustedtranslations.com\/es\/#organization"},"alternateName":"Trusted Translations","potentialAction":[{"@type":"SearchAction","target":{"@type":"EntryPoint","urlTemplate":"https:\/\/www.trustedtranslations.com\/es\/?s={search_term_string}"},"query-input":{"@type":"PropertyValueSpecification","valueRequired":true,"valueName":"search_term_string"}}],"inLanguage":"es"},{"@type":"Organization","@id":"https:\/\/www.trustedtranslations.com\/es\/#organization","name":"Trusted Translations","alternateName":"Trusted Translations, Inc.","url":"https:\/\/www.trustedtranslations.com\/es\/","logo":{"@type":"ImageObject","inLanguage":"es","@id":"https:\/\/www.trustedtranslations.com\/es\/#\/schema\/logo\/image\/","url":"https:\/\/static.trustedtranslations.com\/wp-content\/uploads\/2022\/01\/TT_logo_WSIColors-2.png","contentUrl":"https:\/\/static.trustedtranslations.com\/wp-content\/uploads\/2022\/01\/TT_logo_WSIColors-2.png","width":500,"height":196,"caption":"Trusted Translations"},"image":{"@id":"https:\/\/www.trustedtranslations.com\/es\/#\/schema\/logo\/image\/"},"sameAs":["https:\/\/www.facebook.com\/Trusted.Translations","https:\/\/x.com\/TrustedT9ns","https:\/\/www.linkedin.com\/company\/trusted-translations"]}]}},"toolset-meta":{"dyk":{"mensaje-1":{"type":"textfield","raw":"Como parte de su personal, <em>Trusted Translations<\/em> tiene m\u00e1s de 5,000 traductores y especialistas en espa\u00f1ol que han sido evaluados."},"mensaje-2":{"type":"textfield","raw":"Nuestros traductores de espa\u00f1ol pueden localizar su proyecto para regiones espec\u00edficas de habla hispana."},"mensaje-3":{"type":"textfield","raw":"Tambi\u00e9n ofrecemos revisi\u00f3n en espa\u00f1ol para traducciones producidas por otra fuente."},"mensaje-4":{"type":"textfield","raw":"Nuestros traductores pueden ayudarlo a identificar el tipo de espa\u00f1ol que mejor se adapta a su proyecto."},"mensaje-5":{"type":"textfield","raw":""},"mensaje-6":{"type":"textfield","raw":""}},"single-page-template-fields":{"imgs-temp":{"type":"image","raw":["https:\/\/static.trustedtranslations.com\/wp-content\/uploads\/2024\/06\/spanish-translator-1.webp"],"repeatable":[{"raw":"https:\/\/static.trustedtranslations.com\/wp-content\/uploads\/2024\/06\/spanish-translator-1.webp"}]},"imgs-temp-cel":{"type":"image","raw":[""],"repeatable":[{"raw":""}]},"img-temp-one-cel":{"type":"image","raw":"https:\/\/static.trustedtranslations.com\/wp-content\/uploads\/2024\/06\/spanish-translator-res.webp","attachment_id":null},"quotes":{"type":"textarea","raw":"<h1 style=\"margin-bottom: 12px;\">Equipos Nativos de Traducci\u00f3n de Espa\u00f1ol<\/h1>Los traductores nativos de espa\u00f1ol son imprescindibles para asegurarse de que el p\u00fablico deseado entienda sus traducciones. Trusted Translations ofrece traductores profesionales de espa\u00f1ol de alta calidad a los precios m\u00e1s rentables del sector.<div style=\"margin-top: 2.5vw;\"><a class=\"tt-btn-main-cta\" href=\"\/es\/presupuesto-sin-cargo\">SOLICITE UN PRESUPUESTO SIN CARGO<\/a><\/div>"},"text-1":{"type":"textarea","raw":"<h2>Por qu\u00e9 la Traducci\u00f3n al Espa\u00f1ol de Nivel Nativo Es Esencial para el \u00c9xito Global<\/h2>En todo el mundo, los consumidores, incluidos los de habla hispana, prefieren contundentemente comprar productos y servicios anunciados en su lengua de origen. Cuando se trata del idioma espa\u00f1ol, su amplia popularidad mundial y sus diversas variantes hacen necesarios traductores que posean fluidez a nivel nativo.\r\n\r\nPara sus proyectos de traducci\u00f3n, se necesitan traductores que no solo posean ese nivel de habilidad ling\u00fc\u00edstica, sino que tambi\u00e9n est\u00e9n familiarizados con los est\u00e1ndares de su rubro, y con los matices culturales de su mercado objetivo.\r\n\r\nEn <em>Trusted Translations<\/em>, cada uno de nuestros traductores profesionales de espa\u00f1ol se especializa en una o m\u00e1s variantes del idioma y tiene experiencia espec\u00edfica en una industria. Adem\u00e1s, como nuestros traductores son empleados internos, brindan un trabajo de calidad a tarifas competitivas.\r\n<h2 style=\"margin-bottom:20px\">Traductores del Ingl\u00e9s al Espa\u00f1ol<\/h2>\r\nNuestros equipos de traductores profesionales del ingl\u00e9s al espa\u00f1ol se especializan en traducciones de gran volumen y alta complejidad. Como traductores l\u00edderes, su trabajo cumple y supera los est\u00e1ndares ISO de calidad. Al mismo tiempo, sin importar el tipo de contenido o el tema, nuestros traductores del ingl\u00e9s al espa\u00f1ol aportan gran cantidad de conocimientos y experiencia en campos espec\u00edficos.\r\n\r\nEsto incluye experiencia en las siguientes \u00e1reas: t\u00e9cnica, finanzas, tecnolog\u00eda inform\u00e1tica (TI), ventas, marketing, medios, leyes, viajes, software, negocios, telecomunicaciones, corporaciones, relaciones p\u00fablicas (RR. PP.), medicina, gobierno y seguros, entre otras.\r\n<h2 style=\"margin-bottom:20px\">Equipos de Traducci\u00f3n con Servicios Integrales<\/h2>\r\nNuestros traductores est\u00e1n en la c\u00faspide de sus campos: se los selecciona con cuidado, tienen excelentes credenciales y se los ha evaluado bien. Para garantizar la precisi\u00f3n, <em>Trusted Translations<\/em> luego se esfuerza al m\u00e1ximo al asignar cada proyecto a un traductor de espa\u00f1ol de un rubro espec\u00edfico. Adem\u00e1s, un traductor de espa\u00f1ol independiente edita y revisa cada traducci\u00f3n, sin cargo adicional, para garantizar la calidad del trabajo realizado.\r\n\r\nEste proceso de tres etapas ofrece calidad y precisi\u00f3n, independientemente del tama\u00f1o y la complejidad del proyecto o la empresa. Como beneficio adicional, tambi\u00e9n contamos en el personal con expertos de dise\u00f1o gr\u00e1fico y gerentes de proyectos, que se encargan de cada proyecto.\r\n\r\n<em>Trusted Translations<\/em> quiere ser su soluci\u00f3n integral para traducciones al espa\u00f1ol. Con esto en mente, nuestros equipos de expertos tambi\u00e9n ofrecen servicios de revisi\u00f3n en espa\u00f1ol para traducciones realizadas por otra fuente."},"shortcode-map":{"type":"textfield","raw":""},"dyk-shortcode":{"type":"textfield","raw":"[elementor-template id=\"139368\"]"},"text-2":{"type":"textarea","raw":"<h2 style=\"margin-bottom:20px\">Traducciones Profesionales y Confidenciales<\/h2>\r\nTodos los traductores de espa\u00f1ol de <em>Trusted Translations<\/em> est\u00e1n obligados a cumplir acuerdos corporativos de confidencialidad comercial y no divulgaci\u00f3n.\u00a0Nos tomamos muy en serio las cuestiones de confidencialidad y seguridad. Nuestros traductores est\u00e1n al tanto de la naturaleza sensible de ciertos tipos de contenido y siempre respetar\u00e1n la privacidad de cada cliente.\r\n<h2 style=\"margin-bottom:20px\">Traductores Especializados en Localizaci\u00f3n de Espa\u00f1ol<\/h2>\r\nLos equipos de traductores profesionales de espa\u00f1ol de <em>Trusted Translations<\/em> est\u00e1n bien versados en las traducciones a espa\u00f1ol neutro, que se pueden aplicar y utilizar en casi todos los pa\u00edses de habla hispana. Es una excelente opci\u00f3n para un producto o empresa que reci\u00e9n comienza, que tantea el terreno con un determinado segmento de mercado nuevo, o que trabaja con un presupuesto ajustado.\r\n\r\nSin embargo, si desea dirigirse directamente a un p\u00fablico espec\u00edfico, como M\u00e9xico o la comunidad hispana estadounidense, es posible que desee \u201clocalizar\u201d el mensaje al dialecto local de espa\u00f1ol. <em>Trusted Translations<\/em> se enorgullece de ofrecer experiencia en la materia, familiaridad con el mercado y fluidez ling\u00fc\u00edstica en esta \u00e1rea. Adem\u00e1s, si no est\u00e1 seguro de qu\u00e9 es lo adecuado para su proyecto, nuestros traductores especializados del ingl\u00e9s al espa\u00f1ol lo ayudar\u00e1n a tomar una decisi\u00f3n informada.\r\n\r\nNuestro departamento de traducci\u00f3n al espa\u00f1ol est\u00e1 compuesto por equipos de profesionales que incluyen: traductores argentinos, bolivianos, colombianos, costarricenses, chilenos, cubanos, dominicanos, ecuatorianos, salvadore\u00f1os, guatemaltecos, hondure\u00f1os, mexicanos, nicarag\u00fcenses, paname\u00f1os, paraguayos, peruanos, puertorrique\u00f1os, uruguayos, venezolanos, y equipos de traductores de Espa\u00f1a y Estados Unidos.\r\n\r\nEn <em>Trusted Translations<\/em>, nos enorgullecemos de atender a los clientes y ofrecerles el est\u00e1ndar m\u00e1s alto de los equipos de traducci\u00f3n al espa\u00f1ol. Comun\u00edquese con nosotros hoy mismo para saber m\u00e1s sobre c\u00f3mo podemos satisfacer sus necesidades de traducci\u00f3n al espa\u00f1ol."},"state":{"type":"textfield","raw":""},"city":{"type":"textarea","raw":[]}}},"_links":{"self":[{"href":"https:\/\/www.trustedtranslations.com\/es\/wp-json\/wp\/v2\/pages\/181364","targetHints":{"allow":["GET"]}}],"collection":[{"href":"https:\/\/www.trustedtranslations.com\/es\/wp-json\/wp\/v2\/pages"}],"about":[{"href":"https:\/\/www.trustedtranslations.com\/es\/wp-json\/wp\/v2\/types\/page"}],"author":[{"embeddable":true,"href":"https:\/\/www.trustedtranslations.com\/es\/wp-json\/wp\/v2\/users\/1"}],"replies":[{"embeddable":true,"href":"https:\/\/www.trustedtranslations.com\/es\/wp-json\/wp\/v2\/comments?post=181364"}],"version-history":[{"count":0,"href":"https:\/\/www.trustedtranslations.com\/es\/wp-json\/wp\/v2\/pages\/181364\/revisions"}],"up":[{"embeddable":true,"href":"https:\/\/www.trustedtranslations.com\/es\/wp-json\/wp\/v2\/pages\/127062"}],"wp:featuredmedia":[{"embeddable":true,"href":"https:\/\/www.trustedtranslations.com\/es\/wp-json\/wp\/v2\/media\/160117"}],"wp:attachment":[{"href":"https:\/\/www.trustedtranslations.com\/es\/wp-json\/wp\/v2\/media?parent=181364"}],"curies":[{"name":"wp","href":"https:\/\/api.w.org\/{rel}","templated":true}]}}