{"id":181366,"date":"2023-02-01T17:41:16","date_gmt":"2023-02-01T20:41:16","guid":{"rendered":"https:\/\/www.trustedtranslations.com\/?page_id=181366"},"modified":"2025-10-21T14:11:34","modified_gmt":"2025-10-21T17:11:34","slug":"servicios-de-traduccion-de-espanol","status":"publish","type":"page","link":"https:\/\/www.trustedtranslations.com\/es\/idiomas\/espanol\/servicios-de-traduccion-de-espanol","title":{"rendered":"Servicios de Traducci\u00f3n de Espa\u00f1ol"},"content":{"rendered":"","protected":false},"excerpt":{"rendered":"","protected":false},"author":1,"featured_media":160117,"parent":127062,"menu_order":0,"comment_status":"closed","ping_status":"closed","template":"","meta":{"site-sidebar-layout":"default","site-content-layout":"default","ast-site-content-layout":"default","site-content-style":"default","site-sidebar-style":"default","ast-global-header-display":"","ast-banner-title-visibility":"","ast-main-header-display":"","ast-hfb-above-header-display":"","ast-hfb-below-header-display":"","ast-hfb-mobile-header-display":"","site-post-title":"disabled","ast-breadcrumbs-content":"","ast-featured-img":"","footer-sml-layout":"","ast-disable-related-posts":"","theme-transparent-header-meta":"default","adv-header-id-meta":"","stick-header-meta":"","header-above-stick-meta":"","header-main-stick-meta":"","header-below-stick-meta":"","astra-migrate-meta-layouts":"set","ast-page-background-enabled":"default","ast-page-background-meta":{"desktop":{"background-color":"var(--ast-global-color-4)","background-image":"","background-repeat":"repeat","background-position":"center center","background-size":"auto","background-attachment":"scroll","background-type":"","background-media":"","overlay-type":"","overlay-color":"","overlay-opacity":"","overlay-gradient":""},"tablet":{"background-color":"","background-image":"","background-repeat":"repeat","background-position":"center center","background-size":"auto","background-attachment":"scroll","background-type":"","background-media":"","overlay-type":"","overlay-color":"","overlay-opacity":"","overlay-gradient":""},"mobile":{"background-color":"","background-image":"","background-repeat":"repeat","background-position":"center center","background-size":"auto","background-attachment":"scroll","background-type":"","background-media":"","overlay-type":"","overlay-color":"","overlay-opacity":"","overlay-gradient":""}},"ast-content-background-meta":{"desktop":{"background-color":"var(--ast-global-color-5)","background-image":"","background-repeat":"repeat","background-position":"center center","background-size":"auto","background-attachment":"scroll","background-type":"","background-media":"","overlay-type":"","overlay-color":"","overlay-opacity":"","overlay-gradient":""},"tablet":{"background-color":"var(--ast-global-color-5)","background-image":"","background-repeat":"repeat","background-position":"center center","background-size":"auto","background-attachment":"scroll","background-type":"","background-media":"","overlay-type":"","overlay-color":"","overlay-opacity":"","overlay-gradient":""},"mobile":{"background-color":"var(--ast-global-color-5)","background-image":"","background-repeat":"repeat","background-position":"center center","background-size":"auto","background-attachment":"scroll","background-type":"","background-media":"","overlay-type":"","overlay-color":"","overlay-opacity":"","overlay-gradient":""}},"footnotes":""},"class_list":["post-181366","page","type-page","status-publish","has-post-thumbnail","hentry"],"yoast_head":"<!-- This site is optimized with the Yoast SEO plugin v27.5 - https:\/\/yoast.com\/product\/yoast-seo-wordpress\/ -->\n<title>Servicios de Traducci\u00f3n de Espa\u00f1ol - Trusted Translations, Inc.<\/title>\n<meta name=\"description\" content=\"Ofrecemos un servicio de traducci\u00f3n profesional al espa\u00f1ol de la mejor calidad y a los mejores precios. Haga clic aqu\u00ed para solicitar un presupuesto sin cargo.\" \/>\n<meta name=\"robots\" content=\"index, follow, max-snippet:-1, max-image-preview:large, max-video-preview:-1\" \/>\n<link rel=\"canonical\" href=\"https:\/\/www.trustedtranslations.com\/es\/idiomas\/espanol\/servicios-de-traduccion-de-espanol\" \/>\n<meta property=\"og:locale\" content=\"es_ES\" \/>\n<meta property=\"og:type\" content=\"article\" \/>\n<meta property=\"og:title\" content=\"Servicios de Traducci\u00f3n de Espa\u00f1ol - Trusted Translations, Inc.\" \/>\n<meta property=\"og:description\" content=\"Ofrecemos un servicio de traducci\u00f3n profesional al espa\u00f1ol de la mejor calidad y a los mejores precios. Haga clic aqu\u00ed para solicitar un presupuesto sin cargo.\" \/>\n<meta property=\"og:url\" content=\"https:\/\/www.trustedtranslations.com\/es\/idiomas\/espanol\/servicios-de-traduccion-de-espanol\" \/>\n<meta property=\"og:site_name\" content=\"Trusted Translations\" \/>\n<meta property=\"article:publisher\" content=\"https:\/\/www.facebook.com\/Trusted.Translations\" \/>\n<meta property=\"article:modified_time\" content=\"2025-10-21T17:11:34+00:00\" \/>\n<meta property=\"og:image\" content=\"https:\/\/static.trustedtranslations.com\/wp-content\/uploads\/2022\/08\/TT_NEW_FB-1.png\" \/>\n\t<meta property=\"og:image:width\" content=\"1\" \/>\n\t<meta property=\"og:image:height\" content=\"1\" \/>\n\t<meta property=\"og:image:type\" content=\"image\/jpeg\" \/>\n<meta name=\"twitter:card\" content=\"summary_large_image\" \/>\n<meta name=\"twitter:site\" content=\"@TrustedT9ns\" \/>\n<script type=\"application\/ld+json\" class=\"yoast-schema-graph\">{\"@context\":\"https:\\\/\\\/schema.org\",\"@graph\":[{\"@type\":\"WebPage\",\"@id\":\"https:\\\/\\\/www.trustedtranslations.com\\\/es\\\/idiomas\\\/espanol\\\/servicios-de-traduccion-de-espanol\",\"url\":\"https:\\\/\\\/www.trustedtranslations.com\\\/es\\\/idiomas\\\/espanol\\\/servicios-de-traduccion-de-espanol\",\"name\":\"Servicios de Traducci\u00f3n de Espa\u00f1ol - Trusted Translations, Inc.\",\"isPartOf\":{\"@id\":\"https:\\\/\\\/www.trustedtranslations.com\\\/es\\\/#website\"},\"primaryImageOfPage\":{\"@id\":\"https:\\\/\\\/www.trustedtranslations.com\\\/es\\\/idiomas\\\/espanol\\\/servicios-de-traduccion-de-espanol#primaryimage\"},\"image\":{\"@id\":\"https:\\\/\\\/www.trustedtranslations.com\\\/es\\\/idiomas\\\/espanol\\\/servicios-de-traduccion-de-espanol#primaryimage\"},\"thumbnailUrl\":\"https:\\\/\\\/www.trustedtranslations.com\\\/wp-content\\\/uploads\\\/2022\\\/08\\\/TT_NEW_FB-1.png\",\"description\":\"Ofrecemos un servicio de traducci\u00f3n profesional al espa\u00f1ol de la mejor calidad y a los mejores precios. Haga clic aqu\u00ed para solicitar un presupuesto sin cargo.\",\"breadcrumb\":{\"@id\":\"https:\\\/\\\/www.trustedtranslations.com\\\/es\\\/idiomas\\\/espanol\\\/servicios-de-traduccion-de-espanol#breadcrumb\"},\"inLanguage\":\"es\",\"potentialAction\":[{\"@type\":\"ReadAction\",\"target\":[\"https:\\\/\\\/www.trustedtranslations.com\\\/es\\\/idiomas\\\/espanol\\\/servicios-de-traduccion-de-espanol\"]}]},{\"@type\":\"ImageObject\",\"inLanguage\":\"es\",\"@id\":\"https:\\\/\\\/www.trustedtranslations.com\\\/es\\\/idiomas\\\/espanol\\\/servicios-de-traduccion-de-espanol#primaryimage\",\"url\":\"https:\\\/\\\/www.trustedtranslations.com\\\/wp-content\\\/uploads\\\/2022\\\/08\\\/TT_NEW_FB-1.png\",\"contentUrl\":\"https:\\\/\\\/www.trustedtranslations.com\\\/wp-content\\\/uploads\\\/2022\\\/08\\\/TT_NEW_FB-1.png\",\"caption\":\"TT NEW FB 1\"},{\"@type\":\"BreadcrumbList\",\"@id\":\"https:\\\/\\\/www.trustedtranslations.com\\\/es\\\/idiomas\\\/espanol\\\/servicios-de-traduccion-de-espanol#breadcrumb\",\"itemListElement\":[{\"@type\":\"ListItem\",\"position\":1,\"name\":\"Home\",\"item\":\"https:\\\/\\\/www.trustedtranslations.com\\\/es\"},{\"@type\":\"ListItem\",\"position\":2,\"name\":\"Idiomas\",\"item\":\"https:\\\/\\\/www.trustedtranslations.com\\\/es\\\/idiomas\"},{\"@type\":\"ListItem\",\"position\":3,\"name\":\"Espa\u00f1ol\",\"item\":\"https:\\\/\\\/www.trustedtranslations.com\\\/es\\\/idiomas\\\/espanol\"},{\"@type\":\"ListItem\",\"position\":4,\"name\":\"Servicios de Traducci\u00f3n de Espa\u00f1ol\"}]},{\"@type\":\"WebSite\",\"@id\":\"https:\\\/\\\/www.trustedtranslations.com\\\/es\\\/#website\",\"url\":\"https:\\\/\\\/www.trustedtranslations.com\\\/es\\\/\",\"name\":\"Trusted Translations, Inc.\",\"description\":\"Leader in translation and interpretation services.\",\"publisher\":{\"@id\":\"https:\\\/\\\/www.trustedtranslations.com\\\/es\\\/#organization\"},\"alternateName\":\"Trusted Translations\",\"potentialAction\":[{\"@type\":\"SearchAction\",\"target\":{\"@type\":\"EntryPoint\",\"urlTemplate\":\"https:\\\/\\\/www.trustedtranslations.com\\\/es\\\/?s={search_term_string}\"},\"query-input\":{\"@type\":\"PropertyValueSpecification\",\"valueRequired\":true,\"valueName\":\"search_term_string\"}}],\"inLanguage\":\"es\"},{\"@type\":\"Organization\",\"@id\":\"https:\\\/\\\/www.trustedtranslations.com\\\/es\\\/#organization\",\"name\":\"Trusted Translations\",\"alternateName\":\"Trusted Translations, Inc.\",\"url\":\"https:\\\/\\\/www.trustedtranslations.com\\\/es\\\/\",\"logo\":{\"@type\":\"ImageObject\",\"inLanguage\":\"es\",\"@id\":\"https:\\\/\\\/www.trustedtranslations.com\\\/es\\\/#\\\/schema\\\/logo\\\/image\\\/\",\"url\":\"https:\\\/\\\/static.trustedtranslations.com\\\/wp-content\\\/uploads\\\/2022\\\/01\\\/TT_logo_WSIColors-2.png\",\"contentUrl\":\"https:\\\/\\\/static.trustedtranslations.com\\\/wp-content\\\/uploads\\\/2022\\\/01\\\/TT_logo_WSIColors-2.png\",\"width\":500,\"height\":196,\"caption\":\"Trusted Translations\"},\"image\":{\"@id\":\"https:\\\/\\\/www.trustedtranslations.com\\\/es\\\/#\\\/schema\\\/logo\\\/image\\\/\"},\"sameAs\":[\"https:\\\/\\\/www.facebook.com\\\/Trusted.Translations\",\"https:\\\/\\\/x.com\\\/TrustedT9ns\",\"https:\\\/\\\/www.linkedin.com\\\/company\\\/trusted-translations\"]}]}<\/script>\n<!-- \/ Yoast SEO plugin. -->","yoast_head_json":{"title":"Servicios de Traducci\u00f3n de Espa\u00f1ol - Trusted Translations, Inc.","description":"Ofrecemos un servicio de traducci\u00f3n profesional al espa\u00f1ol de la mejor calidad y a los mejores precios. Haga clic aqu\u00ed para solicitar un presupuesto sin cargo.","robots":{"index":"index","follow":"follow","max-snippet":"max-snippet:-1","max-image-preview":"max-image-preview:large","max-video-preview":"max-video-preview:-1"},"canonical":"https:\/\/www.trustedtranslations.com\/es\/idiomas\/espanol\/servicios-de-traduccion-de-espanol","og_locale":"es_ES","og_type":"article","og_title":"Servicios de Traducci\u00f3n de Espa\u00f1ol - Trusted Translations, Inc.","og_description":"Ofrecemos un servicio de traducci\u00f3n profesional al espa\u00f1ol de la mejor calidad y a los mejores precios. Haga clic aqu\u00ed para solicitar un presupuesto sin cargo.","og_url":"https:\/\/www.trustedtranslations.com\/es\/idiomas\/espanol\/servicios-de-traduccion-de-espanol","og_site_name":"Trusted Translations","article_publisher":"https:\/\/www.facebook.com\/Trusted.Translations","article_modified_time":"2025-10-21T17:11:34+00:00","og_image":[{"url":"https:\/\/static.trustedtranslations.com\/wp-content\/uploads\/2022\/08\/TT_NEW_FB-1.png","width":1,"height":1,"type":"image\/jpeg"}],"twitter_card":"summary_large_image","twitter_site":"@TrustedT9ns","schema":{"@context":"https:\/\/schema.org","@graph":[{"@type":"WebPage","@id":"https:\/\/www.trustedtranslations.com\/es\/idiomas\/espanol\/servicios-de-traduccion-de-espanol","url":"https:\/\/www.trustedtranslations.com\/es\/idiomas\/espanol\/servicios-de-traduccion-de-espanol","name":"Servicios de Traducci\u00f3n de Espa\u00f1ol - Trusted Translations, Inc.","isPartOf":{"@id":"https:\/\/www.trustedtranslations.com\/es\/#website"},"primaryImageOfPage":{"@id":"https:\/\/www.trustedtranslations.com\/es\/idiomas\/espanol\/servicios-de-traduccion-de-espanol#primaryimage"},"image":{"@id":"https:\/\/www.trustedtranslations.com\/es\/idiomas\/espanol\/servicios-de-traduccion-de-espanol#primaryimage"},"thumbnailUrl":"https:\/\/www.trustedtranslations.com\/wp-content\/uploads\/2022\/08\/TT_NEW_FB-1.png","description":"Ofrecemos un servicio de traducci\u00f3n profesional al espa\u00f1ol de la mejor calidad y a los mejores precios. Haga clic aqu\u00ed para solicitar un presupuesto sin cargo.","breadcrumb":{"@id":"https:\/\/www.trustedtranslations.com\/es\/idiomas\/espanol\/servicios-de-traduccion-de-espanol#breadcrumb"},"inLanguage":"es","potentialAction":[{"@type":"ReadAction","target":["https:\/\/www.trustedtranslations.com\/es\/idiomas\/espanol\/servicios-de-traduccion-de-espanol"]}]},{"@type":"ImageObject","inLanguage":"es","@id":"https:\/\/www.trustedtranslations.com\/es\/idiomas\/espanol\/servicios-de-traduccion-de-espanol#primaryimage","url":"https:\/\/www.trustedtranslations.com\/wp-content\/uploads\/2022\/08\/TT_NEW_FB-1.png","contentUrl":"https:\/\/www.trustedtranslations.com\/wp-content\/uploads\/2022\/08\/TT_NEW_FB-1.png","caption":"TT NEW FB 1"},{"@type":"BreadcrumbList","@id":"https:\/\/www.trustedtranslations.com\/es\/idiomas\/espanol\/servicios-de-traduccion-de-espanol#breadcrumb","itemListElement":[{"@type":"ListItem","position":1,"name":"Home","item":"https:\/\/www.trustedtranslations.com\/es"},{"@type":"ListItem","position":2,"name":"Idiomas","item":"https:\/\/www.trustedtranslations.com\/es\/idiomas"},{"@type":"ListItem","position":3,"name":"Espa\u00f1ol","item":"https:\/\/www.trustedtranslations.com\/es\/idiomas\/espanol"},{"@type":"ListItem","position":4,"name":"Servicios de Traducci\u00f3n de Espa\u00f1ol"}]},{"@type":"WebSite","@id":"https:\/\/www.trustedtranslations.com\/es\/#website","url":"https:\/\/www.trustedtranslations.com\/es\/","name":"Trusted Translations, Inc.","description":"Leader in translation and interpretation services.","publisher":{"@id":"https:\/\/www.trustedtranslations.com\/es\/#organization"},"alternateName":"Trusted Translations","potentialAction":[{"@type":"SearchAction","target":{"@type":"EntryPoint","urlTemplate":"https:\/\/www.trustedtranslations.com\/es\/?s={search_term_string}"},"query-input":{"@type":"PropertyValueSpecification","valueRequired":true,"valueName":"search_term_string"}}],"inLanguage":"es"},{"@type":"Organization","@id":"https:\/\/www.trustedtranslations.com\/es\/#organization","name":"Trusted Translations","alternateName":"Trusted Translations, Inc.","url":"https:\/\/www.trustedtranslations.com\/es\/","logo":{"@type":"ImageObject","inLanguage":"es","@id":"https:\/\/www.trustedtranslations.com\/es\/#\/schema\/logo\/image\/","url":"https:\/\/static.trustedtranslations.com\/wp-content\/uploads\/2022\/01\/TT_logo_WSIColors-2.png","contentUrl":"https:\/\/static.trustedtranslations.com\/wp-content\/uploads\/2022\/01\/TT_logo_WSIColors-2.png","width":500,"height":196,"caption":"Trusted Translations"},"image":{"@id":"https:\/\/www.trustedtranslations.com\/es\/#\/schema\/logo\/image\/"},"sameAs":["https:\/\/www.facebook.com\/Trusted.Translations","https:\/\/x.com\/TrustedT9ns","https:\/\/www.linkedin.com\/company\/trusted-translations"]}]}},"toolset-meta":{"dyk":{"mensaje-1":{"type":"textfield","raw":"Trusted Translations lidera el mercado estadounidense de traducciones al espa\u00f1ol."},"mensaje-2":{"type":"textfield","raw":"Ofrecemos servicios de traducci\u00f3n de todo tipo de documentos, en todos los formatos e idiomas."},"mensaje-3":{"type":"textfield","raw":"Los servicios van desde la traducci\u00f3n de documentos a la localizaci\u00f3n de sitios web complejos."},"mensaje-4":{"type":"textfield","raw":"Debido a que nuestros traductores forman parte del personal interno, ofrecemos un trabajo de calidad a precios asequibles."},"mensaje-5":{"type":"textfield","raw":""},"mensaje-6":{"type":"textfield","raw":""}},"single-page-template-fields":{"imgs-temp":{"type":"image","raw":["https:\/\/static.trustedtranslations.com\/wp-content\/uploads\/2024\/05\/sts-1.webp"],"repeatable":[{"raw":"https:\/\/static.trustedtranslations.com\/wp-content\/uploads\/2024\/05\/sts-1.webp"}]},"imgs-temp-cel":{"type":"image","raw":[""],"repeatable":[{"raw":""}]},"img-temp-one-cel":{"type":"image","raw":"https:\/\/static.trustedtranslations.com\/wp-content\/uploads\/2024\/05\/sts1.webp","attachment_id":null},"quotes":{"type":"textarea","raw":"<h1 style=\"margin-bottom: 12px;\">L\u00edder en Servicios de Traducci\u00f3n de Espa\u00f1ol<\/h1>Con m\u00e1s de 10,000 clientes satisfechos en todo el mundo y m\u00e1s de 20 a\u00f1os de experiencia en traducci\u00f3n al espa\u00f1ol, Trusted Translations es una autoridad con reconocimiento internacional en el campo de servicios de traducci\u00f3n al espa\u00f1ol.<div style=\"margin-top: 2.5vw;\"><a class=\"tt-btn-main-cta\" href=\"\/es\/presupuesto-sin-cargo\">SOLICITE UN PRESUPUESTO SIN CARGO<\/a><\/div>"},"text-1":{"type":"textarea","raw":"<h2>Lideramos la Industria en Traducci\u00f3n al Espa\u00f1ol de Alta Calidad a Precios Competitivos<\/h2><p><em>Trusted Translations<\/em> es la empresa de traducci\u00f3n de espa\u00f1ol l\u00edder en el sector. Tenemos recursos especializados en el personal interno, adem\u00e1s de contratados, lo que garantiza la calidad de cada traducci\u00f3n al espa\u00f1ol y brinda los precios m\u00e1s competitivos. Con oficinas en Estados Unidos, Latinoam\u00e9rica y Europa, nuestro equipo est\u00e1 dise\u00f1ado para poder satisfacer las necesidades de pr\u00e1cticamente cualquier cliente, sin importar el tama\u00f1o o la complejidad del proyecto.<\/p><h2 style=\"margin-bottom:20px\">Servicio de Traducci\u00f3n del Ingl\u00e9s al Espa\u00f1ol<\/h2><p>Como nos especializamos en <a href=\"https:\/\/www.trustedtranslations.com\/es\/idiomas\/espanol\/ingles-al-espanol\" target=\"_blank\" rel=\"noopener\">traducciones del ingl\u00e9s al espa\u00f1ol<\/a>, contamos con m\u00e1s de 10,000 ling\u00fcistas contratados, bien evaluados y certificados en este par de idiomas para atender a nuestros clientes. Adem\u00e1s de ser ling\u00fcistas habilidosos, tambi\u00e9n son expertos en la industria, y muchos de ellos tienen t\u00edtulos de posgrado en la materia que traducen. Eso les brinda el conocimiento especializado necesario para traducir sus proyectos con rapidez y precisi\u00f3n.<\/p><p>Proporcionamos traducciones del ingl\u00e9s al espa\u00f1ol a algunas de las principales empresas y organizaciones del mundo, como Coca-Cola, IBM, Naciones Unidas, NASA y miles m\u00e1s. El amplio rango de nuestras \u00e1reas de <a href=\"https:\/\/www.trustedtranslations.com\/es\/industrias\" target=\"_blank\" rel=\"noopener\">experiencia en la industria<\/a> incluyen: publicidad, blockchain, negocios, defensa, e-learning, entretenimiento, finanzas, gobierno, leyes, fabricaci\u00f3n, atenci\u00f3n m\u00e9dica, marketing, medios, software, tecnolog\u00eda, manuales de usuario y muchas m\u00e1s.<\/p><h2 style=\"margin-bottom:20px\">Experiencia Comprobada en Traducci\u00f3n al Espa\u00f1ol<\/h2><p>Varias cualidades adicionales diferencian a <em>Trusted Translations<\/em> del resto. Por ejemplo, tenemos abogados biling\u00fces como parte de nuestro personal\u00a0 (ingl\u00e9s-espa\u00f1ol), con licencia en Estados Unidos, que se aseguran de que cada documento que traducimos cumpla los est\u00e1ndares legales correctos. Tambi\u00e9n pueden proporcionar certificaciones legales notariadas que demuestren la precisi\u00f3n de nuestras traducciones. Adem\u00e1s, contamos con m\u00e9dicos biling\u00fces,\u00a0que ofrecen a\u00f1os de experiencia en contenido m\u00e9dico y relacionado con la atenci\u00f3n de la salud. Nuestro compromiso con la experiencia en el contenido traducido nos permite entregar traducciones a tiempo, con una calidad excepcional y a los precios m\u00e1s competitivos del sector.<\/p><p>Adem\u00e1s, <em>Trusted Translations<\/em> cuenta con m\u00e1s de 25 a\u00f1os de experiencia ling\u00fc\u00edstica en el mercado hispano, lo que nos ha valido <a href=\"https:\/\/www.trustedtranslations.com\/es\/acerca-de-nosotros\/certificaciones\" target=\"_blank\" rel=\"noopener\">numerosos premios y certificaciones<\/a> a lo largo de nuestra trayectoria. Esta amplia experiencia de primera mano nos permite ofrecer mucho m\u00e1s que simples servicios de traducci\u00f3n. Seg\u00fan las necesidades del cliente, nuestro equipo tambi\u00e9n brindar\u00e1 orientaci\u00f3n invaluable y opiniones sobre tendencias de mercado, localizaci\u00f3n, optimizaci\u00f3n web y m\u00e1s.<\/p>"},"shortcode-map":{"type":"textfield","raw":""},"dyk-shortcode":{"type":"textfield","raw":"[elementor-template id=\"139368\"]"},"text-2":{"type":"textarea","raw":"<h2 style=\"margin-bottom:20px\">Empresa Integral de Traducci\u00f3n de Espa\u00f1ol<\/h2>\r\n<em>Trusted Translations<\/em> es \u00fanica por la naturaleza integral y la amplitud de nuestros servicios. Ofrecemos traducciones al espa\u00f1ol de todo tipo de documentos, de todos los formatos y longitudes. Tambi\u00e9n brindamos una amplia variedad de servicios de valor agregado que se adaptan a sus necesidades espec\u00edficas, como posproducci\u00f3n, dise\u00f1o gr\u00e1fico, marketing en l\u00ednea en espa\u00f1ol; optimizaci\u00f3n web y m\u00e1s.\r\n\r\nLos siguientes son algunos de los servicios profesionales de idioma espa\u00f1ol que brindamos en forma habitual:\r\n<div class=\"elearning-container\">\r\n    <div>\r\n        <i class=\"fa fa-universal-access\" aria-hidden=\"true\"><\/i>\r\n        <h4 style=\"text-align: center\">Pautas de accesibilidad<\/h4>\r\n    <\/div>\r\n    <div>\r\n        <i class=\"fa fa-mobile\" aria-hidden=\"true\"><\/i>\r\n        <h4 style=\"text-align: center\">Localizaci\u00f3n de aplicaciones<\/h4>\r\n    <\/div>\r\n    <div>\r\n        <i class=\"fa fa-sign-language\" aria-hidden=\"true\"><\/i>\r\n        <h4 style=\"text-align: center\">ASL (lengua de se\u00f1as)<\/h4>\r\n    <\/div>\r\n    <div>\r\n        <i class=\"fa fa-check\" aria-hidden=\"true\"><\/i>\r\n        <h4 style=\"text-align: center\">Traducci\u00f3n jurada<\/h4>\r\n    <\/div>\r\n    <div>\r\n        <i class=\"fa fa-desktop\" aria-hidden=\"true\"><\/i>\r\n        <h4 style=\"text-align: center\">Dise\u00f1o gr\u00e1fico<\/h4>\r\n    <\/div>\r\n    <div>\r\n        <i class=\"fa fa-pencil-square-o\" aria-hidden=\"true\"><\/i>\r\n        <h4 style=\"text-align: center\">Edici\u00f3n y correcci\u00f3n<\/h4>\r\n    <\/div>\r\n<\/div>\r\n\r\n<div class=\"elearning-container\">\r\n    <div>\r\n        <i class=\"fa fa-file-pdf-o\" aria-hidden=\"true\"><\/i>\r\n        <h4 style=\"text-align: center\">Formatos de archivo<\/h4>\r\n    <\/div>\r\n    <div>\r\n        <i class=\"fa fa-globe\" aria-hidden=\"true\"><\/i>\r\n        <h4 style=\"text-align: center\">Globalizaci\u00f3n<\/h4>\r\n    <\/div>\r\n    <div>\r\n        <i class=\"fa fa-users\" aria-hidden=\"true\"><\/i>\r\n        <h4 style=\"text-align: center\">Traducci\u00f3n humana<\/h4>\r\n    <\/div>\r\n    <div>\r\n        <i class=\"fa fa-file-text\" aria-hidden=\"true\"><\/i>\r\n        <h4 style=\"text-align: center\">Interpretaci\u00f3n<\/h4>\r\n    <\/div>\r\n    <div>\r\n        <i class=\"fa fa-location-arrow\" aria-hidden=\"true\"><\/i>\r\n        <h4 style=\"text-align: center\">Localizaci\u00f3n<\/h4>\r\n    <\/div>\r\n    <div>\r\n        <i class=\"fa fa-wrench\" aria-hidden=\"true\"><\/i>\r\n        <h4 style=\"text-align: center\">Traducci\u00f3n autom\u00e1tica<\/h4>\r\n    <\/div>\r\n<\/div>\r\n\r\n<div class=\"elearning-container\">\r\n    <div>\r\n        <i class=\"fa fa-file-o\" aria-hidden=\"true\"><\/i>\r\n        <h4 style=\"text-align: center\">Servicios multimedia<\/h4>\r\n    <\/div>\r\n    <div>\r\n        <i class=\"fa fa-bullhorn\" aria-hidden=\"true\"><\/i>\r\n        <h4 style=\"text-align: center\">Marketing online<\/h4>\r\n    <\/div>\r\n    <div>\r\n        <i class=\"fa fa-volume-control-phone\" aria-hidden=\"true\"><\/i>\r\n        <h4 style=\"text-align: center\">Interpretaci\u00f3n telef\u00f3nica<\/h4>\r\n    <\/div>\r\n    <div>\r\n        <i class=\"fa fa-user-plus\" aria-hidden=\"true\"><\/i>\r\n        <h4 style=\"text-align: center\">Transcreaci\u00f3n<\/h4>\r\n    <\/div>\r\n    <div>\r\n        <i class=\"fa fa-pencil\" aria-hidden=\"true\"><\/i>\r\n        <h4 style=\"text-align: center\">Transcripci\u00f3n<\/h4>\r\n    <\/div>\r\n    <div>\r\n        <i class=\"fa fa-check-square-o\" aria-hidden=\"true\"><\/i>\r\n        <h4 style=\"text-align: center\">Calidad de la traducci\u00f3n<\/h4>\r\n    <\/div>\r\n<\/div>"},"state":{"type":"textfield","raw":""},"city":{"type":"textarea","raw":[""]}}},"_links":{"self":[{"href":"https:\/\/www.trustedtranslations.com\/es\/wp-json\/wp\/v2\/pages\/181366","targetHints":{"allow":["GET"]}}],"collection":[{"href":"https:\/\/www.trustedtranslations.com\/es\/wp-json\/wp\/v2\/pages"}],"about":[{"href":"https:\/\/www.trustedtranslations.com\/es\/wp-json\/wp\/v2\/types\/page"}],"author":[{"embeddable":true,"href":"https:\/\/www.trustedtranslations.com\/es\/wp-json\/wp\/v2\/users\/1"}],"replies":[{"embeddable":true,"href":"https:\/\/www.trustedtranslations.com\/es\/wp-json\/wp\/v2\/comments?post=181366"}],"version-history":[{"count":0,"href":"https:\/\/www.trustedtranslations.com\/es\/wp-json\/wp\/v2\/pages\/181366\/revisions"}],"up":[{"embeddable":true,"href":"https:\/\/www.trustedtranslations.com\/es\/wp-json\/wp\/v2\/pages\/127062"}],"wp:featuredmedia":[{"embeddable":true,"href":"https:\/\/www.trustedtranslations.com\/es\/wp-json\/wp\/v2\/media\/160117"}],"wp:attachment":[{"href":"https:\/\/www.trustedtranslations.com\/es\/wp-json\/wp\/v2\/media?parent=181366"}],"curies":[{"name":"wp","href":"https:\/\/api.w.org\/{rel}","templated":true}]}}