{"id":181562,"date":"2023-02-01T17:40:54","date_gmt":"2023-02-01T20:40:54","guid":{"rendered":"https:\/\/www.trustedtranslations.com\/?page_id=181562"},"modified":"2024-09-03T17:12:23","modified_gmt":"2024-09-03T20:12:23","slug":"deportes","status":"publish","type":"page","link":"https:\/\/www.trustedtranslations.com\/es\/industrias\/deportes","title":{"rendered":"Deportes"},"content":{"rendered":"","protected":false},"excerpt":{"rendered":"","protected":false},"author":1,"featured_media":160117,"parent":127109,"menu_order":0,"comment_status":"closed","ping_status":"closed","template":"","meta":{"site-sidebar-layout":"default","site-content-layout":"default","ast-site-content-layout":"default","site-content-style":"default","site-sidebar-style":"default","ast-global-header-display":"","ast-banner-title-visibility":"","ast-main-header-display":"","ast-hfb-above-header-display":"","ast-hfb-below-header-display":"","ast-hfb-mobile-header-display":"","site-post-title":"disabled","ast-breadcrumbs-content":"","ast-featured-img":"","footer-sml-layout":"","ast-disable-related-posts":"","theme-transparent-header-meta":"default","adv-header-id-meta":"","stick-header-meta":"","header-above-stick-meta":"","header-main-stick-meta":"","header-below-stick-meta":"","astra-migrate-meta-layouts":"set","ast-page-background-enabled":"default","ast-page-background-meta":{"desktop":{"background-color":"var(--ast-global-color-4)","background-image":"","background-repeat":"repeat","background-position":"center center","background-size":"auto","background-attachment":"scroll","background-type":"","background-media":"","overlay-type":"","overlay-color":"","overlay-opacity":"","overlay-gradient":""},"tablet":{"background-color":"","background-image":"","background-repeat":"repeat","background-position":"center center","background-size":"auto","background-attachment":"scroll","background-type":"","background-media":"","overlay-type":"","overlay-color":"","overlay-opacity":"","overlay-gradient":""},"mobile":{"background-color":"","background-image":"","background-repeat":"repeat","background-position":"center center","background-size":"auto","background-attachment":"scroll","background-type":"","background-media":"","overlay-type":"","overlay-color":"","overlay-opacity":"","overlay-gradient":""}},"ast-content-background-meta":{"desktop":{"background-color":"var(--ast-global-color-5)","background-image":"","background-repeat":"repeat","background-position":"center center","background-size":"auto","background-attachment":"scroll","background-type":"","background-media":"","overlay-type":"","overlay-color":"","overlay-opacity":"","overlay-gradient":""},"tablet":{"background-color":"var(--ast-global-color-5)","background-image":"","background-repeat":"repeat","background-position":"center center","background-size":"auto","background-attachment":"scroll","background-type":"","background-media":"","overlay-type":"","overlay-color":"","overlay-opacity":"","overlay-gradient":""},"mobile":{"background-color":"var(--ast-global-color-5)","background-image":"","background-repeat":"repeat","background-position":"center center","background-size":"auto","background-attachment":"scroll","background-type":"","background-media":"","overlay-type":"","overlay-color":"","overlay-opacity":"","overlay-gradient":""}},"footnotes":""},"class_list":["post-181562","page","type-page","status-publish","has-post-thumbnail","hentry"],"yoast_head":"<!-- This site is optimized with the Yoast SEO plugin v27.3 - https:\/\/yoast.com\/product\/yoast-seo-wordpress\/ -->\n<title>Traducci\u00f3n Deportiva<\/title>\n<meta name=\"description\" content=\"Trusted Translations entiende la industria del deporte. Proporcionamos traducciones especializadas en deporte a la medida de sus proyectos.\" \/>\n<meta name=\"robots\" content=\"index, follow, max-snippet:-1, max-image-preview:large, max-video-preview:-1\" \/>\n<link rel=\"canonical\" href=\"https:\/\/www.trustedtranslations.com\/es\/industrias\/deportes\" \/>\n<meta property=\"og:locale\" content=\"es_ES\" \/>\n<meta property=\"og:type\" content=\"article\" \/>\n<meta property=\"og:title\" content=\"Traducci\u00f3n Deportiva\" \/>\n<meta property=\"og:description\" content=\"Trusted Translations entiende la industria del deporte. Proporcionamos traducciones especializadas en deporte a la medida de sus proyectos.\" \/>\n<meta property=\"og:url\" content=\"https:\/\/www.trustedtranslations.com\/es\/industrias\/deportes\" \/>\n<meta property=\"og:site_name\" content=\"Trusted Translations\" \/>\n<meta property=\"article:publisher\" content=\"https:\/\/www.facebook.com\/Trusted.Translations\" \/>\n<meta property=\"article:modified_time\" content=\"2024-09-03T20:12:23+00:00\" \/>\n<meta property=\"og:image\" content=\"https:\/\/static.trustedtranslations.com\/wp-content\/uploads\/2022\/08\/TT_NEW_FB-1.png\" \/>\n\t<meta property=\"og:image:width\" content=\"1\" \/>\n\t<meta property=\"og:image:height\" content=\"1\" \/>\n\t<meta property=\"og:image:type\" content=\"image\/jpeg\" \/>\n<meta name=\"twitter:card\" content=\"summary_large_image\" \/>\n<meta name=\"twitter:site\" content=\"@TrustedT9ns\" \/>\n<script type=\"application\/ld+json\" class=\"yoast-schema-graph\">{\"@context\":\"https:\\\/\\\/schema.org\",\"@graph\":[{\"@type\":\"WebPage\",\"@id\":\"https:\\\/\\\/www.trustedtranslations.com\\\/es\\\/industrias\\\/deportes\",\"url\":\"https:\\\/\\\/www.trustedtranslations.com\\\/es\\\/industrias\\\/deportes\",\"name\":\"Traducci\u00f3n Deportiva\",\"isPartOf\":{\"@id\":\"https:\\\/\\\/www.trustedtranslations.com\\\/es\\\/#website\"},\"primaryImageOfPage\":{\"@id\":\"https:\\\/\\\/www.trustedtranslations.com\\\/es\\\/industrias\\\/deportes#primaryimage\"},\"image\":{\"@id\":\"https:\\\/\\\/www.trustedtranslations.com\\\/es\\\/industrias\\\/deportes#primaryimage\"},\"thumbnailUrl\":\"https:\\\/\\\/www.trustedtranslations.com\\\/wp-content\\\/uploads\\\/2022\\\/08\\\/TT_NEW_FB-1.png\",\"description\":\"Trusted Translations entiende la industria del deporte. Proporcionamos traducciones especializadas en deporte a la medida de sus proyectos.\",\"breadcrumb\":{\"@id\":\"https:\\\/\\\/www.trustedtranslations.com\\\/es\\\/industrias\\\/deportes#breadcrumb\"},\"inLanguage\":\"es\",\"potentialAction\":[{\"@type\":\"ReadAction\",\"target\":[\"https:\\\/\\\/www.trustedtranslations.com\\\/es\\\/industrias\\\/deportes\"]}]},{\"@type\":\"ImageObject\",\"inLanguage\":\"es\",\"@id\":\"https:\\\/\\\/www.trustedtranslations.com\\\/es\\\/industrias\\\/deportes#primaryimage\",\"url\":\"https:\\\/\\\/www.trustedtranslations.com\\\/wp-content\\\/uploads\\\/2022\\\/08\\\/TT_NEW_FB-1.png\",\"contentUrl\":\"https:\\\/\\\/www.trustedtranslations.com\\\/wp-content\\\/uploads\\\/2022\\\/08\\\/TT_NEW_FB-1.png\",\"caption\":\"TT NEW FB 1\"},{\"@type\":\"BreadcrumbList\",\"@id\":\"https:\\\/\\\/www.trustedtranslations.com\\\/es\\\/industrias\\\/deportes#breadcrumb\",\"itemListElement\":[{\"@type\":\"ListItem\",\"position\":1,\"name\":\"Home\",\"item\":\"https:\\\/\\\/www.trustedtranslations.com\\\/es\"},{\"@type\":\"ListItem\",\"position\":2,\"name\":\"Industrias\",\"item\":\"https:\\\/\\\/www.trustedtranslations.com\\\/es\\\/industrias\"},{\"@type\":\"ListItem\",\"position\":3,\"name\":\"Deportes\"}]},{\"@type\":\"WebSite\",\"@id\":\"https:\\\/\\\/www.trustedtranslations.com\\\/es\\\/#website\",\"url\":\"https:\\\/\\\/www.trustedtranslations.com\\\/es\\\/\",\"name\":\"Trusted Translations, Inc.\",\"description\":\"Leader in translation and interpretation services.\",\"publisher\":{\"@id\":\"https:\\\/\\\/www.trustedtranslations.com\\\/es\\\/#organization\"},\"alternateName\":\"Trusted Translations\",\"potentialAction\":[{\"@type\":\"SearchAction\",\"target\":{\"@type\":\"EntryPoint\",\"urlTemplate\":\"https:\\\/\\\/www.trustedtranslations.com\\\/es\\\/?s={search_term_string}\"},\"query-input\":{\"@type\":\"PropertyValueSpecification\",\"valueRequired\":true,\"valueName\":\"search_term_string\"}}],\"inLanguage\":\"es\"},{\"@type\":\"Organization\",\"@id\":\"https:\\\/\\\/www.trustedtranslations.com\\\/es\\\/#organization\",\"name\":\"Trusted Translations\",\"alternateName\":\"Trusted Translations, Inc.\",\"url\":\"https:\\\/\\\/www.trustedtranslations.com\\\/es\\\/\",\"logo\":{\"@type\":\"ImageObject\",\"inLanguage\":\"es\",\"@id\":\"https:\\\/\\\/www.trustedtranslations.com\\\/es\\\/#\\\/schema\\\/logo\\\/image\\\/\",\"url\":\"https:\\\/\\\/static.trustedtranslations.com\\\/wp-content\\\/uploads\\\/2022\\\/01\\\/TT_logo_WSIColors-2.png\",\"contentUrl\":\"https:\\\/\\\/static.trustedtranslations.com\\\/wp-content\\\/uploads\\\/2022\\\/01\\\/TT_logo_WSIColors-2.png\",\"width\":500,\"height\":196,\"caption\":\"Trusted Translations\"},\"image\":{\"@id\":\"https:\\\/\\\/www.trustedtranslations.com\\\/es\\\/#\\\/schema\\\/logo\\\/image\\\/\"},\"sameAs\":[\"https:\\\/\\\/www.facebook.com\\\/Trusted.Translations\",\"https:\\\/\\\/x.com\\\/TrustedT9ns\",\"https:\\\/\\\/www.linkedin.com\\\/company\\\/trusted-translations\"]}]}<\/script>\n<!-- \/ Yoast SEO plugin. -->","yoast_head_json":{"title":"Traducci\u00f3n Deportiva","description":"Trusted Translations entiende la industria del deporte. Proporcionamos traducciones especializadas en deporte a la medida de sus proyectos.","robots":{"index":"index","follow":"follow","max-snippet":"max-snippet:-1","max-image-preview":"max-image-preview:large","max-video-preview":"max-video-preview:-1"},"canonical":"https:\/\/www.trustedtranslations.com\/es\/industrias\/deportes","og_locale":"es_ES","og_type":"article","og_title":"Traducci\u00f3n Deportiva","og_description":"Trusted Translations entiende la industria del deporte. Proporcionamos traducciones especializadas en deporte a la medida de sus proyectos.","og_url":"https:\/\/www.trustedtranslations.com\/es\/industrias\/deportes","og_site_name":"Trusted Translations","article_publisher":"https:\/\/www.facebook.com\/Trusted.Translations","article_modified_time":"2024-09-03T20:12:23+00:00","og_image":[{"url":"https:\/\/static.trustedtranslations.com\/wp-content\/uploads\/2022\/08\/TT_NEW_FB-1.png","width":1,"height":1,"type":"image\/jpeg"}],"twitter_card":"summary_large_image","twitter_site":"@TrustedT9ns","schema":{"@context":"https:\/\/schema.org","@graph":[{"@type":"WebPage","@id":"https:\/\/www.trustedtranslations.com\/es\/industrias\/deportes","url":"https:\/\/www.trustedtranslations.com\/es\/industrias\/deportes","name":"Traducci\u00f3n Deportiva","isPartOf":{"@id":"https:\/\/www.trustedtranslations.com\/es\/#website"},"primaryImageOfPage":{"@id":"https:\/\/www.trustedtranslations.com\/es\/industrias\/deportes#primaryimage"},"image":{"@id":"https:\/\/www.trustedtranslations.com\/es\/industrias\/deportes#primaryimage"},"thumbnailUrl":"https:\/\/www.trustedtranslations.com\/wp-content\/uploads\/2022\/08\/TT_NEW_FB-1.png","description":"Trusted Translations entiende la industria del deporte. Proporcionamos traducciones especializadas en deporte a la medida de sus proyectos.","breadcrumb":{"@id":"https:\/\/www.trustedtranslations.com\/es\/industrias\/deportes#breadcrumb"},"inLanguage":"es","potentialAction":[{"@type":"ReadAction","target":["https:\/\/www.trustedtranslations.com\/es\/industrias\/deportes"]}]},{"@type":"ImageObject","inLanguage":"es","@id":"https:\/\/www.trustedtranslations.com\/es\/industrias\/deportes#primaryimage","url":"https:\/\/www.trustedtranslations.com\/wp-content\/uploads\/2022\/08\/TT_NEW_FB-1.png","contentUrl":"https:\/\/www.trustedtranslations.com\/wp-content\/uploads\/2022\/08\/TT_NEW_FB-1.png","caption":"TT NEW FB 1"},{"@type":"BreadcrumbList","@id":"https:\/\/www.trustedtranslations.com\/es\/industrias\/deportes#breadcrumb","itemListElement":[{"@type":"ListItem","position":1,"name":"Home","item":"https:\/\/www.trustedtranslations.com\/es"},{"@type":"ListItem","position":2,"name":"Industrias","item":"https:\/\/www.trustedtranslations.com\/es\/industrias"},{"@type":"ListItem","position":3,"name":"Deportes"}]},{"@type":"WebSite","@id":"https:\/\/www.trustedtranslations.com\/es\/#website","url":"https:\/\/www.trustedtranslations.com\/es\/","name":"Trusted Translations, Inc.","description":"Leader in translation and interpretation services.","publisher":{"@id":"https:\/\/www.trustedtranslations.com\/es\/#organization"},"alternateName":"Trusted Translations","potentialAction":[{"@type":"SearchAction","target":{"@type":"EntryPoint","urlTemplate":"https:\/\/www.trustedtranslations.com\/es\/?s={search_term_string}"},"query-input":{"@type":"PropertyValueSpecification","valueRequired":true,"valueName":"search_term_string"}}],"inLanguage":"es"},{"@type":"Organization","@id":"https:\/\/www.trustedtranslations.com\/es\/#organization","name":"Trusted Translations","alternateName":"Trusted Translations, Inc.","url":"https:\/\/www.trustedtranslations.com\/es\/","logo":{"@type":"ImageObject","inLanguage":"es","@id":"https:\/\/www.trustedtranslations.com\/es\/#\/schema\/logo\/image\/","url":"https:\/\/static.trustedtranslations.com\/wp-content\/uploads\/2022\/01\/TT_logo_WSIColors-2.png","contentUrl":"https:\/\/static.trustedtranslations.com\/wp-content\/uploads\/2022\/01\/TT_logo_WSIColors-2.png","width":500,"height":196,"caption":"Trusted Translations"},"image":{"@id":"https:\/\/www.trustedtranslations.com\/es\/#\/schema\/logo\/image\/"},"sameAs":["https:\/\/www.facebook.com\/Trusted.Translations","https:\/\/x.com\/TrustedT9ns","https:\/\/www.linkedin.com\/company\/trusted-translations"]}]}},"toolset-meta":{"dyk":{"mensaje-1":{"type":"textfield","raw":"Traducimos para empresas Fortune 500 a un precio entre un 25% y un 50% por debajo del precio de mercado."},"mensaje-2":{"type":"textfield","raw":"Lloyd\u2019s of London respalda cada una de nuestras traducciones."},"mensaje-3":{"type":"textfield","raw":"Trusted Translations apadrina con orgullo al St. Jude Children\u2019s Research Hospital."},"mensaje-4":{"type":"textfield","raw":"Se nos ha nombrado una de las \u201cMejores 500 Empresas Hispano-Estadounidenses\u201d de Estados\u00a0Unidos."},"mensaje-5":{"type":"textfield","raw":""},"mensaje-6":{"type":"textfield","raw":""}},"single-page-template-fields":{"imgs-temp":{"type":"image","raw":["https:\/\/static.trustedtranslations.com\/wp-content\/uploads\/2024\/06\/sports-1.webp"],"repeatable":[{"raw":"https:\/\/static.trustedtranslations.com\/wp-content\/uploads\/2024\/06\/sports-1.webp"}]},"imgs-temp-cel":{"type":"image","raw":[""],"repeatable":[{"raw":""}]},"img-temp-one-cel":{"type":"image","raw":"https:\/\/static.trustedtranslations.com\/wp-content\/uploads\/2024\/06\/sports-2.webp","attachment_id":null},"quotes":{"type":"textarea","raw":"<h1 style=\"margin-bottom: 12px;\">Servicios de Traducci\u00f3n Deportiva<\/h1>Ya sea como fan\u00e1tico del f\u00fatbol americano o espectador casual de los Juegos Ol\u00edmpicos, la naturaleza cada vez m\u00e1s internacional de los deportes conlleva una necesidad cr\u00edtica de traducci\u00f3n deportiva de alta calidad. Traducciones dentro del rubro de deporte, como traducci\u00f3n y subtitulado de documentos, o contenido que llega a millones de fan\u00e1ticos en todo el mundo: Trusted Translations brinda servicios de traducci\u00f3n deportiva especializada que se ajusta a sus proyectos.<div style=\"margin-top: 2.5vw;\"><a class=\"tt-btn-main-cta\" href=\"\/es\/presupuesto-sin-cargo\">SOLICITE UN PRESUPUESTO SIN CARGO<\/a><\/div>"},"text-1":{"type":"textarea","raw":"<h2 style=\"margin-bottom: 20px\">Proveedor Experimentado de Traducci\u00f3n Deportiva para los Mejores Jugadores<\/h2>\r\nLa naturaleza complicada y en constante cambio de la terminolog\u00eda deportiva requiere traductores especializados con un profundo conocimiento del sector. Con m\u00e1s de 20 a\u00f1os de experiencia comprobada en traducci\u00f3n e interpretaci\u00f3n, <em>Trusted Translations<\/em> ha sido socio de importantes organizaciones y redes de transmisi\u00f3n relacionadas con el deporte, adem\u00e1s de empresas multinacionales, incluida la compa\u00f1\u00eda de indumentaria deportiva m\u00e1s grande del mundo, Nike, y atletas del mayor nivel de todos los tiempos, como Neymar Jr. En 2017, <a href=\"https:\/\/www.trustedtranslations.com\/blog\/nike-trusted-translations-neymar\">Nike nos contrat\u00f3 para proporcionar servicios de interpretaci\u00f3n a Neymar Jr.<\/a> mientras estaba en Los \u00c1ngeles en una actuaci\u00f3n magistral promocional, que incluy\u00f3 una aparici\u00f3n en el programa <em>Jimmy Kimmel Live!<\/em> Tambi\u00e9n hemos proporcionado servicios de traducci\u00f3n deportiva de alta calidad a: FIFA, los Globetrotters, los Houston Rockets, los Texas Rangers y los Anaheim Ducks, por nombrar a algunos.\r\n\r\nPara la traducci\u00f3n deportiva, tambi\u00e9n se requiere una cuidadosa atenci\u00f3n al cumplimiento de la seguridad, los est\u00e1ndares internacionales de calidad y la confidencialidad. <em>Trusted Translations<\/em> cumple y supera los est\u00e1ndares de calidad ISO en servicios de traducci\u00f3n e interpretaci\u00f3n, y nuestros profesionales especializados est\u00e1n bien versados en mantener la confidencialidad y seguridad de todos los materiales.\r\n<h2 style=\"margin-bottom: 20px\">Alrededor del Mundo<\/h2>\r\nSe ha dicho alguna vez que los deportes son un verdadero \u201clenguaje universal\u201d, que une a personas de todas las edades, or\u00edgenes y fronteras. Sin embargo, se necesita gran cantidad de soporte ling\u00fc\u00edstico para hacer que este idioma universal llegue a p\u00fablicos multiling\u00fces en todo el mundo. Tomemos como ejemplo los Juegos Ol\u00edmpicos de Tokio 2021, en los que hubo 100 int\u00e9rpretes de primer nivel para ofrecer contenido en m\u00e1s de 11 idiomas.\r\n\r\nA medida que los eventos deportivos contin\u00faan su expansi\u00f3n a nuevos mercados de todo el mundo, son esenciales las traducciones deportivas de alta calidad para ayudar a su organizaci\u00f3n a triunfar en esta floreciente industria global."},"shortcode-map":{"type":"textfield","raw":""},"dyk-shortcode":{"type":"textfield","raw":"[elementor-template id=\"139368\"]"},"text-2":{"type":"textarea","raw":"<h2 style=\"margin-bottom: 20px\">Beneficios de Traducciones Deportivas de Mayor Calidad<\/h2>\r\nCuando se trata de obtener ganancias, la industria del deporte es campeona. Seg\u00fan un informe reciente, se espera que el mercado mundial de deportes crezca en valor a casi $600,000 millones (USD) para 2025.\r\n\r\nPor ello, la traducci\u00f3n es m\u00e1s crucial que nunca para las organizaciones deportivas globales que buscan aumentar su p\u00fablico de entretenimiento y transmisi\u00f3n. Por ejemplo, FIFA+, una plataforma digital que brinda acceso a m\u00e1s de 40,000 juegos de f\u00fatbol en vivo de todo el mundo, ha invertido en contenido localizado en diez idiomas, incluidos ingl\u00e9s, franc\u00e9s, espa\u00f1ol, alem\u00e1n, portugu\u00e9s, indonesio, italiano, japon\u00e9s, coreano y \u00e1rabe.\r\n\r\nLos servicios de traducci\u00f3n deportiva tambi\u00e9n se han vuelto cada vez m\u00e1s importantes para las ligas de deportes profesionales. Por ejemplo, en 2016, en la Liga Mayor de B\u00e9isbol (MLB) exigieron que cada equipo contratara a un int\u00e9rprete profesional de espa\u00f1ol a ingl\u00e9s para apoyar a los jugadores de la liga, de los cuales casi el 30% son de Latinoam\u00e9rica. A medida que m\u00e1s y m\u00e1s jugadores hacen viajes internacionales para practicar deportes profesionales, las empresas tienen una oportunidad importante de llegar a nuevos p\u00fablicos que hablan otros idiomas.\r\n\r\nAl mismo tiempo, para hacer negocios en un sector tan especializado se requiere una traducci\u00f3n cuidadosa a fin de asegurarse de que su marca, productos, t\u00e9rminos t\u00e9cnicos y documentaci\u00f3n sean correctos en diferentes idiomas.\r\n<h2 style=\"margin-bottom: 20px\">Tipos de Traducci\u00f3n Deportiva<\/h2>\r\nDada la variedad de sectores dentro de la industria deportiva m\u00e1s grande, hay muchos tipos diferentes de servicios de traducci\u00f3n deportiva que puede explorar para satisfacer sus necesidades.\r\n<h3>Traducci\u00f3n de Documentos<\/h3>\r\nLa documentaci\u00f3n traducida con precisi\u00f3n es una prioridad m\u00e1xima, tanto para proteger la integridad de su marca como para expandir su p\u00fablico. Ya sea que necesite traducir acuerdos de auspiciantes, derechos de transmisi\u00f3n, contratos de jugadores, memorandos de relaciones p\u00fablicas, manuales de equipamiento, material legal local u otros tipos de escritos importantes, <em>Trusted Translations<\/em> ofrece un riguroso proceso de traducci\u00f3n de documentos deportivos, que proporciona precisi\u00f3n, adem\u00e1s de tiempos de entrega r\u00e1pidos y rentabilidad.\r\n<h3>Subtitulado<\/h3>\r\nHay dos tipos generales de subtitulado deportivo: en vivo y as\u00edncrono. Para subtitular un evento deportivo en vivo, se requiere una atenci\u00f3n excepcional a los detalles y una amplia pericia en el tema. Los \u201csubtituladores\u201d deben cambiar con rapidez entre eventos con el relato de cada jugada, comentarios incidentales y estad\u00edsticas. Subtitular una jugada repetida, aunque con menos presi\u00f3n de tiempo, demanda un conocimiento profundo de la jerga deportiva, los reglamentos y los requisitos internacionales de subtitulado. Por lo tanto, es mejor trabajar con traductores que ya tengan gran <a href=\"https:\/\/www.trustedtranslations.com\/es\/servicios\/humano\/multimedia\">experiencia con el subtitulado<\/a>.\r\n<h3>Redes Sociales y Publicidad<\/h3>\r\nLa publicidad es una parte enorme de la industria del deporte: solo considere c\u00f3mo las principales marcas compiten para captar espacios de comerciales en horario central durante eventos como el Supertaz\u00f3n o la Copa Mundial de la FIFA. Los equipos deportivos, las ligas profesionales y las empresas de deportes tambi\u00e9n han aumentado en forma significativa el uso de las redes sociales para atraer a generaciones m\u00e1s j\u00f3venes y conocedoras de internet. En folletos, anuncios, publicaciones en redes sociales y otras formas de contenido de marketing, se necesita una traducci\u00f3n que adapte el mensaje para atraer a diferentes audiencias.\r\n<h3>eLearning de Deportes<\/h3>\r\nCada vez m\u00e1s organizaciones deportivas utilizan <a href=\"https:\/\/www.trustedtranslations.com\/es\/industrias\/elearning-y-localizacion\">plataformas de eLearning<\/a> para proporcionar capacitaciones en video, entrenamiento remoto y comentarios a jugadores en deportes tan variados como gimnasia, b\u00e1squet o tenis. Las empresas tambi\u00e9n han desarrollado cursos de capacitaci\u00f3n de eLearning para entrenadores, capacitadores, analistas deportivos y otros roles especializados dentro de la industria. Una traducci\u00f3n deportiva de calidad garantiza que estos cursos comuniquen sus lecciones con eficacia a una base global de jugadores y empleados.\r\n<h3>Productos Deportivos y Mercadotecnia<\/h3>\r\nInnumerables l\u00edneas de productos f\u00edsicos, tanto para seguidores como para jugadores, llenan tiendas de todo el mundo. La mercader\u00eda viene con un empaque y una marca que deben traducirse y localizarse en forma correcta para varios mercados. Adem\u00e1s, cuando se trata de equipamiento de gimnasia e indumentaria deportiva, la traducci\u00f3n precisa de manuales de seguridad e instrucciones no solo es importante sino que potencialmente salva vidas.\r\n\r\nPara saber m\u00e1s sobre c\u00f3mo <em>Trusted Translations<\/em> puede proporcionar soluciones rentables para sus necesidades de traducci\u00f3n deportiva, comun\u00edquese con nosotros hoy mismo."},"state":{"type":"textfield","raw":""},"city":{"type":"textarea","raw":[]}}},"_links":{"self":[{"href":"https:\/\/www.trustedtranslations.com\/es\/wp-json\/wp\/v2\/pages\/181562","targetHints":{"allow":["GET"]}}],"collection":[{"href":"https:\/\/www.trustedtranslations.com\/es\/wp-json\/wp\/v2\/pages"}],"about":[{"href":"https:\/\/www.trustedtranslations.com\/es\/wp-json\/wp\/v2\/types\/page"}],"author":[{"embeddable":true,"href":"https:\/\/www.trustedtranslations.com\/es\/wp-json\/wp\/v2\/users\/1"}],"replies":[{"embeddable":true,"href":"https:\/\/www.trustedtranslations.com\/es\/wp-json\/wp\/v2\/comments?post=181562"}],"version-history":[{"count":0,"href":"https:\/\/www.trustedtranslations.com\/es\/wp-json\/wp\/v2\/pages\/181562\/revisions"}],"up":[{"embeddable":true,"href":"https:\/\/www.trustedtranslations.com\/es\/wp-json\/wp\/v2\/pages\/127109"}],"wp:featuredmedia":[{"embeddable":true,"href":"https:\/\/www.trustedtranslations.com\/es\/wp-json\/wp\/v2\/media\/160117"}],"wp:attachment":[{"href":"https:\/\/www.trustedtranslations.com\/es\/wp-json\/wp\/v2\/media?parent=181562"}],"curies":[{"name":"wp","href":"https:\/\/api.w.org\/{rel}","templated":true}]}}