{"id":182558,"date":"2023-02-24T00:06:21","date_gmt":"2023-02-24T03:06:21","guid":{"rendered":"https:\/\/www.trustedtranslations.com\/?page_id=182558"},"modified":"2024-09-03T17:11:48","modified_gmt":"2024-09-03T20:11:48","slug":"coreano","status":"publish","type":"page","link":"https:\/\/www.trustedtranslations.com\/es\/idiomas\/coreano","title":{"rendered":"Coreano"},"content":{"rendered":"","protected":false},"excerpt":{"rendered":"","protected":false},"author":1,"featured_media":160117,"parent":127181,"menu_order":0,"comment_status":"closed","ping_status":"closed","template":"","meta":{"site-sidebar-layout":"default","site-content-layout":"default","ast-site-content-layout":"default","site-content-style":"default","site-sidebar-style":"default","ast-global-header-display":"","ast-banner-title-visibility":"","ast-main-header-display":"","ast-hfb-above-header-display":"","ast-hfb-below-header-display":"","ast-hfb-mobile-header-display":"","site-post-title":"disabled","ast-breadcrumbs-content":"","ast-featured-img":"","footer-sml-layout":"","ast-disable-related-posts":"","theme-transparent-header-meta":"default","adv-header-id-meta":"","stick-header-meta":"","header-above-stick-meta":"","header-main-stick-meta":"","header-below-stick-meta":"","astra-migrate-meta-layouts":"set","ast-page-background-enabled":"default","ast-page-background-meta":{"desktop":{"background-color":"var(--ast-global-color-4)","background-image":"","background-repeat":"repeat","background-position":"center center","background-size":"auto","background-attachment":"scroll","background-type":"","background-media":"","overlay-type":"","overlay-color":"","overlay-opacity":"","overlay-gradient":""},"tablet":{"background-color":"","background-image":"","background-repeat":"repeat","background-position":"center center","background-size":"auto","background-attachment":"scroll","background-type":"","background-media":"","overlay-type":"","overlay-color":"","overlay-opacity":"","overlay-gradient":""},"mobile":{"background-color":"","background-image":"","background-repeat":"repeat","background-position":"center center","background-size":"auto","background-attachment":"scroll","background-type":"","background-media":"","overlay-type":"","overlay-color":"","overlay-opacity":"","overlay-gradient":""}},"ast-content-background-meta":{"desktop":{"background-color":"var(--ast-global-color-5)","background-image":"","background-repeat":"repeat","background-position":"center center","background-size":"auto","background-attachment":"scroll","background-type":"","background-media":"","overlay-type":"","overlay-color":"","overlay-opacity":"","overlay-gradient":""},"tablet":{"background-color":"var(--ast-global-color-5)","background-image":"","background-repeat":"repeat","background-position":"center center","background-size":"auto","background-attachment":"scroll","background-type":"","background-media":"","overlay-type":"","overlay-color":"","overlay-opacity":"","overlay-gradient":""},"mobile":{"background-color":"var(--ast-global-color-5)","background-image":"","background-repeat":"repeat","background-position":"center center","background-size":"auto","background-attachment":"scroll","background-type":"","background-media":"","overlay-type":"","overlay-color":"","overlay-opacity":"","overlay-gradient":""}},"footnotes":""},"class_list":["post-182558","page","type-page","status-publish","has-post-thumbnail","hentry"],"yoast_head":"<!-- This site is optimized with the Yoast SEO plugin v27.3 - https:\/\/yoast.com\/product\/yoast-seo-wordpress\/ -->\n<title>L\u00edder en Traducci\u00f3n de Coreano: Trusted Translations<\/title>\n<meta name=\"description\" content=\"Trusted Translations: L\u00edder en servicios de traducci\u00f3n de coreano a cargo de equipos de traductores expertos. Haga una consulta o solicite un presupuesto sin cargo.\" \/>\n<meta name=\"robots\" content=\"index, follow, max-snippet:-1, max-image-preview:large, max-video-preview:-1\" \/>\n<link rel=\"canonical\" href=\"https:\/\/www.trustedtranslations.com\/es\/idiomas\/coreano\" \/>\n<meta property=\"og:locale\" content=\"es_ES\" \/>\n<meta property=\"og:type\" content=\"article\" \/>\n<meta property=\"og:title\" content=\"L\u00edder en Traducci\u00f3n de Coreano: Trusted Translations\" \/>\n<meta property=\"og:description\" content=\"Trusted Translations: L\u00edder en servicios de traducci\u00f3n de coreano a cargo de equipos de traductores expertos. Haga una consulta o solicite un presupuesto sin cargo.\" \/>\n<meta property=\"og:url\" content=\"https:\/\/www.trustedtranslations.com\/es\/idiomas\/coreano\" \/>\n<meta property=\"og:site_name\" content=\"Trusted Translations\" \/>\n<meta property=\"article:publisher\" content=\"https:\/\/www.facebook.com\/Trusted.Translations\" \/>\n<meta property=\"article:modified_time\" content=\"2024-09-03T20:11:48+00:00\" \/>\n<meta property=\"og:image\" content=\"https:\/\/static.trustedtranslations.com\/wp-content\/uploads\/2022\/08\/TT_NEW_FB-1.png\" \/>\n\t<meta property=\"og:image:width\" content=\"1\" \/>\n\t<meta property=\"og:image:height\" content=\"1\" \/>\n\t<meta property=\"og:image:type\" content=\"image\/jpeg\" \/>\n<meta name=\"twitter:card\" content=\"summary_large_image\" \/>\n<meta name=\"twitter:site\" content=\"@TrustedT9ns\" \/>\n<script type=\"application\/ld+json\" class=\"yoast-schema-graph\">{\"@context\":\"https:\\\/\\\/schema.org\",\"@graph\":[{\"@type\":\"WebPage\",\"@id\":\"https:\\\/\\\/www.trustedtranslations.com\\\/es\\\/idiomas\\\/coreano\",\"url\":\"https:\\\/\\\/www.trustedtranslations.com\\\/es\\\/idiomas\\\/coreano\",\"name\":\"L\u00edder en Traducci\u00f3n de Coreano: Trusted Translations\",\"isPartOf\":{\"@id\":\"https:\\\/\\\/www.trustedtranslations.com\\\/es\\\/#website\"},\"primaryImageOfPage\":{\"@id\":\"https:\\\/\\\/www.trustedtranslations.com\\\/es\\\/idiomas\\\/coreano#primaryimage\"},\"image\":{\"@id\":\"https:\\\/\\\/www.trustedtranslations.com\\\/es\\\/idiomas\\\/coreano#primaryimage\"},\"thumbnailUrl\":\"https:\\\/\\\/www.trustedtranslations.com\\\/wp-content\\\/uploads\\\/2022\\\/08\\\/TT_NEW_FB-1.png\",\"description\":\"Trusted Translations: L\u00edder en servicios de traducci\u00f3n de coreano a cargo de equipos de traductores expertos. Haga una consulta o solicite un presupuesto sin cargo.\",\"breadcrumb\":{\"@id\":\"https:\\\/\\\/www.trustedtranslations.com\\\/es\\\/idiomas\\\/coreano#breadcrumb\"},\"inLanguage\":\"es\",\"potentialAction\":[{\"@type\":\"ReadAction\",\"target\":[\"https:\\\/\\\/www.trustedtranslations.com\\\/es\\\/idiomas\\\/coreano\"]}]},{\"@type\":\"ImageObject\",\"inLanguage\":\"es\",\"@id\":\"https:\\\/\\\/www.trustedtranslations.com\\\/es\\\/idiomas\\\/coreano#primaryimage\",\"url\":\"https:\\\/\\\/www.trustedtranslations.com\\\/wp-content\\\/uploads\\\/2022\\\/08\\\/TT_NEW_FB-1.png\",\"contentUrl\":\"https:\\\/\\\/www.trustedtranslations.com\\\/wp-content\\\/uploads\\\/2022\\\/08\\\/TT_NEW_FB-1.png\",\"caption\":\"TT NEW FB 1\"},{\"@type\":\"BreadcrumbList\",\"@id\":\"https:\\\/\\\/www.trustedtranslations.com\\\/es\\\/idiomas\\\/coreano#breadcrumb\",\"itemListElement\":[{\"@type\":\"ListItem\",\"position\":1,\"name\":\"Home\",\"item\":\"https:\\\/\\\/www.trustedtranslations.com\\\/es\"},{\"@type\":\"ListItem\",\"position\":2,\"name\":\"Idiomas\",\"item\":\"https:\\\/\\\/www.trustedtranslations.com\\\/es\\\/idiomas\"},{\"@type\":\"ListItem\",\"position\":3,\"name\":\"Coreano\"}]},{\"@type\":\"WebSite\",\"@id\":\"https:\\\/\\\/www.trustedtranslations.com\\\/es\\\/#website\",\"url\":\"https:\\\/\\\/www.trustedtranslations.com\\\/es\\\/\",\"name\":\"Trusted Translations, Inc.\",\"description\":\"Leader in translation and interpretation services.\",\"publisher\":{\"@id\":\"https:\\\/\\\/www.trustedtranslations.com\\\/es\\\/#organization\"},\"alternateName\":\"Trusted Translations\",\"potentialAction\":[{\"@type\":\"SearchAction\",\"target\":{\"@type\":\"EntryPoint\",\"urlTemplate\":\"https:\\\/\\\/www.trustedtranslations.com\\\/es\\\/?s={search_term_string}\"},\"query-input\":{\"@type\":\"PropertyValueSpecification\",\"valueRequired\":true,\"valueName\":\"search_term_string\"}}],\"inLanguage\":\"es\"},{\"@type\":\"Organization\",\"@id\":\"https:\\\/\\\/www.trustedtranslations.com\\\/es\\\/#organization\",\"name\":\"Trusted Translations\",\"alternateName\":\"Trusted Translations, Inc.\",\"url\":\"https:\\\/\\\/www.trustedtranslations.com\\\/es\\\/\",\"logo\":{\"@type\":\"ImageObject\",\"inLanguage\":\"es\",\"@id\":\"https:\\\/\\\/www.trustedtranslations.com\\\/es\\\/#\\\/schema\\\/logo\\\/image\\\/\",\"url\":\"https:\\\/\\\/static.trustedtranslations.com\\\/wp-content\\\/uploads\\\/2022\\\/01\\\/TT_logo_WSIColors-2.png\",\"contentUrl\":\"https:\\\/\\\/static.trustedtranslations.com\\\/wp-content\\\/uploads\\\/2022\\\/01\\\/TT_logo_WSIColors-2.png\",\"width\":500,\"height\":196,\"caption\":\"Trusted Translations\"},\"image\":{\"@id\":\"https:\\\/\\\/www.trustedtranslations.com\\\/es\\\/#\\\/schema\\\/logo\\\/image\\\/\"},\"sameAs\":[\"https:\\\/\\\/www.facebook.com\\\/Trusted.Translations\",\"https:\\\/\\\/x.com\\\/TrustedT9ns\",\"https:\\\/\\\/www.linkedin.com\\\/company\\\/trusted-translations\"]}]}<\/script>\n<!-- \/ Yoast SEO plugin. -->","yoast_head_json":{"title":"L\u00edder en Traducci\u00f3n de Coreano: Trusted Translations","description":"Trusted Translations: L\u00edder en servicios de traducci\u00f3n de coreano a cargo de equipos de traductores expertos. Haga una consulta o solicite un presupuesto sin cargo.","robots":{"index":"index","follow":"follow","max-snippet":"max-snippet:-1","max-image-preview":"max-image-preview:large","max-video-preview":"max-video-preview:-1"},"canonical":"https:\/\/www.trustedtranslations.com\/es\/idiomas\/coreano","og_locale":"es_ES","og_type":"article","og_title":"L\u00edder en Traducci\u00f3n de Coreano: Trusted Translations","og_description":"Trusted Translations: L\u00edder en servicios de traducci\u00f3n de coreano a cargo de equipos de traductores expertos. Haga una consulta o solicite un presupuesto sin cargo.","og_url":"https:\/\/www.trustedtranslations.com\/es\/idiomas\/coreano","og_site_name":"Trusted Translations","article_publisher":"https:\/\/www.facebook.com\/Trusted.Translations","article_modified_time":"2024-09-03T20:11:48+00:00","og_image":[{"url":"https:\/\/static.trustedtranslations.com\/wp-content\/uploads\/2022\/08\/TT_NEW_FB-1.png","width":1,"height":1,"type":"image\/jpeg"}],"twitter_card":"summary_large_image","twitter_site":"@TrustedT9ns","schema":{"@context":"https:\/\/schema.org","@graph":[{"@type":"WebPage","@id":"https:\/\/www.trustedtranslations.com\/es\/idiomas\/coreano","url":"https:\/\/www.trustedtranslations.com\/es\/idiomas\/coreano","name":"L\u00edder en Traducci\u00f3n de Coreano: Trusted Translations","isPartOf":{"@id":"https:\/\/www.trustedtranslations.com\/es\/#website"},"primaryImageOfPage":{"@id":"https:\/\/www.trustedtranslations.com\/es\/idiomas\/coreano#primaryimage"},"image":{"@id":"https:\/\/www.trustedtranslations.com\/es\/idiomas\/coreano#primaryimage"},"thumbnailUrl":"https:\/\/www.trustedtranslations.com\/wp-content\/uploads\/2022\/08\/TT_NEW_FB-1.png","description":"Trusted Translations: L\u00edder en servicios de traducci\u00f3n de coreano a cargo de equipos de traductores expertos. Haga una consulta o solicite un presupuesto sin cargo.","breadcrumb":{"@id":"https:\/\/www.trustedtranslations.com\/es\/idiomas\/coreano#breadcrumb"},"inLanguage":"es","potentialAction":[{"@type":"ReadAction","target":["https:\/\/www.trustedtranslations.com\/es\/idiomas\/coreano"]}]},{"@type":"ImageObject","inLanguage":"es","@id":"https:\/\/www.trustedtranslations.com\/es\/idiomas\/coreano#primaryimage","url":"https:\/\/www.trustedtranslations.com\/wp-content\/uploads\/2022\/08\/TT_NEW_FB-1.png","contentUrl":"https:\/\/www.trustedtranslations.com\/wp-content\/uploads\/2022\/08\/TT_NEW_FB-1.png","caption":"TT NEW FB 1"},{"@type":"BreadcrumbList","@id":"https:\/\/www.trustedtranslations.com\/es\/idiomas\/coreano#breadcrumb","itemListElement":[{"@type":"ListItem","position":1,"name":"Home","item":"https:\/\/www.trustedtranslations.com\/es"},{"@type":"ListItem","position":2,"name":"Idiomas","item":"https:\/\/www.trustedtranslations.com\/es\/idiomas"},{"@type":"ListItem","position":3,"name":"Coreano"}]},{"@type":"WebSite","@id":"https:\/\/www.trustedtranslations.com\/es\/#website","url":"https:\/\/www.trustedtranslations.com\/es\/","name":"Trusted Translations, Inc.","description":"Leader in translation and interpretation services.","publisher":{"@id":"https:\/\/www.trustedtranslations.com\/es\/#organization"},"alternateName":"Trusted Translations","potentialAction":[{"@type":"SearchAction","target":{"@type":"EntryPoint","urlTemplate":"https:\/\/www.trustedtranslations.com\/es\/?s={search_term_string}"},"query-input":{"@type":"PropertyValueSpecification","valueRequired":true,"valueName":"search_term_string"}}],"inLanguage":"es"},{"@type":"Organization","@id":"https:\/\/www.trustedtranslations.com\/es\/#organization","name":"Trusted Translations","alternateName":"Trusted Translations, Inc.","url":"https:\/\/www.trustedtranslations.com\/es\/","logo":{"@type":"ImageObject","inLanguage":"es","@id":"https:\/\/www.trustedtranslations.com\/es\/#\/schema\/logo\/image\/","url":"https:\/\/static.trustedtranslations.com\/wp-content\/uploads\/2022\/01\/TT_logo_WSIColors-2.png","contentUrl":"https:\/\/static.trustedtranslations.com\/wp-content\/uploads\/2022\/01\/TT_logo_WSIColors-2.png","width":500,"height":196,"caption":"Trusted Translations"},"image":{"@id":"https:\/\/www.trustedtranslations.com\/es\/#\/schema\/logo\/image\/"},"sameAs":["https:\/\/www.facebook.com\/Trusted.Translations","https:\/\/x.com\/TrustedT9ns","https:\/\/www.linkedin.com\/company\/trusted-translations"]}]}},"toolset-meta":{"dyk":{"mensaje-1":{"type":"textfield","raw":"<em>Trusted Translations<\/em> es un proveedor de servicios de traducci\u00f3n de calidad comprobada para las Naciones Unidas."},"mensaje-2":{"type":"textfield","raw":"Nuestros procesos de calidad se han certificado para cumplir o superar la norma ISO 9001:2015."},"mensaje-3":{"type":"textfield","raw":"Lloyd\u2019s de Londres respalda cada traducci\u00f3n que realizan nuestros equipos de ling\u00fcistas expertos."},"mensaje-4":{"type":"textfield","raw":"Diferentes expertos realizan nuestro control de calidad, que consiste en tres pasos: traducci\u00f3n, edici\u00f3n y revisi\u00f3n."},"mensaje-5":{"type":"textfield","raw":""},"mensaje-6":{"type":"textfield","raw":""}},"single-page-template-fields":{"imgs-temp":{"type":"image","raw":["https:\/\/static.trustedtranslations.com\/wp-content\/uploads\/2024\/06\/korean-1.webp"],"repeatable":[{"raw":"https:\/\/static.trustedtranslations.com\/wp-content\/uploads\/2024\/06\/korean-1.webp"}]},"imgs-temp-cel":{"type":"image","raw":[""],"repeatable":[{"raw":""}]},"img-temp-one-cel":{"type":"image","raw":"https:\/\/static.trustedtranslations.com\/wp-content\/uploads\/2024\/06\/seoul-south-korea-march-11-2016-.webp","attachment_id":null},"quotes":{"type":"textarea","raw":"<h1 style=\"margin-bottom: 12px;\">Servicios de Traducci\u00f3n de Coreano<\/h1>\r\n<em>Trusted Translations<\/em> es proveedor l\u00edder de servicios de traducci\u00f3n de coreano. Con tarifas competitivas para proyectos que involucran coreano hacia y desde el ingl\u00e9s, as\u00ed como muchos otros idiomas europeos y asi\u00e1ticos, ofrecemos traducciones precisas y culturalmente sensibles en plazos ajustados. Nuestros traductores biling\u00fces y biculturales son expertos en localizaci\u00f3n de traducciones de coreano para comunidades y pa\u00edses espec\u00edficos, y manejan proyectos de gran volumen que son rentables y cumplen con la legislaci\u00f3n local.\r\n<div style=\"margin-top: 2.5vw;\"><a class=\"tt-btn-main-cta\" href=\"https:\/\/www.trustedtranslations.com\/es\/presupuesto-sin-cargo\">Solicite un presupuesto sin cargo<\/a><\/div>"},"text-1":{"type":"textarea","raw":"<h2>Coreano: Un Idioma, Dos Ideolog\u00edas<\/h2>\r\nCon alrededor de ochenta millones de hablantes, en su mayor\u00eda de ascendencia coreana, el <em>hangugeo<\/em> es el idioma oficial de Corea del Norte y del Sur. Sin embargo, durante casi ocho d\u00e9cadas de conflicto pol\u00edtico, se han desarrollado diferencias significativas entre los dialectos hablados por los 20 millones de ciudadanos de la Rep\u00fablica Popular Democr\u00e1tica de Corea (DPRK) y por los 42 millones de hablantes de la Rep\u00fablica de Corea (ROK). Las diferencias radican principalmente en los acentos y la entonaci\u00f3n, pero tambi\u00e9n en cuesti\u00f3n de vocabulario: en el dialecto de Se\u00fal se usan t\u00e9rminos extranjeros o adoptados, mientras que en la versi\u00f3n de Pionyang se evita esa pr\u00e1ctica.\r\n\r\nCada pa\u00eds ahora tiene su propia pol\u00edtica de idioma nacional, con la que regula la forma en que sus ciudadanos hablan coreano. Para los viajeros de negocios, es importante tener en cuenta que estos dialectos pueden variar tanto que algunas expresiones no son inteligibles entre s\u00ed:\r\n<ul>\r\n \t<li>El <strong>dialecto de Se\u00fal<\/strong> se habla en Corea del Sur, en particular en las regiones de las islas Kyongsang, Chungcheong, Cholla y Cheju.<\/li>\r\n \t<li>El <strong>dialecto de Pionyang<\/strong> se habla en Corea del Norte, en especial en las regiones de Hamkyong, Pyongan y Hwanghae.<\/li>\r\n<\/ul>\r\nEn <em>Trusted Translations<\/em>, contamos con traductores de coreano que entienden y conocen las diferencias y as\u00ed pueden abordar cualquiera de las dos variantes. \u00bfDesea saber m\u00e1s sobre el idioma coreano? Lea nuestra publicaci\u00f3n \"El idioma coreano\" en el blog.\r\n<h2>La importancia del idioma y la cultura coreanos: Acuerdo de Libre Comercio entre EE. UU. y Corea<\/h2>\r\nImpulsado por intereses comerciales, pol\u00edticos y de seguridad estrat\u00e9gicos, adem\u00e1s de los factores culturales, el Departamento de Estado de EE.\u00a0UU. considera al coreano un idioma cr\u00edtico. Aunque la Rep\u00fablica de Corea firm\u00f3 un Tratado de Libre Comercio con EE. UU. en 2007, reci\u00e9n en marzo de 2012 entr\u00f3 en vigor.\r\n\r\nHoy, Corea del Sur es un importante socio comercial de EE. UU. en el este de Asia, que super\u00f3 unos USD 155,000 millones en 2020 (exportaciones: USD 69,000 millones; importaciones: USD 86,000 millones), con un d\u00e9ficit para EE. UU. de bienes y servicios de USD 17,000 millones. Estos flujos comerciales bidireccionales llevan una amplia variedad de bienes y servicios entre estos dos pa\u00edses:\r\n<ul>\r\n \t<li><strong>las principales exportaciones de EE. UU. a Corea<\/strong> incluyen combustibles, maquinaria, aviones, carne de res y cerdo, frutas y soja;<\/li>\r\n \t<li>entre <strong>las principales importaciones de EE. UU. desde Corea<\/strong> figuran veh\u00edculos, pl\u00e1sticos, frutas y verduras, bocadillos y productos l\u00e1cteos, adem\u00e1s de procesos y sistemas industriales con alto valor de propiedad intelectual.<\/li>\r\n<\/ul>"},"shortcode-map":{"type":"textfield","raw":""},"dyk-shortcode":{"type":"textfield","raw":"[elementor-template id=\"139368\"]"},"text-2":{"type":"textarea","raw":"<h2>Equipos Experimentados de Traducci\u00f3n de Coreano<\/h2>\r\nLos servicios que proporcionan nuestros muy calificados traductores de coreano incluyen la revisi\u00f3n de expertos independientes. Despu\u00e9s de ese paso, todos los proyectos deben someterse a una revisi\u00f3n final de evaluaci\u00f3n de calidad antes de la entrega al cliente.\r\n\r\nEl resultado de este minucioso proceso nos permite estar seguros de que cada documento cumple con los est\u00e1ndares establecidos por la Organizaci\u00f3n Internacional de Normalizaci\u00f3n (ISO 9001:2015). En especial para ejecutivos que participan en negociaciones delicadas, estos controles de calidad garantizan traducciones precisas... y tranquilidad mental."},"state":{"type":"textfield","raw":""},"city":{"type":"textarea","raw":[]}}},"_links":{"self":[{"href":"https:\/\/www.trustedtranslations.com\/es\/wp-json\/wp\/v2\/pages\/182558","targetHints":{"allow":["GET"]}}],"collection":[{"href":"https:\/\/www.trustedtranslations.com\/es\/wp-json\/wp\/v2\/pages"}],"about":[{"href":"https:\/\/www.trustedtranslations.com\/es\/wp-json\/wp\/v2\/types\/page"}],"author":[{"embeddable":true,"href":"https:\/\/www.trustedtranslations.com\/es\/wp-json\/wp\/v2\/users\/1"}],"replies":[{"embeddable":true,"href":"https:\/\/www.trustedtranslations.com\/es\/wp-json\/wp\/v2\/comments?post=182558"}],"version-history":[{"count":0,"href":"https:\/\/www.trustedtranslations.com\/es\/wp-json\/wp\/v2\/pages\/182558\/revisions"}],"up":[{"embeddable":true,"href":"https:\/\/www.trustedtranslations.com\/es\/wp-json\/wp\/v2\/pages\/127181"}],"wp:featuredmedia":[{"embeddable":true,"href":"https:\/\/www.trustedtranslations.com\/es\/wp-json\/wp\/v2\/media\/160117"}],"wp:attachment":[{"href":"https:\/\/www.trustedtranslations.com\/es\/wp-json\/wp\/v2\/media?parent=182558"}],"curies":[{"name":"wp","href":"https:\/\/api.w.org\/{rel}","templated":true}]}}