{"id":182565,"date":"2023-02-13T14:50:47","date_gmt":"2023-02-13T17:50:47","guid":{"rendered":"https:\/\/www.trustedtranslations.com\/?page_id=182565"},"modified":"2024-09-09T18:07:14","modified_gmt":"2024-09-09T21:07:14","slug":"data-anonymization","status":"publish","type":"page","link":"https:\/\/www.trustedtranslations.com\/es\/servicios\/automatica\/data-anonymization","title":{"rendered":"Anonimizaci\u00f3n de Datos"},"content":{"rendered":"","protected":false},"excerpt":{"rendered":"","protected":false},"author":1,"featured_media":248086,"parent":127133,"menu_order":5,"comment_status":"closed","ping_status":"closed","template":"","meta":{"site-sidebar-layout":"default","site-content-layout":"default","ast-site-content-layout":"default","site-content-style":"default","site-sidebar-style":"default","ast-global-header-display":"","ast-banner-title-visibility":"","ast-main-header-display":"","ast-hfb-above-header-display":"","ast-hfb-below-header-display":"","ast-hfb-mobile-header-display":"","site-post-title":"disabled","ast-breadcrumbs-content":"","ast-featured-img":"","footer-sml-layout":"","ast-disable-related-posts":"","theme-transparent-header-meta":"default","adv-header-id-meta":"","stick-header-meta":"","header-above-stick-meta":"","header-main-stick-meta":"","header-below-stick-meta":"","astra-migrate-meta-layouts":"set","ast-page-background-enabled":"default","ast-page-background-meta":{"desktop":{"background-color":"var(--ast-global-color-4)","background-image":"","background-repeat":"repeat","background-position":"center center","background-size":"auto","background-attachment":"scroll","background-type":"","background-media":"","overlay-type":"","overlay-color":"","overlay-opacity":"","overlay-gradient":""},"tablet":{"background-color":"","background-image":"","background-repeat":"repeat","background-position":"center center","background-size":"auto","background-attachment":"scroll","background-type":"","background-media":"","overlay-type":"","overlay-color":"","overlay-opacity":"","overlay-gradient":""},"mobile":{"background-color":"","background-image":"","background-repeat":"repeat","background-position":"center center","background-size":"auto","background-attachment":"scroll","background-type":"","background-media":"","overlay-type":"","overlay-color":"","overlay-opacity":"","overlay-gradient":""}},"ast-content-background-meta":{"desktop":{"background-color":"var(--ast-global-color-5)","background-image":"","background-repeat":"repeat","background-position":"center center","background-size":"auto","background-attachment":"scroll","background-type":"","background-media":"","overlay-type":"","overlay-color":"","overlay-opacity":"","overlay-gradient":""},"tablet":{"background-color":"var(--ast-global-color-5)","background-image":"","background-repeat":"repeat","background-position":"center center","background-size":"auto","background-attachment":"scroll","background-type":"","background-media":"","overlay-type":"","overlay-color":"","overlay-opacity":"","overlay-gradient":""},"mobile":{"background-color":"var(--ast-global-color-5)","background-image":"","background-repeat":"repeat","background-position":"center center","background-size":"auto","background-attachment":"scroll","background-type":"","background-media":"","overlay-type":"","overlay-color":"","overlay-opacity":"","overlay-gradient":""}},"footnotes":""},"class_list":["post-182565","page","type-page","status-publish","has-post-thumbnail","hentry"],"yoast_head":"<!-- This site is optimized with the Yoast SEO plugin v27.5 - https:\/\/yoast.com\/product\/yoast-seo-wordpress\/ -->\n<title>Anonimizaci\u00f3n de Datos para Traducciones: Trusted Translations, Inc.<\/title>\n<meta name=\"description\" content=\"En gran parte del trabajo que tenemos en Trusted Translations se requiere el manejo de informaci\u00f3n de gran sensibilidad, personal, financiera y de salud, entre muchos otros aspectos.\" \/>\n<meta name=\"robots\" content=\"index, follow, max-snippet:-1, max-image-preview:large, max-video-preview:-1\" \/>\n<link rel=\"canonical\" href=\"https:\/\/www.trustedtranslations.com\/es\/servicios\/automatica\/data-anonymization\" \/>\n<meta property=\"og:locale\" content=\"es_ES\" \/>\n<meta property=\"og:type\" content=\"article\" \/>\n<meta property=\"og:title\" content=\"Anonimizaci\u00f3n de Datos para Traducciones: Trusted Translations, Inc.\" \/>\n<meta property=\"og:description\" content=\"En gran parte del trabajo que tenemos en Trusted Translations se requiere el manejo de informaci\u00f3n de gran sensibilidad, personal, financiera y de salud, entre muchos otros aspectos.\" \/>\n<meta property=\"og:url\" content=\"https:\/\/www.trustedtranslations.com\/es\/servicios\/automatica\/data-anonymization\" \/>\n<meta property=\"og:site_name\" content=\"Trusted Translations\" \/>\n<meta property=\"article:publisher\" content=\"https:\/\/www.facebook.com\/Trusted.Translations\" \/>\n<meta property=\"article:modified_time\" content=\"2024-09-09T21:07:14+00:00\" \/>\n<meta property=\"og:image\" content=\"https:\/\/static.trustedtranslations.com\/wp-content\/uploads\/2024\/02\/Recurso-13-1.png\" \/>\n\t<meta property=\"og:image:width\" content=\"150\" \/>\n\t<meta property=\"og:image:height\" content=\"150\" \/>\n\t<meta property=\"og:image:type\" content=\"image\/png\" \/>\n<meta name=\"twitter:card\" content=\"summary_large_image\" \/>\n<meta name=\"twitter:site\" content=\"@TrustedT9ns\" \/>\n<script type=\"application\/ld+json\" class=\"yoast-schema-graph\">{\"@context\":\"https:\\\/\\\/schema.org\",\"@graph\":[{\"@type\":\"WebPage\",\"@id\":\"https:\\\/\\\/www.trustedtranslations.com\\\/es\\\/servicios\\\/automatica\\\/data-anonymization\",\"url\":\"https:\\\/\\\/www.trustedtranslations.com\\\/es\\\/servicios\\\/automatica\\\/data-anonymization\",\"name\":\"Anonimizaci\u00f3n de Datos para Traducciones: Trusted Translations, Inc.\",\"isPartOf\":{\"@id\":\"https:\\\/\\\/www.trustedtranslations.com\\\/es\\\/#website\"},\"primaryImageOfPage\":{\"@id\":\"https:\\\/\\\/www.trustedtranslations.com\\\/es\\\/servicios\\\/automatica\\\/data-anonymization#primaryimage\"},\"image\":{\"@id\":\"https:\\\/\\\/www.trustedtranslations.com\\\/es\\\/servicios\\\/automatica\\\/data-anonymization#primaryimage\"},\"thumbnailUrl\":\"https:\\\/\\\/www.trustedtranslations.com\\\/wp-content\\\/uploads\\\/2024\\\/02\\\/Recurso-13-1.png\",\"description\":\"En gran parte del trabajo que tenemos en Trusted Translations se requiere el manejo de informaci\u00f3n de gran sensibilidad, personal, financiera y de salud, entre muchos otros aspectos.\",\"breadcrumb\":{\"@id\":\"https:\\\/\\\/www.trustedtranslations.com\\\/es\\\/servicios\\\/automatica\\\/data-anonymization#breadcrumb\"},\"inLanguage\":\"es\",\"potentialAction\":[{\"@type\":\"ReadAction\",\"target\":[\"https:\\\/\\\/www.trustedtranslations.com\\\/es\\\/servicios\\\/automatica\\\/data-anonymization\"]}]},{\"@type\":\"ImageObject\",\"inLanguage\":\"es\",\"@id\":\"https:\\\/\\\/www.trustedtranslations.com\\\/es\\\/servicios\\\/automatica\\\/data-anonymization#primaryimage\",\"url\":\"https:\\\/\\\/www.trustedtranslations.com\\\/wp-content\\\/uploads\\\/2024\\\/02\\\/Recurso-13-1.png\",\"contentUrl\":\"https:\\\/\\\/www.trustedtranslations.com\\\/wp-content\\\/uploads\\\/2024\\\/02\\\/Recurso-13-1.png\",\"width\":150,\"height\":150,\"caption\":\"Recurso 13 1\"},{\"@type\":\"BreadcrumbList\",\"@id\":\"https:\\\/\\\/www.trustedtranslations.com\\\/es\\\/servicios\\\/automatica\\\/data-anonymization#breadcrumb\",\"itemListElement\":[{\"@type\":\"ListItem\",\"position\":1,\"name\":\"Home\",\"item\":\"https:\\\/\\\/www.trustedtranslations.com\\\/es\"},{\"@type\":\"ListItem\",\"position\":2,\"name\":\"Servicios\",\"item\":\"https:\\\/\\\/www.trustedtranslations.com\\\/es\\\/servicios\"},{\"@type\":\"ListItem\",\"position\":3,\"name\":\"Traducci\u00f3n Autom\u00e1tica\",\"item\":\"https:\\\/\\\/www.trustedtranslations.com\\\/es\\\/servicios\\\/automatica\"},{\"@type\":\"ListItem\",\"position\":4,\"name\":\"Anonimizaci\u00f3n de Datos\"}]},{\"@type\":\"WebSite\",\"@id\":\"https:\\\/\\\/www.trustedtranslations.com\\\/es\\\/#website\",\"url\":\"https:\\\/\\\/www.trustedtranslations.com\\\/es\\\/\",\"name\":\"Trusted Translations, Inc.\",\"description\":\"Leader in translation and interpretation services.\",\"publisher\":{\"@id\":\"https:\\\/\\\/www.trustedtranslations.com\\\/es\\\/#organization\"},\"alternateName\":\"Trusted Translations\",\"potentialAction\":[{\"@type\":\"SearchAction\",\"target\":{\"@type\":\"EntryPoint\",\"urlTemplate\":\"https:\\\/\\\/www.trustedtranslations.com\\\/es\\\/?s={search_term_string}\"},\"query-input\":{\"@type\":\"PropertyValueSpecification\",\"valueRequired\":true,\"valueName\":\"search_term_string\"}}],\"inLanguage\":\"es\"},{\"@type\":\"Organization\",\"@id\":\"https:\\\/\\\/www.trustedtranslations.com\\\/es\\\/#organization\",\"name\":\"Trusted Translations\",\"alternateName\":\"Trusted Translations, Inc.\",\"url\":\"https:\\\/\\\/www.trustedtranslations.com\\\/es\\\/\",\"logo\":{\"@type\":\"ImageObject\",\"inLanguage\":\"es\",\"@id\":\"https:\\\/\\\/www.trustedtranslations.com\\\/es\\\/#\\\/schema\\\/logo\\\/image\\\/\",\"url\":\"https:\\\/\\\/static.trustedtranslations.com\\\/wp-content\\\/uploads\\\/2022\\\/01\\\/TT_logo_WSIColors-2.png\",\"contentUrl\":\"https:\\\/\\\/static.trustedtranslations.com\\\/wp-content\\\/uploads\\\/2022\\\/01\\\/TT_logo_WSIColors-2.png\",\"width\":500,\"height\":196,\"caption\":\"Trusted Translations\"},\"image\":{\"@id\":\"https:\\\/\\\/www.trustedtranslations.com\\\/es\\\/#\\\/schema\\\/logo\\\/image\\\/\"},\"sameAs\":[\"https:\\\/\\\/www.facebook.com\\\/Trusted.Translations\",\"https:\\\/\\\/x.com\\\/TrustedT9ns\",\"https:\\\/\\\/www.linkedin.com\\\/company\\\/trusted-translations\"]}]}<\/script>\n<!-- \/ Yoast SEO plugin. -->","yoast_head_json":{"title":"Anonimizaci\u00f3n de Datos para Traducciones: Trusted Translations, Inc.","description":"En gran parte del trabajo que tenemos en Trusted Translations se requiere el manejo de informaci\u00f3n de gran sensibilidad, personal, financiera y de salud, entre muchos otros aspectos.","robots":{"index":"index","follow":"follow","max-snippet":"max-snippet:-1","max-image-preview":"max-image-preview:large","max-video-preview":"max-video-preview:-1"},"canonical":"https:\/\/www.trustedtranslations.com\/es\/servicios\/automatica\/data-anonymization","og_locale":"es_ES","og_type":"article","og_title":"Anonimizaci\u00f3n de Datos para Traducciones: Trusted Translations, Inc.","og_description":"En gran parte del trabajo que tenemos en Trusted Translations se requiere el manejo de informaci\u00f3n de gran sensibilidad, personal, financiera y de salud, entre muchos otros aspectos.","og_url":"https:\/\/www.trustedtranslations.com\/es\/servicios\/automatica\/data-anonymization","og_site_name":"Trusted Translations","article_publisher":"https:\/\/www.facebook.com\/Trusted.Translations","article_modified_time":"2024-09-09T21:07:14+00:00","og_image":[{"width":150,"height":150,"url":"https:\/\/static.trustedtranslations.com\/wp-content\/uploads\/2024\/02\/Recurso-13-1.png","type":"image\/png"}],"twitter_card":"summary_large_image","twitter_site":"@TrustedT9ns","schema":{"@context":"https:\/\/schema.org","@graph":[{"@type":"WebPage","@id":"https:\/\/www.trustedtranslations.com\/es\/servicios\/automatica\/data-anonymization","url":"https:\/\/www.trustedtranslations.com\/es\/servicios\/automatica\/data-anonymization","name":"Anonimizaci\u00f3n de Datos para Traducciones: Trusted Translations, Inc.","isPartOf":{"@id":"https:\/\/www.trustedtranslations.com\/es\/#website"},"primaryImageOfPage":{"@id":"https:\/\/www.trustedtranslations.com\/es\/servicios\/automatica\/data-anonymization#primaryimage"},"image":{"@id":"https:\/\/www.trustedtranslations.com\/es\/servicios\/automatica\/data-anonymization#primaryimage"},"thumbnailUrl":"https:\/\/www.trustedtranslations.com\/wp-content\/uploads\/2024\/02\/Recurso-13-1.png","description":"En gran parte del trabajo que tenemos en Trusted Translations se requiere el manejo de informaci\u00f3n de gran sensibilidad, personal, financiera y de salud, entre muchos otros aspectos.","breadcrumb":{"@id":"https:\/\/www.trustedtranslations.com\/es\/servicios\/automatica\/data-anonymization#breadcrumb"},"inLanguage":"es","potentialAction":[{"@type":"ReadAction","target":["https:\/\/www.trustedtranslations.com\/es\/servicios\/automatica\/data-anonymization"]}]},{"@type":"ImageObject","inLanguage":"es","@id":"https:\/\/www.trustedtranslations.com\/es\/servicios\/automatica\/data-anonymization#primaryimage","url":"https:\/\/www.trustedtranslations.com\/wp-content\/uploads\/2024\/02\/Recurso-13-1.png","contentUrl":"https:\/\/www.trustedtranslations.com\/wp-content\/uploads\/2024\/02\/Recurso-13-1.png","width":150,"height":150,"caption":"Recurso 13 1"},{"@type":"BreadcrumbList","@id":"https:\/\/www.trustedtranslations.com\/es\/servicios\/automatica\/data-anonymization#breadcrumb","itemListElement":[{"@type":"ListItem","position":1,"name":"Home","item":"https:\/\/www.trustedtranslations.com\/es"},{"@type":"ListItem","position":2,"name":"Servicios","item":"https:\/\/www.trustedtranslations.com\/es\/servicios"},{"@type":"ListItem","position":3,"name":"Traducci\u00f3n Autom\u00e1tica","item":"https:\/\/www.trustedtranslations.com\/es\/servicios\/automatica"},{"@type":"ListItem","position":4,"name":"Anonimizaci\u00f3n de Datos"}]},{"@type":"WebSite","@id":"https:\/\/www.trustedtranslations.com\/es\/#website","url":"https:\/\/www.trustedtranslations.com\/es\/","name":"Trusted Translations, Inc.","description":"Leader in translation and interpretation services.","publisher":{"@id":"https:\/\/www.trustedtranslations.com\/es\/#organization"},"alternateName":"Trusted Translations","potentialAction":[{"@type":"SearchAction","target":{"@type":"EntryPoint","urlTemplate":"https:\/\/www.trustedtranslations.com\/es\/?s={search_term_string}"},"query-input":{"@type":"PropertyValueSpecification","valueRequired":true,"valueName":"search_term_string"}}],"inLanguage":"es"},{"@type":"Organization","@id":"https:\/\/www.trustedtranslations.com\/es\/#organization","name":"Trusted Translations","alternateName":"Trusted Translations, Inc.","url":"https:\/\/www.trustedtranslations.com\/es\/","logo":{"@type":"ImageObject","inLanguage":"es","@id":"https:\/\/www.trustedtranslations.com\/es\/#\/schema\/logo\/image\/","url":"https:\/\/static.trustedtranslations.com\/wp-content\/uploads\/2022\/01\/TT_logo_WSIColors-2.png","contentUrl":"https:\/\/static.trustedtranslations.com\/wp-content\/uploads\/2022\/01\/TT_logo_WSIColors-2.png","width":500,"height":196,"caption":"Trusted Translations"},"image":{"@id":"https:\/\/www.trustedtranslations.com\/es\/#\/schema\/logo\/image\/"},"sameAs":["https:\/\/www.facebook.com\/Trusted.Translations","https:\/\/x.com\/TrustedT9ns","https:\/\/www.linkedin.com\/company\/trusted-translations"]}]}},"toolset-meta":{"dyk":{"mensaje-1":{"type":"textfield","raw":"Respetamos la Secci\u00f3n 508 de la Ley de Rehabilitaci\u00f3n Laboral de Estados Unidos de 1973."},"mensaje-2":{"type":"textfield","raw":"En <em>Trusted Translations<\/em>, creemos en proporcionar igualdad de accesibilidad a todos los usuarios."},"mensaje-3":{"type":"textfield","raw":"Nos aseguramos de que sus documentos cumplan todos los est\u00e1ndares de accesibilidad web de WCAG."},"mensaje-4":{"type":"textfield","raw":"Hacemos que su sitio web sea accesible para que pueda llegar al p\u00fablico m\u00e1s amplio posible."},"mensaje-5":{"type":"textfield","raw":""},"mensaje-6":{"type":"textfield","raw":""}},"single-page-template-fields":{"imgs-temp":{"type":"image","raw":["https:\/\/static.trustedtranslations.com\/wp-content\/uploads\/2024\/07\/Anonymization-2-1.webp"],"repeatable":[{"raw":"https:\/\/static.trustedtranslations.com\/wp-content\/uploads\/2024\/07\/Anonymization-2-1.webp"}]},"imgs-temp-cel":{"type":"image","raw":[""],"repeatable":[{"raw":""}]},"img-temp-one-cel":{"type":"image","raw":"https:\/\/static.trustedtranslations.com\/wp-content\/uploads\/2024\/07\/Anonymization-3.webp","attachment_id":null},"quotes":{"type":"textarea","raw":"<h1 style=\"margin-bottom: 12px;\">Anonimizaci\u00f3n de Datos<\/h1>\r\nEn esta era digital, hacer negocios en nuestro mundo globalizado depende cada vez m\u00e1s de la tecnolog\u00eda de vanguardia. Todos los d\u00edas se generan grandes cantidades de datos, con frecuencia confidenciales y personales. Los datos personales, que muchas veces se necesitan para realizar delicados servicios arancelados de proveedores de tecnolog\u00eda financiera y atenci\u00f3n de salud (y empresas de traducci\u00f3n como Trusted Translations), tambi\u00e9n ofrecen a los especialistas en marketing incalculable informaci\u00f3n sobre las preferencias de los consumidores. De ese modo, la protecci\u00f3n de datos se vuelve un factor cada vez m\u00e1s importante en las estrategias comerciales eficaces.\r\n<div style=\"margin-top: 2.5vw;\"><a class=\"tt-btn-main-cta\" href=\"https:\/\/www.trustedtranslations.com\/es\/presupuesto-sin-cargo\">Solicite un presupuesto sin cargo<\/a><\/div>"},"text-1":{"type":"textarea","raw":"<h2>Anonimizaci\u00f3n de Datos: Protecci\u00f3n de la Privacidad y Mejora de las Ofertas para el Consumidor<\/h2>Aqu\u00ed es donde entra en juego la anonimizaci\u00f3n de los datos, que protege la informaci\u00f3n confidencial al eliminar o cifrar identificadores individuales. Al permitir el intercambio de datos sin riesgos entre plataformas de medios digitales, genera ofertas m\u00e1s interesantes para los consumidores.\r\n<h2>\u00bfQu\u00e9 es la Anonimizaci\u00f3n de Datos?<img class=\"wp-image-177111 alignleft\" src=\"https:\/\/static.trustedtranslations.com\/wp-content\/uploads\/2023\/01\/Anonymization-1-300x215.jpg\" alt=\"\" width=\"500\" height=\"358\" \/><\/h2>\r\nSiempre existe el riesgo de filtraciones cuando se almacena informaci\u00f3n confidencial o personal en las bases de datos de la empresa \u00a0(muchas veces, se asocian nombres de usuario a razones sociales, n\u00fameros de tel\u00e9fono y de Seguro Social, y direcciones de correo electr\u00f3nico y postal). Los piratas inform\u00e1ticos pueden atacar incluso al software m\u00e1s seguro por resquicios imprevistos y puertas traseras maliciosas.\r\n\r\nSin embargo, al someter esta informaci\u00f3n a un proceso de anonimizaci\u00f3n se evita la identificaci\u00f3n de la fuente. Hay nuevas normas de protecci\u00f3n de datos que entran en vigencia todo el tiempo, en todo el mundo, como el Reglamento General de Protecci\u00f3n de Datos (GDPR) en Europa, que permite a las empresas recoger datos an\u00f3nimos sin necesidad de consentimiento individual. Solo se necesita eliminar los identificadores de datos. Existe legislaci\u00f3n m\u00e1s reciente, como la LGPD en Brasil y la POPI en Sud\u00e1frica, y leyes similares promulgadas en algunos estados de Estados Unidos.\r\n<h2>T\u00e9cnicas de Anonimizaci\u00f3n de Datos<\/h2>\r\nHay m\u00e1s de una forma de realizar esta tarea. Seg\u00fan los prop\u00f3sitos previstos y los sistemas en los que se utilizar\u00e1 la informaci\u00f3n, entre las tecnolog\u00edas de desidentificaci\u00f3n actuales figuran:\r\n<ul>\r\n \t<li><strong>Seudonimizaci\u00f3n:<\/strong> se reemplazan los identificadores privados por seud\u00f3nimos (como cambiar en forma aleatoria, por ejemplo, cada Miller a Baker, Cooper, Porter o Smith), mientras se mantienen la integridad total y la exactitud de los datos, lo que es una soluci\u00f3n ideal para fines de ex\u00e1menes y capacitaci\u00f3n.<\/li>\r\n \t<li><strong>Generalizaci\u00f3n:<\/strong> se disminuye la posibilidad de identificaci\u00f3n mediante la alteraci\u00f3n de detalles (como n\u00fameros de apartamentos o ciudades), mientras que la informaci\u00f3n sigue siendo suficientemente precisa para los prop\u00f3sitos previstos.<\/li>\r\n \t<li><strong>Codificaci\u00f3n de datos:<\/strong> es una t\u00e9cnica de uso extendido con la que se mezclan los d\u00edgitos o las letras de un atributo en forma irreversible, de modo que los datos nunca se puedan combinar con sus registros originales.<\/li>\r\n \t<li><strong>Enmascaramiento de datos:<\/strong> se ocultan los datos con valores alterados en bases de datos duplicadas, donde se pueden usar t\u00e9cnicas de modificaci\u00f3n, como reemplazo de caracteres y palabras, cifrar y mezclar, aunque esto no es apto para la ingenier\u00eda inversa.<\/li>\r\n \t<li><strong>Desdibujamiento de datos:<\/strong> para asegurar as\u00ed el anonimato individual, se reduce la informaci\u00f3n con precisi\u00f3n, ya que en esta t\u00e9cnica de aproximaci\u00f3n se alteran los valores lo suficiente como para minimizar las probabilidades de identificaci\u00f3n.<\/li>\r\n \t<li><strong>Intercambios de datos:<\/strong> se alteran los valores de los atributos (nombres, fechas de nacimiento) en conjuntos de datos, que luego no coinciden con los registros originales, lo que garantiza una anonimizaci\u00f3n m\u00e1s eficaz de la base de datos.<\/li>\r\n \t<li><strong>Cifrado de datos:<\/strong> es quiz\u00e1s la t\u00e9cnica de anonimizaci\u00f3n de datos m\u00e1s eficaz. Se transforma la informaci\u00f3n personal en un formato codificado ilegible que est\u00e1 protegido con contrase\u00f1a y solo los usuarios aprobados pueden recuperarla en su formato original.<\/li>\r\n<\/ul>"},"shortcode-map":{"type":"textfield","raw":""},"dyk-shortcode":{"type":"textfield","raw":"[elementor-template id=\"139368\"]"},"text-2":{"type":"textarea","raw":"<h2>Ventajas y Desventajas de la Anonimizaci\u00f3n de Datos<img class=\"alignright wp-image-177150\" src=\"https:\/\/static.trustedtranslations.com\/wp-content\/uploads\/2023\/01\/secure-login-1-300x200.jpg\" alt=\"\" width=\"500\" height=\"334\" \/><\/h2>\r\nVentajas: el cumplimiento de las leyes de seguridad de datos permite que los consumidores se sientan m\u00e1s c\u00f3modos al compartir su informaci\u00f3n personal con las empresas. Seguir buenos principios de manejo de datos (como es obvio, var\u00edan seg\u00fan la industria y el pa\u00eds) ayuda a las empresas a evitar titulares negativos, que empa\u00f1an su reputaci\u00f3n y reducen sus m\u00e1rgenes de beneficio.\r\n\r\n<strong>Desventajas:<\/strong> cuando los datos se recogen sin identificadores personales, su valor de marketing se desploma. Al ofrecer menos percepciones significativas sobre las preferencias del cliente, impone restricciones a las comunicaciones personalizadas. Mientras evita filtraciones de datos desastrosas realizadas por piratas inform\u00e1ticos externos, los datos an\u00f3nimos facilitan ubicar a los culpables internos. Esto se debe a que solo el personal autorizado puede acceder a los datos confidenciales mediante inicios de sesi\u00f3n y contrase\u00f1as seguras registrados con marcas de tiempo.\r\n<h2>Anonimizaci\u00f3n de Datos para Traducciones<\/h2>\r\nEn gran parte del trabajo que tenemos en Trusted Translations se requiere el manejo de informaci\u00f3n de gran sensibilidad, personal, financiera y de salud, entre muchos otros aspectos. Es por eso que la anonimizaci\u00f3n de datos se encuentra entre los servicios de administraci\u00f3n de documentos de Trusted Translations para garantizar el cumplimiento normativo y la tranquilidad de todos nuestros clientes."},"state":{"type":"textfield","raw":""},"city":{"type":"textarea","raw":[]}}},"_links":{"self":[{"href":"https:\/\/www.trustedtranslations.com\/es\/wp-json\/wp\/v2\/pages\/182565","targetHints":{"allow":["GET"]}}],"collection":[{"href":"https:\/\/www.trustedtranslations.com\/es\/wp-json\/wp\/v2\/pages"}],"about":[{"href":"https:\/\/www.trustedtranslations.com\/es\/wp-json\/wp\/v2\/types\/page"}],"author":[{"embeddable":true,"href":"https:\/\/www.trustedtranslations.com\/es\/wp-json\/wp\/v2\/users\/1"}],"replies":[{"embeddable":true,"href":"https:\/\/www.trustedtranslations.com\/es\/wp-json\/wp\/v2\/comments?post=182565"}],"version-history":[{"count":0,"href":"https:\/\/www.trustedtranslations.com\/es\/wp-json\/wp\/v2\/pages\/182565\/revisions"}],"up":[{"embeddable":true,"href":"https:\/\/www.trustedtranslations.com\/es\/wp-json\/wp\/v2\/pages\/127133"}],"wp:featuredmedia":[{"embeddable":true,"href":"https:\/\/www.trustedtranslations.com\/es\/wp-json\/wp\/v2\/media\/248086"}],"wp:attachment":[{"href":"https:\/\/www.trustedtranslations.com\/es\/wp-json\/wp\/v2\/media?parent=182565"}],"curies":[{"name":"wp","href":"https:\/\/api.w.org\/{rel}","templated":true}]}}