{"id":182567,"date":"2023-02-10T16:58:07","date_gmt":"2023-02-10T19:58:07","guid":{"rendered":"https:\/\/www.trustedtranslations.com\/?page_id=182567"},"modified":"2024-09-10T18:29:11","modified_gmt":"2024-09-10T21:29:11","slug":"teams","status":"publish","type":"page","link":"https:\/\/www.trustedtranslations.com\/es\/servicios\/vri\/teams","title":{"rendered":"Teams"},"content":{"rendered":"","protected":false},"excerpt":{"rendered":"","protected":false},"author":1,"featured_media":244623,"parent":160044,"menu_order":1,"comment_status":"closed","ping_status":"closed","template":"","meta":{"site-sidebar-layout":"default","site-content-layout":"default","ast-site-content-layout":"default","site-content-style":"default","site-sidebar-style":"default","ast-global-header-display":"","ast-banner-title-visibility":"","ast-main-header-display":"","ast-hfb-above-header-display":"","ast-hfb-below-header-display":"","ast-hfb-mobile-header-display":"","site-post-title":"disabled","ast-breadcrumbs-content":"","ast-featured-img":"","footer-sml-layout":"","ast-disable-related-posts":"","theme-transparent-header-meta":"default","adv-header-id-meta":"","stick-header-meta":"","header-above-stick-meta":"","header-main-stick-meta":"","header-below-stick-meta":"","astra-migrate-meta-layouts":"set","ast-page-background-enabled":"default","ast-page-background-meta":{"desktop":{"background-color":"var(--ast-global-color-4)","background-image":"","background-repeat":"repeat","background-position":"center center","background-size":"auto","background-attachment":"scroll","background-type":"","background-media":"","overlay-type":"","overlay-color":"","overlay-opacity":"","overlay-gradient":""},"tablet":{"background-color":"","background-image":"","background-repeat":"repeat","background-position":"center center","background-size":"auto","background-attachment":"scroll","background-type":"","background-media":"","overlay-type":"","overlay-color":"","overlay-opacity":"","overlay-gradient":""},"mobile":{"background-color":"","background-image":"","background-repeat":"repeat","background-position":"center center","background-size":"auto","background-attachment":"scroll","background-type":"","background-media":"","overlay-type":"","overlay-color":"","overlay-opacity":"","overlay-gradient":""}},"ast-content-background-meta":{"desktop":{"background-color":"var(--ast-global-color-5)","background-image":"","background-repeat":"repeat","background-position":"center center","background-size":"auto","background-attachment":"scroll","background-type":"","background-media":"","overlay-type":"","overlay-color":"","overlay-opacity":"","overlay-gradient":""},"tablet":{"background-color":"var(--ast-global-color-5)","background-image":"","background-repeat":"repeat","background-position":"center center","background-size":"auto","background-attachment":"scroll","background-type":"","background-media":"","overlay-type":"","overlay-color":"","overlay-opacity":"","overlay-gradient":""},"mobile":{"background-color":"var(--ast-global-color-5)","background-image":"","background-repeat":"repeat","background-position":"center center","background-size":"auto","background-attachment":"scroll","background-type":"","background-media":"","overlay-type":"","overlay-color":"","overlay-opacity":"","overlay-gradient":""}},"footnotes":""},"class_list":["post-182567","page","type-page","status-publish","has-post-thumbnail","hentry"],"yoast_head":"<!-- This site is optimized with the Yoast SEO plugin v27.3 - https:\/\/yoast.com\/product\/yoast-seo-wordpress\/ -->\n<title>Servicios de Interpretaci\u00f3n de Microsoft Teams: Trusted Translations, Inc.<\/title>\n<meta name=\"description\" content=\"Trusted Translations es l\u00edder en servicios de interpretaci\u00f3n de idiomas para Microsoft Teams. Ll\u00e1menos para solicitar un presupuesto sin cargo o hacer una consulta.\" \/>\n<meta name=\"robots\" content=\"index, follow, max-snippet:-1, max-image-preview:large, max-video-preview:-1\" \/>\n<link rel=\"canonical\" href=\"https:\/\/www.trustedtranslations.com\/es\/servicios\/vri\/teams\" \/>\n<meta property=\"og:locale\" content=\"es_ES\" \/>\n<meta property=\"og:type\" content=\"article\" \/>\n<meta property=\"og:title\" content=\"Servicios de Interpretaci\u00f3n de Microsoft Teams: Trusted Translations, Inc.\" \/>\n<meta property=\"og:description\" content=\"Trusted Translations es l\u00edder en servicios de interpretaci\u00f3n de idiomas para Microsoft Teams. Ll\u00e1menos para solicitar un presupuesto sin cargo o hacer una consulta.\" \/>\n<meta property=\"og:url\" content=\"https:\/\/www.trustedtranslations.com\/es\/servicios\/vri\/teams\" \/>\n<meta property=\"og:site_name\" content=\"Trusted Translations\" \/>\n<meta property=\"article:publisher\" content=\"https:\/\/www.facebook.com\/Trusted.Translations\" \/>\n<meta property=\"article:modified_time\" content=\"2024-09-10T21:29:11+00:00\" \/>\n<meta property=\"og:image\" content=\"https:\/\/static.trustedtranslations.com\/wp-content\/uploads\/2024\/02\/TT-ICON_Remote-Multilingual-Inte-10.webp\" \/>\n\t<meta property=\"og:image:width\" content=\"151\" \/>\n\t<meta property=\"og:image:height\" content=\"151\" \/>\n\t<meta property=\"og:image:type\" content=\"image\/webp\" \/>\n<meta name=\"twitter:card\" content=\"summary_large_image\" \/>\n<meta name=\"twitter:site\" content=\"@TrustedT9ns\" \/>\n<script type=\"application\/ld+json\" class=\"yoast-schema-graph\">{\"@context\":\"https:\\\/\\\/schema.org\",\"@graph\":[{\"@type\":\"WebPage\",\"@id\":\"https:\\\/\\\/www.trustedtranslations.com\\\/es\\\/servicios\\\/vri\\\/teams\",\"url\":\"https:\\\/\\\/www.trustedtranslations.com\\\/es\\\/servicios\\\/vri\\\/teams\",\"name\":\"Servicios de Interpretaci\u00f3n de Microsoft Teams: Trusted Translations, Inc.\",\"isPartOf\":{\"@id\":\"https:\\\/\\\/www.trustedtranslations.com\\\/es\\\/#website\"},\"primaryImageOfPage\":{\"@id\":\"https:\\\/\\\/www.trustedtranslations.com\\\/es\\\/servicios\\\/vri\\\/teams#primaryimage\"},\"image\":{\"@id\":\"https:\\\/\\\/www.trustedtranslations.com\\\/es\\\/servicios\\\/vri\\\/teams#primaryimage\"},\"thumbnailUrl\":\"https:\\\/\\\/www.trustedtranslations.com\\\/wp-content\\\/uploads\\\/2024\\\/02\\\/TT-ICON_Remote-Multilingual-Inte-10.webp\",\"description\":\"Trusted Translations es l\u00edder en servicios de interpretaci\u00f3n de idiomas para Microsoft Teams. Ll\u00e1menos para solicitar un presupuesto sin cargo o hacer una consulta.\",\"breadcrumb\":{\"@id\":\"https:\\\/\\\/www.trustedtranslations.com\\\/es\\\/servicios\\\/vri\\\/teams#breadcrumb\"},\"inLanguage\":\"es\",\"potentialAction\":[{\"@type\":\"ReadAction\",\"target\":[\"https:\\\/\\\/www.trustedtranslations.com\\\/es\\\/servicios\\\/vri\\\/teams\"]}]},{\"@type\":\"ImageObject\",\"inLanguage\":\"es\",\"@id\":\"https:\\\/\\\/www.trustedtranslations.com\\\/es\\\/servicios\\\/vri\\\/teams#primaryimage\",\"url\":\"https:\\\/\\\/www.trustedtranslations.com\\\/wp-content\\\/uploads\\\/2024\\\/02\\\/TT-ICON_Remote-Multilingual-Inte-10.webp\",\"contentUrl\":\"https:\\\/\\\/www.trustedtranslations.com\\\/wp-content\\\/uploads\\\/2024\\\/02\\\/TT-ICON_Remote-Multilingual-Inte-10.webp\",\"width\":151,\"height\":151,\"caption\":\"TT ICON Remote Multilingual Inte 10\"},{\"@type\":\"BreadcrumbList\",\"@id\":\"https:\\\/\\\/www.trustedtranslations.com\\\/es\\\/servicios\\\/vri\\\/teams#breadcrumb\",\"itemListElement\":[{\"@type\":\"ListItem\",\"position\":1,\"name\":\"Home\",\"item\":\"https:\\\/\\\/www.trustedtranslations.com\\\/es\"},{\"@type\":\"ListItem\",\"position\":2,\"name\":\"Servicios\",\"item\":\"https:\\\/\\\/www.trustedtranslations.com\\\/es\\\/servicios\"},{\"@type\":\"ListItem\",\"position\":3,\"name\":\"Interpretaci\u00f3n Remota por Video (VRI)\",\"item\":\"https:\\\/\\\/www.trustedtranslations.com\\\/es\\\/servicios\\\/vri\"},{\"@type\":\"ListItem\",\"position\":4,\"name\":\"Teams\"}]},{\"@type\":\"WebSite\",\"@id\":\"https:\\\/\\\/www.trustedtranslations.com\\\/es\\\/#website\",\"url\":\"https:\\\/\\\/www.trustedtranslations.com\\\/es\\\/\",\"name\":\"Trusted Translations, Inc.\",\"description\":\"Leader in translation and interpretation services.\",\"publisher\":{\"@id\":\"https:\\\/\\\/www.trustedtranslations.com\\\/es\\\/#organization\"},\"alternateName\":\"Trusted Translations\",\"potentialAction\":[{\"@type\":\"SearchAction\",\"target\":{\"@type\":\"EntryPoint\",\"urlTemplate\":\"https:\\\/\\\/www.trustedtranslations.com\\\/es\\\/?s={search_term_string}\"},\"query-input\":{\"@type\":\"PropertyValueSpecification\",\"valueRequired\":true,\"valueName\":\"search_term_string\"}}],\"inLanguage\":\"es\"},{\"@type\":\"Organization\",\"@id\":\"https:\\\/\\\/www.trustedtranslations.com\\\/es\\\/#organization\",\"name\":\"Trusted Translations\",\"alternateName\":\"Trusted Translations, Inc.\",\"url\":\"https:\\\/\\\/www.trustedtranslations.com\\\/es\\\/\",\"logo\":{\"@type\":\"ImageObject\",\"inLanguage\":\"es\",\"@id\":\"https:\\\/\\\/www.trustedtranslations.com\\\/es\\\/#\\\/schema\\\/logo\\\/image\\\/\",\"url\":\"https:\\\/\\\/static.trustedtranslations.com\\\/wp-content\\\/uploads\\\/2022\\\/01\\\/TT_logo_WSIColors-2.png\",\"contentUrl\":\"https:\\\/\\\/static.trustedtranslations.com\\\/wp-content\\\/uploads\\\/2022\\\/01\\\/TT_logo_WSIColors-2.png\",\"width\":500,\"height\":196,\"caption\":\"Trusted Translations\"},\"image\":{\"@id\":\"https:\\\/\\\/www.trustedtranslations.com\\\/es\\\/#\\\/schema\\\/logo\\\/image\\\/\"},\"sameAs\":[\"https:\\\/\\\/www.facebook.com\\\/Trusted.Translations\",\"https:\\\/\\\/x.com\\\/TrustedT9ns\",\"https:\\\/\\\/www.linkedin.com\\\/company\\\/trusted-translations\"]}]}<\/script>\n<!-- \/ Yoast SEO plugin. -->","yoast_head_json":{"title":"Servicios de Interpretaci\u00f3n de Microsoft Teams: Trusted Translations, Inc.","description":"Trusted Translations es l\u00edder en servicios de interpretaci\u00f3n de idiomas para Microsoft Teams. Ll\u00e1menos para solicitar un presupuesto sin cargo o hacer una consulta.","robots":{"index":"index","follow":"follow","max-snippet":"max-snippet:-1","max-image-preview":"max-image-preview:large","max-video-preview":"max-video-preview:-1"},"canonical":"https:\/\/www.trustedtranslations.com\/es\/servicios\/vri\/teams","og_locale":"es_ES","og_type":"article","og_title":"Servicios de Interpretaci\u00f3n de Microsoft Teams: Trusted Translations, Inc.","og_description":"Trusted Translations es l\u00edder en servicios de interpretaci\u00f3n de idiomas para Microsoft Teams. Ll\u00e1menos para solicitar un presupuesto sin cargo o hacer una consulta.","og_url":"https:\/\/www.trustedtranslations.com\/es\/servicios\/vri\/teams","og_site_name":"Trusted Translations","article_publisher":"https:\/\/www.facebook.com\/Trusted.Translations","article_modified_time":"2024-09-10T21:29:11+00:00","og_image":[{"width":151,"height":151,"url":"https:\/\/static.trustedtranslations.com\/wp-content\/uploads\/2024\/02\/TT-ICON_Remote-Multilingual-Inte-10.webp","type":"image\/webp"}],"twitter_card":"summary_large_image","twitter_site":"@TrustedT9ns","schema":{"@context":"https:\/\/schema.org","@graph":[{"@type":"WebPage","@id":"https:\/\/www.trustedtranslations.com\/es\/servicios\/vri\/teams","url":"https:\/\/www.trustedtranslations.com\/es\/servicios\/vri\/teams","name":"Servicios de Interpretaci\u00f3n de Microsoft Teams: Trusted Translations, Inc.","isPartOf":{"@id":"https:\/\/www.trustedtranslations.com\/es\/#website"},"primaryImageOfPage":{"@id":"https:\/\/www.trustedtranslations.com\/es\/servicios\/vri\/teams#primaryimage"},"image":{"@id":"https:\/\/www.trustedtranslations.com\/es\/servicios\/vri\/teams#primaryimage"},"thumbnailUrl":"https:\/\/www.trustedtranslations.com\/wp-content\/uploads\/2024\/02\/TT-ICON_Remote-Multilingual-Inte-10.webp","description":"Trusted Translations es l\u00edder en servicios de interpretaci\u00f3n de idiomas para Microsoft Teams. Ll\u00e1menos para solicitar un presupuesto sin cargo o hacer una consulta.","breadcrumb":{"@id":"https:\/\/www.trustedtranslations.com\/es\/servicios\/vri\/teams#breadcrumb"},"inLanguage":"es","potentialAction":[{"@type":"ReadAction","target":["https:\/\/www.trustedtranslations.com\/es\/servicios\/vri\/teams"]}]},{"@type":"ImageObject","inLanguage":"es","@id":"https:\/\/www.trustedtranslations.com\/es\/servicios\/vri\/teams#primaryimage","url":"https:\/\/www.trustedtranslations.com\/wp-content\/uploads\/2024\/02\/TT-ICON_Remote-Multilingual-Inte-10.webp","contentUrl":"https:\/\/www.trustedtranslations.com\/wp-content\/uploads\/2024\/02\/TT-ICON_Remote-Multilingual-Inte-10.webp","width":151,"height":151,"caption":"TT ICON Remote Multilingual Inte 10"},{"@type":"BreadcrumbList","@id":"https:\/\/www.trustedtranslations.com\/es\/servicios\/vri\/teams#breadcrumb","itemListElement":[{"@type":"ListItem","position":1,"name":"Home","item":"https:\/\/www.trustedtranslations.com\/es"},{"@type":"ListItem","position":2,"name":"Servicios","item":"https:\/\/www.trustedtranslations.com\/es\/servicios"},{"@type":"ListItem","position":3,"name":"Interpretaci\u00f3n Remota por Video (VRI)","item":"https:\/\/www.trustedtranslations.com\/es\/servicios\/vri"},{"@type":"ListItem","position":4,"name":"Teams"}]},{"@type":"WebSite","@id":"https:\/\/www.trustedtranslations.com\/es\/#website","url":"https:\/\/www.trustedtranslations.com\/es\/","name":"Trusted Translations, Inc.","description":"Leader in translation and interpretation services.","publisher":{"@id":"https:\/\/www.trustedtranslations.com\/es\/#organization"},"alternateName":"Trusted Translations","potentialAction":[{"@type":"SearchAction","target":{"@type":"EntryPoint","urlTemplate":"https:\/\/www.trustedtranslations.com\/es\/?s={search_term_string}"},"query-input":{"@type":"PropertyValueSpecification","valueRequired":true,"valueName":"search_term_string"}}],"inLanguage":"es"},{"@type":"Organization","@id":"https:\/\/www.trustedtranslations.com\/es\/#organization","name":"Trusted Translations","alternateName":"Trusted Translations, Inc.","url":"https:\/\/www.trustedtranslations.com\/es\/","logo":{"@type":"ImageObject","inLanguage":"es","@id":"https:\/\/www.trustedtranslations.com\/es\/#\/schema\/logo\/image\/","url":"https:\/\/static.trustedtranslations.com\/wp-content\/uploads\/2022\/01\/TT_logo_WSIColors-2.png","contentUrl":"https:\/\/static.trustedtranslations.com\/wp-content\/uploads\/2022\/01\/TT_logo_WSIColors-2.png","width":500,"height":196,"caption":"Trusted Translations"},"image":{"@id":"https:\/\/www.trustedtranslations.com\/es\/#\/schema\/logo\/image\/"},"sameAs":["https:\/\/www.facebook.com\/Trusted.Translations","https:\/\/x.com\/TrustedT9ns","https:\/\/www.linkedin.com\/company\/trusted-translations"]}]}},"toolset-meta":{"dyk":{"mensaje-1":{"type":"textfield","raw":"Traducimos para empresas Fortune 500 a un precio entre un 25% y un 50% por debajo del precio de mercado."},"mensaje-2":{"type":"textfield","raw":"Lloyd\u2019s of London respalda cada una de nuestras traducciones."},"mensaje-3":{"type":"textfield","raw":"Trusted Translations apadrina con orgullo al St. Jude Children\u2019s Research Hospital."},"mensaje-4":{"type":"textfield","raw":"Se nos ha nombrado una de las \u201cMejores 500 Empresas Hispano-Estadounidenses\u201d de Estados\u00a0Unidos."},"mensaje-5":{"type":"textfield","raw":"Trusted Translations tiene m\u00e1s de 5,000 clientes satisfechos en casi todas las industrias."},"mensaje-6":{"type":"textfield","raw":""}},"single-page-template-fields":{"imgs-temp":{"type":"image","raw":["https:\/\/static.trustedtranslations.com\/wp-content\/uploads\/2024\/07\/ms-teams-1.webp","https:\/\/static.trustedtranslations.com\/wp-content\/uploads\/2024\/07\/ms-teams-3-1.webp"],"repeatable":[{"raw":"https:\/\/static.trustedtranslations.com\/wp-content\/uploads\/2024\/07\/ms-teams-1.webp"},{"raw":"https:\/\/static.trustedtranslations.com\/wp-content\/uploads\/2024\/07\/ms-teams-3-1.webp"}]},"imgs-temp-cel":{"type":"image","raw":[""],"repeatable":[{"raw":""}]},"img-temp-one-cel":{"type":"image","raw":"https:\/\/static.trustedtranslations.com\/wp-content\/uploads\/2024\/07\/ms-teams-2-1.webp","attachment_id":null},"quotes":{"type":"textarea","raw":"<h1 style=\"margin-bottom: 12px;\">Servicios de Interpretaci\u00f3n Remota Multiling\u00fce en Teams<\/h1>\r\nEntre las muchas opciones para plataformas de trabajo remoto, Microsoft Teams se ha convertido en l\u00edder mundial y la principal alternativa a Zoom. En Trusted Translations, ofrecemos servicios profesionales de interpretaci\u00f3n remota de alta calidad para reuniones, seminarios web y otros eventos en Teams.\r\n<div style=\"margin-top: 2.5vw;\"><a class=\"tt-btn-main-cta\" href=\"https:\/\/www.trustedtranslations.com\/es\/presupuesto-sin-cargo\">Solicite un presupuesto sin cargo<\/a><\/div>"},"text-1":{"type":"textarea","raw":"<h2>Interpretaci\u00f3n Profesional para Reuniones y Seminarios Web en Teams<\/h2>\r\n<img class=\"alignleft wp-image-177225\" src=\"https:\/\/static.trustedtranslations.com\/wp-content\/uploads\/2023\/01\/ms-teams-3-1-1-300x200.jpg\" alt=\"\" width=\"500\" height=\"334\" \/>\r\n\r\nDesarrollado por la central t\u00e9cnica de Microsoft, no sorprende que Microsoft Teams sea una plataforma de colaboraci\u00f3n global l\u00edder. De hecho, con alrededor de 270 millones de usuarios activos mensuales en 2022, Teams es la plataforma de comunicaciones comerciales m\u00e1s popular del mundo. Si busca servicios de interpretaci\u00f3n profesional para sus reuniones en Teams, Trusted Translations trabajar\u00e1 con usted para asignar profesionales especializados en interpretaci\u00f3n remota simult\u00e1nea o consecutiva.\r\n\r\nA partir de septiembre de 2022, Teams ha puesto a disponibilidad general la interpretaci\u00f3n de idiomas para reuniones programadas, reuniones de canal, reuniones con hasta 1,000 participantes y seminarios web. Al sumar la interpretaci\u00f3n multiling\u00fce a Teams, los organizadores pueden agregar hasta 16 pares de idiomas diferentes (por ejemplo, del ingl\u00e9s al espa\u00f1ol) y los int\u00e9rpretes que necesite para los 16 pares de idiomas.\r\nDespu\u00e9s de habilitar la interpretaci\u00f3n de idiomas en la configuraci\u00f3n de Teams, el organizador solo buscar\u00e1 o seleccionar\u00e1 el nombre de un int\u00e9rprete y elegir\u00e1 el idioma de origen y el de destino. Tenga en cuenta que, como Teams en la actualidad solo permite la interpretaci\u00f3n unidireccional, en las reuniones que involucren varios idiomas de origen, deber\u00e1 agregar a m\u00e1s int\u00e9rpretes.\r\n<h2>Beneficios de las Reuniones Multiling\u00fces en Teams<\/h2>\r\n\u00bfPor qu\u00e9 usar Teams para la interpretaci\u00f3n multiling\u00fce remota? A diferencia de Zoom, que es solo una plataforma de videoconferencia, la naturaleza integral de Teams aporta algunos beneficios adicionales:\r\n<ul>\r\n \t<li>La integraci\u00f3n profunda con productos de Office 365 proporciona una f\u00e1cil coordinaci\u00f3n de documentos, hojas de c\u00e1lculo, listados de tareas, etc.<\/li>\r\n \t<li>\u00a0Tiene el respaldo de Microsoft, que ofrece soporte t\u00e9cnico en m\u00e1s de 40 idiomas.<\/li>\r\n \t<li>No tiene costo adicional si ya posee una cuenta de Microsoft Business.<\/li>\r\n \t<li>Ya lo utilizan numerosas organizaciones internacionales de todo el mundo.<\/li>\r\n<\/ul>\r\nEn general, la interpretaci\u00f3n remota por video tambi\u00e9n puede ahorrar costos de viaje y de renta de equipos mientras mejora su accesibilidad a un p\u00fablico m\u00e1s amplio."},"shortcode-map":{"type":"textfield","raw":""},"dyk-shortcode":{"type":"textfield","raw":"[elementor-template id=\"139368\"]"},"text-2":{"type":"textarea","raw":"<h2>Limitaciones de Teams para la Interpretaci\u00f3n Remota<\/h2>\r\nJunto con sus muchas ventajas, hay varias caracter\u00edsticas de Microsoft Teams a tener en cuenta al decidirse por una plataforma de interpretaci\u00f3n remota.\r\n<ul>\r\n \t<li>En una reuni\u00f3n principal, la interpretaci\u00f3n no se trasladar\u00e1 a las salas de grupos.<\/li>\r\n \t<li>En una sesi\u00f3n grabada, el audio del int\u00e9rprete no aparecer\u00e1 en la grabaci\u00f3n.<\/li>\r\n \t<li>La interpretaci\u00f3n no est\u00e1 disponible en las reuniones cifradas de extremo a extremo (E2EE).<\/li>\r\n \t<li>Puede ser dif\u00edcil asignar permisos y configurar la privacidad, en especial para los int\u00e9rpretes invitados o externos.<\/li>\r\n \t<li>La interfaz de usuario de Teams tiene una curva de aprendizaje m\u00e1s pronunciada que la de Zoom.<\/li>\r\n<\/ul>\r\nPor ejemplo, si el tema de su reuni\u00f3n debe cifrarse o si planea grabar sesiones multiling\u00fces para descargarlas m\u00e1s tarde, es posible que Teams no sea la opci\u00f3n correcta. Del mismo modo, la interfaz de usuario m\u00e1s compleja de Teams podr\u00eda presentar una barrera si no todos los asistentes est\u00e1n familiarizados con el sistema. Por otro lado, las funciones de productividad integradas de Teams podr\u00edan ser muy preferibles en los eventos internos de su empresa.\r\n<h2>Nuestro Personal<img class=\"alignright wp-image-177240\" src=\"https:\/\/static.trustedtranslations.com\/wp-content\/uploads\/2023\/01\/video-remote-interpreter-300x200.jpg\" alt=\"\" width=\"500\" height=\"334\" \/><\/h2>\r\n\u00bfNo est\u00e1 seguro de si Teams es la opci\u00f3n adecuada para sus necesidades de interpretaci\u00f3n remota? En <em>Trusted Translations<\/em>, ofrecemos interpretaci\u00f3n tanto simult\u00e1nea como consecutiva, y podemos ayudarlo a determinar qu\u00e9 servicios de interpretaci\u00f3n funcionar\u00e1n mejor para usted. Estamos bien versados en las complejidades de la plataforma Microsoft Teams y en c\u00f3mo aprovechar mejor la interpretaci\u00f3n remota para construir conexiones globales."},"state":{"type":"textfield","raw":""},"city":{"type":"textarea","raw":[]}}},"_links":{"self":[{"href":"https:\/\/www.trustedtranslations.com\/es\/wp-json\/wp\/v2\/pages\/182567","targetHints":{"allow":["GET"]}}],"collection":[{"href":"https:\/\/www.trustedtranslations.com\/es\/wp-json\/wp\/v2\/pages"}],"about":[{"href":"https:\/\/www.trustedtranslations.com\/es\/wp-json\/wp\/v2\/types\/page"}],"author":[{"embeddable":true,"href":"https:\/\/www.trustedtranslations.com\/es\/wp-json\/wp\/v2\/users\/1"}],"replies":[{"embeddable":true,"href":"https:\/\/www.trustedtranslations.com\/es\/wp-json\/wp\/v2\/comments?post=182567"}],"version-history":[{"count":0,"href":"https:\/\/www.trustedtranslations.com\/es\/wp-json\/wp\/v2\/pages\/182567\/revisions"}],"up":[{"embeddable":true,"href":"https:\/\/www.trustedtranslations.com\/es\/wp-json\/wp\/v2\/pages\/160044"}],"wp:featuredmedia":[{"embeddable":true,"href":"https:\/\/www.trustedtranslations.com\/es\/wp-json\/wp\/v2\/media\/244623"}],"wp:attachment":[{"href":"https:\/\/www.trustedtranslations.com\/es\/wp-json\/wp\/v2\/media?parent=182567"}],"curies":[{"name":"wp","href":"https:\/\/api.w.org\/{rel}","templated":true}]}}