{"id":182569,"date":"2023-02-03T15:24:24","date_gmt":"2023-02-03T18:24:24","guid":{"rendered":"https:\/\/www.trustedtranslations.com\/?page_id=182569"},"modified":"2024-09-10T18:35:45","modified_gmt":"2024-09-10T21:35:45","slug":"google-meet","status":"publish","type":"page","link":"https:\/\/www.trustedtranslations.com\/es\/servicios\/vri\/google-meet","title":{"rendered":"Google Meet"},"content":{"rendered":"","protected":false},"excerpt":{"rendered":"","protected":false},"author":1,"featured_media":244671,"parent":160044,"menu_order":2,"comment_status":"closed","ping_status":"closed","template":"","meta":{"site-sidebar-layout":"default","site-content-layout":"default","ast-site-content-layout":"default","site-content-style":"default","site-sidebar-style":"default","ast-global-header-display":"","ast-banner-title-visibility":"","ast-main-header-display":"","ast-hfb-above-header-display":"","ast-hfb-below-header-display":"","ast-hfb-mobile-header-display":"","site-post-title":"disabled","ast-breadcrumbs-content":"","ast-featured-img":"","footer-sml-layout":"","theme-transparent-header-meta":"default","adv-header-id-meta":"","stick-header-meta":"","header-above-stick-meta":"","header-main-stick-meta":"","header-below-stick-meta":"","astra-migrate-meta-layouts":"set","ast-page-background-enabled":"default","ast-page-background-meta":{"desktop":{"background-color":"var(--ast-global-color-4)","background-image":"","background-repeat":"repeat","background-position":"center center","background-size":"auto","background-attachment":"scroll","background-type":"","background-media":"","overlay-type":"","overlay-color":"","overlay-opacity":"","overlay-gradient":""},"tablet":{"background-color":"","background-image":"","background-repeat":"repeat","background-position":"center center","background-size":"auto","background-attachment":"scroll","background-type":"","background-media":"","overlay-type":"","overlay-color":"","overlay-opacity":"","overlay-gradient":""},"mobile":{"background-color":"","background-image":"","background-repeat":"repeat","background-position":"center center","background-size":"auto","background-attachment":"scroll","background-type":"","background-media":"","overlay-type":"","overlay-color":"","overlay-opacity":"","overlay-gradient":""}},"ast-content-background-meta":{"desktop":{"background-color":"var(--ast-global-color-5)","background-image":"","background-repeat":"repeat","background-position":"center center","background-size":"auto","background-attachment":"scroll","background-type":"","background-media":"","overlay-type":"","overlay-color":"","overlay-opacity":"","overlay-gradient":""},"tablet":{"background-color":"var(--ast-global-color-5)","background-image":"","background-repeat":"repeat","background-position":"center center","background-size":"auto","background-attachment":"scroll","background-type":"","background-media":"","overlay-type":"","overlay-color":"","overlay-opacity":"","overlay-gradient":""},"mobile":{"background-color":"var(--ast-global-color-5)","background-image":"","background-repeat":"repeat","background-position":"center center","background-size":"auto","background-attachment":"scroll","background-type":"","background-media":"","overlay-type":"","overlay-color":"","overlay-opacity":"","overlay-gradient":""}},"footnotes":""},"class_list":["post-182569","page","type-page","status-publish","has-post-thumbnail","hentry"],"yoast_head":"<!-- This site is optimized with the Yoast SEO plugin v27.5 - https:\/\/yoast.com\/product\/yoast-seo-wordpress\/ -->\n<title>Servicios de Interpretaci\u00f3n para Google Meet: Trusted Translations, inc.<\/title>\n<meta name=\"description\" content=\"Trusted Translations ofrece servicios profesionales de VRI para Google Meet. Mejore sus reuniones virtuales con nuestras confiables soluciones de interpretaci\u00f3n. Solicite un presupuesto sin cargo.\" \/>\n<meta name=\"robots\" content=\"index, follow, max-snippet:-1, max-image-preview:large, max-video-preview:-1\" \/>\n<link rel=\"canonical\" href=\"https:\/\/www.trustedtranslations.com\/es\/servicios\/vri\/google-meet\" \/>\n<meta property=\"og:locale\" content=\"es_ES\" \/>\n<meta property=\"og:type\" content=\"article\" \/>\n<meta property=\"og:title\" content=\"Servicios de Interpretaci\u00f3n para Google Meet: Trusted Translations, inc.\" \/>\n<meta property=\"og:description\" content=\"Trusted Translations ofrece servicios profesionales de VRI para Google Meet. Mejore sus reuniones virtuales con nuestras confiables soluciones de interpretaci\u00f3n. Solicite un presupuesto sin cargo.\" \/>\n<meta property=\"og:url\" content=\"https:\/\/www.trustedtranslations.com\/es\/servicios\/vri\/google-meet\" \/>\n<meta property=\"og:site_name\" content=\"Trusted Translations\" \/>\n<meta property=\"article:publisher\" content=\"https:\/\/www.facebook.com\/Trusted.Translations\" \/>\n<meta property=\"article:modified_time\" content=\"2024-09-10T21:35:45+00:00\" \/>\n<meta property=\"og:image\" content=\"https:\/\/static.trustedtranslations.com\/wp-content\/uploads\/2024\/02\/TT-ICON_Remote-Multilingual-Inte-13.webp\" \/>\n\t<meta property=\"og:image:width\" content=\"151\" \/>\n\t<meta property=\"og:image:height\" content=\"151\" \/>\n\t<meta property=\"og:image:type\" content=\"image\/webp\" \/>\n<meta name=\"twitter:card\" content=\"summary_large_image\" \/>\n<meta name=\"twitter:site\" content=\"@TrustedT9ns\" \/>\n<script type=\"application\/ld+json\" class=\"yoast-schema-graph\">{\"@context\":\"https:\\\/\\\/schema.org\",\"@graph\":[{\"@type\":\"WebPage\",\"@id\":\"https:\\\/\\\/www.trustedtranslations.com\\\/es\\\/servicios\\\/vri\\\/google-meet\",\"url\":\"https:\\\/\\\/www.trustedtranslations.com\\\/es\\\/servicios\\\/vri\\\/google-meet\",\"name\":\"Servicios de Interpretaci\u00f3n para Google Meet: Trusted Translations, inc.\",\"isPartOf\":{\"@id\":\"https:\\\/\\\/www.trustedtranslations.com\\\/es\\\/#website\"},\"primaryImageOfPage\":{\"@id\":\"https:\\\/\\\/www.trustedtranslations.com\\\/es\\\/servicios\\\/vri\\\/google-meet#primaryimage\"},\"image\":{\"@id\":\"https:\\\/\\\/www.trustedtranslations.com\\\/es\\\/servicios\\\/vri\\\/google-meet#primaryimage\"},\"thumbnailUrl\":\"https:\\\/\\\/www.trustedtranslations.com\\\/wp-content\\\/uploads\\\/2024\\\/02\\\/TT-ICON_Remote-Multilingual-Inte-13.webp\",\"description\":\"Trusted Translations ofrece servicios profesionales de VRI para Google Meet. Mejore sus reuniones virtuales con nuestras confiables soluciones de interpretaci\u00f3n. Solicite un presupuesto sin cargo.\",\"breadcrumb\":{\"@id\":\"https:\\\/\\\/www.trustedtranslations.com\\\/es\\\/servicios\\\/vri\\\/google-meet#breadcrumb\"},\"inLanguage\":\"es\",\"potentialAction\":[{\"@type\":\"ReadAction\",\"target\":[\"https:\\\/\\\/www.trustedtranslations.com\\\/es\\\/servicios\\\/vri\\\/google-meet\"]}]},{\"@type\":\"ImageObject\",\"inLanguage\":\"es\",\"@id\":\"https:\\\/\\\/www.trustedtranslations.com\\\/es\\\/servicios\\\/vri\\\/google-meet#primaryimage\",\"url\":\"https:\\\/\\\/www.trustedtranslations.com\\\/wp-content\\\/uploads\\\/2024\\\/02\\\/TT-ICON_Remote-Multilingual-Inte-13.webp\",\"contentUrl\":\"https:\\\/\\\/www.trustedtranslations.com\\\/wp-content\\\/uploads\\\/2024\\\/02\\\/TT-ICON_Remote-Multilingual-Inte-13.webp\",\"width\":151,\"height\":151,\"caption\":\"TT ICON Remote Multilingual Inte 13\"},{\"@type\":\"BreadcrumbList\",\"@id\":\"https:\\\/\\\/www.trustedtranslations.com\\\/es\\\/servicios\\\/vri\\\/google-meet#breadcrumb\",\"itemListElement\":[{\"@type\":\"ListItem\",\"position\":1,\"name\":\"Home\",\"item\":\"https:\\\/\\\/www.trustedtranslations.com\\\/es\"},{\"@type\":\"ListItem\",\"position\":2,\"name\":\"Servicios\",\"item\":\"https:\\\/\\\/www.trustedtranslations.com\\\/es\\\/servicios\"},{\"@type\":\"ListItem\",\"position\":3,\"name\":\"Interpretaci\u00f3n Remota por Video (VRI)\",\"item\":\"https:\\\/\\\/www.trustedtranslations.com\\\/es\\\/servicios\\\/vri\"},{\"@type\":\"ListItem\",\"position\":4,\"name\":\"Google Meet\"}]},{\"@type\":\"WebSite\",\"@id\":\"https:\\\/\\\/www.trustedtranslations.com\\\/es\\\/#website\",\"url\":\"https:\\\/\\\/www.trustedtranslations.com\\\/es\\\/\",\"name\":\"Trusted Translations, Inc.\",\"description\":\"Leader in translation and interpretation services.\",\"publisher\":{\"@id\":\"https:\\\/\\\/www.trustedtranslations.com\\\/es\\\/#organization\"},\"alternateName\":\"Trusted Translations\",\"potentialAction\":[{\"@type\":\"SearchAction\",\"target\":{\"@type\":\"EntryPoint\",\"urlTemplate\":\"https:\\\/\\\/www.trustedtranslations.com\\\/es\\\/?s={search_term_string}\"},\"query-input\":{\"@type\":\"PropertyValueSpecification\",\"valueRequired\":true,\"valueName\":\"search_term_string\"}}],\"inLanguage\":\"es\"},{\"@type\":\"Organization\",\"@id\":\"https:\\\/\\\/www.trustedtranslations.com\\\/es\\\/#organization\",\"name\":\"Trusted Translations\",\"alternateName\":\"Trusted Translations, Inc.\",\"url\":\"https:\\\/\\\/www.trustedtranslations.com\\\/es\\\/\",\"logo\":{\"@type\":\"ImageObject\",\"inLanguage\":\"es\",\"@id\":\"https:\\\/\\\/www.trustedtranslations.com\\\/es\\\/#\\\/schema\\\/logo\\\/image\\\/\",\"url\":\"https:\\\/\\\/static.trustedtranslations.com\\\/wp-content\\\/uploads\\\/2022\\\/01\\\/TT_logo_WSIColors-2.png\",\"contentUrl\":\"https:\\\/\\\/static.trustedtranslations.com\\\/wp-content\\\/uploads\\\/2022\\\/01\\\/TT_logo_WSIColors-2.png\",\"width\":500,\"height\":196,\"caption\":\"Trusted Translations\"},\"image\":{\"@id\":\"https:\\\/\\\/www.trustedtranslations.com\\\/es\\\/#\\\/schema\\\/logo\\\/image\\\/\"},\"sameAs\":[\"https:\\\/\\\/www.facebook.com\\\/Trusted.Translations\",\"https:\\\/\\\/x.com\\\/TrustedT9ns\",\"https:\\\/\\\/www.linkedin.com\\\/company\\\/trusted-translations\"]}]}<\/script>\n<!-- \/ Yoast SEO plugin. -->","yoast_head_json":{"title":"Servicios de Interpretaci\u00f3n para Google Meet: Trusted Translations, inc.","description":"Trusted Translations ofrece servicios profesionales de VRI para Google Meet. Mejore sus reuniones virtuales con nuestras confiables soluciones de interpretaci\u00f3n. Solicite un presupuesto sin cargo.","robots":{"index":"index","follow":"follow","max-snippet":"max-snippet:-1","max-image-preview":"max-image-preview:large","max-video-preview":"max-video-preview:-1"},"canonical":"https:\/\/www.trustedtranslations.com\/es\/servicios\/vri\/google-meet","og_locale":"es_ES","og_type":"article","og_title":"Servicios de Interpretaci\u00f3n para Google Meet: Trusted Translations, inc.","og_description":"Trusted Translations ofrece servicios profesionales de VRI para Google Meet. Mejore sus reuniones virtuales con nuestras confiables soluciones de interpretaci\u00f3n. Solicite un presupuesto sin cargo.","og_url":"https:\/\/www.trustedtranslations.com\/es\/servicios\/vri\/google-meet","og_site_name":"Trusted Translations","article_publisher":"https:\/\/www.facebook.com\/Trusted.Translations","article_modified_time":"2024-09-10T21:35:45+00:00","og_image":[{"width":151,"height":151,"url":"https:\/\/static.trustedtranslations.com\/wp-content\/uploads\/2024\/02\/TT-ICON_Remote-Multilingual-Inte-13.webp","type":"image\/webp"}],"twitter_card":"summary_large_image","twitter_site":"@TrustedT9ns","schema":{"@context":"https:\/\/schema.org","@graph":[{"@type":"WebPage","@id":"https:\/\/www.trustedtranslations.com\/es\/servicios\/vri\/google-meet","url":"https:\/\/www.trustedtranslations.com\/es\/servicios\/vri\/google-meet","name":"Servicios de Interpretaci\u00f3n para Google Meet: Trusted Translations, inc.","isPartOf":{"@id":"https:\/\/www.trustedtranslations.com\/es\/#website"},"primaryImageOfPage":{"@id":"https:\/\/www.trustedtranslations.com\/es\/servicios\/vri\/google-meet#primaryimage"},"image":{"@id":"https:\/\/www.trustedtranslations.com\/es\/servicios\/vri\/google-meet#primaryimage"},"thumbnailUrl":"https:\/\/www.trustedtranslations.com\/wp-content\/uploads\/2024\/02\/TT-ICON_Remote-Multilingual-Inte-13.webp","description":"Trusted Translations ofrece servicios profesionales de VRI para Google Meet. Mejore sus reuniones virtuales con nuestras confiables soluciones de interpretaci\u00f3n. Solicite un presupuesto sin cargo.","breadcrumb":{"@id":"https:\/\/www.trustedtranslations.com\/es\/servicios\/vri\/google-meet#breadcrumb"},"inLanguage":"es","potentialAction":[{"@type":"ReadAction","target":["https:\/\/www.trustedtranslations.com\/es\/servicios\/vri\/google-meet"]}]},{"@type":"ImageObject","inLanguage":"es","@id":"https:\/\/www.trustedtranslations.com\/es\/servicios\/vri\/google-meet#primaryimage","url":"https:\/\/www.trustedtranslations.com\/wp-content\/uploads\/2024\/02\/TT-ICON_Remote-Multilingual-Inte-13.webp","contentUrl":"https:\/\/www.trustedtranslations.com\/wp-content\/uploads\/2024\/02\/TT-ICON_Remote-Multilingual-Inte-13.webp","width":151,"height":151,"caption":"TT ICON Remote Multilingual Inte 13"},{"@type":"BreadcrumbList","@id":"https:\/\/www.trustedtranslations.com\/es\/servicios\/vri\/google-meet#breadcrumb","itemListElement":[{"@type":"ListItem","position":1,"name":"Home","item":"https:\/\/www.trustedtranslations.com\/es"},{"@type":"ListItem","position":2,"name":"Servicios","item":"https:\/\/www.trustedtranslations.com\/es\/servicios"},{"@type":"ListItem","position":3,"name":"Interpretaci\u00f3n Remota por Video (VRI)","item":"https:\/\/www.trustedtranslations.com\/es\/servicios\/vri"},{"@type":"ListItem","position":4,"name":"Google Meet"}]},{"@type":"WebSite","@id":"https:\/\/www.trustedtranslations.com\/es\/#website","url":"https:\/\/www.trustedtranslations.com\/es\/","name":"Trusted Translations, Inc.","description":"Leader in translation and interpretation services.","publisher":{"@id":"https:\/\/www.trustedtranslations.com\/es\/#organization"},"alternateName":"Trusted Translations","potentialAction":[{"@type":"SearchAction","target":{"@type":"EntryPoint","urlTemplate":"https:\/\/www.trustedtranslations.com\/es\/?s={search_term_string}"},"query-input":{"@type":"PropertyValueSpecification","valueRequired":true,"valueName":"search_term_string"}}],"inLanguage":"es"},{"@type":"Organization","@id":"https:\/\/www.trustedtranslations.com\/es\/#organization","name":"Trusted Translations","alternateName":"Trusted Translations, Inc.","url":"https:\/\/www.trustedtranslations.com\/es\/","logo":{"@type":"ImageObject","inLanguage":"es","@id":"https:\/\/www.trustedtranslations.com\/es\/#\/schema\/logo\/image\/","url":"https:\/\/static.trustedtranslations.com\/wp-content\/uploads\/2022\/01\/TT_logo_WSIColors-2.png","contentUrl":"https:\/\/static.trustedtranslations.com\/wp-content\/uploads\/2022\/01\/TT_logo_WSIColors-2.png","width":500,"height":196,"caption":"Trusted Translations"},"image":{"@id":"https:\/\/www.trustedtranslations.com\/es\/#\/schema\/logo\/image\/"},"sameAs":["https:\/\/www.facebook.com\/Trusted.Translations","https:\/\/x.com\/TrustedT9ns","https:\/\/www.linkedin.com\/company\/trusted-translations"]}]}},"toolset-meta":{"dyk":{"mensaje-1":{"type":"textfield","raw":"Traducimos para empresas Fortune 500 a un precio entre un 25% y un 50% por debajo del precio de mercado."},"mensaje-2":{"type":"textfield","raw":"Lloyd\u2019s of London respalda cada una de nuestras traducciones."},"mensaje-3":{"type":"textfield","raw":"Trusted Translations apadrina con orgullo al St. Jude Children\u2019s Research Hospital."},"mensaje-4":{"type":"textfield","raw":"Se nos ha nombrado una de las \u201cMejores 500 Empresas Hispano-Estadounidenses\u201d de Estados\u00a0Unidos."},"mensaje-5":{"type":"textfield","raw":"Trusted Translations tiene m\u00e1s de 5,000 clientes satisfechos en casi todas las industrias."},"mensaje-6":{"type":"textfield","raw":""}},"single-page-template-fields":{"imgs-temp":{"type":"image","raw":["https:\/\/static.trustedtranslations.com\/wp-content\/uploads\/2024\/07\/g-meet-1.webp"],"repeatable":[{"raw":"https:\/\/static.trustedtranslations.com\/wp-content\/uploads\/2024\/07\/g-meet-1.webp"}]},"imgs-temp-cel":{"type":"image","raw":[""],"repeatable":[{"raw":""}]},"img-temp-one-cel":{"type":"image","raw":"https:\/\/static.trustedtranslations.com\/wp-content\/uploads\/2024\/07\/g-meet-1-1.webp","attachment_id":null},"quotes":{"type":"textarea","raw":"<h1 style=\"margin-bottom: 12px;\">Servicios de Interpretaci\u00f3n Remota Multiling\u00fce en Google Meet<\/h1>\r\nSi su organizaci\u00f3n usa productos de Google, puede decidir usar Google Meet como su plataforma para videoconferencias. En Trusted Translations, nuestros expertos pueden brindarle interpretaci\u00f3n remota profesional mediante Google Meet para todo tipo de reuniones multiling\u00fces.\r\n<div style=\"margin-top: 2.5vw;\"><a class=\"tt-btn-main-cta\" href=\"https:\/\/www.trustedtranslations.com\/es\/presupuesto-sin-cargo\">Solicite un presupuesto sin cargo<\/a><\/div>"},"text-1":{"type":"textarea","raw":"<h2>Interpretaci\u00f3n Profesional con Google Meet<img class=\"alignleft wp-image-177290\" src=\"https:\/\/static.trustedtranslations.com\/wp-content\/uploads\/2023\/01\/g-meet-2-1-300x224.jpg\" alt=\"\" width=\"400\" height=\"298\" \/><\/h2>\r\nLanzado por Google en 2017, Google Meet se ha convertido r\u00e1pidamente en una de las tecnolog\u00edas de videoconferencia m\u00e1s populares del mundo. Eso incluye ser la <a href=\"https:\/\/www.digitalinformationworld.com\/2021\/04\/top-video-call-platform-by-market-share.html\" target=\"_blank\" rel=\"noopener\">plataforma de videollamadas favorita<\/a> (seg\u00fan la participaci\u00f3n de mercado) en pa\u00edses como Italia, Dinamarca e India.\r\n\r\nCuando se trata de interpretaci\u00f3n remota de idiomas, la relativa facilidad de uso de Google Meet lo convierte en una buena opci\u00f3n para la interpretaci\u00f3n consecutiva, en la que un int\u00e9rprete traduce las palabras de un hablante durante una pausa despu\u00e9s de cada parte del discurso.\r\n\r\nSin embargo, para la interpretaci\u00f3n simult\u00e1nea en tiempo real, Google Meet no cuenta en la actualidad con amplio soporte especializado para los int\u00e9rpretes dentro de la ventana principal de la reuni\u00f3n. Muchas veces, los usuarios descubren que conf\u00edan en m\u00e9todos alternativos dif\u00edciles de manejar, como hacer que el int\u00e9rprete llame a un enlace de reuni\u00f3n aparte para proporcionar audio o agregar extensiones de Chrome de terceros para permitir la interpretaci\u00f3n simult\u00e1nea.\r\n<h2>Ventajas y Desventajas de Google Meet para la Interpretaci\u00f3n Remota<\/h2>\r\nEs cierto que existen algunas limitaciones en el uso de Google Meet para la interpretaci\u00f3n remota. Adem\u00e1s de la falta de funciones exclusivas para int\u00e9rpretes de idiomas, Google Meet solo permite que 250 personas asistan a sus reuniones (en comparaci\u00f3n con el l\u00edmite de 1,000 asistentes de Zoom). No es lo ideal para grandes eventos.\r\n\r\nSin embargo, tambi\u00e9n hay varios beneficios exclusivos de Google Meet:\r\n<ul>\r\n \t<li>Est\u00e1 estrechamente integrado con otros productos de Google, como Google Workspace, y es gratuito para todos los usuarios de cuentas de Google.<\/li>\r\n \t<li>Se basa en un navegador, no en software, por lo que los usuarios no necesitan descargar programas ni aplicaciones adicionales.<\/li>\r\n \t<li>Tiene excelentes caracter\u00edsticas de cifrado y seguridad.<\/li>\r\n \t<li>Tiene la misma funcionalidad en dispositivos m\u00f3viles y en computadoras de escritorio, con una interfaz de usuario simple.<\/li>\r\n \t<li>El plan gratuito permite hasta una hora de duraci\u00f3n.<\/li>\r\n<\/ul>"},"shortcode-map":{"type":"textfield","raw":""},"dyk-shortcode":{"type":"textfield","raw":"[elementor-template id=\"139368\"]"},"text-2":{"type":"textarea","raw":"<h2>Cu\u00e1ndo Usar Google Meet en Reuniones Multiling\u00fces<img class=\"alignleft wp-image-177305\" src=\"https:\/\/static.trustedtranslations.com\/wp-content\/uploads\/2023\/01\/google-meeting-300x200.jpg\" alt=\"\" width=\"450\" height=\"300\" \/><\/h2>\r\nEntonces, \u00bfen qu\u00e9 aspectos se destaca Google Meet? Sus s\u00f3lidas caracter\u00edsticas de seguridad son un punto a destacar. Todos los participantes de Google Meet deben tener una cuenta de Google, lo que permite a los organizadores verificar a cada participante y evitar intrusos disruptivos. Los c\u00f3digos de reuni\u00f3n de 10 caracteres de Google evitan mejor la pirater\u00eda, y todos los datos en Meet (incluidas las grabaciones) est\u00e1n encriptados en forma predeterminada. Con el apoyo de la poderosa infraestructura de seguridad de Google, Google Meet puede ser una buena opci\u00f3n, especialmente para material exclusivo, asuntos de gobierno y otras reuniones donde la privacidad es esencial.\r\n\r\nAdem\u00e1s, Google Meet se basa en un navegador en lugar de software, como Zoom o Teams, y puede existir en cualquier navegador web. Los usuarios no tienen que descargar software nuevo. Con su interfaz transparente y f\u00e1cil de usar, Google Meet es una opci\u00f3n atractiva para participantes no familiarizados con la tecnolog\u00eda. Tambi\u00e9n es una bendici\u00f3n para los usuarios de regiones con conexiones de internet d\u00e9biles, para quienes el alto consumo de energ\u00eda de aplicaciones como Zoom y Teams puede plantear problemas.\r\n\r\nEn reuniones y eventos m\u00e1s peque\u00f1os y privados, Google Meet es una excelente opci\u00f3n, en particular si su organizaci\u00f3n ya usa productos de Google.\r\n<h2>Nuestro Personal<\/h2>\r\nComo proveedores de interpretaci\u00f3n simult\u00e1nea y consecutiva desde hace largo tiempo, en <em>Trusted Translations<\/em> estamos listos para satisfacer todas sus necesidades de comunicaci\u00f3n remota. Tambi\u00e9n tenemos una experiencia significativa con productos de Google, <a href=\"https:\/\/www.trustedtranslations.com\/es\/servicios\/localizacion-de-aplicaciones\/android\">como Google Play<\/a>, y podemos asesorarlo sobre c\u00f3mo utilizar la plataforma Google Meet para obtener los mejores resultados."},"state":{"type":"textfield","raw":""},"city":{"type":"textarea","raw":[]}}},"_links":{"self":[{"href":"https:\/\/www.trustedtranslations.com\/es\/wp-json\/wp\/v2\/pages\/182569","targetHints":{"allow":["GET"]}}],"collection":[{"href":"https:\/\/www.trustedtranslations.com\/es\/wp-json\/wp\/v2\/pages"}],"about":[{"href":"https:\/\/www.trustedtranslations.com\/es\/wp-json\/wp\/v2\/types\/page"}],"author":[{"embeddable":true,"href":"https:\/\/www.trustedtranslations.com\/es\/wp-json\/wp\/v2\/users\/1"}],"replies":[{"embeddable":true,"href":"https:\/\/www.trustedtranslations.com\/es\/wp-json\/wp\/v2\/comments?post=182569"}],"version-history":[{"count":0,"href":"https:\/\/www.trustedtranslations.com\/es\/wp-json\/wp\/v2\/pages\/182569\/revisions"}],"up":[{"embeddable":true,"href":"https:\/\/www.trustedtranslations.com\/es\/wp-json\/wp\/v2\/pages\/160044"}],"wp:featuredmedia":[{"embeddable":true,"href":"https:\/\/www.trustedtranslations.com\/es\/wp-json\/wp\/v2\/media\/244671"}],"wp:attachment":[{"href":"https:\/\/www.trustedtranslations.com\/es\/wp-json\/wp\/v2\/media?parent=182569"}],"curies":[{"name":"wp","href":"https:\/\/api.w.org\/{rel}","templated":true}]}}