{"id":182573,"date":"2023-02-13T16:33:00","date_gmt":"2023-02-13T19:33:00","guid":{"rendered":"https:\/\/www.trustedtranslations.com\/?page_id=182573"},"modified":"2024-09-11T11:13:42","modified_gmt":"2024-09-11T14:13:42","slug":"skype","status":"publish","type":"page","link":"https:\/\/www.trustedtranslations.com\/es\/servicios\/vri\/skype","title":{"rendered":"Skype"},"content":{"rendered":"","protected":false},"excerpt":{"rendered":"","protected":false},"author":1,"featured_media":244611,"parent":160044,"menu_order":4,"comment_status":"closed","ping_status":"closed","template":"","meta":{"site-sidebar-layout":"default","site-content-layout":"default","ast-site-content-layout":"default","site-content-style":"default","site-sidebar-style":"default","ast-global-header-display":"","ast-banner-title-visibility":"","ast-main-header-display":"","ast-hfb-above-header-display":"","ast-hfb-below-header-display":"","ast-hfb-mobile-header-display":"","site-post-title":"disabled","ast-breadcrumbs-content":"","ast-featured-img":"","footer-sml-layout":"","ast-disable-related-posts":"","theme-transparent-header-meta":"default","adv-header-id-meta":"","stick-header-meta":"","header-above-stick-meta":"","header-main-stick-meta":"","header-below-stick-meta":"","astra-migrate-meta-layouts":"set","ast-page-background-enabled":"default","ast-page-background-meta":{"desktop":{"background-color":"var(--ast-global-color-4)","background-image":"","background-repeat":"repeat","background-position":"center center","background-size":"auto","background-attachment":"scroll","background-type":"","background-media":"","overlay-type":"","overlay-color":"","overlay-opacity":"","overlay-gradient":""},"tablet":{"background-color":"","background-image":"","background-repeat":"repeat","background-position":"center center","background-size":"auto","background-attachment":"scroll","background-type":"","background-media":"","overlay-type":"","overlay-color":"","overlay-opacity":"","overlay-gradient":""},"mobile":{"background-color":"","background-image":"","background-repeat":"repeat","background-position":"center center","background-size":"auto","background-attachment":"scroll","background-type":"","background-media":"","overlay-type":"","overlay-color":"","overlay-opacity":"","overlay-gradient":""}},"ast-content-background-meta":{"desktop":{"background-color":"var(--ast-global-color-5)","background-image":"","background-repeat":"repeat","background-position":"center center","background-size":"auto","background-attachment":"scroll","background-type":"","background-media":"","overlay-type":"","overlay-color":"","overlay-opacity":"","overlay-gradient":""},"tablet":{"background-color":"var(--ast-global-color-5)","background-image":"","background-repeat":"repeat","background-position":"center center","background-size":"auto","background-attachment":"scroll","background-type":"","background-media":"","overlay-type":"","overlay-color":"","overlay-opacity":"","overlay-gradient":""},"mobile":{"background-color":"var(--ast-global-color-5)","background-image":"","background-repeat":"repeat","background-position":"center center","background-size":"auto","background-attachment":"scroll","background-type":"","background-media":"","overlay-type":"","overlay-color":"","overlay-opacity":"","overlay-gradient":""}},"footnotes":""},"class_list":["post-182573","page","type-page","status-publish","has-post-thumbnail","hentry"],"yoast_head":"<!-- This site is optimized with the Yoast SEO plugin v27.5 - https:\/\/yoast.com\/product\/yoast-seo-wordpress\/ -->\n<title>Interpretaci\u00f3n de Idiomas en Skype: Trusted Translations, Inc.<\/title>\n<meta name=\"description\" content=\"Trusted Translations es l\u00edder en servicios de interpretaci\u00f3n de idiomas para llamadas, reuniones y seminarios web por Skype. Ll\u00e1menos para solicitar un presupuesto o una consulta sin cargo.\" \/>\n<meta name=\"robots\" content=\"index, follow, max-snippet:-1, max-image-preview:large, max-video-preview:-1\" \/>\n<link rel=\"canonical\" href=\"https:\/\/www.trustedtranslations.com\/es\/servicios\/vri\/skype\" \/>\n<meta property=\"og:locale\" content=\"es_ES\" \/>\n<meta property=\"og:type\" content=\"article\" \/>\n<meta property=\"og:title\" content=\"Interpretaci\u00f3n de Idiomas en Skype: Trusted Translations, Inc.\" \/>\n<meta property=\"og:description\" content=\"Trusted Translations es l\u00edder en servicios de interpretaci\u00f3n de idiomas para llamadas, reuniones y seminarios web por Skype. Ll\u00e1menos para solicitar un presupuesto o una consulta sin cargo.\" \/>\n<meta property=\"og:url\" content=\"https:\/\/www.trustedtranslations.com\/es\/servicios\/vri\/skype\" \/>\n<meta property=\"og:site_name\" content=\"Trusted Translations\" \/>\n<meta property=\"article:publisher\" content=\"https:\/\/www.facebook.com\/Trusted.Translations\" \/>\n<meta property=\"article:modified_time\" content=\"2024-09-11T14:13:42+00:00\" \/>\n<meta property=\"og:image\" content=\"https:\/\/static.trustedtranslations.com\/wp-content\/uploads\/2024\/02\/TT-ICON_Remote-Multilingual-Inte-11.webp\" \/>\n\t<meta property=\"og:image:width\" content=\"151\" \/>\n\t<meta property=\"og:image:height\" content=\"151\" \/>\n\t<meta property=\"og:image:type\" content=\"image\/webp\" \/>\n<meta name=\"twitter:card\" content=\"summary_large_image\" \/>\n<meta name=\"twitter:site\" content=\"@TrustedT9ns\" \/>\n<script type=\"application\/ld+json\" class=\"yoast-schema-graph\">{\"@context\":\"https:\\\/\\\/schema.org\",\"@graph\":[{\"@type\":\"WebPage\",\"@id\":\"https:\\\/\\\/www.trustedtranslations.com\\\/es\\\/servicios\\\/vri\\\/skype\",\"url\":\"https:\\\/\\\/www.trustedtranslations.com\\\/es\\\/servicios\\\/vri\\\/skype\",\"name\":\"Interpretaci\u00f3n de Idiomas en Skype: Trusted Translations, Inc.\",\"isPartOf\":{\"@id\":\"https:\\\/\\\/www.trustedtranslations.com\\\/es\\\/#website\"},\"primaryImageOfPage\":{\"@id\":\"https:\\\/\\\/www.trustedtranslations.com\\\/es\\\/servicios\\\/vri\\\/skype#primaryimage\"},\"image\":{\"@id\":\"https:\\\/\\\/www.trustedtranslations.com\\\/es\\\/servicios\\\/vri\\\/skype#primaryimage\"},\"thumbnailUrl\":\"https:\\\/\\\/www.trustedtranslations.com\\\/wp-content\\\/uploads\\\/2024\\\/02\\\/TT-ICON_Remote-Multilingual-Inte-11.webp\",\"description\":\"Trusted Translations es l\u00edder en servicios de interpretaci\u00f3n de idiomas para llamadas, reuniones y seminarios web por Skype. Ll\u00e1menos para solicitar un presupuesto o una consulta sin cargo.\",\"breadcrumb\":{\"@id\":\"https:\\\/\\\/www.trustedtranslations.com\\\/es\\\/servicios\\\/vri\\\/skype#breadcrumb\"},\"inLanguage\":\"es\",\"potentialAction\":[{\"@type\":\"ReadAction\",\"target\":[\"https:\\\/\\\/www.trustedtranslations.com\\\/es\\\/servicios\\\/vri\\\/skype\"]}]},{\"@type\":\"ImageObject\",\"inLanguage\":\"es\",\"@id\":\"https:\\\/\\\/www.trustedtranslations.com\\\/es\\\/servicios\\\/vri\\\/skype#primaryimage\",\"url\":\"https:\\\/\\\/www.trustedtranslations.com\\\/wp-content\\\/uploads\\\/2024\\\/02\\\/TT-ICON_Remote-Multilingual-Inte-11.webp\",\"contentUrl\":\"https:\\\/\\\/www.trustedtranslations.com\\\/wp-content\\\/uploads\\\/2024\\\/02\\\/TT-ICON_Remote-Multilingual-Inte-11.webp\",\"width\":151,\"height\":151,\"caption\":\"TT ICON Remote Multilingual Inte 11\"},{\"@type\":\"BreadcrumbList\",\"@id\":\"https:\\\/\\\/www.trustedtranslations.com\\\/es\\\/servicios\\\/vri\\\/skype#breadcrumb\",\"itemListElement\":[{\"@type\":\"ListItem\",\"position\":1,\"name\":\"Home\",\"item\":\"https:\\\/\\\/www.trustedtranslations.com\\\/es\"},{\"@type\":\"ListItem\",\"position\":2,\"name\":\"Servicios\",\"item\":\"https:\\\/\\\/www.trustedtranslations.com\\\/es\\\/servicios\"},{\"@type\":\"ListItem\",\"position\":3,\"name\":\"Interpretaci\u00f3n Remota por Video (VRI)\",\"item\":\"https:\\\/\\\/www.trustedtranslations.com\\\/es\\\/servicios\\\/vri\"},{\"@type\":\"ListItem\",\"position\":4,\"name\":\"Skype\"}]},{\"@type\":\"WebSite\",\"@id\":\"https:\\\/\\\/www.trustedtranslations.com\\\/es\\\/#website\",\"url\":\"https:\\\/\\\/www.trustedtranslations.com\\\/es\\\/\",\"name\":\"Trusted Translations, Inc.\",\"description\":\"Leader in translation and interpretation services.\",\"publisher\":{\"@id\":\"https:\\\/\\\/www.trustedtranslations.com\\\/es\\\/#organization\"},\"alternateName\":\"Trusted Translations\",\"potentialAction\":[{\"@type\":\"SearchAction\",\"target\":{\"@type\":\"EntryPoint\",\"urlTemplate\":\"https:\\\/\\\/www.trustedtranslations.com\\\/es\\\/?s={search_term_string}\"},\"query-input\":{\"@type\":\"PropertyValueSpecification\",\"valueRequired\":true,\"valueName\":\"search_term_string\"}}],\"inLanguage\":\"es\"},{\"@type\":\"Organization\",\"@id\":\"https:\\\/\\\/www.trustedtranslations.com\\\/es\\\/#organization\",\"name\":\"Trusted Translations\",\"alternateName\":\"Trusted Translations, Inc.\",\"url\":\"https:\\\/\\\/www.trustedtranslations.com\\\/es\\\/\",\"logo\":{\"@type\":\"ImageObject\",\"inLanguage\":\"es\",\"@id\":\"https:\\\/\\\/www.trustedtranslations.com\\\/es\\\/#\\\/schema\\\/logo\\\/image\\\/\",\"url\":\"https:\\\/\\\/static.trustedtranslations.com\\\/wp-content\\\/uploads\\\/2022\\\/01\\\/TT_logo_WSIColors-2.png\",\"contentUrl\":\"https:\\\/\\\/static.trustedtranslations.com\\\/wp-content\\\/uploads\\\/2022\\\/01\\\/TT_logo_WSIColors-2.png\",\"width\":500,\"height\":196,\"caption\":\"Trusted Translations\"},\"image\":{\"@id\":\"https:\\\/\\\/www.trustedtranslations.com\\\/es\\\/#\\\/schema\\\/logo\\\/image\\\/\"},\"sameAs\":[\"https:\\\/\\\/www.facebook.com\\\/Trusted.Translations\",\"https:\\\/\\\/x.com\\\/TrustedT9ns\",\"https:\\\/\\\/www.linkedin.com\\\/company\\\/trusted-translations\"]}]}<\/script>\n<!-- \/ Yoast SEO plugin. -->","yoast_head_json":{"title":"Interpretaci\u00f3n de Idiomas en Skype: Trusted Translations, Inc.","description":"Trusted Translations es l\u00edder en servicios de interpretaci\u00f3n de idiomas para llamadas, reuniones y seminarios web por Skype. Ll\u00e1menos para solicitar un presupuesto o una consulta sin cargo.","robots":{"index":"index","follow":"follow","max-snippet":"max-snippet:-1","max-image-preview":"max-image-preview:large","max-video-preview":"max-video-preview:-1"},"canonical":"https:\/\/www.trustedtranslations.com\/es\/servicios\/vri\/skype","og_locale":"es_ES","og_type":"article","og_title":"Interpretaci\u00f3n de Idiomas en Skype: Trusted Translations, Inc.","og_description":"Trusted Translations es l\u00edder en servicios de interpretaci\u00f3n de idiomas para llamadas, reuniones y seminarios web por Skype. Ll\u00e1menos para solicitar un presupuesto o una consulta sin cargo.","og_url":"https:\/\/www.trustedtranslations.com\/es\/servicios\/vri\/skype","og_site_name":"Trusted Translations","article_publisher":"https:\/\/www.facebook.com\/Trusted.Translations","article_modified_time":"2024-09-11T14:13:42+00:00","og_image":[{"width":151,"height":151,"url":"https:\/\/static.trustedtranslations.com\/wp-content\/uploads\/2024\/02\/TT-ICON_Remote-Multilingual-Inte-11.webp","type":"image\/webp"}],"twitter_card":"summary_large_image","twitter_site":"@TrustedT9ns","schema":{"@context":"https:\/\/schema.org","@graph":[{"@type":"WebPage","@id":"https:\/\/www.trustedtranslations.com\/es\/servicios\/vri\/skype","url":"https:\/\/www.trustedtranslations.com\/es\/servicios\/vri\/skype","name":"Interpretaci\u00f3n de Idiomas en Skype: Trusted Translations, Inc.","isPartOf":{"@id":"https:\/\/www.trustedtranslations.com\/es\/#website"},"primaryImageOfPage":{"@id":"https:\/\/www.trustedtranslations.com\/es\/servicios\/vri\/skype#primaryimage"},"image":{"@id":"https:\/\/www.trustedtranslations.com\/es\/servicios\/vri\/skype#primaryimage"},"thumbnailUrl":"https:\/\/www.trustedtranslations.com\/wp-content\/uploads\/2024\/02\/TT-ICON_Remote-Multilingual-Inte-11.webp","description":"Trusted Translations es l\u00edder en servicios de interpretaci\u00f3n de idiomas para llamadas, reuniones y seminarios web por Skype. Ll\u00e1menos para solicitar un presupuesto o una consulta sin cargo.","breadcrumb":{"@id":"https:\/\/www.trustedtranslations.com\/es\/servicios\/vri\/skype#breadcrumb"},"inLanguage":"es","potentialAction":[{"@type":"ReadAction","target":["https:\/\/www.trustedtranslations.com\/es\/servicios\/vri\/skype"]}]},{"@type":"ImageObject","inLanguage":"es","@id":"https:\/\/www.trustedtranslations.com\/es\/servicios\/vri\/skype#primaryimage","url":"https:\/\/www.trustedtranslations.com\/wp-content\/uploads\/2024\/02\/TT-ICON_Remote-Multilingual-Inte-11.webp","contentUrl":"https:\/\/www.trustedtranslations.com\/wp-content\/uploads\/2024\/02\/TT-ICON_Remote-Multilingual-Inte-11.webp","width":151,"height":151,"caption":"TT ICON Remote Multilingual Inte 11"},{"@type":"BreadcrumbList","@id":"https:\/\/www.trustedtranslations.com\/es\/servicios\/vri\/skype#breadcrumb","itemListElement":[{"@type":"ListItem","position":1,"name":"Home","item":"https:\/\/www.trustedtranslations.com\/es"},{"@type":"ListItem","position":2,"name":"Servicios","item":"https:\/\/www.trustedtranslations.com\/es\/servicios"},{"@type":"ListItem","position":3,"name":"Interpretaci\u00f3n Remota por Video (VRI)","item":"https:\/\/www.trustedtranslations.com\/es\/servicios\/vri"},{"@type":"ListItem","position":4,"name":"Skype"}]},{"@type":"WebSite","@id":"https:\/\/www.trustedtranslations.com\/es\/#website","url":"https:\/\/www.trustedtranslations.com\/es\/","name":"Trusted Translations, Inc.","description":"Leader in translation and interpretation services.","publisher":{"@id":"https:\/\/www.trustedtranslations.com\/es\/#organization"},"alternateName":"Trusted Translations","potentialAction":[{"@type":"SearchAction","target":{"@type":"EntryPoint","urlTemplate":"https:\/\/www.trustedtranslations.com\/es\/?s={search_term_string}"},"query-input":{"@type":"PropertyValueSpecification","valueRequired":true,"valueName":"search_term_string"}}],"inLanguage":"es"},{"@type":"Organization","@id":"https:\/\/www.trustedtranslations.com\/es\/#organization","name":"Trusted Translations","alternateName":"Trusted Translations, Inc.","url":"https:\/\/www.trustedtranslations.com\/es\/","logo":{"@type":"ImageObject","inLanguage":"es","@id":"https:\/\/www.trustedtranslations.com\/es\/#\/schema\/logo\/image\/","url":"https:\/\/static.trustedtranslations.com\/wp-content\/uploads\/2022\/01\/TT_logo_WSIColors-2.png","contentUrl":"https:\/\/static.trustedtranslations.com\/wp-content\/uploads\/2022\/01\/TT_logo_WSIColors-2.png","width":500,"height":196,"caption":"Trusted Translations"},"image":{"@id":"https:\/\/www.trustedtranslations.com\/es\/#\/schema\/logo\/image\/"},"sameAs":["https:\/\/www.facebook.com\/Trusted.Translations","https:\/\/x.com\/TrustedT9ns","https:\/\/www.linkedin.com\/company\/trusted-translations"]}]}},"toolset-meta":{"dyk":{"mensaje-1":{"type":"textfield","raw":"Traducimos para empresas Fortune 500 a un precio entre un 25% y un 50% por debajo del precio de mercado."},"mensaje-2":{"type":"textfield","raw":"Lloyd\u2019s of London respalda cada una de nuestras traducciones."},"mensaje-3":{"type":"textfield","raw":"Trusted Translations apadrina con orgullo al St. Jude Children\u2019s Research Hospital."},"mensaje-4":{"type":"textfield","raw":"Se nos ha nombrado una de las \u201cMejores 500 Empresas Hispano-Estadounidenses\u201d de Estados\u00a0Unidos."},"mensaje-5":{"type":"textfield","raw":"Trusted Translations tiene m\u00e1s de 5,000 clientes satisfechos en casi todas las industrias."},"mensaje-6":{"type":"textfield","raw":""}},"single-page-template-fields":{"imgs-temp":{"type":"image","raw":["https:\/\/static.trustedtranslations.com\/wp-content\/uploads\/2024\/07\/skype-1.webp","https:\/\/static.trustedtranslations.com\/wp-content\/uploads\/2024\/07\/skype-3-1.webp"],"repeatable":[{"raw":"https:\/\/static.trustedtranslations.com\/wp-content\/uploads\/2024\/07\/skype-1.webp"},{"raw":"https:\/\/static.trustedtranslations.com\/wp-content\/uploads\/2024\/07\/skype-3-1.webp"}]},"imgs-temp-cel":{"type":"image","raw":[""],"repeatable":[{"raw":""}]},"img-temp-one-cel":{"type":"image","raw":"https:\/\/static.trustedtranslations.com\/wp-content\/uploads\/2024\/07\/skype-2-1.webp","attachment_id":null},"quotes":{"type":"textarea","raw":"<h1 style=\"margin-bottom: 12px;\">Servicios de Interpretaci\u00f3n Remota Multiling\u00fce por Skype<\/h1>\r\nComo una de las plataformas de videoconferencia de m\u00e1s larga presencia, Skype es conocida por las empresas y usuarios de todo el mundo. En Trusted Translations, nuestros expertos pueden brindarle interpretaci\u00f3n remota profesional por Skype para todas sus necesidades de comunicaci\u00f3n.\r\n<div style=\"margin-top: 2.5vw;\"><a class=\"tt-btn-main-cta\" href=\"https:\/\/www.trustedtranslations.com\/es\/presupuesto-sin-cargo\">Solicite un presupuesto sin cargo<\/a><\/div>"},"text-1":{"type":"textarea","raw":"<h2>Interpretaci\u00f3n Profesional por Skype<img class=\"wp-image-177588 alignleft\" src=\"https:\/\/static.trustedtranslations.com\/wp-content\/uploads\/2023\/01\/skype-5-1.jpg\" alt=\"\" width=\"500\" height=\"333\" \/><\/h2>\r\nLanzada por primera vez en 2003, Skype se ha convertido en un nombre familiar cuando se trata de opciones de videoconferencia remota. Aunque la plataforma propiedad de Microsoft enfrent\u00f3 una dura competencia durante la pandemia de COVID-19, sigue siendo popular en todo el mundo, con m\u00e1s de 300 millones de usuarios activos mensuales.\r\n\r\nAl ser un \u201cprotocolo de voz por internet\u201d (VoIP), Skype utiliza una conexi\u00f3n a internet para realizar y recibir llamadas. Los anfitriones descargan la aplicaci\u00f3n de Skype, crean una cuenta e inician sesi\u00f3n. Para las reuniones, se agrega un int\u00e9rprete al igual que se agregar\u00eda a otro participante.\r\n\r\nGran parte de la documentaci\u00f3n de soporte de idiomas de Skype es para Skype Translator, el traductor de voz a voz de la plataforma. Sin embargo, los traductores autom\u00e1ticos no reemplazan a un int\u00e9rprete humano en vivo, en especial en industrias de alto riesgo o alta complejidad. En lo que respecta a la interpretaci\u00f3n en vivo, Skype a\u00fan no cuenta con las mismas caracter\u00edsticas especiales desarrolladas por otras plataformas, como canales de idiomas exclusivos y designaciones para int\u00e9rpretes.\r\n<h2>Ventajas de Skype para la Interpretaci\u00f3n Remota<\/h2>\r\n\u00bfSignifica eso que Skype no es una buena soluci\u00f3n para las organizaciones multiling\u00fces? Para nada. Muchas empresas lo siguen prefiriendo, y adem\u00e1s tiene varias caracter\u00edsticas positivas que se deben tener en cuenta al elegir su plataforma de interpretaci\u00f3n remota por video, como:\r\n<ul>\r\n \t<li>videollamadas grupales para hasta 100 personas con la versi\u00f3n gratuita;<\/li>\r\n \t<li>de amplio uso en todo el mundo;<\/li>\r\n \t<li>disponibilidad en numerosos dispositivos;<\/li>\r\n \t<li>asequible, con una s\u00f3lida opci\u00f3n de versi\u00f3n gratuita.<\/li>\r\n<\/ul>\r\nSkype se distingue por su amplia disponibilidad y asequibilidad general. Tiene costos relativamente bajos; de hecho, la mayor\u00eda de las personas consideran que la versi\u00f3n gratuita de Skype se adapta a sus necesidades individuales o de reuniones peque\u00f1as. Tambi\u00e9n est\u00e1 disponible en m\u00e1s dispositivos que muchos de sus competidores, sobre todo en tabletas, Alexa e incluso Xbox, lo que puede ayudarlo a ampliar su alcance global a bajo costo."},"shortcode-map":{"type":"textfield","raw":""},"dyk-shortcode":{"type":"textfield","raw":"[elementor-template id=\"139368\"]"},"text-2":{"type":"textarea","raw":"<h2><img class=\"alignright wp-image-177603\" src=\"https:\/\/static.trustedtranslations.com\/wp-content\/uploads\/2023\/01\/skype-6-1.jpg\" alt=\"\" width=\"500\" height=\"282\" \/>Desventajas de Skype para la Interpretaci\u00f3n Remota<\/h2>\r\nExisten algunas limitaciones cuando se trata del uso de Skype para interpretaci\u00f3n:\r\n<ul>\r\n \t<li>congelamiento, retrasos y fallas de audio, seg\u00fan informan los usuarios;<\/li>\r\n \t<li>se requiere cr\u00e9dito de Skype o suscripci\u00f3n para llamadas a tel\u00e9fonos fijos o celulares;<\/li>\r\n \t<li>preocupaciones de seguridad: puede estar bloqueado en ciertos pa\u00edses;<\/li>\r\n \t<li>falta de funciones de colaboraci\u00f3n en comparaci\u00f3n con otras plataformas.<\/li>\r\n<\/ul>\r\nSe requiere el uso de cr\u00e9dito de Skype o la compra de una suscripci\u00f3n para llamar a tel\u00e9fonos fijos y celulares, y las llamadas internacionales se cobran a tarifas de llamada que var\u00edan seg\u00fan el pa\u00eds. Dado que uno de los beneficios de la interpretaci\u00f3n remota es la capacidad de obtener int\u00e9rpretes de calidad en todo el mundo, esos costos deben tenerse en cuenta.\r\n\r\nAdem\u00e1s, Skype se bloquea o restringe en varios pa\u00edses que limitan el uso de VoIP, ya sea por motivos de seguridad, como en Qatar y Guyana, o para favorecer sus propios servicios nacionales de telecomunicaciones de VoIP, como en Brasil y Belice. Si usa Skype, se requiere la diligencia debida para asegurarse de que pueda llegar a sus mercados objetivo.\r\n<h2>Nuestro Personal<\/h2>\r\n<em>Trusted Translations<\/em> ofrece traductores profesionales que est\u00e1n bien versados en interpretaci\u00f3n remota simult\u00e1nea y consecutiva por Skype. Si no est\u00e1 seguro de qu\u00e9 plataforma de interpretaci\u00f3n remota por video es la adecuada para usted, nuestro experimentado equipo tambi\u00e9n puede ayudarlo a tomar la decisi\u00f3n perfecta para su negocio."},"state":{"type":"textfield","raw":""},"city":{"type":"textarea","raw":[]}}},"_links":{"self":[{"href":"https:\/\/www.trustedtranslations.com\/es\/wp-json\/wp\/v2\/pages\/182573","targetHints":{"allow":["GET"]}}],"collection":[{"href":"https:\/\/www.trustedtranslations.com\/es\/wp-json\/wp\/v2\/pages"}],"about":[{"href":"https:\/\/www.trustedtranslations.com\/es\/wp-json\/wp\/v2\/types\/page"}],"author":[{"embeddable":true,"href":"https:\/\/www.trustedtranslations.com\/es\/wp-json\/wp\/v2\/users\/1"}],"replies":[{"embeddable":true,"href":"https:\/\/www.trustedtranslations.com\/es\/wp-json\/wp\/v2\/comments?post=182573"}],"version-history":[{"count":0,"href":"https:\/\/www.trustedtranslations.com\/es\/wp-json\/wp\/v2\/pages\/182573\/revisions"}],"up":[{"embeddable":true,"href":"https:\/\/www.trustedtranslations.com\/es\/wp-json\/wp\/v2\/pages\/160044"}],"wp:featuredmedia":[{"embeddable":true,"href":"https:\/\/www.trustedtranslations.com\/es\/wp-json\/wp\/v2\/media\/244611"}],"wp:attachment":[{"href":"https:\/\/www.trustedtranslations.com\/es\/wp-json\/wp\/v2\/media?parent=182573"}],"curies":[{"name":"wp","href":"https:\/\/api.w.org\/{rel}","templated":true}]}}