{"id":182575,"date":"2023-02-13T17:33:52","date_gmt":"2023-02-13T20:33:52","guid":{"rendered":"https:\/\/www.trustedtranslations.com\/?page_id=182575"},"modified":"2024-09-11T11:23:05","modified_gmt":"2024-09-11T14:23:05","slug":"goto-meeting","status":"publish","type":"page","link":"https:\/\/www.trustedtranslations.com\/es\/servicios\/vri\/goto-meeting","title":{"rendered":"GoTo Meeting"},"content":{"rendered":"","protected":false},"excerpt":{"rendered":"","protected":false},"author":1,"featured_media":244599,"parent":160044,"menu_order":5,"comment_status":"closed","ping_status":"closed","template":"","meta":{"site-sidebar-layout":"default","site-content-layout":"default","ast-site-content-layout":"default","site-content-style":"default","site-sidebar-style":"default","ast-global-header-display":"","ast-banner-title-visibility":"","ast-main-header-display":"","ast-hfb-above-header-display":"","ast-hfb-below-header-display":"","ast-hfb-mobile-header-display":"","site-post-title":"disabled","ast-breadcrumbs-content":"","ast-featured-img":"","footer-sml-layout":"","ast-disable-related-posts":"","theme-transparent-header-meta":"default","adv-header-id-meta":"","stick-header-meta":"","header-above-stick-meta":"","header-main-stick-meta":"","header-below-stick-meta":"","astra-migrate-meta-layouts":"set","ast-page-background-enabled":"default","ast-page-background-meta":{"desktop":{"background-color":"var(--ast-global-color-4)","background-image":"","background-repeat":"repeat","background-position":"center center","background-size":"auto","background-attachment":"scroll","background-type":"","background-media":"","overlay-type":"","overlay-color":"","overlay-opacity":"","overlay-gradient":""},"tablet":{"background-color":"","background-image":"","background-repeat":"repeat","background-position":"center center","background-size":"auto","background-attachment":"scroll","background-type":"","background-media":"","overlay-type":"","overlay-color":"","overlay-opacity":"","overlay-gradient":""},"mobile":{"background-color":"","background-image":"","background-repeat":"repeat","background-position":"center center","background-size":"auto","background-attachment":"scroll","background-type":"","background-media":"","overlay-type":"","overlay-color":"","overlay-opacity":"","overlay-gradient":""}},"ast-content-background-meta":{"desktop":{"background-color":"var(--ast-global-color-5)","background-image":"","background-repeat":"repeat","background-position":"center center","background-size":"auto","background-attachment":"scroll","background-type":"","background-media":"","overlay-type":"","overlay-color":"","overlay-opacity":"","overlay-gradient":""},"tablet":{"background-color":"var(--ast-global-color-5)","background-image":"","background-repeat":"repeat","background-position":"center center","background-size":"auto","background-attachment":"scroll","background-type":"","background-media":"","overlay-type":"","overlay-color":"","overlay-opacity":"","overlay-gradient":""},"mobile":{"background-color":"var(--ast-global-color-5)","background-image":"","background-repeat":"repeat","background-position":"center center","background-size":"auto","background-attachment":"scroll","background-type":"","background-media":"","overlay-type":"","overlay-color":"","overlay-opacity":"","overlay-gradient":""}},"footnotes":""},"class_list":["post-182575","page","type-page","status-publish","has-post-thumbnail","hentry"],"yoast_head":"<!-- This site is optimized with the Yoast SEO plugin v27.6 - https:\/\/yoast.com\/product\/yoast-seo-wordpress\/ -->\n<title>Servicios de interpretaci\u00f3n para reuniones GoTo: Trusted Translations, Inc.<\/title>\n<meta name=\"description\" content=\"Trusted Translations, Inc. es l\u00edder en servicios de interpretaci\u00f3n de idiomas para GoTo Meeting. Ll\u00e1menos para solicitar un presupuesto sin cargo o hacer una consulta.\" \/>\n<meta name=\"robots\" content=\"index, follow, max-snippet:-1, max-image-preview:large, max-video-preview:-1\" \/>\n<link rel=\"canonical\" href=\"https:\/\/www.trustedtranslations.com\/es\/servicios\/vri\/goto-meeting\" \/>\n<meta property=\"og:locale\" content=\"es_ES\" \/>\n<meta property=\"og:type\" content=\"article\" \/>\n<meta property=\"og:title\" content=\"Servicios de interpretaci\u00f3n para reuniones GoTo: Trusted Translations, Inc.\" \/>\n<meta property=\"og:description\" content=\"Trusted Translations, Inc. es l\u00edder en servicios de interpretaci\u00f3n de idiomas para GoTo Meeting. Ll\u00e1menos para solicitar un presupuesto sin cargo o hacer una consulta.\" \/>\n<meta property=\"og:url\" content=\"https:\/\/www.trustedtranslations.com\/es\/servicios\/vri\/goto-meeting\" \/>\n<meta property=\"og:site_name\" content=\"Trusted Translations\" \/>\n<meta property=\"article:publisher\" content=\"https:\/\/www.facebook.com\/Trusted.Translations\" \/>\n<meta property=\"article:modified_time\" content=\"2024-09-11T14:23:05+00:00\" \/>\n<meta property=\"og:image\" content=\"https:\/\/static.trustedtranslations.com\/wp-content\/uploads\/2024\/02\/TT-ICON_Remote-Multilingual-Inte-12.webp\" \/>\n\t<meta property=\"og:image:width\" content=\"151\" \/>\n\t<meta property=\"og:image:height\" content=\"151\" \/>\n\t<meta property=\"og:image:type\" content=\"image\/webp\" \/>\n<meta name=\"twitter:card\" content=\"summary_large_image\" \/>\n<meta name=\"twitter:site\" content=\"@TrustedT9ns\" \/>\n<script type=\"application\/ld+json\" class=\"yoast-schema-graph\">{\"@context\":\"https:\\\/\\\/schema.org\",\"@graph\":[{\"@type\":\"WebPage\",\"@id\":\"https:\\\/\\\/www.trustedtranslations.com\\\/es\\\/servicios\\\/vri\\\/goto-meeting\",\"url\":\"https:\\\/\\\/www.trustedtranslations.com\\\/es\\\/servicios\\\/vri\\\/goto-meeting\",\"name\":\"Servicios de interpretaci\u00f3n para reuniones GoTo: Trusted Translations, Inc.\",\"isPartOf\":{\"@id\":\"https:\\\/\\\/www.trustedtranslations.com\\\/es\\\/#website\"},\"primaryImageOfPage\":{\"@id\":\"https:\\\/\\\/www.trustedtranslations.com\\\/es\\\/servicios\\\/vri\\\/goto-meeting#primaryimage\"},\"image\":{\"@id\":\"https:\\\/\\\/www.trustedtranslations.com\\\/es\\\/servicios\\\/vri\\\/goto-meeting#primaryimage\"},\"thumbnailUrl\":\"https:\\\/\\\/www.trustedtranslations.com\\\/wp-content\\\/uploads\\\/2024\\\/02\\\/TT-ICON_Remote-Multilingual-Inte-12.webp\",\"description\":\"Trusted Translations, Inc. es l\u00edder en servicios de interpretaci\u00f3n de idiomas para GoTo Meeting. Ll\u00e1menos para solicitar un presupuesto sin cargo o hacer una consulta.\",\"breadcrumb\":{\"@id\":\"https:\\\/\\\/www.trustedtranslations.com\\\/es\\\/servicios\\\/vri\\\/goto-meeting#breadcrumb\"},\"inLanguage\":\"es\",\"potentialAction\":[{\"@type\":\"ReadAction\",\"target\":[\"https:\\\/\\\/www.trustedtranslations.com\\\/es\\\/servicios\\\/vri\\\/goto-meeting\"]}]},{\"@type\":\"ImageObject\",\"inLanguage\":\"es\",\"@id\":\"https:\\\/\\\/www.trustedtranslations.com\\\/es\\\/servicios\\\/vri\\\/goto-meeting#primaryimage\",\"url\":\"https:\\\/\\\/www.trustedtranslations.com\\\/wp-content\\\/uploads\\\/2024\\\/02\\\/TT-ICON_Remote-Multilingual-Inte-12.webp\",\"contentUrl\":\"https:\\\/\\\/www.trustedtranslations.com\\\/wp-content\\\/uploads\\\/2024\\\/02\\\/TT-ICON_Remote-Multilingual-Inte-12.webp\",\"width\":151,\"height\":151,\"caption\":\"TT ICON Remote Multilingual Inte 12\"},{\"@type\":\"BreadcrumbList\",\"@id\":\"https:\\\/\\\/www.trustedtranslations.com\\\/es\\\/servicios\\\/vri\\\/goto-meeting#breadcrumb\",\"itemListElement\":[{\"@type\":\"ListItem\",\"position\":1,\"name\":\"Home\",\"item\":\"https:\\\/\\\/www.trustedtranslations.com\\\/es\"},{\"@type\":\"ListItem\",\"position\":2,\"name\":\"Servicios\",\"item\":\"https:\\\/\\\/www.trustedtranslations.com\\\/es\\\/servicios\"},{\"@type\":\"ListItem\",\"position\":3,\"name\":\"Interpretaci\u00f3n Remota por Video (VRI)\",\"item\":\"https:\\\/\\\/www.trustedtranslations.com\\\/es\\\/servicios\\\/vri\"},{\"@type\":\"ListItem\",\"position\":4,\"name\":\"GoTo Meeting\"}]},{\"@type\":\"WebSite\",\"@id\":\"https:\\\/\\\/www.trustedtranslations.com\\\/es\\\/#website\",\"url\":\"https:\\\/\\\/www.trustedtranslations.com\\\/es\\\/\",\"name\":\"Trusted Translations, Inc.\",\"description\":\"Leader in translation and interpretation services.\",\"publisher\":{\"@id\":\"https:\\\/\\\/www.trustedtranslations.com\\\/es\\\/#organization\"},\"alternateName\":\"Trusted Translations\",\"potentialAction\":[{\"@type\":\"SearchAction\",\"target\":{\"@type\":\"EntryPoint\",\"urlTemplate\":\"https:\\\/\\\/www.trustedtranslations.com\\\/es\\\/?s={search_term_string}\"},\"query-input\":{\"@type\":\"PropertyValueSpecification\",\"valueRequired\":true,\"valueName\":\"search_term_string\"}}],\"inLanguage\":\"es\"},{\"@type\":\"Organization\",\"@id\":\"https:\\\/\\\/www.trustedtranslations.com\\\/es\\\/#organization\",\"name\":\"Trusted Translations\",\"alternateName\":\"Trusted Translations, Inc.\",\"url\":\"https:\\\/\\\/www.trustedtranslations.com\\\/es\\\/\",\"logo\":{\"@type\":\"ImageObject\",\"inLanguage\":\"es\",\"@id\":\"https:\\\/\\\/www.trustedtranslations.com\\\/es\\\/#\\\/schema\\\/logo\\\/image\\\/\",\"url\":\"https:\\\/\\\/static.trustedtranslations.com\\\/wp-content\\\/uploads\\\/2022\\\/01\\\/TT_logo_WSIColors-2.png\",\"contentUrl\":\"https:\\\/\\\/static.trustedtranslations.com\\\/wp-content\\\/uploads\\\/2022\\\/01\\\/TT_logo_WSIColors-2.png\",\"width\":500,\"height\":196,\"caption\":\"Trusted Translations\"},\"image\":{\"@id\":\"https:\\\/\\\/www.trustedtranslations.com\\\/es\\\/#\\\/schema\\\/logo\\\/image\\\/\"},\"sameAs\":[\"https:\\\/\\\/www.facebook.com\\\/Trusted.Translations\",\"https:\\\/\\\/x.com\\\/TrustedT9ns\",\"https:\\\/\\\/www.linkedin.com\\\/company\\\/trusted-translations\"]}]}<\/script>\n<!-- \/ Yoast SEO plugin. -->","yoast_head_json":{"title":"Servicios de interpretaci\u00f3n para reuniones GoTo: Trusted Translations, Inc.","description":"Trusted Translations, Inc. es l\u00edder en servicios de interpretaci\u00f3n de idiomas para GoTo Meeting. Ll\u00e1menos para solicitar un presupuesto sin cargo o hacer una consulta.","robots":{"index":"index","follow":"follow","max-snippet":"max-snippet:-1","max-image-preview":"max-image-preview:large","max-video-preview":"max-video-preview:-1"},"canonical":"https:\/\/www.trustedtranslations.com\/es\/servicios\/vri\/goto-meeting","og_locale":"es_ES","og_type":"article","og_title":"Servicios de interpretaci\u00f3n para reuniones GoTo: Trusted Translations, Inc.","og_description":"Trusted Translations, Inc. es l\u00edder en servicios de interpretaci\u00f3n de idiomas para GoTo Meeting. Ll\u00e1menos para solicitar un presupuesto sin cargo o hacer una consulta.","og_url":"https:\/\/www.trustedtranslations.com\/es\/servicios\/vri\/goto-meeting","og_site_name":"Trusted Translations","article_publisher":"https:\/\/www.facebook.com\/Trusted.Translations","article_modified_time":"2024-09-11T14:23:05+00:00","og_image":[{"width":151,"height":151,"url":"https:\/\/static.trustedtranslations.com\/wp-content\/uploads\/2024\/02\/TT-ICON_Remote-Multilingual-Inte-12.webp","type":"image\/webp"}],"twitter_card":"summary_large_image","twitter_site":"@TrustedT9ns","schema":{"@context":"https:\/\/schema.org","@graph":[{"@type":"WebPage","@id":"https:\/\/www.trustedtranslations.com\/es\/servicios\/vri\/goto-meeting","url":"https:\/\/www.trustedtranslations.com\/es\/servicios\/vri\/goto-meeting","name":"Servicios de interpretaci\u00f3n para reuniones GoTo: Trusted Translations, Inc.","isPartOf":{"@id":"https:\/\/www.trustedtranslations.com\/es\/#website"},"primaryImageOfPage":{"@id":"https:\/\/www.trustedtranslations.com\/es\/servicios\/vri\/goto-meeting#primaryimage"},"image":{"@id":"https:\/\/www.trustedtranslations.com\/es\/servicios\/vri\/goto-meeting#primaryimage"},"thumbnailUrl":"https:\/\/www.trustedtranslations.com\/wp-content\/uploads\/2024\/02\/TT-ICON_Remote-Multilingual-Inte-12.webp","description":"Trusted Translations, Inc. es l\u00edder en servicios de interpretaci\u00f3n de idiomas para GoTo Meeting. Ll\u00e1menos para solicitar un presupuesto sin cargo o hacer una consulta.","breadcrumb":{"@id":"https:\/\/www.trustedtranslations.com\/es\/servicios\/vri\/goto-meeting#breadcrumb"},"inLanguage":"es","potentialAction":[{"@type":"ReadAction","target":["https:\/\/www.trustedtranslations.com\/es\/servicios\/vri\/goto-meeting"]}]},{"@type":"ImageObject","inLanguage":"es","@id":"https:\/\/www.trustedtranslations.com\/es\/servicios\/vri\/goto-meeting#primaryimage","url":"https:\/\/www.trustedtranslations.com\/wp-content\/uploads\/2024\/02\/TT-ICON_Remote-Multilingual-Inte-12.webp","contentUrl":"https:\/\/www.trustedtranslations.com\/wp-content\/uploads\/2024\/02\/TT-ICON_Remote-Multilingual-Inte-12.webp","width":151,"height":151,"caption":"TT ICON Remote Multilingual Inte 12"},{"@type":"BreadcrumbList","@id":"https:\/\/www.trustedtranslations.com\/es\/servicios\/vri\/goto-meeting#breadcrumb","itemListElement":[{"@type":"ListItem","position":1,"name":"Home","item":"https:\/\/www.trustedtranslations.com\/es"},{"@type":"ListItem","position":2,"name":"Servicios","item":"https:\/\/www.trustedtranslations.com\/es\/servicios"},{"@type":"ListItem","position":3,"name":"Interpretaci\u00f3n Remota por Video (VRI)","item":"https:\/\/www.trustedtranslations.com\/es\/servicios\/vri"},{"@type":"ListItem","position":4,"name":"GoTo Meeting"}]},{"@type":"WebSite","@id":"https:\/\/www.trustedtranslations.com\/es\/#website","url":"https:\/\/www.trustedtranslations.com\/es\/","name":"Trusted Translations, Inc.","description":"Leader in translation and interpretation services.","publisher":{"@id":"https:\/\/www.trustedtranslations.com\/es\/#organization"},"alternateName":"Trusted Translations","potentialAction":[{"@type":"SearchAction","target":{"@type":"EntryPoint","urlTemplate":"https:\/\/www.trustedtranslations.com\/es\/?s={search_term_string}"},"query-input":{"@type":"PropertyValueSpecification","valueRequired":true,"valueName":"search_term_string"}}],"inLanguage":"es"},{"@type":"Organization","@id":"https:\/\/www.trustedtranslations.com\/es\/#organization","name":"Trusted Translations","alternateName":"Trusted Translations, Inc.","url":"https:\/\/www.trustedtranslations.com\/es\/","logo":{"@type":"ImageObject","inLanguage":"es","@id":"https:\/\/www.trustedtranslations.com\/es\/#\/schema\/logo\/image\/","url":"https:\/\/static.trustedtranslations.com\/wp-content\/uploads\/2022\/01\/TT_logo_WSIColors-2.png","contentUrl":"https:\/\/static.trustedtranslations.com\/wp-content\/uploads\/2022\/01\/TT_logo_WSIColors-2.png","width":500,"height":196,"caption":"Trusted Translations"},"image":{"@id":"https:\/\/www.trustedtranslations.com\/es\/#\/schema\/logo\/image\/"},"sameAs":["https:\/\/www.facebook.com\/Trusted.Translations","https:\/\/x.com\/TrustedT9ns","https:\/\/www.linkedin.com\/company\/trusted-translations"]}]}},"toolset-meta":{"dyk":{"mensaje-1":{"type":"textfield","raw":"Traducimos para empresas Fortune 500 a un precio entre un 25% y un 50% por debajo del precio de mercado."},"mensaje-2":{"type":"textfield","raw":"Lloyd\u2019s of London respalda cada una de nuestras traducciones."},"mensaje-3":{"type":"textfield","raw":"Trusted Translations apadrina con orgullo al St. Jude Children\u2019s Research Hospital."},"mensaje-4":{"type":"textfield","raw":"Se nos ha nombrado una de las \u201cMejores 500 Empresas Hispano-Estadounidenses\u201d de Estados\u00a0Unidos."},"mensaje-5":{"type":"textfield","raw":"Trusted Translations tiene m\u00e1s de 5,000 clientes satisfechos en casi todas las industrias."},"mensaje-6":{"type":"textfield","raw":""}},"single-page-template-fields":{"imgs-temp":{"type":"image","raw":["https:\/\/static.trustedtranslations.com\/wp-content\/uploads\/2024\/07\/gotomeeting-1.webp"],"repeatable":[{"raw":"https:\/\/static.trustedtranslations.com\/wp-content\/uploads\/2024\/07\/gotomeeting-1.webp"}]},"imgs-temp-cel":{"type":"image","raw":[""],"repeatable":[{"raw":""}]},"img-temp-one-cel":{"type":"image","raw":"https:\/\/static.trustedtranslations.com\/wp-content\/uploads\/2024\/07\/gotomeeting-1-1.webp","attachment_id":null},"quotes":{"type":"textarea","raw":"<h1 style=\"margin-bottom: 12px;\">Servicios de Interpretaci\u00f3n Remota Multiling\u00fce en GoTo Meeting<\/h1>\r\nQuiz\u00e1s se pregunte d\u00f3nde encontrar una interpretaci\u00f3n de calidad si su empresa prefiere una plataforma de trabajo remoto menos conocida, como GoTo Meeting. Por suerte, cuando se trata de comunicaci\u00f3n multiling\u00fce, el equipo de\u00a0Trusted Translations est\u00e1 listo para trabajar con las herramientas que ya tiene y prefiere. Nuestros expertos pueden proporcionar servicios de interpretaci\u00f3n excepcionales para todas sus necesidades de GoTo Meeting.\r\n<div style=\"margin-top: 2.5vw;\"><a class=\"tt-btn-main-cta\" href=\"https:\/\/www.trustedtranslations.com\/es\/presupuesto-sin-cargo\">Solicite un presupuesto sin cargo<\/a><\/div>"},"text-1":{"type":"textarea","raw":"<h2>Interpretaci\u00f3n Profesional de Eventos en GoTo Meeting<\/h2>\r\nGoTo Meeting integra un conjunto de productos de comunicaci\u00f3n y colaboraci\u00f3n creados por GoTo (antes conocido como LogMeIn): es una plataforma de videoconferencia remota desarrollada originalmente en 2004. GoTo Meeting est\u00e1 disponible en m\u00e1s de 190 pa\u00edses de todo el mundo, con alrededor de la mitad de sus usuarios en Estados Unidos y la India es su segunda base de usuarios m\u00e1s popular.<img class=\"wp-image-177793 alignleft\" src=\"https:\/\/static.trustedtranslations.com\/wp-content\/uploads\/2023\/01\/meeting.jpg\" alt=\"\" width=\"500\" height=\"282\" \/> La plataforma en s\u00ed admite siete idiomas de visualizaci\u00f3n, que se pueden cambiar en cualquier momento durante una sesi\u00f3n: ingl\u00e9s, espa\u00f1ol, chino, franc\u00e9s, italiano, alem\u00e1n y portugu\u00e9s brasile\u00f1o.\r\n\r\nFuera de este soporte de idiomas para los usuarios, no ofrece funciones dise\u00f1adas en forma espec\u00edfica para la interpretaci\u00f3n remota. Si se desea agregar un int\u00e9rprete simult\u00e1neo remoto a una sesi\u00f3n de GoTo Meeting, el int\u00e9rprete deber\u00e1 unirse a la reuni\u00f3n en otra ventana, como cualquier participante nuevo. Adem\u00e1s, algunas de las caracter\u00edsticas inherentes de GoTo Meeting pueden ser beneficiosas para los int\u00e9rpretes remotos, como su supresi\u00f3n de ruido de fondo y su excelente aplicaci\u00f3n para tel\u00e9fonos celulares.\r\n<h2>Beneficios de GoTo Meeting para Reuniones Multiling\u00fces<\/h2>\r\n<strong>\u00a0<\/strong>Aunque quiz\u00e1s carezca del reconocimiento de marca con competidores como Zoom y Teams, GoTo Meeting tiene algunos elementos que lo destacan de la multitud:\r\n<ul>\r\n \t<li>promociona un tiempo de actividad de servicio l\u00edder en la industria del 99.9% (es muy confiable);<\/li>\r\n \t<li>opciones de llamadas gratuitas y \u201cCall Me\u201d (Ll\u00e1mame) disponibles en m\u00e1s de 50 pa\u00edses;<\/li>\r\n \t<li>funciones de seguridad de nivel empresarial, actualmente en desarrollo de cifrado E2EE;<\/li>\r\n \t<li>herramientas colaborativas (de dibujo, etc.) administradas por GoTo;<\/li>\r\n \t<li>no es necesario descargar software ni aplicaciones.<\/li>\r\n<\/ul>\r\nDurante la pandemia de COVID-19, GoTo tambi\u00e9n lanz\u00f3 <a href=\"https:\/\/support.goto.com\/meeting\/help\/plan-overview-gotomeeting-for-healthcare\" target=\"_blank\" rel=\"noopener\">GoTo Meeting for Healthcare<\/a> para los clientes de Am\u00e9rica del Norte, y destaca su servicio compatible con HIPAA para los entornos de atenci\u00f3n m\u00e9dica."},"shortcode-map":{"type":"textfield","raw":""},"dyk-shortcode":{"type":"textfield","raw":"[elementor-template id=\"139368\"]"},"text-2":{"type":"textarea","raw":"<h2>Limitaciones de GoTo Meeting para la Interpretaci\u00f3n Remota<\/h2>\r\nLos l\u00edmites de participantes de GoTo Meeting var\u00edan seg\u00fan el plan de suscripci\u00f3n, pero el m\u00e1ximo (con sus planes Business o Enterprise) es de 250 asistentes, como en Google Meet. Esto hace que GoTo Meeting sea menos apto para conferencias muy grandes. Tiene un producto aparte, GoTo Webinar, que admite conferencias y eventos virtuales para hasta 3,000 participantes (seg\u00fan el plan). Sin embargo, en virtud de sus c\u00e1lculos de presupuesto, necesidades y cantidad de asistentes, tal vez no desee tener que comprar un producto diferente para obtener la funcionalidad deseada.\r\n\r\nOtro inconveniente es que GoTo Meeting no tiene funciones de subt\u00edtulos, aunque la empresa recomienda algunas <a href=\"https:\/\/support.goto.com\/webinar\/help\/how-do-i-use-google-slides-or-microsoft-powerpoint-for-closed-captions\" target=\"_blank\" rel=\"noopener\">soluciones alternativas para subt\u00edtulos en vivo<\/a>. La plataforma incluye transcripciones de reuniones despu\u00e9s de su finalizaci\u00f3n. Sin embargo, los int\u00e9rpretes en vivo pueden considerar que GoTo Meeting se queda un poco corto en comparaci\u00f3n con otras plataformas que ofrecen m\u00e1s elementos espec\u00edficos de interpretaci\u00f3n.\r\n<h2>Nuestro Personal<\/h2>\r\nLos int\u00e9rpretes remotos de Trusted Translations est\u00e1n familiarizados con GoTo Meeting y acostumbrados a brindar un servicio de alta calidad, sea cual sea la plataforma. Adem\u00e1s, si a\u00fan no est\u00e1 seguro de si GoTo Meeting es la opci\u00f3n adecuada para sus requerimientos comerciales, podemos ofrecerle orientaci\u00f3n sobre la mejor manera de lograr las metas de comunicaci\u00f3n remota de su organizaci\u00f3n."},"state":{"type":"textfield","raw":""},"city":{"type":"textarea","raw":[]}}},"_links":{"self":[{"href":"https:\/\/www.trustedtranslations.com\/es\/wp-json\/wp\/v2\/pages\/182575","targetHints":{"allow":["GET"]}}],"collection":[{"href":"https:\/\/www.trustedtranslations.com\/es\/wp-json\/wp\/v2\/pages"}],"about":[{"href":"https:\/\/www.trustedtranslations.com\/es\/wp-json\/wp\/v2\/types\/page"}],"author":[{"embeddable":true,"href":"https:\/\/www.trustedtranslations.com\/es\/wp-json\/wp\/v2\/users\/1"}],"replies":[{"embeddable":true,"href":"https:\/\/www.trustedtranslations.com\/es\/wp-json\/wp\/v2\/comments?post=182575"}],"version-history":[{"count":0,"href":"https:\/\/www.trustedtranslations.com\/es\/wp-json\/wp\/v2\/pages\/182575\/revisions"}],"up":[{"embeddable":true,"href":"https:\/\/www.trustedtranslations.com\/es\/wp-json\/wp\/v2\/pages\/160044"}],"wp:featuredmedia":[{"embeddable":true,"href":"https:\/\/www.trustedtranslations.com\/es\/wp-json\/wp\/v2\/media\/244599"}],"wp:attachment":[{"href":"https:\/\/www.trustedtranslations.com\/es\/wp-json\/wp\/v2\/media?parent=182575"}],"curies":[{"name":"wp","href":"https:\/\/api.w.org\/{rel}","templated":true}]}}