{"id":201491,"date":"2023-04-25T14:15:25","date_gmt":"2023-04-25T17:15:25","guid":{"rendered":"https:\/\/www.trustedtranslations.com\/?page_id=201491"},"modified":"2024-09-11T12:45:13","modified_gmt":"2024-09-11T15:45:13","slug":"accesibilidad","status":"publish","type":"page","link":"https:\/\/www.trustedtranslations.com\/es\/servicios\/humano\/accesibilidad","title":{"rendered":"Accesibilidad"},"content":{"rendered":"","protected":false},"excerpt":{"rendered":"","protected":false},"author":1,"featured_media":235550,"parent":127136,"menu_order":11,"comment_status":"closed","ping_status":"closed","template":"","meta":{"site-sidebar-layout":"default","site-content-layout":"default","ast-site-content-layout":"default","site-content-style":"default","site-sidebar-style":"default","ast-global-header-display":"","ast-banner-title-visibility":"","ast-main-header-display":"","ast-hfb-above-header-display":"","ast-hfb-below-header-display":"","ast-hfb-mobile-header-display":"","site-post-title":"disabled","ast-breadcrumbs-content":"","ast-featured-img":"","footer-sml-layout":"","ast-disable-related-posts":"","theme-transparent-header-meta":"default","adv-header-id-meta":"","stick-header-meta":"","header-above-stick-meta":"","header-main-stick-meta":"","header-below-stick-meta":"","astra-migrate-meta-layouts":"set","ast-page-background-enabled":"default","ast-page-background-meta":{"desktop":{"background-color":"var(--ast-global-color-4)","background-image":"","background-repeat":"repeat","background-position":"center center","background-size":"auto","background-attachment":"scroll","background-type":"","background-media":"","overlay-type":"","overlay-color":"","overlay-opacity":"","overlay-gradient":""},"tablet":{"background-color":"","background-image":"","background-repeat":"repeat","background-position":"center center","background-size":"auto","background-attachment":"scroll","background-type":"","background-media":"","overlay-type":"","overlay-color":"","overlay-opacity":"","overlay-gradient":""},"mobile":{"background-color":"","background-image":"","background-repeat":"repeat","background-position":"center center","background-size":"auto","background-attachment":"scroll","background-type":"","background-media":"","overlay-type":"","overlay-color":"","overlay-opacity":"","overlay-gradient":""}},"ast-content-background-meta":{"desktop":{"background-color":"var(--ast-global-color-5)","background-image":"","background-repeat":"repeat","background-position":"center center","background-size":"auto","background-attachment":"scroll","background-type":"","background-media":"","overlay-type":"","overlay-color":"","overlay-opacity":"","overlay-gradient":""},"tablet":{"background-color":"var(--ast-global-color-5)","background-image":"","background-repeat":"repeat","background-position":"center center","background-size":"auto","background-attachment":"scroll","background-type":"","background-media":"","overlay-type":"","overlay-color":"","overlay-opacity":"","overlay-gradient":""},"mobile":{"background-color":"var(--ast-global-color-5)","background-image":"","background-repeat":"repeat","background-position":"center center","background-size":"auto","background-attachment":"scroll","background-type":"","background-media":"","overlay-type":"","overlay-color":"","overlay-opacity":"","overlay-gradient":""}},"footnotes":""},"class_list":["post-201491","page","type-page","status-publish","has-post-thumbnail","hentry"],"yoast_head":"<!-- This site is optimized with the Yoast SEO plugin v27.3 - https:\/\/yoast.com\/product\/yoast-seo-wordpress\/ -->\n<title>Est\u00e1ndares de Accesibilidad y Traducciones: Trusted Translations, Inc.<\/title>\n<meta name=\"description\" content=\"El objetivo principal de Trusted Translations es localizar el contenido y garantizar la usabilidad para la mayor audiencia posible mediante el cumplimiento de todas las pautas de accesibilidad.\" \/>\n<meta name=\"robots\" content=\"index, follow, max-snippet:-1, max-image-preview:large, max-video-preview:-1\" \/>\n<link rel=\"canonical\" href=\"https:\/\/www.trustedtranslations.com\/es\/servicios\/humano\/accesibilidad\" \/>\n<meta property=\"og:locale\" content=\"es_ES\" \/>\n<meta property=\"og:type\" content=\"article\" \/>\n<meta property=\"og:title\" content=\"Est\u00e1ndares de Accesibilidad y Traducciones: Trusted Translations, Inc.\" \/>\n<meta property=\"og:description\" content=\"El objetivo principal de Trusted Translations es localizar el contenido y garantizar la usabilidad para la mayor audiencia posible mediante el cumplimiento de todas las pautas de accesibilidad.\" \/>\n<meta property=\"og:url\" content=\"https:\/\/www.trustedtranslations.com\/es\/servicios\/humano\/accesibilidad\" \/>\n<meta property=\"og:site_name\" content=\"Trusted Translations\" \/>\n<meta property=\"article:publisher\" content=\"https:\/\/www.facebook.com\/Trusted.Translations\" \/>\n<meta property=\"article:modified_time\" content=\"2024-09-11T15:45:13+00:00\" \/>\n<meta property=\"og:image\" content=\"https:\/\/static.trustedtranslations.com\/wp-content\/uploads\/2024\/02\/TT-ICON_Accessibility-Standards-.webp\" \/>\n\t<meta property=\"og:image:width\" content=\"151\" \/>\n\t<meta property=\"og:image:height\" content=\"151\" \/>\n\t<meta property=\"og:image:type\" content=\"image\/webp\" \/>\n<meta name=\"twitter:card\" content=\"summary_large_image\" \/>\n<meta name=\"twitter:site\" content=\"@TrustedT9ns\" \/>\n<script type=\"application\/ld+json\" class=\"yoast-schema-graph\">{\"@context\":\"https:\\\/\\\/schema.org\",\"@graph\":[{\"@type\":\"WebPage\",\"@id\":\"https:\\\/\\\/www.trustedtranslations.com\\\/es\\\/servicios\\\/humano\\\/accesibilidad\",\"url\":\"https:\\\/\\\/www.trustedtranslations.com\\\/es\\\/servicios\\\/humano\\\/accesibilidad\",\"name\":\"Est\u00e1ndares de Accesibilidad y Traducciones: Trusted Translations, Inc.\",\"isPartOf\":{\"@id\":\"https:\\\/\\\/www.trustedtranslations.com\\\/es\\\/#website\"},\"primaryImageOfPage\":{\"@id\":\"https:\\\/\\\/www.trustedtranslations.com\\\/es\\\/servicios\\\/humano\\\/accesibilidad#primaryimage\"},\"image\":{\"@id\":\"https:\\\/\\\/www.trustedtranslations.com\\\/es\\\/servicios\\\/humano\\\/accesibilidad#primaryimage\"},\"thumbnailUrl\":\"https:\\\/\\\/www.trustedtranslations.com\\\/wp-content\\\/uploads\\\/2024\\\/02\\\/TT-ICON_Accessibility-Standards-.webp\",\"description\":\"El objetivo principal de Trusted Translations es localizar el contenido y garantizar la usabilidad para la mayor audiencia posible mediante el cumplimiento de todas las pautas de accesibilidad.\",\"breadcrumb\":{\"@id\":\"https:\\\/\\\/www.trustedtranslations.com\\\/es\\\/servicios\\\/humano\\\/accesibilidad#breadcrumb\"},\"inLanguage\":\"es\",\"potentialAction\":[{\"@type\":\"ReadAction\",\"target\":[\"https:\\\/\\\/www.trustedtranslations.com\\\/es\\\/servicios\\\/humano\\\/accesibilidad\"]}]},{\"@type\":\"ImageObject\",\"inLanguage\":\"es\",\"@id\":\"https:\\\/\\\/www.trustedtranslations.com\\\/es\\\/servicios\\\/humano\\\/accesibilidad#primaryimage\",\"url\":\"https:\\\/\\\/www.trustedtranslations.com\\\/wp-content\\\/uploads\\\/2024\\\/02\\\/TT-ICON_Accessibility-Standards-.webp\",\"contentUrl\":\"https:\\\/\\\/www.trustedtranslations.com\\\/wp-content\\\/uploads\\\/2024\\\/02\\\/TT-ICON_Accessibility-Standards-.webp\",\"width\":151,\"height\":151,\"caption\":\"TT ICON Accessibility Standards\"},{\"@type\":\"BreadcrumbList\",\"@id\":\"https:\\\/\\\/www.trustedtranslations.com\\\/es\\\/servicios\\\/humano\\\/accesibilidad#breadcrumb\",\"itemListElement\":[{\"@type\":\"ListItem\",\"position\":1,\"name\":\"Home\",\"item\":\"https:\\\/\\\/www.trustedtranslations.com\\\/es\"},{\"@type\":\"ListItem\",\"position\":2,\"name\":\"Servicios\",\"item\":\"https:\\\/\\\/www.trustedtranslations.com\\\/es\\\/servicios\"},{\"@type\":\"ListItem\",\"position\":3,\"name\":\"Traducci\u00f3n Humana\",\"item\":\"https:\\\/\\\/www.trustedtranslations.com\\\/es\\\/servicios\\\/humano\"},{\"@type\":\"ListItem\",\"position\":4,\"name\":\"Accesibilidad\"}]},{\"@type\":\"WebSite\",\"@id\":\"https:\\\/\\\/www.trustedtranslations.com\\\/es\\\/#website\",\"url\":\"https:\\\/\\\/www.trustedtranslations.com\\\/es\\\/\",\"name\":\"Trusted Translations, Inc.\",\"description\":\"Leader in translation and interpretation services.\",\"publisher\":{\"@id\":\"https:\\\/\\\/www.trustedtranslations.com\\\/es\\\/#organization\"},\"alternateName\":\"Trusted Translations\",\"potentialAction\":[{\"@type\":\"SearchAction\",\"target\":{\"@type\":\"EntryPoint\",\"urlTemplate\":\"https:\\\/\\\/www.trustedtranslations.com\\\/es\\\/?s={search_term_string}\"},\"query-input\":{\"@type\":\"PropertyValueSpecification\",\"valueRequired\":true,\"valueName\":\"search_term_string\"}}],\"inLanguage\":\"es\"},{\"@type\":\"Organization\",\"@id\":\"https:\\\/\\\/www.trustedtranslations.com\\\/es\\\/#organization\",\"name\":\"Trusted Translations\",\"alternateName\":\"Trusted Translations, Inc.\",\"url\":\"https:\\\/\\\/www.trustedtranslations.com\\\/es\\\/\",\"logo\":{\"@type\":\"ImageObject\",\"inLanguage\":\"es\",\"@id\":\"https:\\\/\\\/www.trustedtranslations.com\\\/es\\\/#\\\/schema\\\/logo\\\/image\\\/\",\"url\":\"https:\\\/\\\/static.trustedtranslations.com\\\/wp-content\\\/uploads\\\/2022\\\/01\\\/TT_logo_WSIColors-2.png\",\"contentUrl\":\"https:\\\/\\\/static.trustedtranslations.com\\\/wp-content\\\/uploads\\\/2022\\\/01\\\/TT_logo_WSIColors-2.png\",\"width\":500,\"height\":196,\"caption\":\"Trusted Translations\"},\"image\":{\"@id\":\"https:\\\/\\\/www.trustedtranslations.com\\\/es\\\/#\\\/schema\\\/logo\\\/image\\\/\"},\"sameAs\":[\"https:\\\/\\\/www.facebook.com\\\/Trusted.Translations\",\"https:\\\/\\\/x.com\\\/TrustedT9ns\",\"https:\\\/\\\/www.linkedin.com\\\/company\\\/trusted-translations\"]}]}<\/script>\n<!-- \/ Yoast SEO plugin. -->","yoast_head_json":{"title":"Est\u00e1ndares de Accesibilidad y Traducciones: Trusted Translations, Inc.","description":"El objetivo principal de Trusted Translations es localizar el contenido y garantizar la usabilidad para la mayor audiencia posible mediante el cumplimiento de todas las pautas de accesibilidad.","robots":{"index":"index","follow":"follow","max-snippet":"max-snippet:-1","max-image-preview":"max-image-preview:large","max-video-preview":"max-video-preview:-1"},"canonical":"https:\/\/www.trustedtranslations.com\/es\/servicios\/humano\/accesibilidad","og_locale":"es_ES","og_type":"article","og_title":"Est\u00e1ndares de Accesibilidad y Traducciones: Trusted Translations, Inc.","og_description":"El objetivo principal de Trusted Translations es localizar el contenido y garantizar la usabilidad para la mayor audiencia posible mediante el cumplimiento de todas las pautas de accesibilidad.","og_url":"https:\/\/www.trustedtranslations.com\/es\/servicios\/humano\/accesibilidad","og_site_name":"Trusted Translations","article_publisher":"https:\/\/www.facebook.com\/Trusted.Translations","article_modified_time":"2024-09-11T15:45:13+00:00","og_image":[{"width":151,"height":151,"url":"https:\/\/static.trustedtranslations.com\/wp-content\/uploads\/2024\/02\/TT-ICON_Accessibility-Standards-.webp","type":"image\/webp"}],"twitter_card":"summary_large_image","twitter_site":"@TrustedT9ns","schema":{"@context":"https:\/\/schema.org","@graph":[{"@type":"WebPage","@id":"https:\/\/www.trustedtranslations.com\/es\/servicios\/humano\/accesibilidad","url":"https:\/\/www.trustedtranslations.com\/es\/servicios\/humano\/accesibilidad","name":"Est\u00e1ndares de Accesibilidad y Traducciones: Trusted Translations, Inc.","isPartOf":{"@id":"https:\/\/www.trustedtranslations.com\/es\/#website"},"primaryImageOfPage":{"@id":"https:\/\/www.trustedtranslations.com\/es\/servicios\/humano\/accesibilidad#primaryimage"},"image":{"@id":"https:\/\/www.trustedtranslations.com\/es\/servicios\/humano\/accesibilidad#primaryimage"},"thumbnailUrl":"https:\/\/www.trustedtranslations.com\/wp-content\/uploads\/2024\/02\/TT-ICON_Accessibility-Standards-.webp","description":"El objetivo principal de Trusted Translations es localizar el contenido y garantizar la usabilidad para la mayor audiencia posible mediante el cumplimiento de todas las pautas de accesibilidad.","breadcrumb":{"@id":"https:\/\/www.trustedtranslations.com\/es\/servicios\/humano\/accesibilidad#breadcrumb"},"inLanguage":"es","potentialAction":[{"@type":"ReadAction","target":["https:\/\/www.trustedtranslations.com\/es\/servicios\/humano\/accesibilidad"]}]},{"@type":"ImageObject","inLanguage":"es","@id":"https:\/\/www.trustedtranslations.com\/es\/servicios\/humano\/accesibilidad#primaryimage","url":"https:\/\/www.trustedtranslations.com\/wp-content\/uploads\/2024\/02\/TT-ICON_Accessibility-Standards-.webp","contentUrl":"https:\/\/www.trustedtranslations.com\/wp-content\/uploads\/2024\/02\/TT-ICON_Accessibility-Standards-.webp","width":151,"height":151,"caption":"TT ICON Accessibility Standards"},{"@type":"BreadcrumbList","@id":"https:\/\/www.trustedtranslations.com\/es\/servicios\/humano\/accesibilidad#breadcrumb","itemListElement":[{"@type":"ListItem","position":1,"name":"Home","item":"https:\/\/www.trustedtranslations.com\/es"},{"@type":"ListItem","position":2,"name":"Servicios","item":"https:\/\/www.trustedtranslations.com\/es\/servicios"},{"@type":"ListItem","position":3,"name":"Traducci\u00f3n Humana","item":"https:\/\/www.trustedtranslations.com\/es\/servicios\/humano"},{"@type":"ListItem","position":4,"name":"Accesibilidad"}]},{"@type":"WebSite","@id":"https:\/\/www.trustedtranslations.com\/es\/#website","url":"https:\/\/www.trustedtranslations.com\/es\/","name":"Trusted Translations, Inc.","description":"Leader in translation and interpretation services.","publisher":{"@id":"https:\/\/www.trustedtranslations.com\/es\/#organization"},"alternateName":"Trusted Translations","potentialAction":[{"@type":"SearchAction","target":{"@type":"EntryPoint","urlTemplate":"https:\/\/www.trustedtranslations.com\/es\/?s={search_term_string}"},"query-input":{"@type":"PropertyValueSpecification","valueRequired":true,"valueName":"search_term_string"}}],"inLanguage":"es"},{"@type":"Organization","@id":"https:\/\/www.trustedtranslations.com\/es\/#organization","name":"Trusted Translations","alternateName":"Trusted Translations, Inc.","url":"https:\/\/www.trustedtranslations.com\/es\/","logo":{"@type":"ImageObject","inLanguage":"es","@id":"https:\/\/www.trustedtranslations.com\/es\/#\/schema\/logo\/image\/","url":"https:\/\/static.trustedtranslations.com\/wp-content\/uploads\/2022\/01\/TT_logo_WSIColors-2.png","contentUrl":"https:\/\/static.trustedtranslations.com\/wp-content\/uploads\/2022\/01\/TT_logo_WSIColors-2.png","width":500,"height":196,"caption":"Trusted Translations"},"image":{"@id":"https:\/\/www.trustedtranslations.com\/es\/#\/schema\/logo\/image\/"},"sameAs":["https:\/\/www.facebook.com\/Trusted.Translations","https:\/\/x.com\/TrustedT9ns","https:\/\/www.linkedin.com\/company\/trusted-translations"]}]}},"toolset-meta":{"dyk":{"mensaje-1":{"type":"textfield","raw":"Respetamos la Secci\u00f3n 508 de la Ley de Rehabilitaci\u00f3n Laboral de Estados Unidos de 1973."},"mensaje-2":{"type":"textfield","raw":"En Trusted Translations, creemos en proporcionar igualdad de accesibilidad a todos los usuarios."},"mensaje-3":{"type":"textfield","raw":"Nos aseguramos de que sus documentos cumplan todos los est\u00e1ndares de accesibilidad web de WCAG."},"mensaje-4":{"type":"textfield","raw":"Hacemos que su sitio web sea accesible para que pueda llegar al p\u00fablico m\u00e1s amplio posible."},"mensaje-5":{"type":"textfield","raw":""},"mensaje-6":{"type":"textfield","raw":""}},"single-page-template-fields":{"imgs-temp":{"type":"image","raw":["https:\/\/static.trustedtranslations.com\/wp-content\/uploads\/2023\/05\/Group-134.jpg"],"repeatable":[{"raw":"https:\/\/static.trustedtranslations.com\/wp-content\/uploads\/2023\/05\/Group-134.jpg"}]},"imgs-temp-cel":{"type":"image","raw":["https:\/\/static.trustedtranslations.com\/wp-content\/uploads\/2022\/03\/AdobeStock_87618557-3-1.jpg"],"repeatable":[{"raw":"https:\/\/static.trustedtranslations.com\/wp-content\/uploads\/2022\/03\/AdobeStock_87618557-3-1.jpg"}]},"img-temp-one-cel":{"type":"image","raw":"","attachment_id":null},"quotes":{"type":"textarea","raw":"<h1 style=\"padding-top: 20px\">Pautas de Accesibilidad: Cumplimiento de WCAG\/Secci\u00f3n 508<\/h1><br>En Trusted Translations, nuestro objetivo principal es hacer que el contenido est\u00e9 disponible para la audiencia m\u00e1s amplia posible, no solo a trav\u00e9s de la traducci\u00f3n, sino tambi\u00e9n acatando las Pautas de Accesibilidad al Contenido Web (WGAC, por sus siglas en ingl\u00e9s), tambi\u00e9n conocidas como la Secci\u00f3n 508 de la Ley de Rehabilitaci\u00f3n de la Fuerza Laboral de los Estados Unidos de 1973, modificada en 1988. Esto significa que, previa solicitud, nos aseguraremos de que el contenido de su traducci\u00f3n proporcione el mismo nivel de accesibilidad para todos.<div style=\"margin-top: 2.5vw;\"><a class=\"tt-btn-main-cta\" href=\"\/es\/presupuesto-sin-cargo\">SOLICITE UN PRESUPUESTO SIN CARGO<\/a><\/div>"},"text-1":{"type":"textarea","raw":"<h2>Accesible para Todos<\/h2><br>Ya sea que el impedimento sea auditivo, visual o f\u00edsico, solo por nombrar algunos, podemos ayudarlo a brindar la misma accesibilidad a todos los usuarios. En Trusted Translations, no solo traducimos, localizamos y globalizamos sus proyectos de traducci\u00f3n, tambi\u00e9n podemos dar un paso m\u00e1s para asegurarnos de que su contenido est\u00e9 disponible para la audiencia m\u00e1s amplia posible. <h2>Servicios de Traducci\u00f3n que Cumplen WCAG\/508<\/h2><br> Ya sea que desee que su aplicaci\u00f3n de software, sistema operativo, video u otra informaci\u00f3n multimedia o basada en la Web, entre otros tipos de contenido electr\u00f3nico y de tecnolog\u00eda de la informaci\u00f3n, cumpla los est\u00e1ndares de accesibilidad WCAG\/508, el equipo de Trusted Translations tiene la experiencia necesaria para garantizar que cada proyecto cumpla los requisitos de accesibilidad necesarios. Entendemos que hay tres factores esenciales a tener en cuenta a la hora de hacer que un proyecto cumpla estas especificaciones: <ul>     <li>Requerimientos t\u00e9cnicos: asegurarse de que la codificaci\u00f3n de un sitio web, sistema operativo o software, entre otros, sea compatible con dispositivos de asistencia, adaptaci\u00f3n y rehabilitaci\u00f3n, tambi\u00e9n conocidos como tecnolog\u00eda de asistencia.<\/li>     <li>Requerimientos funcionales: asegurar que el uso del sistema en su conjunto sea adaptable para personas con discapacidad.<\/li>     <li>Requisitos de soporte: proporcionar accesibilidad a documentos de apoyo e informaci\u00f3n alternativa a las personas con discapacidad.<\/li> <\/ul> Si un proyecto no satisface los tres requisitos mencionados anteriormente, seg\u00fan la ley, se considera que no cumple los requisitos de WCAG\/508. Trusted Translations tiene especial cuidado en garantizar que todos los requisitos se cumplan con la m\u00e1xima precisi\u00f3n cuando solicita los servicios de cumplimiento de WCAG\/508. <h2>Cumplimiento de Accesibilidad del Registro de Localizaci\u00f3n<\/h2><br> Independientemente del nivel de cumplimiento del registro que tenga para su proyecto de localizaci\u00f3n\/traducci\u00f3n, nos aseguraremos de asesorarlo cuando sea necesario realizar ajustes en el SOW para lograr el cumplimiento que desea.<br><br> Puede darse el caso de que el contenido de origen no cumpla esta normativa, o puede tratarse de contenido desarrollado hace mucho tiempo que requiere actualizaciones para su nivel de cumplimiento. En cualquier caso, contamos con las habilidades y los recursos necesarios para brindar el servicio que lo ayudar\u00e1 a alcanzar el nivel esperado."},"shortcode-map":{"type":"textfield","raw":""},"dyk-shortcode":{"type":"textfield","raw":"[elementor-template id=\"139368\"]"},"text-2":{"type":"textarea","raw":"<h2>Cumplimiento de Sitios Web y WCAG<\/h2><br>La accesibilidad ha sido un tema de gran preocupaci\u00f3n desde que entramos en la era de internet. Se han descrito niveles claros en las Pautas de Accesibilidad al Contenido Web (WCAG).<br><br> Por ejemplo, cuando se trata de cumplir los requisitos para su sitio web, la mayor parte puede hacerse accesible para personas con discapacidades sin necesidad de cambiar dr\u00e1sticamente las im\u00e1genes del sitio. Para las personas con discapacidad visual, por ejemplo, una imagen del sitio puede tener una descripci\u00f3n alternativa que la describa de manera sucinta y clara. De forma similar, se pueden utilizar ciertos colores para cubrir las necesidades del lector dalt\u00f3nico. Ah\u00ed es donde entra en juego nuestro equipo de expertos en dise\u00f1o gr\u00e1fico. Nuestros dise\u00f1adores gr\u00e1ficos e ingenieros de TI internos son diligentes y se asegurar\u00e1n de que su sitio web sea f\u00e1cil de navegar sin que pierda su atractivo original. Un beneficio adicional de hacer que el contenido sea accesible para todas las audiencias es que tambi\u00e9n generar\u00e1 un aumento en el posicionamiento de los motores de b\u00fasqueda, as\u00ed como en la optimizaci\u00f3n del rendimiento en dispositivos peque\u00f1os. <h2>Requisitos de Accesibilidad en la Traducci\u00f3n de Archivos PDF<\/h2><br> En Trusted Translations, uno de nuestros principales objetivos es poner su contenido a disposici\u00f3n de una amplia gama de personas y audiencias. Por supuesto, esto se puede lograr parcialmente a trav\u00e9s de la traducci\u00f3n y localizaci\u00f3n profesional. Sin embargo, entendemos que para llegar realmente a un p\u00fablico m\u00e1s amplio, debemos hacer que el contenido sea accesible para todos.<br><br> Esta es la raz\u00f3n por la cual, si lo solicita, no solo traduciremos sus documentos PDF y se los devolveremos en formato PDF listos para su uso inmediato, sino que tambi\u00e9n nos aseguraremos de que cumplan todos los requisitos de accesibilidad. Esto significa que todos los usuarios podr\u00e1n acceder a su documento PDF, incluso aquellos con discapacidades que puedan dificultarles la navegaci\u00f3n por un archivo normal.<br><br> A lo largo de tantos a\u00f1os que hemos trabajado para el Gobierno federal de los EE. UU. y las agencias gubernamentales estatales y locales, que refuerzan las pol\u00edticas y pautas vigentes desde la Ley de Rehabilitaci\u00f3n de 1973, hemos acumulado un nivel significativo de experiencia. Y ahora, tambi\u00e9n hemos comenzado a implementar esa experiencia en el sector privado, con mercados verticales como el de la salud, que promueven la accesibilidad para todos los miembros.<br><br> En resumen, si bien garantizar que el contenido est\u00e9 disponible para todos puede ser un proceso complejo, nuestro equipo de expertos en dise\u00f1o gr\u00e1fico tiene formaci\u00f3n profesional para garantizar que sus documentos PDF cumplan todos los requisitos de accesibilidad."},"state":{"type":"textfield","raw":""},"city":{"type":"textarea","raw":[]}}},"_links":{"self":[{"href":"https:\/\/www.trustedtranslations.com\/es\/wp-json\/wp\/v2\/pages\/201491","targetHints":{"allow":["GET"]}}],"collection":[{"href":"https:\/\/www.trustedtranslations.com\/es\/wp-json\/wp\/v2\/pages"}],"about":[{"href":"https:\/\/www.trustedtranslations.com\/es\/wp-json\/wp\/v2\/types\/page"}],"author":[{"embeddable":true,"href":"https:\/\/www.trustedtranslations.com\/es\/wp-json\/wp\/v2\/users\/1"}],"replies":[{"embeddable":true,"href":"https:\/\/www.trustedtranslations.com\/es\/wp-json\/wp\/v2\/comments?post=201491"}],"version-history":[{"count":0,"href":"https:\/\/www.trustedtranslations.com\/es\/wp-json\/wp\/v2\/pages\/201491\/revisions"}],"up":[{"embeddable":true,"href":"https:\/\/www.trustedtranslations.com\/es\/wp-json\/wp\/v2\/pages\/127136"}],"wp:featuredmedia":[{"embeddable":true,"href":"https:\/\/www.trustedtranslations.com\/es\/wp-json\/wp\/v2\/media\/235550"}],"wp:attachment":[{"href":"https:\/\/www.trustedtranslations.com\/es\/wp-json\/wp\/v2\/media?parent=201491"}],"curies":[{"name":"wp","href":"https:\/\/api.w.org\/{rel}","templated":true}]}}