{"id":204200,"date":"2023-05-08T14:08:15","date_gmt":"2023-05-08T17:08:15","guid":{"rendered":"https:\/\/www.trustedtranslations.com\/?page_id=204200"},"modified":"2024-09-11T12:57:04","modified_gmt":"2024-09-11T15:57:04","slug":"bengali","status":"publish","type":"page","link":"https:\/\/www.trustedtranslations.com\/es\/idiomas\/bengali","title":{"rendered":"Bengal\u00ed"},"content":{"rendered":"","protected":false},"excerpt":{"rendered":"","protected":false},"author":1,"featured_media":212656,"parent":127181,"menu_order":0,"comment_status":"closed","ping_status":"closed","template":"","meta":{"site-sidebar-layout":"default","site-content-layout":"default","ast-site-content-layout":"default","site-content-style":"default","site-sidebar-style":"default","ast-global-header-display":"","ast-banner-title-visibility":"","ast-main-header-display":"","ast-hfb-above-header-display":"","ast-hfb-below-header-display":"","ast-hfb-mobile-header-display":"","site-post-title":"disabled","ast-breadcrumbs-content":"","ast-featured-img":"","footer-sml-layout":"","ast-disable-related-posts":"","theme-transparent-header-meta":"default","adv-header-id-meta":"","stick-header-meta":"","header-above-stick-meta":"","header-main-stick-meta":"","header-below-stick-meta":"","astra-migrate-meta-layouts":"set","ast-page-background-enabled":"default","ast-page-background-meta":{"desktop":{"background-color":"var(--ast-global-color-4)","background-image":"","background-repeat":"repeat","background-position":"center center","background-size":"auto","background-attachment":"scroll","background-type":"","background-media":"","overlay-type":"","overlay-color":"","overlay-opacity":"","overlay-gradient":""},"tablet":{"background-color":"","background-image":"","background-repeat":"repeat","background-position":"center center","background-size":"auto","background-attachment":"scroll","background-type":"","background-media":"","overlay-type":"","overlay-color":"","overlay-opacity":"","overlay-gradient":""},"mobile":{"background-color":"","background-image":"","background-repeat":"repeat","background-position":"center center","background-size":"auto","background-attachment":"scroll","background-type":"","background-media":"","overlay-type":"","overlay-color":"","overlay-opacity":"","overlay-gradient":""}},"ast-content-background-meta":{"desktop":{"background-color":"var(--ast-global-color-5)","background-image":"","background-repeat":"repeat","background-position":"center center","background-size":"auto","background-attachment":"scroll","background-type":"","background-media":"","overlay-type":"","overlay-color":"","overlay-opacity":"","overlay-gradient":""},"tablet":{"background-color":"var(--ast-global-color-5)","background-image":"","background-repeat":"repeat","background-position":"center center","background-size":"auto","background-attachment":"scroll","background-type":"","background-media":"","overlay-type":"","overlay-color":"","overlay-opacity":"","overlay-gradient":""},"mobile":{"background-color":"var(--ast-global-color-5)","background-image":"","background-repeat":"repeat","background-position":"center center","background-size":"auto","background-attachment":"scroll","background-type":"","background-media":"","overlay-type":"","overlay-color":"","overlay-opacity":"","overlay-gradient":""}},"footnotes":""},"class_list":["post-204200","page","type-page","status-publish","has-post-thumbnail","hentry"],"yoast_head":"<!-- This site is optimized with the Yoast SEO plugin v27.3 - https:\/\/yoast.com\/product\/yoast-seo-wordpress\/ -->\n<title>Servicios de Traducci\u00f3n de Bengal\u00ed: Trusted Translations, Inc.<\/title>\n<meta name=\"description\" content=\"Trusted Translations: L\u00edder en servicios de traducci\u00f3n de bengal\u00ed a cargo de equipos especializados de traducci\u00f3n en ese idioma. Haga una consulta o solicite un presupuesto sin cargo.\" \/>\n<meta name=\"robots\" content=\"index, follow, max-snippet:-1, max-image-preview:large, max-video-preview:-1\" \/>\n<link rel=\"canonical\" href=\"https:\/\/www.trustedtranslations.com\/es\/idiomas\/bengali\" \/>\n<meta property=\"og:locale\" content=\"es_ES\" \/>\n<meta property=\"og:type\" content=\"article\" \/>\n<meta property=\"og:title\" content=\"Servicios de Traducci\u00f3n de Bengal\u00ed: Trusted Translations, Inc.\" \/>\n<meta property=\"og:description\" content=\"Trusted Translations: L\u00edder en servicios de traducci\u00f3n de bengal\u00ed a cargo de equipos especializados de traducci\u00f3n en ese idioma. Haga una consulta o solicite un presupuesto sin cargo.\" \/>\n<meta property=\"og:url\" content=\"https:\/\/www.trustedtranslations.com\/es\/idiomas\/bengali\" \/>\n<meta property=\"og:site_name\" content=\"Trusted Translations\" \/>\n<meta property=\"article:publisher\" content=\"https:\/\/www.facebook.com\/Trusted.Translations\" \/>\n<meta property=\"article:modified_time\" content=\"2024-09-11T15:57:04+00:00\" \/>\n<meta property=\"og:image\" content=\"https:\/\/www.trustedtranslations.com\/wp-content\/uploads\/2022\/06\/tt-logo-2-1.webp\" \/>\n\t<meta property=\"og:image:width\" content=\"216\" \/>\n\t<meta property=\"og:image:height\" content=\"94\" \/>\n\t<meta property=\"og:image:type\" content=\"image\/webp\" \/>\n<meta name=\"twitter:card\" content=\"summary_large_image\" \/>\n<meta name=\"twitter:site\" content=\"@TrustedT9ns\" \/>\n<script type=\"application\/ld+json\" class=\"yoast-schema-graph\">{\"@context\":\"https:\\\/\\\/schema.org\",\"@graph\":[{\"@type\":\"WebPage\",\"@id\":\"https:\\\/\\\/www.trustedtranslations.com\\\/es\\\/idiomas\\\/bengali\",\"url\":\"https:\\\/\\\/www.trustedtranslations.com\\\/es\\\/idiomas\\\/bengali\",\"name\":\"Servicios de Traducci\u00f3n de Bengal\u00ed: Trusted Translations, Inc.\",\"isPartOf\":{\"@id\":\"https:\\\/\\\/www.trustedtranslations.com\\\/es\\\/#website\"},\"primaryImageOfPage\":{\"@id\":\"https:\\\/\\\/www.trustedtranslations.com\\\/es\\\/idiomas\\\/bengali#primaryimage\"},\"image\":{\"@id\":\"https:\\\/\\\/www.trustedtranslations.com\\\/es\\\/idiomas\\\/bengali#primaryimage\"},\"thumbnailUrl\":\"\",\"description\":\"Trusted Translations: L\u00edder en servicios de traducci\u00f3n de bengal\u00ed a cargo de equipos especializados de traducci\u00f3n en ese idioma. Haga una consulta o solicite un presupuesto sin cargo.\",\"breadcrumb\":{\"@id\":\"https:\\\/\\\/www.trustedtranslations.com\\\/es\\\/idiomas\\\/bengali#breadcrumb\"},\"inLanguage\":\"es\",\"potentialAction\":[{\"@type\":\"ReadAction\",\"target\":[\"https:\\\/\\\/www.trustedtranslations.com\\\/es\\\/idiomas\\\/bengali\"]}]},{\"@type\":\"ImageObject\",\"inLanguage\":\"es\",\"@id\":\"https:\\\/\\\/www.trustedtranslations.com\\\/es\\\/idiomas\\\/bengali#primaryimage\",\"url\":\"\",\"contentUrl\":\"\"},{\"@type\":\"BreadcrumbList\",\"@id\":\"https:\\\/\\\/www.trustedtranslations.com\\\/es\\\/idiomas\\\/bengali#breadcrumb\",\"itemListElement\":[{\"@type\":\"ListItem\",\"position\":1,\"name\":\"Home\",\"item\":\"https:\\\/\\\/www.trustedtranslations.com\\\/es\"},{\"@type\":\"ListItem\",\"position\":2,\"name\":\"Idiomas\",\"item\":\"https:\\\/\\\/www.trustedtranslations.com\\\/es\\\/idiomas\"},{\"@type\":\"ListItem\",\"position\":3,\"name\":\"Bengal\u00ed\"}]},{\"@type\":\"WebSite\",\"@id\":\"https:\\\/\\\/www.trustedtranslations.com\\\/es\\\/#website\",\"url\":\"https:\\\/\\\/www.trustedtranslations.com\\\/es\\\/\",\"name\":\"Trusted Translations, Inc.\",\"description\":\"Leader in translation and interpretation services.\",\"publisher\":{\"@id\":\"https:\\\/\\\/www.trustedtranslations.com\\\/es\\\/#organization\"},\"alternateName\":\"Trusted Translations\",\"potentialAction\":[{\"@type\":\"SearchAction\",\"target\":{\"@type\":\"EntryPoint\",\"urlTemplate\":\"https:\\\/\\\/www.trustedtranslations.com\\\/es\\\/?s={search_term_string}\"},\"query-input\":{\"@type\":\"PropertyValueSpecification\",\"valueRequired\":true,\"valueName\":\"search_term_string\"}}],\"inLanguage\":\"es\"},{\"@type\":\"Organization\",\"@id\":\"https:\\\/\\\/www.trustedtranslations.com\\\/es\\\/#organization\",\"name\":\"Trusted Translations\",\"alternateName\":\"Trusted Translations, Inc.\",\"url\":\"https:\\\/\\\/www.trustedtranslations.com\\\/es\\\/\",\"logo\":{\"@type\":\"ImageObject\",\"inLanguage\":\"es\",\"@id\":\"https:\\\/\\\/www.trustedtranslations.com\\\/es\\\/#\\\/schema\\\/logo\\\/image\\\/\",\"url\":\"https:\\\/\\\/static.trustedtranslations.com\\\/wp-content\\\/uploads\\\/2022\\\/01\\\/TT_logo_WSIColors-2.png\",\"contentUrl\":\"https:\\\/\\\/static.trustedtranslations.com\\\/wp-content\\\/uploads\\\/2022\\\/01\\\/TT_logo_WSIColors-2.png\",\"width\":500,\"height\":196,\"caption\":\"Trusted Translations\"},\"image\":{\"@id\":\"https:\\\/\\\/www.trustedtranslations.com\\\/es\\\/#\\\/schema\\\/logo\\\/image\\\/\"},\"sameAs\":[\"https:\\\/\\\/www.facebook.com\\\/Trusted.Translations\",\"https:\\\/\\\/x.com\\\/TrustedT9ns\",\"https:\\\/\\\/www.linkedin.com\\\/company\\\/trusted-translations\"]}]}<\/script>\n<!-- \/ Yoast SEO plugin. -->","yoast_head_json":{"title":"Servicios de Traducci\u00f3n de Bengal\u00ed: Trusted Translations, Inc.","description":"Trusted Translations: L\u00edder en servicios de traducci\u00f3n de bengal\u00ed a cargo de equipos especializados de traducci\u00f3n en ese idioma. Haga una consulta o solicite un presupuesto sin cargo.","robots":{"index":"index","follow":"follow","max-snippet":"max-snippet:-1","max-image-preview":"max-image-preview:large","max-video-preview":"max-video-preview:-1"},"canonical":"https:\/\/www.trustedtranslations.com\/es\/idiomas\/bengali","og_locale":"es_ES","og_type":"article","og_title":"Servicios de Traducci\u00f3n de Bengal\u00ed: Trusted Translations, Inc.","og_description":"Trusted Translations: L\u00edder en servicios de traducci\u00f3n de bengal\u00ed a cargo de equipos especializados de traducci\u00f3n en ese idioma. Haga una consulta o solicite un presupuesto sin cargo.","og_url":"https:\/\/www.trustedtranslations.com\/es\/idiomas\/bengali","og_site_name":"Trusted Translations","article_publisher":"https:\/\/www.facebook.com\/Trusted.Translations","article_modified_time":"2024-09-11T15:57:04+00:00","og_image":[{"width":216,"height":94,"url":"https:\/\/www.trustedtranslations.com\/wp-content\/uploads\/2022\/06\/tt-logo-2-1.webp","type":"image\/webp"}],"twitter_card":"summary_large_image","twitter_site":"@TrustedT9ns","schema":{"@context":"https:\/\/schema.org","@graph":[{"@type":"WebPage","@id":"https:\/\/www.trustedtranslations.com\/es\/idiomas\/bengali","url":"https:\/\/www.trustedtranslations.com\/es\/idiomas\/bengali","name":"Servicios de Traducci\u00f3n de Bengal\u00ed: Trusted Translations, Inc.","isPartOf":{"@id":"https:\/\/www.trustedtranslations.com\/es\/#website"},"primaryImageOfPage":{"@id":"https:\/\/www.trustedtranslations.com\/es\/idiomas\/bengali#primaryimage"},"image":{"@id":"https:\/\/www.trustedtranslations.com\/es\/idiomas\/bengali#primaryimage"},"thumbnailUrl":"","description":"Trusted Translations: L\u00edder en servicios de traducci\u00f3n de bengal\u00ed a cargo de equipos especializados de traducci\u00f3n en ese idioma. Haga una consulta o solicite un presupuesto sin cargo.","breadcrumb":{"@id":"https:\/\/www.trustedtranslations.com\/es\/idiomas\/bengali#breadcrumb"},"inLanguage":"es","potentialAction":[{"@type":"ReadAction","target":["https:\/\/www.trustedtranslations.com\/es\/idiomas\/bengali"]}]},{"@type":"ImageObject","inLanguage":"es","@id":"https:\/\/www.trustedtranslations.com\/es\/idiomas\/bengali#primaryimage","url":"","contentUrl":""},{"@type":"BreadcrumbList","@id":"https:\/\/www.trustedtranslations.com\/es\/idiomas\/bengali#breadcrumb","itemListElement":[{"@type":"ListItem","position":1,"name":"Home","item":"https:\/\/www.trustedtranslations.com\/es"},{"@type":"ListItem","position":2,"name":"Idiomas","item":"https:\/\/www.trustedtranslations.com\/es\/idiomas"},{"@type":"ListItem","position":3,"name":"Bengal\u00ed"}]},{"@type":"WebSite","@id":"https:\/\/www.trustedtranslations.com\/es\/#website","url":"https:\/\/www.trustedtranslations.com\/es\/","name":"Trusted Translations, Inc.","description":"Leader in translation and interpretation services.","publisher":{"@id":"https:\/\/www.trustedtranslations.com\/es\/#organization"},"alternateName":"Trusted Translations","potentialAction":[{"@type":"SearchAction","target":{"@type":"EntryPoint","urlTemplate":"https:\/\/www.trustedtranslations.com\/es\/?s={search_term_string}"},"query-input":{"@type":"PropertyValueSpecification","valueRequired":true,"valueName":"search_term_string"}}],"inLanguage":"es"},{"@type":"Organization","@id":"https:\/\/www.trustedtranslations.com\/es\/#organization","name":"Trusted Translations","alternateName":"Trusted Translations, Inc.","url":"https:\/\/www.trustedtranslations.com\/es\/","logo":{"@type":"ImageObject","inLanguage":"es","@id":"https:\/\/www.trustedtranslations.com\/es\/#\/schema\/logo\/image\/","url":"https:\/\/static.trustedtranslations.com\/wp-content\/uploads\/2022\/01\/TT_logo_WSIColors-2.png","contentUrl":"https:\/\/static.trustedtranslations.com\/wp-content\/uploads\/2022\/01\/TT_logo_WSIColors-2.png","width":500,"height":196,"caption":"Trusted Translations"},"image":{"@id":"https:\/\/www.trustedtranslations.com\/es\/#\/schema\/logo\/image\/"},"sameAs":["https:\/\/www.facebook.com\/Trusted.Translations","https:\/\/x.com\/TrustedT9ns","https:\/\/www.linkedin.com\/company\/trusted-translations"]}]}},"toolset-meta":{"dyk":{"mensaje-1":{"type":"textfield","raw":"El 98% de los banglades\u00edes usan el bengal\u00ed como primera lengua."},"mensaje-2":{"type":"textfield","raw":"El origen del bengal\u00ed tiene m\u00e1s de mil a\u00f1os."},"mensaje-3":{"type":"textfield","raw":"El poeta ganador del Premio Nobel Rabindranath Tagore escrib\u00eda en bengal\u00ed."},"mensaje-4":{"type":"textfield","raw":"Es el s\u00e9ptimo idioma m\u00e1s hablado del mundo."},"mensaje-5":{"type":"textfield","raw":"Trusted Translations tiene m\u00e1s de 5,000 clientes satisfechos en casi todas las industrias."},"mensaje-6":{"type":"textfield","raw":""}},"single-page-template-fields":{"imgs-temp":{"type":"image","raw":["https:\/\/static.trustedtranslations.com\/wp-content\/uploads\/2023\/05\/Bengali.jpg"],"repeatable":[{"raw":"https:\/\/static.trustedtranslations.com\/wp-content\/uploads\/2023\/05\/Bengali.jpg"}]},"imgs-temp-cel":{"type":"image","raw":["https:\/\/static.trustedtranslations.com\/wp-content\/uploads\/2023\/04\/image_WgAbTnij_1682003398015_raw-1.jpg"],"repeatable":[{"raw":"https:\/\/static.trustedtranslations.com\/wp-content\/uploads\/2023\/04\/image_WgAbTnij_1682003398015_raw-1.jpg"}]},"img-temp-one-cel":{"type":"image","raw":"","attachment_id":null},"quotes":{"type":"textarea","raw":"<h1 style=\"margin-bottom: 12px;\">Servicios de Traducci\u00f3n de Bengal\u00ed<\/h1><em>Trusted Translations<\/em>, proveedor l\u00edder de servicios de traducci\u00f3n de bengal\u00ed, ofrece tarifas competitivas para proyectos que requieran traducci\u00f3n desde y hacia el ingl\u00e9s y muchos otros idiomas europeos y asi\u00e1ticos. Biling\u00fce y bicultural, el equipo de bengal\u00ed tiene experiencia en la localizaci\u00f3n de traducciones de \u201cbangla\u201d (end\u00f3nimo de bengal\u00ed) para las audiencias bengal\u00edes de todo el mundo.<div style=\"margin-top: 2.5vw;\"><a class=\"tt-btn-main-cta\" href=\"\/quote\">SOLICITE UN PRESUPUESTO SIN CARGO<\/a><\/div>"},"text-1":{"type":"textarea","raw":"<h2>Traducciones Precisas con Estrictos Controles de Calidad<\/h2>Preciso y con sensibilidad cultural, el personal de Trusted Translations maneja proyectos de gran volumen mediante sistemas rentables, que brindan traducciones impecables en plazos acotados. Los controles de calidad garantizan la precisi\u00f3n ling\u00fc\u00edstica y el cumplimiento de las leyes locales. <h2 style=\"margin-bottom: 20px\">Importancia Econ\u00f3mica del Bengal\u00ed<\/h2><br> Las regiones de habla bengal\u00ed del sur de Asia tienen un sector de comercio internacional activo, y Banglad\u00e9s es un importante exportador de prendas de vestir, productos textiles, art\u00edculos de cuero y productos de yute. Kolkata, en India, es tambi\u00e9n un importante centro de comercio internacional.<br><br> El sector bancario y financiero est\u00e1 bien desarrollado en Banglad\u00e9s, y cuenta con muchos bancos y otras instituciones financieras, nacionales e internacionales. Una de las bolsas m\u00e1s antiguas de Asia, la Bolsa de Valores de Kolkata, en India, tambi\u00e9n resalta este pr\u00f3spero sector financiero. <br><br> La agricultura es un sector comercial importante en Banglad\u00e9s: se cultivan arroz, yute, t\u00e9 y ca\u00f1a de az\u00facar. Con su larga costa y muchos r\u00edos, tambi\u00e9n son importantes las exportaciones de pescados y mariscos.<h2 style=\"margin-bottom: 20px\">Bengal\u00ed en Todo el Mundo<\/h2><br> Los hablantes de bengal\u00ed se encuentran no solo en Banglad\u00e9s e India, sino tambi\u00e9n en Pakist\u00e1n, Nepal, Arabia Saudita, Om\u00e1n, Kuwait, Catar, Bar\u00e9in, Emiratos \u00c1rabes Unidos, Reino Unido y Estados Unidos. <br><br> Con m\u00e1s de 230 millones de hablantes, el bengal\u00ed ocupa el s\u00e9ptimo lugar entre los idiomas m\u00e1s hablados del mundo. <br><br> La di\u00e1spora de Banglad\u00e9s, que se remonta al siglo XVIII, comprende hoy unos trece millones de nativos que viven fuera de su tierra natal. Cerca de tres millones viven en el Medio Oriente y dos millones en India, mientras que las Banglatowns albergan comunidades vibrantes en ciudades occidentales tan diversas como Detroit y Londres. <br><br>"},"shortcode-map":{"type":"textfield","raw":""},"dyk-shortcode":{"type":"textfield","raw":"[elementor-template id=\"139368\"]"},"text-2":{"type":"textarea","raw":"<h2 style=\"margin-bottom: 20px\">Bengal\u00ed: Dulce pero Desafiante<\/h2><br> Conocido como \u201cbangla\u201d por los hablantes nativos, el bengal\u00ed es un idioma indoario que se habla principalmente en Banglad\u00e9s y en tres estados de la India: Bengala Occidental, Tripura y Assam. <br><br> Para los angloparlantes, el bengal\u00ed puede ser dif\u00edcil de dominar. Se escribe de izquierda a derecha, y tiene sus ra\u00edces en el s\u00e1nscrito. Esta rama indoaria del \u00e1rbol ling\u00fc\u00edstico indoeuropeo no tiene letras may\u00fasculas y su gram\u00e1tica, vocabulario y pronunciaci\u00f3n son desafiantes; sin embargo, muchas personas lo consideran, aunque en forma subjetiva, un idioma muy \u201cdulce\u201d (adorable). <h2 style=\"margin-bottom: 20px\">Equipos Experimentados de Traducci\u00f3n de Bengal\u00ed<\/h2><br> Los traductores de bengal\u00ed de <em>Trusted Translations<\/em> entienden las complejidades de este antiguo idioma. Revisan su trabajo especialistas independientes antes de un \u00faltimo control de calidad previo a la entrega."},"state":{"type":"textfield","raw":""},"city":{"type":"textarea","raw":[]}}},"_links":{"self":[{"href":"https:\/\/www.trustedtranslations.com\/es\/wp-json\/wp\/v2\/pages\/204200","targetHints":{"allow":["GET"]}}],"collection":[{"href":"https:\/\/www.trustedtranslations.com\/es\/wp-json\/wp\/v2\/pages"}],"about":[{"href":"https:\/\/www.trustedtranslations.com\/es\/wp-json\/wp\/v2\/types\/page"}],"author":[{"embeddable":true,"href":"https:\/\/www.trustedtranslations.com\/es\/wp-json\/wp\/v2\/users\/1"}],"replies":[{"embeddable":true,"href":"https:\/\/www.trustedtranslations.com\/es\/wp-json\/wp\/v2\/comments?post=204200"}],"version-history":[{"count":0,"href":"https:\/\/www.trustedtranslations.com\/es\/wp-json\/wp\/v2\/pages\/204200\/revisions"}],"up":[{"embeddable":true,"href":"https:\/\/www.trustedtranslations.com\/es\/wp-json\/wp\/v2\/pages\/127181"}],"wp:featuredmedia":[{"embeddable":true,"href":"https:\/\/www.trustedtranslations.com\/es\/wp-json\/"}],"wp:attachment":[{"href":"https:\/\/www.trustedtranslations.com\/es\/wp-json\/wp\/v2\/media?parent=204200"}],"curies":[{"name":"wp","href":"https:\/\/api.w.org\/{rel}","templated":true}]}}