{"id":206740,"date":"2023-05-22T19:35:42","date_gmt":"2023-05-22T22:35:42","guid":{"rendered":"https:\/\/www.trustedtranslations.com\/?page_id=206740"},"modified":"2025-11-21T15:02:20","modified_gmt":"2025-11-21T18:02:20","slug":"phoenix","status":"publish","type":"page","link":"https:\/\/www.trustedtranslations.com\/es\/acerca-de-nosotros\/contacto\/phoenix","title":{"rendered":"Phoenix"},"content":{"rendered":"","protected":false},"excerpt":{"rendered":"","protected":false},"author":1,"featured_media":218295,"parent":126994,"menu_order":0,"comment_status":"closed","ping_status":"closed","template":"","meta":{"site-sidebar-layout":"no-sidebar","site-content-layout":"page-builder","ast-site-content-layout":"full-width-container","site-content-style":"unboxed","site-sidebar-style":"unboxed","ast-global-header-display":"","ast-banner-title-visibility":"","ast-main-header-display":"","ast-hfb-above-header-display":"","ast-hfb-below-header-display":"","ast-hfb-mobile-header-display":"","site-post-title":"disabled","ast-breadcrumbs-content":"","ast-featured-img":"disabled","footer-sml-layout":"","ast-disable-related-posts":"","theme-transparent-header-meta":"default","adv-header-id-meta":"","stick-header-meta":"","header-above-stick-meta":"","header-main-stick-meta":"","header-below-stick-meta":"","astra-migrate-meta-layouts":"set","ast-page-background-enabled":"default","ast-page-background-meta":{"desktop":{"background-color":"var(--ast-global-color-4)","background-image":"","background-repeat":"repeat","background-position":"center center","background-size":"auto","background-attachment":"scroll","background-type":"","background-media":"","overlay-type":"","overlay-color":"","overlay-opacity":"","overlay-gradient":""},"tablet":{"background-color":"","background-image":"","background-repeat":"repeat","background-position":"center center","background-size":"auto","background-attachment":"scroll","background-type":"","background-media":"","overlay-type":"","overlay-color":"","overlay-opacity":"","overlay-gradient":""},"mobile":{"background-color":"","background-image":"","background-repeat":"repeat","background-position":"center center","background-size":"auto","background-attachment":"scroll","background-type":"","background-media":"","overlay-type":"","overlay-color":"","overlay-opacity":"","overlay-gradient":""}},"ast-content-background-meta":{"desktop":{"background-color":"var(--ast-global-color-5)","background-image":"","background-repeat":"repeat","background-position":"center center","background-size":"auto","background-attachment":"scroll","background-type":"","background-media":"","overlay-type":"","overlay-color":"","overlay-opacity":"","overlay-gradient":""},"tablet":{"background-color":"var(--ast-global-color-5)","background-image":"","background-repeat":"repeat","background-position":"center center","background-size":"auto","background-attachment":"scroll","background-type":"","background-media":"","overlay-type":"","overlay-color":"","overlay-opacity":"","overlay-gradient":""},"mobile":{"background-color":"var(--ast-global-color-5)","background-image":"","background-repeat":"repeat","background-position":"center center","background-size":"auto","background-attachment":"scroll","background-type":"","background-media":"","overlay-type":"","overlay-color":"","overlay-opacity":"","overlay-gradient":""}},"footnotes":""},"class_list":["post-206740","page","type-page","status-publish","has-post-thumbnail","hentry"],"yoast_head":"<!-- This site is optimized with the Yoast SEO plugin v27.5 - https:\/\/yoast.com\/product\/yoast-seo-wordpress\/ -->\n<title>Servicios de Traducci\u00f3n en Phoenix. Empresa de Traducci\u00f3n L\u00edder en Arizona: Trusted Translations, Inc.<\/title>\n<meta name=\"description\" content=\"Trusted Translations, Inc. Phoenix, Arizona. Servicios de traducci\u00f3n de calidad comprobada a los mejores precios. Haga una consulta o solicite un presupuesto sin cargo. Comun\u00edquese con nosotros hoy.\" \/>\n<meta name=\"robots\" content=\"index, follow, max-snippet:-1, max-image-preview:large, max-video-preview:-1\" \/>\n<link rel=\"canonical\" href=\"https:\/\/www.trustedtranslations.com\/es\/acerca-de-nosotros\/contacto\/phoenix\" \/>\n<meta property=\"og:locale\" content=\"es_ES\" \/>\n<meta property=\"og:type\" content=\"article\" \/>\n<meta property=\"og:title\" content=\"Servicios de Traducci\u00f3n en Phoenix. Empresa de Traducci\u00f3n L\u00edder en Arizona: Trusted Translations, Inc.\" \/>\n<meta property=\"og:description\" content=\"Trusted Translations, Inc. Phoenix, Arizona. Servicios de traducci\u00f3n de calidad comprobada a los mejores precios. Haga una consulta o solicite un presupuesto sin cargo. Comun\u00edquese con nosotros hoy.\" \/>\n<meta property=\"og:url\" content=\"https:\/\/www.trustedtranslations.com\/es\/acerca-de-nosotros\/contacto\/phoenix\" \/>\n<meta property=\"og:site_name\" content=\"Trusted Translations\" \/>\n<meta property=\"article:publisher\" content=\"https:\/\/www.facebook.com\/Trusted.Translations\" \/>\n<meta property=\"article:modified_time\" content=\"2025-11-21T18:02:20+00:00\" \/>\n<meta property=\"og:image\" content=\"https:\/\/www.trustedtranslations.com\/wp-content\/uploads\/2022\/06\/tt-logo-2-1.webp\" \/>\n\t<meta property=\"og:image:width\" content=\"216\" \/>\n\t<meta property=\"og:image:height\" content=\"94\" \/>\n\t<meta property=\"og:image:type\" content=\"image\/webp\" \/>\n<meta name=\"twitter:card\" content=\"summary_large_image\" \/>\n<meta name=\"twitter:site\" content=\"@TrustedT9ns\" \/>\n<script type=\"application\/ld+json\" class=\"yoast-schema-graph\">{\"@context\":\"https:\\\/\\\/schema.org\",\"@graph\":[{\"@type\":\"WebPage\",\"@id\":\"https:\\\/\\\/www.trustedtranslations.com\\\/es\\\/acerca-de-nosotros\\\/contacto\\\/phoenix\",\"url\":\"https:\\\/\\\/www.trustedtranslations.com\\\/es\\\/acerca-de-nosotros\\\/contacto\\\/phoenix\",\"name\":\"Servicios de Traducci\u00f3n en Phoenix. Empresa de Traducci\u00f3n L\u00edder en Arizona: Trusted Translations, Inc.\",\"isPartOf\":{\"@id\":\"https:\\\/\\\/www.trustedtranslations.com\\\/es\\\/#website\"},\"primaryImageOfPage\":{\"@id\":\"https:\\\/\\\/www.trustedtranslations.com\\\/es\\\/acerca-de-nosotros\\\/contacto\\\/phoenix#primaryimage\"},\"image\":{\"@id\":\"https:\\\/\\\/www.trustedtranslations.com\\\/es\\\/acerca-de-nosotros\\\/contacto\\\/phoenix#primaryimage\"},\"thumbnailUrl\":\"\",\"description\":\"Trusted Translations, Inc. Phoenix, Arizona. Servicios de traducci\u00f3n de calidad comprobada a los mejores precios. Haga una consulta o solicite un presupuesto sin cargo. Comun\u00edquese con nosotros hoy.\",\"breadcrumb\":{\"@id\":\"https:\\\/\\\/www.trustedtranslations.com\\\/es\\\/acerca-de-nosotros\\\/contacto\\\/phoenix#breadcrumb\"},\"inLanguage\":\"es\",\"potentialAction\":[{\"@type\":\"ReadAction\",\"target\":[\"https:\\\/\\\/www.trustedtranslations.com\\\/es\\\/acerca-de-nosotros\\\/contacto\\\/phoenix\"]}]},{\"@type\":\"ImageObject\",\"inLanguage\":\"es\",\"@id\":\"https:\\\/\\\/www.trustedtranslations.com\\\/es\\\/acerca-de-nosotros\\\/contacto\\\/phoenix#primaryimage\",\"url\":\"\",\"contentUrl\":\"\"},{\"@type\":\"BreadcrumbList\",\"@id\":\"https:\\\/\\\/www.trustedtranslations.com\\\/es\\\/acerca-de-nosotros\\\/contacto\\\/phoenix#breadcrumb\",\"itemListElement\":[{\"@type\":\"ListItem\",\"position\":1,\"name\":\"Home\",\"item\":\"https:\\\/\\\/www.trustedtranslations.com\\\/es\"},{\"@type\":\"ListItem\",\"position\":2,\"name\":\"Acerca de Nosotros\",\"item\":\"https:\\\/\\\/www.trustedtranslations.com\\\/es\\\/acerca-de-nosotros\"},{\"@type\":\"ListItem\",\"position\":3,\"name\":\"Contacto\",\"item\":\"https:\\\/\\\/www.trustedtranslations.com\\\/es\\\/acerca-de-nosotros\\\/contacto\"},{\"@type\":\"ListItem\",\"position\":4,\"name\":\"Phoenix\"}]},{\"@type\":\"WebSite\",\"@id\":\"https:\\\/\\\/www.trustedtranslations.com\\\/es\\\/#website\",\"url\":\"https:\\\/\\\/www.trustedtranslations.com\\\/es\\\/\",\"name\":\"Trusted Translations, Inc.\",\"description\":\"Leader in translation and interpretation services.\",\"publisher\":{\"@id\":\"https:\\\/\\\/www.trustedtranslations.com\\\/es\\\/#organization\"},\"alternateName\":\"Trusted Translations\",\"potentialAction\":[{\"@type\":\"SearchAction\",\"target\":{\"@type\":\"EntryPoint\",\"urlTemplate\":\"https:\\\/\\\/www.trustedtranslations.com\\\/es\\\/?s={search_term_string}\"},\"query-input\":{\"@type\":\"PropertyValueSpecification\",\"valueRequired\":true,\"valueName\":\"search_term_string\"}}],\"inLanguage\":\"es\"},{\"@type\":\"Organization\",\"@id\":\"https:\\\/\\\/www.trustedtranslations.com\\\/es\\\/#organization\",\"name\":\"Trusted Translations\",\"alternateName\":\"Trusted Translations, Inc.\",\"url\":\"https:\\\/\\\/www.trustedtranslations.com\\\/es\\\/\",\"logo\":{\"@type\":\"ImageObject\",\"inLanguage\":\"es\",\"@id\":\"https:\\\/\\\/www.trustedtranslations.com\\\/es\\\/#\\\/schema\\\/logo\\\/image\\\/\",\"url\":\"https:\\\/\\\/static.trustedtranslations.com\\\/wp-content\\\/uploads\\\/2022\\\/01\\\/TT_logo_WSIColors-2.png\",\"contentUrl\":\"https:\\\/\\\/static.trustedtranslations.com\\\/wp-content\\\/uploads\\\/2022\\\/01\\\/TT_logo_WSIColors-2.png\",\"width\":500,\"height\":196,\"caption\":\"Trusted Translations\"},\"image\":{\"@id\":\"https:\\\/\\\/www.trustedtranslations.com\\\/es\\\/#\\\/schema\\\/logo\\\/image\\\/\"},\"sameAs\":[\"https:\\\/\\\/www.facebook.com\\\/Trusted.Translations\",\"https:\\\/\\\/x.com\\\/TrustedT9ns\",\"https:\\\/\\\/www.linkedin.com\\\/company\\\/trusted-translations\"]}]}<\/script>\n<!-- \/ Yoast SEO plugin. -->","yoast_head_json":{"title":"Servicios de Traducci\u00f3n en Phoenix. Empresa de Traducci\u00f3n L\u00edder en Arizona: Trusted Translations, Inc.","description":"Trusted Translations, Inc. Phoenix, Arizona. Servicios de traducci\u00f3n de calidad comprobada a los mejores precios. Haga una consulta o solicite un presupuesto sin cargo. Comun\u00edquese con nosotros hoy.","robots":{"index":"index","follow":"follow","max-snippet":"max-snippet:-1","max-image-preview":"max-image-preview:large","max-video-preview":"max-video-preview:-1"},"canonical":"https:\/\/www.trustedtranslations.com\/es\/acerca-de-nosotros\/contacto\/phoenix","og_locale":"es_ES","og_type":"article","og_title":"Servicios de Traducci\u00f3n en Phoenix. Empresa de Traducci\u00f3n L\u00edder en Arizona: Trusted Translations, Inc.","og_description":"Trusted Translations, Inc. Phoenix, Arizona. Servicios de traducci\u00f3n de calidad comprobada a los mejores precios. Haga una consulta o solicite un presupuesto sin cargo. Comun\u00edquese con nosotros hoy.","og_url":"https:\/\/www.trustedtranslations.com\/es\/acerca-de-nosotros\/contacto\/phoenix","og_site_name":"Trusted Translations","article_publisher":"https:\/\/www.facebook.com\/Trusted.Translations","article_modified_time":"2025-11-21T18:02:20+00:00","og_image":[{"width":216,"height":94,"url":"https:\/\/www.trustedtranslations.com\/wp-content\/uploads\/2022\/06\/tt-logo-2-1.webp","type":"image\/webp"}],"twitter_card":"summary_large_image","twitter_site":"@TrustedT9ns","schema":{"@context":"https:\/\/schema.org","@graph":[{"@type":"WebPage","@id":"https:\/\/www.trustedtranslations.com\/es\/acerca-de-nosotros\/contacto\/phoenix","url":"https:\/\/www.trustedtranslations.com\/es\/acerca-de-nosotros\/contacto\/phoenix","name":"Servicios de Traducci\u00f3n en Phoenix. Empresa de Traducci\u00f3n L\u00edder en Arizona: Trusted Translations, Inc.","isPartOf":{"@id":"https:\/\/www.trustedtranslations.com\/es\/#website"},"primaryImageOfPage":{"@id":"https:\/\/www.trustedtranslations.com\/es\/acerca-de-nosotros\/contacto\/phoenix#primaryimage"},"image":{"@id":"https:\/\/www.trustedtranslations.com\/es\/acerca-de-nosotros\/contacto\/phoenix#primaryimage"},"thumbnailUrl":"","description":"Trusted Translations, Inc. Phoenix, Arizona. Servicios de traducci\u00f3n de calidad comprobada a los mejores precios. Haga una consulta o solicite un presupuesto sin cargo. Comun\u00edquese con nosotros hoy.","breadcrumb":{"@id":"https:\/\/www.trustedtranslations.com\/es\/acerca-de-nosotros\/contacto\/phoenix#breadcrumb"},"inLanguage":"es","potentialAction":[{"@type":"ReadAction","target":["https:\/\/www.trustedtranslations.com\/es\/acerca-de-nosotros\/contacto\/phoenix"]}]},{"@type":"ImageObject","inLanguage":"es","@id":"https:\/\/www.trustedtranslations.com\/es\/acerca-de-nosotros\/contacto\/phoenix#primaryimage","url":"","contentUrl":""},{"@type":"BreadcrumbList","@id":"https:\/\/www.trustedtranslations.com\/es\/acerca-de-nosotros\/contacto\/phoenix#breadcrumb","itemListElement":[{"@type":"ListItem","position":1,"name":"Home","item":"https:\/\/www.trustedtranslations.com\/es"},{"@type":"ListItem","position":2,"name":"Acerca de Nosotros","item":"https:\/\/www.trustedtranslations.com\/es\/acerca-de-nosotros"},{"@type":"ListItem","position":3,"name":"Contacto","item":"https:\/\/www.trustedtranslations.com\/es\/acerca-de-nosotros\/contacto"},{"@type":"ListItem","position":4,"name":"Phoenix"}]},{"@type":"WebSite","@id":"https:\/\/www.trustedtranslations.com\/es\/#website","url":"https:\/\/www.trustedtranslations.com\/es\/","name":"Trusted Translations, Inc.","description":"Leader in translation and interpretation services.","publisher":{"@id":"https:\/\/www.trustedtranslations.com\/es\/#organization"},"alternateName":"Trusted Translations","potentialAction":[{"@type":"SearchAction","target":{"@type":"EntryPoint","urlTemplate":"https:\/\/www.trustedtranslations.com\/es\/?s={search_term_string}"},"query-input":{"@type":"PropertyValueSpecification","valueRequired":true,"valueName":"search_term_string"}}],"inLanguage":"es"},{"@type":"Organization","@id":"https:\/\/www.trustedtranslations.com\/es\/#organization","name":"Trusted Translations","alternateName":"Trusted Translations, Inc.","url":"https:\/\/www.trustedtranslations.com\/es\/","logo":{"@type":"ImageObject","inLanguage":"es","@id":"https:\/\/www.trustedtranslations.com\/es\/#\/schema\/logo\/image\/","url":"https:\/\/static.trustedtranslations.com\/wp-content\/uploads\/2022\/01\/TT_logo_WSIColors-2.png","contentUrl":"https:\/\/static.trustedtranslations.com\/wp-content\/uploads\/2022\/01\/TT_logo_WSIColors-2.png","width":500,"height":196,"caption":"Trusted Translations"},"image":{"@id":"https:\/\/www.trustedtranslations.com\/es\/#\/schema\/logo\/image\/"},"sameAs":["https:\/\/www.facebook.com\/Trusted.Translations","https:\/\/x.com\/TrustedT9ns","https:\/\/www.linkedin.com\/company\/trusted-translations"]}]}},"toolset-meta":{"dyk":{"mensaje-1":{"type":"textfield","raw":"Phoenix es la quinta ciudad m\u00e1s poblada de Estados Unidos."},"mensaje-2":{"type":"textfield","raw":"Cuenta con m\u00e1s de 175 propiedades hoteleras y tur\u00edsticas."},"mensaje-3":{"type":"textfield","raw":"El aeropuerto Phoenix Sky Harbor brinda servicio a m\u00e1s de 120 destinos nacionales e internacionales."},"mensaje-4":{"type":"textfield","raw":"Phoenix es la segunda ciudad m\u00e1s soleada del pa\u00eds, con un promedio de 300 d\u00edas soleados al a\u00f1o."},"mensaje-5":{"type":"textfield","raw":"Trusted Translations tiene m\u00e1s de 5,000 clientes satisfechos en casi todas las industrias."},"mensaje-6":{"type":"textfield","raw":""}},"single-page-template-fields":{"imgs-temp":{"type":"image","raw":["https:\/\/static.trustedtranslations.com\/wp-content\/uploads\/2024\/05\/Group-135-3.webp"],"repeatable":[{"raw":"https:\/\/static.trustedtranslations.com\/wp-content\/uploads\/2024\/05\/Group-135-3.webp"}]},"imgs-temp-cel":{"type":"image","raw":[""],"repeatable":[{"raw":""}]},"img-temp-one-cel":{"type":"image","raw":"https:\/\/static.trustedtranslations.com\/wp-content\/uploads\/2024\/05\/phoenix-1-scaled-1.webp","attachment_id":null},"quotes":{"type":"textarea","raw":"<h1 style=\"margin-bottom:12px\">Servicios de Traducci\u00f3n en Phoenix<\/h1>\r\n<p>\r\n    <span><i class=\"fa fa-map-pin\"><\/i> 2390 E Camelback Rd #120,\r\n        Phoenix, Arizona, 85016\r\n        United States<\/span>\r\n    <a style=\"color: #2a2a2a; text-decoration: none;\" href=\"tel:+16022967416\"><i class=\"fa fa-phone\"><\/i> +1 (602) 296-7416<\/a>\r\n    <a style=\"color: #2a2a2a; text-decoration: none;\" href=\"mailto:phoenix@trustedtranslations.com\"><i class=\"fa fa-envelope\"><\/i>phoenix@trustedtranslations.com<\/a>\r\n<\/p>\r\n<div style=\"margin-top: 2.5vw;\"><a class=\"tt-btn-main-cta\" href=\"#tree-form\">Solicite un presupuesto sin cargo<\/a><\/div>"},"text-1":{"type":"textarea","raw":"<h2>Mapa de la sucursal de Phoenix<\/h2>"},"shortcode-map":{"type":"textfield","raw":"[mostrar_mapa url=\"https:\/\/www.google.com\/maps\/embed?pb=!1m18!1m12!1m3!1d3326.680581036325!2d-112.0344694249017!3d33.50968667336608!2m3!1f0!2f0!3f0!3m2!1i1024!2i768!4f13.1!3m3!1m2!1s0x872b0d6ecfbfffff%3A0xdba28d70e0aae835!2s2390%20E%20Camelback%20Rd%20%23120%2C%20Phoenix%2C%20AZ%2085016%2C%20USA!5e0!3m2!1sen!2sar!4v1750799893755!5m2!1sen!2sar\" width=\"600px\" height=\"450px\"]"},"dyk-shortcode":{"type":"textfield","raw":"[elementor-template id=\"139368\"]"},"text-2":{"type":"textarea","raw":"<h2>Servicios de Traducci\u00f3n Profesional en Phoenix<\/h2>\r\n<img class=\"alignright wp-image-206304 size-full\" src=\"https:\/\/static.trustedtranslations.com\/wp-content\/uploads\/2023\/05\/phoenix-2.jpg\" alt=\"\" width=\"500\" height=\"334\" \/>\r\n\r\nLas industrias en expansi\u00f3n de Phoenix \u2014como las de <a href=\"https:\/\/www.trustedtranslations.com\/es\/industrias\/traduccion-tecnica\">tecnolog\u00eda<\/a> y servicios\u2014 se complementan con los sectores s\u00f3lidos de bienes ra\u00edces,<a href=\"https:\/\/www.trustedtranslations.com\/es\/industrias\/finanzas\">finanzas<\/a>,<a href=\"https:\/\/www.trustedtranslations.com\/es\/industrias\/manufacturas\">manufacturas<\/a>y<a href=\"https:\/\/www.trustedtranslations.com\/es\/industrias\/medica\">atenci\u00f3n m\u00e9dica<\/a>; junto con el sector<a href=\"https:\/\/www.trustedtranslations.com\/es\/industrias\/gobierno\">p\u00fablico<\/a> y las operaciones aeroespaciales y militares. <strong><em>Trusted Translations<\/em><\/strong> se ha asociado con algunas de las principales empresas del \u00e1rea metropolitana de Phoenix, como el Banco Nacional BNC, AmeriGas Propane INC, la Universidad Estatal de Arizona y la Universidad Grand Canyon.\r\n\r\nPor su diversidad ling\u00fc\u00edstica, Phoenix se beneficia con un proveedor de traducci\u00f3n experimentado y vers\u00e1til como <strong><em>Trusted Translations<\/em><\/strong>. El \u00e1rea metropolitana de Phoenix tiene una <a href=\"https:\/\/www.trustedtranslations.com\/es\/idiomas\/espanol\">poblaci\u00f3n de habla hispana<\/a> grande y en constante aumento, que incluye una cantidad significativa de hablantes de <a href=\"https:\/\/www.trustedtranslations.com\/es\/idiomas\/espanol\/caracteristicas\/espanol-latinoamericano\">espa\u00f1ol mexicano<\/a>; en general, se calcula que los consumidores latinos aportan alrededor de 65,100 millones de d\u00f3lares a la econom\u00eda del \u00e1rea. Adem\u00e1s de hablantes de <a href=\"https:\/\/www.trustedtranslations.com\/es\/idiomas\/chino\">chino<\/a>, tagalo, <a href=\"https:\/\/www.trustedtranslations.com\/es\/idiomas\/vietnamita\">vietnamita<\/a> y <a href=\"https:\/\/www.trustedtranslations.com\/es\/idiomas\/aleman\">alem\u00e1n<\/a>, tambi\u00e9n se encuentra aqu\u00ed la poblaci\u00f3n navajo m\u00e1s grande del mundo y hay m\u00e1s de veinte tribus representadas en toda la regi\u00f3n metropolitana.\r\n<h2 style=\"margin-bottom:20px\">Acerca de la Ciudad de Phoenix<\/h2>\r\nUbicada dentro del desierto de Sonora, la ciudad de Phoenix, junto con Mesa y Chandler, constituye el \u00e1rea metropolitana m\u00e1s grande del sudoeste de EE.\u00a0UU. El \u00e1rea metropolitana tiene m\u00e1s de 4.8 millones de habitantes y es el n\u00facleo de la econom\u00eda de Arizona. Tambi\u00e9n es una de las \u00e1reas metropolitanas de m\u00e1s r\u00e1pido crecimiento en el pa\u00eds y all\u00ed se ubica el Aeropuerto Internacional Phoenix Sky Harbor, por el cual pasan m\u00e1s de 45 millones de personas cada a\u00f1o."},"state":{"type":"textfield","raw":""},"city":{"type":"textarea","raw":[""]}}},"_links":{"self":[{"href":"https:\/\/www.trustedtranslations.com\/es\/wp-json\/wp\/v2\/pages\/206740","targetHints":{"allow":["GET"]}}],"collection":[{"href":"https:\/\/www.trustedtranslations.com\/es\/wp-json\/wp\/v2\/pages"}],"about":[{"href":"https:\/\/www.trustedtranslations.com\/es\/wp-json\/wp\/v2\/types\/page"}],"author":[{"embeddable":true,"href":"https:\/\/www.trustedtranslations.com\/es\/wp-json\/wp\/v2\/users\/1"}],"replies":[{"embeddable":true,"href":"https:\/\/www.trustedtranslations.com\/es\/wp-json\/wp\/v2\/comments?post=206740"}],"version-history":[{"count":0,"href":"https:\/\/www.trustedtranslations.com\/es\/wp-json\/wp\/v2\/pages\/206740\/revisions"}],"up":[{"embeddable":true,"href":"https:\/\/www.trustedtranslations.com\/es\/wp-json\/wp\/v2\/pages\/126994"}],"wp:featuredmedia":[{"embeddable":true,"href":"https:\/\/www.trustedtranslations.com\/es\/wp-json\/"}],"wp:attachment":[{"href":"https:\/\/www.trustedtranslations.com\/es\/wp-json\/wp\/v2\/media?parent=206740"}],"curies":[{"name":"wp","href":"https:\/\/api.w.org\/{rel}","templated":true}]}}