{"id":208882,"date":"2023-06-06T14:38:13","date_gmt":"2023-06-06T17:38:13","guid":{"rendered":"https:\/\/www.trustedtranslations.com\/?page_id=208882"},"modified":"2025-11-21T17:05:21","modified_gmt":"2025-11-21T20:05:21","slug":"detroit","status":"publish","type":"page","link":"https:\/\/www.trustedtranslations.com\/es\/acerca-de-nosotros\/contacto\/detroit","title":{"rendered":"Detroit"},"content":{"rendered":"","protected":false},"excerpt":{"rendered":"","protected":false},"author":1,"featured_media":218295,"parent":126994,"menu_order":0,"comment_status":"closed","ping_status":"closed","template":"","meta":{"site-sidebar-layout":"no-sidebar","site-content-layout":"page-builder","ast-site-content-layout":"full-width-container","site-content-style":"unboxed","site-sidebar-style":"unboxed","ast-global-header-display":"","ast-banner-title-visibility":"","ast-main-header-display":"","ast-hfb-above-header-display":"","ast-hfb-below-header-display":"","ast-hfb-mobile-header-display":"","site-post-title":"disabled","ast-breadcrumbs-content":"","ast-featured-img":"disabled","footer-sml-layout":"","ast-disable-related-posts":"","theme-transparent-header-meta":"default","adv-header-id-meta":"","stick-header-meta":"","header-above-stick-meta":"","header-main-stick-meta":"","header-below-stick-meta":"","astra-migrate-meta-layouts":"set","ast-page-background-enabled":"default","ast-page-background-meta":{"desktop":{"background-color":"var(--ast-global-color-4)","background-image":"","background-repeat":"repeat","background-position":"center center","background-size":"auto","background-attachment":"scroll","background-type":"","background-media":"","overlay-type":"","overlay-color":"","overlay-opacity":"","overlay-gradient":""},"tablet":{"background-color":"","background-image":"","background-repeat":"repeat","background-position":"center center","background-size":"auto","background-attachment":"scroll","background-type":"","background-media":"","overlay-type":"","overlay-color":"","overlay-opacity":"","overlay-gradient":""},"mobile":{"background-color":"","background-image":"","background-repeat":"repeat","background-position":"center center","background-size":"auto","background-attachment":"scroll","background-type":"","background-media":"","overlay-type":"","overlay-color":"","overlay-opacity":"","overlay-gradient":""}},"ast-content-background-meta":{"desktop":{"background-color":"var(--ast-global-color-5)","background-image":"","background-repeat":"repeat","background-position":"center center","background-size":"auto","background-attachment":"scroll","background-type":"","background-media":"","overlay-type":"","overlay-color":"","overlay-opacity":"","overlay-gradient":""},"tablet":{"background-color":"var(--ast-global-color-5)","background-image":"","background-repeat":"repeat","background-position":"center center","background-size":"auto","background-attachment":"scroll","background-type":"","background-media":"","overlay-type":"","overlay-color":"","overlay-opacity":"","overlay-gradient":""},"mobile":{"background-color":"var(--ast-global-color-5)","background-image":"","background-repeat":"repeat","background-position":"center center","background-size":"auto","background-attachment":"scroll","background-type":"","background-media":"","overlay-type":"","overlay-color":"","overlay-opacity":"","overlay-gradient":""}},"footnotes":""},"class_list":["post-208882","page","type-page","status-publish","has-post-thumbnail","hentry"],"yoast_head":"<!-- This site is optimized with the Yoast SEO plugin v27.5 - https:\/\/yoast.com\/product\/yoast-seo-wordpress\/ -->\n<title>Servicios de Traducci\u00f3n en Detroit. Empresa de Traducci\u00f3n L\u00edder en Michigan: Trusted Translations, Inc.<\/title>\n<meta name=\"description\" content=\"Trusted Translations, Inc. Detroit, Michigan. Servicios de traducci\u00f3n de calidad comprobada a los mejores precios. Haga una consulta o solicite un presupuesto sin cargo. Comun\u00edquese con nosotros hoy.\" \/>\n<meta name=\"robots\" content=\"index, follow, max-snippet:-1, max-image-preview:large, max-video-preview:-1\" \/>\n<link rel=\"canonical\" href=\"https:\/\/www.trustedtranslations.com\/es\/acerca-de-nosotros\/contacto\/detroit\" \/>\n<meta property=\"og:locale\" content=\"es_ES\" \/>\n<meta property=\"og:type\" content=\"article\" \/>\n<meta property=\"og:title\" content=\"Servicios de Traducci\u00f3n en Detroit. Empresa de Traducci\u00f3n L\u00edder en Michigan: Trusted Translations, Inc.\" \/>\n<meta property=\"og:description\" content=\"Trusted Translations, Inc. Detroit, Michigan. Servicios de traducci\u00f3n de calidad comprobada a los mejores precios. Haga una consulta o solicite un presupuesto sin cargo. Comun\u00edquese con nosotros hoy.\" \/>\n<meta property=\"og:url\" content=\"https:\/\/www.trustedtranslations.com\/es\/acerca-de-nosotros\/contacto\/detroit\" \/>\n<meta property=\"og:site_name\" content=\"Trusted Translations\" \/>\n<meta property=\"article:publisher\" content=\"https:\/\/www.facebook.com\/Trusted.Translations\" \/>\n<meta property=\"article:modified_time\" content=\"2025-11-21T20:05:21+00:00\" \/>\n<meta property=\"og:image\" content=\"https:\/\/www.trustedtranslations.com\/wp-content\/uploads\/2022\/06\/tt-logo-2-1.webp\" \/>\n\t<meta property=\"og:image:width\" content=\"216\" \/>\n\t<meta property=\"og:image:height\" content=\"94\" \/>\n\t<meta property=\"og:image:type\" content=\"image\/webp\" \/>\n<meta name=\"twitter:card\" content=\"summary_large_image\" \/>\n<meta name=\"twitter:site\" content=\"@TrustedT9ns\" \/>\n<script type=\"application\/ld+json\" class=\"yoast-schema-graph\">{\"@context\":\"https:\\\/\\\/schema.org\",\"@graph\":[{\"@type\":\"WebPage\",\"@id\":\"https:\\\/\\\/www.trustedtranslations.com\\\/es\\\/acerca-de-nosotros\\\/contacto\\\/detroit\",\"url\":\"https:\\\/\\\/www.trustedtranslations.com\\\/es\\\/acerca-de-nosotros\\\/contacto\\\/detroit\",\"name\":\"Servicios de Traducci\u00f3n en Detroit. Empresa de Traducci\u00f3n L\u00edder en Michigan: Trusted Translations, Inc.\",\"isPartOf\":{\"@id\":\"https:\\\/\\\/www.trustedtranslations.com\\\/es\\\/#website\"},\"primaryImageOfPage\":{\"@id\":\"https:\\\/\\\/www.trustedtranslations.com\\\/es\\\/acerca-de-nosotros\\\/contacto\\\/detroit#primaryimage\"},\"image\":{\"@id\":\"https:\\\/\\\/www.trustedtranslations.com\\\/es\\\/acerca-de-nosotros\\\/contacto\\\/detroit#primaryimage\"},\"thumbnailUrl\":\"\",\"description\":\"Trusted Translations, Inc. Detroit, Michigan. Servicios de traducci\u00f3n de calidad comprobada a los mejores precios. Haga una consulta o solicite un presupuesto sin cargo. Comun\u00edquese con nosotros hoy.\",\"breadcrumb\":{\"@id\":\"https:\\\/\\\/www.trustedtranslations.com\\\/es\\\/acerca-de-nosotros\\\/contacto\\\/detroit#breadcrumb\"},\"inLanguage\":\"es\",\"potentialAction\":[{\"@type\":\"ReadAction\",\"target\":[\"https:\\\/\\\/www.trustedtranslations.com\\\/es\\\/acerca-de-nosotros\\\/contacto\\\/detroit\"]}]},{\"@type\":\"ImageObject\",\"inLanguage\":\"es\",\"@id\":\"https:\\\/\\\/www.trustedtranslations.com\\\/es\\\/acerca-de-nosotros\\\/contacto\\\/detroit#primaryimage\",\"url\":\"\",\"contentUrl\":\"\"},{\"@type\":\"BreadcrumbList\",\"@id\":\"https:\\\/\\\/www.trustedtranslations.com\\\/es\\\/acerca-de-nosotros\\\/contacto\\\/detroit#breadcrumb\",\"itemListElement\":[{\"@type\":\"ListItem\",\"position\":1,\"name\":\"Home\",\"item\":\"https:\\\/\\\/www.trustedtranslations.com\\\/es\"},{\"@type\":\"ListItem\",\"position\":2,\"name\":\"Acerca de Nosotros\",\"item\":\"https:\\\/\\\/www.trustedtranslations.com\\\/es\\\/acerca-de-nosotros\"},{\"@type\":\"ListItem\",\"position\":3,\"name\":\"Contacto\",\"item\":\"https:\\\/\\\/www.trustedtranslations.com\\\/es\\\/acerca-de-nosotros\\\/contacto\"},{\"@type\":\"ListItem\",\"position\":4,\"name\":\"Detroit\"}]},{\"@type\":\"WebSite\",\"@id\":\"https:\\\/\\\/www.trustedtranslations.com\\\/es\\\/#website\",\"url\":\"https:\\\/\\\/www.trustedtranslations.com\\\/es\\\/\",\"name\":\"Trusted Translations, Inc.\",\"description\":\"Leader in translation and interpretation services.\",\"publisher\":{\"@id\":\"https:\\\/\\\/www.trustedtranslations.com\\\/es\\\/#organization\"},\"alternateName\":\"Trusted Translations\",\"potentialAction\":[{\"@type\":\"SearchAction\",\"target\":{\"@type\":\"EntryPoint\",\"urlTemplate\":\"https:\\\/\\\/www.trustedtranslations.com\\\/es\\\/?s={search_term_string}\"},\"query-input\":{\"@type\":\"PropertyValueSpecification\",\"valueRequired\":true,\"valueName\":\"search_term_string\"}}],\"inLanguage\":\"es\"},{\"@type\":\"Organization\",\"@id\":\"https:\\\/\\\/www.trustedtranslations.com\\\/es\\\/#organization\",\"name\":\"Trusted Translations\",\"alternateName\":\"Trusted Translations, Inc.\",\"url\":\"https:\\\/\\\/www.trustedtranslations.com\\\/es\\\/\",\"logo\":{\"@type\":\"ImageObject\",\"inLanguage\":\"es\",\"@id\":\"https:\\\/\\\/www.trustedtranslations.com\\\/es\\\/#\\\/schema\\\/logo\\\/image\\\/\",\"url\":\"https:\\\/\\\/static.trustedtranslations.com\\\/wp-content\\\/uploads\\\/2022\\\/01\\\/TT_logo_WSIColors-2.png\",\"contentUrl\":\"https:\\\/\\\/static.trustedtranslations.com\\\/wp-content\\\/uploads\\\/2022\\\/01\\\/TT_logo_WSIColors-2.png\",\"width\":500,\"height\":196,\"caption\":\"Trusted Translations\"},\"image\":{\"@id\":\"https:\\\/\\\/www.trustedtranslations.com\\\/es\\\/#\\\/schema\\\/logo\\\/image\\\/\"},\"sameAs\":[\"https:\\\/\\\/www.facebook.com\\\/Trusted.Translations\",\"https:\\\/\\\/x.com\\\/TrustedT9ns\",\"https:\\\/\\\/www.linkedin.com\\\/company\\\/trusted-translations\"]}]}<\/script>\n<!-- \/ Yoast SEO plugin. -->","yoast_head_json":{"title":"Servicios de Traducci\u00f3n en Detroit. Empresa de Traducci\u00f3n L\u00edder en Michigan: Trusted Translations, Inc.","description":"Trusted Translations, Inc. Detroit, Michigan. Servicios de traducci\u00f3n de calidad comprobada a los mejores precios. Haga una consulta o solicite un presupuesto sin cargo. Comun\u00edquese con nosotros hoy.","robots":{"index":"index","follow":"follow","max-snippet":"max-snippet:-1","max-image-preview":"max-image-preview:large","max-video-preview":"max-video-preview:-1"},"canonical":"https:\/\/www.trustedtranslations.com\/es\/acerca-de-nosotros\/contacto\/detroit","og_locale":"es_ES","og_type":"article","og_title":"Servicios de Traducci\u00f3n en Detroit. Empresa de Traducci\u00f3n L\u00edder en Michigan: Trusted Translations, Inc.","og_description":"Trusted Translations, Inc. Detroit, Michigan. Servicios de traducci\u00f3n de calidad comprobada a los mejores precios. Haga una consulta o solicite un presupuesto sin cargo. Comun\u00edquese con nosotros hoy.","og_url":"https:\/\/www.trustedtranslations.com\/es\/acerca-de-nosotros\/contacto\/detroit","og_site_name":"Trusted Translations","article_publisher":"https:\/\/www.facebook.com\/Trusted.Translations","article_modified_time":"2025-11-21T20:05:21+00:00","og_image":[{"width":216,"height":94,"url":"https:\/\/www.trustedtranslations.com\/wp-content\/uploads\/2022\/06\/tt-logo-2-1.webp","type":"image\/webp"}],"twitter_card":"summary_large_image","twitter_site":"@TrustedT9ns","schema":{"@context":"https:\/\/schema.org","@graph":[{"@type":"WebPage","@id":"https:\/\/www.trustedtranslations.com\/es\/acerca-de-nosotros\/contacto\/detroit","url":"https:\/\/www.trustedtranslations.com\/es\/acerca-de-nosotros\/contacto\/detroit","name":"Servicios de Traducci\u00f3n en Detroit. Empresa de Traducci\u00f3n L\u00edder en Michigan: Trusted Translations, Inc.","isPartOf":{"@id":"https:\/\/www.trustedtranslations.com\/es\/#website"},"primaryImageOfPage":{"@id":"https:\/\/www.trustedtranslations.com\/es\/acerca-de-nosotros\/contacto\/detroit#primaryimage"},"image":{"@id":"https:\/\/www.trustedtranslations.com\/es\/acerca-de-nosotros\/contacto\/detroit#primaryimage"},"thumbnailUrl":"","description":"Trusted Translations, Inc. Detroit, Michigan. Servicios de traducci\u00f3n de calidad comprobada a los mejores precios. Haga una consulta o solicite un presupuesto sin cargo. Comun\u00edquese con nosotros hoy.","breadcrumb":{"@id":"https:\/\/www.trustedtranslations.com\/es\/acerca-de-nosotros\/contacto\/detroit#breadcrumb"},"inLanguage":"es","potentialAction":[{"@type":"ReadAction","target":["https:\/\/www.trustedtranslations.com\/es\/acerca-de-nosotros\/contacto\/detroit"]}]},{"@type":"ImageObject","inLanguage":"es","@id":"https:\/\/www.trustedtranslations.com\/es\/acerca-de-nosotros\/contacto\/detroit#primaryimage","url":"","contentUrl":""},{"@type":"BreadcrumbList","@id":"https:\/\/www.trustedtranslations.com\/es\/acerca-de-nosotros\/contacto\/detroit#breadcrumb","itemListElement":[{"@type":"ListItem","position":1,"name":"Home","item":"https:\/\/www.trustedtranslations.com\/es"},{"@type":"ListItem","position":2,"name":"Acerca de Nosotros","item":"https:\/\/www.trustedtranslations.com\/es\/acerca-de-nosotros"},{"@type":"ListItem","position":3,"name":"Contacto","item":"https:\/\/www.trustedtranslations.com\/es\/acerca-de-nosotros\/contacto"},{"@type":"ListItem","position":4,"name":"Detroit"}]},{"@type":"WebSite","@id":"https:\/\/www.trustedtranslations.com\/es\/#website","url":"https:\/\/www.trustedtranslations.com\/es\/","name":"Trusted Translations, Inc.","description":"Leader in translation and interpretation services.","publisher":{"@id":"https:\/\/www.trustedtranslations.com\/es\/#organization"},"alternateName":"Trusted Translations","potentialAction":[{"@type":"SearchAction","target":{"@type":"EntryPoint","urlTemplate":"https:\/\/www.trustedtranslations.com\/es\/?s={search_term_string}"},"query-input":{"@type":"PropertyValueSpecification","valueRequired":true,"valueName":"search_term_string"}}],"inLanguage":"es"},{"@type":"Organization","@id":"https:\/\/www.trustedtranslations.com\/es\/#organization","name":"Trusted Translations","alternateName":"Trusted Translations, Inc.","url":"https:\/\/www.trustedtranslations.com\/es\/","logo":{"@type":"ImageObject","inLanguage":"es","@id":"https:\/\/www.trustedtranslations.com\/es\/#\/schema\/logo\/image\/","url":"https:\/\/static.trustedtranslations.com\/wp-content\/uploads\/2022\/01\/TT_logo_WSIColors-2.png","contentUrl":"https:\/\/static.trustedtranslations.com\/wp-content\/uploads\/2022\/01\/TT_logo_WSIColors-2.png","width":500,"height":196,"caption":"Trusted Translations"},"image":{"@id":"https:\/\/www.trustedtranslations.com\/es\/#\/schema\/logo\/image\/"},"sameAs":["https:\/\/www.facebook.com\/Trusted.Translations","https:\/\/x.com\/TrustedT9ns","https:\/\/www.linkedin.com\/company\/trusted-translations"]}]}},"toolset-meta":{"dyk":{"mensaje-1":{"type":"textfield","raw":"Se conoce a Detroit como la capital mundial del autom\u00f3vil."},"mensaje-2":{"type":"textfield","raw":"El Detroit-Windsor es el cruce internacional m\u00e1s transitado de Estados Unidos."},"mensaje-3":{"type":"textfield","raw":"Esta fue la primera ciudad del pa\u00eds en recibir el nombre de \u201cCiudad del Dise\u00f1o\u201d de la UNESCO."},"mensaje-4":{"type":"textfield","raw":"Detroit tiene el segundo distrito de teatros m\u00e1s grande del pa\u00eds, despu\u00e9s de la ciudad de Nueva York."},"mensaje-5":{"type":"textfield","raw":""},"mensaje-6":{"type":"textfield","raw":""}},"single-page-template-fields":{"imgs-temp":{"type":"image","raw":["https:\/\/static.trustedtranslations.com\/wp-content\/uploads\/2024\/05\/Group-131-5.webp"],"repeatable":[{"raw":"https:\/\/static.trustedtranslations.com\/wp-content\/uploads\/2024\/05\/Group-131-5.webp"}]},"imgs-temp-cel":{"type":"image","raw":[""],"repeatable":[{"raw":""}]},"img-temp-one-cel":{"type":"image","raw":"https:\/\/static.trustedtranslations.com\/wp-content\/uploads\/2024\/05\/Detroit-scaled-1.webp","attachment_id":null},"quotes":{"type":"textarea","raw":"<h1 style=\"margin-bottom:12px\">Servicios de Traducci\u00f3n en Detroit<\/h1>\r\n<p>\r\n    <span><i class=\"fa fa-map-pin\"><\/i>  11000 W McNichols Rd\r\n        Suite 323\r\n        Detroit, MI 48221\r\n        Estados Unidos<\/span>\r\n    <a style=\"color: #2a2a2a; text-decoration: none;\" href=\"tel:+13139181731\"><i class=\"fa fa-phone\"><\/i> +1 (313) 918-1731<\/a>\r\n    <a style=\"color: #2a2a2a; text-decoration: none;\" href=\"mailto:detroit@trustedtranslations.com\"><i class=\"fa fa-envelope\"><\/i>detroit@trustedtranslations.com<\/a>\r\n<\/p>\r\n<div style=\"margin-top: 2.5vw;\"><a class=\"tt-btn-main-cta\" href=\"#tree-form\">Solicite un presupuesto sin cargo<\/a><\/div>"},"text-1":{"type":"textarea","raw":"<h2>Mapa de la Sucursal de Detroit<\/h2>"},"shortcode-map":{"type":"textfield","raw":"[mostrar_mapa url=\"https:\/\/www.google.com\/maps\/embed?pb=!1m18!1m12!1m3!1d2945.506745141784!2d-83.17209972489667!3d42.416947431507104!2m3!1f0!2f0!3f0!3m2!1i1024!2i768!4f13.1!3m3!1m2!1s0x8824cbf9efea256d%3A0x1d0e6a93eb004d67!2sWEST%20McNICHOLS%20BLDG.%2C%2011000%20W%20McNichols%20Rd%20%23%20323%2C%20Detroit%2C%20MI%2048221%2C%20EE.%20UU.!5e0!3m2!1ses-419!2sar!4v1685115277894!5m2!1ses-419!2sar\" width=\"600px\" height=\"450px\"]"},"dyk-shortcode":{"type":"textfield","raw":"[elementor-template id=\"139368\"]"},"text-2":{"type":"textarea","raw":"<h2>Servicios de Traducci\u00f3n Profesional en Detroit<\/h2>\r\n<img class=\"alignright wp-image-206995 size-full\" src=\"https:\/\/static.trustedtranslations.com\/wp-content\/uploads\/2023\/05\/shutterstock_527158600.jpg\" alt=\"\" width=\"500\" height=\"334\" \/>\r\n\r\nReconocido desde hace mucho tiempo como el centro de la industria automotriz mundial, Detroit tiene tambi\u00e9n un sector <a href=\"https:\/\/www.trustedtranslations.com\/es\/industrias\/manufacturas\">manufacturero<\/a> que ha impulsado un crecimiento significativo en energ\u00eda, investigaci\u00f3n y desarrollo, <a href=\"https:\/\/www.trustedtranslations.com\/es\/industrias\/software\">software<\/a> y <a href=\"https:\/\/www.trustedtranslations.com\/es\/industrias\/traduccion-tecnica\">tecnolog\u00eda<\/a>, adem\u00e1s de <a href=\"https:\/\/www.trustedtranslations.com\/es\/industrias\/finanzas\">finanzas<\/a>, en especial, servicios de contabilidad. Como proveedor experimentado de traducciones comerciales y de la industria manufacturera, <strong><em>Trusted Translations<\/em><\/strong> se ha asociado con algunas de las <a href=\"https:\/\/www.trustedtranslations.com\/es\/industrias\/negocios\">principales empresas<\/a> del \u00e1rea de Detroit, incluidas CMO Marketing Solutions, The Henry Ford Museum, LIFE Leadership, Filtra-Systems Co., American Institute for Preventive Medicine, y Champion Home Builders Inc.\r\n\r\n<strong><em>Trusted Translations<\/em><\/strong> tiene experiencia en satisfacer las necesidades ling\u00fc\u00edsticas locales de los numerosos enclaves \u00e9tnicos de Detroit. Hoy los idiomas extranjeros m\u00e1s hablados de Detroit son el <a href=\"https:\/\/www.trustedtranslations.com\/es\/idiomas\/arabe\">\u00e1rabe<\/a> y el <a href=\"https:\/\/www.trustedtranslations.com\/es\/idiomas\/espanol\/ingles-al-espanol\">espa\u00f1ol<\/a>. El \u00e1rabe es el idioma extranjero m\u00e1s popular del estado de Michigan, y alrededor de 300,000 a 350,000 estadounidenses de origen \u00e1rabe residen en el \u00e1rea metropolitana del Gran Detroit. En cuanto al espa\u00f1ol, la mayor\u00eda de los hispanohablantes de la ciudad son de origen <a href=\"https:\/\/www.trustedtranslations.com\/es\/idiomas\/espanol\/caracteristicas\/espanol-latinoamericano\">mexicano<\/a>. Detroit tambi\u00e9n tiene miles de hablantes de <a href=\"https:\/\/www.trustedtranslations.com\/es\/idiomas\/hindi\">hindi<\/a> y <a href=\"https:\/\/www.trustedtranslations.com\/es\/idiomas\/chino\">chino<\/a>, la tercera comunidad <a href=\"https:\/\/www.trustedtranslations.com\/es\/idiomas\/bengali\">estadounidense de origen banglades\u00ed<\/a> m\u00e1s grande del pa\u00eds y la comunidad albanesa m\u00e1s grande fuera de Europa.\r\n<h2 style=\"margin-bottom:20px\">Acerca de la Ciudad de Detroit<\/h2>\r\nDetroit ha disfrutado de un resurgimiento reciente y continuo del crecimiento del empleo y la inversi\u00f3n, en especial, en el centro de la ciudad. El \u00e1rea metropolitana, que incluye a Warren y Dearborn, tiene una poblaci\u00f3n de m\u00e1s de 4.29 millones de personas. Detroit est\u00e1 a menos de dos millas de la frontera con Canad\u00e1 y tambi\u00e9n se ubica all\u00ed el Aeropuerto Metropolitano de Detroit, un aeropuerto internacional de Delta Airlines."},"state":{"type":"textfield","raw":""},"city":{"type":"textarea","raw":[""]}}},"_links":{"self":[{"href":"https:\/\/www.trustedtranslations.com\/es\/wp-json\/wp\/v2\/pages\/208882","targetHints":{"allow":["GET"]}}],"collection":[{"href":"https:\/\/www.trustedtranslations.com\/es\/wp-json\/wp\/v2\/pages"}],"about":[{"href":"https:\/\/www.trustedtranslations.com\/es\/wp-json\/wp\/v2\/types\/page"}],"author":[{"embeddable":true,"href":"https:\/\/www.trustedtranslations.com\/es\/wp-json\/wp\/v2\/users\/1"}],"replies":[{"embeddable":true,"href":"https:\/\/www.trustedtranslations.com\/es\/wp-json\/wp\/v2\/comments?post=208882"}],"version-history":[{"count":0,"href":"https:\/\/www.trustedtranslations.com\/es\/wp-json\/wp\/v2\/pages\/208882\/revisions"}],"up":[{"embeddable":true,"href":"https:\/\/www.trustedtranslations.com\/es\/wp-json\/wp\/v2\/pages\/126994"}],"wp:featuredmedia":[{"embeddable":true,"href":"https:\/\/www.trustedtranslations.com\/es\/wp-json\/"}],"wp:attachment":[{"href":"https:\/\/www.trustedtranslations.com\/es\/wp-json\/wp\/v2\/media?parent=208882"}],"curies":[{"name":"wp","href":"https:\/\/api.w.org\/{rel}","templated":true}]}}