{"id":263917,"date":"2024-06-24T17:54:10","date_gmt":"2024-06-24T20:54:10","guid":{"rendered":"https:\/\/www.trustedtranslations.com\/?page_id=263917"},"modified":"2024-07-02T16:26:33","modified_gmt":"2024-07-02T19:26:33","slug":"dita","status":"publish","type":"page","link":"https:\/\/www.trustedtranslations.com\/es\/servicios\/formatos-de-archivos\/dita","title":{"rendered":"DITA"},"content":{"rendered":"","protected":false},"excerpt":{"rendered":"","protected":false},"author":1,"featured_media":267097,"parent":127688,"menu_order":23,"comment_status":"closed","ping_status":"closed","template":"","meta":{"site-sidebar-layout":"default","site-content-layout":"","ast-site-content-layout":"default","site-content-style":"default","site-sidebar-style":"default","ast-global-header-display":"","ast-banner-title-visibility":"","ast-main-header-display":"","ast-hfb-above-header-display":"","ast-hfb-below-header-display":"","ast-hfb-mobile-header-display":"","site-post-title":"","ast-breadcrumbs-content":"","ast-featured-img":"","footer-sml-layout":"","ast-disable-related-posts":"","theme-transparent-header-meta":"default","adv-header-id-meta":"","stick-header-meta":"","header-above-stick-meta":"","header-main-stick-meta":"","header-below-stick-meta":"","astra-migrate-meta-layouts":"set","ast-page-background-enabled":"default","ast-page-background-meta":{"desktop":{"background-color":"var(--ast-global-color-4)","background-image":"","background-repeat":"repeat","background-position":"center center","background-size":"auto","background-attachment":"scroll","background-type":"","background-media":"","overlay-type":"","overlay-color":"","overlay-opacity":"","overlay-gradient":""},"tablet":{"background-color":"","background-image":"","background-repeat":"repeat","background-position":"center center","background-size":"auto","background-attachment":"scroll","background-type":"","background-media":"","overlay-type":"","overlay-color":"","overlay-opacity":"","overlay-gradient":""},"mobile":{"background-color":"","background-image":"","background-repeat":"repeat","background-position":"center center","background-size":"auto","background-attachment":"scroll","background-type":"","background-media":"","overlay-type":"","overlay-color":"","overlay-opacity":"","overlay-gradient":""}},"ast-content-background-meta":{"desktop":{"background-color":"var(--ast-global-color-5)","background-image":"","background-repeat":"repeat","background-position":"center center","background-size":"auto","background-attachment":"scroll","background-type":"","background-media":"","overlay-type":"","overlay-color":"","overlay-opacity":"","overlay-gradient":""},"tablet":{"background-color":"var(--ast-global-color-5)","background-image":"","background-repeat":"repeat","background-position":"center center","background-size":"auto","background-attachment":"scroll","background-type":"","background-media":"","overlay-type":"","overlay-color":"","overlay-opacity":"","overlay-gradient":""},"mobile":{"background-color":"var(--ast-global-color-5)","background-image":"","background-repeat":"repeat","background-position":"center center","background-size":"auto","background-attachment":"scroll","background-type":"","background-media":"","overlay-type":"","overlay-color":"","overlay-opacity":"","overlay-gradient":""}},"footnotes":""},"class_list":["post-263917","page","type-page","status-publish","has-post-thumbnail","hentry"],"yoast_head":"<!-- This site is optimized with the Yoast SEO plugin v27.3 - https:\/\/yoast.com\/product\/yoast-seo-wordpress\/ -->\n<title>DITA - Trusted Translations<\/title>\n<meta name=\"robots\" content=\"index, follow, max-snippet:-1, max-image-preview:large, max-video-preview:-1\" \/>\n<link rel=\"canonical\" href=\"https:\/\/www.trustedtranslations.com\/es\/servicios\/formatos-de-archivos\/dita\" \/>\n<meta property=\"og:locale\" content=\"es_ES\" \/>\n<meta property=\"og:type\" content=\"article\" \/>\n<meta property=\"og:title\" content=\"DITA - Trusted Translations\" \/>\n<meta property=\"og:url\" content=\"https:\/\/www.trustedtranslations.com\/es\/servicios\/formatos-de-archivos\/dita\" \/>\n<meta property=\"og:site_name\" content=\"Trusted Translations\" \/>\n<meta property=\"article:publisher\" content=\"https:\/\/www.facebook.com\/Trusted.Translations\" \/>\n<meta property=\"article:modified_time\" content=\"2024-07-02T19:26:33+00:00\" \/>\n<meta property=\"og:image\" content=\"https:\/\/static.trustedtranslations.com\/wp-content\/uploads\/2024\/07\/dita.webp\" \/>\n\t<meta property=\"og:image:width\" content=\"151\" \/>\n\t<meta property=\"og:image:height\" content=\"151\" \/>\n\t<meta property=\"og:image:type\" content=\"image\/webp\" \/>\n<meta name=\"twitter:card\" content=\"summary_large_image\" \/>\n<meta name=\"twitter:site\" content=\"@TrustedT9ns\" \/>\n<script type=\"application\/ld+json\" class=\"yoast-schema-graph\">{\"@context\":\"https:\\\/\\\/schema.org\",\"@graph\":[{\"@type\":\"WebPage\",\"@id\":\"https:\\\/\\\/www.trustedtranslations.com\\\/es\\\/servicios\\\/formatos-de-archivos\\\/dita\",\"url\":\"https:\\\/\\\/www.trustedtranslations.com\\\/es\\\/servicios\\\/formatos-de-archivos\\\/dita\",\"name\":\"DITA - Trusted Translations\",\"isPartOf\":{\"@id\":\"https:\\\/\\\/www.trustedtranslations.com\\\/es\\\/#website\"},\"primaryImageOfPage\":{\"@id\":\"https:\\\/\\\/www.trustedtranslations.com\\\/es\\\/servicios\\\/formatos-de-archivos\\\/dita#primaryimage\"},\"image\":{\"@id\":\"https:\\\/\\\/www.trustedtranslations.com\\\/es\\\/servicios\\\/formatos-de-archivos\\\/dita#primaryimage\"},\"thumbnailUrl\":\"https:\\\/\\\/www.trustedtranslations.com\\\/wp-content\\\/uploads\\\/2024\\\/07\\\/dita.webp\",\"breadcrumb\":{\"@id\":\"https:\\\/\\\/www.trustedtranslations.com\\\/es\\\/servicios\\\/formatos-de-archivos\\\/dita#breadcrumb\"},\"inLanguage\":\"es\",\"potentialAction\":[{\"@type\":\"ReadAction\",\"target\":[\"https:\\\/\\\/www.trustedtranslations.com\\\/es\\\/servicios\\\/formatos-de-archivos\\\/dita\"]}]},{\"@type\":\"ImageObject\",\"inLanguage\":\"es\",\"@id\":\"https:\\\/\\\/www.trustedtranslations.com\\\/es\\\/servicios\\\/formatos-de-archivos\\\/dita#primaryimage\",\"url\":\"https:\\\/\\\/www.trustedtranslations.com\\\/wp-content\\\/uploads\\\/2024\\\/07\\\/dita.webp\",\"contentUrl\":\"https:\\\/\\\/www.trustedtranslations.com\\\/wp-content\\\/uploads\\\/2024\\\/07\\\/dita.webp\",\"width\":151,\"height\":151,\"caption\":\"dita\"},{\"@type\":\"BreadcrumbList\",\"@id\":\"https:\\\/\\\/www.trustedtranslations.com\\\/es\\\/servicios\\\/formatos-de-archivos\\\/dita#breadcrumb\",\"itemListElement\":[{\"@type\":\"ListItem\",\"position\":1,\"name\":\"Home\",\"item\":\"https:\\\/\\\/www.trustedtranslations.com\\\/es\"},{\"@type\":\"ListItem\",\"position\":2,\"name\":\"Servicios\",\"item\":\"https:\\\/\\\/www.trustedtranslations.com\\\/es\\\/servicios\"},{\"@type\":\"ListItem\",\"position\":3,\"name\":\"Formatos de Archivo\",\"item\":\"https:\\\/\\\/www.trustedtranslations.com\\\/es\\\/servicios\\\/formatos-de-archivos\"},{\"@type\":\"ListItem\",\"position\":4,\"name\":\"DITA\"}]},{\"@type\":\"WebSite\",\"@id\":\"https:\\\/\\\/www.trustedtranslations.com\\\/es\\\/#website\",\"url\":\"https:\\\/\\\/www.trustedtranslations.com\\\/es\\\/\",\"name\":\"Trusted Translations, Inc.\",\"description\":\"Leader in translation and interpretation services.\",\"publisher\":{\"@id\":\"https:\\\/\\\/www.trustedtranslations.com\\\/es\\\/#organization\"},\"alternateName\":\"Trusted Translations\",\"potentialAction\":[{\"@type\":\"SearchAction\",\"target\":{\"@type\":\"EntryPoint\",\"urlTemplate\":\"https:\\\/\\\/www.trustedtranslations.com\\\/es\\\/?s={search_term_string}\"},\"query-input\":{\"@type\":\"PropertyValueSpecification\",\"valueRequired\":true,\"valueName\":\"search_term_string\"}}],\"inLanguage\":\"es\"},{\"@type\":\"Organization\",\"@id\":\"https:\\\/\\\/www.trustedtranslations.com\\\/es\\\/#organization\",\"name\":\"Trusted Translations\",\"alternateName\":\"Trusted Translations, Inc.\",\"url\":\"https:\\\/\\\/www.trustedtranslations.com\\\/es\\\/\",\"logo\":{\"@type\":\"ImageObject\",\"inLanguage\":\"es\",\"@id\":\"https:\\\/\\\/www.trustedtranslations.com\\\/es\\\/#\\\/schema\\\/logo\\\/image\\\/\",\"url\":\"https:\\\/\\\/static.trustedtranslations.com\\\/wp-content\\\/uploads\\\/2022\\\/01\\\/TT_logo_WSIColors-2.png\",\"contentUrl\":\"https:\\\/\\\/static.trustedtranslations.com\\\/wp-content\\\/uploads\\\/2022\\\/01\\\/TT_logo_WSIColors-2.png\",\"width\":500,\"height\":196,\"caption\":\"Trusted Translations\"},\"image\":{\"@id\":\"https:\\\/\\\/www.trustedtranslations.com\\\/es\\\/#\\\/schema\\\/logo\\\/image\\\/\"},\"sameAs\":[\"https:\\\/\\\/www.facebook.com\\\/Trusted.Translations\",\"https:\\\/\\\/x.com\\\/TrustedT9ns\",\"https:\\\/\\\/www.linkedin.com\\\/company\\\/trusted-translations\"]}]}<\/script>\n<!-- \/ Yoast SEO plugin. -->","yoast_head_json":{"title":"DITA - Trusted Translations","robots":{"index":"index","follow":"follow","max-snippet":"max-snippet:-1","max-image-preview":"max-image-preview:large","max-video-preview":"max-video-preview:-1"},"canonical":"https:\/\/www.trustedtranslations.com\/es\/servicios\/formatos-de-archivos\/dita","og_locale":"es_ES","og_type":"article","og_title":"DITA - Trusted Translations","og_url":"https:\/\/www.trustedtranslations.com\/es\/servicios\/formatos-de-archivos\/dita","og_site_name":"Trusted Translations","article_publisher":"https:\/\/www.facebook.com\/Trusted.Translations","article_modified_time":"2024-07-02T19:26:33+00:00","og_image":[{"width":151,"height":151,"url":"https:\/\/static.trustedtranslations.com\/wp-content\/uploads\/2024\/07\/dita.webp","type":"image\/webp"}],"twitter_card":"summary_large_image","twitter_site":"@TrustedT9ns","schema":{"@context":"https:\/\/schema.org","@graph":[{"@type":"WebPage","@id":"https:\/\/www.trustedtranslations.com\/es\/servicios\/formatos-de-archivos\/dita","url":"https:\/\/www.trustedtranslations.com\/es\/servicios\/formatos-de-archivos\/dita","name":"DITA - Trusted Translations","isPartOf":{"@id":"https:\/\/www.trustedtranslations.com\/es\/#website"},"primaryImageOfPage":{"@id":"https:\/\/www.trustedtranslations.com\/es\/servicios\/formatos-de-archivos\/dita#primaryimage"},"image":{"@id":"https:\/\/www.trustedtranslations.com\/es\/servicios\/formatos-de-archivos\/dita#primaryimage"},"thumbnailUrl":"https:\/\/www.trustedtranslations.com\/wp-content\/uploads\/2024\/07\/dita.webp","breadcrumb":{"@id":"https:\/\/www.trustedtranslations.com\/es\/servicios\/formatos-de-archivos\/dita#breadcrumb"},"inLanguage":"es","potentialAction":[{"@type":"ReadAction","target":["https:\/\/www.trustedtranslations.com\/es\/servicios\/formatos-de-archivos\/dita"]}]},{"@type":"ImageObject","inLanguage":"es","@id":"https:\/\/www.trustedtranslations.com\/es\/servicios\/formatos-de-archivos\/dita#primaryimage","url":"https:\/\/www.trustedtranslations.com\/wp-content\/uploads\/2024\/07\/dita.webp","contentUrl":"https:\/\/www.trustedtranslations.com\/wp-content\/uploads\/2024\/07\/dita.webp","width":151,"height":151,"caption":"dita"},{"@type":"BreadcrumbList","@id":"https:\/\/www.trustedtranslations.com\/es\/servicios\/formatos-de-archivos\/dita#breadcrumb","itemListElement":[{"@type":"ListItem","position":1,"name":"Home","item":"https:\/\/www.trustedtranslations.com\/es"},{"@type":"ListItem","position":2,"name":"Servicios","item":"https:\/\/www.trustedtranslations.com\/es\/servicios"},{"@type":"ListItem","position":3,"name":"Formatos de Archivo","item":"https:\/\/www.trustedtranslations.com\/es\/servicios\/formatos-de-archivos"},{"@type":"ListItem","position":4,"name":"DITA"}]},{"@type":"WebSite","@id":"https:\/\/www.trustedtranslations.com\/es\/#website","url":"https:\/\/www.trustedtranslations.com\/es\/","name":"Trusted Translations, Inc.","description":"Leader in translation and interpretation services.","publisher":{"@id":"https:\/\/www.trustedtranslations.com\/es\/#organization"},"alternateName":"Trusted Translations","potentialAction":[{"@type":"SearchAction","target":{"@type":"EntryPoint","urlTemplate":"https:\/\/www.trustedtranslations.com\/es\/?s={search_term_string}"},"query-input":{"@type":"PropertyValueSpecification","valueRequired":true,"valueName":"search_term_string"}}],"inLanguage":"es"},{"@type":"Organization","@id":"https:\/\/www.trustedtranslations.com\/es\/#organization","name":"Trusted Translations","alternateName":"Trusted Translations, Inc.","url":"https:\/\/www.trustedtranslations.com\/es\/","logo":{"@type":"ImageObject","inLanguage":"es","@id":"https:\/\/www.trustedtranslations.com\/es\/#\/schema\/logo\/image\/","url":"https:\/\/static.trustedtranslations.com\/wp-content\/uploads\/2022\/01\/TT_logo_WSIColors-2.png","contentUrl":"https:\/\/static.trustedtranslations.com\/wp-content\/uploads\/2022\/01\/TT_logo_WSIColors-2.png","width":500,"height":196,"caption":"Trusted Translations"},"image":{"@id":"https:\/\/www.trustedtranslations.com\/es\/#\/schema\/logo\/image\/"},"sameAs":["https:\/\/www.facebook.com\/Trusted.Translations","https:\/\/x.com\/TrustedT9ns","https:\/\/www.linkedin.com\/company\/trusted-translations"]}]}},"toolset-meta":{"dyk":{"mensaje-1":{"type":"textfield","raw":"Nuestras traducciones de DITA mejoraron la satisfacci\u00f3n del cliente de un peque\u00f1o fabricante."},"mensaje-2":{"type":"textfield","raw":"Una nueva empresa educativa atrajo a diversos estudiantes con contenido DITA multiling\u00fce."},"mensaje-3":{"type":"textfield","raw":"Trusted Translations ayud\u00f3 a una empresa de software a reducir los costos de capacitaci\u00f3n con manuales de DITA localizados."},"mensaje-4":{"type":"textfield","raw":""},"mensaje-5":{"type":"textfield","raw":""},"mensaje-6":{"type":"textfield","raw":""}},"single-page-template-fields":{"imgs-temp":{"type":"image","raw":["https:\/\/static.trustedtranslations.com\/wp-content\/uploads\/2024\/05\/Group-148.webp"],"repeatable":[{"raw":"https:\/\/static.trustedtranslations.com\/wp-content\/uploads\/2024\/05\/Group-148.webp"}]},"imgs-temp-cel":{"type":"image","raw":[""],"repeatable":[{"raw":""}]},"img-temp-one-cel":{"type":"image","raw":"https:\/\/static.trustedtranslations.com\/wp-content\/uploads\/2024\/05\/dita_logo.webp","attachment_id":null},"quotes":{"type":"textarea","raw":"<h1 style=\"margin-bottom: 12px;\">Servicios de Traducci\u00f3n de DITA<\/h1>DITA son las iniciales de Darwin Information Typing Architecture (Arquitectura de tipificaci\u00f3n de informaci\u00f3n de Darwin). Es una arquitectura de base XML para escribir, manejar, dise\u00f1ar y publicar contenido t\u00e9cnico. Sirve como est\u00e1ndar para la creaci\u00f3n de sistemas de ayuda, manuales de usuario y otros tipos de documentaci\u00f3n t\u00e9cnica. <div style=\"margin-top: 2.5vw;\"><a class=\"tt-btn-main-cta\" href=\"\/es\/presupuesto-sin-cargo\">Solicite un presupuesto sin cargo<\/a><\/div>"},"text-1":{"type":"textarea","raw":"<h2 style=\"margin-top: -10px; padding-bottom:20px\">Ventajas del Uso de DITA.<\/h2>DITA es favorito entre redactores t\u00e9cnicos y creadores de contenido debido a su capacidad para permitir contenido modular, al dividir el contenido en temas reutilizables m\u00e1s peque\u00f1os. Tambi\u00e9n facilita la redacci\u00f3n basada en temas, para lo que se centra en la creaci\u00f3n de temas separados en lugar de documentos lineales tradicionales. Adem\u00e1s, DITA permite la reutilizaci\u00f3n de contenido al reunir temas en varios documentos y resultados, como manuales de usuario, sistemas de ayuda y p\u00e1ginas web. Una de sus caracter\u00edsticas m\u00e1s notables es la publicaci\u00f3n de fuente \u00fanica, que genera m\u00faltiples formatos, incluidos HTML, PDF y EPUB, desde una sola fuente. Se lo ha adoptado ampliamente en industrias como desarrollo de software, ingenier\u00eda y atenci\u00f3n m\u00e9dica; administra y publica de manera eficiente informaci\u00f3n t\u00e9cnica compleja mientras impone coherencia en la terminolog\u00eda, el estilo y la estructura en todo el contenido. DITA aprovecha una amplia gama de herramientas y plataformas compatibles, y cumple con los est\u00e1ndares y las mejores pr\u00e1cticas de la industria. Admite varios tipos de contenido, como manuales de usuario, sistemas de ayuda y bases de conocimientos, y maneja grandes vol\u00famenes de contenido con facilidad. Adem\u00e1s, DITA fomenta el trabajo en equipo entre redactores, editores y traductores ya que actualiza el contenido en un solo lugar y propaga los cambios en todos los documentos. Al adoptar DITA, los redactores t\u00e9cnicos y creadores de contenido pueden optimizar su flujo de trabajo, mejorar la calidad del contenido y aumentar la productividad."},"shortcode-map":{"type":"textfield","raw":""},"dyk-shortcode":{"type":"textfield","raw":"[elementor-template id=\"139368\"]"},"text-2":{"type":"textarea","raw":"<h2 style=\"padding-bottom:20px\">Componentes Clave de DITA<\/h2>Los principales componentes clave de DITA incluyen mapas que recogen temas y los re\u00fanen en una jerarqu\u00eda. Tambi\u00e9n cubre diferentes tipos de temas y crea estructuras predefinidas para tipos de contenido comunes. DITA tambi\u00e9n tiene la posibilidad de especializaci\u00f3n de dominios, al ofrecer extensiones espec\u00edficas de una industria o personalizadas. Los beneficios de DITA incluyen publicaci\u00f3n de fuente \u00fanica y actualizaciones eficientes, lo que la convierte en una opci\u00f3n popular para los equipos de comunicaci\u00f3n t\u00e9cnica. DITA utiliza sintaxis XML para definir la estructura y la sem\u00e1ntica del contenido y se usa ampliamente en educaci\u00f3n, finanzas, atenci\u00f3n m\u00e9dica, ingenier\u00eda y desarrollo de software. Es ideal para crear materiales de capacitaci\u00f3n, documentaci\u00f3n de productos, bases de conocimientos, gu\u00edas de tecnolog\u00eda, sistemas de ayuda y manuales de usuario. Al adoptar DITA, las organizaciones pueden mejorar la calidad del contenido, reducir el tiempo de producci\u00f3n y aumentar la productividad. DITA proporciona una amplia gama de herramientas y plataformas compatibles, ya que utiliza elementos y atributos predefinidos de manera sistem\u00e1tica. En industrias que utilizan documentaci\u00f3n compleja, como desarrollo de software, ingenier\u00eda y atenci\u00f3n m\u00e9dica, DITA es la mejor opci\u00f3n a considerar. Lo emplean organizaciones como IBM, Microsoft y Oracle para optimizar sus procesos de creaci\u00f3n y publicaci\u00f3n de contenido.\r\n\r\nDITA se usa ampliamente en aprendizaje electr\u00f3nico, publicaci\u00f3n de libros y diversos formatos de medios. Ofrece flexibilidad y personalizaci\u00f3n, y admite m\u00faltiples canales, lo que mejora la colaboraci\u00f3n y la escalabilidad. Las organizaciones pueden optimizar la creaci\u00f3n de contenido, reducir costos, mejorar la eficiencia y garantizar calidad y coherencia con DITA. Tambi\u00e9n es com\u00fan en educaci\u00f3n y lo han adoptado sectores como la atenci\u00f3n m\u00e9dica, la tecnolog\u00eda inform\u00e1tica y los deportes. El uso generalizado de DITA refleja su importante impacto en diversos aspectos de la vida."},"state":{"type":"textfield","raw":""},"city":{"type":"textarea","raw":[]}}},"_links":{"self":[{"href":"https:\/\/www.trustedtranslations.com\/es\/wp-json\/wp\/v2\/pages\/263917","targetHints":{"allow":["GET"]}}],"collection":[{"href":"https:\/\/www.trustedtranslations.com\/es\/wp-json\/wp\/v2\/pages"}],"about":[{"href":"https:\/\/www.trustedtranslations.com\/es\/wp-json\/wp\/v2\/types\/page"}],"author":[{"embeddable":true,"href":"https:\/\/www.trustedtranslations.com\/es\/wp-json\/wp\/v2\/users\/1"}],"replies":[{"embeddable":true,"href":"https:\/\/www.trustedtranslations.com\/es\/wp-json\/wp\/v2\/comments?post=263917"}],"version-history":[{"count":0,"href":"https:\/\/www.trustedtranslations.com\/es\/wp-json\/wp\/v2\/pages\/263917\/revisions"}],"up":[{"embeddable":true,"href":"https:\/\/www.trustedtranslations.com\/es\/wp-json\/wp\/v2\/pages\/127688"}],"wp:featuredmedia":[{"embeddable":true,"href":"https:\/\/www.trustedtranslations.com\/es\/wp-json\/wp\/v2\/media\/267097"}],"wp:attachment":[{"href":"https:\/\/www.trustedtranslations.com\/es\/wp-json\/wp\/v2\/media?parent=263917"}],"curies":[{"name":"wp","href":"https:\/\/api.w.org\/{rel}","templated":true}]}}