{"id":263937,"date":"2024-06-24T17:57:43","date_gmt":"2024-06-24T20:57:43","guid":{"rendered":"https:\/\/www.trustedtranslations.com\/?page_id=263937"},"modified":"2024-07-02T16:26:39","modified_gmt":"2024-07-02T19:26:39","slug":"drupal","status":"publish","type":"page","link":"https:\/\/www.trustedtranslations.com\/es\/servicios\/formatos-de-archivos\/drupal","title":{"rendered":"Drupal"},"content":{"rendered":"","protected":false},"excerpt":{"rendered":"","protected":false},"author":1,"featured_media":267109,"parent":127688,"menu_order":24,"comment_status":"closed","ping_status":"closed","template":"","meta":{"site-sidebar-layout":"default","site-content-layout":"","ast-site-content-layout":"default","site-content-style":"default","site-sidebar-style":"default","ast-global-header-display":"","ast-banner-title-visibility":"","ast-main-header-display":"","ast-hfb-above-header-display":"","ast-hfb-below-header-display":"","ast-hfb-mobile-header-display":"","site-post-title":"","ast-breadcrumbs-content":"","ast-featured-img":"","footer-sml-layout":"","ast-disable-related-posts":"","theme-transparent-header-meta":"default","adv-header-id-meta":"","stick-header-meta":"","header-above-stick-meta":"","header-main-stick-meta":"","header-below-stick-meta":"","astra-migrate-meta-layouts":"set","ast-page-background-enabled":"default","ast-page-background-meta":{"desktop":{"background-color":"var(--ast-global-color-4)","background-image":"","background-repeat":"repeat","background-position":"center center","background-size":"auto","background-attachment":"scroll","background-type":"","background-media":"","overlay-type":"","overlay-color":"","overlay-opacity":"","overlay-gradient":""},"tablet":{"background-color":"","background-image":"","background-repeat":"repeat","background-position":"center center","background-size":"auto","background-attachment":"scroll","background-type":"","background-media":"","overlay-type":"","overlay-color":"","overlay-opacity":"","overlay-gradient":""},"mobile":{"background-color":"","background-image":"","background-repeat":"repeat","background-position":"center center","background-size":"auto","background-attachment":"scroll","background-type":"","background-media":"","overlay-type":"","overlay-color":"","overlay-opacity":"","overlay-gradient":""}},"ast-content-background-meta":{"desktop":{"background-color":"var(--ast-global-color-5)","background-image":"","background-repeat":"repeat","background-position":"center center","background-size":"auto","background-attachment":"scroll","background-type":"","background-media":"","overlay-type":"","overlay-color":"","overlay-opacity":"","overlay-gradient":""},"tablet":{"background-color":"var(--ast-global-color-5)","background-image":"","background-repeat":"repeat","background-position":"center center","background-size":"auto","background-attachment":"scroll","background-type":"","background-media":"","overlay-type":"","overlay-color":"","overlay-opacity":"","overlay-gradient":""},"mobile":{"background-color":"var(--ast-global-color-5)","background-image":"","background-repeat":"repeat","background-position":"center center","background-size":"auto","background-attachment":"scroll","background-type":"","background-media":"","overlay-type":"","overlay-color":"","overlay-opacity":"","overlay-gradient":""}},"footnotes":""},"class_list":["post-263937","page","type-page","status-publish","has-post-thumbnail","hentry"],"yoast_head":"<!-- This site is optimized with the Yoast SEO plugin v27.6 - https:\/\/yoast.com\/product\/yoast-seo-wordpress\/ -->\n<title>Drupal - Trusted Translations<\/title>\n<meta name=\"robots\" content=\"index, follow, max-snippet:-1, max-image-preview:large, max-video-preview:-1\" \/>\n<link rel=\"canonical\" href=\"https:\/\/www.trustedtranslations.com\/es\/servicios\/formatos-de-archivos\/drupal\" \/>\n<meta property=\"og:locale\" content=\"es_ES\" \/>\n<meta property=\"og:type\" content=\"article\" \/>\n<meta property=\"og:title\" content=\"Drupal - Trusted Translations\" \/>\n<meta property=\"og:url\" content=\"https:\/\/www.trustedtranslations.com\/es\/servicios\/formatos-de-archivos\/drupal\" \/>\n<meta property=\"og:site_name\" content=\"Trusted Translations\" \/>\n<meta property=\"article:publisher\" content=\"https:\/\/www.facebook.com\/Trusted.Translations\" \/>\n<meta property=\"article:modified_time\" content=\"2024-07-02T19:26:39+00:00\" \/>\n<meta property=\"og:image\" content=\"https:\/\/static.trustedtranslations.com\/wp-content\/uploads\/2024\/07\/drupal-1.webp\" \/>\n\t<meta property=\"og:image:width\" content=\"151\" \/>\n\t<meta property=\"og:image:height\" content=\"151\" \/>\n\t<meta property=\"og:image:type\" content=\"image\/webp\" \/>\n<meta name=\"twitter:card\" content=\"summary_large_image\" \/>\n<meta name=\"twitter:site\" content=\"@TrustedT9ns\" \/>\n<script type=\"application\/ld+json\" class=\"yoast-schema-graph\">{\"@context\":\"https:\\\/\\\/schema.org\",\"@graph\":[{\"@type\":\"WebPage\",\"@id\":\"https:\\\/\\\/www.trustedtranslations.com\\\/es\\\/servicios\\\/formatos-de-archivos\\\/drupal\",\"url\":\"https:\\\/\\\/www.trustedtranslations.com\\\/es\\\/servicios\\\/formatos-de-archivos\\\/drupal\",\"name\":\"Drupal - Trusted Translations\",\"isPartOf\":{\"@id\":\"https:\\\/\\\/www.trustedtranslations.com\\\/es\\\/#website\"},\"primaryImageOfPage\":{\"@id\":\"https:\\\/\\\/www.trustedtranslations.com\\\/es\\\/servicios\\\/formatos-de-archivos\\\/drupal#primaryimage\"},\"image\":{\"@id\":\"https:\\\/\\\/www.trustedtranslations.com\\\/es\\\/servicios\\\/formatos-de-archivos\\\/drupal#primaryimage\"},\"thumbnailUrl\":\"https:\\\/\\\/www.trustedtranslations.com\\\/wp-content\\\/uploads\\\/2024\\\/07\\\/drupal-1.webp\",\"breadcrumb\":{\"@id\":\"https:\\\/\\\/www.trustedtranslations.com\\\/es\\\/servicios\\\/formatos-de-archivos\\\/drupal#breadcrumb\"},\"inLanguage\":\"es\",\"potentialAction\":[{\"@type\":\"ReadAction\",\"target\":[\"https:\\\/\\\/www.trustedtranslations.com\\\/es\\\/servicios\\\/formatos-de-archivos\\\/drupal\"]}]},{\"@type\":\"ImageObject\",\"inLanguage\":\"es\",\"@id\":\"https:\\\/\\\/www.trustedtranslations.com\\\/es\\\/servicios\\\/formatos-de-archivos\\\/drupal#primaryimage\",\"url\":\"https:\\\/\\\/www.trustedtranslations.com\\\/wp-content\\\/uploads\\\/2024\\\/07\\\/drupal-1.webp\",\"contentUrl\":\"https:\\\/\\\/www.trustedtranslations.com\\\/wp-content\\\/uploads\\\/2024\\\/07\\\/drupal-1.webp\",\"width\":151,\"height\":151,\"caption\":\"drupal 1\"},{\"@type\":\"BreadcrumbList\",\"@id\":\"https:\\\/\\\/www.trustedtranslations.com\\\/es\\\/servicios\\\/formatos-de-archivos\\\/drupal#breadcrumb\",\"itemListElement\":[{\"@type\":\"ListItem\",\"position\":1,\"name\":\"Home\",\"item\":\"https:\\\/\\\/www.trustedtranslations.com\\\/es\"},{\"@type\":\"ListItem\",\"position\":2,\"name\":\"Servicios\",\"item\":\"https:\\\/\\\/www.trustedtranslations.com\\\/es\\\/servicios\"},{\"@type\":\"ListItem\",\"position\":3,\"name\":\"Formatos de Archivo\",\"item\":\"https:\\\/\\\/www.trustedtranslations.com\\\/es\\\/servicios\\\/formatos-de-archivos\"},{\"@type\":\"ListItem\",\"position\":4,\"name\":\"Drupal\"}]},{\"@type\":\"WebSite\",\"@id\":\"https:\\\/\\\/www.trustedtranslations.com\\\/es\\\/#website\",\"url\":\"https:\\\/\\\/www.trustedtranslations.com\\\/es\\\/\",\"name\":\"Trusted Translations, Inc.\",\"description\":\"Leader in translation and interpretation services.\",\"publisher\":{\"@id\":\"https:\\\/\\\/www.trustedtranslations.com\\\/es\\\/#organization\"},\"alternateName\":\"Trusted Translations\",\"potentialAction\":[{\"@type\":\"SearchAction\",\"target\":{\"@type\":\"EntryPoint\",\"urlTemplate\":\"https:\\\/\\\/www.trustedtranslations.com\\\/es\\\/?s={search_term_string}\"},\"query-input\":{\"@type\":\"PropertyValueSpecification\",\"valueRequired\":true,\"valueName\":\"search_term_string\"}}],\"inLanguage\":\"es\"},{\"@type\":\"Organization\",\"@id\":\"https:\\\/\\\/www.trustedtranslations.com\\\/es\\\/#organization\",\"name\":\"Trusted Translations\",\"alternateName\":\"Trusted Translations, Inc.\",\"url\":\"https:\\\/\\\/www.trustedtranslations.com\\\/es\\\/\",\"logo\":{\"@type\":\"ImageObject\",\"inLanguage\":\"es\",\"@id\":\"https:\\\/\\\/www.trustedtranslations.com\\\/es\\\/#\\\/schema\\\/logo\\\/image\\\/\",\"url\":\"https:\\\/\\\/static.trustedtranslations.com\\\/wp-content\\\/uploads\\\/2022\\\/01\\\/TT_logo_WSIColors-2.png\",\"contentUrl\":\"https:\\\/\\\/static.trustedtranslations.com\\\/wp-content\\\/uploads\\\/2022\\\/01\\\/TT_logo_WSIColors-2.png\",\"width\":500,\"height\":196,\"caption\":\"Trusted Translations\"},\"image\":{\"@id\":\"https:\\\/\\\/www.trustedtranslations.com\\\/es\\\/#\\\/schema\\\/logo\\\/image\\\/\"},\"sameAs\":[\"https:\\\/\\\/www.facebook.com\\\/Trusted.Translations\",\"https:\\\/\\\/x.com\\\/TrustedT9ns\",\"https:\\\/\\\/www.linkedin.com\\\/company\\\/trusted-translations\"]}]}<\/script>\n<!-- \/ Yoast SEO plugin. -->","yoast_head_json":{"title":"Drupal - Trusted Translations","robots":{"index":"index","follow":"follow","max-snippet":"max-snippet:-1","max-image-preview":"max-image-preview:large","max-video-preview":"max-video-preview:-1"},"canonical":"https:\/\/www.trustedtranslations.com\/es\/servicios\/formatos-de-archivos\/drupal","og_locale":"es_ES","og_type":"article","og_title":"Drupal - Trusted Translations","og_url":"https:\/\/www.trustedtranslations.com\/es\/servicios\/formatos-de-archivos\/drupal","og_site_name":"Trusted Translations","article_publisher":"https:\/\/www.facebook.com\/Trusted.Translations","article_modified_time":"2024-07-02T19:26:39+00:00","og_image":[{"width":151,"height":151,"url":"https:\/\/static.trustedtranslations.com\/wp-content\/uploads\/2024\/07\/drupal-1.webp","type":"image\/webp"}],"twitter_card":"summary_large_image","twitter_site":"@TrustedT9ns","schema":{"@context":"https:\/\/schema.org","@graph":[{"@type":"WebPage","@id":"https:\/\/www.trustedtranslations.com\/es\/servicios\/formatos-de-archivos\/drupal","url":"https:\/\/www.trustedtranslations.com\/es\/servicios\/formatos-de-archivos\/drupal","name":"Drupal - Trusted Translations","isPartOf":{"@id":"https:\/\/www.trustedtranslations.com\/es\/#website"},"primaryImageOfPage":{"@id":"https:\/\/www.trustedtranslations.com\/es\/servicios\/formatos-de-archivos\/drupal#primaryimage"},"image":{"@id":"https:\/\/www.trustedtranslations.com\/es\/servicios\/formatos-de-archivos\/drupal#primaryimage"},"thumbnailUrl":"https:\/\/www.trustedtranslations.com\/wp-content\/uploads\/2024\/07\/drupal-1.webp","breadcrumb":{"@id":"https:\/\/www.trustedtranslations.com\/es\/servicios\/formatos-de-archivos\/drupal#breadcrumb"},"inLanguage":"es","potentialAction":[{"@type":"ReadAction","target":["https:\/\/www.trustedtranslations.com\/es\/servicios\/formatos-de-archivos\/drupal"]}]},{"@type":"ImageObject","inLanguage":"es","@id":"https:\/\/www.trustedtranslations.com\/es\/servicios\/formatos-de-archivos\/drupal#primaryimage","url":"https:\/\/www.trustedtranslations.com\/wp-content\/uploads\/2024\/07\/drupal-1.webp","contentUrl":"https:\/\/www.trustedtranslations.com\/wp-content\/uploads\/2024\/07\/drupal-1.webp","width":151,"height":151,"caption":"drupal 1"},{"@type":"BreadcrumbList","@id":"https:\/\/www.trustedtranslations.com\/es\/servicios\/formatos-de-archivos\/drupal#breadcrumb","itemListElement":[{"@type":"ListItem","position":1,"name":"Home","item":"https:\/\/www.trustedtranslations.com\/es"},{"@type":"ListItem","position":2,"name":"Servicios","item":"https:\/\/www.trustedtranslations.com\/es\/servicios"},{"@type":"ListItem","position":3,"name":"Formatos de Archivo","item":"https:\/\/www.trustedtranslations.com\/es\/servicios\/formatos-de-archivos"},{"@type":"ListItem","position":4,"name":"Drupal"}]},{"@type":"WebSite","@id":"https:\/\/www.trustedtranslations.com\/es\/#website","url":"https:\/\/www.trustedtranslations.com\/es\/","name":"Trusted Translations, Inc.","description":"Leader in translation and interpretation services.","publisher":{"@id":"https:\/\/www.trustedtranslations.com\/es\/#organization"},"alternateName":"Trusted Translations","potentialAction":[{"@type":"SearchAction","target":{"@type":"EntryPoint","urlTemplate":"https:\/\/www.trustedtranslations.com\/es\/?s={search_term_string}"},"query-input":{"@type":"PropertyValueSpecification","valueRequired":true,"valueName":"search_term_string"}}],"inLanguage":"es"},{"@type":"Organization","@id":"https:\/\/www.trustedtranslations.com\/es\/#organization","name":"Trusted Translations","alternateName":"Trusted Translations, Inc.","url":"https:\/\/www.trustedtranslations.com\/es\/","logo":{"@type":"ImageObject","inLanguage":"es","@id":"https:\/\/www.trustedtranslations.com\/es\/#\/schema\/logo\/image\/","url":"https:\/\/static.trustedtranslations.com\/wp-content\/uploads\/2022\/01\/TT_logo_WSIColors-2.png","contentUrl":"https:\/\/static.trustedtranslations.com\/wp-content\/uploads\/2022\/01\/TT_logo_WSIColors-2.png","width":500,"height":196,"caption":"Trusted Translations"},"image":{"@id":"https:\/\/www.trustedtranslations.com\/es\/#\/schema\/logo\/image\/"},"sameAs":["https:\/\/www.facebook.com\/Trusted.Translations","https:\/\/x.com\/TrustedT9ns","https:\/\/www.linkedin.com\/company\/trusted-translations"]}]}},"toolset-meta":{"dyk":{"mensaje-1":{"type":"textfield","raw":"Una empresa minorista aument\u00f3 sus ventas en l\u00ednea un 40 % con nuestras traducciones de Drupal."},"mensaje-2":{"type":"textfield","raw":"Trusted Translations permiti\u00f3 a una ONG ampliar su alcance con contenido Drupal multiling\u00fce."},"mensaje-3":{"type":"textfield","raw":"Un bloguero personal aument\u00f3 la cantidad de sus lectores con publicaciones localizadas de Drupal."},"mensaje-4":{"type":"textfield","raw":""},"mensaje-5":{"type":"textfield","raw":""},"mensaje-6":{"type":"textfield","raw":""}},"single-page-template-fields":{"imgs-temp":{"type":"image","raw":["https:\/\/static.trustedtranslations.com\/wp-content\/uploads\/2024\/06\/Group-152-1.webp"],"repeatable":[{"raw":"https:\/\/static.trustedtranslations.com\/wp-content\/uploads\/2024\/06\/Group-152-1.webp"}]},"imgs-temp-cel":{"type":"image","raw":[""],"repeatable":[{"raw":""}]},"img-temp-one-cel":{"type":"image","raw":"https:\/\/static.trustedtranslations.com\/wp-content\/uploads\/2024\/06\/Drupal.webp","attachment_id":null},"quotes":{"type":"textarea","raw":"<h1 style=\"margin-bottom: 12px;\">Servicios de Traducci\u00f3n Drupal<\/h1>La versatilidad de Drupal es de verdad impresionante. Su arquitectura modular permite a los desarrolladores adaptar sitios web y aplicaciones a necesidades espec\u00edficas, mientras que sus s\u00f3lidas funciones de seguridad garantizan la protecci\u00f3n de datos. Las funciones de escalabilidad y manejo del desempe\u00f1o lo hacen adecuado para proyectos de tama\u00f1os variables, desde sitios web peque\u00f1os hasta plataformas de nivel empresarial. Los servicios proporcionados por Trusted Translations con el uso de Drupal son traducci\u00f3n autom\u00e1tica, contenido multiling\u00fce, localizaci\u00f3n de aplicaciones, interpretaci\u00f3n presencial y muchos m\u00e1s.<div style=\"margin-top: 2.5vw;\"><a class=\"tt-btn-main-cta\" href=\"\/es\/presupuesto-sin-cargo\">Solicite un presupuesto sin cargo<\/a><\/div>"},"text-1":{"type":"textarea","raw":"<h2 style=\"padding-bottom:20px\">Traducci\u00f3n Drupal<\/h2>El entorno de soporte multiling\u00fce y desarrollo integrado aumentan a\u00fan m\u00e1s su atractivo, en particular para proyectos globales y equipos de desarrollo. El hecho de que Drupal se usa en diversos sectores, incluidos comercio electr\u00f3nico, redes sociales, medios de comunicaci\u00f3n, gobierno, organizaciones sin fines de lucro y ahora instituciones educativas y de investigaci\u00f3n, dice mucho sobre su adaptabilidad y confiabilidad. Su idoneidad para sitios web y aplicaciones complejos subraya su valor para las organizaciones que buscan una soluci\u00f3n digital integral.\r\n<h2 style=\"padding-bottom:20px\">Servicios Proporcionados por Trusted Translations con el uso de Drupal<\/h2>\r\n<ul>\r\n    <li>Ayudamos en m\u00faltiples idiomas<\/li>\r\n    <li>Tambi\u00e9n est\u00e1n disponibles servicios de llamadas, correos electr\u00f3nicos y cotizaciones gratuitas<\/li>\r\n    <li>Ofertas en m\u00faltiples formatos de archivo<\/li>\r\n    <li>Traducci\u00f3n humana<\/li>\r\n    <li>Interpretaci\u00f3n en video<\/li>\r\n    <li>Localizaci\u00f3n de aplicaciones<\/li>\r\n    <li>Interpretaci\u00f3n telef\u00f3nica<\/li>\r\n<\/ul>"},"shortcode-map":{"type":"textfield","raw":""},"dyk-shortcode":{"type":"textfield","raw":"[elementor-template id=\"139368\"]"},"text-2":{"type":"textarea","raw":"<h2 style=\"padding-bottom:20px\">Beneficios de Drupal:<\/h2>\r\nTrusted Translations aprovecha las caracter\u00edsticas de versatilidad y seguridad de Drupal para ofrecer una soluci\u00f3n integral en proyectos de traducci\u00f3n. De hecho, la personalizaci\u00f3n y extensibilidad de Drupal lo hacen adaptable a los requisitos de diversos proyectos, mientras que su \u00e9nfasis en la seguridad se alinea con el compromiso de Trusted Translations de proteger los datos confidenciales. La escalabilidad y las capacidades de gran desempe\u00f1o de Drupal garantizan a\u00fan m\u00e1s la confiabilidad, en especial para sitios web y aplicaciones de tr\u00e1fico intenso. Las caracter\u00edsticas de soporte multiling\u00fce y manejo de traducci\u00f3n de Drupal permiten a Trusted Translations abastecer con eficacia a audiencias globales. Adem\u00e1s, el dise\u00f1o de gran respuesta garantiza la accesibilidad en diferentes dispositivos, y mejora as\u00ed la experiencia del usuario. La s\u00f3lida seguridad y el control de acceso que proporciona Drupal son cruciales para mantener la integridad del contenido traducido. Con traductores para la industria particular, Trusted Translations puede traducir y localizar proyectos con precisi\u00f3n para dirigirse a audiencias espec\u00edficas. La disponibilidad de temas y plantillas en Drupal agiliza a\u00fan m\u00e1s el proceso de traducci\u00f3n, lo que garantiza eficiencia y coherencia.\r\n En general, Trusted Translations proporciona una soluci\u00f3n integral para proyectos de traducci\u00f3n, y aprovecha las capacidades de Drupal para ofrecer contenido localizado de alta calidad adaptado a las necesidades de los clientes. Poder satisfacer las necesidades de los clientes con eficacia es esencial en cualquier industria y Trusted Translations se destaca en este aspecto al aprovechar las capacidades de Drupal para brindar una soluci\u00f3n s\u00f3lida y adaptable de proyectos de traducci\u00f3n. El compromiso de Trusted Translations de utilizar las funciones de Drupal para personalizaci\u00f3n, seguridad, escalabilidad y soporte multiling\u00fce refleja su dedicaci\u00f3n a brindar servicios de alta calidad."},"state":{"type":"textfield","raw":""},"city":{"type":"textarea","raw":[]}}},"_links":{"self":[{"href":"https:\/\/www.trustedtranslations.com\/es\/wp-json\/wp\/v2\/pages\/263937","targetHints":{"allow":["GET"]}}],"collection":[{"href":"https:\/\/www.trustedtranslations.com\/es\/wp-json\/wp\/v2\/pages"}],"about":[{"href":"https:\/\/www.trustedtranslations.com\/es\/wp-json\/wp\/v2\/types\/page"}],"author":[{"embeddable":true,"href":"https:\/\/www.trustedtranslations.com\/es\/wp-json\/wp\/v2\/users\/1"}],"replies":[{"embeddable":true,"href":"https:\/\/www.trustedtranslations.com\/es\/wp-json\/wp\/v2\/comments?post=263937"}],"version-history":[{"count":0,"href":"https:\/\/www.trustedtranslations.com\/es\/wp-json\/wp\/v2\/pages\/263937\/revisions"}],"up":[{"embeddable":true,"href":"https:\/\/www.trustedtranslations.com\/es\/wp-json\/wp\/v2\/pages\/127688"}],"wp:featuredmedia":[{"embeddable":true,"href":"https:\/\/www.trustedtranslations.com\/es\/wp-json\/wp\/v2\/media\/267109"}],"wp:attachment":[{"href":"https:\/\/www.trustedtranslations.com\/es\/wp-json\/wp\/v2\/media?parent=263937"}],"curies":[{"name":"wp","href":"https:\/\/api.w.org\/{rel}","templated":true}]}}