{"id":276407,"date":"2024-08-30T11:56:11","date_gmt":"2024-08-30T14:56:11","guid":{"rendered":"https:\/\/www.trustedtranslations.com\/?page_id=276407"},"modified":"2024-09-06T17:15:38","modified_gmt":"2024-09-06T20:15:38","slug":"traduccion-automatica-con-ia","status":"publish","type":"page","link":"https:\/\/www.trustedtranslations.com\/es\/servicios\/automatica\/traduccion-automatica-con-ia","title":{"rendered":"Traducci\u00f3n Autom\u00e1tica con IA"},"content":{"rendered":"","protected":false},"excerpt":{"rendered":"","protected":false},"author":1,"featured_media":275062,"parent":127133,"menu_order":0,"comment_status":"closed","ping_status":"closed","template":"","meta":{"site-sidebar-layout":"default","site-content-layout":"","ast-site-content-layout":"default","site-content-style":"default","site-sidebar-style":"default","ast-global-header-display":"","ast-banner-title-visibility":"","ast-main-header-display":"","ast-hfb-above-header-display":"","ast-hfb-below-header-display":"","ast-hfb-mobile-header-display":"","site-post-title":"","ast-breadcrumbs-content":"","ast-featured-img":"","footer-sml-layout":"","theme-transparent-header-meta":"default","adv-header-id-meta":"","stick-header-meta":"","header-above-stick-meta":"","header-main-stick-meta":"","header-below-stick-meta":"","astra-migrate-meta-layouts":"set","ast-page-background-enabled":"default","ast-page-background-meta":{"desktop":{"background-color":"var(--ast-global-color-4)","background-image":"","background-repeat":"repeat","background-position":"center center","background-size":"auto","background-attachment":"scroll","background-type":"","background-media":"","overlay-type":"","overlay-color":"","overlay-opacity":"","overlay-gradient":""},"tablet":{"background-color":"","background-image":"","background-repeat":"repeat","background-position":"center center","background-size":"auto","background-attachment":"scroll","background-type":"","background-media":"","overlay-type":"","overlay-color":"","overlay-opacity":"","overlay-gradient":""},"mobile":{"background-color":"","background-image":"","background-repeat":"repeat","background-position":"center center","background-size":"auto","background-attachment":"scroll","background-type":"","background-media":"","overlay-type":"","overlay-color":"","overlay-opacity":"","overlay-gradient":""}},"ast-content-background-meta":{"desktop":{"background-color":"var(--ast-global-color-5)","background-image":"","background-repeat":"repeat","background-position":"center center","background-size":"auto","background-attachment":"scroll","background-type":"","background-media":"","overlay-type":"","overlay-color":"","overlay-opacity":"","overlay-gradient":""},"tablet":{"background-color":"var(--ast-global-color-5)","background-image":"","background-repeat":"repeat","background-position":"center center","background-size":"auto","background-attachment":"scroll","background-type":"","background-media":"","overlay-type":"","overlay-color":"","overlay-opacity":"","overlay-gradient":""},"mobile":{"background-color":"var(--ast-global-color-5)","background-image":"","background-repeat":"repeat","background-position":"center center","background-size":"auto","background-attachment":"scroll","background-type":"","background-media":"","overlay-type":"","overlay-color":"","overlay-opacity":"","overlay-gradient":""}},"footnotes":""},"class_list":["post-276407","page","type-page","status-publish","has-post-thumbnail","hentry"],"yoast_head":"<!-- This site is optimized with the Yoast SEO plugin v27.5 - https:\/\/yoast.com\/product\/yoast-seo-wordpress\/ -->\n<title>Servicios de Traducci\u00f3n Autom\u00e1tica por IA: Trusted Translations, Inc.<\/title>\n<meta name=\"description\" content=\"Trusted Translations ofrece servicios de traducci\u00f3n de vanguardia con inteligencia artificial, para obtener resultados r\u00e1pidos y confiables. Potencie su comunicaci\u00f3n global. Obtenga una cotizaci\u00f3n.\" \/>\n<meta name=\"robots\" content=\"index, follow, max-snippet:-1, max-image-preview:large, max-video-preview:-1\" \/>\n<link rel=\"canonical\" href=\"https:\/\/www.trustedtranslations.com\/es\/servicios\/automatica\/traduccion-automatica-con-ia\" \/>\n<meta property=\"og:locale\" content=\"es_ES\" \/>\n<meta property=\"og:type\" content=\"article\" \/>\n<meta property=\"og:title\" content=\"Servicios de Traducci\u00f3n Autom\u00e1tica por IA: Trusted Translations, Inc.\" \/>\n<meta property=\"og:description\" content=\"Trusted Translations ofrece servicios de traducci\u00f3n de vanguardia con inteligencia artificial, para obtener resultados r\u00e1pidos y confiables. Potencie su comunicaci\u00f3n global. Obtenga una cotizaci\u00f3n.\" \/>\n<meta property=\"og:url\" content=\"https:\/\/www.trustedtranslations.com\/es\/servicios\/automatica\/traduccion-automatica-con-ia\" \/>\n<meta property=\"og:site_name\" content=\"Trusted Translations\" \/>\n<meta property=\"article:publisher\" content=\"https:\/\/www.facebook.com\/Trusted.Translations\" \/>\n<meta property=\"article:modified_time\" content=\"2024-09-06T20:15:38+00:00\" \/>\n<meta property=\"og:image\" content=\"https:\/\/static.trustedtranslations.com\/wp-content\/uploads\/2024\/08\/AIMachineTranslationServices.webp\" \/>\n\t<meta property=\"og:image:width\" content=\"150\" \/>\n\t<meta property=\"og:image:height\" content=\"150\" \/>\n\t<meta property=\"og:image:type\" content=\"image\/webp\" \/>\n<meta name=\"twitter:card\" content=\"summary_large_image\" \/>\n<meta name=\"twitter:site\" content=\"@TrustedT9ns\" \/>\n<script type=\"application\/ld+json\" class=\"yoast-schema-graph\">{\"@context\":\"https:\\\/\\\/schema.org\",\"@graph\":[{\"@type\":\"WebPage\",\"@id\":\"https:\\\/\\\/www.trustedtranslations.com\\\/es\\\/servicios\\\/automatica\\\/traduccion-automatica-con-ia\",\"url\":\"https:\\\/\\\/www.trustedtranslations.com\\\/es\\\/servicios\\\/automatica\\\/traduccion-automatica-con-ia\",\"name\":\"Servicios de Traducci\u00f3n Autom\u00e1tica por IA: Trusted Translations, Inc.\",\"isPartOf\":{\"@id\":\"https:\\\/\\\/www.trustedtranslations.com\\\/es\\\/#website\"},\"primaryImageOfPage\":{\"@id\":\"https:\\\/\\\/www.trustedtranslations.com\\\/es\\\/servicios\\\/automatica\\\/traduccion-automatica-con-ia#primaryimage\"},\"image\":{\"@id\":\"https:\\\/\\\/www.trustedtranslations.com\\\/es\\\/servicios\\\/automatica\\\/traduccion-automatica-con-ia#primaryimage\"},\"thumbnailUrl\":\"https:\\\/\\\/www.trustedtranslations.com\\\/wp-content\\\/uploads\\\/2024\\\/08\\\/AIMachineTranslationServices.webp\",\"description\":\"Trusted Translations ofrece servicios de traducci\u00f3n de vanguardia con inteligencia artificial, para obtener resultados r\u00e1pidos y confiables. Potencie su comunicaci\u00f3n global. Obtenga una cotizaci\u00f3n.\",\"breadcrumb\":{\"@id\":\"https:\\\/\\\/www.trustedtranslations.com\\\/es\\\/servicios\\\/automatica\\\/traduccion-automatica-con-ia#breadcrumb\"},\"inLanguage\":\"es\",\"potentialAction\":[{\"@type\":\"ReadAction\",\"target\":[\"https:\\\/\\\/www.trustedtranslations.com\\\/es\\\/servicios\\\/automatica\\\/traduccion-automatica-con-ia\"]}]},{\"@type\":\"ImageObject\",\"inLanguage\":\"es\",\"@id\":\"https:\\\/\\\/www.trustedtranslations.com\\\/es\\\/servicios\\\/automatica\\\/traduccion-automatica-con-ia#primaryimage\",\"url\":\"https:\\\/\\\/www.trustedtranslations.com\\\/wp-content\\\/uploads\\\/2024\\\/08\\\/AIMachineTranslationServices.webp\",\"contentUrl\":\"https:\\\/\\\/www.trustedtranslations.com\\\/wp-content\\\/uploads\\\/2024\\\/08\\\/AIMachineTranslationServices.webp\",\"width\":150,\"height\":150},{\"@type\":\"BreadcrumbList\",\"@id\":\"https:\\\/\\\/www.trustedtranslations.com\\\/es\\\/servicios\\\/automatica\\\/traduccion-automatica-con-ia#breadcrumb\",\"itemListElement\":[{\"@type\":\"ListItem\",\"position\":1,\"name\":\"Home\",\"item\":\"https:\\\/\\\/www.trustedtranslations.com\\\/es\"},{\"@type\":\"ListItem\",\"position\":2,\"name\":\"Servicios\",\"item\":\"https:\\\/\\\/www.trustedtranslations.com\\\/es\\\/servicios\"},{\"@type\":\"ListItem\",\"position\":3,\"name\":\"Traducci\u00f3n Autom\u00e1tica\",\"item\":\"https:\\\/\\\/www.trustedtranslations.com\\\/es\\\/servicios\\\/automatica\"},{\"@type\":\"ListItem\",\"position\":4,\"name\":\"Traducci\u00f3n Autom\u00e1tica con IA\"}]},{\"@type\":\"WebSite\",\"@id\":\"https:\\\/\\\/www.trustedtranslations.com\\\/es\\\/#website\",\"url\":\"https:\\\/\\\/www.trustedtranslations.com\\\/es\\\/\",\"name\":\"Trusted Translations, Inc.\",\"description\":\"Leader in translation and interpretation services.\",\"publisher\":{\"@id\":\"https:\\\/\\\/www.trustedtranslations.com\\\/es\\\/#organization\"},\"alternateName\":\"Trusted Translations\",\"potentialAction\":[{\"@type\":\"SearchAction\",\"target\":{\"@type\":\"EntryPoint\",\"urlTemplate\":\"https:\\\/\\\/www.trustedtranslations.com\\\/es\\\/?s={search_term_string}\"},\"query-input\":{\"@type\":\"PropertyValueSpecification\",\"valueRequired\":true,\"valueName\":\"search_term_string\"}}],\"inLanguage\":\"es\"},{\"@type\":\"Organization\",\"@id\":\"https:\\\/\\\/www.trustedtranslations.com\\\/es\\\/#organization\",\"name\":\"Trusted Translations\",\"alternateName\":\"Trusted Translations, Inc.\",\"url\":\"https:\\\/\\\/www.trustedtranslations.com\\\/es\\\/\",\"logo\":{\"@type\":\"ImageObject\",\"inLanguage\":\"es\",\"@id\":\"https:\\\/\\\/www.trustedtranslations.com\\\/es\\\/#\\\/schema\\\/logo\\\/image\\\/\",\"url\":\"https:\\\/\\\/static.trustedtranslations.com\\\/wp-content\\\/uploads\\\/2022\\\/01\\\/TT_logo_WSIColors-2.png\",\"contentUrl\":\"https:\\\/\\\/static.trustedtranslations.com\\\/wp-content\\\/uploads\\\/2022\\\/01\\\/TT_logo_WSIColors-2.png\",\"width\":500,\"height\":196,\"caption\":\"Trusted Translations\"},\"image\":{\"@id\":\"https:\\\/\\\/www.trustedtranslations.com\\\/es\\\/#\\\/schema\\\/logo\\\/image\\\/\"},\"sameAs\":[\"https:\\\/\\\/www.facebook.com\\\/Trusted.Translations\",\"https:\\\/\\\/x.com\\\/TrustedT9ns\",\"https:\\\/\\\/www.linkedin.com\\\/company\\\/trusted-translations\"]}]}<\/script>\n<!-- \/ Yoast SEO plugin. -->","yoast_head_json":{"title":"Servicios de Traducci\u00f3n Autom\u00e1tica por IA: Trusted Translations, Inc.","description":"Trusted Translations ofrece servicios de traducci\u00f3n de vanguardia con inteligencia artificial, para obtener resultados r\u00e1pidos y confiables. Potencie su comunicaci\u00f3n global. Obtenga una cotizaci\u00f3n.","robots":{"index":"index","follow":"follow","max-snippet":"max-snippet:-1","max-image-preview":"max-image-preview:large","max-video-preview":"max-video-preview:-1"},"canonical":"https:\/\/www.trustedtranslations.com\/es\/servicios\/automatica\/traduccion-automatica-con-ia","og_locale":"es_ES","og_type":"article","og_title":"Servicios de Traducci\u00f3n Autom\u00e1tica por IA: Trusted Translations, Inc.","og_description":"Trusted Translations ofrece servicios de traducci\u00f3n de vanguardia con inteligencia artificial, para obtener resultados r\u00e1pidos y confiables. Potencie su comunicaci\u00f3n global. Obtenga una cotizaci\u00f3n.","og_url":"https:\/\/www.trustedtranslations.com\/es\/servicios\/automatica\/traduccion-automatica-con-ia","og_site_name":"Trusted Translations","article_publisher":"https:\/\/www.facebook.com\/Trusted.Translations","article_modified_time":"2024-09-06T20:15:38+00:00","og_image":[{"width":150,"height":150,"url":"https:\/\/static.trustedtranslations.com\/wp-content\/uploads\/2024\/08\/AIMachineTranslationServices.webp","type":"image\/webp"}],"twitter_card":"summary_large_image","twitter_site":"@TrustedT9ns","schema":{"@context":"https:\/\/schema.org","@graph":[{"@type":"WebPage","@id":"https:\/\/www.trustedtranslations.com\/es\/servicios\/automatica\/traduccion-automatica-con-ia","url":"https:\/\/www.trustedtranslations.com\/es\/servicios\/automatica\/traduccion-automatica-con-ia","name":"Servicios de Traducci\u00f3n Autom\u00e1tica por IA: Trusted Translations, Inc.","isPartOf":{"@id":"https:\/\/www.trustedtranslations.com\/es\/#website"},"primaryImageOfPage":{"@id":"https:\/\/www.trustedtranslations.com\/es\/servicios\/automatica\/traduccion-automatica-con-ia#primaryimage"},"image":{"@id":"https:\/\/www.trustedtranslations.com\/es\/servicios\/automatica\/traduccion-automatica-con-ia#primaryimage"},"thumbnailUrl":"https:\/\/www.trustedtranslations.com\/wp-content\/uploads\/2024\/08\/AIMachineTranslationServices.webp","description":"Trusted Translations ofrece servicios de traducci\u00f3n de vanguardia con inteligencia artificial, para obtener resultados r\u00e1pidos y confiables. Potencie su comunicaci\u00f3n global. Obtenga una cotizaci\u00f3n.","breadcrumb":{"@id":"https:\/\/www.trustedtranslations.com\/es\/servicios\/automatica\/traduccion-automatica-con-ia#breadcrumb"},"inLanguage":"es","potentialAction":[{"@type":"ReadAction","target":["https:\/\/www.trustedtranslations.com\/es\/servicios\/automatica\/traduccion-automatica-con-ia"]}]},{"@type":"ImageObject","inLanguage":"es","@id":"https:\/\/www.trustedtranslations.com\/es\/servicios\/automatica\/traduccion-automatica-con-ia#primaryimage","url":"https:\/\/www.trustedtranslations.com\/wp-content\/uploads\/2024\/08\/AIMachineTranslationServices.webp","contentUrl":"https:\/\/www.trustedtranslations.com\/wp-content\/uploads\/2024\/08\/AIMachineTranslationServices.webp","width":150,"height":150},{"@type":"BreadcrumbList","@id":"https:\/\/www.trustedtranslations.com\/es\/servicios\/automatica\/traduccion-automatica-con-ia#breadcrumb","itemListElement":[{"@type":"ListItem","position":1,"name":"Home","item":"https:\/\/www.trustedtranslations.com\/es"},{"@type":"ListItem","position":2,"name":"Servicios","item":"https:\/\/www.trustedtranslations.com\/es\/servicios"},{"@type":"ListItem","position":3,"name":"Traducci\u00f3n Autom\u00e1tica","item":"https:\/\/www.trustedtranslations.com\/es\/servicios\/automatica"},{"@type":"ListItem","position":4,"name":"Traducci\u00f3n Autom\u00e1tica con IA"}]},{"@type":"WebSite","@id":"https:\/\/www.trustedtranslations.com\/es\/#website","url":"https:\/\/www.trustedtranslations.com\/es\/","name":"Trusted Translations, Inc.","description":"Leader in translation and interpretation services.","publisher":{"@id":"https:\/\/www.trustedtranslations.com\/es\/#organization"},"alternateName":"Trusted Translations","potentialAction":[{"@type":"SearchAction","target":{"@type":"EntryPoint","urlTemplate":"https:\/\/www.trustedtranslations.com\/es\/?s={search_term_string}"},"query-input":{"@type":"PropertyValueSpecification","valueRequired":true,"valueName":"search_term_string"}}],"inLanguage":"es"},{"@type":"Organization","@id":"https:\/\/www.trustedtranslations.com\/es\/#organization","name":"Trusted Translations","alternateName":"Trusted Translations, Inc.","url":"https:\/\/www.trustedtranslations.com\/es\/","logo":{"@type":"ImageObject","inLanguage":"es","@id":"https:\/\/www.trustedtranslations.com\/es\/#\/schema\/logo\/image\/","url":"https:\/\/static.trustedtranslations.com\/wp-content\/uploads\/2022\/01\/TT_logo_WSIColors-2.png","contentUrl":"https:\/\/static.trustedtranslations.com\/wp-content\/uploads\/2022\/01\/TT_logo_WSIColors-2.png","width":500,"height":196,"caption":"Trusted Translations"},"image":{"@id":"https:\/\/www.trustedtranslations.com\/es\/#\/schema\/logo\/image\/"},"sameAs":["https:\/\/www.facebook.com\/Trusted.Translations","https:\/\/x.com\/TrustedT9ns","https:\/\/www.linkedin.com\/company\/trusted-translations"]}]}},"toolset-meta":{"dyk":{"mensaje-1":{"type":"textfield","raw":"Ofrecemos soluciones de traducci\u00f3n autom\u00e1tica con IA tanto generales como personalizadas."},"mensaje-2":{"type":"textfield","raw":"Los or\u00edgenes de la traducci\u00f3n autom\u00e1tica se remontan a la criptograf\u00eda \u00e1rabe del siglo IX."},"mensaje-3":{"type":"textfield","raw":"El contenido t\u00e9cnico es el m\u00e1s com\u00fan en traducciones autom\u00e1ticas con IA."},"mensaje-4":{"type":"textfield","raw":"La traducci\u00f3n autom\u00e1tica es popular en las industrias automotriz y electr\u00f3nica, y en la atenci\u00f3n m\u00e9dica."},"mensaje-5":{"type":"textfield","raw":""},"mensaje-6":{"type":"textfield","raw":""}},"single-page-template-fields":{"imgs-temp":{"type":"image","raw":["https:\/\/static.trustedtranslations.com\/wp-content\/uploads\/2024\/08\/Group-171.webp"],"repeatable":[{"raw":"https:\/\/static.trustedtranslations.com\/wp-content\/uploads\/2024\/08\/Group-171.webp"}]},"imgs-temp-cel":{"type":"image","raw":[""],"repeatable":[{"raw":""}]},"img-temp-one-cel":{"type":"image","raw":"","attachment_id":null},"quotes":{"type":"textarea","raw":"<h1 style=\"margin-bottom: 12px;\">Servicios de Traducci\u00f3n Autom\u00e1tica con IA<\/h1>En el panorama de la traducci\u00f3n, que evoluciona con rapidez, los servicios de traducci\u00f3n autom\u00e1tica con IA se han convertido en un punto de inflexi\u00f3n. Trusted Translations ofrece soluciones de traducci\u00f3n autom\u00e1tica con inteligencia artificial tanto generales como personalizadas que aprovechan los \u00faltimos avances en tecnolog\u00eda. En esta exploraci\u00f3n se indaga en el impacto de los servicios de traducci\u00f3n autom\u00e1tica con inteligencia artificial: se centra en equipos de especialistas, traducci\u00f3n autom\u00e1tica neuronal (NMT) y las capacidades de los motores de traducci\u00f3n autom\u00e1tica de Trusted Translations.<div style=\"margin-top: 2.5vw;\"><a class=\"tt-btn-main-cta\" href=\"https:\/\/www.trustedtranslations.com\/es\/presupuesto-sin-cargo\">Solicite un presupuesto sin cargo<\/a><\/div>"},"text-1":{"type":"textarea","raw":"<h2>Soluciones de traducci\u00f3n autom\u00e1tica con IA<\/h2>Trusted Translations emplea equipos de especialistas para implementar soluciones de traducci\u00f3n autom\u00e1tica con inteligencia artificial. Estos equipos integran la traducci\u00f3n autom\u00e1tica impulsada por IA con la pericia humana para poseditar y revisar, lo que garantiza que el resultado final sea de la m\u00e1s alta calidad. El proceso comienza con una evaluaci\u00f3n exhaustiva para determinar si la traducci\u00f3n autom\u00e1tica con IA es adecuada para un proyecto espec\u00edfico. Una vez que se considera apropiado, el equipo dise\u00f1a e implementa el mejor flujo de trabajo y la tecnolog\u00eda para lograr resultados \u00f3ptimos. Para los clientes con necesidades de contenido de gran volumen, Trusted Translations ajusta los servicios de traducci\u00f3n autom\u00e1tica con IA para cumplir objetivos a mediano y largo plazo, y garantizar tanto eficiencia como calidad.\r\n\r\nLa tecnolog\u00eda de inteligencia artificial en la traducci\u00f3n se extiende m\u00e1s all\u00e1 de la mera traducci\u00f3n autom\u00e1tica. Tambi\u00e9n incluye procesamiento del lenguaje natural (PLN), que ayuda a entender y generar el lenguaje humano, y herramientas de traducci\u00f3n asistida por computadora (CAT), que mejoran la eficiencia y precisi\u00f3n de los traductores humanos. Estas herramientas de IA ayudan a los profesionales a sugerir traducciones, garantizar la coherencia y acelerar el proceso de traducci\u00f3n. Al integrar IA en varias etapas de la traducci\u00f3n, Trusted Translations se asegura de que el resultado no solo sea r\u00e1pido y rentable, sino tambi\u00e9n preciso desde el punto de vista cultural y contextual."},"shortcode-map":{"type":"textfield","raw":""},"dyk-shortcode":{"type":"textfield","raw":"[elementor-template id=\"139368\"]"},"text-2":{"type":"textarea","raw":"<h2>Industria de la traducci\u00f3n autom\u00e1tica con inteligencia artificial<\/h2>La traducci\u00f3n autom\u00e1tica mediante inteligencia artificial es cada vez m\u00e1s popular en diversas industrias, incluidas la automotriz, la electr\u00f3nica y la atenci\u00f3n m\u00e9dica. Estos sectores requieren con frecuencia traducciones r\u00e1pidas y precisas de manuales t\u00e9cnicos, descripciones de productos y documentos regulatorios. Los servicios de traducci\u00f3n autom\u00e1tica con inteligencia artificial de Trusted Translations garantizan que dicho contenido se traduzca con precisi\u00f3n y eficiencia, lo que ayuda a las empresas a mantenerse competitivas en un mercado global. Al aprovechar los motores de traducci\u00f3n autom\u00e1tica de inteligencia artificial tanto generales como personalizados, estas industrias pueden lograr un equilibrio entre velocidad, precisi\u00f3n y rentabilidad.\r\n\r\nLos servicios de traducci\u00f3n autom\u00e1tica con inteligencia artificial que ofrece Trusted Translations representan el futuro de la traducci\u00f3n. Al combinar equipos de especialistas, tecnolog\u00edas avanzadas de traducci\u00f3n autom\u00e1tica neuronal con IA y motores de traducci\u00f3n autom\u00e1tica con IA personalizados, brindamos soluciones que satisfacen las diversas necesidades de nuestros clientes. Ya sea para contenido de gran volumen o traducciones espec\u00edficas de un sector, Trusted Translations garantiza servicios de traducci\u00f3n de IA de alta calidad, eficientes y rentables. La adopci\u00f3n de estas innovadoras soluciones de IA puede mejorar de manera significativa el alcance global y la eficiencia operativa de las empresas en diversos sectores.\r\n\r\nEn resumen, la integraci\u00f3n de la traducci\u00f3n autom\u00e1tica con IA con la experiencia humana, los avances aportados por la traducci\u00f3n autom\u00e1tica neuronal de IA y los motores de traducci\u00f3n autom\u00e1tica de IA especializados que ofrece Trusted Translations resaltan el potencial transformador de la localizaci\u00f3n en el comercio electr\u00f3nico y otras industrias. Mientras las empresas contin\u00faan expandiendo su presencia global, aprovechar estos servicios de traducci\u00f3n de inteligencia artificial de vanguardia ser\u00e1 clave para su \u00e9xito."},"state":{"type":"textfield","raw":""},"city":{"type":"textarea","raw":[]}}},"_links":{"self":[{"href":"https:\/\/www.trustedtranslations.com\/es\/wp-json\/wp\/v2\/pages\/276407","targetHints":{"allow":["GET"]}}],"collection":[{"href":"https:\/\/www.trustedtranslations.com\/es\/wp-json\/wp\/v2\/pages"}],"about":[{"href":"https:\/\/www.trustedtranslations.com\/es\/wp-json\/wp\/v2\/types\/page"}],"author":[{"embeddable":true,"href":"https:\/\/www.trustedtranslations.com\/es\/wp-json\/wp\/v2\/users\/1"}],"replies":[{"embeddable":true,"href":"https:\/\/www.trustedtranslations.com\/es\/wp-json\/wp\/v2\/comments?post=276407"}],"version-history":[{"count":0,"href":"https:\/\/www.trustedtranslations.com\/es\/wp-json\/wp\/v2\/pages\/276407\/revisions"}],"up":[{"embeddable":true,"href":"https:\/\/www.trustedtranslations.com\/es\/wp-json\/wp\/v2\/pages\/127133"}],"wp:featuredmedia":[{"embeddable":true,"href":"https:\/\/www.trustedtranslations.com\/es\/wp-json\/wp\/v2\/media\/275062"}],"wp:attachment":[{"href":"https:\/\/www.trustedtranslations.com\/es\/wp-json\/wp\/v2\/media?parent=276407"}],"curies":[{"name":"wp","href":"https:\/\/api.w.org\/{rel}","templated":true}]}}