{"id":286145,"date":"2025-02-24T12:45:54","date_gmt":"2025-02-24T15:45:54","guid":{"rendered":"https:\/\/www.trustedtranslations.com\/?page_id=286145"},"modified":"2025-02-26T11:34:48","modified_gmt":"2025-02-26T14:34:48","slug":"servicios-de-remediacion-de-la-seccion-508","status":"publish","type":"page","link":"https:\/\/www.trustedtranslations.com\/es\/servicios\/humano\/accesibilidad\/servicios-de-remediacion-de-la-seccion-508","title":{"rendered":"Servicios de Remediaci\u00f3n de la Secci\u00f3n 508"},"content":{"rendered":"","protected":false},"excerpt":{"rendered":"","protected":false},"author":1,"featured_media":0,"parent":201491,"menu_order":0,"comment_status":"closed","ping_status":"closed","template":"","meta":{"site-sidebar-layout":"default","site-content-layout":"","ast-site-content-layout":"default","site-content-style":"default","site-sidebar-style":"default","ast-global-header-display":"","ast-banner-title-visibility":"","ast-main-header-display":"","ast-hfb-above-header-display":"","ast-hfb-below-header-display":"","ast-hfb-mobile-header-display":"","site-post-title":"","ast-breadcrumbs-content":"","ast-featured-img":"","footer-sml-layout":"","ast-disable-related-posts":"","theme-transparent-header-meta":"default","adv-header-id-meta":"","stick-header-meta":"","header-above-stick-meta":"","header-main-stick-meta":"","header-below-stick-meta":"","astra-migrate-meta-layouts":"set","ast-page-background-enabled":"default","ast-page-background-meta":{"desktop":{"background-color":"var(--ast-global-color-4)","background-image":"","background-repeat":"repeat","background-position":"center center","background-size":"auto","background-attachment":"scroll","background-type":"","background-media":"","overlay-type":"","overlay-color":"","overlay-opacity":"","overlay-gradient":""},"tablet":{"background-color":"","background-image":"","background-repeat":"repeat","background-position":"center center","background-size":"auto","background-attachment":"scroll","background-type":"","background-media":"","overlay-type":"","overlay-color":"","overlay-opacity":"","overlay-gradient":""},"mobile":{"background-color":"","background-image":"","background-repeat":"repeat","background-position":"center center","background-size":"auto","background-attachment":"scroll","background-type":"","background-media":"","overlay-type":"","overlay-color":"","overlay-opacity":"","overlay-gradient":""}},"ast-content-background-meta":{"desktop":{"background-color":"var(--ast-global-color-5)","background-image":"","background-repeat":"repeat","background-position":"center center","background-size":"auto","background-attachment":"scroll","background-type":"","background-media":"","overlay-type":"","overlay-color":"","overlay-opacity":"","overlay-gradient":""},"tablet":{"background-color":"var(--ast-global-color-5)","background-image":"","background-repeat":"repeat","background-position":"center center","background-size":"auto","background-attachment":"scroll","background-type":"","background-media":"","overlay-type":"","overlay-color":"","overlay-opacity":"","overlay-gradient":""},"mobile":{"background-color":"var(--ast-global-color-5)","background-image":"","background-repeat":"repeat","background-position":"center center","background-size":"auto","background-attachment":"scroll","background-type":"","background-media":"","overlay-type":"","overlay-color":"","overlay-opacity":"","overlay-gradient":""}},"footnotes":""},"class_list":["post-286145","page","type-page","status-publish","hentry"],"yoast_head":"<!-- This site is optimized with the Yoast SEO plugin v27.3 - https:\/\/yoast.com\/product\/yoast-seo-wordpress\/ -->\n<title>Servicios de Remediaci\u00f3n de la Secci\u00f3n 508 | Trusted Translations<\/title>\n<meta name=\"description\" content=\"Garantice la inclusi\u00f3n y evite riesgos legales con los servicios de remediaci\u00f3n de la secci\u00f3n 508 de Trusted Translations. Soluciones expertas para accesibilidad de documentos y cumplimiento de las WCAG.\" \/>\n<meta name=\"robots\" content=\"index, follow, max-snippet:-1, max-image-preview:large, max-video-preview:-1\" \/>\n<link rel=\"canonical\" href=\"https:\/\/www.trustedtranslations.com\/es\/servicios\/humano\/accesibilidad\/servicios-de-remediacion-de-la-seccion-508\" \/>\n<meta property=\"og:locale\" content=\"es_ES\" \/>\n<meta property=\"og:type\" content=\"article\" \/>\n<meta property=\"og:title\" content=\"Servicios de Remediaci\u00f3n de la Secci\u00f3n 508 | Trusted Translations\" \/>\n<meta property=\"og:description\" content=\"Garantice la inclusi\u00f3n y evite riesgos legales con los servicios de remediaci\u00f3n de la secci\u00f3n 508 de Trusted Translations. Soluciones expertas para accesibilidad de documentos y cumplimiento de las WCAG.\" \/>\n<meta property=\"og:url\" content=\"https:\/\/www.trustedtranslations.com\/es\/servicios\/humano\/accesibilidad\/servicios-de-remediacion-de-la-seccion-508\" \/>\n<meta property=\"og:site_name\" content=\"Trusted Translations\" \/>\n<meta property=\"article:publisher\" content=\"https:\/\/www.facebook.com\/Trusted.Translations\" \/>\n<meta property=\"article:modified_time\" content=\"2025-02-26T14:34:48+00:00\" \/>\n<meta property=\"og:image\" content=\"https:\/\/www.trustedtranslations.com\/wp-content\/uploads\/2022\/06\/tt-logo-2-1.webp\" \/>\n\t<meta property=\"og:image:width\" content=\"216\" \/>\n\t<meta property=\"og:image:height\" content=\"94\" \/>\n\t<meta property=\"og:image:type\" content=\"image\/webp\" \/>\n<meta name=\"twitter:card\" content=\"summary_large_image\" \/>\n<meta name=\"twitter:site\" content=\"@TrustedT9ns\" \/>\n<script type=\"application\/ld+json\" class=\"yoast-schema-graph\">{\"@context\":\"https:\\\/\\\/schema.org\",\"@graph\":[{\"@type\":\"WebPage\",\"@id\":\"https:\\\/\\\/www.trustedtranslations.com\\\/es\\\/servicios\\\/humano\\\/accesibilidad\\\/servicios-de-remediacion-de-la-seccion-508\",\"url\":\"https:\\\/\\\/www.trustedtranslations.com\\\/es\\\/servicios\\\/humano\\\/accesibilidad\\\/servicios-de-remediacion-de-la-seccion-508\",\"name\":\"Servicios de Remediaci\u00f3n de la Secci\u00f3n 508 | Trusted Translations\",\"isPartOf\":{\"@id\":\"https:\\\/\\\/www.trustedtranslations.com\\\/es\\\/#website\"},\"description\":\"Garantice la inclusi\u00f3n y evite riesgos legales con los servicios de remediaci\u00f3n de la secci\u00f3n 508 de Trusted Translations. Soluciones expertas para accesibilidad de documentos y cumplimiento de las WCAG.\",\"breadcrumb\":{\"@id\":\"https:\\\/\\\/www.trustedtranslations.com\\\/es\\\/servicios\\\/humano\\\/accesibilidad\\\/servicios-de-remediacion-de-la-seccion-508#breadcrumb\"},\"inLanguage\":\"es\",\"potentialAction\":[{\"@type\":\"ReadAction\",\"target\":[\"https:\\\/\\\/www.trustedtranslations.com\\\/es\\\/servicios\\\/humano\\\/accesibilidad\\\/servicios-de-remediacion-de-la-seccion-508\"]}]},{\"@type\":\"BreadcrumbList\",\"@id\":\"https:\\\/\\\/www.trustedtranslations.com\\\/es\\\/servicios\\\/humano\\\/accesibilidad\\\/servicios-de-remediacion-de-la-seccion-508#breadcrumb\",\"itemListElement\":[{\"@type\":\"ListItem\",\"position\":1,\"name\":\"Home\",\"item\":\"https:\\\/\\\/www.trustedtranslations.com\\\/es\"},{\"@type\":\"ListItem\",\"position\":2,\"name\":\"Servicios\",\"item\":\"https:\\\/\\\/www.trustedtranslations.com\\\/es\\\/servicios\"},{\"@type\":\"ListItem\",\"position\":3,\"name\":\"Traducci\u00f3n Humana\",\"item\":\"https:\\\/\\\/www.trustedtranslations.com\\\/es\\\/servicios\\\/humano\"},{\"@type\":\"ListItem\",\"position\":4,\"name\":\"Accesibilidad\",\"item\":\"https:\\\/\\\/www.trustedtranslations.com\\\/es\\\/servicios\\\/humano\\\/accesibilidad\"},{\"@type\":\"ListItem\",\"position\":5,\"name\":\"Servicios de Remediaci\u00f3n de la Secci\u00f3n 508\"}]},{\"@type\":\"WebSite\",\"@id\":\"https:\\\/\\\/www.trustedtranslations.com\\\/es\\\/#website\",\"url\":\"https:\\\/\\\/www.trustedtranslations.com\\\/es\\\/\",\"name\":\"Trusted Translations, Inc.\",\"description\":\"Leader in translation and interpretation services.\",\"publisher\":{\"@id\":\"https:\\\/\\\/www.trustedtranslations.com\\\/es\\\/#organization\"},\"alternateName\":\"Trusted Translations\",\"potentialAction\":[{\"@type\":\"SearchAction\",\"target\":{\"@type\":\"EntryPoint\",\"urlTemplate\":\"https:\\\/\\\/www.trustedtranslations.com\\\/es\\\/?s={search_term_string}\"},\"query-input\":{\"@type\":\"PropertyValueSpecification\",\"valueRequired\":true,\"valueName\":\"search_term_string\"}}],\"inLanguage\":\"es\"},{\"@type\":\"Organization\",\"@id\":\"https:\\\/\\\/www.trustedtranslations.com\\\/es\\\/#organization\",\"name\":\"Trusted Translations\",\"alternateName\":\"Trusted Translations, Inc.\",\"url\":\"https:\\\/\\\/www.trustedtranslations.com\\\/es\\\/\",\"logo\":{\"@type\":\"ImageObject\",\"inLanguage\":\"es\",\"@id\":\"https:\\\/\\\/www.trustedtranslations.com\\\/es\\\/#\\\/schema\\\/logo\\\/image\\\/\",\"url\":\"https:\\\/\\\/static.trustedtranslations.com\\\/wp-content\\\/uploads\\\/2022\\\/01\\\/TT_logo_WSIColors-2.png\",\"contentUrl\":\"https:\\\/\\\/static.trustedtranslations.com\\\/wp-content\\\/uploads\\\/2022\\\/01\\\/TT_logo_WSIColors-2.png\",\"width\":500,\"height\":196,\"caption\":\"Trusted Translations\"},\"image\":{\"@id\":\"https:\\\/\\\/www.trustedtranslations.com\\\/es\\\/#\\\/schema\\\/logo\\\/image\\\/\"},\"sameAs\":[\"https:\\\/\\\/www.facebook.com\\\/Trusted.Translations\",\"https:\\\/\\\/x.com\\\/TrustedT9ns\",\"https:\\\/\\\/www.linkedin.com\\\/company\\\/trusted-translations\"]}]}<\/script>\n<!-- \/ Yoast SEO plugin. -->","yoast_head_json":{"title":"Servicios de Remediaci\u00f3n de la Secci\u00f3n 508 | Trusted Translations","description":"Garantice la inclusi\u00f3n y evite riesgos legales con los servicios de remediaci\u00f3n de la secci\u00f3n 508 de Trusted Translations. Soluciones expertas para accesibilidad de documentos y cumplimiento de las WCAG.","robots":{"index":"index","follow":"follow","max-snippet":"max-snippet:-1","max-image-preview":"max-image-preview:large","max-video-preview":"max-video-preview:-1"},"canonical":"https:\/\/www.trustedtranslations.com\/es\/servicios\/humano\/accesibilidad\/servicios-de-remediacion-de-la-seccion-508","og_locale":"es_ES","og_type":"article","og_title":"Servicios de Remediaci\u00f3n de la Secci\u00f3n 508 | Trusted Translations","og_description":"Garantice la inclusi\u00f3n y evite riesgos legales con los servicios de remediaci\u00f3n de la secci\u00f3n 508 de Trusted Translations. Soluciones expertas para accesibilidad de documentos y cumplimiento de las WCAG.","og_url":"https:\/\/www.trustedtranslations.com\/es\/servicios\/humano\/accesibilidad\/servicios-de-remediacion-de-la-seccion-508","og_site_name":"Trusted Translations","article_publisher":"https:\/\/www.facebook.com\/Trusted.Translations","article_modified_time":"2025-02-26T14:34:48+00:00","og_image":[{"width":216,"height":94,"url":"https:\/\/www.trustedtranslations.com\/wp-content\/uploads\/2022\/06\/tt-logo-2-1.webp","type":"image\/webp"}],"twitter_card":"summary_large_image","twitter_site":"@TrustedT9ns","schema":{"@context":"https:\/\/schema.org","@graph":[{"@type":"WebPage","@id":"https:\/\/www.trustedtranslations.com\/es\/servicios\/humano\/accesibilidad\/servicios-de-remediacion-de-la-seccion-508","url":"https:\/\/www.trustedtranslations.com\/es\/servicios\/humano\/accesibilidad\/servicios-de-remediacion-de-la-seccion-508","name":"Servicios de Remediaci\u00f3n de la Secci\u00f3n 508 | Trusted Translations","isPartOf":{"@id":"https:\/\/www.trustedtranslations.com\/es\/#website"},"description":"Garantice la inclusi\u00f3n y evite riesgos legales con los servicios de remediaci\u00f3n de la secci\u00f3n 508 de Trusted Translations. Soluciones expertas para accesibilidad de documentos y cumplimiento de las WCAG.","breadcrumb":{"@id":"https:\/\/www.trustedtranslations.com\/es\/servicios\/humano\/accesibilidad\/servicios-de-remediacion-de-la-seccion-508#breadcrumb"},"inLanguage":"es","potentialAction":[{"@type":"ReadAction","target":["https:\/\/www.trustedtranslations.com\/es\/servicios\/humano\/accesibilidad\/servicios-de-remediacion-de-la-seccion-508"]}]},{"@type":"BreadcrumbList","@id":"https:\/\/www.trustedtranslations.com\/es\/servicios\/humano\/accesibilidad\/servicios-de-remediacion-de-la-seccion-508#breadcrumb","itemListElement":[{"@type":"ListItem","position":1,"name":"Home","item":"https:\/\/www.trustedtranslations.com\/es"},{"@type":"ListItem","position":2,"name":"Servicios","item":"https:\/\/www.trustedtranslations.com\/es\/servicios"},{"@type":"ListItem","position":3,"name":"Traducci\u00f3n Humana","item":"https:\/\/www.trustedtranslations.com\/es\/servicios\/humano"},{"@type":"ListItem","position":4,"name":"Accesibilidad","item":"https:\/\/www.trustedtranslations.com\/es\/servicios\/humano\/accesibilidad"},{"@type":"ListItem","position":5,"name":"Servicios de Remediaci\u00f3n de la Secci\u00f3n 508"}]},{"@type":"WebSite","@id":"https:\/\/www.trustedtranslations.com\/es\/#website","url":"https:\/\/www.trustedtranslations.com\/es\/","name":"Trusted Translations, Inc.","description":"Leader in translation and interpretation services.","publisher":{"@id":"https:\/\/www.trustedtranslations.com\/es\/#organization"},"alternateName":"Trusted Translations","potentialAction":[{"@type":"SearchAction","target":{"@type":"EntryPoint","urlTemplate":"https:\/\/www.trustedtranslations.com\/es\/?s={search_term_string}"},"query-input":{"@type":"PropertyValueSpecification","valueRequired":true,"valueName":"search_term_string"}}],"inLanguage":"es"},{"@type":"Organization","@id":"https:\/\/www.trustedtranslations.com\/es\/#organization","name":"Trusted Translations","alternateName":"Trusted Translations, Inc.","url":"https:\/\/www.trustedtranslations.com\/es\/","logo":{"@type":"ImageObject","inLanguage":"es","@id":"https:\/\/www.trustedtranslations.com\/es\/#\/schema\/logo\/image\/","url":"https:\/\/static.trustedtranslations.com\/wp-content\/uploads\/2022\/01\/TT_logo_WSIColors-2.png","contentUrl":"https:\/\/static.trustedtranslations.com\/wp-content\/uploads\/2022\/01\/TT_logo_WSIColors-2.png","width":500,"height":196,"caption":"Trusted Translations"},"image":{"@id":"https:\/\/www.trustedtranslations.com\/es\/#\/schema\/logo\/image\/"},"sameAs":["https:\/\/www.facebook.com\/Trusted.Translations","https:\/\/x.com\/TrustedT9ns","https:\/\/www.linkedin.com\/company\/trusted-translations"]}]}},"toolset-meta":{"dyk":{"mensaje-1":{"type":"textfield","raw":"Trusted Translations garantiza el cumplimiento de la secci\u00f3n 508 en m\u00e1s de 20 formatos digitales, incluidos archivos PDF, documentos de Word y sitios web."},"mensaje-2":{"type":"textfield","raw":"Nuestros servicios de remediaci\u00f3n de la secci\u00f3n 508 tienen el respaldo de procesos de calidad con certificaci\u00f3n ISO para garantizar la precisi\u00f3n y el cumplimiento."},"mensaje-3":{"type":"textfield","raw":"Cumplir con la secci\u00f3n 508 no solo permite evitar riesgos legales sino que tambi\u00e9n mejora la experiencia del usuario para todos los p\u00fablicos."},"mensaje-4":{"type":"textfield","raw":"En Trusted Translations utilizamos una combinaci\u00f3n de t\u00e9cnicas manuales y automatizadas para garantizar el 100 % de precisi\u00f3n en el cumplimiento de la secci\u00f3n 508."},"mensaje-5":{"type":"textfield","raw":""},"mensaje-6":{"type":"textfield","raw":""}},"single-page-template-fields":{"imgs-temp":{"type":"image","raw":["https:\/\/static.trustedtranslations.com\/wp-content\/uploads\/2025\/01\/508-DESK-1.webp"],"repeatable":[{"raw":"https:\/\/static.trustedtranslations.com\/wp-content\/uploads\/2025\/01\/508-DESK-1.webp"}]},"imgs-temp-cel":{"type":"image","raw":[""],"repeatable":[{"raw":""}]},"img-temp-one-cel":{"type":"image","raw":"","attachment_id":null},"quotes":{"type":"textarea","raw":"<h1 style=\"margin-bottom: 12px;\">Servicios de Remediaci\u00f3n de la Secci\u00f3n 508 para Cumplimiento total de la Accesibilidad <\/h1>En Trusted Translations, brindamos servicios expertos de remediaci\u00f3n de la secci\u00f3n 508 para garantizar que su contenido digital sea accesible para todos. Ya sean documentos, sitios web o multimedios, nuestras soluciones integrales garantizan el cumplimiento de las leyes de accesibilidad a la vez que mejoran la facilidad de uso para personas con discapacidades. Perm\u00edtanos ayudarlo a cumplir con los est\u00e1ndares de la secci\u00f3n 508 con eficiencia y eficacia, mientras fomentamos la inclusi\u00f3n y mitigamos los riesgos legales.<div style=\"margin-top: 2.5vw;\"><a class=\"tt-btn-main-cta\" href=\"\/es\/presupuesto-sin-cargo\">Solicite un presupuesto sin cargo<\/a><\/div>"},"text-1":{"type":"textarea","raw":"<h2 style=\"margin-top: -10px;\">\u00bfQu\u00e9 son los Servicios de Remediaci\u00f3n de la Secci\u00f3n 508?<\/h2>Los servicios de remediaci\u00f3n de la secci\u00f3n 508 garantizan que el contenido digital sea accesible para personas con discapacidades al cumplir con los requisitos de la secci\u00f3n 508 de la Ley de Rehabilitaci\u00f3n. Esta ley estadounidense exige que todos los organismos y contratistas federales proporcionen informaci\u00f3n digital accesible, y permitan as\u00ed interactuar sin problemas con el contenido a usuarios de tecnolog\u00edas de asistencia como lectores de pantalla. \r\n\r\nLa remediaci\u00f3n 508 se centra en adaptar varios formatos digitales (incluidos archivos PDF, documentos de Word, presentaciones de PowerPoint y sitios web) para que cumplan con las Pautas de Accesibilidad al Contenido Web (WCAG) y otros est\u00e1ndares. Estos ajustes garantizan la inclusi\u00f3n y facilidad de uso a personas con discapacidades visuales, auditivas o cognitivas.\r\n\r\n<h2 style=\"margin-top: -10px;\">\u00bfQui\u00e9n se beneficia del cumplimiento de la secci\u00f3n 508?<\/h2>\r\n\r\n<h3>Los servicios de remediaci\u00f3n 508 benefician a una amplia gama de industrias y organizaciones:<\/h3>\r\n<ul>\r\n    <li><strong>Organismos de Gobierno:<\/strong> Garantizan el cumplimiento legal de toda la documentaci\u00f3n digital.<\/li>\r\n    <li><strong>Instituciones educativas:<\/strong> Crean entornos de aprendizaje inclusivos para estudiantes de todas las capacidades. <\/li>\r\n    <li><strong>Proveedores de atenci\u00f3n m\u00e9dica:<\/strong> Mejoran la accesibilidad de pacientes con discapacidad a registros m\u00e9dicos y recursos en l\u00ednea. <\/li>\r\n    <li><strong>Sector corporativo:<\/strong> Fortalecen la reputaci\u00f3n de la marca y mejoran la experiencia del usuario al adoptar la inclusi\u00f3n. <\/li>\r\n<\/ul>\r\n\r\n<h2 style=\"margin-top: -10px;\">\u00bfPor qu\u00e9 es esencial cumplir con la secci\u00f3n 508?<\/h2>\r\n\r\nEl incumplimiento de la secci\u00f3n 508 puede derivar en sanciones, riesgos legales y da\u00f1os a la reputaci\u00f3n. M\u00e1s importante a\u00fan, la remediaci\u00f3n garantiza que las personas con discapacidad puedan participar a pleno en el panorama digital actual, y promueve la inclusi\u00f3n y la igualdad de acceso a la informaci\u00f3n.\r\n\r\n<h3>Beneficios clave del cumplimiento de la secci\u00f3n 508:<\/h3>\r\n<ul>\r\n    <li><strong>Garantiza la inclusi\u00f3n:<\/strong> Hace que el contenido sea accesible para todos, cualesquiera sean sus capacidades. <\/li>\r\n    <li><strong>Evita riesgos legales:<\/strong> Reduce el riesgo de demandas y sanciones por incumplimiento. <\/li>\r\n    <li><strong>Mejora la experiencia del usuario:<\/strong> Mejora la facilidad de uso para todos los p\u00fablicos, incluidos los que dependen de tecnolog\u00edas de asistencia. <\/li>\r\n<\/ul>"},"shortcode-map":{"type":"textfield","raw":""},"dyk-shortcode":{"type":"textfield","raw":"[elementor-template id=\"139368\"]"},"text-2":{"type":"textarea","raw":"<h2>Nuestro Proceso Integral de Remediaci\u00f3n 508<\/h2>En Trusted Translations ofrecemos soluciones personalizadas para satisfacer sus necesidades de cumplimiento. Nuestro proceso incluye:\r\n<ul>\r\n    <li><strong>Evaluaci\u00f3n:<\/strong> Evaluamos sus documentos existentes y activos digitales para identificar brechas de accesibilidad.<\/li>\r\n    <li><strong>Remediaci\u00f3n:<\/strong> Con el uso de una combinaci\u00f3n de t\u00e9cnicas manuales y automatizadas, ajustamos los documentos para lograr el pleno cumplimiento de los est\u00e1ndares de la secci\u00f3n 508 y las pautas WCAG 2.1. <\/li>\r\n    <li><strong>Calidad asegurada:<\/strong> Nuestros expertos realizan pruebas exhaustivas para garantizar la compatibilidad con tecnolog\u00edas de asistencia como lectores de pantalla.<\/li>\r\n    <li><strong>Certificaci\u00f3n y entrega:<\/strong> Al finalizar, proporcionamos archivos accesibles y certificamos el cumplimiento, lo que le brinda tranquilidad.<\/li>\r\n<\/ul>\r\nEste flujo de trabajo estructurado garantiza resultados precisos y eficientes, sin importar la complejidad de su contenido.\r\n\r\n<h2>\u00bfPor qu\u00e9 elegir Trusted Translations para servicios de remediaci\u00f3n 508?<\/h2>\r\n\r\nEn Trusted Translations estamos equipados en forma \u00fanica para satisfacer sus necesidades de accesibilidad. Nuestras certificaciones y amplia experiencia en la industria nos diferencian de nuestros competidores:\r\n<ul>\r\n    <li><strong>Experiencia certificada:<\/strong> Respaldados por certificaciones ISO, nos adherimos a los m\u00e1s altos est\u00e1ndares de calidad.<\/li>\r\n    <li><strong>Soluciones flexibles:<\/strong> Ofrecemos opciones de remediaci\u00f3n manuales, automatizadas o h\u00edbridas para adaptarse a sus necesidades y presupuesto.<\/li>\r\n    <li><strong>Capacidades multiling\u00fces:<\/strong> Garantizamos accesibilidad en varios idiomas, y hacemos que su contenido sea globalmente inclusivo. <\/li>\r\n    <li><strong>Trayectoria comprobada:<\/strong> Las organizaciones l\u00edderes conf\u00edan en nosotros y nuestros testimonios demuestran nuestra capacidad para ofrecer resultados excepcionales.<\/li>\r\n<\/ul>\r\n\r\n<h2>Solicite un presupuesto sin cargo hoy mismo <\/h2>\r\nHacerse camino entre las normativas de accesibilidad requiere precisi\u00f3n y experiencia. Trusted Translations ofrece servicios integrales de remediaci\u00f3n para ayudarlo a cumplir con todos los requisitos de la secci\u00f3n 508. \r\n\r\n<strong>Obtenga hoy su <a href=\"\/es\/presupuesto-sin-cargo\">cotizaci\u00f3n sin cargo<\/a><\/strong> y aseg\u00farese de que su contenido sea accesible y compatible."},"state":{"type":"textfield","raw":""},"city":{"type":"textarea","raw":[""]}}},"_links":{"self":[{"href":"https:\/\/www.trustedtranslations.com\/es\/wp-json\/wp\/v2\/pages\/286145","targetHints":{"allow":["GET"]}}],"collection":[{"href":"https:\/\/www.trustedtranslations.com\/es\/wp-json\/wp\/v2\/pages"}],"about":[{"href":"https:\/\/www.trustedtranslations.com\/es\/wp-json\/wp\/v2\/types\/page"}],"author":[{"embeddable":true,"href":"https:\/\/www.trustedtranslations.com\/es\/wp-json\/wp\/v2\/users\/1"}],"replies":[{"embeddable":true,"href":"https:\/\/www.trustedtranslations.com\/es\/wp-json\/wp\/v2\/comments?post=286145"}],"version-history":[{"count":0,"href":"https:\/\/www.trustedtranslations.com\/es\/wp-json\/wp\/v2\/pages\/286145\/revisions"}],"up":[{"embeddable":true,"href":"https:\/\/www.trustedtranslations.com\/es\/wp-json\/wp\/v2\/pages\/201491"}],"wp:attachment":[{"href":"https:\/\/www.trustedtranslations.com\/es\/wp-json\/wp\/v2\/media?parent=286145"}],"curies":[{"name":"wp","href":"https:\/\/api.w.org\/{rel}","templated":true}]}}