{"id":294173,"date":"2026-03-12T11:17:14","date_gmt":"2026-03-12T14:17:14","guid":{"rendered":"https:\/\/www.trustedtranslations.com\/?page_id=294173"},"modified":"2026-03-27T14:47:48","modified_gmt":"2026-03-27T17:47:48","slug":"servicios-de-posproduccion-de-medios","status":"publish","type":"page","link":"https:\/\/www.trustedtranslations.com\/es\/servicios\/servicios-de-posproduccion-de-medios","title":{"rendered":"Servicios de Posproducci\u00f3n de Medios"},"content":{"rendered":"","protected":false},"excerpt":{"rendered":"","protected":false},"author":1,"featured_media":0,"parent":127151,"menu_order":0,"comment_status":"closed","ping_status":"closed","template":"","meta":{"site-sidebar-layout":"default","site-content-layout":"","ast-site-content-layout":"default","site-content-style":"default","site-sidebar-style":"default","ast-global-header-display":"","ast-banner-title-visibility":"","ast-main-header-display":"","ast-hfb-above-header-display":"","ast-hfb-below-header-display":"","ast-hfb-mobile-header-display":"","site-post-title":"","ast-breadcrumbs-content":"","ast-featured-img":"","footer-sml-layout":"","ast-disable-related-posts":"","theme-transparent-header-meta":"default","adv-header-id-meta":"","stick-header-meta":"","header-above-stick-meta":"","header-main-stick-meta":"","header-below-stick-meta":"","astra-migrate-meta-layouts":"set","ast-page-background-enabled":"default","ast-page-background-meta":{"desktop":{"background-color":"var(--ast-global-color-4)","background-image":"","background-repeat":"repeat","background-position":"center center","background-size":"auto","background-attachment":"scroll","background-type":"","background-media":"","overlay-type":"","overlay-color":"","overlay-opacity":"","overlay-gradient":""},"tablet":{"background-color":"","background-image":"","background-repeat":"repeat","background-position":"center center","background-size":"auto","background-attachment":"scroll","background-type":"","background-media":"","overlay-type":"","overlay-color":"","overlay-opacity":"","overlay-gradient":""},"mobile":{"background-color":"","background-image":"","background-repeat":"repeat","background-position":"center center","background-size":"auto","background-attachment":"scroll","background-type":"","background-media":"","overlay-type":"","overlay-color":"","overlay-opacity":"","overlay-gradient":""}},"ast-content-background-meta":{"desktop":{"background-color":"var(--ast-global-color-5)","background-image":"","background-repeat":"repeat","background-position":"center center","background-size":"auto","background-attachment":"scroll","background-type":"","background-media":"","overlay-type":"","overlay-color":"","overlay-opacity":"","overlay-gradient":""},"tablet":{"background-color":"var(--ast-global-color-5)","background-image":"","background-repeat":"repeat","background-position":"center center","background-size":"auto","background-attachment":"scroll","background-type":"","background-media":"","overlay-type":"","overlay-color":"","overlay-opacity":"","overlay-gradient":""},"mobile":{"background-color":"var(--ast-global-color-5)","background-image":"","background-repeat":"repeat","background-position":"center center","background-size":"auto","background-attachment":"scroll","background-type":"","background-media":"","overlay-type":"","overlay-color":"","overlay-opacity":"","overlay-gradient":""}},"footnotes":""},"class_list":["post-294173","page","type-page","status-publish","hentry"],"yoast_head":"<!-- This site is optimized with the Yoast SEO plugin v27.3 - https:\/\/yoast.com\/product\/yoast-seo-wordpress\/ -->\n<title>Servicios de Posproducci\u00f3n de Medios - Trusted Translations<\/title>\n<meta name=\"robots\" content=\"index, follow, max-snippet:-1, max-image-preview:large, max-video-preview:-1\" \/>\n<link rel=\"canonical\" href=\"https:\/\/www.trustedtranslations.com\/es\/servicios\/servicios-de-posproduccion-de-medios\" \/>\n<meta property=\"og:locale\" content=\"es_ES\" \/>\n<meta property=\"og:type\" content=\"article\" \/>\n<meta property=\"og:title\" content=\"Servicios de Posproducci\u00f3n de Medios - Trusted Translations\" \/>\n<meta property=\"og:url\" content=\"https:\/\/www.trustedtranslations.com\/es\/servicios\/servicios-de-posproduccion-de-medios\" \/>\n<meta property=\"og:site_name\" content=\"Trusted Translations\" \/>\n<meta property=\"article:publisher\" content=\"https:\/\/www.facebook.com\/Trusted.Translations\" \/>\n<meta property=\"article:modified_time\" content=\"2026-03-27T17:47:48+00:00\" \/>\n<meta property=\"og:image\" content=\"https:\/\/www.trustedtranslations.com\/wp-content\/uploads\/2022\/06\/tt-logo-2-1.webp\" \/>\n\t<meta property=\"og:image:width\" content=\"216\" \/>\n\t<meta property=\"og:image:height\" content=\"94\" \/>\n\t<meta property=\"og:image:type\" content=\"image\/webp\" \/>\n<meta name=\"twitter:card\" content=\"summary_large_image\" \/>\n<meta name=\"twitter:site\" content=\"@TrustedT9ns\" \/>\n<script type=\"application\/ld+json\" class=\"yoast-schema-graph\">{\"@context\":\"https:\\\/\\\/schema.org\",\"@graph\":[{\"@type\":\"WebPage\",\"@id\":\"https:\\\/\\\/www.trustedtranslations.com\\\/es\\\/servicios\\\/servicios-de-posproduccion-de-medios\",\"url\":\"https:\\\/\\\/www.trustedtranslations.com\\\/es\\\/servicios\\\/servicios-de-posproduccion-de-medios\",\"name\":\"Servicios de Posproducci\u00f3n de Medios - Trusted Translations\",\"isPartOf\":{\"@id\":\"https:\\\/\\\/www.trustedtranslations.com\\\/es\\\/#website\"},\"breadcrumb\":{\"@id\":\"https:\\\/\\\/www.trustedtranslations.com\\\/es\\\/servicios\\\/servicios-de-posproduccion-de-medios#breadcrumb\"},\"inLanguage\":\"es\",\"potentialAction\":[{\"@type\":\"ReadAction\",\"target\":[\"https:\\\/\\\/www.trustedtranslations.com\\\/es\\\/servicios\\\/servicios-de-posproduccion-de-medios\"]}]},{\"@type\":\"BreadcrumbList\",\"@id\":\"https:\\\/\\\/www.trustedtranslations.com\\\/es\\\/servicios\\\/servicios-de-posproduccion-de-medios#breadcrumb\",\"itemListElement\":[{\"@type\":\"ListItem\",\"position\":1,\"name\":\"Home\",\"item\":\"https:\\\/\\\/www.trustedtranslations.com\\\/es\"},{\"@type\":\"ListItem\",\"position\":2,\"name\":\"Servicios\",\"item\":\"https:\\\/\\\/www.trustedtranslations.com\\\/es\\\/servicios\"},{\"@type\":\"ListItem\",\"position\":3,\"name\":\"Servicios de Posproducci\u00f3n de Medios\"}]},{\"@type\":\"WebSite\",\"@id\":\"https:\\\/\\\/www.trustedtranslations.com\\\/es\\\/#website\",\"url\":\"https:\\\/\\\/www.trustedtranslations.com\\\/es\\\/\",\"name\":\"Trusted Translations, Inc.\",\"description\":\"Leader in translation and interpretation services.\",\"publisher\":{\"@id\":\"https:\\\/\\\/www.trustedtranslations.com\\\/es\\\/#organization\"},\"alternateName\":\"Trusted Translations\",\"potentialAction\":[{\"@type\":\"SearchAction\",\"target\":{\"@type\":\"EntryPoint\",\"urlTemplate\":\"https:\\\/\\\/www.trustedtranslations.com\\\/es\\\/?s={search_term_string}\"},\"query-input\":{\"@type\":\"PropertyValueSpecification\",\"valueRequired\":true,\"valueName\":\"search_term_string\"}}],\"inLanguage\":\"es\"},{\"@type\":\"Organization\",\"@id\":\"https:\\\/\\\/www.trustedtranslations.com\\\/es\\\/#organization\",\"name\":\"Trusted Translations\",\"alternateName\":\"Trusted Translations, Inc.\",\"url\":\"https:\\\/\\\/www.trustedtranslations.com\\\/es\\\/\",\"logo\":{\"@type\":\"ImageObject\",\"inLanguage\":\"es\",\"@id\":\"https:\\\/\\\/www.trustedtranslations.com\\\/es\\\/#\\\/schema\\\/logo\\\/image\\\/\",\"url\":\"https:\\\/\\\/static.trustedtranslations.com\\\/wp-content\\\/uploads\\\/2022\\\/01\\\/TT_logo_WSIColors-2.png\",\"contentUrl\":\"https:\\\/\\\/static.trustedtranslations.com\\\/wp-content\\\/uploads\\\/2022\\\/01\\\/TT_logo_WSIColors-2.png\",\"width\":500,\"height\":196,\"caption\":\"Trusted Translations\"},\"image\":{\"@id\":\"https:\\\/\\\/www.trustedtranslations.com\\\/es\\\/#\\\/schema\\\/logo\\\/image\\\/\"},\"sameAs\":[\"https:\\\/\\\/www.facebook.com\\\/Trusted.Translations\",\"https:\\\/\\\/x.com\\\/TrustedT9ns\",\"https:\\\/\\\/www.linkedin.com\\\/company\\\/trusted-translations\"]}]}<\/script>\n<!-- \/ Yoast SEO plugin. -->","yoast_head_json":{"title":"Servicios de Posproducci\u00f3n de Medios - Trusted Translations","robots":{"index":"index","follow":"follow","max-snippet":"max-snippet:-1","max-image-preview":"max-image-preview:large","max-video-preview":"max-video-preview:-1"},"canonical":"https:\/\/www.trustedtranslations.com\/es\/servicios\/servicios-de-posproduccion-de-medios","og_locale":"es_ES","og_type":"article","og_title":"Servicios de Posproducci\u00f3n de Medios - Trusted Translations","og_url":"https:\/\/www.trustedtranslations.com\/es\/servicios\/servicios-de-posproduccion-de-medios","og_site_name":"Trusted Translations","article_publisher":"https:\/\/www.facebook.com\/Trusted.Translations","article_modified_time":"2026-03-27T17:47:48+00:00","og_image":[{"width":216,"height":94,"url":"https:\/\/www.trustedtranslations.com\/wp-content\/uploads\/2022\/06\/tt-logo-2-1.webp","type":"image\/webp"}],"twitter_card":"summary_large_image","twitter_site":"@TrustedT9ns","schema":{"@context":"https:\/\/schema.org","@graph":[{"@type":"WebPage","@id":"https:\/\/www.trustedtranslations.com\/es\/servicios\/servicios-de-posproduccion-de-medios","url":"https:\/\/www.trustedtranslations.com\/es\/servicios\/servicios-de-posproduccion-de-medios","name":"Servicios de Posproducci\u00f3n de Medios - Trusted Translations","isPartOf":{"@id":"https:\/\/www.trustedtranslations.com\/es\/#website"},"breadcrumb":{"@id":"https:\/\/www.trustedtranslations.com\/es\/servicios\/servicios-de-posproduccion-de-medios#breadcrumb"},"inLanguage":"es","potentialAction":[{"@type":"ReadAction","target":["https:\/\/www.trustedtranslations.com\/es\/servicios\/servicios-de-posproduccion-de-medios"]}]},{"@type":"BreadcrumbList","@id":"https:\/\/www.trustedtranslations.com\/es\/servicios\/servicios-de-posproduccion-de-medios#breadcrumb","itemListElement":[{"@type":"ListItem","position":1,"name":"Home","item":"https:\/\/www.trustedtranslations.com\/es"},{"@type":"ListItem","position":2,"name":"Servicios","item":"https:\/\/www.trustedtranslations.com\/es\/servicios"},{"@type":"ListItem","position":3,"name":"Servicios de Posproducci\u00f3n de Medios"}]},{"@type":"WebSite","@id":"https:\/\/www.trustedtranslations.com\/es\/#website","url":"https:\/\/www.trustedtranslations.com\/es\/","name":"Trusted Translations, Inc.","description":"Leader in translation and interpretation services.","publisher":{"@id":"https:\/\/www.trustedtranslations.com\/es\/#organization"},"alternateName":"Trusted Translations","potentialAction":[{"@type":"SearchAction","target":{"@type":"EntryPoint","urlTemplate":"https:\/\/www.trustedtranslations.com\/es\/?s={search_term_string}"},"query-input":{"@type":"PropertyValueSpecification","valueRequired":true,"valueName":"search_term_string"}}],"inLanguage":"es"},{"@type":"Organization","@id":"https:\/\/www.trustedtranslations.com\/es\/#organization","name":"Trusted Translations","alternateName":"Trusted Translations, Inc.","url":"https:\/\/www.trustedtranslations.com\/es\/","logo":{"@type":"ImageObject","inLanguage":"es","@id":"https:\/\/www.trustedtranslations.com\/es\/#\/schema\/logo\/image\/","url":"https:\/\/static.trustedtranslations.com\/wp-content\/uploads\/2022\/01\/TT_logo_WSIColors-2.png","contentUrl":"https:\/\/static.trustedtranslations.com\/wp-content\/uploads\/2022\/01\/TT_logo_WSIColors-2.png","width":500,"height":196,"caption":"Trusted Translations"},"image":{"@id":"https:\/\/www.trustedtranslations.com\/es\/#\/schema\/logo\/image\/"},"sameAs":["https:\/\/www.facebook.com\/Trusted.Translations","https:\/\/x.com\/TrustedT9ns","https:\/\/www.linkedin.com\/company\/trusted-translations"]}]}},"toolset-meta":{"dyk":{"mensaje-1":{"type":"textfield","raw":"Una transcripci\u00f3n limpia suele ser la base para subt\u00edtulos, doblaje y locuci\u00f3n, lo que ahorra tiempo y reduce costos de producci\u00f3n en proyectos multiling\u00fces."},"mensaje-2":{"type":"textfield","raw":"Los subt\u00edtulos bien sincronizados pueden aumentar la interacci\u00f3n y la comprensi\u00f3n del video, especialmente en capacitaci\u00f3n, aprendizaje electr\u00f3nico y p\u00fablicos que consumen contenido principalmente en dispositivos m\u00f3viles."},"mensaje-3":{"type":"textfield","raw":"La posproducci\u00f3n de medios no se limita al idioma; tambi\u00e9n incluye formato, sincronizaci\u00f3n y entrega de archivos que cumplen con los requisitos de plataformas y LMS."},"mensaje-4":{"type":"textfield","raw":"Una posproducci\u00f3n de medios precisa es fundamental para grabaciones legales, de cumplimiento normativo y corporativas, donde incluso peque\u00f1os errores pueden cambiar el significado o el contexto."},"mensaje-5":{"type":"textfield","raw":""},"mensaje-6":{"type":"textfield","raw":""}},"single-page-template-fields":{"imgs-temp":{"type":"image","raw":["https:\/\/www.trustedtranslations.com\/wp-content\/uploads\/2026\/02\/post-prod-1.webp"],"repeatable":[{"raw":"https:\/\/www.trustedtranslations.com\/wp-content\/uploads\/2026\/02\/post-prod-1.webp","attachment_id":293607}]},"imgs-temp-cel":{"type":"image","raw":[""],"repeatable":[{"raw":""}]},"img-temp-one-cel":{"type":"image","raw":"https:\/\/www.trustedtranslations.com\/wp-content\/uploads\/2026\/02\/AdobeStock_317145387.webp","attachment_id":293502},"quotes":{"type":"textarea","raw":"<h1 style=\"margin-bottom: 12px;\">Servicios de Posproducci\u00f3n de Medios<\/h1>El equipo de posproducci\u00f3n de medios de Trusted Translations respalda contenido de audio y video listo para distribuci\u00f3n global con flujos de trabajo profesionales de doblaje, subtitulaci\u00f3n, texto a voz y transcripci\u00f3n. Entregamos resultados precisos y consistentes en los formatos que necesita, respaldados por estrictos est\u00e1ndares de confidencialidad y calidad. <div style=\"margin-top: 2.5vw;\"><a class=\"tt-btn-main-cta\" href=\"\/es\/presupuesto-sin-cargo\">Solicite una cotizaci\u00f3n sin cargo<\/a><\/div>"},"text-1":{"type":"textarea","raw":"<h3>Entregables Listos para Distribuci\u00f3n Global<\/h3>\r\n\r\n<p>Entregamos archivos listos para producci\u00f3n para plataformas, sistemas de gesti\u00f3n de aprendizaje (LMS) y equipos internos, que incluyen:<\/p>\r\n\r\n<ul>\r\n  <li>Guiones y transcripciones<\/li>\r\n  <li>Archivos de subt\u00edtulos seg\u00fan sus requisitos<\/li>\r\n  <li>Entregables de audio localizados<\/li>\r\n  <li>Archivos organizados listos para publicaci\u00f3n o revisi\u00f3n<\/li>\r\n<\/ul>\r\n\r\n<h3>Calidad y Confidencialidad<\/h3>\r\n\r\n<p>Trusted Translations sigue estrictos est\u00e1ndares de confidencialidad y calidad en cada proyecto. Nuestro equipo se centra en la precisi\u00f3n, la consistencia y el formato profesional para que su contenido est\u00e9 listo para uso real.<\/p>\r\n\r\n<p>Nuestros procesos est\u00e1n alineados con las normas ISO 9001, lo que garantiza la gesti\u00f3n de la calidad, la precisi\u00f3n en la traducci\u00f3n y las mejores pr\u00e1cticas de posedici\u00f3n en todos los servicios de posproducci\u00f3n de medios.<\/p>\r\n\r\n<h2>Qu\u00e9 elegir: \u00bfTranscripci\u00f3n, Subt\u00edtulos, Doblaje o Texto a Voz?<\/h2>\r\n\r\n<p>\u00bfNo est\u00e1 seguro de qu\u00e9 opci\u00f3n es la adecuada para su p\u00fablico? A continuaci\u00f3n se muestra una gu\u00eda r\u00e1pida:<\/p>\r\n\r\n<p><strong>La transcripci\u00f3n<\/strong> crea un registro escrito del contenido hablado que puede revisarse, archivarse, traducirse o utilizarse como base para flujos de trabajo de subtitulaci\u00f3n y doblaje.<\/p>\r\n\r\n<p><strong>La subtitulaci\u00f3n<\/strong> es una opci\u00f3n rentable y conserva las voces originales. Los subt\u00edtulos pueden entregarse como archivos .srt o .vtt, o integrarse directamente en el video cuando sea necesario.<\/p>\r\n\r\n<p><strong>El doblaje<\/strong> reemplaza el audio hablado para ofrecer una experiencia m\u00e1s atractiva e inmersiva.<\/p>\r\n\r\n<p><strong>Texto a Voz<\/strong> proporciona narraci\u00f3n r\u00e1pida para contenido con guion y necesidades de producci\u00f3n escalables.<\/p>"},"shortcode-map":{"type":"textfield","raw":""},"dyk-shortcode":{"type":"textfield","raw":"[elementor-template id=\"139368\"]"},"text-2":{"type":"textarea","raw":"<h2>C\u00f3mo la Posproducci\u00f3n de Medios Respaldan su Contenido<\/h2>\r\n\r\n<p>Los servicios de posproducci\u00f3n de medios pueden aplicarse a una amplia variedad de tipos de contenido y escenarios de producci\u00f3n. Seg\u00fan su flujo de trabajo, podemos trabajar a partir de archivos multimedia originales, guiones, transcripciones existentes o archivos de subt\u00edtulos.<\/p>\r\n\r\n<p>Estos servicios se utilizan com\u00fanmente para:<\/p>\r\n\r\n<ul>\r\n  <li>Contenido de capacitaci\u00f3n y aprendizaje electr\u00f3nico para equipos internos y plataformas LMS<\/li>\r\n  <li>Videos de marketing y productos para campa\u00f1as multiling\u00fces<\/li>\r\n  <li>Comunicaciones corporativas para oficinas y partes interesadas globales<\/li>\r\n  <li>Entrevistas y grabaciones con m\u00faltiples participantes que requieren transcripciones o subt\u00edtulos claros<\/li>\r\n  <li>Grabaciones legales y relacionadas con cumplimiento normativo donde la precisi\u00f3n y la confidencialidad son fundamentales<\/li>\r\n<\/ul>\r\n\r\n<p>Nuestro equipo puede ayudarlo a elegir el mejor enfoque seg\u00fan el p\u00fablico, el tiempo de entrega, el presupuesto y el tipo de contenido, manteniendo estrictos est\u00e1ndares de confidencialidad y calidad.<\/p>"},"state":{"type":"textfield","raw":""},"city":{"type":"textarea","raw":[""]}}},"_links":{"self":[{"href":"https:\/\/www.trustedtranslations.com\/es\/wp-json\/wp\/v2\/pages\/294173","targetHints":{"allow":["GET"]}}],"collection":[{"href":"https:\/\/www.trustedtranslations.com\/es\/wp-json\/wp\/v2\/pages"}],"about":[{"href":"https:\/\/www.trustedtranslations.com\/es\/wp-json\/wp\/v2\/types\/page"}],"author":[{"embeddable":true,"href":"https:\/\/www.trustedtranslations.com\/es\/wp-json\/wp\/v2\/users\/1"}],"replies":[{"embeddable":true,"href":"https:\/\/www.trustedtranslations.com\/es\/wp-json\/wp\/v2\/comments?post=294173"}],"version-history":[{"count":2,"href":"https:\/\/www.trustedtranslations.com\/es\/wp-json\/wp\/v2\/pages\/294173\/revisions"}],"predecessor-version":[{"id":294638,"href":"https:\/\/www.trustedtranslations.com\/es\/wp-json\/wp\/v2\/pages\/294173\/revisions\/294638"}],"up":[{"embeddable":true,"href":"https:\/\/www.trustedtranslations.com\/es\/wp-json\/wp\/v2\/pages\/127151"}],"wp:attachment":[{"href":"https:\/\/www.trustedtranslations.com\/es\/wp-json\/wp\/v2\/media?parent=294173"}],"curies":[{"name":"wp","href":"https:\/\/api.w.org\/{rel}","templated":true}]}}