{"id":294176,"date":"2026-03-12T12:01:37","date_gmt":"2026-03-12T15:01:37","guid":{"rendered":"https:\/\/www.trustedtranslations.com\/?page_id=294176"},"modified":"2026-03-27T14:47:47","modified_gmt":"2026-03-27T17:47:47","slug":"servicios-de-subtitulacion","status":"publish","type":"page","link":"https:\/\/www.trustedtranslations.com\/es\/servicios\/servicios-de-posproduccion-de-medios\/servicios-de-subtitulacion","title":{"rendered":"Servicios de Subtitulaci\u00f3n"},"content":{"rendered":"","protected":false},"excerpt":{"rendered":"","protected":false},"author":1,"featured_media":261646,"parent":294173,"menu_order":0,"comment_status":"closed","ping_status":"closed","template":"","meta":{"site-sidebar-layout":"default","site-content-layout":"","ast-site-content-layout":"default","site-content-style":"default","site-sidebar-style":"default","ast-global-header-display":"","ast-banner-title-visibility":"","ast-main-header-display":"","ast-hfb-above-header-display":"","ast-hfb-below-header-display":"","ast-hfb-mobile-header-display":"","site-post-title":"","ast-breadcrumbs-content":"","ast-featured-img":"","footer-sml-layout":"","ast-disable-related-posts":"","theme-transparent-header-meta":"default","adv-header-id-meta":"","stick-header-meta":"","header-above-stick-meta":"","header-main-stick-meta":"","header-below-stick-meta":"","astra-migrate-meta-layouts":"set","ast-page-background-enabled":"default","ast-page-background-meta":{"desktop":{"background-color":"var(--ast-global-color-4)","background-image":"","background-repeat":"repeat","background-position":"center center","background-size":"auto","background-attachment":"scroll","background-type":"","background-media":"","overlay-type":"","overlay-color":"","overlay-opacity":"","overlay-gradient":""},"tablet":{"background-color":"","background-image":"","background-repeat":"repeat","background-position":"center center","background-size":"auto","background-attachment":"scroll","background-type":"","background-media":"","overlay-type":"","overlay-color":"","overlay-opacity":"","overlay-gradient":""},"mobile":{"background-color":"","background-image":"","background-repeat":"repeat","background-position":"center center","background-size":"auto","background-attachment":"scroll","background-type":"","background-media":"","overlay-type":"","overlay-color":"","overlay-opacity":"","overlay-gradient":""}},"ast-content-background-meta":{"desktop":{"background-color":"var(--ast-global-color-5)","background-image":"","background-repeat":"repeat","background-position":"center center","background-size":"auto","background-attachment":"scroll","background-type":"","background-media":"","overlay-type":"","overlay-color":"","overlay-opacity":"","overlay-gradient":""},"tablet":{"background-color":"var(--ast-global-color-5)","background-image":"","background-repeat":"repeat","background-position":"center center","background-size":"auto","background-attachment":"scroll","background-type":"","background-media":"","overlay-type":"","overlay-color":"","overlay-opacity":"","overlay-gradient":""},"mobile":{"background-color":"var(--ast-global-color-5)","background-image":"","background-repeat":"repeat","background-position":"center center","background-size":"auto","background-attachment":"scroll","background-type":"","background-media":"","overlay-type":"","overlay-color":"","overlay-opacity":"","overlay-gradient":""}},"footnotes":""},"class_list":["post-294176","page","type-page","status-publish","has-post-thumbnail","hentry"],"yoast_head":"<!-- This site is optimized with the Yoast SEO plugin v27.5 - https:\/\/yoast.com\/product\/yoast-seo-wordpress\/ -->\n<title>Servicios de Subtitulaci\u00f3n - Trusted Translations<\/title>\n<meta name=\"robots\" content=\"index, follow, max-snippet:-1, max-image-preview:large, max-video-preview:-1\" \/>\n<link rel=\"canonical\" href=\"https:\/\/www.trustedtranslations.com\/es\/servicios\/servicios-de-posproduccion-de-medios\/servicios-de-subtitulacion\" \/>\n<meta property=\"og:locale\" content=\"es_ES\" \/>\n<meta property=\"og:type\" content=\"article\" \/>\n<meta property=\"og:title\" content=\"Servicios de Subtitulaci\u00f3n - Trusted Translations\" \/>\n<meta property=\"og:url\" content=\"https:\/\/www.trustedtranslations.com\/es\/servicios\/servicios-de-posproduccion-de-medios\/servicios-de-subtitulacion\" \/>\n<meta property=\"og:site_name\" content=\"Trusted Translations\" \/>\n<meta property=\"article:publisher\" content=\"https:\/\/www.facebook.com\/Trusted.Translations\" \/>\n<meta property=\"article:modified_time\" content=\"2026-03-27T17:47:47+00:00\" \/>\n<meta property=\"og:image\" content=\"https:\/\/www.trustedtranslations.com\/wp-content\/uploads\/2024\/06\/TT-ICON_Native-Spanish-Translati-1.webp\" \/>\n\t<meta property=\"og:image:width\" content=\"151\" \/>\n\t<meta property=\"og:image:height\" content=\"151\" \/>\n\t<meta property=\"og:image:type\" content=\"image\/webp\" \/>\n<meta name=\"twitter:card\" content=\"summary_large_image\" \/>\n<meta name=\"twitter:site\" content=\"@TrustedT9ns\" \/>\n<script type=\"application\/ld+json\" class=\"yoast-schema-graph\">{\"@context\":\"https:\\\/\\\/schema.org\",\"@graph\":[{\"@type\":\"WebPage\",\"@id\":\"https:\\\/\\\/www.trustedtranslations.com\\\/es\\\/servicios\\\/servicios-de-posproduccion-de-medios\\\/servicios-de-subtitulacion\",\"url\":\"https:\\\/\\\/www.trustedtranslations.com\\\/es\\\/servicios\\\/servicios-de-posproduccion-de-medios\\\/servicios-de-subtitulacion\",\"name\":\"Servicios de Subtitulaci\u00f3n - Trusted Translations\",\"isPartOf\":{\"@id\":\"https:\\\/\\\/www.trustedtranslations.com\\\/es\\\/#website\"},\"primaryImageOfPage\":{\"@id\":\"https:\\\/\\\/www.trustedtranslations.com\\\/es\\\/servicios\\\/servicios-de-posproduccion-de-medios\\\/servicios-de-subtitulacion#primaryimage\"},\"image\":{\"@id\":\"https:\\\/\\\/www.trustedtranslations.com\\\/es\\\/servicios\\\/servicios-de-posproduccion-de-medios\\\/servicios-de-subtitulacion#primaryimage\"},\"thumbnailUrl\":\"https:\\\/\\\/www.trustedtranslations.com\\\/wp-content\\\/uploads\\\/2024\\\/06\\\/TT-ICON_Native-Spanish-Translati-1.webp\",\"breadcrumb\":{\"@id\":\"https:\\\/\\\/www.trustedtranslations.com\\\/es\\\/servicios\\\/servicios-de-posproduccion-de-medios\\\/servicios-de-subtitulacion#breadcrumb\"},\"inLanguage\":\"es\",\"potentialAction\":[{\"@type\":\"ReadAction\",\"target\":[\"https:\\\/\\\/www.trustedtranslations.com\\\/es\\\/servicios\\\/servicios-de-posproduccion-de-medios\\\/servicios-de-subtitulacion\"]}]},{\"@type\":\"ImageObject\",\"inLanguage\":\"es\",\"@id\":\"https:\\\/\\\/www.trustedtranslations.com\\\/es\\\/servicios\\\/servicios-de-posproduccion-de-medios\\\/servicios-de-subtitulacion#primaryimage\",\"url\":\"https:\\\/\\\/www.trustedtranslations.com\\\/wp-content\\\/uploads\\\/2024\\\/06\\\/TT-ICON_Native-Spanish-Translati-1.webp\",\"contentUrl\":\"https:\\\/\\\/www.trustedtranslations.com\\\/wp-content\\\/uploads\\\/2024\\\/06\\\/TT-ICON_Native-Spanish-Translati-1.webp\",\"width\":151,\"height\":151,\"caption\":\"TT ICON Native Spanish Translati 1\"},{\"@type\":\"BreadcrumbList\",\"@id\":\"https:\\\/\\\/www.trustedtranslations.com\\\/es\\\/servicios\\\/servicios-de-posproduccion-de-medios\\\/servicios-de-subtitulacion#breadcrumb\",\"itemListElement\":[{\"@type\":\"ListItem\",\"position\":1,\"name\":\"Home\",\"item\":\"https:\\\/\\\/www.trustedtranslations.com\\\/es\"},{\"@type\":\"ListItem\",\"position\":2,\"name\":\"Servicios\",\"item\":\"https:\\\/\\\/www.trustedtranslations.com\\\/es\\\/servicios\"},{\"@type\":\"ListItem\",\"position\":3,\"name\":\"Servicios de Posproducci\u00f3n de Medios\",\"item\":\"https:\\\/\\\/www.trustedtranslations.com\\\/es\\\/servicios\\\/servicios-de-posproduccion-de-medios\"},{\"@type\":\"ListItem\",\"position\":4,\"name\":\"Servicios de Subtitulaci\u00f3n\"}]},{\"@type\":\"WebSite\",\"@id\":\"https:\\\/\\\/www.trustedtranslations.com\\\/es\\\/#website\",\"url\":\"https:\\\/\\\/www.trustedtranslations.com\\\/es\\\/\",\"name\":\"Trusted Translations, Inc.\",\"description\":\"Leader in translation and interpretation services.\",\"publisher\":{\"@id\":\"https:\\\/\\\/www.trustedtranslations.com\\\/es\\\/#organization\"},\"alternateName\":\"Trusted Translations\",\"potentialAction\":[{\"@type\":\"SearchAction\",\"target\":{\"@type\":\"EntryPoint\",\"urlTemplate\":\"https:\\\/\\\/www.trustedtranslations.com\\\/es\\\/?s={search_term_string}\"},\"query-input\":{\"@type\":\"PropertyValueSpecification\",\"valueRequired\":true,\"valueName\":\"search_term_string\"}}],\"inLanguage\":\"es\"},{\"@type\":\"Organization\",\"@id\":\"https:\\\/\\\/www.trustedtranslations.com\\\/es\\\/#organization\",\"name\":\"Trusted Translations\",\"alternateName\":\"Trusted Translations, Inc.\",\"url\":\"https:\\\/\\\/www.trustedtranslations.com\\\/es\\\/\",\"logo\":{\"@type\":\"ImageObject\",\"inLanguage\":\"es\",\"@id\":\"https:\\\/\\\/www.trustedtranslations.com\\\/es\\\/#\\\/schema\\\/logo\\\/image\\\/\",\"url\":\"https:\\\/\\\/static.trustedtranslations.com\\\/wp-content\\\/uploads\\\/2022\\\/01\\\/TT_logo_WSIColors-2.png\",\"contentUrl\":\"https:\\\/\\\/static.trustedtranslations.com\\\/wp-content\\\/uploads\\\/2022\\\/01\\\/TT_logo_WSIColors-2.png\",\"width\":500,\"height\":196,\"caption\":\"Trusted Translations\"},\"image\":{\"@id\":\"https:\\\/\\\/www.trustedtranslations.com\\\/es\\\/#\\\/schema\\\/logo\\\/image\\\/\"},\"sameAs\":[\"https:\\\/\\\/www.facebook.com\\\/Trusted.Translations\",\"https:\\\/\\\/x.com\\\/TrustedT9ns\",\"https:\\\/\\\/www.linkedin.com\\\/company\\\/trusted-translations\"]}]}<\/script>\n<!-- \/ Yoast SEO plugin. -->","yoast_head_json":{"title":"Servicios de Subtitulaci\u00f3n - Trusted Translations","robots":{"index":"index","follow":"follow","max-snippet":"max-snippet:-1","max-image-preview":"max-image-preview:large","max-video-preview":"max-video-preview:-1"},"canonical":"https:\/\/www.trustedtranslations.com\/es\/servicios\/servicios-de-posproduccion-de-medios\/servicios-de-subtitulacion","og_locale":"es_ES","og_type":"article","og_title":"Servicios de Subtitulaci\u00f3n - Trusted Translations","og_url":"https:\/\/www.trustedtranslations.com\/es\/servicios\/servicios-de-posproduccion-de-medios\/servicios-de-subtitulacion","og_site_name":"Trusted Translations","article_publisher":"https:\/\/www.facebook.com\/Trusted.Translations","article_modified_time":"2026-03-27T17:47:47+00:00","og_image":[{"width":151,"height":151,"url":"https:\/\/www.trustedtranslations.com\/wp-content\/uploads\/2024\/06\/TT-ICON_Native-Spanish-Translati-1.webp","type":"image\/webp"}],"twitter_card":"summary_large_image","twitter_site":"@TrustedT9ns","schema":{"@context":"https:\/\/schema.org","@graph":[{"@type":"WebPage","@id":"https:\/\/www.trustedtranslations.com\/es\/servicios\/servicios-de-posproduccion-de-medios\/servicios-de-subtitulacion","url":"https:\/\/www.trustedtranslations.com\/es\/servicios\/servicios-de-posproduccion-de-medios\/servicios-de-subtitulacion","name":"Servicios de Subtitulaci\u00f3n - Trusted Translations","isPartOf":{"@id":"https:\/\/www.trustedtranslations.com\/es\/#website"},"primaryImageOfPage":{"@id":"https:\/\/www.trustedtranslations.com\/es\/servicios\/servicios-de-posproduccion-de-medios\/servicios-de-subtitulacion#primaryimage"},"image":{"@id":"https:\/\/www.trustedtranslations.com\/es\/servicios\/servicios-de-posproduccion-de-medios\/servicios-de-subtitulacion#primaryimage"},"thumbnailUrl":"https:\/\/www.trustedtranslations.com\/wp-content\/uploads\/2024\/06\/TT-ICON_Native-Spanish-Translati-1.webp","breadcrumb":{"@id":"https:\/\/www.trustedtranslations.com\/es\/servicios\/servicios-de-posproduccion-de-medios\/servicios-de-subtitulacion#breadcrumb"},"inLanguage":"es","potentialAction":[{"@type":"ReadAction","target":["https:\/\/www.trustedtranslations.com\/es\/servicios\/servicios-de-posproduccion-de-medios\/servicios-de-subtitulacion"]}]},{"@type":"ImageObject","inLanguage":"es","@id":"https:\/\/www.trustedtranslations.com\/es\/servicios\/servicios-de-posproduccion-de-medios\/servicios-de-subtitulacion#primaryimage","url":"https:\/\/www.trustedtranslations.com\/wp-content\/uploads\/2024\/06\/TT-ICON_Native-Spanish-Translati-1.webp","contentUrl":"https:\/\/www.trustedtranslations.com\/wp-content\/uploads\/2024\/06\/TT-ICON_Native-Spanish-Translati-1.webp","width":151,"height":151,"caption":"TT ICON Native Spanish Translati 1"},{"@type":"BreadcrumbList","@id":"https:\/\/www.trustedtranslations.com\/es\/servicios\/servicios-de-posproduccion-de-medios\/servicios-de-subtitulacion#breadcrumb","itemListElement":[{"@type":"ListItem","position":1,"name":"Home","item":"https:\/\/www.trustedtranslations.com\/es"},{"@type":"ListItem","position":2,"name":"Servicios","item":"https:\/\/www.trustedtranslations.com\/es\/servicios"},{"@type":"ListItem","position":3,"name":"Servicios de Posproducci\u00f3n de Medios","item":"https:\/\/www.trustedtranslations.com\/es\/servicios\/servicios-de-posproduccion-de-medios"},{"@type":"ListItem","position":4,"name":"Servicios de Subtitulaci\u00f3n"}]},{"@type":"WebSite","@id":"https:\/\/www.trustedtranslations.com\/es\/#website","url":"https:\/\/www.trustedtranslations.com\/es\/","name":"Trusted Translations, Inc.","description":"Leader in translation and interpretation services.","publisher":{"@id":"https:\/\/www.trustedtranslations.com\/es\/#organization"},"alternateName":"Trusted Translations","potentialAction":[{"@type":"SearchAction","target":{"@type":"EntryPoint","urlTemplate":"https:\/\/www.trustedtranslations.com\/es\/?s={search_term_string}"},"query-input":{"@type":"PropertyValueSpecification","valueRequired":true,"valueName":"search_term_string"}}],"inLanguage":"es"},{"@type":"Organization","@id":"https:\/\/www.trustedtranslations.com\/es\/#organization","name":"Trusted Translations","alternateName":"Trusted Translations, Inc.","url":"https:\/\/www.trustedtranslations.com\/es\/","logo":{"@type":"ImageObject","inLanguage":"es","@id":"https:\/\/www.trustedtranslations.com\/es\/#\/schema\/logo\/image\/","url":"https:\/\/static.trustedtranslations.com\/wp-content\/uploads\/2022\/01\/TT_logo_WSIColors-2.png","contentUrl":"https:\/\/static.trustedtranslations.com\/wp-content\/uploads\/2022\/01\/TT_logo_WSIColors-2.png","width":500,"height":196,"caption":"Trusted Translations"},"image":{"@id":"https:\/\/www.trustedtranslations.com\/es\/#\/schema\/logo\/image\/"},"sameAs":["https:\/\/www.facebook.com\/Trusted.Translations","https:\/\/x.com\/TrustedT9ns","https:\/\/www.linkedin.com\/company\/trusted-translations"]}]}},"toolset-meta":{"dyk":{"mensaje-1":{"type":"textfield","raw":"Los subt\u00edtulos pueden mejorar la accesibilidad y ayudar a los espectadores a comprender el contenido incluso cuando lo ven sin sonido en dispositivos m\u00f3viles."},"mensaje-2":{"type":"textfield","raw":"Los subt\u00edtulos sincronizados profesionalmente no son solo traducciones; siguen l\u00edmites estrictos de caracteres, velocidades de lectura y reglas de sincronizaci\u00f3n."},"mensaje-3":{"type":"textfield","raw":"Archivos de subt\u00edtulos como .srt y .vtt le permiten reutilizar el mismo video en m\u00faltiples idiomas sin modificar el medio original."},"mensaje-4":{"type":"textfield","raw":"Los subt\u00edtulos bien localizados adaptan el tono, las referencias culturales y el contexto en pantalla para garantizar que su mensaje se perciba natural para p\u00fablicos globales."},"mensaje-5":{"type":"textfield","raw":""},"mensaje-6":{"type":"textfield","raw":""}},"single-page-template-fields":{"imgs-temp":{"type":"image","raw":["https:\/\/www.trustedtranslations.com\/wp-content\/uploads\/2026\/02\/Subtitling.webp"],"repeatable":[{"raw":"https:\/\/www.trustedtranslations.com\/wp-content\/uploads\/2026\/02\/Subtitling.webp","attachment_id":293619}]},"imgs-temp-cel":{"type":"image","raw":[""],"repeatable":[{"raw":""}]},"img-temp-one-cel":{"type":"image","raw":"https:\/\/www.trustedtranslations.com\/wp-content\/uploads\/2026\/02\/AdobeStock_194733357.webp","attachment_id":293667},"quotes":{"type":"textarea","raw":"<h1 style=\"margin-bottom: 12px;\">Servicios de Subtitulaci\u00f3n<\/h1>Trusted Translations ofrece servicios profesionales de subtitulaci\u00f3n para ayudarlo a localizar contenido de video para p\u00fablicos multiling\u00fces. Entregamos subt\u00edtulos precisos, espec\u00edficos para cada mercado y f\u00e1ciles de leer que preservan su mensaje, mejoran la accesibilidad y respaldan la distribuci\u00f3n global en m\u00faltiples plataformas.<div style=\"margin-top: 2.5vw;\"><a class=\"tt-btn-main-cta\" href=\"\/es\/presupuesto-sin-cargo\">Solicite una cotizaci\u00f3n sin cargo<\/a><\/div>"},"text-1":{"type":"textarea","raw":"<h3>Subt\u00edtulos Profesionales para Contenido Global<\/h3>\r\n\r\n<p>La subtitulaci\u00f3n permite que los espectadores sigan el di\u00e1logo hablado y los mensajes en pantalla en otro idioma, manteniendo intacto el audio original. Es una soluci\u00f3n rentable para la comunicaci\u00f3n global, especialmente para contenido que requiere localizaci\u00f3n r\u00e1pida sin modificar las grabaciones de voz.<\/p>\r\n\r\n<p>Trusted Translations respalda la subtitulaci\u00f3n para contenido de entretenimiento, videos de marketing, m\u00f3dulos de capacitaci\u00f3n, comunicaciones internas, entrevistas y contenido educativo.<\/p>\r\n\r\n<h3>Lo Que Recibe<\/h3>\r\n\r\n<p>Trusted Translations entrega archivos de subt\u00edtulos listos que se alinean con su flujo de trabajo y requisitos de publicaci\u00f3n, incluidos:<\/p>\r\n\r\n<ul>\r\n  <li>Subt\u00edtulos traducidos al idioma de destino<\/li>\r\n  <li>Terminolog\u00eda consistente en todo el contenido<\/li>\r\n  <li>Formato claro para facilitar la lectura y la sincronizaci\u00f3n<\/li>\r\n  <li>Entregables seg\u00fan el formato de subt\u00edtulos de su preferencia<\/li>\r\n  <li>Integraci\u00f3n opcional de subt\u00edtulos en el video final<\/li>\r\n<\/ul>\r\n\r\n<h3>Calidad y Confidencialidad<\/h3>\r\n\r\n<p>Trusted Translations sigue estrictos est\u00e1ndares de confidencialidad y calidad en cada proyecto de subtitulaci\u00f3n. Nuestro equipo garantiza que sus subt\u00edtulos se mantengan precisos, consistentes y con formato profesional para uso real.<\/p>\r\n\r\n<p>Nuestros procesos est\u00e1n alineados con las normas ISO 9001, lo que garantiza la gesti\u00f3n de la calidad, la precisi\u00f3n en la traducci\u00f3n y las mejores pr\u00e1cticas de posedici\u00f3n en todos los flujos de trabajo de subtitulaci\u00f3n.<\/p>"},"shortcode-map":{"type":"textfield","raw":""},"dyk-shortcode":{"type":"textfield","raw":"[elementor-template id=\"139368\"]"},"text-2":{"type":"textarea","raw":"<h2>Acerca de los Servicios de Subtitulaci\u00f3n<\/h2>\r\n\r\n<p>La subtitulaci\u00f3n es ideal cuando desea conservar las voces originales mientras hace que el contenido sea accesible para p\u00fablicos que hablan diferentes idiomas. Seg\u00fan su flujo de trabajo, podemos trabajar a partir de su archivo de video original, un guion, una transcripci\u00f3n existente o archivos de subt\u00edtulos. Si ya cuenta con requisitos t\u00e9cnicos de sincronizaci\u00f3n o formato, podemos seguir sus especificaciones. Si est\u00e1 decidiendo entre subtitulaci\u00f3n y doblaje, nuestro equipo puede ayudarlo a elegir la mejor opci\u00f3n seg\u00fan el tipo de contenido, el presupuesto y el tiempo de entrega.<\/p>\r\n\r\n<p>La subtitulaci\u00f3n se utiliza com\u00fanmente para:<\/p>\r\n\r\n<ul>\r\n  <li>Videos de capacitaci\u00f3n y aprendizaje electr\u00f3nico para equipos globales<\/li>\r\n  <li>Contenido de marketing y productos para p\u00fablicos internacionales<\/li>\r\n  <li>Comunicaciones corporativas para organizaciones multiling\u00fces<\/li>\r\n  <li>Entrevistas y grabaciones con m\u00faltiples participantes que requieren claridad y estructura<\/li>\r\n  <li>Contenido de entretenimiento que requiere accesibilidad multiling\u00fce, como pel\u00edculas o videojuegos<\/li>\r\n  <li>Soporte de accesibilidad para una entrega de contenido inclusiva<\/li>\r\n<\/ul>\r\n\r\n<p>Si necesita adaptar contenido de video para p\u00fablicos internacionales o multiling\u00fces, Trusted Translations puede respaldar sus necesidades de subtitulaci\u00f3n con traducci\u00f3n precisa, formato consistente y entrega confiable.<\/p>\r\n\r\n<p>Comparta sus archivos de video, los requisitos de idioma de destino y las especificaciones de subt\u00edtulos, y nuestro equipo lo ayudar\u00e1 a determinar el mejor enfoque para su proyecto.<\/p>"},"state":{"type":"textfield","raw":""},"city":{"type":"textarea","raw":[""]}}},"_links":{"self":[{"href":"https:\/\/www.trustedtranslations.com\/es\/wp-json\/wp\/v2\/pages\/294176","targetHints":{"allow":["GET"]}}],"collection":[{"href":"https:\/\/www.trustedtranslations.com\/es\/wp-json\/wp\/v2\/pages"}],"about":[{"href":"https:\/\/www.trustedtranslations.com\/es\/wp-json\/wp\/v2\/types\/page"}],"author":[{"embeddable":true,"href":"https:\/\/www.trustedtranslations.com\/es\/wp-json\/wp\/v2\/users\/1"}],"replies":[{"embeddable":true,"href":"https:\/\/www.trustedtranslations.com\/es\/wp-json\/wp\/v2\/comments?post=294176"}],"version-history":[{"count":1,"href":"https:\/\/www.trustedtranslations.com\/es\/wp-json\/wp\/v2\/pages\/294176\/revisions"}],"predecessor-version":[{"id":294184,"href":"https:\/\/www.trustedtranslations.com\/es\/wp-json\/wp\/v2\/pages\/294176\/revisions\/294184"}],"up":[{"embeddable":true,"href":"https:\/\/www.trustedtranslations.com\/es\/wp-json\/wp\/v2\/pages\/294173"}],"wp:featuredmedia":[{"embeddable":true,"href":"https:\/\/www.trustedtranslations.com\/es\/wp-json\/wp\/v2\/media\/261646"}],"wp:attachment":[{"href":"https:\/\/www.trustedtranslations.com\/es\/wp-json\/wp\/v2\/media?parent=294176"}],"curies":[{"name":"wp","href":"https:\/\/api.w.org\/{rel}","templated":true}]}}