{"id":128805,"date":"2020-01-24T15:19:47","date_gmt":"2020-01-24T15:19:47","guid":{"rendered":"https:\/\/www.trustedtranslations.com\/?page_id=128805"},"modified":"2024-09-03T15:45:28","modified_gmt":"2024-09-03T18:45:28","slug":"apprentissage-en-ligne-et-localisation","status":"publish","type":"page","link":"https:\/\/www.trustedtranslations.com\/fr\/domaines\/apprentissage-en-ligne-et-localisation","title":{"rendered":"apprentissage-en-ligne"},"content":{"rendered":"","protected":false},"excerpt":{"rendered":"","protected":false},"author":1,"featured_media":139627,"parent":128968,"menu_order":0,"comment_status":"closed","ping_status":"closed","template":"","meta":{"site-sidebar-layout":"default","site-content-layout":"default","ast-site-content-layout":"default","site-content-style":"default","site-sidebar-style":"default","ast-global-header-display":"","ast-banner-title-visibility":"","ast-main-header-display":"","ast-hfb-above-header-display":"","ast-hfb-below-header-display":"","ast-hfb-mobile-header-display":"","site-post-title":"disabled","ast-breadcrumbs-content":"","ast-featured-img":"","footer-sml-layout":"","ast-disable-related-posts":"","theme-transparent-header-meta":"default","adv-header-id-meta":"","stick-header-meta":"","header-above-stick-meta":"","header-main-stick-meta":"","header-below-stick-meta":"","astra-migrate-meta-layouts":"set","ast-page-background-enabled":"default","ast-page-background-meta":{"desktop":{"background-color":"var(--ast-global-color-4)","background-image":"","background-repeat":"repeat","background-position":"center center","background-size":"auto","background-attachment":"scroll","background-type":"","background-media":"","overlay-type":"","overlay-color":"","overlay-opacity":"","overlay-gradient":""},"tablet":{"background-color":"","background-image":"","background-repeat":"repeat","background-position":"center center","background-size":"auto","background-attachment":"scroll","background-type":"","background-media":"","overlay-type":"","overlay-color":"","overlay-opacity":"","overlay-gradient":""},"mobile":{"background-color":"","background-image":"","background-repeat":"repeat","background-position":"center center","background-size":"auto","background-attachment":"scroll","background-type":"","background-media":"","overlay-type":"","overlay-color":"","overlay-opacity":"","overlay-gradient":""}},"ast-content-background-meta":{"desktop":{"background-color":"var(--ast-global-color-5)","background-image":"","background-repeat":"repeat","background-position":"center center","background-size":"auto","background-attachment":"scroll","background-type":"","background-media":"","overlay-type":"","overlay-color":"","overlay-opacity":"","overlay-gradient":""},"tablet":{"background-color":"var(--ast-global-color-5)","background-image":"","background-repeat":"repeat","background-position":"center center","background-size":"auto","background-attachment":"scroll","background-type":"","background-media":"","overlay-type":"","overlay-color":"","overlay-opacity":"","overlay-gradient":""},"mobile":{"background-color":"var(--ast-global-color-5)","background-image":"","background-repeat":"repeat","background-position":"center center","background-size":"auto","background-attachment":"scroll","background-type":"","background-media":"","overlay-type":"","overlay-color":"","overlay-opacity":"","overlay-gradient":""}},"footnotes":""},"class_list":["post-128805","page","type-page","status-publish","has-post-thumbnail","hentry"],"yoast_head":"<!-- This site is optimized with the Yoast SEO plugin v27.3 - https:\/\/yoast.com\/product\/yoast-seo-wordpress\/ -->\n<title>Services de traduction et de localisation pour l\u2019apprentissage en ligne - Trusted Translations, Inc.<\/title>\n<meta name=\"description\" content=\"Trusted Translations propose des services experts de traduction et de localisation pour l\u2019apprentissage en ligne dans tous les formats, vers et depuis toutes les langues. Devis ou conseil gratuit.\" \/>\n<meta name=\"robots\" content=\"index, follow, max-snippet:-1, max-image-preview:large, max-video-preview:-1\" \/>\n<link rel=\"canonical\" href=\"https:\/\/www.trustedtranslations.com\/fr\/domaines\/apprentissage-en-ligne-et-localisation\" \/>\n<meta property=\"og:locale\" content=\"fr_FR\" \/>\n<meta property=\"og:type\" content=\"article\" \/>\n<meta property=\"og:title\" content=\"Services de traduction et de localisation pour l\u2019apprentissage en ligne - Trusted Translations, Inc.\" \/>\n<meta property=\"og:description\" content=\"Trusted Translations propose des services experts de traduction et de localisation pour l\u2019apprentissage en ligne dans tous les formats, vers et depuis toutes les langues. Devis ou conseil gratuit.\" \/>\n<meta property=\"og:url\" content=\"https:\/\/www.trustedtranslations.com\/fr\/domaines\/apprentissage-en-ligne-et-localisation\" \/>\n<meta property=\"og:site_name\" content=\"Trusted Translations, Inc.\" \/>\n<meta property=\"article:publisher\" content=\"https:\/\/www.facebook.com\/Trusted.Translations\" \/>\n<meta property=\"article:modified_time\" content=\"2024-09-03T18:45:28+00:00\" \/>\n<meta property=\"og:image\" content=\"https:\/\/static.trustedtranslations.com\/wp-content\/uploads\/2022\/03\/TT_NEW_FB-1.png\" \/>\n\t<meta property=\"og:image:width\" content=\"1038\" \/>\n\t<meta property=\"og:image:height\" content=\"1038\" \/>\n\t<meta property=\"og:image:type\" content=\"image\/png\" \/>\n<meta name=\"twitter:card\" content=\"summary_large_image\" \/>\n<meta name=\"twitter:site\" content=\"@TrustedT9ns\" \/>\n<script type=\"application\/ld+json\" class=\"yoast-schema-graph\">{\"@context\":\"https:\\\/\\\/schema.org\",\"@graph\":[{\"@type\":\"WebPage\",\"@id\":\"https:\\\/\\\/www.trustedtranslations.com\\\/fr\\\/domaines\\\/apprentissage-en-ligne-et-localisation\",\"url\":\"https:\\\/\\\/www.trustedtranslations.com\\\/fr\\\/domaines\\\/apprentissage-en-ligne-et-localisation\",\"name\":\"Services de traduction et de localisation pour l\u2019apprentissage en ligne - Trusted Translations, Inc.\",\"isPartOf\":{\"@id\":\"https:\\\/\\\/www.trustedtranslations.com\\\/fr\\\/#website\"},\"primaryImageOfPage\":{\"@id\":\"https:\\\/\\\/www.trustedtranslations.com\\\/fr\\\/domaines\\\/apprentissage-en-ligne-et-localisation#primaryimage\"},\"image\":{\"@id\":\"https:\\\/\\\/www.trustedtranslations.com\\\/fr\\\/domaines\\\/apprentissage-en-ligne-et-localisation#primaryimage\"},\"thumbnailUrl\":\"https:\\\/\\\/www.trustedtranslations.com\\\/wp-content\\\/uploads\\\/2022\\\/03\\\/TT_NEW_FB-1.png\",\"description\":\"Trusted Translations propose des services experts de traduction et de localisation pour l\u2019apprentissage en ligne dans tous les formats, vers et depuis toutes les langues. Devis ou conseil gratuit.\",\"breadcrumb\":{\"@id\":\"https:\\\/\\\/www.trustedtranslations.com\\\/fr\\\/domaines\\\/apprentissage-en-ligne-et-localisation#breadcrumb\"},\"inLanguage\":\"fr-FR\",\"potentialAction\":[{\"@type\":\"ReadAction\",\"target\":[\"https:\\\/\\\/www.trustedtranslations.com\\\/fr\\\/domaines\\\/apprentissage-en-ligne-et-localisation\"]}]},{\"@type\":\"ImageObject\",\"inLanguage\":\"fr-FR\",\"@id\":\"https:\\\/\\\/www.trustedtranslations.com\\\/fr\\\/domaines\\\/apprentissage-en-ligne-et-localisation#primaryimage\",\"url\":\"https:\\\/\\\/www.trustedtranslations.com\\\/wp-content\\\/uploads\\\/2022\\\/03\\\/TT_NEW_FB-1.png\",\"contentUrl\":\"https:\\\/\\\/www.trustedtranslations.com\\\/wp-content\\\/uploads\\\/2022\\\/03\\\/TT_NEW_FB-1.png\",\"width\":1038,\"height\":1038,\"caption\":\"TT NEW FB 1\"},{\"@type\":\"BreadcrumbList\",\"@id\":\"https:\\\/\\\/www.trustedtranslations.com\\\/fr\\\/domaines\\\/apprentissage-en-ligne-et-localisation#breadcrumb\",\"itemListElement\":[{\"@type\":\"ListItem\",\"position\":1,\"name\":\"Accueil\",\"item\":\"https:\\\/\\\/www.trustedtranslations.com\\\/fr\"},{\"@type\":\"ListItem\",\"position\":2,\"name\":\"Expertise de l\u2019industrie\",\"item\":\"https:\\\/\\\/www.trustedtranslations.com\\\/fr\\\/domaines\"},{\"@type\":\"ListItem\",\"position\":3,\"name\":\"apprentissage-en-ligne\"}]},{\"@type\":\"WebSite\",\"@id\":\"https:\\\/\\\/www.trustedtranslations.com\\\/fr\\\/#website\",\"url\":\"https:\\\/\\\/www.trustedtranslations.com\\\/fr\\\/\",\"name\":\"Trusted Translations, Inc.\",\"description\":\"Leader in translation and interpretation services.\",\"publisher\":{\"@id\":\"https:\\\/\\\/www.trustedtranslations.com\\\/fr\\\/#organization\"},\"alternateName\":\"Trusted Translations\",\"potentialAction\":[{\"@type\":\"SearchAction\",\"target\":{\"@type\":\"EntryPoint\",\"urlTemplate\":\"https:\\\/\\\/www.trustedtranslations.com\\\/fr\\\/?s={search_term_string}\"},\"query-input\":{\"@type\":\"PropertyValueSpecification\",\"valueRequired\":true,\"valueName\":\"search_term_string\"}}],\"inLanguage\":\"fr-FR\"},{\"@type\":\"Organization\",\"@id\":\"https:\\\/\\\/www.trustedtranslations.com\\\/fr\\\/#organization\",\"name\":\"Trusted Translations\",\"alternateName\":\"Trusted Translations, Inc.\",\"url\":\"https:\\\/\\\/www.trustedtranslations.com\\\/fr\\\/\",\"logo\":{\"@type\":\"ImageObject\",\"inLanguage\":\"fr-FR\",\"@id\":\"https:\\\/\\\/www.trustedtranslations.com\\\/fr\\\/#\\\/schema\\\/logo\\\/image\\\/\",\"url\":\"https:\\\/\\\/static.trustedtranslations.com\\\/wp-content\\\/uploads\\\/2022\\\/01\\\/TT_logo_WSIColors-2.png\",\"contentUrl\":\"https:\\\/\\\/static.trustedtranslations.com\\\/wp-content\\\/uploads\\\/2022\\\/01\\\/TT_logo_WSIColors-2.png\",\"width\":500,\"height\":196,\"caption\":\"Trusted Translations\"},\"image\":{\"@id\":\"https:\\\/\\\/www.trustedtranslations.com\\\/fr\\\/#\\\/schema\\\/logo\\\/image\\\/\"},\"sameAs\":[\"https:\\\/\\\/www.facebook.com\\\/Trusted.Translations\",\"https:\\\/\\\/x.com\\\/TrustedT9ns\",\"https:\\\/\\\/www.linkedin.com\\\/company\\\/trusted-translations\"]}]}<\/script>\n<!-- \/ Yoast SEO plugin. -->","yoast_head_json":{"title":"Services de traduction et de localisation pour l\u2019apprentissage en ligne - Trusted Translations, Inc.","description":"Trusted Translations propose des services experts de traduction et de localisation pour l\u2019apprentissage en ligne dans tous les formats, vers et depuis toutes les langues. Devis ou conseil gratuit.","robots":{"index":"index","follow":"follow","max-snippet":"max-snippet:-1","max-image-preview":"max-image-preview:large","max-video-preview":"max-video-preview:-1"},"canonical":"https:\/\/www.trustedtranslations.com\/fr\/domaines\/apprentissage-en-ligne-et-localisation","og_locale":"fr_FR","og_type":"article","og_title":"Services de traduction et de localisation pour l\u2019apprentissage en ligne - Trusted Translations, Inc.","og_description":"Trusted Translations propose des services experts de traduction et de localisation pour l\u2019apprentissage en ligne dans tous les formats, vers et depuis toutes les langues. Devis ou conseil gratuit.","og_url":"https:\/\/www.trustedtranslations.com\/fr\/domaines\/apprentissage-en-ligne-et-localisation","og_site_name":"Trusted Translations, Inc.","article_publisher":"https:\/\/www.facebook.com\/Trusted.Translations","article_modified_time":"2024-09-03T18:45:28+00:00","og_image":[{"width":1038,"height":1038,"url":"https:\/\/static.trustedtranslations.com\/wp-content\/uploads\/2022\/03\/TT_NEW_FB-1.png","type":"image\/png"}],"twitter_card":"summary_large_image","twitter_site":"@TrustedT9ns","schema":{"@context":"https:\/\/schema.org","@graph":[{"@type":"WebPage","@id":"https:\/\/www.trustedtranslations.com\/fr\/domaines\/apprentissage-en-ligne-et-localisation","url":"https:\/\/www.trustedtranslations.com\/fr\/domaines\/apprentissage-en-ligne-et-localisation","name":"Services de traduction et de localisation pour l\u2019apprentissage en ligne - Trusted Translations, Inc.","isPartOf":{"@id":"https:\/\/www.trustedtranslations.com\/fr\/#website"},"primaryImageOfPage":{"@id":"https:\/\/www.trustedtranslations.com\/fr\/domaines\/apprentissage-en-ligne-et-localisation#primaryimage"},"image":{"@id":"https:\/\/www.trustedtranslations.com\/fr\/domaines\/apprentissage-en-ligne-et-localisation#primaryimage"},"thumbnailUrl":"https:\/\/www.trustedtranslations.com\/wp-content\/uploads\/2022\/03\/TT_NEW_FB-1.png","description":"Trusted Translations propose des services experts de traduction et de localisation pour l\u2019apprentissage en ligne dans tous les formats, vers et depuis toutes les langues. Devis ou conseil gratuit.","breadcrumb":{"@id":"https:\/\/www.trustedtranslations.com\/fr\/domaines\/apprentissage-en-ligne-et-localisation#breadcrumb"},"inLanguage":"fr-FR","potentialAction":[{"@type":"ReadAction","target":["https:\/\/www.trustedtranslations.com\/fr\/domaines\/apprentissage-en-ligne-et-localisation"]}]},{"@type":"ImageObject","inLanguage":"fr-FR","@id":"https:\/\/www.trustedtranslations.com\/fr\/domaines\/apprentissage-en-ligne-et-localisation#primaryimage","url":"https:\/\/www.trustedtranslations.com\/wp-content\/uploads\/2022\/03\/TT_NEW_FB-1.png","contentUrl":"https:\/\/www.trustedtranslations.com\/wp-content\/uploads\/2022\/03\/TT_NEW_FB-1.png","width":1038,"height":1038,"caption":"TT NEW FB 1"},{"@type":"BreadcrumbList","@id":"https:\/\/www.trustedtranslations.com\/fr\/domaines\/apprentissage-en-ligne-et-localisation#breadcrumb","itemListElement":[{"@type":"ListItem","position":1,"name":"Accueil","item":"https:\/\/www.trustedtranslations.com\/fr"},{"@type":"ListItem","position":2,"name":"Expertise de l\u2019industrie","item":"https:\/\/www.trustedtranslations.com\/fr\/domaines"},{"@type":"ListItem","position":3,"name":"apprentissage-en-ligne"}]},{"@type":"WebSite","@id":"https:\/\/www.trustedtranslations.com\/fr\/#website","url":"https:\/\/www.trustedtranslations.com\/fr\/","name":"Trusted Translations, Inc.","description":"Leader in translation and interpretation services.","publisher":{"@id":"https:\/\/www.trustedtranslations.com\/fr\/#organization"},"alternateName":"Trusted Translations","potentialAction":[{"@type":"SearchAction","target":{"@type":"EntryPoint","urlTemplate":"https:\/\/www.trustedtranslations.com\/fr\/?s={search_term_string}"},"query-input":{"@type":"PropertyValueSpecification","valueRequired":true,"valueName":"search_term_string"}}],"inLanguage":"fr-FR"},{"@type":"Organization","@id":"https:\/\/www.trustedtranslations.com\/fr\/#organization","name":"Trusted Translations","alternateName":"Trusted Translations, Inc.","url":"https:\/\/www.trustedtranslations.com\/fr\/","logo":{"@type":"ImageObject","inLanguage":"fr-FR","@id":"https:\/\/www.trustedtranslations.com\/fr\/#\/schema\/logo\/image\/","url":"https:\/\/static.trustedtranslations.com\/wp-content\/uploads\/2022\/01\/TT_logo_WSIColors-2.png","contentUrl":"https:\/\/static.trustedtranslations.com\/wp-content\/uploads\/2022\/01\/TT_logo_WSIColors-2.png","width":500,"height":196,"caption":"Trusted Translations"},"image":{"@id":"https:\/\/www.trustedtranslations.com\/fr\/#\/schema\/logo\/image\/"},"sameAs":["https:\/\/www.facebook.com\/Trusted.Translations","https:\/\/x.com\/TrustedT9ns","https:\/\/www.linkedin.com\/company\/trusted-translations"]}]}},"toolset-meta":{"dyk":{"mensaje-1":{"type":"textfield","raw":"<em>Trusted Translations<\/em> peut localiser n\u2019importe quelle solution d\u2019apprentissage en ligne (eLearning) tout en pr\u00e9servant son format d\u2019origine"},"mensaje-2":{"type":"textfield","raw":""},"mensaje-3":{"type":"textfield","raw":""},"mensaje-4":{"type":"textfield","raw":""},"mensaje-5":{"type":"textfield","raw":""},"mensaje-6":{"type":"textfield","raw":""}},"single-page-template-fields":{"imgs-temp":{"type":"image","raw":["https:\/\/static.trustedtranslations.com\/wp-content\/uploads\/2024\/05\/elearning-final-1.webp","https:\/\/static.trustedtranslations.com\/wp-content\/uploads\/2024\/05\/elearning-final-2-1.webp"],"repeatable":[{"raw":"https:\/\/static.trustedtranslations.com\/wp-content\/uploads\/2024\/05\/elearning-final-1.webp"},{"raw":"https:\/\/static.trustedtranslations.com\/wp-content\/uploads\/2024\/05\/elearning-final-2-1.webp"}]},"imgs-temp-cel":{"type":"image","raw":[""],"repeatable":[{"raw":""}]},"img-temp-one-cel":{"type":"image","raw":"https:\/\/static.trustedtranslations.com\/wp-content\/uploads\/2024\/05\/young-asia-financial-student-lad.webp","attachment_id":null},"quotes":{"type":"textarea","raw":"<h1 style=\"margin-bottom: 12px;\">Services de traduction pour l\u2019apprentissage en ligne<\/h1>L\u2019apprentissage en ligne est un secteur en pleine expansion avec un \u00e9norme potentiel inexploit\u00e9 sur les nombreux march\u00e9s o\u00f9 l\u2019anglais n\u2019est pas la langue dominante. Pour vous aider \u00e0 atteindre ces march\u00e9s, Trusted Translations dispose d\u2019une \u00e9quipe de professionnels d\u00e9di\u00e9s pour traduire, localiser et m\u00eame cr\u00e9er des ressources d\u2019apprentissage en ligne dans tous les formats et pour toutes les langues.<div style=\"margin-top: 2.5vw;\"><a class=\"tt-btn-main-cta\" href=\"\/fr\/devis-traduction\">DEMANDEZ UN DEVIS GRATUIT<\/a><\/div>"},"text-1":{"type":"textarea","raw":"<h2 style=\"margin-bottom:20px\">Int\u00e9gration et formation multilingues<\/h2>\r\n<p>Pourquoi l\u2019apprentissage en ligne\u00a0? La mondialisation change la fa\u00e7on dont les gens font des affaires, cr\u00e9ant de nouveaux march\u00e9s et une main-d\u2019\u0153uvre devant s\u2019int\u00e9grer afin d\u2019optimiser son potentiel. La plupart des grandes entreprises (et de nombreuses petites entreprises) ont ou aspirent \u00e0 avoir une port\u00e9e multinationale, ce qui signifie qu\u2019elles doivent \u00e9galement adopter une approche multilingue et multiculturelle.<\/p>\r\n<p><img class=\"wp-image-99011 alignright\" src=\"https:\/\/static.trustedtranslations.com\/wp-content\/uploads\/2022\/01\/e-learning-online-education-student-university-concept-1-1-1-300x200.png\" alt=\"\" width=\"500\" height=\"334\" \/>L\u2019apprentissage en ligne est la m\u00e9thode id\u00e9ale pour l\u2019int\u00e9gration, la formation et l\u2019instruction de mains-d\u2019\u0153uvre multilingues et multiculturelles dans le monde entier. Cela n\u2019a jamais \u00e9t\u00e9 plus vrai qu\u2019au cours des derni\u00e8res ann\u00e9es. Alors que de plus en plus d\u2019industries sont pass\u00e9es \u00e0 une main-d\u2019\u0153uvre hybride ou enti\u00e8rement \u00e0 distance, elles ont eu besoin de nouvelles adaptations innovantes pour recruter, retenir et former les meilleurs talents. \u00c9tant donn\u00e9 que la situation g\u00e9ographique est d\u00e9sormais beaucoup moins un obstacle pour les employ\u00e9s, les entreprises ont \u00e9largi leurs r\u00e9seaux pour inclure des professionnels de langues, de pays et d\u2019origines diff\u00e9rents.<\/p>\r\n<p>Avec l\u2019aide des experts en localisation qualifi\u00e9s de <em>Trusted Translations<\/em>, les programmes d\u2019apprentissage en ligne permettent aux employ\u00e9s d\u2019\u00e9largir et de d\u00e9velopper leurs ensembles de comp\u00e9tences. Cela contribue \u00e9galement \u00e0 stimuler la productivit\u00e9 globale, pour tous les effectifs, partout dans le monde et dans toutes les langues. De la formation standard sur les outils de productivit\u00e9, tels que les suites Office et Adobe Creative, aux cours sp\u00e9cialis\u00e9s sur la s\u00e9curit\u00e9, les comp\u00e9tences non techniques, les connaissances techniques, etc., les services de localisation apprentissage en ligne <em>de Trusted Translations<\/em> peuvent aider les entreprises \u00e0 r\u00e9duire leurs co\u00fbts, \u00e0 am\u00e9liorer leur productivit\u00e9 et \u00e0 \u00e9largir leurs ressources humaines disponibles.<\/p>"},"shortcode-map":{"type":"textfield","raw":""},"dyk-shortcode":{"type":"textfield","raw":"[elementor-template id=\"146546\"]"},"text-2":{"type":"textarea","raw":"<h2 style=\"margin-bottom:20px\">Services de localisation de l\u2019apprentissage en ligne<\/h2>\r\n<img class=\"alignright wp-image-99012\" src=\"https:\/\/static.trustedtranslations.com\/wp-content\/uploads\/2022\/01\/e-book-online-learning-education-knowledge-graphic-1-1-1-300x200.png\" alt=\"\" width=\"500\" height=\"334\" \/>\r\nL\u2019apprentissage en ligne ne se limite pas au texte, ce qui signifie que la localisation de l\u2019apprentissage en ligne ne se limite pas au simple fait de traduire du texte. Les vid\u00e9os, les outils d\u2019engagement, les sc\u00e9narios interactifs et de nombreuses autres ressources multim\u00e9dias ne sont que quelques-unes des options incluses dans les exp\u00e9riences d\u2019apprentissage en ligne de pointe d\u2019aujourd\u2019hui. Bien s\u00fbr, avec autant de fonctionnalit\u00e9s disponibles, il est essentiel de travailler avec une \u00e9quipe pr\u00eate \u00e0 ex\u00e9cuter chaque \u00e9l\u00e9ment d\u2019un programme d\u2019apprentissage en ligne \u00e0 un niveau \u00e9lev\u00e9.\r\n\r\nGr\u00e2ce \u00e0 nos \u00e9quipes int\u00e9gr\u00e9es de linguistes, de graphistes, d\u2019artistes vocaux et d\u2019autres sp\u00e9cialistes du multim\u00e9dia, <em>Trusted Translations<\/em> peut fournir des ressources d\u2019apprentissage en ligne pr\u00eates \u00e0 l\u2019emploi \u00e0 nos pr\u00e9cieux clients.\r\n\r\nVoici quelques-unes des solutions modernes d\u2019apprentissage en ligne que <em>Trusted Translations<\/em> a fournies \u00e0 des clients satisfaits\u00a0:\r\n\r\n<div class=\"elearning-container\">\r\n        <div>\r\n            <i class=\"fa fa-video-camera fa-3\" aria-hidden=\"true\"><\/i>\r\n            <h4 style=\"text-align: center;\">Vid\u00e9os d\u2019apprentissage<\/h4>\r\n        <\/div>\r\n        <div>\r\n            <i class=\"fa fa-users fa-3\" aria-hidden=\"true\"><\/i>\r\n            <h4 style=\"text-align: center;\">Sc\u00e9narios interactifs<\/h4>\r\n        <\/div>\r\n        <div>\r\n            <i class=\"fa fa-file-pdf-o fa-3\" aria-hidden=\"true\"><\/i>\r\n            <h4 style=\"text-align: center;\">Infographies, fichiers pdf interactifs<\/h4>\r\n        <\/div>\r\n        <div>\r\n            <i class=\"fa fa-mouse-pointer fa-3\" aria-hidden=\"true\"><\/i>\r\n            <h4 style=\"text-align: center;\">Narration<\/h4>\r\n        <\/div>\r\n        <div>\r\n            <i class=\"fa fa-desktop fa-3\" aria-hidden=\"true\"><\/i>\r\n            <h4 style=\"text-align: center;\">Programmes d\u2019apprentissage mixtes<\/h4>\r\n        <\/div>\r\n        <div>\r\n            <i class=\"fa fa-pencil-square-o fa-3\" aria-hidden=\"true\"><\/i>\r\n            <h4 style=\"text-align: center;\">Cours d\u2019apprentissage en ligne<\/h4>\r\n        <\/div>\r\n    <\/div>\r\n\r\n<h2 style=\"margin-bottom:20px\">L\u2019expertise en apprentissage en ligne de <em>Trusted Translations<\/em><\/h2>\r\nAgilit\u00e9, innovation, int\u00e9grit\u00e9 et un engagement ind\u00e9fectible envers la satisfaction de nos clients sont les points centraux de tout ce que nous faisons chez <i><em>Trusted Translations<\/em><\/i>. Nos linguistes, graphistes, experts multim\u00e9dias et sp\u00e9cialistes de la vente et du service client passionn\u00e9s travaillent ensemble depuis plus de 15\u00a0ans pour fournir un contenu sur mesure de haute qualit\u00e9.\r\n\r\nLorsque vous faites appel \u00e0 <em>Trusted Translations<\/em>, cette \u00e9quipe de professionnels d\u00e9vou\u00e9s est \u00e0 votre service du d\u00e9but \u00e0 la fin, de la planification \u00e0 la livraison. Contactez <em>Trusted Translations<\/em> pour tous vos besoins de traduction et de localisation d\u2019apprentissage en ligne, petits ou grands."},"state":{"type":"textfield","raw":""},"city":{"type":"textarea","raw":[]}}},"_links":{"self":[{"href":"https:\/\/www.trustedtranslations.com\/fr\/wp-json\/wp\/v2\/pages\/128805","targetHints":{"allow":["GET"]}}],"collection":[{"href":"https:\/\/www.trustedtranslations.com\/fr\/wp-json\/wp\/v2\/pages"}],"about":[{"href":"https:\/\/www.trustedtranslations.com\/fr\/wp-json\/wp\/v2\/types\/page"}],"author":[{"embeddable":true,"href":"https:\/\/www.trustedtranslations.com\/fr\/wp-json\/wp\/v2\/users\/1"}],"replies":[{"embeddable":true,"href":"https:\/\/www.trustedtranslations.com\/fr\/wp-json\/wp\/v2\/comments?post=128805"}],"version-history":[{"count":0,"href":"https:\/\/www.trustedtranslations.com\/fr\/wp-json\/wp\/v2\/pages\/128805\/revisions"}],"up":[{"embeddable":true,"href":"https:\/\/www.trustedtranslations.com\/fr\/wp-json\/wp\/v2\/pages\/128968"}],"wp:featuredmedia":[{"embeddable":true,"href":"https:\/\/www.trustedtranslations.com\/fr\/wp-json\/wp\/v2\/media\/139627"}],"wp:attachment":[{"href":"https:\/\/www.trustedtranslations.com\/fr\/wp-json\/wp\/v2\/media?parent=128805"}],"curies":[{"name":"wp","href":"https:\/\/api.w.org\/{rel}","templated":true}]}}