{"id":128812,"date":"2020-01-15T18:01:03","date_gmt":"2020-01-15T18:01:03","guid":{"rendered":"https:\/\/www.trustedtranslations.com\/?page_id=128812"},"modified":"2024-09-03T11:32:21","modified_gmt":"2024-09-03T14:32:21","slug":"quarkxpress","status":"publish","type":"page","link":"https:\/\/www.trustedtranslations.com\/fr\/services\/formats-de-fichiers\/quarkxpress","title":{"rendered":"QuarkXpress"},"content":{"rendered":"","protected":false},"excerpt":{"rendered":"","protected":false},"author":1,"featured_media":238287,"parent":128853,"menu_order":17,"comment_status":"closed","ping_status":"closed","template":"","meta":{"site-sidebar-layout":"default","site-content-layout":"default","ast-site-content-layout":"default","site-content-style":"default","site-sidebar-style":"default","ast-global-header-display":"","ast-banner-title-visibility":"","ast-main-header-display":"","ast-hfb-above-header-display":"","ast-hfb-below-header-display":"","ast-hfb-mobile-header-display":"","site-post-title":"disabled","ast-breadcrumbs-content":"","ast-featured-img":"","footer-sml-layout":"","ast-disable-related-posts":"","theme-transparent-header-meta":"default","adv-header-id-meta":"","stick-header-meta":"","header-above-stick-meta":"","header-main-stick-meta":"","header-below-stick-meta":"","astra-migrate-meta-layouts":"set","ast-page-background-enabled":"default","ast-page-background-meta":{"desktop":{"background-color":"var(--ast-global-color-4)","background-image":"","background-repeat":"repeat","background-position":"center center","background-size":"auto","background-attachment":"scroll","background-type":"","background-media":"","overlay-type":"","overlay-color":"","overlay-opacity":"","overlay-gradient":""},"tablet":{"background-color":"","background-image":"","background-repeat":"repeat","background-position":"center center","background-size":"auto","background-attachment":"scroll","background-type":"","background-media":"","overlay-type":"","overlay-color":"","overlay-opacity":"","overlay-gradient":""},"mobile":{"background-color":"","background-image":"","background-repeat":"repeat","background-position":"center center","background-size":"auto","background-attachment":"scroll","background-type":"","background-media":"","overlay-type":"","overlay-color":"","overlay-opacity":"","overlay-gradient":""}},"ast-content-background-meta":{"desktop":{"background-color":"var(--ast-global-color-5)","background-image":"","background-repeat":"repeat","background-position":"center center","background-size":"auto","background-attachment":"scroll","background-type":"","background-media":"","overlay-type":"","overlay-color":"","overlay-opacity":"","overlay-gradient":""},"tablet":{"background-color":"var(--ast-global-color-5)","background-image":"","background-repeat":"repeat","background-position":"center center","background-size":"auto","background-attachment":"scroll","background-type":"","background-media":"","overlay-type":"","overlay-color":"","overlay-opacity":"","overlay-gradient":""},"mobile":{"background-color":"var(--ast-global-color-5)","background-image":"","background-repeat":"repeat","background-position":"center center","background-size":"auto","background-attachment":"scroll","background-type":"","background-media":"","overlay-type":"","overlay-color":"","overlay-opacity":"","overlay-gradient":""}},"footnotes":""},"class_list":["post-128812","page","type-page","status-publish","has-post-thumbnail","hentry"],"yoast_head":"<!-- This site is optimized with the Yoast SEO plugin v27.5 - https:\/\/yoast.com\/product\/yoast-seo-wordpress\/ -->\n<title>Services de traduction pour QuarkXPress - Trusted Translations, Inc.<\/title>\n<meta name=\"description\" content=\"Trusted Translations est votre solution pour tous vos projets de traduction QuarkXPress\u00a0, depuis les prospectus jusqu\u2019aux journaux, aux magazines, en passant par les catalogues, et bien plus encore.\" \/>\n<meta name=\"robots\" content=\"index, follow, max-snippet:-1, max-image-preview:large, max-video-preview:-1\" \/>\n<link rel=\"canonical\" href=\"https:\/\/www.trustedtranslations.com\/fr\/services\/formats-de-fichiers\/quarkxpress\" \/>\n<meta property=\"og:locale\" content=\"fr_FR\" \/>\n<meta property=\"og:type\" content=\"article\" \/>\n<meta property=\"og:title\" content=\"Services de traduction pour QuarkXPress - Trusted Translations, Inc.\" \/>\n<meta property=\"og:description\" content=\"Trusted Translations est votre solution pour tous vos projets de traduction QuarkXPress\u00a0, depuis les prospectus jusqu\u2019aux journaux, aux magazines, en passant par les catalogues, et bien plus encore.\" \/>\n<meta property=\"og:url\" content=\"https:\/\/www.trustedtranslations.com\/fr\/services\/formats-de-fichiers\/quarkxpress\" \/>\n<meta property=\"og:site_name\" content=\"Trusted Translations, Inc.\" \/>\n<meta property=\"article:publisher\" content=\"https:\/\/www.facebook.com\/Trusted.Translations\" \/>\n<meta property=\"article:modified_time\" content=\"2024-09-03T14:32:21+00:00\" \/>\n<meta property=\"og:image\" content=\"https:\/\/static.trustedtranslations.com\/wp-content\/uploads\/2024\/02\/tt-icon_QuarkXPress-Translation-.webp\" \/>\n\t<meta property=\"og:image:width\" content=\"151\" \/>\n\t<meta property=\"og:image:height\" content=\"151\" \/>\n\t<meta property=\"og:image:type\" content=\"image\/webp\" \/>\n<meta name=\"twitter:card\" content=\"summary_large_image\" \/>\n<meta name=\"twitter:site\" content=\"@TrustedT9ns\" \/>\n<script type=\"application\/ld+json\" class=\"yoast-schema-graph\">{\"@context\":\"https:\\\/\\\/schema.org\",\"@graph\":[{\"@type\":\"WebPage\",\"@id\":\"https:\\\/\\\/www.trustedtranslations.com\\\/fr\\\/services\\\/formats-de-fichiers\\\/quarkxpress\",\"url\":\"https:\\\/\\\/www.trustedtranslations.com\\\/fr\\\/services\\\/formats-de-fichiers\\\/quarkxpress\",\"name\":\"Services de traduction pour QuarkXPress - Trusted Translations, Inc.\",\"isPartOf\":{\"@id\":\"https:\\\/\\\/www.trustedtranslations.com\\\/fr\\\/#website\"},\"primaryImageOfPage\":{\"@id\":\"https:\\\/\\\/www.trustedtranslations.com\\\/fr\\\/services\\\/formats-de-fichiers\\\/quarkxpress#primaryimage\"},\"image\":{\"@id\":\"https:\\\/\\\/www.trustedtranslations.com\\\/fr\\\/services\\\/formats-de-fichiers\\\/quarkxpress#primaryimage\"},\"thumbnailUrl\":\"https:\\\/\\\/www.trustedtranslations.com\\\/wp-content\\\/uploads\\\/2024\\\/02\\\/tt-icon_QuarkXPress-Translation-.webp\",\"description\":\"Trusted Translations est votre solution pour tous vos projets de traduction QuarkXPress\u00a0, depuis les prospectus jusqu\u2019aux journaux, aux magazines, en passant par les catalogues, et bien plus encore.\",\"breadcrumb\":{\"@id\":\"https:\\\/\\\/www.trustedtranslations.com\\\/fr\\\/services\\\/formats-de-fichiers\\\/quarkxpress#breadcrumb\"},\"inLanguage\":\"fr-FR\",\"potentialAction\":[{\"@type\":\"ReadAction\",\"target\":[\"https:\\\/\\\/www.trustedtranslations.com\\\/fr\\\/services\\\/formats-de-fichiers\\\/quarkxpress\"]}]},{\"@type\":\"ImageObject\",\"inLanguage\":\"fr-FR\",\"@id\":\"https:\\\/\\\/www.trustedtranslations.com\\\/fr\\\/services\\\/formats-de-fichiers\\\/quarkxpress#primaryimage\",\"url\":\"https:\\\/\\\/www.trustedtranslations.com\\\/wp-content\\\/uploads\\\/2024\\\/02\\\/tt-icon_QuarkXPress-Translation-.webp\",\"contentUrl\":\"https:\\\/\\\/www.trustedtranslations.com\\\/wp-content\\\/uploads\\\/2024\\\/02\\\/tt-icon_QuarkXPress-Translation-.webp\",\"width\":151,\"height\":151,\"caption\":\"tt icon QuarkXPress Translation\"},{\"@type\":\"BreadcrumbList\",\"@id\":\"https:\\\/\\\/www.trustedtranslations.com\\\/fr\\\/services\\\/formats-de-fichiers\\\/quarkxpress#breadcrumb\",\"itemListElement\":[{\"@type\":\"ListItem\",\"position\":1,\"name\":\"Accueil\",\"item\":\"https:\\\/\\\/www.trustedtranslations.com\\\/fr\"},{\"@type\":\"ListItem\",\"position\":2,\"name\":\"Services\",\"item\":\"https:\\\/\\\/www.trustedtranslations.com\\\/fr\\\/services\"},{\"@type\":\"ListItem\",\"position\":3,\"name\":\"Formats de fichiers\",\"item\":\"https:\\\/\\\/www.trustedtranslations.com\\\/fr\\\/services\\\/formats-de-fichiers\"},{\"@type\":\"ListItem\",\"position\":4,\"name\":\"QuarkXpress\"}]},{\"@type\":\"WebSite\",\"@id\":\"https:\\\/\\\/www.trustedtranslations.com\\\/fr\\\/#website\",\"url\":\"https:\\\/\\\/www.trustedtranslations.com\\\/fr\\\/\",\"name\":\"Trusted Translations, Inc.\",\"description\":\"Leader in translation and interpretation services.\",\"publisher\":{\"@id\":\"https:\\\/\\\/www.trustedtranslations.com\\\/fr\\\/#organization\"},\"alternateName\":\"Trusted Translations\",\"potentialAction\":[{\"@type\":\"SearchAction\",\"target\":{\"@type\":\"EntryPoint\",\"urlTemplate\":\"https:\\\/\\\/www.trustedtranslations.com\\\/fr\\\/?s={search_term_string}\"},\"query-input\":{\"@type\":\"PropertyValueSpecification\",\"valueRequired\":true,\"valueName\":\"search_term_string\"}}],\"inLanguage\":\"fr-FR\"},{\"@type\":\"Organization\",\"@id\":\"https:\\\/\\\/www.trustedtranslations.com\\\/fr\\\/#organization\",\"name\":\"Trusted Translations\",\"alternateName\":\"Trusted Translations, Inc.\",\"url\":\"https:\\\/\\\/www.trustedtranslations.com\\\/fr\\\/\",\"logo\":{\"@type\":\"ImageObject\",\"inLanguage\":\"fr-FR\",\"@id\":\"https:\\\/\\\/www.trustedtranslations.com\\\/fr\\\/#\\\/schema\\\/logo\\\/image\\\/\",\"url\":\"https:\\\/\\\/static.trustedtranslations.com\\\/wp-content\\\/uploads\\\/2022\\\/01\\\/TT_logo_WSIColors-2.png\",\"contentUrl\":\"https:\\\/\\\/static.trustedtranslations.com\\\/wp-content\\\/uploads\\\/2022\\\/01\\\/TT_logo_WSIColors-2.png\",\"width\":500,\"height\":196,\"caption\":\"Trusted Translations\"},\"image\":{\"@id\":\"https:\\\/\\\/www.trustedtranslations.com\\\/fr\\\/#\\\/schema\\\/logo\\\/image\\\/\"},\"sameAs\":[\"https:\\\/\\\/www.facebook.com\\\/Trusted.Translations\",\"https:\\\/\\\/x.com\\\/TrustedT9ns\",\"https:\\\/\\\/www.linkedin.com\\\/company\\\/trusted-translations\"]}]}<\/script>\n<!-- \/ Yoast SEO plugin. -->","yoast_head_json":{"title":"Services de traduction pour QuarkXPress - Trusted Translations, Inc.","description":"Trusted Translations est votre solution pour tous vos projets de traduction QuarkXPress\u00a0, depuis les prospectus jusqu\u2019aux journaux, aux magazines, en passant par les catalogues, et bien plus encore.","robots":{"index":"index","follow":"follow","max-snippet":"max-snippet:-1","max-image-preview":"max-image-preview:large","max-video-preview":"max-video-preview:-1"},"canonical":"https:\/\/www.trustedtranslations.com\/fr\/services\/formats-de-fichiers\/quarkxpress","og_locale":"fr_FR","og_type":"article","og_title":"Services de traduction pour QuarkXPress - Trusted Translations, Inc.","og_description":"Trusted Translations est votre solution pour tous vos projets de traduction QuarkXPress\u00a0, depuis les prospectus jusqu\u2019aux journaux, aux magazines, en passant par les catalogues, et bien plus encore.","og_url":"https:\/\/www.trustedtranslations.com\/fr\/services\/formats-de-fichiers\/quarkxpress","og_site_name":"Trusted Translations, Inc.","article_publisher":"https:\/\/www.facebook.com\/Trusted.Translations","article_modified_time":"2024-09-03T14:32:21+00:00","og_image":[{"width":151,"height":151,"url":"https:\/\/static.trustedtranslations.com\/wp-content\/uploads\/2024\/02\/tt-icon_QuarkXPress-Translation-.webp","type":"image\/webp"}],"twitter_card":"summary_large_image","twitter_site":"@TrustedT9ns","schema":{"@context":"https:\/\/schema.org","@graph":[{"@type":"WebPage","@id":"https:\/\/www.trustedtranslations.com\/fr\/services\/formats-de-fichiers\/quarkxpress","url":"https:\/\/www.trustedtranslations.com\/fr\/services\/formats-de-fichiers\/quarkxpress","name":"Services de traduction pour QuarkXPress - Trusted Translations, Inc.","isPartOf":{"@id":"https:\/\/www.trustedtranslations.com\/fr\/#website"},"primaryImageOfPage":{"@id":"https:\/\/www.trustedtranslations.com\/fr\/services\/formats-de-fichiers\/quarkxpress#primaryimage"},"image":{"@id":"https:\/\/www.trustedtranslations.com\/fr\/services\/formats-de-fichiers\/quarkxpress#primaryimage"},"thumbnailUrl":"https:\/\/www.trustedtranslations.com\/wp-content\/uploads\/2024\/02\/tt-icon_QuarkXPress-Translation-.webp","description":"Trusted Translations est votre solution pour tous vos projets de traduction QuarkXPress\u00a0, depuis les prospectus jusqu\u2019aux journaux, aux magazines, en passant par les catalogues, et bien plus encore.","breadcrumb":{"@id":"https:\/\/www.trustedtranslations.com\/fr\/services\/formats-de-fichiers\/quarkxpress#breadcrumb"},"inLanguage":"fr-FR","potentialAction":[{"@type":"ReadAction","target":["https:\/\/www.trustedtranslations.com\/fr\/services\/formats-de-fichiers\/quarkxpress"]}]},{"@type":"ImageObject","inLanguage":"fr-FR","@id":"https:\/\/www.trustedtranslations.com\/fr\/services\/formats-de-fichiers\/quarkxpress#primaryimage","url":"https:\/\/www.trustedtranslations.com\/wp-content\/uploads\/2024\/02\/tt-icon_QuarkXPress-Translation-.webp","contentUrl":"https:\/\/www.trustedtranslations.com\/wp-content\/uploads\/2024\/02\/tt-icon_QuarkXPress-Translation-.webp","width":151,"height":151,"caption":"tt icon QuarkXPress Translation"},{"@type":"BreadcrumbList","@id":"https:\/\/www.trustedtranslations.com\/fr\/services\/formats-de-fichiers\/quarkxpress#breadcrumb","itemListElement":[{"@type":"ListItem","position":1,"name":"Accueil","item":"https:\/\/www.trustedtranslations.com\/fr"},{"@type":"ListItem","position":2,"name":"Services","item":"https:\/\/www.trustedtranslations.com\/fr\/services"},{"@type":"ListItem","position":3,"name":"Formats de fichiers","item":"https:\/\/www.trustedtranslations.com\/fr\/services\/formats-de-fichiers"},{"@type":"ListItem","position":4,"name":"QuarkXpress"}]},{"@type":"WebSite","@id":"https:\/\/www.trustedtranslations.com\/fr\/#website","url":"https:\/\/www.trustedtranslations.com\/fr\/","name":"Trusted Translations, Inc.","description":"Leader in translation and interpretation services.","publisher":{"@id":"https:\/\/www.trustedtranslations.com\/fr\/#organization"},"alternateName":"Trusted Translations","potentialAction":[{"@type":"SearchAction","target":{"@type":"EntryPoint","urlTemplate":"https:\/\/www.trustedtranslations.com\/fr\/?s={search_term_string}"},"query-input":{"@type":"PropertyValueSpecification","valueRequired":true,"valueName":"search_term_string"}}],"inLanguage":"fr-FR"},{"@type":"Organization","@id":"https:\/\/www.trustedtranslations.com\/fr\/#organization","name":"Trusted Translations","alternateName":"Trusted Translations, Inc.","url":"https:\/\/www.trustedtranslations.com\/fr\/","logo":{"@type":"ImageObject","inLanguage":"fr-FR","@id":"https:\/\/www.trustedtranslations.com\/fr\/#\/schema\/logo\/image\/","url":"https:\/\/static.trustedtranslations.com\/wp-content\/uploads\/2022\/01\/TT_logo_WSIColors-2.png","contentUrl":"https:\/\/static.trustedtranslations.com\/wp-content\/uploads\/2022\/01\/TT_logo_WSIColors-2.png","width":500,"height":196,"caption":"Trusted Translations"},"image":{"@id":"https:\/\/www.trustedtranslations.com\/fr\/#\/schema\/logo\/image\/"},"sameAs":["https:\/\/www.facebook.com\/Trusted.Translations","https:\/\/x.com\/TrustedT9ns","https:\/\/www.linkedin.com\/company\/trusted-translations"]}]}},"toolset-meta":{"dyk":{"mensaje-1":{"type":"textfield","raw":"Nous sommes votre solution unique pour tous vos besoins de traduction QuarkXPress."},"mensaje-2":{"type":"textfield","raw":"Nos traducteurs sp\u00e9cialis\u00e9s fournissent les traductions au format QuarkXPress les plus pr\u00e9cises."},"mensaje-3":{"type":"textfield","raw":"Nous vous remettons vos projets de traduction QuarkXPress pr\u00eats \u00e0 \u00eatre utilis\u00e9s imm\u00e9diatement."},"mensaje-4":{"type":"textfield","raw":"Nous traduirons vos cr\u00e9ations QuarkXPress depuis et vers plus de 200 langues."},"mensaje-5":{"type":"textfield","raw":""},"mensaje-6":{"type":"textfield","raw":""}},"single-page-template-fields":{"imgs-temp":{"type":"image","raw":["https:\/\/static.trustedtranslations.com\/wp-content\/uploads\/2024\/06\/Group-63-1.webp"],"repeatable":[{"raw":"https:\/\/static.trustedtranslations.com\/wp-content\/uploads\/2024\/06\/Group-63-1.webp"}]},"imgs-temp-cel":{"type":"image","raw":[""],"repeatable":[{"raw":""}]},"img-temp-one-cel":{"type":"image","raw":"https:\/\/static.trustedtranslations.com\/wp-content\/uploads\/2024\/03\/AdobeStock_385542563-2-1.webp","attachment_id":null},"quotes":{"type":"textarea","raw":"<h1 style=\"margin-bottom: 12px;\">Services de traduction QuarkXPress<\/h1>\r\n<em>Trusted Translations<\/em> est votre solution int\u00e9grale pour tous vos besoins de traduction de fichiers QuarkXPress. Que vous souhaitiez traduire des prospectus d\u2019une seule page, des journaux, des magazines ou des catalogues, l\u2019\u00e9quipe d\u2019experts de Trusted Translations vous fournira les traductions QuarkXPress les plus fid\u00e8lement traduites et les mieux con\u00e7ues.\r\n<div style=\"margin-top: 2.5vw;\"><a class=\"tt-btn-main-cta\" href=\"\/fr\/devis-traduction\">DEMANDEZ UN DEVIS GRATUIT<\/a><\/div>"},"text-1":{"type":"textarea","raw":"<h2>Traduction et mise en forme expertes pour les documents QuarkXPress<\/h2>\r\nChez\u00a0<em>Trusted Translations<\/em>, nous fournissons non seulement les traductions les plus professionnelles et les plus pr\u00e9cises du secteur, mais nous livrons \u00e9galement la traduction finale dans le m\u00eame format que le document original. Cela vous \u00e9vite d\u2019avoir \u00e0 chercher et \u00e0 engager une soci\u00e9t\u00e9 de graphisme distincte pour reformater vos images, et vous permet d\u2019utiliser le document traduit imm\u00e9diatement.\r\n<h2>Processus de traduction QuarkXPress<\/h2>\r\nNous traduisons les documents QuarkXPress en plusieurs \u00e9tapes afin de nous assurer que le r\u00e9sultat obtenu est de la plus haute qualit\u00e9. D\u00e8s r\u00e9ception du document, notre \u00e9quipe d\u2019experts de la publication assist\u00e9e par ordinateur extrait l\u2019ensemble du texte \u00e0 traduire. Cela permet \u00e0 nos traducteurs de travailler avec nos outils de traduction assist\u00e9e par ordinateur (outils TAO), et d\u2019assurer ainsi une traduction plus pr\u00e9cise. Nos traducteurs sp\u00e9cialis\u00e9s par secteur veilleront \u00e0 ce que vous receviez une traduction sp\u00e9cialis\u00e9e pour toutes vos cr\u00e9ations QuarkXPress afin de vous permettre d\u2019atteindre votre public cible. Le document passe ensuite par une derni\u00e8re \u00e9tape de publication assist\u00e9e par ordinateur afin de r\u00e9ajuster le formatage et la mise en page au nouveau texte traduit. Notre \u00e9quipe d\u2019experts traduit tous les types de documents, notamment es prospectus, les journaux, les magazines, les catalogues, pour n\u2019en nommer que quelques-uns, en vous permettant de toucher un public plus large. M\u00eame les documents contenant un graphisme et une mise en page complexes vous seront livr\u00e9s avec leur graphisme et pr\u00eats \u00e0 \u00eatre utilis\u00e9s imm\u00e9diatement."},"shortcode-map":{"type":"textfield","raw":""},"dyk-shortcode":{"type":"textfield","raw":"[elementor-template id=\"146546\"]"},"text-2":{"type":"textarea","raw":"<h2>Travailler avec diff\u00e9rentes versions de QuarkXpress<\/h2>\r\nL\u2019historique des versions de QuarkXPress est \u00e0 peu pr\u00e8s aussi long que celui de tout autre logiciel reconnu. Cela signifie que nous sommes amen\u00e9s \u00e0 en conna\u00eetre un certain nombre pour satisfaire les besoins de traduction de nos clients. Nombre d\u2019anciennes versions ne sont pas compatibles avec les outils de traduction assist\u00e9e par ordinateur (outils de TAO) et requi\u00e8rent quelques \u00e9tapes suppl\u00e9mentaires pr\u00e9alables \u00e0 la traduction, tandis que les versions plus modernes sont compatibles avec nos outils de traduction assist\u00e9e par ordinateur et sont imm\u00e9diatement pr\u00eates pour la traduction. Chez\u00a0<em>Trusted Translations<\/em>, nous disposons des outils et de l\u2019expertise n\u00e9cessaires pour travailler avec toutes les versions de QuarkXPress que nos clients peuvent nous fournir. Notre \u00e9quipe de sp\u00e9cialistes de la publication assist\u00e9e par ordinateur rel\u00e8vera les d\u00e9fis de vos cr\u00e9ations QuarkXPress et les adaptera aussi fid\u00e8lement que possible au contenu original, tout en livrant la m\u00eame version de QuarkXPress que celle du document source.\r\n<h2>Conversion des fichiers QuarkXpress au format InDesign pour les langues non prises en charge<\/h2>\r\nDans sa version la plus r\u00e9cente, QuarkXPress est en mesure de prendre en charge environ 36\u00a0langues, sans compter l\u2019anglais. Bien que 36 puisse sembler un nombre consid\u00e9rable,\u00a0<em>Trusted Translations<\/em>\u00a0travaille avec plus de 200\u00a0langues. Que se passe-t-il lorsque nous recevons un document qui doit \u00eatre traduit dans une langue non prise en charge par QuarkXPress, telle que le swahili, l\u2019ouzbek ou l\u2019amharique\u00a0? C\u2019est l\u00e0 que notre \u00e9quipe de publication assist\u00e9e par ordinateur intervient. Notre \u00e9quipe de PAO recr\u00e9era votre document QuarkXPress dans un format InDesign, ce qui nous permettra de travailler avec un plus grand nombre d\u2019options linguistiques, en vous permettant ainsi d\u2019atteindre votre public cible. Si la langue que vous souhaitez traduire n\u2019est pas prise en charge par QuarkXPress et doit \u00eatre convertie au format InDesign, vous recevrez un document InDesign qui ressemblera le plus possible \u00e0 l\u2019original. Notre \u00e9quipe d\u2019experts de la PAO formatera le document de mani\u00e8re \u00e0 ne rien perdre de ses caract\u00e9ristiques d\u2019origine."},"state":{"type":"textfield","raw":""},"city":{"type":"textarea","raw":[]}}},"_links":{"self":[{"href":"https:\/\/www.trustedtranslations.com\/fr\/wp-json\/wp\/v2\/pages\/128812","targetHints":{"allow":["GET"]}}],"collection":[{"href":"https:\/\/www.trustedtranslations.com\/fr\/wp-json\/wp\/v2\/pages"}],"about":[{"href":"https:\/\/www.trustedtranslations.com\/fr\/wp-json\/wp\/v2\/types\/page"}],"author":[{"embeddable":true,"href":"https:\/\/www.trustedtranslations.com\/fr\/wp-json\/wp\/v2\/users\/1"}],"replies":[{"embeddable":true,"href":"https:\/\/www.trustedtranslations.com\/fr\/wp-json\/wp\/v2\/comments?post=128812"}],"version-history":[{"count":0,"href":"https:\/\/www.trustedtranslations.com\/fr\/wp-json\/wp\/v2\/pages\/128812\/revisions"}],"up":[{"embeddable":true,"href":"https:\/\/www.trustedtranslations.com\/fr\/wp-json\/wp\/v2\/pages\/128853"}],"wp:featuredmedia":[{"embeddable":true,"href":"https:\/\/www.trustedtranslations.com\/fr\/wp-json\/wp\/v2\/media\/238287"}],"wp:attachment":[{"href":"https:\/\/www.trustedtranslations.com\/fr\/wp-json\/wp\/v2\/media?parent=128812"}],"curies":[{"name":"wp","href":"https:\/\/api.w.org\/{rel}","templated":true}]}}