{"id":128816,"date":"2020-01-15T18:00:37","date_gmt":"2020-01-15T18:00:37","guid":{"rendered":"https:\/\/www.trustedtranslations.com\/?page_id=128816"},"modified":"2024-09-03T11:30:39","modified_gmt":"2024-09-03T14:30:39","slug":"pages-for-mac","status":"publish","type":"page","link":"https:\/\/www.trustedtranslations.com\/fr\/services\/formats-de-fichiers\/pages-for-mac","title":{"rendered":"Pages for Mac"},"content":{"rendered":"","protected":false},"excerpt":{"rendered":"","protected":false},"author":1,"featured_media":238209,"parent":128853,"menu_order":10,"comment_status":"closed","ping_status":"closed","template":"","meta":{"site-sidebar-layout":"default","site-content-layout":"default","ast-site-content-layout":"default","site-content-style":"default","site-sidebar-style":"default","ast-global-header-display":"","ast-banner-title-visibility":"","ast-main-header-display":"","ast-hfb-above-header-display":"","ast-hfb-below-header-display":"","ast-hfb-mobile-header-display":"","site-post-title":"disabled","ast-breadcrumbs-content":"","ast-featured-img":"","footer-sml-layout":"","theme-transparent-header-meta":"default","adv-header-id-meta":"","stick-header-meta":"","header-above-stick-meta":"","header-main-stick-meta":"","header-below-stick-meta":"","astra-migrate-meta-layouts":"set","ast-page-background-enabled":"default","ast-page-background-meta":{"desktop":{"background-color":"var(--ast-global-color-4)","background-image":"","background-repeat":"repeat","background-position":"center center","background-size":"auto","background-attachment":"scroll","background-type":"","background-media":"","overlay-type":"","overlay-color":"","overlay-opacity":"","overlay-gradient":""},"tablet":{"background-color":"","background-image":"","background-repeat":"repeat","background-position":"center center","background-size":"auto","background-attachment":"scroll","background-type":"","background-media":"","overlay-type":"","overlay-color":"","overlay-opacity":"","overlay-gradient":""},"mobile":{"background-color":"","background-image":"","background-repeat":"repeat","background-position":"center center","background-size":"auto","background-attachment":"scroll","background-type":"","background-media":"","overlay-type":"","overlay-color":"","overlay-opacity":"","overlay-gradient":""}},"ast-content-background-meta":{"desktop":{"background-color":"var(--ast-global-color-5)","background-image":"","background-repeat":"repeat","background-position":"center center","background-size":"auto","background-attachment":"scroll","background-type":"","background-media":"","overlay-type":"","overlay-color":"","overlay-opacity":"","overlay-gradient":""},"tablet":{"background-color":"var(--ast-global-color-5)","background-image":"","background-repeat":"repeat","background-position":"center center","background-size":"auto","background-attachment":"scroll","background-type":"","background-media":"","overlay-type":"","overlay-color":"","overlay-opacity":"","overlay-gradient":""},"mobile":{"background-color":"var(--ast-global-color-5)","background-image":"","background-repeat":"repeat","background-position":"center center","background-size":"auto","background-attachment":"scroll","background-type":"","background-media":"","overlay-type":"","overlay-color":"","overlay-opacity":"","overlay-gradient":""}},"footnotes":""},"class_list":["post-128816","page","type-page","status-publish","has-post-thumbnail","hentry"],"yoast_head":"<!-- This site is optimized with the Yoast SEO plugin v27.5 - https:\/\/yoast.com\/product\/yoast-seo-wordpress\/ -->\n<title>Services de traduction pour Pages pour Mac - Trusted Translations, Inc.<\/title>\n<meta name=\"description\" content=\"Que vous utilisiez Pages pour le traitement de texte ou la mise en page, l\u2019\u00e9quipe d\u2019experts de Trusted Translations vous fournira un produit traduit avec pr\u00e9cision.\" \/>\n<meta name=\"robots\" content=\"index, follow, max-snippet:-1, max-image-preview:large, max-video-preview:-1\" \/>\n<link rel=\"canonical\" href=\"https:\/\/www.trustedtranslations.com\/fr\/services\/formats-de-fichiers\/pages-for-mac\" \/>\n<meta property=\"og:locale\" content=\"fr_FR\" \/>\n<meta property=\"og:type\" content=\"article\" \/>\n<meta property=\"og:title\" content=\"Services de traduction pour Pages pour Mac - Trusted Translations, Inc.\" \/>\n<meta property=\"og:description\" content=\"Que vous utilisiez Pages pour le traitement de texte ou la mise en page, l\u2019\u00e9quipe d\u2019experts de Trusted Translations vous fournira un produit traduit avec pr\u00e9cision.\" \/>\n<meta property=\"og:url\" content=\"https:\/\/www.trustedtranslations.com\/fr\/services\/formats-de-fichiers\/pages-for-mac\" \/>\n<meta property=\"og:site_name\" content=\"Trusted Translations, Inc.\" \/>\n<meta property=\"article:publisher\" content=\"https:\/\/www.facebook.com\/Trusted.Translations\" \/>\n<meta property=\"article:modified_time\" content=\"2024-09-03T14:30:39+00:00\" \/>\n<meta property=\"og:image\" content=\"https:\/\/static.trustedtranslations.com\/wp-content\/uploads\/2024\/02\/tt-icon_Pages-Translation-Servic.webp\" \/>\n\t<meta property=\"og:image:width\" content=\"151\" \/>\n\t<meta property=\"og:image:height\" content=\"151\" \/>\n\t<meta property=\"og:image:type\" content=\"image\/webp\" \/>\n<meta name=\"twitter:card\" content=\"summary_large_image\" \/>\n<meta name=\"twitter:site\" content=\"@TrustedT9ns\" \/>\n<script type=\"application\/ld+json\" class=\"yoast-schema-graph\">{\"@context\":\"https:\\\/\\\/schema.org\",\"@graph\":[{\"@type\":\"WebPage\",\"@id\":\"https:\\\/\\\/www.trustedtranslations.com\\\/fr\\\/services\\\/formats-de-fichiers\\\/pages-for-mac\",\"url\":\"https:\\\/\\\/www.trustedtranslations.com\\\/fr\\\/services\\\/formats-de-fichiers\\\/pages-for-mac\",\"name\":\"Services de traduction pour Pages pour Mac - Trusted Translations, Inc.\",\"isPartOf\":{\"@id\":\"https:\\\/\\\/www.trustedtranslations.com\\\/fr\\\/#website\"},\"primaryImageOfPage\":{\"@id\":\"https:\\\/\\\/www.trustedtranslations.com\\\/fr\\\/services\\\/formats-de-fichiers\\\/pages-for-mac#primaryimage\"},\"image\":{\"@id\":\"https:\\\/\\\/www.trustedtranslations.com\\\/fr\\\/services\\\/formats-de-fichiers\\\/pages-for-mac#primaryimage\"},\"thumbnailUrl\":\"https:\\\/\\\/www.trustedtranslations.com\\\/wp-content\\\/uploads\\\/2024\\\/02\\\/tt-icon_Pages-Translation-Servic.webp\",\"description\":\"Que vous utilisiez Pages pour le traitement de texte ou la mise en page, l\u2019\u00e9quipe d\u2019experts de Trusted Translations vous fournira un produit traduit avec pr\u00e9cision.\",\"breadcrumb\":{\"@id\":\"https:\\\/\\\/www.trustedtranslations.com\\\/fr\\\/services\\\/formats-de-fichiers\\\/pages-for-mac#breadcrumb\"},\"inLanguage\":\"fr-FR\",\"potentialAction\":[{\"@type\":\"ReadAction\",\"target\":[\"https:\\\/\\\/www.trustedtranslations.com\\\/fr\\\/services\\\/formats-de-fichiers\\\/pages-for-mac\"]}]},{\"@type\":\"ImageObject\",\"inLanguage\":\"fr-FR\",\"@id\":\"https:\\\/\\\/www.trustedtranslations.com\\\/fr\\\/services\\\/formats-de-fichiers\\\/pages-for-mac#primaryimage\",\"url\":\"https:\\\/\\\/www.trustedtranslations.com\\\/wp-content\\\/uploads\\\/2024\\\/02\\\/tt-icon_Pages-Translation-Servic.webp\",\"contentUrl\":\"https:\\\/\\\/www.trustedtranslations.com\\\/wp-content\\\/uploads\\\/2024\\\/02\\\/tt-icon_Pages-Translation-Servic.webp\",\"width\":151,\"height\":151,\"caption\":\"tt icon Pages Translation Servic\"},{\"@type\":\"BreadcrumbList\",\"@id\":\"https:\\\/\\\/www.trustedtranslations.com\\\/fr\\\/services\\\/formats-de-fichiers\\\/pages-for-mac#breadcrumb\",\"itemListElement\":[{\"@type\":\"ListItem\",\"position\":1,\"name\":\"Accueil\",\"item\":\"https:\\\/\\\/www.trustedtranslations.com\\\/fr\"},{\"@type\":\"ListItem\",\"position\":2,\"name\":\"Services\",\"item\":\"https:\\\/\\\/www.trustedtranslations.com\\\/fr\\\/services\"},{\"@type\":\"ListItem\",\"position\":3,\"name\":\"Formats de fichiers\",\"item\":\"https:\\\/\\\/www.trustedtranslations.com\\\/fr\\\/services\\\/formats-de-fichiers\"},{\"@type\":\"ListItem\",\"position\":4,\"name\":\"Pages for Mac\"}]},{\"@type\":\"WebSite\",\"@id\":\"https:\\\/\\\/www.trustedtranslations.com\\\/fr\\\/#website\",\"url\":\"https:\\\/\\\/www.trustedtranslations.com\\\/fr\\\/\",\"name\":\"Trusted Translations, Inc.\",\"description\":\"Leader in translation and interpretation services.\",\"publisher\":{\"@id\":\"https:\\\/\\\/www.trustedtranslations.com\\\/fr\\\/#organization\"},\"alternateName\":\"Trusted Translations\",\"potentialAction\":[{\"@type\":\"SearchAction\",\"target\":{\"@type\":\"EntryPoint\",\"urlTemplate\":\"https:\\\/\\\/www.trustedtranslations.com\\\/fr\\\/?s={search_term_string}\"},\"query-input\":{\"@type\":\"PropertyValueSpecification\",\"valueRequired\":true,\"valueName\":\"search_term_string\"}}],\"inLanguage\":\"fr-FR\"},{\"@type\":\"Organization\",\"@id\":\"https:\\\/\\\/www.trustedtranslations.com\\\/fr\\\/#organization\",\"name\":\"Trusted Translations\",\"alternateName\":\"Trusted Translations, Inc.\",\"url\":\"https:\\\/\\\/www.trustedtranslations.com\\\/fr\\\/\",\"logo\":{\"@type\":\"ImageObject\",\"inLanguage\":\"fr-FR\",\"@id\":\"https:\\\/\\\/www.trustedtranslations.com\\\/fr\\\/#\\\/schema\\\/logo\\\/image\\\/\",\"url\":\"https:\\\/\\\/static.trustedtranslations.com\\\/wp-content\\\/uploads\\\/2022\\\/01\\\/TT_logo_WSIColors-2.png\",\"contentUrl\":\"https:\\\/\\\/static.trustedtranslations.com\\\/wp-content\\\/uploads\\\/2022\\\/01\\\/TT_logo_WSIColors-2.png\",\"width\":500,\"height\":196,\"caption\":\"Trusted Translations\"},\"image\":{\"@id\":\"https:\\\/\\\/www.trustedtranslations.com\\\/fr\\\/#\\\/schema\\\/logo\\\/image\\\/\"},\"sameAs\":[\"https:\\\/\\\/www.facebook.com\\\/Trusted.Translations\",\"https:\\\/\\\/x.com\\\/TrustedT9ns\",\"https:\\\/\\\/www.linkedin.com\\\/company\\\/trusted-translations\"]}]}<\/script>\n<!-- \/ Yoast SEO plugin. -->","yoast_head_json":{"title":"Services de traduction pour Pages pour Mac - Trusted Translations, Inc.","description":"Que vous utilisiez Pages pour le traitement de texte ou la mise en page, l\u2019\u00e9quipe d\u2019experts de Trusted Translations vous fournira un produit traduit avec pr\u00e9cision.","robots":{"index":"index","follow":"follow","max-snippet":"max-snippet:-1","max-image-preview":"max-image-preview:large","max-video-preview":"max-video-preview:-1"},"canonical":"https:\/\/www.trustedtranslations.com\/fr\/services\/formats-de-fichiers\/pages-for-mac","og_locale":"fr_FR","og_type":"article","og_title":"Services de traduction pour Pages pour Mac - Trusted Translations, Inc.","og_description":"Que vous utilisiez Pages pour le traitement de texte ou la mise en page, l\u2019\u00e9quipe d\u2019experts de Trusted Translations vous fournira un produit traduit avec pr\u00e9cision.","og_url":"https:\/\/www.trustedtranslations.com\/fr\/services\/formats-de-fichiers\/pages-for-mac","og_site_name":"Trusted Translations, Inc.","article_publisher":"https:\/\/www.facebook.com\/Trusted.Translations","article_modified_time":"2024-09-03T14:30:39+00:00","og_image":[{"width":151,"height":151,"url":"https:\/\/static.trustedtranslations.com\/wp-content\/uploads\/2024\/02\/tt-icon_Pages-Translation-Servic.webp","type":"image\/webp"}],"twitter_card":"summary_large_image","twitter_site":"@TrustedT9ns","schema":{"@context":"https:\/\/schema.org","@graph":[{"@type":"WebPage","@id":"https:\/\/www.trustedtranslations.com\/fr\/services\/formats-de-fichiers\/pages-for-mac","url":"https:\/\/www.trustedtranslations.com\/fr\/services\/formats-de-fichiers\/pages-for-mac","name":"Services de traduction pour Pages pour Mac - Trusted Translations, Inc.","isPartOf":{"@id":"https:\/\/www.trustedtranslations.com\/fr\/#website"},"primaryImageOfPage":{"@id":"https:\/\/www.trustedtranslations.com\/fr\/services\/formats-de-fichiers\/pages-for-mac#primaryimage"},"image":{"@id":"https:\/\/www.trustedtranslations.com\/fr\/services\/formats-de-fichiers\/pages-for-mac#primaryimage"},"thumbnailUrl":"https:\/\/www.trustedtranslations.com\/wp-content\/uploads\/2024\/02\/tt-icon_Pages-Translation-Servic.webp","description":"Que vous utilisiez Pages pour le traitement de texte ou la mise en page, l\u2019\u00e9quipe d\u2019experts de Trusted Translations vous fournira un produit traduit avec pr\u00e9cision.","breadcrumb":{"@id":"https:\/\/www.trustedtranslations.com\/fr\/services\/formats-de-fichiers\/pages-for-mac#breadcrumb"},"inLanguage":"fr-FR","potentialAction":[{"@type":"ReadAction","target":["https:\/\/www.trustedtranslations.com\/fr\/services\/formats-de-fichiers\/pages-for-mac"]}]},{"@type":"ImageObject","inLanguage":"fr-FR","@id":"https:\/\/www.trustedtranslations.com\/fr\/services\/formats-de-fichiers\/pages-for-mac#primaryimage","url":"https:\/\/www.trustedtranslations.com\/wp-content\/uploads\/2024\/02\/tt-icon_Pages-Translation-Servic.webp","contentUrl":"https:\/\/www.trustedtranslations.com\/wp-content\/uploads\/2024\/02\/tt-icon_Pages-Translation-Servic.webp","width":151,"height":151,"caption":"tt icon Pages Translation Servic"},{"@type":"BreadcrumbList","@id":"https:\/\/www.trustedtranslations.com\/fr\/services\/formats-de-fichiers\/pages-for-mac#breadcrumb","itemListElement":[{"@type":"ListItem","position":1,"name":"Accueil","item":"https:\/\/www.trustedtranslations.com\/fr"},{"@type":"ListItem","position":2,"name":"Services","item":"https:\/\/www.trustedtranslations.com\/fr\/services"},{"@type":"ListItem","position":3,"name":"Formats de fichiers","item":"https:\/\/www.trustedtranslations.com\/fr\/services\/formats-de-fichiers"},{"@type":"ListItem","position":4,"name":"Pages for Mac"}]},{"@type":"WebSite","@id":"https:\/\/www.trustedtranslations.com\/fr\/#website","url":"https:\/\/www.trustedtranslations.com\/fr\/","name":"Trusted Translations, Inc.","description":"Leader in translation and interpretation services.","publisher":{"@id":"https:\/\/www.trustedtranslations.com\/fr\/#organization"},"alternateName":"Trusted Translations","potentialAction":[{"@type":"SearchAction","target":{"@type":"EntryPoint","urlTemplate":"https:\/\/www.trustedtranslations.com\/fr\/?s={search_term_string}"},"query-input":{"@type":"PropertyValueSpecification","valueRequired":true,"valueName":"search_term_string"}}],"inLanguage":"fr-FR"},{"@type":"Organization","@id":"https:\/\/www.trustedtranslations.com\/fr\/#organization","name":"Trusted Translations","alternateName":"Trusted Translations, Inc.","url":"https:\/\/www.trustedtranslations.com\/fr\/","logo":{"@type":"ImageObject","inLanguage":"fr-FR","@id":"https:\/\/www.trustedtranslations.com\/fr\/#\/schema\/logo\/image\/","url":"https:\/\/static.trustedtranslations.com\/wp-content\/uploads\/2022\/01\/TT_logo_WSIColors-2.png","contentUrl":"https:\/\/static.trustedtranslations.com\/wp-content\/uploads\/2022\/01\/TT_logo_WSIColors-2.png","width":500,"height":196,"caption":"Trusted Translations"},"image":{"@id":"https:\/\/www.trustedtranslations.com\/fr\/#\/schema\/logo\/image\/"},"sameAs":["https:\/\/www.facebook.com\/Trusted.Translations","https:\/\/x.com\/TrustedT9ns","https:\/\/www.linkedin.com\/company\/trusted-translations"]}]}},"toolset-meta":{"dyk":{"mensaje-1":{"type":"textfield","raw":"Nous fournissons des traductions Pages pr\u00eates \u00e0 \u00eatre utilis\u00e9es imm\u00e9diatement dans plusieurs formats de fichiers."},"mensaje-2":{"type":"textfield","raw":"Gagnez du temps en nous faisant confiance pour vos besoins en traduction et en PAO."},"mensaje-3":{"type":"textfield","raw":"Notre \u00e9quipe de PAO extraira des documents MS Word de vos fichiers Pages pour les traduire individuellement."},"mensaje-4":{"type":"textfield","raw":"Nos experts pr\u00e9serveront tous les \u00e9l\u00e9ments de mise en page, graphiques et m\u00e9dias de vos pages."},"mensaje-5":{"type":"textfield","raw":""},"mensaje-6":{"type":"textfield","raw":""}},"single-page-template-fields":{"imgs-temp":{"type":"image","raw":["https:\/\/static.trustedtranslations.com\/wp-content\/uploads\/2024\/06\/Group-74-2-1.webp"],"repeatable":[{"raw":"https:\/\/static.trustedtranslations.com\/wp-content\/uploads\/2024\/06\/Group-74-2-1.webp"}]},"imgs-temp-cel":{"type":"image","raw":[""],"repeatable":[{"raw":""}]},"img-temp-one-cel":{"type":"image","raw":"https:\/\/static.trustedtranslations.com\/wp-content\/uploads\/2024\/03\/AdobeStock_385542563-2-1.webp","attachment_id":null},"quotes":{"type":"textarea","raw":"<h1 style=\"margin-bottom: 12px;\">Services de traduction de Pages pour Mac<\/h1>\r\nChez Trusted Translations, nous comprenons qu\u2019il est important d\u2019utiliser un traitement de texte et une application de mise en page efficaces et conviviaux, tels que Pages d\u2019Apple, afin de cr\u00e9er des documents et des projets de conception professionnels. Pour tous vos besoins de traduction Pages for Mac et Pages for iOS, notre \u00e9quipe d\u2019experts constitue votre solution int\u00e9grale pour la production de documents finaux traduits de mani\u00e8re professionnelle et parfaitement mis en forme.\r\n<div style=\"margin-top: 2.5vw;\"><a class=\"tt-btn-main-cta\" href=\"\/fr\/devis-traduction\">DEMANDEZ UN DEVIS GRATUIT<\/a><\/div>"},"text-1":{"type":"textarea","raw":"<h2>Traduction et publication assist\u00e9e par ordinateur de qualit\u00e9 sup\u00e9rieure pour votre Pages<\/h2>\r\nNous garantissons des traductions de la plus haute qualit\u00e9 au sein du secteur pour toutes vos affiches, lettres d\u2019information, brochures, certificats, rapports, lettres officielles et plus encore. Que vous utilisiez Pages \u00e0 des fins de traitement de texte ou de mise en page, nos traducteurs sp\u00e9cialis\u00e9s par secteur vous proposeront un produit traduit et localis\u00e9 avec pr\u00e9cision, pr\u00eat \u00e0 \u00eatre diffus\u00e9 \u00e0 un large public. Et notre \u00e9quipe de publication assist\u00e9e par ordinateur s\u2019assurera qu\u2019il est parfaitement format\u00e9 pour assurer son utilisation imm\u00e9diate.\r\n<h2>Publication assist\u00e9e par ordinateur pour Pages for Mac et Pages for iOS<\/h2>\r\nChez\u00a0<em>Trusted Translations<\/em>, nous savons qu\u2019un document Pages for Mac et Pages for iOS peut contenir de nombreux \u00e9l\u00e9ments dont il faut tenir compte au cours du processus de traduction. Nous pensons que chaque \u00e9l\u00e9ment d\u2019un projet de traduction doit \u00eatre respect\u00e9, pris en charge et ex\u00e9cut\u00e9 de fa\u00e7on efficace\u00a0; qu\u2019il s\u2019agisse d\u2019en-t\u00eates, de pieds de page, de photographies, de graphiques interactifs, d\u2019images, de cellules, de tableaux ou d\u2019\u00e9quations, ou de contenus tels que les vid\u00e9os, les sons et les diagrammes, pour n\u2019en nommer que quelques-uns. De m\u00eame, si votre document Pages contient des documents Microsoft Word int\u00e9gr\u00e9s, notre \u00e9quipe de publication assist\u00e9e par ordinateur extraira ces derniers afin de les soumettre \u00e0 un processus de traduction individuel. En savoir plus sur nos services de traduction pour Microsoft Word\u00a0<a class=\"broken_link\" href=\"https:\/\/www.trustedtranslations.com\/fr\/services\/formats-de-fichiers\/word\">ici<\/a>. Notre \u00e9quipe d\u2019experts de la traduction et de la publication assist\u00e9e par ordinateur veillera \u00e0 ce que le produit final soit traduit professionnellement et que chaque composant de votre document Pages soit parfaitement r\u00e9incorpor\u00e9 et pr\u00eat pour une utilisation imm\u00e9diate. En outre, sur votre demande, nous travaillerons avec l\u2019\u00e9quipe de conception graphique de votre entreprise. Nous prenons en charge tous les projets de traduction Pages, quelle que soit leur taille ou leur complexit\u00e9, pour livrer des documents Pages traduits par des professionnels et habilement mis en page."},"shortcode-map":{"type":"textfield","raw":""},"dyk-shortcode":{"type":"textfield","raw":"[elementor-template id=\"146546\"]"},"text-2":{"type":"textarea","raw":"<h2>Conversion du format Apple Pages vers Microsoft Word<\/h2>\r\nLorsque vous confiez vos projets de traduction Apple Pages \u00e0\u00a0<em>Trusted Translations<\/em>, vous ne devez vous soucier d\u2019aucune autre \u00e9tape suppl\u00e9mentaire, que cela soit avant ou apr\u00e8s la traduction\u00a0; nous sommes votre solution int\u00e9grale. Sur votre demande, nous pouvons convertir vos documents Pages for Mac au format Microsoft Word, dans le cas o\u00f9 votre destinataire ne serait pas en mesure d\u2019ouvrir un document Pages sur son poste de travail. Cela vous fera non seulement gagner du temps et vous \u00e9vitera d\u2019avoir \u00e0 convertir le document vous-m\u00eame, mais cela rendra vos cr\u00e9ations Pages accessibles \u00e0 un public plus large.\u00a0<em>Trusted Translations<\/em>\u00a0est votre fournisseur int\u00e9gral pour tous vos besoins de traduction Pages\u00a0; nous garantissons que chaque \u00e9l\u00e9ment du document sera de la plus haute qualit\u00e9 et pr\u00eat pour une utilisation imm\u00e9diate."},"state":{"type":"textfield","raw":""},"city":{"type":"textarea","raw":[]}}},"_links":{"self":[{"href":"https:\/\/www.trustedtranslations.com\/fr\/wp-json\/wp\/v2\/pages\/128816","targetHints":{"allow":["GET"]}}],"collection":[{"href":"https:\/\/www.trustedtranslations.com\/fr\/wp-json\/wp\/v2\/pages"}],"about":[{"href":"https:\/\/www.trustedtranslations.com\/fr\/wp-json\/wp\/v2\/types\/page"}],"author":[{"embeddable":true,"href":"https:\/\/www.trustedtranslations.com\/fr\/wp-json\/wp\/v2\/users\/1"}],"replies":[{"embeddable":true,"href":"https:\/\/www.trustedtranslations.com\/fr\/wp-json\/wp\/v2\/comments?post=128816"}],"version-history":[{"count":0,"href":"https:\/\/www.trustedtranslations.com\/fr\/wp-json\/wp\/v2\/pages\/128816\/revisions"}],"up":[{"embeddable":true,"href":"https:\/\/www.trustedtranslations.com\/fr\/wp-json\/wp\/v2\/pages\/128853"}],"wp:featuredmedia":[{"embeddable":true,"href":"https:\/\/www.trustedtranslations.com\/fr\/wp-json\/wp\/v2\/media\/238209"}],"wp:attachment":[{"href":"https:\/\/www.trustedtranslations.com\/fr\/wp-json\/wp\/v2\/media?parent=128816"}],"curies":[{"name":"wp","href":"https:\/\/api.w.org\/{rel}","templated":true}]}}