{"id":128820,"date":"2020-01-15T17:17:06","date_gmt":"2020-01-15T17:17:06","guid":{"rendered":"https:\/\/www.trustedtranslations.com\/?page_id=128820"},"modified":"2024-09-03T11:31:19","modified_gmt":"2024-09-03T14:31:19","slug":"pdf","status":"publish","type":"page","link":"https:\/\/www.trustedtranslations.com\/fr\/services\/formats-de-fichiers\/pdf","title":{"rendered":"PDF \u2013 Adobe Reader"},"content":{"rendered":"","protected":false},"excerpt":{"rendered":"","protected":false},"author":1,"featured_media":237979,"parent":128853,"menu_order":1,"comment_status":"closed","ping_status":"closed","template":"","meta":{"site-sidebar-layout":"default","site-content-layout":"default","ast-site-content-layout":"default","site-content-style":"default","site-sidebar-style":"default","ast-global-header-display":"","ast-banner-title-visibility":"","ast-main-header-display":"","ast-hfb-above-header-display":"","ast-hfb-below-header-display":"","ast-hfb-mobile-header-display":"","site-post-title":"disabled","ast-breadcrumbs-content":"","ast-featured-img":"","footer-sml-layout":"","ast-disable-related-posts":"","theme-transparent-header-meta":"default","adv-header-id-meta":"","stick-header-meta":"","header-above-stick-meta":"","header-main-stick-meta":"","header-below-stick-meta":"","astra-migrate-meta-layouts":"set","ast-page-background-enabled":"default","ast-page-background-meta":{"desktop":{"background-color":"var(--ast-global-color-4)","background-image":"","background-repeat":"repeat","background-position":"center center","background-size":"auto","background-attachment":"scroll","background-type":"","background-media":"","overlay-type":"","overlay-color":"","overlay-opacity":"","overlay-gradient":""},"tablet":{"background-color":"","background-image":"","background-repeat":"repeat","background-position":"center center","background-size":"auto","background-attachment":"scroll","background-type":"","background-media":"","overlay-type":"","overlay-color":"","overlay-opacity":"","overlay-gradient":""},"mobile":{"background-color":"","background-image":"","background-repeat":"repeat","background-position":"center center","background-size":"auto","background-attachment":"scroll","background-type":"","background-media":"","overlay-type":"","overlay-color":"","overlay-opacity":"","overlay-gradient":""}},"ast-content-background-meta":{"desktop":{"background-color":"var(--ast-global-color-5)","background-image":"","background-repeat":"repeat","background-position":"center center","background-size":"auto","background-attachment":"scroll","background-type":"","background-media":"","overlay-type":"","overlay-color":"","overlay-opacity":"","overlay-gradient":""},"tablet":{"background-color":"var(--ast-global-color-5)","background-image":"","background-repeat":"repeat","background-position":"center center","background-size":"auto","background-attachment":"scroll","background-type":"","background-media":"","overlay-type":"","overlay-color":"","overlay-opacity":"","overlay-gradient":""},"mobile":{"background-color":"var(--ast-global-color-5)","background-image":"","background-repeat":"repeat","background-position":"center center","background-size":"auto","background-attachment":"scroll","background-type":"","background-media":"","overlay-type":"","overlay-color":"","overlay-opacity":"","overlay-gradient":""}},"footnotes":""},"class_list":["post-128820","page","type-page","status-publish","has-post-thumbnail","hentry"],"yoast_head":"<!-- This site is optimized with the Yoast SEO plugin v27.5 - https:\/\/yoast.com\/product\/yoast-seo-wordpress\/ -->\n<title>Services de traduction pour PDF - Trusted Translations, Inc.<\/title>\n<meta name=\"description\" content=\"D\u00e9couvrez des solutions linguistiques pour PDF de haute qualit\u00e9 chez Trusted Translations. Nos traducteurs fournissent des traductions pr\u00e9cises et fiables pour vos fichiers PDF. Demander un devis.\" \/>\n<meta name=\"robots\" content=\"index, follow, max-snippet:-1, max-image-preview:large, max-video-preview:-1\" \/>\n<link rel=\"canonical\" href=\"https:\/\/www.trustedtranslations.com\/fr\/services\/formats-de-fichiers\/pdf\" \/>\n<meta property=\"og:locale\" content=\"fr_FR\" \/>\n<meta property=\"og:type\" content=\"article\" \/>\n<meta property=\"og:title\" content=\"Services de traduction pour PDF - Trusted Translations, Inc.\" \/>\n<meta property=\"og:description\" content=\"D\u00e9couvrez des solutions linguistiques pour PDF de haute qualit\u00e9 chez Trusted Translations. Nos traducteurs fournissent des traductions pr\u00e9cises et fiables pour vos fichiers PDF. Demander un devis.\" \/>\n<meta property=\"og:url\" content=\"https:\/\/www.trustedtranslations.com\/fr\/services\/formats-de-fichiers\/pdf\" \/>\n<meta property=\"og:site_name\" content=\"Trusted Translations, Inc.\" \/>\n<meta property=\"article:publisher\" content=\"https:\/\/www.facebook.com\/Trusted.Translations\" \/>\n<meta property=\"article:modified_time\" content=\"2024-09-03T14:31:19+00:00\" \/>\n<meta property=\"og:image\" content=\"https:\/\/static.trustedtranslations.com\/wp-content\/uploads\/2024\/02\/tt-icon_PDF-Translation-Services.webp\" \/>\n\t<meta property=\"og:image:width\" content=\"151\" \/>\n\t<meta property=\"og:image:height\" content=\"151\" \/>\n\t<meta property=\"og:image:type\" content=\"image\/webp\" \/>\n<meta name=\"twitter:card\" content=\"summary_large_image\" \/>\n<meta name=\"twitter:site\" content=\"@TrustedT9ns\" \/>\n<script type=\"application\/ld+json\" class=\"yoast-schema-graph\">{\"@context\":\"https:\\\/\\\/schema.org\",\"@graph\":[{\"@type\":\"WebPage\",\"@id\":\"https:\\\/\\\/www.trustedtranslations.com\\\/fr\\\/services\\\/formats-de-fichiers\\\/pdf\",\"url\":\"https:\\\/\\\/www.trustedtranslations.com\\\/fr\\\/services\\\/formats-de-fichiers\\\/pdf\",\"name\":\"Services de traduction pour PDF - Trusted Translations, Inc.\",\"isPartOf\":{\"@id\":\"https:\\\/\\\/www.trustedtranslations.com\\\/fr\\\/#website\"},\"primaryImageOfPage\":{\"@id\":\"https:\\\/\\\/www.trustedtranslations.com\\\/fr\\\/services\\\/formats-de-fichiers\\\/pdf#primaryimage\"},\"image\":{\"@id\":\"https:\\\/\\\/www.trustedtranslations.com\\\/fr\\\/services\\\/formats-de-fichiers\\\/pdf#primaryimage\"},\"thumbnailUrl\":\"https:\\\/\\\/www.trustedtranslations.com\\\/wp-content\\\/uploads\\\/2024\\\/02\\\/tt-icon_PDF-Translation-Services.webp\",\"description\":\"D\u00e9couvrez des solutions linguistiques pour PDF de haute qualit\u00e9 chez Trusted Translations. Nos traducteurs fournissent des traductions pr\u00e9cises et fiables pour vos fichiers PDF. Demander un devis.\",\"breadcrumb\":{\"@id\":\"https:\\\/\\\/www.trustedtranslations.com\\\/fr\\\/services\\\/formats-de-fichiers\\\/pdf#breadcrumb\"},\"inLanguage\":\"fr-FR\",\"potentialAction\":[{\"@type\":\"ReadAction\",\"target\":[\"https:\\\/\\\/www.trustedtranslations.com\\\/fr\\\/services\\\/formats-de-fichiers\\\/pdf\"]}]},{\"@type\":\"ImageObject\",\"inLanguage\":\"fr-FR\",\"@id\":\"https:\\\/\\\/www.trustedtranslations.com\\\/fr\\\/services\\\/formats-de-fichiers\\\/pdf#primaryimage\",\"url\":\"https:\\\/\\\/www.trustedtranslations.com\\\/wp-content\\\/uploads\\\/2024\\\/02\\\/tt-icon_PDF-Translation-Services.webp\",\"contentUrl\":\"https:\\\/\\\/www.trustedtranslations.com\\\/wp-content\\\/uploads\\\/2024\\\/02\\\/tt-icon_PDF-Translation-Services.webp\",\"width\":151,\"height\":151,\"caption\":\"tt icon PDF Translation Services\"},{\"@type\":\"BreadcrumbList\",\"@id\":\"https:\\\/\\\/www.trustedtranslations.com\\\/fr\\\/services\\\/formats-de-fichiers\\\/pdf#breadcrumb\",\"itemListElement\":[{\"@type\":\"ListItem\",\"position\":1,\"name\":\"Accueil\",\"item\":\"https:\\\/\\\/www.trustedtranslations.com\\\/fr\"},{\"@type\":\"ListItem\",\"position\":2,\"name\":\"Services\",\"item\":\"https:\\\/\\\/www.trustedtranslations.com\\\/fr\\\/services\"},{\"@type\":\"ListItem\",\"position\":3,\"name\":\"Formats de fichiers\",\"item\":\"https:\\\/\\\/www.trustedtranslations.com\\\/fr\\\/services\\\/formats-de-fichiers\"},{\"@type\":\"ListItem\",\"position\":4,\"name\":\"PDF \u2013 Adobe Reader\"}]},{\"@type\":\"WebSite\",\"@id\":\"https:\\\/\\\/www.trustedtranslations.com\\\/fr\\\/#website\",\"url\":\"https:\\\/\\\/www.trustedtranslations.com\\\/fr\\\/\",\"name\":\"Trusted Translations, Inc.\",\"description\":\"Leader in translation and interpretation services.\",\"publisher\":{\"@id\":\"https:\\\/\\\/www.trustedtranslations.com\\\/fr\\\/#organization\"},\"alternateName\":\"Trusted Translations\",\"potentialAction\":[{\"@type\":\"SearchAction\",\"target\":{\"@type\":\"EntryPoint\",\"urlTemplate\":\"https:\\\/\\\/www.trustedtranslations.com\\\/fr\\\/?s={search_term_string}\"},\"query-input\":{\"@type\":\"PropertyValueSpecification\",\"valueRequired\":true,\"valueName\":\"search_term_string\"}}],\"inLanguage\":\"fr-FR\"},{\"@type\":\"Organization\",\"@id\":\"https:\\\/\\\/www.trustedtranslations.com\\\/fr\\\/#organization\",\"name\":\"Trusted Translations\",\"alternateName\":\"Trusted Translations, Inc.\",\"url\":\"https:\\\/\\\/www.trustedtranslations.com\\\/fr\\\/\",\"logo\":{\"@type\":\"ImageObject\",\"inLanguage\":\"fr-FR\",\"@id\":\"https:\\\/\\\/www.trustedtranslations.com\\\/fr\\\/#\\\/schema\\\/logo\\\/image\\\/\",\"url\":\"https:\\\/\\\/static.trustedtranslations.com\\\/wp-content\\\/uploads\\\/2022\\\/01\\\/TT_logo_WSIColors-2.png\",\"contentUrl\":\"https:\\\/\\\/static.trustedtranslations.com\\\/wp-content\\\/uploads\\\/2022\\\/01\\\/TT_logo_WSIColors-2.png\",\"width\":500,\"height\":196,\"caption\":\"Trusted Translations\"},\"image\":{\"@id\":\"https:\\\/\\\/www.trustedtranslations.com\\\/fr\\\/#\\\/schema\\\/logo\\\/image\\\/\"},\"sameAs\":[\"https:\\\/\\\/www.facebook.com\\\/Trusted.Translations\",\"https:\\\/\\\/x.com\\\/TrustedT9ns\",\"https:\\\/\\\/www.linkedin.com\\\/company\\\/trusted-translations\"]}]}<\/script>\n<!-- \/ Yoast SEO plugin. -->","yoast_head_json":{"title":"Services de traduction pour PDF - Trusted Translations, Inc.","description":"D\u00e9couvrez des solutions linguistiques pour PDF de haute qualit\u00e9 chez Trusted Translations. Nos traducteurs fournissent des traductions pr\u00e9cises et fiables pour vos fichiers PDF. Demander un devis.","robots":{"index":"index","follow":"follow","max-snippet":"max-snippet:-1","max-image-preview":"max-image-preview:large","max-video-preview":"max-video-preview:-1"},"canonical":"https:\/\/www.trustedtranslations.com\/fr\/services\/formats-de-fichiers\/pdf","og_locale":"fr_FR","og_type":"article","og_title":"Services de traduction pour PDF - Trusted Translations, Inc.","og_description":"D\u00e9couvrez des solutions linguistiques pour PDF de haute qualit\u00e9 chez Trusted Translations. Nos traducteurs fournissent des traductions pr\u00e9cises et fiables pour vos fichiers PDF. Demander un devis.","og_url":"https:\/\/www.trustedtranslations.com\/fr\/services\/formats-de-fichiers\/pdf","og_site_name":"Trusted Translations, Inc.","article_publisher":"https:\/\/www.facebook.com\/Trusted.Translations","article_modified_time":"2024-09-03T14:31:19+00:00","og_image":[{"width":151,"height":151,"url":"https:\/\/static.trustedtranslations.com\/wp-content\/uploads\/2024\/02\/tt-icon_PDF-Translation-Services.webp","type":"image\/webp"}],"twitter_card":"summary_large_image","twitter_site":"@TrustedT9ns","schema":{"@context":"https:\/\/schema.org","@graph":[{"@type":"WebPage","@id":"https:\/\/www.trustedtranslations.com\/fr\/services\/formats-de-fichiers\/pdf","url":"https:\/\/www.trustedtranslations.com\/fr\/services\/formats-de-fichiers\/pdf","name":"Services de traduction pour PDF - Trusted Translations, Inc.","isPartOf":{"@id":"https:\/\/www.trustedtranslations.com\/fr\/#website"},"primaryImageOfPage":{"@id":"https:\/\/www.trustedtranslations.com\/fr\/services\/formats-de-fichiers\/pdf#primaryimage"},"image":{"@id":"https:\/\/www.trustedtranslations.com\/fr\/services\/formats-de-fichiers\/pdf#primaryimage"},"thumbnailUrl":"https:\/\/www.trustedtranslations.com\/wp-content\/uploads\/2024\/02\/tt-icon_PDF-Translation-Services.webp","description":"D\u00e9couvrez des solutions linguistiques pour PDF de haute qualit\u00e9 chez Trusted Translations. Nos traducteurs fournissent des traductions pr\u00e9cises et fiables pour vos fichiers PDF. Demander un devis.","breadcrumb":{"@id":"https:\/\/www.trustedtranslations.com\/fr\/services\/formats-de-fichiers\/pdf#breadcrumb"},"inLanguage":"fr-FR","potentialAction":[{"@type":"ReadAction","target":["https:\/\/www.trustedtranslations.com\/fr\/services\/formats-de-fichiers\/pdf"]}]},{"@type":"ImageObject","inLanguage":"fr-FR","@id":"https:\/\/www.trustedtranslations.com\/fr\/services\/formats-de-fichiers\/pdf#primaryimage","url":"https:\/\/www.trustedtranslations.com\/wp-content\/uploads\/2024\/02\/tt-icon_PDF-Translation-Services.webp","contentUrl":"https:\/\/www.trustedtranslations.com\/wp-content\/uploads\/2024\/02\/tt-icon_PDF-Translation-Services.webp","width":151,"height":151,"caption":"tt icon PDF Translation Services"},{"@type":"BreadcrumbList","@id":"https:\/\/www.trustedtranslations.com\/fr\/services\/formats-de-fichiers\/pdf#breadcrumb","itemListElement":[{"@type":"ListItem","position":1,"name":"Accueil","item":"https:\/\/www.trustedtranslations.com\/fr"},{"@type":"ListItem","position":2,"name":"Services","item":"https:\/\/www.trustedtranslations.com\/fr\/services"},{"@type":"ListItem","position":3,"name":"Formats de fichiers","item":"https:\/\/www.trustedtranslations.com\/fr\/services\/formats-de-fichiers"},{"@type":"ListItem","position":4,"name":"PDF \u2013 Adobe Reader"}]},{"@type":"WebSite","@id":"https:\/\/www.trustedtranslations.com\/fr\/#website","url":"https:\/\/www.trustedtranslations.com\/fr\/","name":"Trusted Translations, Inc.","description":"Leader in translation and interpretation services.","publisher":{"@id":"https:\/\/www.trustedtranslations.com\/fr\/#organization"},"alternateName":"Trusted Translations","potentialAction":[{"@type":"SearchAction","target":{"@type":"EntryPoint","urlTemplate":"https:\/\/www.trustedtranslations.com\/fr\/?s={search_term_string}"},"query-input":{"@type":"PropertyValueSpecification","valueRequired":true,"valueName":"search_term_string"}}],"inLanguage":"fr-FR"},{"@type":"Organization","@id":"https:\/\/www.trustedtranslations.com\/fr\/#organization","name":"Trusted Translations","alternateName":"Trusted Translations, Inc.","url":"https:\/\/www.trustedtranslations.com\/fr\/","logo":{"@type":"ImageObject","inLanguage":"fr-FR","@id":"https:\/\/www.trustedtranslations.com\/fr\/#\/schema\/logo\/image\/","url":"https:\/\/static.trustedtranslations.com\/wp-content\/uploads\/2022\/01\/TT_logo_WSIColors-2.png","contentUrl":"https:\/\/static.trustedtranslations.com\/wp-content\/uploads\/2022\/01\/TT_logo_WSIColors-2.png","width":500,"height":196,"caption":"Trusted Translations"},"image":{"@id":"https:\/\/www.trustedtranslations.com\/fr\/#\/schema\/logo\/image\/"},"sameAs":["https:\/\/www.facebook.com\/Trusted.Translations","https:\/\/x.com\/TrustedT9ns","https:\/\/www.linkedin.com\/company\/trusted-translations"]}]}},"toolset-meta":{"dyk":{"mensaje-1":{"type":"textfield","raw":"Nos outils permettent au traducteur de voir le texte cible dans le contexte de la mise en page initiale."},"mensaje-2":{"type":"textfield","raw":"Trusted Translations fournit des services internes de publication assist\u00e9e par ordinateur pour les PDF."},"mensaje-3":{"type":"textfield","raw":"Votre document PDF traduit ne n\u00e9cessitera aucune \u00e9tape suppl\u00e9mentaire."},"mensaje-4":{"type":"textfield","raw":"Nous traduirons m\u00eame les documents PDF num\u00e9ris\u00e9s les plus complexes."},"mensaje-5":{"type":"textfield","raw":""},"mensaje-6":{"type":"textfield","raw":""}},"single-page-template-fields":{"imgs-temp":{"type":"image","raw":["https:\/\/static.trustedtranslations.com\/wp-content\/uploads\/2024\/06\/Group-77-1-1.webp"],"repeatable":[{"raw":"https:\/\/static.trustedtranslations.com\/wp-content\/uploads\/2024\/06\/Group-77-1-1.webp"}]},"imgs-temp-cel":{"type":"image","raw":[""],"repeatable":[{"raw":""}]},"img-temp-one-cel":{"type":"image","raw":"https:\/\/static.trustedtranslations.com\/wp-content\/uploads\/2024\/03\/AdobeStock_385542563-2-1.webp","attachment_id":null},"quotes":{"type":"textarea","raw":"<h1 style=\"margin-bottom: 12px;\">Services de traduction de PDF<\/h1>\r\nImaginez pouvoir envoyer le document PDF que vous souhaitez traduire \u00e0 une soci\u00e9t\u00e9 de traduction et recevoir en retour un document PDF enti\u00e8rement traduit sans remarquer la diff\u00e9rence entre le PDF original et le PDF traduit. Avec Trusted Translations, c\u2019est possible. Nous livrons non seulement des traductions d\u2019une qualit\u00e9 incomparable, mais nous pouvons \u00e9galement traduire les documents PDF les plus complexes.\r\n<div style=\"margin-top: 2.5vw;\"><a class=\"tt-btn-main-cta\" href=\"\/fr\/devis-traduction\">DEMANDEZ UN DEVIS GRATUIT<\/a><\/div>"},"text-1":{"type":"textarea","raw":"<h2>Traduction de fichiers PDF<\/h2>\r\nLorsque vous choisissez\u00a0<em>Trusted Translations<\/em>\u00a0pour vos projets de traduction de fichiers PDF, vous avez la garantie de recevoir un produit final ex\u00e9cut\u00e9 de mani\u00e8re professionnelle, et pr\u00eat pour une utilisation imm\u00e9diate. Que le document source que vous nous fournissez soit au format PDF ou pas, notre \u00e9quipe d\u2019experts s\u2019assure que tous les \u00e9l\u00e9ments de votre document original sont pris en compte et ex\u00e9cut\u00e9s en cons\u00e9quence. Nos traducteurs sp\u00e9cialis\u00e9s par secteur sont des experts dans leurs domaines respectifs et fourniront les traductions les plus pr\u00e9cises du secteur. En outre, nos traducteurs localisent la traduction afin que vous puissiez simultan\u00e9ment atteindre un large public mondial et un public cible plus sp\u00e9cifique. Notre \u00e9quipe PAO reformate professionnellement la mise en page du document PDF cible avec le texte traduit pour qu\u2019il ressemble exactement au document source. Lorsque vous travaillez avec\u00a0<em>Trusted Translations<\/em>\u00a0sur un projet de traduction de PDF, vous ne devez passer par aucune \u00e9tape suppl\u00e9mentaire. Vous recevez donc un document PDF enti\u00e8rement traduit et mis en page dans la langue cible, pr\u00eat pour une utilisation imm\u00e9diate."},"shortcode-map":{"type":"textfield","raw":""},"dyk-shortcode":{"type":"textfield","raw":"[elementor-template id=\"146546\"]"},"text-2":{"type":"textarea","raw":"<h2>Guichet unique pour vos traductions de fichiers PDF<\/h2>\r\nSouvent, lorsque vous recevez un texte traduit par la soci\u00e9t\u00e9 de traduction que vous engag\u00e9, vous devez ensuite trouver une soci\u00e9t\u00e9 de graphisme pour ajuster la mise en page et les \u00e9l\u00e9ments graphiques du document. L\u2019avantage de travailler avec\u00a0<em>Trusted Translations<\/em>\u00a0est le fait que nous fournissons \u00e9galement des services de PAO. Voici quelques avantages, parmi de nombreux autres, au fait d\u2019avoir recours \u00e0 la m\u00eame soci\u00e9t\u00e9 pour ex\u00e9cuter les deux services\u00a0:\r\n<ol>\r\n \t<li>Lorsqu\u2019un document est traduit, le client re\u00e7oit le produit final. Il n\u2019a pas besoin de passer par des \u00e9tapes suppl\u00e9mentaires. Lorsque vous nous remettez un PDF, vous recevez un PDF traduit et au graphisme professionnel en retour.<\/li>\r\n \t<li>Il est g\u00e9n\u00e9ralement plus \u00e9conomique de passer par la m\u00eame soci\u00e9t\u00e9 pour les services de traduction et les services de publication assist\u00e9e par ordinateur, au lieu de traiter avec deux soci\u00e9t\u00e9s diff\u00e9rentes pour r\u00e9aliser chaque t\u00e2che s\u00e9par\u00e9ment. En outre,\u00a0<em>Trusted Translations<\/em>\u00a0travaille, sur demande, avec votre \u00e9quipe interne de graphistes ou avec celle de votre client.<\/li>\r\n \t<li>L\u2019avantage le plus b\u00e9n\u00e9fique est peut-\u00eatre que le traducteur peut voir, directement, \u00e0 quoi ressemble le document traduit dans les limites du cadre et de l\u2019espace du document original.<\/li>\r\n<\/ol>\r\n<em>Trusted Translations<\/em>\u00a0est en mesure de vous fournir tous les avantages susmentionn\u00e9s lorsque vous travaillez avec nous. Lorsque nous vous remettons votre document PDF traduit, vous n\u2019avez \u00e0 passer par aucune autre \u00e9tape, et l\u2019apparence du document que nous vous livrons est identique \u00e0 celle de l\u2019original. Lorsque vous remettez un PDF \u00e0\u00a0<em>Trusted Translations<\/em>, vous recevez un PDF r\u00e9alis\u00e9 par des professionnels de la traduction et du graphisme."},"state":{"type":"textfield","raw":""},"city":{"type":"textarea","raw":[]}}},"_links":{"self":[{"href":"https:\/\/www.trustedtranslations.com\/fr\/wp-json\/wp\/v2\/pages\/128820","targetHints":{"allow":["GET"]}}],"collection":[{"href":"https:\/\/www.trustedtranslations.com\/fr\/wp-json\/wp\/v2\/pages"}],"about":[{"href":"https:\/\/www.trustedtranslations.com\/fr\/wp-json\/wp\/v2\/types\/page"}],"author":[{"embeddable":true,"href":"https:\/\/www.trustedtranslations.com\/fr\/wp-json\/wp\/v2\/users\/1"}],"replies":[{"embeddable":true,"href":"https:\/\/www.trustedtranslations.com\/fr\/wp-json\/wp\/v2\/comments?post=128820"}],"version-history":[{"count":0,"href":"https:\/\/www.trustedtranslations.com\/fr\/wp-json\/wp\/v2\/pages\/128820\/revisions"}],"up":[{"embeddable":true,"href":"https:\/\/www.trustedtranslations.com\/fr\/wp-json\/wp\/v2\/pages\/128853"}],"wp:featuredmedia":[{"embeddable":true,"href":"https:\/\/www.trustedtranslations.com\/fr\/wp-json\/wp\/v2\/media\/237979"}],"wp:attachment":[{"href":"https:\/\/www.trustedtranslations.com\/fr\/wp-json\/wp\/v2\/media?parent=128820"}],"curies":[{"name":"wp","href":"https:\/\/api.w.org\/{rel}","templated":true}]}}