{"id":128821,"date":"2019-10-16T13:37:20","date_gmt":"2019-10-16T13:37:20","guid":{"rendered":"https:\/\/www.trustedtranslations.com\/?page_id=128821"},"modified":"2024-09-06T12:49:02","modified_gmt":"2024-09-06T15:49:02","slug":"powerpoint","status":"publish","type":"page","link":"https:\/\/www.trustedtranslations.com\/fr\/services\/formats-de-fichiers\/powerpoint","title":{"rendered":"Microsoft PowerPoint"},"content":{"rendered":"","protected":false},"excerpt":{"rendered":"","protected":false},"author":1,"featured_media":238094,"parent":128853,"menu_order":5,"comment_status":"closed","ping_status":"closed","template":"","meta":{"site-sidebar-layout":"default","site-content-layout":"default","ast-site-content-layout":"default","site-content-style":"default","site-sidebar-style":"default","ast-global-header-display":"","ast-banner-title-visibility":"","ast-main-header-display":"","ast-hfb-above-header-display":"","ast-hfb-below-header-display":"","ast-hfb-mobile-header-display":"","site-post-title":"disabled","ast-breadcrumbs-content":"","ast-featured-img":"","footer-sml-layout":"","theme-transparent-header-meta":"default","adv-header-id-meta":"","stick-header-meta":"","header-above-stick-meta":"","header-main-stick-meta":"","header-below-stick-meta":"","astra-migrate-meta-layouts":"set","ast-page-background-enabled":"default","ast-page-background-meta":{"desktop":{"background-color":"var(--ast-global-color-4)","background-image":"","background-repeat":"repeat","background-position":"center center","background-size":"auto","background-attachment":"scroll","background-type":"","background-media":"","overlay-type":"","overlay-color":"","overlay-opacity":"","overlay-gradient":""},"tablet":{"background-color":"","background-image":"","background-repeat":"repeat","background-position":"center center","background-size":"auto","background-attachment":"scroll","background-type":"","background-media":"","overlay-type":"","overlay-color":"","overlay-opacity":"","overlay-gradient":""},"mobile":{"background-color":"","background-image":"","background-repeat":"repeat","background-position":"center center","background-size":"auto","background-attachment":"scroll","background-type":"","background-media":"","overlay-type":"","overlay-color":"","overlay-opacity":"","overlay-gradient":""}},"ast-content-background-meta":{"desktop":{"background-color":"var(--ast-global-color-5)","background-image":"","background-repeat":"repeat","background-position":"center center","background-size":"auto","background-attachment":"scroll","background-type":"","background-media":"","overlay-type":"","overlay-color":"","overlay-opacity":"","overlay-gradient":""},"tablet":{"background-color":"var(--ast-global-color-5)","background-image":"","background-repeat":"repeat","background-position":"center center","background-size":"auto","background-attachment":"scroll","background-type":"","background-media":"","overlay-type":"","overlay-color":"","overlay-opacity":"","overlay-gradient":""},"mobile":{"background-color":"var(--ast-global-color-5)","background-image":"","background-repeat":"repeat","background-position":"center center","background-size":"auto","background-attachment":"scroll","background-type":"","background-media":"","overlay-type":"","overlay-color":"","overlay-opacity":"","overlay-gradient":""}},"footnotes":""},"class_list":["post-128821","page","type-page","status-publish","has-post-thumbnail","hentry"],"yoast_head":"<!-- This site is optimized with the Yoast SEO plugin v27.5 - https:\/\/yoast.com\/product\/yoast-seo-wordpress\/ -->\n<title>Services de traduction sur PowerPoint - Trusted Translations, inc.<\/title>\n<meta name=\"description\" content=\"Choisissez Trusted Translations pour des traductions sur PowerPoint pr\u00e9cises et rapides par des experts natifs. Demandez un devis gratuit aujourd\u2019hui.\" \/>\n<meta name=\"robots\" content=\"index, follow, max-snippet:-1, max-image-preview:large, max-video-preview:-1\" \/>\n<link rel=\"canonical\" href=\"https:\/\/www.trustedtranslations.com\/fr\/services\/formats-de-fichiers\/powerpoint\" \/>\n<meta property=\"og:locale\" content=\"fr_FR\" \/>\n<meta property=\"og:type\" content=\"article\" \/>\n<meta property=\"og:title\" content=\"Services de traduction sur PowerPoint - Trusted Translations, inc.\" \/>\n<meta property=\"og:description\" content=\"Choisissez Trusted Translations pour des traductions sur PowerPoint pr\u00e9cises et rapides par des experts natifs. Demandez un devis gratuit aujourd\u2019hui.\" \/>\n<meta property=\"og:url\" content=\"https:\/\/www.trustedtranslations.com\/fr\/services\/formats-de-fichiers\/powerpoint\" \/>\n<meta property=\"og:site_name\" content=\"Trusted Translations, Inc.\" \/>\n<meta property=\"article:publisher\" content=\"https:\/\/www.facebook.com\/Trusted.Translations\" \/>\n<meta property=\"article:modified_time\" content=\"2024-09-06T15:49:02+00:00\" \/>\n<meta property=\"og:image\" content=\"https:\/\/static.trustedtranslations.com\/wp-content\/uploads\/2024\/02\/tt-icon_Microsoft-PowerPoint.webp\" \/>\n\t<meta property=\"og:image:width\" content=\"151\" \/>\n\t<meta property=\"og:image:height\" content=\"151\" \/>\n\t<meta property=\"og:image:type\" content=\"image\/webp\" \/>\n<meta name=\"twitter:card\" content=\"summary_large_image\" \/>\n<meta name=\"twitter:site\" content=\"@TrustedT9ns\" \/>\n<script type=\"application\/ld+json\" class=\"yoast-schema-graph\">{\"@context\":\"https:\\\/\\\/schema.org\",\"@graph\":[{\"@type\":\"WebPage\",\"@id\":\"https:\\\/\\\/www.trustedtranslations.com\\\/fr\\\/services\\\/formats-de-fichiers\\\/powerpoint\",\"url\":\"https:\\\/\\\/www.trustedtranslations.com\\\/fr\\\/services\\\/formats-de-fichiers\\\/powerpoint\",\"name\":\"Services de traduction sur PowerPoint - Trusted Translations, inc.\",\"isPartOf\":{\"@id\":\"https:\\\/\\\/www.trustedtranslations.com\\\/fr\\\/#website\"},\"primaryImageOfPage\":{\"@id\":\"https:\\\/\\\/www.trustedtranslations.com\\\/fr\\\/services\\\/formats-de-fichiers\\\/powerpoint#primaryimage\"},\"image\":{\"@id\":\"https:\\\/\\\/www.trustedtranslations.com\\\/fr\\\/services\\\/formats-de-fichiers\\\/powerpoint#primaryimage\"},\"thumbnailUrl\":\"https:\\\/\\\/www.trustedtranslations.com\\\/wp-content\\\/uploads\\\/2024\\\/02\\\/tt-icon_Microsoft-PowerPoint.webp\",\"description\":\"Choisissez Trusted Translations pour des traductions sur PowerPoint pr\u00e9cises et rapides par des experts natifs. Demandez un devis gratuit aujourd\u2019hui.\",\"breadcrumb\":{\"@id\":\"https:\\\/\\\/www.trustedtranslations.com\\\/fr\\\/services\\\/formats-de-fichiers\\\/powerpoint#breadcrumb\"},\"inLanguage\":\"fr-FR\",\"potentialAction\":[{\"@type\":\"ReadAction\",\"target\":[\"https:\\\/\\\/www.trustedtranslations.com\\\/fr\\\/services\\\/formats-de-fichiers\\\/powerpoint\"]}]},{\"@type\":\"ImageObject\",\"inLanguage\":\"fr-FR\",\"@id\":\"https:\\\/\\\/www.trustedtranslations.com\\\/fr\\\/services\\\/formats-de-fichiers\\\/powerpoint#primaryimage\",\"url\":\"https:\\\/\\\/www.trustedtranslations.com\\\/wp-content\\\/uploads\\\/2024\\\/02\\\/tt-icon_Microsoft-PowerPoint.webp\",\"contentUrl\":\"https:\\\/\\\/www.trustedtranslations.com\\\/wp-content\\\/uploads\\\/2024\\\/02\\\/tt-icon_Microsoft-PowerPoint.webp\",\"width\":151,\"height\":151,\"caption\":\"tt icon Microsoft PowerPoint\"},{\"@type\":\"BreadcrumbList\",\"@id\":\"https:\\\/\\\/www.trustedtranslations.com\\\/fr\\\/services\\\/formats-de-fichiers\\\/powerpoint#breadcrumb\",\"itemListElement\":[{\"@type\":\"ListItem\",\"position\":1,\"name\":\"Accueil\",\"item\":\"https:\\\/\\\/www.trustedtranslations.com\\\/fr\"},{\"@type\":\"ListItem\",\"position\":2,\"name\":\"Services\",\"item\":\"https:\\\/\\\/www.trustedtranslations.com\\\/fr\\\/services\"},{\"@type\":\"ListItem\",\"position\":3,\"name\":\"Formats de fichiers\",\"item\":\"https:\\\/\\\/www.trustedtranslations.com\\\/fr\\\/services\\\/formats-de-fichiers\"},{\"@type\":\"ListItem\",\"position\":4,\"name\":\"Microsoft PowerPoint\"}]},{\"@type\":\"WebSite\",\"@id\":\"https:\\\/\\\/www.trustedtranslations.com\\\/fr\\\/#website\",\"url\":\"https:\\\/\\\/www.trustedtranslations.com\\\/fr\\\/\",\"name\":\"Trusted Translations, Inc.\",\"description\":\"Leader in translation and interpretation services.\",\"publisher\":{\"@id\":\"https:\\\/\\\/www.trustedtranslations.com\\\/fr\\\/#organization\"},\"alternateName\":\"Trusted Translations\",\"potentialAction\":[{\"@type\":\"SearchAction\",\"target\":{\"@type\":\"EntryPoint\",\"urlTemplate\":\"https:\\\/\\\/www.trustedtranslations.com\\\/fr\\\/?s={search_term_string}\"},\"query-input\":{\"@type\":\"PropertyValueSpecification\",\"valueRequired\":true,\"valueName\":\"search_term_string\"}}],\"inLanguage\":\"fr-FR\"},{\"@type\":\"Organization\",\"@id\":\"https:\\\/\\\/www.trustedtranslations.com\\\/fr\\\/#organization\",\"name\":\"Trusted Translations\",\"alternateName\":\"Trusted Translations, Inc.\",\"url\":\"https:\\\/\\\/www.trustedtranslations.com\\\/fr\\\/\",\"logo\":{\"@type\":\"ImageObject\",\"inLanguage\":\"fr-FR\",\"@id\":\"https:\\\/\\\/www.trustedtranslations.com\\\/fr\\\/#\\\/schema\\\/logo\\\/image\\\/\",\"url\":\"https:\\\/\\\/static.trustedtranslations.com\\\/wp-content\\\/uploads\\\/2022\\\/01\\\/TT_logo_WSIColors-2.png\",\"contentUrl\":\"https:\\\/\\\/static.trustedtranslations.com\\\/wp-content\\\/uploads\\\/2022\\\/01\\\/TT_logo_WSIColors-2.png\",\"width\":500,\"height\":196,\"caption\":\"Trusted Translations\"},\"image\":{\"@id\":\"https:\\\/\\\/www.trustedtranslations.com\\\/fr\\\/#\\\/schema\\\/logo\\\/image\\\/\"},\"sameAs\":[\"https:\\\/\\\/www.facebook.com\\\/Trusted.Translations\",\"https:\\\/\\\/x.com\\\/TrustedT9ns\",\"https:\\\/\\\/www.linkedin.com\\\/company\\\/trusted-translations\"]}]}<\/script>\n<!-- \/ Yoast SEO plugin. -->","yoast_head_json":{"title":"Services de traduction sur PowerPoint - Trusted Translations, inc.","description":"Choisissez Trusted Translations pour des traductions sur PowerPoint pr\u00e9cises et rapides par des experts natifs. Demandez un devis gratuit aujourd\u2019hui.","robots":{"index":"index","follow":"follow","max-snippet":"max-snippet:-1","max-image-preview":"max-image-preview:large","max-video-preview":"max-video-preview:-1"},"canonical":"https:\/\/www.trustedtranslations.com\/fr\/services\/formats-de-fichiers\/powerpoint","og_locale":"fr_FR","og_type":"article","og_title":"Services de traduction sur PowerPoint - Trusted Translations, inc.","og_description":"Choisissez Trusted Translations pour des traductions sur PowerPoint pr\u00e9cises et rapides par des experts natifs. Demandez un devis gratuit aujourd\u2019hui.","og_url":"https:\/\/www.trustedtranslations.com\/fr\/services\/formats-de-fichiers\/powerpoint","og_site_name":"Trusted Translations, Inc.","article_publisher":"https:\/\/www.facebook.com\/Trusted.Translations","article_modified_time":"2024-09-06T15:49:02+00:00","og_image":[{"width":151,"height":151,"url":"https:\/\/static.trustedtranslations.com\/wp-content\/uploads\/2024\/02\/tt-icon_Microsoft-PowerPoint.webp","type":"image\/webp"}],"twitter_card":"summary_large_image","twitter_site":"@TrustedT9ns","schema":{"@context":"https:\/\/schema.org","@graph":[{"@type":"WebPage","@id":"https:\/\/www.trustedtranslations.com\/fr\/services\/formats-de-fichiers\/powerpoint","url":"https:\/\/www.trustedtranslations.com\/fr\/services\/formats-de-fichiers\/powerpoint","name":"Services de traduction sur PowerPoint - Trusted Translations, inc.","isPartOf":{"@id":"https:\/\/www.trustedtranslations.com\/fr\/#website"},"primaryImageOfPage":{"@id":"https:\/\/www.trustedtranslations.com\/fr\/services\/formats-de-fichiers\/powerpoint#primaryimage"},"image":{"@id":"https:\/\/www.trustedtranslations.com\/fr\/services\/formats-de-fichiers\/powerpoint#primaryimage"},"thumbnailUrl":"https:\/\/www.trustedtranslations.com\/wp-content\/uploads\/2024\/02\/tt-icon_Microsoft-PowerPoint.webp","description":"Choisissez Trusted Translations pour des traductions sur PowerPoint pr\u00e9cises et rapides par des experts natifs. Demandez un devis gratuit aujourd\u2019hui.","breadcrumb":{"@id":"https:\/\/www.trustedtranslations.com\/fr\/services\/formats-de-fichiers\/powerpoint#breadcrumb"},"inLanguage":"fr-FR","potentialAction":[{"@type":"ReadAction","target":["https:\/\/www.trustedtranslations.com\/fr\/services\/formats-de-fichiers\/powerpoint"]}]},{"@type":"ImageObject","inLanguage":"fr-FR","@id":"https:\/\/www.trustedtranslations.com\/fr\/services\/formats-de-fichiers\/powerpoint#primaryimage","url":"https:\/\/www.trustedtranslations.com\/wp-content\/uploads\/2024\/02\/tt-icon_Microsoft-PowerPoint.webp","contentUrl":"https:\/\/www.trustedtranslations.com\/wp-content\/uploads\/2024\/02\/tt-icon_Microsoft-PowerPoint.webp","width":151,"height":151,"caption":"tt icon Microsoft PowerPoint"},{"@type":"BreadcrumbList","@id":"https:\/\/www.trustedtranslations.com\/fr\/services\/formats-de-fichiers\/powerpoint#breadcrumb","itemListElement":[{"@type":"ListItem","position":1,"name":"Accueil","item":"https:\/\/www.trustedtranslations.com\/fr"},{"@type":"ListItem","position":2,"name":"Services","item":"https:\/\/www.trustedtranslations.com\/fr\/services"},{"@type":"ListItem","position":3,"name":"Formats de fichiers","item":"https:\/\/www.trustedtranslations.com\/fr\/services\/formats-de-fichiers"},{"@type":"ListItem","position":4,"name":"Microsoft PowerPoint"}]},{"@type":"WebSite","@id":"https:\/\/www.trustedtranslations.com\/fr\/#website","url":"https:\/\/www.trustedtranslations.com\/fr\/","name":"Trusted Translations, Inc.","description":"Leader in translation and interpretation services.","publisher":{"@id":"https:\/\/www.trustedtranslations.com\/fr\/#organization"},"alternateName":"Trusted Translations","potentialAction":[{"@type":"SearchAction","target":{"@type":"EntryPoint","urlTemplate":"https:\/\/www.trustedtranslations.com\/fr\/?s={search_term_string}"},"query-input":{"@type":"PropertyValueSpecification","valueRequired":true,"valueName":"search_term_string"}}],"inLanguage":"fr-FR"},{"@type":"Organization","@id":"https:\/\/www.trustedtranslations.com\/fr\/#organization","name":"Trusted Translations","alternateName":"Trusted Translations, Inc.","url":"https:\/\/www.trustedtranslations.com\/fr\/","logo":{"@type":"ImageObject","inLanguage":"fr-FR","@id":"https:\/\/www.trustedtranslations.com\/fr\/#\/schema\/logo\/image\/","url":"https:\/\/static.trustedtranslations.com\/wp-content\/uploads\/2022\/01\/TT_logo_WSIColors-2.png","contentUrl":"https:\/\/static.trustedtranslations.com\/wp-content\/uploads\/2022\/01\/TT_logo_WSIColors-2.png","width":500,"height":196,"caption":"Trusted Translations"},"image":{"@id":"https:\/\/www.trustedtranslations.com\/fr\/#\/schema\/logo\/image\/"},"sameAs":["https:\/\/www.facebook.com\/Trusted.Translations","https:\/\/x.com\/TrustedT9ns","https:\/\/www.linkedin.com\/company\/trusted-translations"]}]}},"toolset-meta":{"dyk":{"mensaje-1":{"type":"textfield","raw":"Nous fournissons des traductions PowerPoint qui sont coh\u00e9rentes avec la mise en page originale."},"mensaje-2":{"type":"textfield","raw":"Nous fournissons des pr\u00e9sentations PowerPoint multilingues dans plus de 200 langues."},"mensaje-3":{"type":"textfield","raw":"Nous traduisons et localisons vos pr\u00e9sentations PowerPoint pour des publics sp\u00e9cifiques."},"mensaje-4":{"type":"textfield","raw":"Nous nous assurons que toutes les images int\u00e9gr\u00e9es ressemblent au PowerPoint d'origine."},"mensaje-5":{"type":"textfield","raw":""},"mensaje-6":{"type":"textfield","raw":""}},"single-page-template-fields":{"imgs-temp":{"type":"image","raw":["https:\/\/static.trustedtranslations.com\/wp-content\/uploads\/2024\/06\/powerpoint-1.webp"],"repeatable":[{"raw":"https:\/\/static.trustedtranslations.com\/wp-content\/uploads\/2024\/06\/powerpoint-1.webp"}]},"imgs-temp-cel":{"type":"image","raw":[""],"repeatable":[{"raw":""}]},"img-temp-one-cel":{"type":"image","raw":"https:\/\/static.trustedtranslations.com\/wp-content\/uploads\/2024\/06\/ppt-1.webp","attachment_id":null},"quotes":{"type":"textarea","raw":"<h1 style=\"margin-bottom: 12px;\">\u00a0Services de traduction sur Microsoft PowerPoint<\/h1>\r\nEn ce qui concerne les pr\u00e9sentations professionnelles, PowerPoint est depuis longtemps l'un des programmes les plus utilis\u00e9s et les plus efficaces disponibles. Avec l'int\u00e9gration croissante de davantage de m\u00e9dias et d'\u00e9l\u00e9ments de pr\u00e9sentation int\u00e9gr\u00e9s, la traduction des pr\u00e9sentations peut \u00eatre assez complexe. <em><em><em>Trusted Translations<\/em><\/em><\/em> ma\u00eetrise parfaitement ce format tr\u00e8s r\u00e9pandu et vous fournira un fichier PowerPoint traduit qui correspond \u00e0 la mise en forme et aux fonctionnalit\u00e9s du document source original.\r\n<div style=\"margin-top: 2.5vw;\"><a class=\"tt-btn-main-cta\" href=\"\/fr\/devis-traduction\">DEMANDEZ UN DEVIS GRATUIT<\/a><\/div>"},"text-1":{"type":"textarea","raw":"<h2>Sp\u00e9cificit\u00e9s de la traduction PowerPoint<\/h2>\r\nLes fichiers PowerPoint ont \u00e9volu\u00e9 pour inclure des m\u00e9dias et une conception plus \u00e9labor\u00e9s. Ainsi, outre le texte du document, de nombreux facteurs doivent \u00eatre pris en compte, comme les images int\u00e9gr\u00e9es, les zones de texte de tailles sp\u00e9cifiques, les tableaux Excel et les notes personnelles au pied de chaque diapositive qui n\u2019apparaissent pas dans la pr\u00e9sentation finale.\r\n<em><em><em>Trusted Translations<\/em><\/em><\/em> tient compte de tous ces d\u00e9tails lors de la traduction des documents PowerPoint et s\u2019assure que le produit final que vous recevez est impeccable, soign\u00e9 et conforme \u00e0 la mise en page du document source.\r\n<h2>Publication assist\u00e9e par ordinateur\u00a0(PAO) pour les pr\u00e9sentations PowerPoint<\/h2>\r\n<img class=\"wp-image-134419 alignleft\" src=\"https:\/\/static.trustedtranslations.com\/wp-content\/uploads\/2022\/03\/ppt-1-300x200.jpg\" alt=\"\" width=\"500\" height=\"333\" \/>\r\n\r\nUne pr\u00e9sentation PowerPoint est par nature un document tr\u00e8s visuel qui peut varier consid\u00e9rablement en fonction de la conception graphique, de la position et de la taille du texte. Les fichiers PowerPoint traduits requi\u00e8rent presque toujours une publication assist\u00e9e par ordinateur, un processus dans lequel la conception est modifi\u00e9e pour s'adapter au texte traduit. Par exemple, un texte traduit de l'anglais vers l'espagnol contient normalement 20\u00a0% de mots en plus pour transmettre le m\u00eame sens. Ce texte \u00ab\u00a0\u00e9tendu\u00a0\u00bb peut ne pas s'ins\u00e9rer aussi bien dans la zone de texte que l'original. L\u2019\u00e9quipe interne de publication assist\u00e9e par ordinateur de <em><em><em>Trusted Translations<\/em><\/em><\/em> veillera \u00e0 ce que le texte traduit s\u2019adapte \u00e0 la zone de texte de fa\u00e7on naturelle et ordonn\u00e9e.\r\n\r\nNotre \u00e9quipe de publication assist\u00e9e par ordinateur veillera \u00e9galement \u00e0 ce que toutes vos images int\u00e9gr\u00e9es restent intactes et s\u2019int\u00e8grent parfaitement dans le cadre des diapositives PowerPoint avec le reste du contenu. L\u2019\u00e9quipe de PAO de <em><em><em>Trusted Translations<\/em><\/em><\/em> prendra m\u00eame des mesures suppl\u00e9mentaires pour traduire les textes \u00e9ventuels pr\u00e9sents dans les images int\u00e9gr\u00e9es afin de les recr\u00e9er comme s\u2019il s\u2019agissait des originales. Ce travail suppl\u00e9mentaire vous fera gagner du temps car notre livrable sera un produit final pr\u00eat \u00e0 \u00eatre pr\u00e9sent\u00e9."},"shortcode-map":{"type":"textfield","raw":""},"dyk-shortcode":{"type":"textfield","raw":"[elementor-template id=\"146546\"]"},"text-2":{"type":"textarea","raw":"<h2>Traduire des fichiers Powerpoint pour un public sp\u00e9cifique<\/h2>\r\n<img class=\"wp-image-134431 alignright\" src=\"https:\/\/static.trustedtranslations.com\/wp-content\/uploads\/2022\/03\/ppt-300x200.jpg\" alt=\"\" width=\"500\" height=\"334\" \/>\r\n\r\nChez<em><em><em> Trusted Translations<\/em><\/em><\/em>, nous comprenons l\u2019importance de conna\u00eetre votre public et d\u2019adapter vos services afin de tenir compte des diff\u00e9rences de certains march\u00e9s. C\u2019est pourquoi nous fournissons des pr\u00e9sentations PowerPoint traduites avec la plus grande pr\u00e9cision, qui peuvent \u00e9galement \u00eatre adapt\u00e9es \u00e0 des publics sp\u00e9cifiques. Nous travaillons avec des traducteurs qui ne sont pas seulement des experts dans leurs domaines sp\u00e9cifiques, mais \u00e9galement des sp\u00e9cialistes de la localisation des traductions.\r\n\r\nLorsque vous sollicitez une traduction pour un public sp\u00e9cifique, <em><em><em>Trusted Translations<\/em><\/em><\/em> vous fournit une traduction PowerPoint de la plus haute qualit\u00e9 du secteur. Lorsque vous confiez \u00e0 <em><em><em>Trusted Translations<\/em><\/em><\/em> le soin de traduire votre pr\u00e9sentation PowerPoint, vous recevez non seulement une traduction professionnelle de la plus haute qualit\u00e9, mais \u00e9galement un produit final conforme \u00e0 la mise en page originale et imm\u00e9diatement pr\u00eat \u00e0 l\u2019emploi."},"state":{"type":"textfield","raw":""},"city":{"type":"textarea","raw":[]}}},"_links":{"self":[{"href":"https:\/\/www.trustedtranslations.com\/fr\/wp-json\/wp\/v2\/pages\/128821","targetHints":{"allow":["GET"]}}],"collection":[{"href":"https:\/\/www.trustedtranslations.com\/fr\/wp-json\/wp\/v2\/pages"}],"about":[{"href":"https:\/\/www.trustedtranslations.com\/fr\/wp-json\/wp\/v2\/types\/page"}],"author":[{"embeddable":true,"href":"https:\/\/www.trustedtranslations.com\/fr\/wp-json\/wp\/v2\/users\/1"}],"replies":[{"embeddable":true,"href":"https:\/\/www.trustedtranslations.com\/fr\/wp-json\/wp\/v2\/comments?post=128821"}],"version-history":[{"count":0,"href":"https:\/\/www.trustedtranslations.com\/fr\/wp-json\/wp\/v2\/pages\/128821\/revisions"}],"up":[{"embeddable":true,"href":"https:\/\/www.trustedtranslations.com\/fr\/wp-json\/wp\/v2\/pages\/128853"}],"wp:featuredmedia":[{"embeddable":true,"href":"https:\/\/www.trustedtranslations.com\/fr\/wp-json\/wp\/v2\/media\/238094"}],"wp:attachment":[{"href":"https:\/\/www.trustedtranslations.com\/fr\/wp-json\/wp\/v2\/media?parent=128821"}],"curies":[{"name":"wp","href":"https:\/\/api.w.org\/{rel}","templated":true}]}}