{"id":128824,"date":"2019-10-16T13:37:15","date_gmt":"2019-10-16T13:37:15","guid":{"rendered":"https:\/\/www.trustedtranslations.com\/?page_id=128824"},"modified":"2024-09-02T18:35:08","modified_gmt":"2024-09-02T21:35:08","slug":"project","status":"publish","type":"page","link":"https:\/\/www.trustedtranslations.com\/fr\/services\/formats-de-fichiers\/project","title":{"rendered":"Microsoft Project"},"content":{"rendered":"","protected":false},"excerpt":{"rendered":"","protected":false},"author":1,"featured_media":238120,"parent":128853,"menu_order":7,"comment_status":"closed","ping_status":"closed","template":"","meta":{"site-sidebar-layout":"default","site-content-layout":"default","ast-site-content-layout":"default","site-content-style":"default","site-sidebar-style":"default","ast-global-header-display":"","ast-banner-title-visibility":"","ast-main-header-display":"","ast-hfb-above-header-display":"","ast-hfb-below-header-display":"","ast-hfb-mobile-header-display":"","site-post-title":"disabled","ast-breadcrumbs-content":"","ast-featured-img":"","footer-sml-layout":"","ast-disable-related-posts":"","theme-transparent-header-meta":"default","adv-header-id-meta":"","stick-header-meta":"","header-above-stick-meta":"","header-main-stick-meta":"","header-below-stick-meta":"","astra-migrate-meta-layouts":"set","ast-page-background-enabled":"default","ast-page-background-meta":{"desktop":{"background-color":"var(--ast-global-color-4)","background-image":"","background-repeat":"repeat","background-position":"center center","background-size":"auto","background-attachment":"scroll","background-type":"","background-media":"","overlay-type":"","overlay-color":"","overlay-opacity":"","overlay-gradient":""},"tablet":{"background-color":"","background-image":"","background-repeat":"repeat","background-position":"center center","background-size":"auto","background-attachment":"scroll","background-type":"","background-media":"","overlay-type":"","overlay-color":"","overlay-opacity":"","overlay-gradient":""},"mobile":{"background-color":"","background-image":"","background-repeat":"repeat","background-position":"center center","background-size":"auto","background-attachment":"scroll","background-type":"","background-media":"","overlay-type":"","overlay-color":"","overlay-opacity":"","overlay-gradient":""}},"ast-content-background-meta":{"desktop":{"background-color":"var(--ast-global-color-5)","background-image":"","background-repeat":"repeat","background-position":"center center","background-size":"auto","background-attachment":"scroll","background-type":"","background-media":"","overlay-type":"","overlay-color":"","overlay-opacity":"","overlay-gradient":""},"tablet":{"background-color":"var(--ast-global-color-5)","background-image":"","background-repeat":"repeat","background-position":"center center","background-size":"auto","background-attachment":"scroll","background-type":"","background-media":"","overlay-type":"","overlay-color":"","overlay-opacity":"","overlay-gradient":""},"mobile":{"background-color":"var(--ast-global-color-5)","background-image":"","background-repeat":"repeat","background-position":"center center","background-size":"auto","background-attachment":"scroll","background-type":"","background-media":"","overlay-type":"","overlay-color":"","overlay-opacity":"","overlay-gradient":""}},"footnotes":""},"class_list":["post-128824","page","type-page","status-publish","has-post-thumbnail","hentry"],"yoast_head":"<!-- This site is optimized with the Yoast SEO plugin v27.3 - https:\/\/yoast.com\/product\/yoast-seo-wordpress\/ -->\n<title>Services de traduction pour Microsoft Project - Trusted Translations, Inc.<\/title>\n<meta name=\"description\" content=\"Trusted Translations contribuera \u00e0 faire de toutes vos entreprises Microsoft Project une r\u00e9ussite en \u00e9liminant les barri\u00e8res linguistiques.\" \/>\n<meta name=\"robots\" content=\"index, follow, max-snippet:-1, max-image-preview:large, max-video-preview:-1\" \/>\n<link rel=\"canonical\" href=\"https:\/\/www.trustedtranslations.com\/fr\/services\/formats-de-fichiers\/project\" \/>\n<meta property=\"og:locale\" content=\"fr_FR\" \/>\n<meta property=\"og:type\" content=\"article\" \/>\n<meta property=\"og:title\" content=\"Services de traduction pour Microsoft Project - Trusted Translations, Inc.\" \/>\n<meta property=\"og:description\" content=\"Trusted Translations contribuera \u00e0 faire de toutes vos entreprises Microsoft Project une r\u00e9ussite en \u00e9liminant les barri\u00e8res linguistiques.\" \/>\n<meta property=\"og:url\" content=\"https:\/\/www.trustedtranslations.com\/fr\/services\/formats-de-fichiers\/project\" \/>\n<meta property=\"og:site_name\" content=\"Trusted Translations, Inc.\" \/>\n<meta property=\"article:publisher\" content=\"https:\/\/www.facebook.com\/Trusted.Translations\" \/>\n<meta property=\"article:modified_time\" content=\"2024-09-02T21:35:08+00:00\" \/>\n<meta property=\"og:image\" content=\"https:\/\/static.trustedtranslations.com\/wp-content\/uploads\/2024\/02\/tt-icon_Microsoft-Project-Transl.webp\" \/>\n\t<meta property=\"og:image:width\" content=\"151\" \/>\n\t<meta property=\"og:image:height\" content=\"151\" \/>\n\t<meta property=\"og:image:type\" content=\"image\/webp\" \/>\n<meta name=\"twitter:card\" content=\"summary_large_image\" \/>\n<meta name=\"twitter:site\" content=\"@TrustedT9ns\" \/>\n<script type=\"application\/ld+json\" class=\"yoast-schema-graph\">{\"@context\":\"https:\\\/\\\/schema.org\",\"@graph\":[{\"@type\":\"WebPage\",\"@id\":\"https:\\\/\\\/www.trustedtranslations.com\\\/fr\\\/services\\\/formats-de-fichiers\\\/project\",\"url\":\"https:\\\/\\\/www.trustedtranslations.com\\\/fr\\\/services\\\/formats-de-fichiers\\\/project\",\"name\":\"Services de traduction pour Microsoft Project - Trusted Translations, Inc.\",\"isPartOf\":{\"@id\":\"https:\\\/\\\/www.trustedtranslations.com\\\/fr\\\/#website\"},\"primaryImageOfPage\":{\"@id\":\"https:\\\/\\\/www.trustedtranslations.com\\\/fr\\\/services\\\/formats-de-fichiers\\\/project#primaryimage\"},\"image\":{\"@id\":\"https:\\\/\\\/www.trustedtranslations.com\\\/fr\\\/services\\\/formats-de-fichiers\\\/project#primaryimage\"},\"thumbnailUrl\":\"https:\\\/\\\/www.trustedtranslations.com\\\/wp-content\\\/uploads\\\/2024\\\/02\\\/tt-icon_Microsoft-Project-Transl.webp\",\"description\":\"Trusted Translations contribuera \u00e0 faire de toutes vos entreprises Microsoft Project une r\u00e9ussite en \u00e9liminant les barri\u00e8res linguistiques.\",\"breadcrumb\":{\"@id\":\"https:\\\/\\\/www.trustedtranslations.com\\\/fr\\\/services\\\/formats-de-fichiers\\\/project#breadcrumb\"},\"inLanguage\":\"fr-FR\",\"potentialAction\":[{\"@type\":\"ReadAction\",\"target\":[\"https:\\\/\\\/www.trustedtranslations.com\\\/fr\\\/services\\\/formats-de-fichiers\\\/project\"]}]},{\"@type\":\"ImageObject\",\"inLanguage\":\"fr-FR\",\"@id\":\"https:\\\/\\\/www.trustedtranslations.com\\\/fr\\\/services\\\/formats-de-fichiers\\\/project#primaryimage\",\"url\":\"https:\\\/\\\/www.trustedtranslations.com\\\/wp-content\\\/uploads\\\/2024\\\/02\\\/tt-icon_Microsoft-Project-Transl.webp\",\"contentUrl\":\"https:\\\/\\\/www.trustedtranslations.com\\\/wp-content\\\/uploads\\\/2024\\\/02\\\/tt-icon_Microsoft-Project-Transl.webp\",\"width\":151,\"height\":151,\"caption\":\"tt icon Microsoft Project Transl\"},{\"@type\":\"BreadcrumbList\",\"@id\":\"https:\\\/\\\/www.trustedtranslations.com\\\/fr\\\/services\\\/formats-de-fichiers\\\/project#breadcrumb\",\"itemListElement\":[{\"@type\":\"ListItem\",\"position\":1,\"name\":\"Accueil\",\"item\":\"https:\\\/\\\/www.trustedtranslations.com\\\/fr\"},{\"@type\":\"ListItem\",\"position\":2,\"name\":\"Services\",\"item\":\"https:\\\/\\\/www.trustedtranslations.com\\\/fr\\\/services\"},{\"@type\":\"ListItem\",\"position\":3,\"name\":\"Formats de fichiers\",\"item\":\"https:\\\/\\\/www.trustedtranslations.com\\\/fr\\\/services\\\/formats-de-fichiers\"},{\"@type\":\"ListItem\",\"position\":4,\"name\":\"Microsoft Project\"}]},{\"@type\":\"WebSite\",\"@id\":\"https:\\\/\\\/www.trustedtranslations.com\\\/fr\\\/#website\",\"url\":\"https:\\\/\\\/www.trustedtranslations.com\\\/fr\\\/\",\"name\":\"Trusted Translations, Inc.\",\"description\":\"Leader in translation and interpretation services.\",\"publisher\":{\"@id\":\"https:\\\/\\\/www.trustedtranslations.com\\\/fr\\\/#organization\"},\"alternateName\":\"Trusted Translations\",\"potentialAction\":[{\"@type\":\"SearchAction\",\"target\":{\"@type\":\"EntryPoint\",\"urlTemplate\":\"https:\\\/\\\/www.trustedtranslations.com\\\/fr\\\/?s={search_term_string}\"},\"query-input\":{\"@type\":\"PropertyValueSpecification\",\"valueRequired\":true,\"valueName\":\"search_term_string\"}}],\"inLanguage\":\"fr-FR\"},{\"@type\":\"Organization\",\"@id\":\"https:\\\/\\\/www.trustedtranslations.com\\\/fr\\\/#organization\",\"name\":\"Trusted Translations\",\"alternateName\":\"Trusted Translations, Inc.\",\"url\":\"https:\\\/\\\/www.trustedtranslations.com\\\/fr\\\/\",\"logo\":{\"@type\":\"ImageObject\",\"inLanguage\":\"fr-FR\",\"@id\":\"https:\\\/\\\/www.trustedtranslations.com\\\/fr\\\/#\\\/schema\\\/logo\\\/image\\\/\",\"url\":\"https:\\\/\\\/static.trustedtranslations.com\\\/wp-content\\\/uploads\\\/2022\\\/01\\\/TT_logo_WSIColors-2.png\",\"contentUrl\":\"https:\\\/\\\/static.trustedtranslations.com\\\/wp-content\\\/uploads\\\/2022\\\/01\\\/TT_logo_WSIColors-2.png\",\"width\":500,\"height\":196,\"caption\":\"Trusted Translations\"},\"image\":{\"@id\":\"https:\\\/\\\/www.trustedtranslations.com\\\/fr\\\/#\\\/schema\\\/logo\\\/image\\\/\"},\"sameAs\":[\"https:\\\/\\\/www.facebook.com\\\/Trusted.Translations\",\"https:\\\/\\\/x.com\\\/TrustedT9ns\",\"https:\\\/\\\/www.linkedin.com\\\/company\\\/trusted-translations\"]}]}<\/script>\n<!-- \/ Yoast SEO plugin. -->","yoast_head_json":{"title":"Services de traduction pour Microsoft Project - Trusted Translations, Inc.","description":"Trusted Translations contribuera \u00e0 faire de toutes vos entreprises Microsoft Project une r\u00e9ussite en \u00e9liminant les barri\u00e8res linguistiques.","robots":{"index":"index","follow":"follow","max-snippet":"max-snippet:-1","max-image-preview":"max-image-preview:large","max-video-preview":"max-video-preview:-1"},"canonical":"https:\/\/www.trustedtranslations.com\/fr\/services\/formats-de-fichiers\/project","og_locale":"fr_FR","og_type":"article","og_title":"Services de traduction pour Microsoft Project - Trusted Translations, Inc.","og_description":"Trusted Translations contribuera \u00e0 faire de toutes vos entreprises Microsoft Project une r\u00e9ussite en \u00e9liminant les barri\u00e8res linguistiques.","og_url":"https:\/\/www.trustedtranslations.com\/fr\/services\/formats-de-fichiers\/project","og_site_name":"Trusted Translations, Inc.","article_publisher":"https:\/\/www.facebook.com\/Trusted.Translations","article_modified_time":"2024-09-02T21:35:08+00:00","og_image":[{"width":151,"height":151,"url":"https:\/\/static.trustedtranslations.com\/wp-content\/uploads\/2024\/02\/tt-icon_Microsoft-Project-Transl.webp","type":"image\/webp"}],"twitter_card":"summary_large_image","twitter_site":"@TrustedT9ns","schema":{"@context":"https:\/\/schema.org","@graph":[{"@type":"WebPage","@id":"https:\/\/www.trustedtranslations.com\/fr\/services\/formats-de-fichiers\/project","url":"https:\/\/www.trustedtranslations.com\/fr\/services\/formats-de-fichiers\/project","name":"Services de traduction pour Microsoft Project - Trusted Translations, Inc.","isPartOf":{"@id":"https:\/\/www.trustedtranslations.com\/fr\/#website"},"primaryImageOfPage":{"@id":"https:\/\/www.trustedtranslations.com\/fr\/services\/formats-de-fichiers\/project#primaryimage"},"image":{"@id":"https:\/\/www.trustedtranslations.com\/fr\/services\/formats-de-fichiers\/project#primaryimage"},"thumbnailUrl":"https:\/\/www.trustedtranslations.com\/wp-content\/uploads\/2024\/02\/tt-icon_Microsoft-Project-Transl.webp","description":"Trusted Translations contribuera \u00e0 faire de toutes vos entreprises Microsoft Project une r\u00e9ussite en \u00e9liminant les barri\u00e8res linguistiques.","breadcrumb":{"@id":"https:\/\/www.trustedtranslations.com\/fr\/services\/formats-de-fichiers\/project#breadcrumb"},"inLanguage":"fr-FR","potentialAction":[{"@type":"ReadAction","target":["https:\/\/www.trustedtranslations.com\/fr\/services\/formats-de-fichiers\/project"]}]},{"@type":"ImageObject","inLanguage":"fr-FR","@id":"https:\/\/www.trustedtranslations.com\/fr\/services\/formats-de-fichiers\/project#primaryimage","url":"https:\/\/www.trustedtranslations.com\/wp-content\/uploads\/2024\/02\/tt-icon_Microsoft-Project-Transl.webp","contentUrl":"https:\/\/www.trustedtranslations.com\/wp-content\/uploads\/2024\/02\/tt-icon_Microsoft-Project-Transl.webp","width":151,"height":151,"caption":"tt icon Microsoft Project Transl"},{"@type":"BreadcrumbList","@id":"https:\/\/www.trustedtranslations.com\/fr\/services\/formats-de-fichiers\/project#breadcrumb","itemListElement":[{"@type":"ListItem","position":1,"name":"Accueil","item":"https:\/\/www.trustedtranslations.com\/fr"},{"@type":"ListItem","position":2,"name":"Services","item":"https:\/\/www.trustedtranslations.com\/fr\/services"},{"@type":"ListItem","position":3,"name":"Formats de fichiers","item":"https:\/\/www.trustedtranslations.com\/fr\/services\/formats-de-fichiers"},{"@type":"ListItem","position":4,"name":"Microsoft Project"}]},{"@type":"WebSite","@id":"https:\/\/www.trustedtranslations.com\/fr\/#website","url":"https:\/\/www.trustedtranslations.com\/fr\/","name":"Trusted Translations, Inc.","description":"Leader in translation and interpretation services.","publisher":{"@id":"https:\/\/www.trustedtranslations.com\/fr\/#organization"},"alternateName":"Trusted Translations","potentialAction":[{"@type":"SearchAction","target":{"@type":"EntryPoint","urlTemplate":"https:\/\/www.trustedtranslations.com\/fr\/?s={search_term_string}"},"query-input":{"@type":"PropertyValueSpecification","valueRequired":true,"valueName":"search_term_string"}}],"inLanguage":"fr-FR"},{"@type":"Organization","@id":"https:\/\/www.trustedtranslations.com\/fr\/#organization","name":"Trusted Translations","alternateName":"Trusted Translations, Inc.","url":"https:\/\/www.trustedtranslations.com\/fr\/","logo":{"@type":"ImageObject","inLanguage":"fr-FR","@id":"https:\/\/www.trustedtranslations.com\/fr\/#\/schema\/logo\/image\/","url":"https:\/\/static.trustedtranslations.com\/wp-content\/uploads\/2022\/01\/TT_logo_WSIColors-2.png","contentUrl":"https:\/\/static.trustedtranslations.com\/wp-content\/uploads\/2022\/01\/TT_logo_WSIColors-2.png","width":500,"height":196,"caption":"Trusted Translations"},"image":{"@id":"https:\/\/www.trustedtranslations.com\/fr\/#\/schema\/logo\/image\/"},"sameAs":["https:\/\/www.facebook.com\/Trusted.Translations","https:\/\/x.com\/TrustedT9ns","https:\/\/www.linkedin.com\/company\/trusted-translations"]}]}},"toolset-meta":{"dyk":{"mensaje-1":{"type":"textfield","raw":"Nous traduirons vos collaborations MS Project depuis et vers plus de 200 langues."},"mensaje-2":{"type":"textfield","raw":"Nous vous aiderons \u00e0 lancer toutes vos id\u00e9es MS Project au niveau mondial."},"mensaje-3":{"type":"textfield","raw":"Nous pouvons traduire vos projets dans des langues qui ne sont pas prises en charge par MS Project."},"mensaje-4":{"type":"textfield","raw":"Travaillez de mani\u00e8re optimale, au-del\u00e0 des barri\u00e8res linguistiques, sur toutes vos collaborations MS Project."},"mensaje-5":{"type":"textfield","raw":""},"mensaje-6":{"type":"textfield","raw":""}},"single-page-template-fields":{"imgs-temp":{"type":"image","raw":["https:\/\/static.trustedtranslations.com\/wp-content\/uploads\/2024\/06\/project-final-2-1-1.webp"],"repeatable":[{"raw":"https:\/\/static.trustedtranslations.com\/wp-content\/uploads\/2024\/06\/project-final-2-1-1.webp"}]},"imgs-temp-cel":{"type":"image","raw":[""],"repeatable":[{"raw":""}]},"img-temp-one-cel":{"type":"image","raw":"https:\/\/static.trustedtranslations.com\/wp-content\/uploads\/2024\/03\/AdobeStock_385542563-2-1.webp","attachment_id":null},"quotes":{"type":"textarea","raw":"<h1 style=\"margin-bottom: 12px;\">Services de traduction pour Microsoft Project<\/h1>\r\nChez Trusted Translations, nous comprenons l\u2019importance d\u2019utiliser une plateforme collaborative telle que Microsoft Project pour \u00e9laborer des plans, g\u00e9rer les budgets, affecter des ressources \u00e0 des t\u00e2ches, cr\u00e9er des calendriers, suivre les progr\u00e8s et plus encore. Vous \u00eates un(e) responsable de projet professionnel(le) dans votre domaine, et vous avez tous les aspects de votre projet sous contr\u00f4le, mais que se passe-t-il lorsque vous devez partager ces informations avec un intervenant qui ne parle pas votre langue, tel qu\u2019un co\u00e9quipier ou un collaborateur ? C\u2019est l\u00e0 que l\u2019\u00e9quipe d\u2019experts de Trusted Translations intervient.\r\n<div style=\"margin-top: 2.5vw;\"><a class=\"tt-btn-main-cta\" href=\"\/fr\/devis-traduction\">DEMANDEZ UN DEVIS GRATUIT<\/a><\/div>"},"text-1":{"type":"textarea","raw":"<h2>Solution int\u00e9grale pour Microsoft Project<\/h2>\r\nChez\u00a0<em>Trusted Translations<\/em>, nous vous fournissons une solution int\u00e9grale pour tous vos besoins de traduction de projet MS, afin que toutes les personnes impliqu\u00e9es puissent collaborer avec les bonnes informations et assurer la r\u00e9ussite de tous vos projets avant leur lancement \u00e0 l\u2019\u00e9chelle mondiale. Nos traducteurs sp\u00e9cifiques \u00e0 l\u2019industrie sont des experts dans leurs domaines respectifs qui fourniront non seulement les traductions les plus pr\u00e9cises du secteur, mais localiseront en plus la traduction afin qu\u2019aucun d\u00e9tail ne soit mal interpr\u00e9t\u00e9 aupr\u00e8s du public cibl\u00e9. Toutes vos informations seront communiqu\u00e9es efficacement\u00a0; depuis les pr\u00e9sentations de planification des t\u00e2ches jusqu\u2019aux graphiques d\u2019allocation des ressources, en passant par les finances et leurs conversions de devises correspondantes, les calendriers et plus encore. Nous veillerons \u00e0 ce que chaque \u00e9l\u00e9ment soit pris en compte et ex\u00e9cut\u00e9 de mani\u00e8re transparente. Lorsque vous choisissez\u00a0<em>Trusted Translations<\/em>\u00a0pour vos traductions de projet MS, vous pouvez affecter des t\u00e2ches et des ressources et communiquer les r\u00e9sultats finaux \u00e0 n\u2019importe qui dans le monde. De m\u00eame, notre \u00e9quipe de publication assist\u00e9e par ordinateur veillera \u00e0 ce qu\u2019aucun d\u00e9tail ne soit n\u00e9glig\u00e9 et \u00e0 ce que le format original soit conserv\u00e9 en assurant l\u2019insertion soign\u00e9e du texte traduit. Les pi\u00e8ces jointes qui ont \u00e9t\u00e9 ajout\u00e9es aux \u00e9l\u00e9ments de travail, les fichiers int\u00e9gr\u00e9s tels que les documents Word, les feuilles de calcul Excel, les fichiers PDF, les fichiers audio, vid\u00e9o, les animations et plus encore seront extraits par nos sp\u00e9cialistes de la publication assist\u00e9e par ordinateur, g\u00e9r\u00e9s individuellement et traverseront le processus de traduction qui leur correspond. Enfin, la publication assist\u00e9e par ordinateur permettra de garantir l\u2019int\u00e9gration de tous les \u00e9l\u00e9ments dans votre fichier MS Project pour que ce dernier vous soit livr\u00e9 pr\u00eat pour une utilisation imm\u00e9diate."},"shortcode-map":{"type":"textfield","raw":""},"dyk-shortcode":{"type":"textfield","raw":"[elementor-template id=\"146546\"]"},"text-2":{"type":"textarea","raw":"<h2>Traductions de langues \u00ab\u00a0non prises en charge\u00a0\u00bb par Microsoft Project<\/h2>\r\nDans sa version la plus r\u00e9cente, Microsoft Project est en mesure de \u00ab\u00a0prendre en charge\u00a0\u00bb 27\u00a0langues, sans compter l\u2019anglais. Ce nombre n\u2019est pas tr\u00e8s \u00e9lev\u00e9, compte tenu du fait que\u00a0<em>Trusted Translations<\/em>\u00a0travaille avec plus de 200\u00a0langues. Dans ce cas, que se passe-t-il lorsque nous recevons un projet qui doit \u00eatre traduit dans une langue qui n\u2019est pas prise en charge par Microsoft Project, comme le swahili, l\u2019ouzbek ou l\u2019amharique\u00a0? C\u2019est l\u00e0 que notre \u00e9quipe d\u2019experts intervient. Nous travaillons avec des traducteurs professionnels hautement exp\u00e9riment\u00e9s dont l\u2019expertise touche un large \u00e9ventail de langues afin de vous permettre de naviguer sans encombre \u00e0 travers les barri\u00e8res linguistiques avec vos co\u00e9quipiers et intervenants. En outre, nos traducteurs sont des experts dans un large \u00e9ventail de secteurs d\u2019activit\u00e9s, notamment la finance, les march\u00e9s publics, les soins de sant\u00e9, la construction et les produits pharmaceutiques, pour n\u2019en nommer que quelques-uns. Nous pouvons ainsi garantir que vous recevrez la traduction la plus pr\u00e9cise possible. Enfin, l\u2019expertise de nos sp\u00e9cialistes de la publication assist\u00e9e par ordinateur vous permettra de recevoir un produit final aussi proche de l\u2019original que possible. Notre \u00e9quipe de publication assist\u00e9e par ordinateur veillera \u00e0 ce que l\u2019ensemble du texte traduit corresponde parfaitement au format et \u00e0 la mise en page originale du projet afin que ce dernier ne perde rien de ses d\u00e9tails importants et caract\u00e9ristiques originales."},"state":{"type":"textfield","raw":""},"city":{"type":"textarea","raw":[]}}},"_links":{"self":[{"href":"https:\/\/www.trustedtranslations.com\/fr\/wp-json\/wp\/v2\/pages\/128824","targetHints":{"allow":["GET"]}}],"collection":[{"href":"https:\/\/www.trustedtranslations.com\/fr\/wp-json\/wp\/v2\/pages"}],"about":[{"href":"https:\/\/www.trustedtranslations.com\/fr\/wp-json\/wp\/v2\/types\/page"}],"author":[{"embeddable":true,"href":"https:\/\/www.trustedtranslations.com\/fr\/wp-json\/wp\/v2\/users\/1"}],"replies":[{"embeddable":true,"href":"https:\/\/www.trustedtranslations.com\/fr\/wp-json\/wp\/v2\/comments?post=128824"}],"version-history":[{"count":0,"href":"https:\/\/www.trustedtranslations.com\/fr\/wp-json\/wp\/v2\/pages\/128824\/revisions"}],"up":[{"embeddable":true,"href":"https:\/\/www.trustedtranslations.com\/fr\/wp-json\/wp\/v2\/pages\/128853"}],"wp:featuredmedia":[{"embeddable":true,"href":"https:\/\/www.trustedtranslations.com\/fr\/wp-json\/wp\/v2\/media\/238120"}],"wp:attachment":[{"href":"https:\/\/www.trustedtranslations.com\/fr\/wp-json\/wp\/v2\/media?parent=128824"}],"curies":[{"name":"wp","href":"https:\/\/api.w.org\/{rel}","templated":true}]}}