{"id":128829,"date":"2019-10-16T13:37:06","date_gmt":"2019-10-16T13:37:06","guid":{"rendered":"https:\/\/www.trustedtranslations.com\/?page_id=128829"},"modified":"2024-09-02T18:36:44","modified_gmt":"2024-09-02T21:36:44","slug":"word","status":"publish","type":"page","link":"https:\/\/www.trustedtranslations.com\/fr\/services\/formats-de-fichiers\/word","title":{"rendered":"Microsoft Word"},"content":{"rendered":"","protected":false},"excerpt":{"rendered":"","protected":false},"author":1,"featured_media":238018,"parent":128853,"menu_order":4,"comment_status":"closed","ping_status":"closed","template":"","meta":{"site-sidebar-layout":"default","site-content-layout":"default","ast-site-content-layout":"default","site-content-style":"default","site-sidebar-style":"default","ast-global-header-display":"","ast-banner-title-visibility":"","ast-main-header-display":"","ast-hfb-above-header-display":"","ast-hfb-below-header-display":"","ast-hfb-mobile-header-display":"","site-post-title":"disabled","ast-breadcrumbs-content":"","ast-featured-img":"","footer-sml-layout":"","ast-disable-related-posts":"","theme-transparent-header-meta":"default","adv-header-id-meta":"","stick-header-meta":"","header-above-stick-meta":"","header-main-stick-meta":"","header-below-stick-meta":"","astra-migrate-meta-layouts":"set","ast-page-background-enabled":"default","ast-page-background-meta":{"desktop":{"background-color":"var(--ast-global-color-4)","background-image":"","background-repeat":"repeat","background-position":"center center","background-size":"auto","background-attachment":"scroll","background-type":"","background-media":"","overlay-type":"","overlay-color":"","overlay-opacity":"","overlay-gradient":""},"tablet":{"background-color":"","background-image":"","background-repeat":"repeat","background-position":"center center","background-size":"auto","background-attachment":"scroll","background-type":"","background-media":"","overlay-type":"","overlay-color":"","overlay-opacity":"","overlay-gradient":""},"mobile":{"background-color":"","background-image":"","background-repeat":"repeat","background-position":"center center","background-size":"auto","background-attachment":"scroll","background-type":"","background-media":"","overlay-type":"","overlay-color":"","overlay-opacity":"","overlay-gradient":""}},"ast-content-background-meta":{"desktop":{"background-color":"var(--ast-global-color-5)","background-image":"","background-repeat":"repeat","background-position":"center center","background-size":"auto","background-attachment":"scroll","background-type":"","background-media":"","overlay-type":"","overlay-color":"","overlay-opacity":"","overlay-gradient":""},"tablet":{"background-color":"var(--ast-global-color-5)","background-image":"","background-repeat":"repeat","background-position":"center center","background-size":"auto","background-attachment":"scroll","background-type":"","background-media":"","overlay-type":"","overlay-color":"","overlay-opacity":"","overlay-gradient":""},"mobile":{"background-color":"var(--ast-global-color-5)","background-image":"","background-repeat":"repeat","background-position":"center center","background-size":"auto","background-attachment":"scroll","background-type":"","background-media":"","overlay-type":"","overlay-color":"","overlay-opacity":"","overlay-gradient":""}},"footnotes":""},"class_list":["post-128829","page","type-page","status-publish","has-post-thumbnail","hentry"],"yoast_head":"<!-- This site is optimized with the Yoast SEO plugin v27.3 - https:\/\/yoast.com\/product\/yoast-seo-wordpress\/ -->\n<title>Services de traduction pour Microsoft Word - Trusted Translations, Inc.<\/title>\n<meta name=\"description\" content=\"Trusted Translations entreprendra n\u2019importe quel projet de traduction Microsoft Word, quelle qu\u2019en soit la complexit\u00e9.\" \/>\n<meta name=\"robots\" content=\"index, follow, max-snippet:-1, max-image-preview:large, max-video-preview:-1\" \/>\n<link rel=\"canonical\" href=\"https:\/\/www.trustedtranslations.com\/fr\/services\/formats-de-fichiers\/word\" \/>\n<meta property=\"og:locale\" content=\"fr_FR\" \/>\n<meta property=\"og:type\" content=\"article\" \/>\n<meta property=\"og:title\" content=\"Services de traduction pour Microsoft Word - Trusted Translations, Inc.\" \/>\n<meta property=\"og:description\" content=\"Trusted Translations entreprendra n\u2019importe quel projet de traduction Microsoft Word, quelle qu\u2019en soit la complexit\u00e9.\" \/>\n<meta property=\"og:url\" content=\"https:\/\/www.trustedtranslations.com\/fr\/services\/formats-de-fichiers\/word\" \/>\n<meta property=\"og:site_name\" content=\"Trusted Translations, Inc.\" \/>\n<meta property=\"article:publisher\" content=\"https:\/\/www.facebook.com\/Trusted.Translations\" \/>\n<meta property=\"article:modified_time\" content=\"2024-09-02T21:36:44+00:00\" \/>\n<meta property=\"og:image\" content=\"https:\/\/static.trustedtranslations.com\/wp-content\/uploads\/2024\/02\/tt-icon_Microsoft-Word-Translation-Services.png\" \/>\n\t<meta property=\"og:image:width\" content=\"151\" \/>\n\t<meta property=\"og:image:height\" content=\"151\" \/>\n\t<meta property=\"og:image:type\" content=\"image\/png\" \/>\n<meta name=\"twitter:card\" content=\"summary_large_image\" \/>\n<meta name=\"twitter:site\" content=\"@TrustedT9ns\" \/>\n<script type=\"application\/ld+json\" class=\"yoast-schema-graph\">{\"@context\":\"https:\\\/\\\/schema.org\",\"@graph\":[{\"@type\":\"WebPage\",\"@id\":\"https:\\\/\\\/www.trustedtranslations.com\\\/fr\\\/services\\\/formats-de-fichiers\\\/word\",\"url\":\"https:\\\/\\\/www.trustedtranslations.com\\\/fr\\\/services\\\/formats-de-fichiers\\\/word\",\"name\":\"Services de traduction pour Microsoft Word - Trusted Translations, Inc.\",\"isPartOf\":{\"@id\":\"https:\\\/\\\/www.trustedtranslations.com\\\/fr\\\/#website\"},\"primaryImageOfPage\":{\"@id\":\"https:\\\/\\\/www.trustedtranslations.com\\\/fr\\\/services\\\/formats-de-fichiers\\\/word#primaryimage\"},\"image\":{\"@id\":\"https:\\\/\\\/www.trustedtranslations.com\\\/fr\\\/services\\\/formats-de-fichiers\\\/word#primaryimage\"},\"thumbnailUrl\":\"https:\\\/\\\/www.trustedtranslations.com\\\/wp-content\\\/uploads\\\/2024\\\/02\\\/tt-icon_Microsoft-Word-Translation-Services.png\",\"description\":\"Trusted Translations entreprendra n\u2019importe quel projet de traduction Microsoft Word, quelle qu\u2019en soit la complexit\u00e9.\",\"breadcrumb\":{\"@id\":\"https:\\\/\\\/www.trustedtranslations.com\\\/fr\\\/services\\\/formats-de-fichiers\\\/word#breadcrumb\"},\"inLanguage\":\"fr-FR\",\"potentialAction\":[{\"@type\":\"ReadAction\",\"target\":[\"https:\\\/\\\/www.trustedtranslations.com\\\/fr\\\/services\\\/formats-de-fichiers\\\/word\"]}]},{\"@type\":\"ImageObject\",\"inLanguage\":\"fr-FR\",\"@id\":\"https:\\\/\\\/www.trustedtranslations.com\\\/fr\\\/services\\\/formats-de-fichiers\\\/word#primaryimage\",\"url\":\"https:\\\/\\\/www.trustedtranslations.com\\\/wp-content\\\/uploads\\\/2024\\\/02\\\/tt-icon_Microsoft-Word-Translation-Services.png\",\"contentUrl\":\"https:\\\/\\\/www.trustedtranslations.com\\\/wp-content\\\/uploads\\\/2024\\\/02\\\/tt-icon_Microsoft-Word-Translation-Services.png\",\"width\":151,\"height\":151,\"caption\":\"tt icon Microsoft Word Translation Services\"},{\"@type\":\"BreadcrumbList\",\"@id\":\"https:\\\/\\\/www.trustedtranslations.com\\\/fr\\\/services\\\/formats-de-fichiers\\\/word#breadcrumb\",\"itemListElement\":[{\"@type\":\"ListItem\",\"position\":1,\"name\":\"Accueil\",\"item\":\"https:\\\/\\\/www.trustedtranslations.com\\\/fr\"},{\"@type\":\"ListItem\",\"position\":2,\"name\":\"Services\",\"item\":\"https:\\\/\\\/www.trustedtranslations.com\\\/fr\\\/services\"},{\"@type\":\"ListItem\",\"position\":3,\"name\":\"Formats de fichiers\",\"item\":\"https:\\\/\\\/www.trustedtranslations.com\\\/fr\\\/services\\\/formats-de-fichiers\"},{\"@type\":\"ListItem\",\"position\":4,\"name\":\"Microsoft Word\"}]},{\"@type\":\"WebSite\",\"@id\":\"https:\\\/\\\/www.trustedtranslations.com\\\/fr\\\/#website\",\"url\":\"https:\\\/\\\/www.trustedtranslations.com\\\/fr\\\/\",\"name\":\"Trusted Translations, Inc.\",\"description\":\"Leader in translation and interpretation services.\",\"publisher\":{\"@id\":\"https:\\\/\\\/www.trustedtranslations.com\\\/fr\\\/#organization\"},\"alternateName\":\"Trusted Translations\",\"potentialAction\":[{\"@type\":\"SearchAction\",\"target\":{\"@type\":\"EntryPoint\",\"urlTemplate\":\"https:\\\/\\\/www.trustedtranslations.com\\\/fr\\\/?s={search_term_string}\"},\"query-input\":{\"@type\":\"PropertyValueSpecification\",\"valueRequired\":true,\"valueName\":\"search_term_string\"}}],\"inLanguage\":\"fr-FR\"},{\"@type\":\"Organization\",\"@id\":\"https:\\\/\\\/www.trustedtranslations.com\\\/fr\\\/#organization\",\"name\":\"Trusted Translations\",\"alternateName\":\"Trusted Translations, Inc.\",\"url\":\"https:\\\/\\\/www.trustedtranslations.com\\\/fr\\\/\",\"logo\":{\"@type\":\"ImageObject\",\"inLanguage\":\"fr-FR\",\"@id\":\"https:\\\/\\\/www.trustedtranslations.com\\\/fr\\\/#\\\/schema\\\/logo\\\/image\\\/\",\"url\":\"https:\\\/\\\/static.trustedtranslations.com\\\/wp-content\\\/uploads\\\/2022\\\/01\\\/TT_logo_WSIColors-2.png\",\"contentUrl\":\"https:\\\/\\\/static.trustedtranslations.com\\\/wp-content\\\/uploads\\\/2022\\\/01\\\/TT_logo_WSIColors-2.png\",\"width\":500,\"height\":196,\"caption\":\"Trusted Translations\"},\"image\":{\"@id\":\"https:\\\/\\\/www.trustedtranslations.com\\\/fr\\\/#\\\/schema\\\/logo\\\/image\\\/\"},\"sameAs\":[\"https:\\\/\\\/www.facebook.com\\\/Trusted.Translations\",\"https:\\\/\\\/x.com\\\/TrustedT9ns\",\"https:\\\/\\\/www.linkedin.com\\\/company\\\/trusted-translations\"]}]}<\/script>\n<!-- \/ Yoast SEO plugin. -->","yoast_head_json":{"title":"Services de traduction pour Microsoft Word - Trusted Translations, Inc.","description":"Trusted Translations entreprendra n\u2019importe quel projet de traduction Microsoft Word, quelle qu\u2019en soit la complexit\u00e9.","robots":{"index":"index","follow":"follow","max-snippet":"max-snippet:-1","max-image-preview":"max-image-preview:large","max-video-preview":"max-video-preview:-1"},"canonical":"https:\/\/www.trustedtranslations.com\/fr\/services\/formats-de-fichiers\/word","og_locale":"fr_FR","og_type":"article","og_title":"Services de traduction pour Microsoft Word - Trusted Translations, Inc.","og_description":"Trusted Translations entreprendra n\u2019importe quel projet de traduction Microsoft Word, quelle qu\u2019en soit la complexit\u00e9.","og_url":"https:\/\/www.trustedtranslations.com\/fr\/services\/formats-de-fichiers\/word","og_site_name":"Trusted Translations, Inc.","article_publisher":"https:\/\/www.facebook.com\/Trusted.Translations","article_modified_time":"2024-09-02T21:36:44+00:00","og_image":[{"width":151,"height":151,"url":"https:\/\/static.trustedtranslations.com\/wp-content\/uploads\/2024\/02\/tt-icon_Microsoft-Word-Translation-Services.png","type":"image\/png"}],"twitter_card":"summary_large_image","twitter_site":"@TrustedT9ns","schema":{"@context":"https:\/\/schema.org","@graph":[{"@type":"WebPage","@id":"https:\/\/www.trustedtranslations.com\/fr\/services\/formats-de-fichiers\/word","url":"https:\/\/www.trustedtranslations.com\/fr\/services\/formats-de-fichiers\/word","name":"Services de traduction pour Microsoft Word - Trusted Translations, Inc.","isPartOf":{"@id":"https:\/\/www.trustedtranslations.com\/fr\/#website"},"primaryImageOfPage":{"@id":"https:\/\/www.trustedtranslations.com\/fr\/services\/formats-de-fichiers\/word#primaryimage"},"image":{"@id":"https:\/\/www.trustedtranslations.com\/fr\/services\/formats-de-fichiers\/word#primaryimage"},"thumbnailUrl":"https:\/\/www.trustedtranslations.com\/wp-content\/uploads\/2024\/02\/tt-icon_Microsoft-Word-Translation-Services.png","description":"Trusted Translations entreprendra n\u2019importe quel projet de traduction Microsoft Word, quelle qu\u2019en soit la complexit\u00e9.","breadcrumb":{"@id":"https:\/\/www.trustedtranslations.com\/fr\/services\/formats-de-fichiers\/word#breadcrumb"},"inLanguage":"fr-FR","potentialAction":[{"@type":"ReadAction","target":["https:\/\/www.trustedtranslations.com\/fr\/services\/formats-de-fichiers\/word"]}]},{"@type":"ImageObject","inLanguage":"fr-FR","@id":"https:\/\/www.trustedtranslations.com\/fr\/services\/formats-de-fichiers\/word#primaryimage","url":"https:\/\/www.trustedtranslations.com\/wp-content\/uploads\/2024\/02\/tt-icon_Microsoft-Word-Translation-Services.png","contentUrl":"https:\/\/www.trustedtranslations.com\/wp-content\/uploads\/2024\/02\/tt-icon_Microsoft-Word-Translation-Services.png","width":151,"height":151,"caption":"tt icon Microsoft Word Translation Services"},{"@type":"BreadcrumbList","@id":"https:\/\/www.trustedtranslations.com\/fr\/services\/formats-de-fichiers\/word#breadcrumb","itemListElement":[{"@type":"ListItem","position":1,"name":"Accueil","item":"https:\/\/www.trustedtranslations.com\/fr"},{"@type":"ListItem","position":2,"name":"Services","item":"https:\/\/www.trustedtranslations.com\/fr\/services"},{"@type":"ListItem","position":3,"name":"Formats de fichiers","item":"https:\/\/www.trustedtranslations.com\/fr\/services\/formats-de-fichiers"},{"@type":"ListItem","position":4,"name":"Microsoft Word"}]},{"@type":"WebSite","@id":"https:\/\/www.trustedtranslations.com\/fr\/#website","url":"https:\/\/www.trustedtranslations.com\/fr\/","name":"Trusted Translations, Inc.","description":"Leader in translation and interpretation services.","publisher":{"@id":"https:\/\/www.trustedtranslations.com\/fr\/#organization"},"alternateName":"Trusted Translations","potentialAction":[{"@type":"SearchAction","target":{"@type":"EntryPoint","urlTemplate":"https:\/\/www.trustedtranslations.com\/fr\/?s={search_term_string}"},"query-input":{"@type":"PropertyValueSpecification","valueRequired":true,"valueName":"search_term_string"}}],"inLanguage":"fr-FR"},{"@type":"Organization","@id":"https:\/\/www.trustedtranslations.com\/fr\/#organization","name":"Trusted Translations","alternateName":"Trusted Translations, Inc.","url":"https:\/\/www.trustedtranslations.com\/fr\/","logo":{"@type":"ImageObject","inLanguage":"fr-FR","@id":"https:\/\/www.trustedtranslations.com\/fr\/#\/schema\/logo\/image\/","url":"https:\/\/static.trustedtranslations.com\/wp-content\/uploads\/2022\/01\/TT_logo_WSIColors-2.png","contentUrl":"https:\/\/static.trustedtranslations.com\/wp-content\/uploads\/2022\/01\/TT_logo_WSIColors-2.png","width":500,"height":196,"caption":"Trusted Translations"},"image":{"@id":"https:\/\/www.trustedtranslations.com\/fr\/#\/schema\/logo\/image\/"},"sameAs":["https:\/\/www.facebook.com\/Trusted.Translations","https:\/\/x.com\/TrustedT9ns","https:\/\/www.linkedin.com\/company\/trusted-translations"]}]}},"toolset-meta":{"dyk":{"mensaje-1":{"type":"textfield","raw":"Chaque composant de vos documents MS Word sera r\u00e9int\u00e9gr\u00e9 parfaitement."},"mensaje-2":{"type":"textfield","raw":"Les documents Word sont l'un des formats de fichiers les plus compatibles avec les outils de TAO."},"mensaje-3":{"type":"textfield","raw":"Nous fournissons des traductions qui ressemblent exactement \u00e0 la mise en page du document MS Word d'origine."},"mensaje-4":{"type":"textfield","raw":"Nous traduirons tous les documents ou images int\u00e9gr\u00e9s dans le texte."},"mensaje-5":{"type":"textfield","raw":""},"mensaje-6":{"type":"textfield","raw":""}},"single-page-template-fields":{"imgs-temp":{"type":"image","raw":["https:\/\/static.trustedtranslations.com\/wp-content\/uploads\/2024\/06\/word-final-3-1.webp"],"repeatable":[{"raw":"https:\/\/static.trustedtranslations.com\/wp-content\/uploads\/2024\/06\/word-final-3-1.webp"}]},"imgs-temp-cel":{"type":"image","raw":[""],"repeatable":[{"raw":""}]},"img-temp-one-cel":{"type":"image","raw":"https:\/\/static.trustedtranslations.com\/wp-content\/uploads\/2024\/03\/AdobeStock_385542563-2-1.webp","attachment_id":null},"quotes":{"type":"textarea","raw":"<h1 style=\"margin-bottom: 12px;\">Services de traduction pour Microsoft Word<\/h1>\r\nPour vos besoins de traduction de documents Microsoft Word, Trusted Translations repr\u00e9sente votre meilleur choix pour obtenir des traductions rapides, fiables, pr\u00e9cises et professionnelles. Nous pouvons fournir des traductions presque identiques au document original, depuis le formatage jusqu\u2019aux hyperliens, index, graphiques ou images int\u00e9gr\u00e9s dans le texte original, afin de vous permettre de transmettre votre message aussi pr\u00e9cis\u00e9ment que possible dans la langue cible.\r\n<div style=\"margin-top: 2.5vw;\"><a class=\"tt-btn-main-cta\" href=\"\/fr\/devis-traduction\">DEMANDEZ UN DEVIS GRATUIT<\/a><\/div>"},"text-1":{"type":"textarea","raw":"<h2>Services complets de traduction et de publication assist\u00e9e par ordinateur pour Microsoft Word<\/h2>\r\nToutes vos traductions de documents Microsoft Word feront l\u2019objet d\u2019un processus m\u00e9ticuleux de traduction, d\u2019\u00e9dition et de relecture et, si n\u00e9cessaire, une \u00e9tape de publication assist\u00e9e par ordinateur sera incluse dans nos services de traduction. Dans le cas o\u00f9 une \u00e9tape de publication assist\u00e9e par ordinateur s\u2019av\u00e9rerait n\u00e9cessaire, une composante de relecture sera m\u00eame int\u00e9gr\u00e9e apr\u00e8s cette \u00e9tape afin de garantir que le produit final est de la plus haute qualit\u00e9 et pr\u00eat pour une utilisation imm\u00e9diate.\r\n<h2>Services de traduction pour les fichiers Microsoft Word<\/h2>\r\nL\u2019\u00e9quipe d\u2019experts de\u00a0<em>Trusted Translations<\/em>\u00a0fournit non seulement la traduction la plus professionnelle et la plus pr\u00e9cise de l\u2019industrie, mais prend \u00e9galement en compte tous les d\u00e9tails de vos projets de traduction Microsoft Word. Microsoft Word est le programme de traitement de texte le plus utilis\u00e9 dans le monde entier, et bien qu\u2019\u00e0 premi\u00e8re vue son format puisse sembler facile \u00e0 utiliser dans le cadre d\u2019un projet de traduction, il peut souvent s\u2019av\u00e9rer complexe. Sa nature conviviale en fait une plateforme populaire pour int\u00e9grer de nombreux \u00e9l\u00e9ments tels que des hyperliens, des graphiques, des images, des feuilles de calcul, des tableaux crois\u00e9s dynamiques, des index, ainsi que d\u2019autres formats de fichiers int\u00e9gr\u00e9s, pour n\u2019en nommer que quelques-uns. Lorsque nous entreprenons un projet de traduction chez\u00a0<em>Trusted Translations<\/em>, nous tenons compte de tous ces \u00e9l\u00e9ments au long de notre processus de traduction.\r\n<h2>Comment traduisons-nous un document Word\u00a0?<\/h2>\r\nNotre \u00e9quipe d\u2019experts de la traduction et de la publication assist\u00e9e par ordinateur veillera \u00e0 ce que le produit final soit traduit professionnellement et que chaque composant de votre document MS Word soit r\u00e9incorpor\u00e9 de fa\u00e7on transparente, pr\u00eat pour une utilisation imm\u00e9diate. Nous prenons en charge tous les projets de traduction Microsoft Word, quelle que soit leur taille ou leur complexit\u00e9, pour livrer des documents Word traduits par des professionnels et habilement mis en page.\r\n\r\nLorsque vous confiez un projet de traduction de document MS Word \u00e0\u00a0<em>Trusted Translations<\/em>, vous recevez en retour un document traduit dans la langue cible presque identique \u00e0 l\u2019original. L\u2019ensemble des \u00e9l\u00e9ments, depuis la mise en forme jusqu\u2019aux autres \u00e9l\u00e9ments int\u00e9gr\u00e9s, aura l\u2019air de ne jamais avoir \u00e9t\u00e9 traduit."},"shortcode-map":{"type":"textfield","raw":""},"dyk-shortcode":{"type":"textfield","raw":"[elementor-template id=\"146546\"]"},"text-2":{"type":"textarea","raw":"<h2>Publication assist\u00e9e par ordinateur pour les documents Word<\/h2>\r\nDans le cas o\u00f9 votre document MS Word contient des \u00e9l\u00e9ments int\u00e9gr\u00e9s tels que des graphiques, des feuilles de calcul, des tableaux crois\u00e9s dynamiques, des images, des hyperliens, des index, et autres, l\u2019\u00e9quipe d\u2019experts de\u00a0<em>Trusted Translations\u2019<\/em>\u00a0veillera \u00e0 ce que chaque \u00e9l\u00e9ment soit individuellement g\u00e9r\u00e9 et mis en \u0153uvre. Nos sp\u00e9cialistes de la publication assist\u00e9e par ordinateur extrairont tous les \u00e9l\u00e9ments int\u00e9gr\u00e9s du document en cons\u00e9quence. Nos traducteurs sp\u00e9cifiques \u00e0 l\u2019industrie traduiront avec pr\u00e9cision tout le texte int\u00e9gr\u00e9 tandis que les formules, les conversions d\u2019unit\u00e9, les tableaux crois\u00e9s dynamiques et plus encore seront g\u00e9r\u00e9s avec pr\u00e9cision par notre \u00e9quipe de publication assist\u00e9e par ordinateur. Si votre document inclut un index, notre \u00e9quipe de publication assist\u00e9e par ordinateur veillera \u00e0 ce que chaque lien redirige automatiquement le lecteur vers sa section correspondante dans le document MS Word. Si le document contient des tableaux crois\u00e9s dynamiques int\u00e9gr\u00e9s, l\u2019\u00e9quipe de publication assist\u00e9e par ordinateur v\u00e9rifiera la conversion pr\u00e9cise des unit\u00e9s de mesure et des formules correspondantes, si le client le demande. Si votre document Microsoft Word contient d\u2019autres formats de fichiers int\u00e9gr\u00e9s, tels que des feuilles de calcul Excel ou des diagrammes de flux Visio, que vous souhaitez inclure dans la traduction, notre \u00e9quipe de PAO proc\u00e8dera \u00e0 l\u2019extraction de chaque contenu afin qu\u2019il puisse faire l\u2019objet d\u2019un processus de traduction individuel. Enfin, nos sp\u00e9cialistes de la publication assist\u00e9e par ordinateur r\u00e9int\u00e9greront chaque composant dans le document MS Word traduit afin qu\u2019il s\u2019adapte parfaitement pour assurer son utilisation imm\u00e9diate."},"state":{"type":"textfield","raw":""},"city":{"type":"textarea","raw":[]}}},"_links":{"self":[{"href":"https:\/\/www.trustedtranslations.com\/fr\/wp-json\/wp\/v2\/pages\/128829","targetHints":{"allow":["GET"]}}],"collection":[{"href":"https:\/\/www.trustedtranslations.com\/fr\/wp-json\/wp\/v2\/pages"}],"about":[{"href":"https:\/\/www.trustedtranslations.com\/fr\/wp-json\/wp\/v2\/types\/page"}],"author":[{"embeddable":true,"href":"https:\/\/www.trustedtranslations.com\/fr\/wp-json\/wp\/v2\/users\/1"}],"replies":[{"embeddable":true,"href":"https:\/\/www.trustedtranslations.com\/fr\/wp-json\/wp\/v2\/comments?post=128829"}],"version-history":[{"count":0,"href":"https:\/\/www.trustedtranslations.com\/fr\/wp-json\/wp\/v2\/pages\/128829\/revisions"}],"up":[{"embeddable":true,"href":"https:\/\/www.trustedtranslations.com\/fr\/wp-json\/wp\/v2\/pages\/128853"}],"wp:featuredmedia":[{"embeddable":true,"href":"https:\/\/www.trustedtranslations.com\/fr\/wp-json\/wp\/v2\/media\/238018"}],"wp:attachment":[{"href":"https:\/\/www.trustedtranslations.com\/fr\/wp-json\/wp\/v2\/media?parent=128829"}],"curies":[{"name":"wp","href":"https:\/\/api.w.org\/{rel}","templated":true}]}}