{"id":128833,"date":"2019-10-16T13:36:56","date_gmt":"2019-10-16T13:36:56","guid":{"rendered":"https:\/\/www.trustedtranslations.com\/?page_id=128833"},"modified":"2024-09-06T12:40:52","modified_gmt":"2024-09-06T15:40:52","slug":"wordpress","status":"publish","type":"page","link":"https:\/\/www.trustedtranslations.com\/fr\/services\/formats-de-fichiers\/wordpress","title":{"rendered":"WordPress"},"content":{"rendered":"","protected":false},"excerpt":{"rendered":"","protected":false},"author":4,"featured_media":238300,"parent":128853,"menu_order":18,"comment_status":"closed","ping_status":"closed","template":"","meta":{"site-sidebar-layout":"default","site-content-layout":"default","ast-site-content-layout":"default","site-content-style":"default","site-sidebar-style":"default","ast-global-header-display":"","ast-banner-title-visibility":"","ast-main-header-display":"","ast-hfb-above-header-display":"","ast-hfb-below-header-display":"","ast-hfb-mobile-header-display":"","site-post-title":"disabled","ast-breadcrumbs-content":"","ast-featured-img":"","footer-sml-layout":"","ast-disable-related-posts":"","theme-transparent-header-meta":"default","adv-header-id-meta":"","stick-header-meta":"","header-above-stick-meta":"","header-main-stick-meta":"","header-below-stick-meta":"","astra-migrate-meta-layouts":"set","ast-page-background-enabled":"default","ast-page-background-meta":{"desktop":{"background-color":"var(--ast-global-color-4)","background-image":"","background-repeat":"repeat","background-position":"center center","background-size":"auto","background-attachment":"scroll","background-type":"","background-media":"","overlay-type":"","overlay-color":"","overlay-opacity":"","overlay-gradient":""},"tablet":{"background-color":"","background-image":"","background-repeat":"repeat","background-position":"center center","background-size":"auto","background-attachment":"scroll","background-type":"","background-media":"","overlay-type":"","overlay-color":"","overlay-opacity":"","overlay-gradient":""},"mobile":{"background-color":"","background-image":"","background-repeat":"repeat","background-position":"center center","background-size":"auto","background-attachment":"scroll","background-type":"","background-media":"","overlay-type":"","overlay-color":"","overlay-opacity":"","overlay-gradient":""}},"ast-content-background-meta":{"desktop":{"background-color":"var(--ast-global-color-5)","background-image":"","background-repeat":"repeat","background-position":"center center","background-size":"auto","background-attachment":"scroll","background-type":"","background-media":"","overlay-type":"","overlay-color":"","overlay-opacity":"","overlay-gradient":""},"tablet":{"background-color":"var(--ast-global-color-5)","background-image":"","background-repeat":"repeat","background-position":"center center","background-size":"auto","background-attachment":"scroll","background-type":"","background-media":"","overlay-type":"","overlay-color":"","overlay-opacity":"","overlay-gradient":""},"mobile":{"background-color":"var(--ast-global-color-5)","background-image":"","background-repeat":"repeat","background-position":"center center","background-size":"auto","background-attachment":"scroll","background-type":"","background-media":"","overlay-type":"","overlay-color":"","overlay-opacity":"","overlay-gradient":""}},"footnotes":""},"class_list":["post-128833","page","type-page","status-publish","has-post-thumbnail","hentry"],"yoast_head":"<!-- This site is optimized with the Yoast SEO plugin v27.5 - https:\/\/yoast.com\/product\/yoast-seo-wordpress\/ -->\n<title>Traductions de sites Web WordPress\/WPML - Trusted Translations, Inc.<\/title>\n<meta name=\"description\" content=\"Trusted Translations propose une traduction et une localisation WordPress de haute qualit\u00e9 dans n\u2019importe quelle langue en utilisant WPML, le tout \u00e0 des tarifs comp\u00e9titifs.\" \/>\n<meta name=\"robots\" content=\"index, follow, max-snippet:-1, max-image-preview:large, max-video-preview:-1\" \/>\n<link rel=\"canonical\" href=\"https:\/\/www.trustedtranslations.com\/fr\/services\/formats-de-fichiers\/wordpress\" \/>\n<meta property=\"og:locale\" content=\"fr_FR\" \/>\n<meta property=\"og:type\" content=\"article\" \/>\n<meta property=\"og:title\" content=\"Traductions de sites Web WordPress\/WPML - Trusted Translations, Inc.\" \/>\n<meta property=\"og:description\" content=\"Trusted Translations propose une traduction et une localisation WordPress de haute qualit\u00e9 dans n\u2019importe quelle langue en utilisant WPML, le tout \u00e0 des tarifs comp\u00e9titifs.\" \/>\n<meta property=\"og:url\" content=\"https:\/\/www.trustedtranslations.com\/fr\/services\/formats-de-fichiers\/wordpress\" \/>\n<meta property=\"og:site_name\" content=\"Trusted Translations, Inc.\" \/>\n<meta property=\"article:publisher\" content=\"https:\/\/www.facebook.com\/Trusted.Translations\" \/>\n<meta property=\"article:modified_time\" content=\"2024-09-06T15:40:52+00:00\" \/>\n<meta property=\"og:image\" content=\"https:\/\/static.trustedtranslations.com\/wp-content\/uploads\/2024\/02\/tt-icon_Professional-Translation.webp\" \/>\n\t<meta property=\"og:image:width\" content=\"151\" \/>\n\t<meta property=\"og:image:height\" content=\"151\" \/>\n\t<meta property=\"og:image:type\" content=\"image\/webp\" \/>\n<meta name=\"twitter:card\" content=\"summary_large_image\" \/>\n<meta name=\"twitter:site\" content=\"@TrustedT9ns\" \/>\n<script type=\"application\/ld+json\" class=\"yoast-schema-graph\">{\"@context\":\"https:\\\/\\\/schema.org\",\"@graph\":[{\"@type\":\"WebPage\",\"@id\":\"https:\\\/\\\/www.trustedtranslations.com\\\/fr\\\/services\\\/formats-de-fichiers\\\/wordpress\",\"url\":\"https:\\\/\\\/www.trustedtranslations.com\\\/fr\\\/services\\\/formats-de-fichiers\\\/wordpress\",\"name\":\"Traductions de sites Web WordPress\\\/WPML - Trusted Translations, Inc.\",\"isPartOf\":{\"@id\":\"https:\\\/\\\/www.trustedtranslations.com\\\/fr\\\/#website\"},\"primaryImageOfPage\":{\"@id\":\"https:\\\/\\\/www.trustedtranslations.com\\\/fr\\\/services\\\/formats-de-fichiers\\\/wordpress#primaryimage\"},\"image\":{\"@id\":\"https:\\\/\\\/www.trustedtranslations.com\\\/fr\\\/services\\\/formats-de-fichiers\\\/wordpress#primaryimage\"},\"thumbnailUrl\":\"https:\\\/\\\/www.trustedtranslations.com\\\/wp-content\\\/uploads\\\/2024\\\/02\\\/tt-icon_Professional-Translation.webp\",\"description\":\"Trusted Translations propose une traduction et une localisation WordPress de haute qualit\u00e9 dans n\u2019importe quelle langue en utilisant WPML, le tout \u00e0 des tarifs comp\u00e9titifs.\",\"breadcrumb\":{\"@id\":\"https:\\\/\\\/www.trustedtranslations.com\\\/fr\\\/services\\\/formats-de-fichiers\\\/wordpress#breadcrumb\"},\"inLanguage\":\"fr-FR\",\"potentialAction\":[{\"@type\":\"ReadAction\",\"target\":[\"https:\\\/\\\/www.trustedtranslations.com\\\/fr\\\/services\\\/formats-de-fichiers\\\/wordpress\"]}]},{\"@type\":\"ImageObject\",\"inLanguage\":\"fr-FR\",\"@id\":\"https:\\\/\\\/www.trustedtranslations.com\\\/fr\\\/services\\\/formats-de-fichiers\\\/wordpress#primaryimage\",\"url\":\"https:\\\/\\\/www.trustedtranslations.com\\\/wp-content\\\/uploads\\\/2024\\\/02\\\/tt-icon_Professional-Translation.webp\",\"contentUrl\":\"https:\\\/\\\/www.trustedtranslations.com\\\/wp-content\\\/uploads\\\/2024\\\/02\\\/tt-icon_Professional-Translation.webp\",\"width\":151,\"height\":151,\"caption\":\"tt icon Professional Translation\"},{\"@type\":\"BreadcrumbList\",\"@id\":\"https:\\\/\\\/www.trustedtranslations.com\\\/fr\\\/services\\\/formats-de-fichiers\\\/wordpress#breadcrumb\",\"itemListElement\":[{\"@type\":\"ListItem\",\"position\":1,\"name\":\"Accueil\",\"item\":\"https:\\\/\\\/www.trustedtranslations.com\\\/fr\"},{\"@type\":\"ListItem\",\"position\":2,\"name\":\"Services\",\"item\":\"https:\\\/\\\/www.trustedtranslations.com\\\/fr\\\/services\"},{\"@type\":\"ListItem\",\"position\":3,\"name\":\"Formats de fichiers\",\"item\":\"https:\\\/\\\/www.trustedtranslations.com\\\/fr\\\/services\\\/formats-de-fichiers\"},{\"@type\":\"ListItem\",\"position\":4,\"name\":\"WordPress\"}]},{\"@type\":\"WebSite\",\"@id\":\"https:\\\/\\\/www.trustedtranslations.com\\\/fr\\\/#website\",\"url\":\"https:\\\/\\\/www.trustedtranslations.com\\\/fr\\\/\",\"name\":\"Trusted Translations, Inc.\",\"description\":\"Leader in translation and interpretation services.\",\"publisher\":{\"@id\":\"https:\\\/\\\/www.trustedtranslations.com\\\/fr\\\/#organization\"},\"alternateName\":\"Trusted Translations\",\"potentialAction\":[{\"@type\":\"SearchAction\",\"target\":{\"@type\":\"EntryPoint\",\"urlTemplate\":\"https:\\\/\\\/www.trustedtranslations.com\\\/fr\\\/?s={search_term_string}\"},\"query-input\":{\"@type\":\"PropertyValueSpecification\",\"valueRequired\":true,\"valueName\":\"search_term_string\"}}],\"inLanguage\":\"fr-FR\"},{\"@type\":\"Organization\",\"@id\":\"https:\\\/\\\/www.trustedtranslations.com\\\/fr\\\/#organization\",\"name\":\"Trusted Translations\",\"alternateName\":\"Trusted Translations, Inc.\",\"url\":\"https:\\\/\\\/www.trustedtranslations.com\\\/fr\\\/\",\"logo\":{\"@type\":\"ImageObject\",\"inLanguage\":\"fr-FR\",\"@id\":\"https:\\\/\\\/www.trustedtranslations.com\\\/fr\\\/#\\\/schema\\\/logo\\\/image\\\/\",\"url\":\"https:\\\/\\\/static.trustedtranslations.com\\\/wp-content\\\/uploads\\\/2022\\\/01\\\/TT_logo_WSIColors-2.png\",\"contentUrl\":\"https:\\\/\\\/static.trustedtranslations.com\\\/wp-content\\\/uploads\\\/2022\\\/01\\\/TT_logo_WSIColors-2.png\",\"width\":500,\"height\":196,\"caption\":\"Trusted Translations\"},\"image\":{\"@id\":\"https:\\\/\\\/www.trustedtranslations.com\\\/fr\\\/#\\\/schema\\\/logo\\\/image\\\/\"},\"sameAs\":[\"https:\\\/\\\/www.facebook.com\\\/Trusted.Translations\",\"https:\\\/\\\/x.com\\\/TrustedT9ns\",\"https:\\\/\\\/www.linkedin.com\\\/company\\\/trusted-translations\"]}]}<\/script>\n<!-- \/ Yoast SEO plugin. -->","yoast_head_json":{"title":"Traductions de sites Web WordPress\/WPML - Trusted Translations, Inc.","description":"Trusted Translations propose une traduction et une localisation WordPress de haute qualit\u00e9 dans n\u2019importe quelle langue en utilisant WPML, le tout \u00e0 des tarifs comp\u00e9titifs.","robots":{"index":"index","follow":"follow","max-snippet":"max-snippet:-1","max-image-preview":"max-image-preview:large","max-video-preview":"max-video-preview:-1"},"canonical":"https:\/\/www.trustedtranslations.com\/fr\/services\/formats-de-fichiers\/wordpress","og_locale":"fr_FR","og_type":"article","og_title":"Traductions de sites Web WordPress\/WPML - Trusted Translations, Inc.","og_description":"Trusted Translations propose une traduction et une localisation WordPress de haute qualit\u00e9 dans n\u2019importe quelle langue en utilisant WPML, le tout \u00e0 des tarifs comp\u00e9titifs.","og_url":"https:\/\/www.trustedtranslations.com\/fr\/services\/formats-de-fichiers\/wordpress","og_site_name":"Trusted Translations, Inc.","article_publisher":"https:\/\/www.facebook.com\/Trusted.Translations","article_modified_time":"2024-09-06T15:40:52+00:00","og_image":[{"width":151,"height":151,"url":"https:\/\/static.trustedtranslations.com\/wp-content\/uploads\/2024\/02\/tt-icon_Professional-Translation.webp","type":"image\/webp"}],"twitter_card":"summary_large_image","twitter_site":"@TrustedT9ns","schema":{"@context":"https:\/\/schema.org","@graph":[{"@type":"WebPage","@id":"https:\/\/www.trustedtranslations.com\/fr\/services\/formats-de-fichiers\/wordpress","url":"https:\/\/www.trustedtranslations.com\/fr\/services\/formats-de-fichiers\/wordpress","name":"Traductions de sites Web WordPress\/WPML - Trusted Translations, Inc.","isPartOf":{"@id":"https:\/\/www.trustedtranslations.com\/fr\/#website"},"primaryImageOfPage":{"@id":"https:\/\/www.trustedtranslations.com\/fr\/services\/formats-de-fichiers\/wordpress#primaryimage"},"image":{"@id":"https:\/\/www.trustedtranslations.com\/fr\/services\/formats-de-fichiers\/wordpress#primaryimage"},"thumbnailUrl":"https:\/\/www.trustedtranslations.com\/wp-content\/uploads\/2024\/02\/tt-icon_Professional-Translation.webp","description":"Trusted Translations propose une traduction et une localisation WordPress de haute qualit\u00e9 dans n\u2019importe quelle langue en utilisant WPML, le tout \u00e0 des tarifs comp\u00e9titifs.","breadcrumb":{"@id":"https:\/\/www.trustedtranslations.com\/fr\/services\/formats-de-fichiers\/wordpress#breadcrumb"},"inLanguage":"fr-FR","potentialAction":[{"@type":"ReadAction","target":["https:\/\/www.trustedtranslations.com\/fr\/services\/formats-de-fichiers\/wordpress"]}]},{"@type":"ImageObject","inLanguage":"fr-FR","@id":"https:\/\/www.trustedtranslations.com\/fr\/services\/formats-de-fichiers\/wordpress#primaryimage","url":"https:\/\/www.trustedtranslations.com\/wp-content\/uploads\/2024\/02\/tt-icon_Professional-Translation.webp","contentUrl":"https:\/\/www.trustedtranslations.com\/wp-content\/uploads\/2024\/02\/tt-icon_Professional-Translation.webp","width":151,"height":151,"caption":"tt icon Professional Translation"},{"@type":"BreadcrumbList","@id":"https:\/\/www.trustedtranslations.com\/fr\/services\/formats-de-fichiers\/wordpress#breadcrumb","itemListElement":[{"@type":"ListItem","position":1,"name":"Accueil","item":"https:\/\/www.trustedtranslations.com\/fr"},{"@type":"ListItem","position":2,"name":"Services","item":"https:\/\/www.trustedtranslations.com\/fr\/services"},{"@type":"ListItem","position":3,"name":"Formats de fichiers","item":"https:\/\/www.trustedtranslations.com\/fr\/services\/formats-de-fichiers"},{"@type":"ListItem","position":4,"name":"WordPress"}]},{"@type":"WebSite","@id":"https:\/\/www.trustedtranslations.com\/fr\/#website","url":"https:\/\/www.trustedtranslations.com\/fr\/","name":"Trusted Translations, Inc.","description":"Leader in translation and interpretation services.","publisher":{"@id":"https:\/\/www.trustedtranslations.com\/fr\/#organization"},"alternateName":"Trusted Translations","potentialAction":[{"@type":"SearchAction","target":{"@type":"EntryPoint","urlTemplate":"https:\/\/www.trustedtranslations.com\/fr\/?s={search_term_string}"},"query-input":{"@type":"PropertyValueSpecification","valueRequired":true,"valueName":"search_term_string"}}],"inLanguage":"fr-FR"},{"@type":"Organization","@id":"https:\/\/www.trustedtranslations.com\/fr\/#organization","name":"Trusted Translations","alternateName":"Trusted Translations, Inc.","url":"https:\/\/www.trustedtranslations.com\/fr\/","logo":{"@type":"ImageObject","inLanguage":"fr-FR","@id":"https:\/\/www.trustedtranslations.com\/fr\/#\/schema\/logo\/image\/","url":"https:\/\/static.trustedtranslations.com\/wp-content\/uploads\/2022\/01\/TT_logo_WSIColors-2.png","contentUrl":"https:\/\/static.trustedtranslations.com\/wp-content\/uploads\/2022\/01\/TT_logo_WSIColors-2.png","width":500,"height":196,"caption":"Trusted Translations"},"image":{"@id":"https:\/\/www.trustedtranslations.com\/fr\/#\/schema\/logo\/image\/"},"sameAs":["https:\/\/www.facebook.com\/Trusted.Translations","https:\/\/x.com\/TrustedT9ns","https:\/\/www.linkedin.com\/company\/trusted-translations"]}]}},"toolset-meta":{"dyk":{"mensaje-1":{"type":"textfield","raw":"La traduction des sites Internet WordPress est plus facile que jamais gr\u00e2ce \u00e0 l\u2019extension WPML."},"mensaje-2":{"type":"textfield","raw":"Deux sites Internet sur cinq utilisent WordPress."},"mensaje-3":{"type":"textfield","raw":"Nous livrons les traductions en ligne, directement sur votre site Internet WordPress."},"mensaje-4":{"type":"textfield","raw":"Nous pr\u00e9servons le format et le style originaux de votre site Internet WordPress."},"mensaje-5":{"type":"textfield","raw":""},"mensaje-6":{"type":"textfield","raw":""}},"single-page-template-fields":{"imgs-temp":{"type":"image","raw":["https:\/\/static.trustedtranslations.com\/wp-content\/uploads\/2024\/06\/wordpress-final-1.webp"],"repeatable":[{"raw":"https:\/\/static.trustedtranslations.com\/wp-content\/uploads\/2024\/06\/wordpress-final-1.webp"}]},"imgs-temp-cel":{"type":"image","raw":[""],"repeatable":[{"raw":""}]},"img-temp-one-cel":{"type":"image","raw":"https:\/\/static.trustedtranslations.com\/wp-content\/uploads\/2024\/03\/AdobeStock_385542563-2-1.webp","attachment_id":null},"quotes":{"type":"textarea","raw":"<h1 style=\"margin-bottom: 12px;\">Traduction professionnelle pour les sites Web WordPress<\/h1>\r\nNous vous guiderons tout au long du processus de traduction et de localisation de votre site Web WordPress. Nous proposons des traductions de sites Web professionnels de haute qualit\u00e9 pour WordPress aux tarifs les plus comp\u00e9titifs. Des extensions comme WPML ou Multilingual Press peuvent apporter la solution id\u00e9ale si vous souhaitez traduire votre site Web WordPress. De plus, Trusted Translations est le meilleur partenaire pour localiser vos contenus gr\u00e2ce \u00e0 l\u2019une de ces extensions WordPress.\r\n<div style=\"margin-top: 2.5vw;\"><a class=\"tt-btn-main-cta\" href=\"\/it\/quote\">RICHIEDI UN PREVENTIVO GRATUITO<\/a><\/div>"},"text-1":{"type":"textarea","raw":"<h2>R\u00e9f\u00e9rencement multilingue<em>Localisation de WordPress<\/em>\u00a0avec\u00a0<em>WPML<\/em><\/h2>\r\nComme expliqu\u00e9 dans la documentation\u00a0<em>WPML<\/em>\u00a0pour les d\u00e9veloppeurs\u00a0:\u00a0<em>\u00ab\u00a0L\u2019un des principaux avantages d\u2019un site multilingue est de figurer en t\u00eate des r\u00e9sultats de recherche de Google dans diff\u00e9rentes langues. Le processus de promotion de votre site en t\u00eate de liste est appel\u00e9 r\u00e9f\u00e9rencement (SEO) et lorsqu\u2019il concerne un site multilingue, nous l\u2019appelons \u00ab\u00a0r\u00e9f\u00e9rencement multilingue\u00a0\u00bb.<\/em>\u00a0Lorsque vous utilisez\u00a0<em>WordPress<\/em>\u00a0pour cr\u00e9er votre site, une grande partie du travail d\u2019optimisation pour les moteurs de recherche est d\u00e9j\u00e0 effectu\u00e9e pour vous. WordPress produit un HTML simple, que Google comprend facilement.\u00a0Les experts en\u00a0<a href=\"https:\/\/www.trustedtranslations.com\/?page_id=304\">traduction marketing<\/a>\u00a0en ligne de\u00a0<em>Trusted Translations<\/em>\u00a0localiseront votre site\u00a0<em>WordPress<\/em>\u00a0avec\u00a0<em>WPML<\/em>\u00a0pour favoriser le bon positionnement de votre contenu dans n\u2019importe quelle langue.\r\n<h2>Traduction<em>de contenu WordPress<\/em>\u00a0\u00e0 l\u2019aide de<em>WPML<\/em><\/h2>\r\n<div class=\"pull-right tt-thumbnail hidden-xs\"><img class=\"\" src=\"https:\/\/www.trustedtranslations.com\/wp-content\/uploads\/2019\/07\/wpml-logo.png\" alt=\"WPML\" width=\"120\" height=\"45\" \/><\/div>\r\nSi vous avez un site Web cr\u00e9\u00e9 \u00e0 l\u2019aide de\u00a0<em>WordPress<\/em>\u00a0(actuellement le syst\u00e8me de gestion de contenu ou CMS le plus populaire au monde) et que vous devez le rendre disponible dans diff\u00e9rentes langues, vous pouvez d\u00e9sormais le faire rapidement et facilement avec l\u2019aide d\u2019experts en localisation comme\u00a0<em>Trusted Translations<\/em>\u00a0et de\u00a0<em>WPML<\/em>, l\u2019extension\u00a0<em>WordPress<\/em>\u00a0multilingue. Du c\u00f4t\u00e9 de\u00a0<em>Trusted Translations<\/em>,\u00a0<em>Memsource<\/em>\u00a0est le syst\u00e8me de gestion de la traduction (TMS) utilis\u00e9 pour localiser votre contenu dans autant de langues que vous le souhaitez. La solution que nous proposons utilise le Connecteur de\u00a0<em>Memsource<\/em>\u00a0pour compl\u00e9ter\u00a0<strong>l\u2019int\u00e9gration<\/strong>\u00a0entre votre CMS et notre TMS. Pour b\u00e9n\u00e9ficier d\u2019une\u00a0<strong>automatisation<\/strong>\u00a0plus avanc\u00e9e, si vous avez un contenu plus dynamique, nous pouvons \u00e9galement vous proposer le widget d\u2019automatisation de\u00a0<em>Memsource<\/em>."},"shortcode-map":{"type":"textfield","raw":""},"dyk-shortcode":{"type":"textfield","raw":"[elementor-template id=\"146751\"]"},"text-2":{"type":"textarea","raw":"<h3>Configuration gratuite par\u00a0<em>Trusted Translations<\/em><\/h3>\r\nEn plus de l\u2019assistance de\u00a0<em>WPML<\/em>\u00a0pour votre extensions,\u00a0<em>Trusted Translations<\/em>\u00a0dispose \u00e9galement d\u2019une \u00e9quipe informatique compos\u00e9e d\u2019experts\u00a0<em>WordPress<\/em>\u00a0et\u00a0<em>WPML<\/em>\u00a0qui vous aideront \u00e0 r\u00e9soudre les probl\u00e8mes pouvant survenir lors de la configuration de\u00a0<em>WPML<\/em>.\r\n<h3>Notre service d\u2019assistance technique d\u00e9di\u00e9<\/h3>\r\nL\u2019\u00e9quipe de\u00a0<em>Trusted Translations<\/em>\u00a0vous fournira une assistance technique d\u00e9di\u00e9e depuis le moment o\u00f9 vous nous contactez pour la premi\u00e8re fois jusqu\u2019\u00e0 ce que le contenu de votre site Web soit enti\u00e8rement traduit. Vous disposerez \u00e9galement d\u2019une assistance technique pour toute question qui pourrait survenir au cours du processus de mise \u00e0 jour du contenu, m\u00eame si nous sommes convaincus que l\u2019extension in fournira le pipeline de traduction invisible que vous recherchez.\r\n<h3>Meilleur prix de traduction par mot, avec des r\u00e9ductions pour les r\u00e9p\u00e9titions<\/h3>\r\nLe service est factur\u00e9 au mot, mais il n\u2019y a pas lieu de s\u2019inqui\u00e9ter des co\u00fbts\u00a0: l\u2019extension peut t\u00e9l\u00e9charger le contenu mis \u00e0 jour vers une plateforme qui r\u00e9utilise un contenu similaire \u00e0 un co\u00fbt bien moindre que si toutes les mises \u00e0 jour \u00e9taient traduites \u00e0 partir de z\u00e9ro. Demandez \u00e0 nos repr\u00e9sentants commerciaux comment optimiser vos projets de traduction en tenant compte des r\u00e9p\u00e9titions et des correspondances partielles et compl\u00e8tes.\r\n<h3>Vous voulez conna\u00eetre le nombre de mots de votre site\u00a0?<\/h3>\r\nUtilisez le\u00a0<a href=\"https:\/\/wpml.org\/documentation\/translating-your-contents\/getting-a-word-count-of-your-wordpress-site\/?tsid=a967159995deeeb503da9761406a542e\">compteur de mots du site Web<\/a>\u00a0de\u00a0<em>WPML<\/em>\u00a0pour le savoir. Une fois que vous l\u2019avez,\u00a0<a href=\"https:\/\/www.trustedtranslations.com\/ar?page_id=127902\">contactez-nous<\/a>\u00a0et nous vous donnerons un devis exact. N\u2019h\u00e9sitez pas \u00e0 nous contacter pour toute question ou inqui\u00e9tude concernant la localisation et la traduction de votre site Web\u00a0<em>WordPress<\/em>."},"state":{"type":"textfield","raw":""},"city":{"type":"textarea","raw":[]}}},"_links":{"self":[{"href":"https:\/\/www.trustedtranslations.com\/fr\/wp-json\/wp\/v2\/pages\/128833","targetHints":{"allow":["GET"]}}],"collection":[{"href":"https:\/\/www.trustedtranslations.com\/fr\/wp-json\/wp\/v2\/pages"}],"about":[{"href":"https:\/\/www.trustedtranslations.com\/fr\/wp-json\/wp\/v2\/types\/page"}],"author":[{"embeddable":true,"href":"https:\/\/www.trustedtranslations.com\/fr\/wp-json\/wp\/v2\/users\/4"}],"replies":[{"embeddable":true,"href":"https:\/\/www.trustedtranslations.com\/fr\/wp-json\/wp\/v2\/comments?post=128833"}],"version-history":[{"count":0,"href":"https:\/\/www.trustedtranslations.com\/fr\/wp-json\/wp\/v2\/pages\/128833\/revisions"}],"up":[{"embeddable":true,"href":"https:\/\/www.trustedtranslations.com\/fr\/wp-json\/wp\/v2\/pages\/128853"}],"wp:featuredmedia":[{"embeddable":true,"href":"https:\/\/www.trustedtranslations.com\/fr\/wp-json\/wp\/v2\/media\/238300"}],"wp:attachment":[{"href":"https:\/\/www.trustedtranslations.com\/fr\/wp-json\/wp\/v2\/media?parent=128833"}],"curies":[{"name":"wp","href":"https:\/\/api.w.org\/{rel}","templated":true}]}}