{"id":128837,"date":"2019-09-25T17:45:29","date_gmt":"2019-09-25T17:45:29","guid":{"rendered":"https:\/\/www.trustedtranslations.com\/?page_id=128837"},"modified":"2024-09-02T18:32:20","modified_gmt":"2024-09-02T21:32:20","slug":"autocad","status":"publish","type":"page","link":"https:\/\/www.trustedtranslations.com\/fr\/services\/formats-de-fichiers\/autocad","title":{"rendered":"AutoCAD"},"content":{"rendered":"","protected":false},"excerpt":{"rendered":"","protected":false},"author":1,"featured_media":238235,"parent":128853,"menu_order":12,"comment_status":"closed","ping_status":"closed","template":"","meta":{"site-sidebar-layout":"default","site-content-layout":"default","ast-site-content-layout":"default","site-content-style":"default","site-sidebar-style":"default","ast-global-header-display":"","ast-banner-title-visibility":"","ast-main-header-display":"","ast-hfb-above-header-display":"","ast-hfb-below-header-display":"","ast-hfb-mobile-header-display":"","site-post-title":"disabled","ast-breadcrumbs-content":"","ast-featured-img":"","footer-sml-layout":"","ast-disable-related-posts":"","theme-transparent-header-meta":"default","adv-header-id-meta":"","stick-header-meta":"","header-above-stick-meta":"","header-main-stick-meta":"","header-below-stick-meta":"","astra-migrate-meta-layouts":"set","ast-page-background-enabled":"default","ast-page-background-meta":{"desktop":{"background-color":"var(--ast-global-color-4)","background-image":"","background-repeat":"repeat","background-position":"center center","background-size":"auto","background-attachment":"scroll","background-type":"","background-media":"","overlay-type":"","overlay-color":"","overlay-opacity":"","overlay-gradient":""},"tablet":{"background-color":"","background-image":"","background-repeat":"repeat","background-position":"center center","background-size":"auto","background-attachment":"scroll","background-type":"","background-media":"","overlay-type":"","overlay-color":"","overlay-opacity":"","overlay-gradient":""},"mobile":{"background-color":"","background-image":"","background-repeat":"repeat","background-position":"center center","background-size":"auto","background-attachment":"scroll","background-type":"","background-media":"","overlay-type":"","overlay-color":"","overlay-opacity":"","overlay-gradient":""}},"ast-content-background-meta":{"desktop":{"background-color":"var(--ast-global-color-5)","background-image":"","background-repeat":"repeat","background-position":"center center","background-size":"auto","background-attachment":"scroll","background-type":"","background-media":"","overlay-type":"","overlay-color":"","overlay-opacity":"","overlay-gradient":""},"tablet":{"background-color":"var(--ast-global-color-5)","background-image":"","background-repeat":"repeat","background-position":"center center","background-size":"auto","background-attachment":"scroll","background-type":"","background-media":"","overlay-type":"","overlay-color":"","overlay-opacity":"","overlay-gradient":""},"mobile":{"background-color":"var(--ast-global-color-5)","background-image":"","background-repeat":"repeat","background-position":"center center","background-size":"auto","background-attachment":"scroll","background-type":"","background-media":"","overlay-type":"","overlay-color":"","overlay-opacity":"","overlay-gradient":""}},"footnotes":""},"class_list":["post-128837","page","type-page","status-publish","has-post-thumbnail","hentry"],"yoast_head":"<!-- This site is optimized with the Yoast SEO plugin v27.5 - https:\/\/yoast.com\/product\/yoast-seo-wordpress\/ -->\n<title>Services de traduction pour AutoCAD - Trusted Translations, Inc.<\/title>\n<meta name=\"description\" content=\"Pour vos traductions AutoCAD, Trusted Translations constitue une solution int\u00e9grale permettant de traduire avec pr\u00e9cision les fichiers architecturaux, d\u2019ing\u00e9nierie ou de construction.\" \/>\n<meta name=\"robots\" content=\"index, follow, max-snippet:-1, max-image-preview:large, max-video-preview:-1\" \/>\n<link rel=\"canonical\" href=\"https:\/\/www.trustedtranslations.com\/fr\/services\/formats-de-fichiers\/autocad\" \/>\n<meta property=\"og:locale\" content=\"fr_FR\" \/>\n<meta property=\"og:type\" content=\"article\" \/>\n<meta property=\"og:title\" content=\"Services de traduction pour AutoCAD - Trusted Translations, Inc.\" \/>\n<meta property=\"og:description\" content=\"Pour vos traductions AutoCAD, Trusted Translations constitue une solution int\u00e9grale permettant de traduire avec pr\u00e9cision les fichiers architecturaux, d\u2019ing\u00e9nierie ou de construction.\" \/>\n<meta property=\"og:url\" content=\"https:\/\/www.trustedtranslations.com\/fr\/services\/formats-de-fichiers\/autocad\" \/>\n<meta property=\"og:site_name\" content=\"Trusted Translations, Inc.\" \/>\n<meta property=\"article:publisher\" content=\"https:\/\/www.facebook.com\/Trusted.Translations\" \/>\n<meta property=\"article:modified_time\" content=\"2024-09-02T21:32:20+00:00\" \/>\n<meta property=\"og:image\" content=\"https:\/\/static.trustedtranslations.com\/wp-content\/uploads\/2024\/02\/tt-icon_Translation-Services-for.webp\" \/>\n\t<meta property=\"og:image:width\" content=\"151\" \/>\n\t<meta property=\"og:image:height\" content=\"151\" \/>\n\t<meta property=\"og:image:type\" content=\"image\/webp\" \/>\n<meta name=\"twitter:card\" content=\"summary_large_image\" \/>\n<meta name=\"twitter:site\" content=\"@TrustedT9ns\" \/>\n<script type=\"application\/ld+json\" class=\"yoast-schema-graph\">{\"@context\":\"https:\\\/\\\/schema.org\",\"@graph\":[{\"@type\":\"WebPage\",\"@id\":\"https:\\\/\\\/www.trustedtranslations.com\\\/fr\\\/services\\\/formats-de-fichiers\\\/autocad\",\"url\":\"https:\\\/\\\/www.trustedtranslations.com\\\/fr\\\/services\\\/formats-de-fichiers\\\/autocad\",\"name\":\"Services de traduction pour AutoCAD - Trusted Translations, Inc.\",\"isPartOf\":{\"@id\":\"https:\\\/\\\/www.trustedtranslations.com\\\/fr\\\/#website\"},\"primaryImageOfPage\":{\"@id\":\"https:\\\/\\\/www.trustedtranslations.com\\\/fr\\\/services\\\/formats-de-fichiers\\\/autocad#primaryimage\"},\"image\":{\"@id\":\"https:\\\/\\\/www.trustedtranslations.com\\\/fr\\\/services\\\/formats-de-fichiers\\\/autocad#primaryimage\"},\"thumbnailUrl\":\"https:\\\/\\\/www.trustedtranslations.com\\\/wp-content\\\/uploads\\\/2024\\\/02\\\/tt-icon_Translation-Services-for.webp\",\"description\":\"Pour vos traductions AutoCAD, Trusted Translations constitue une solution int\u00e9grale permettant de traduire avec pr\u00e9cision les fichiers architecturaux, d\u2019ing\u00e9nierie ou de construction.\",\"breadcrumb\":{\"@id\":\"https:\\\/\\\/www.trustedtranslations.com\\\/fr\\\/services\\\/formats-de-fichiers\\\/autocad#breadcrumb\"},\"inLanguage\":\"fr-FR\",\"potentialAction\":[{\"@type\":\"ReadAction\",\"target\":[\"https:\\\/\\\/www.trustedtranslations.com\\\/fr\\\/services\\\/formats-de-fichiers\\\/autocad\"]}]},{\"@type\":\"ImageObject\",\"inLanguage\":\"fr-FR\",\"@id\":\"https:\\\/\\\/www.trustedtranslations.com\\\/fr\\\/services\\\/formats-de-fichiers\\\/autocad#primaryimage\",\"url\":\"https:\\\/\\\/www.trustedtranslations.com\\\/wp-content\\\/uploads\\\/2024\\\/02\\\/tt-icon_Translation-Services-for.webp\",\"contentUrl\":\"https:\\\/\\\/www.trustedtranslations.com\\\/wp-content\\\/uploads\\\/2024\\\/02\\\/tt-icon_Translation-Services-for.webp\",\"width\":151,\"height\":151,\"caption\":\"tt icon Translation Services for\"},{\"@type\":\"BreadcrumbList\",\"@id\":\"https:\\\/\\\/www.trustedtranslations.com\\\/fr\\\/services\\\/formats-de-fichiers\\\/autocad#breadcrumb\",\"itemListElement\":[{\"@type\":\"ListItem\",\"position\":1,\"name\":\"Accueil\",\"item\":\"https:\\\/\\\/www.trustedtranslations.com\\\/fr\"},{\"@type\":\"ListItem\",\"position\":2,\"name\":\"Services\",\"item\":\"https:\\\/\\\/www.trustedtranslations.com\\\/fr\\\/services\"},{\"@type\":\"ListItem\",\"position\":3,\"name\":\"Formats de fichiers\",\"item\":\"https:\\\/\\\/www.trustedtranslations.com\\\/fr\\\/services\\\/formats-de-fichiers\"},{\"@type\":\"ListItem\",\"position\":4,\"name\":\"AutoCAD\"}]},{\"@type\":\"WebSite\",\"@id\":\"https:\\\/\\\/www.trustedtranslations.com\\\/fr\\\/#website\",\"url\":\"https:\\\/\\\/www.trustedtranslations.com\\\/fr\\\/\",\"name\":\"Trusted Translations, Inc.\",\"description\":\"Leader in translation and interpretation services.\",\"publisher\":{\"@id\":\"https:\\\/\\\/www.trustedtranslations.com\\\/fr\\\/#organization\"},\"alternateName\":\"Trusted Translations\",\"potentialAction\":[{\"@type\":\"SearchAction\",\"target\":{\"@type\":\"EntryPoint\",\"urlTemplate\":\"https:\\\/\\\/www.trustedtranslations.com\\\/fr\\\/?s={search_term_string}\"},\"query-input\":{\"@type\":\"PropertyValueSpecification\",\"valueRequired\":true,\"valueName\":\"search_term_string\"}}],\"inLanguage\":\"fr-FR\"},{\"@type\":\"Organization\",\"@id\":\"https:\\\/\\\/www.trustedtranslations.com\\\/fr\\\/#organization\",\"name\":\"Trusted Translations\",\"alternateName\":\"Trusted Translations, Inc.\",\"url\":\"https:\\\/\\\/www.trustedtranslations.com\\\/fr\\\/\",\"logo\":{\"@type\":\"ImageObject\",\"inLanguage\":\"fr-FR\",\"@id\":\"https:\\\/\\\/www.trustedtranslations.com\\\/fr\\\/#\\\/schema\\\/logo\\\/image\\\/\",\"url\":\"https:\\\/\\\/static.trustedtranslations.com\\\/wp-content\\\/uploads\\\/2022\\\/01\\\/TT_logo_WSIColors-2.png\",\"contentUrl\":\"https:\\\/\\\/static.trustedtranslations.com\\\/wp-content\\\/uploads\\\/2022\\\/01\\\/TT_logo_WSIColors-2.png\",\"width\":500,\"height\":196,\"caption\":\"Trusted Translations\"},\"image\":{\"@id\":\"https:\\\/\\\/www.trustedtranslations.com\\\/fr\\\/#\\\/schema\\\/logo\\\/image\\\/\"},\"sameAs\":[\"https:\\\/\\\/www.facebook.com\\\/Trusted.Translations\",\"https:\\\/\\\/x.com\\\/TrustedT9ns\",\"https:\\\/\\\/www.linkedin.com\\\/company\\\/trusted-translations\"]}]}<\/script>\n<!-- \/ Yoast SEO plugin. -->","yoast_head_json":{"title":"Services de traduction pour AutoCAD - Trusted Translations, Inc.","description":"Pour vos traductions AutoCAD, Trusted Translations constitue une solution int\u00e9grale permettant de traduire avec pr\u00e9cision les fichiers architecturaux, d\u2019ing\u00e9nierie ou de construction.","robots":{"index":"index","follow":"follow","max-snippet":"max-snippet:-1","max-image-preview":"max-image-preview:large","max-video-preview":"max-video-preview:-1"},"canonical":"https:\/\/www.trustedtranslations.com\/fr\/services\/formats-de-fichiers\/autocad","og_locale":"fr_FR","og_type":"article","og_title":"Services de traduction pour AutoCAD - Trusted Translations, Inc.","og_description":"Pour vos traductions AutoCAD, Trusted Translations constitue une solution int\u00e9grale permettant de traduire avec pr\u00e9cision les fichiers architecturaux, d\u2019ing\u00e9nierie ou de construction.","og_url":"https:\/\/www.trustedtranslations.com\/fr\/services\/formats-de-fichiers\/autocad","og_site_name":"Trusted Translations, Inc.","article_publisher":"https:\/\/www.facebook.com\/Trusted.Translations","article_modified_time":"2024-09-02T21:32:20+00:00","og_image":[{"width":151,"height":151,"url":"https:\/\/static.trustedtranslations.com\/wp-content\/uploads\/2024\/02\/tt-icon_Translation-Services-for.webp","type":"image\/webp"}],"twitter_card":"summary_large_image","twitter_site":"@TrustedT9ns","schema":{"@context":"https:\/\/schema.org","@graph":[{"@type":"WebPage","@id":"https:\/\/www.trustedtranslations.com\/fr\/services\/formats-de-fichiers\/autocad","url":"https:\/\/www.trustedtranslations.com\/fr\/services\/formats-de-fichiers\/autocad","name":"Services de traduction pour AutoCAD - Trusted Translations, Inc.","isPartOf":{"@id":"https:\/\/www.trustedtranslations.com\/fr\/#website"},"primaryImageOfPage":{"@id":"https:\/\/www.trustedtranslations.com\/fr\/services\/formats-de-fichiers\/autocad#primaryimage"},"image":{"@id":"https:\/\/www.trustedtranslations.com\/fr\/services\/formats-de-fichiers\/autocad#primaryimage"},"thumbnailUrl":"https:\/\/www.trustedtranslations.com\/wp-content\/uploads\/2024\/02\/tt-icon_Translation-Services-for.webp","description":"Pour vos traductions AutoCAD, Trusted Translations constitue une solution int\u00e9grale permettant de traduire avec pr\u00e9cision les fichiers architecturaux, d\u2019ing\u00e9nierie ou de construction.","breadcrumb":{"@id":"https:\/\/www.trustedtranslations.com\/fr\/services\/formats-de-fichiers\/autocad#breadcrumb"},"inLanguage":"fr-FR","potentialAction":[{"@type":"ReadAction","target":["https:\/\/www.trustedtranslations.com\/fr\/services\/formats-de-fichiers\/autocad"]}]},{"@type":"ImageObject","inLanguage":"fr-FR","@id":"https:\/\/www.trustedtranslations.com\/fr\/services\/formats-de-fichiers\/autocad#primaryimage","url":"https:\/\/www.trustedtranslations.com\/wp-content\/uploads\/2024\/02\/tt-icon_Translation-Services-for.webp","contentUrl":"https:\/\/www.trustedtranslations.com\/wp-content\/uploads\/2024\/02\/tt-icon_Translation-Services-for.webp","width":151,"height":151,"caption":"tt icon Translation Services for"},{"@type":"BreadcrumbList","@id":"https:\/\/www.trustedtranslations.com\/fr\/services\/formats-de-fichiers\/autocad#breadcrumb","itemListElement":[{"@type":"ListItem","position":1,"name":"Accueil","item":"https:\/\/www.trustedtranslations.com\/fr"},{"@type":"ListItem","position":2,"name":"Services","item":"https:\/\/www.trustedtranslations.com\/fr\/services"},{"@type":"ListItem","position":3,"name":"Formats de fichiers","item":"https:\/\/www.trustedtranslations.com\/fr\/services\/formats-de-fichiers"},{"@type":"ListItem","position":4,"name":"AutoCAD"}]},{"@type":"WebSite","@id":"https:\/\/www.trustedtranslations.com\/fr\/#website","url":"https:\/\/www.trustedtranslations.com\/fr\/","name":"Trusted Translations, Inc.","description":"Leader in translation and interpretation services.","publisher":{"@id":"https:\/\/www.trustedtranslations.com\/fr\/#organization"},"alternateName":"Trusted Translations","potentialAction":[{"@type":"SearchAction","target":{"@type":"EntryPoint","urlTemplate":"https:\/\/www.trustedtranslations.com\/fr\/?s={search_term_string}"},"query-input":{"@type":"PropertyValueSpecification","valueRequired":true,"valueName":"search_term_string"}}],"inLanguage":"fr-FR"},{"@type":"Organization","@id":"https:\/\/www.trustedtranslations.com\/fr\/#organization","name":"Trusted Translations","alternateName":"Trusted Translations, Inc.","url":"https:\/\/www.trustedtranslations.com\/fr\/","logo":{"@type":"ImageObject","inLanguage":"fr-FR","@id":"https:\/\/www.trustedtranslations.com\/fr\/#\/schema\/logo\/image\/","url":"https:\/\/static.trustedtranslations.com\/wp-content\/uploads\/2022\/01\/TT_logo_WSIColors-2.png","contentUrl":"https:\/\/static.trustedtranslations.com\/wp-content\/uploads\/2022\/01\/TT_logo_WSIColors-2.png","width":500,"height":196,"caption":"Trusted Translations"},"image":{"@id":"https:\/\/www.trustedtranslations.com\/fr\/#\/schema\/logo\/image\/"},"sameAs":["https:\/\/www.facebook.com\/Trusted.Translations","https:\/\/x.com\/TrustedT9ns","https:\/\/www.linkedin.com\/company\/trusted-translations"]}]}},"toolset-meta":{"dyk":{"mensaje-1":{"type":"textfield","raw":"Nous conservons le format d'origine de tous vos projets de traduction AutoCAD."},"mensaje-2":{"type":"textfield","raw":"Nous traduisons des projets d'architecture, d'ing\u00e9nierie et de conception graphique."},"mensaje-3":{"type":"textfield","raw":"Nous \u00e9liminons les barri\u00e8res linguistiques afin que vous puissiez partager votre projet AutoCAD dans le monde entier."},"mensaje-4":{"type":"textfield","raw":"Nous vous renverrons vos projets de traduction AutoCAD pr\u00eats pour une utilisation imm\u00e9diate."},"mensaje-5":{"type":"textfield","raw":""},"mensaje-6":{"type":"textfield","raw":""}},"single-page-template-fields":{"imgs-temp":{"type":"image","raw":["https:\/\/static.trustedtranslations.com\/wp-content\/uploads\/2024\/06\/autocad-final-1.webp","https:\/\/static.trustedtranslations.com\/wp-content\/uploads\/2024\/06\/autocad-final-3-1-1.webp"],"repeatable":[{"raw":"https:\/\/static.trustedtranslations.com\/wp-content\/uploads\/2024\/06\/autocad-final-1.webp"},{"raw":"https:\/\/static.trustedtranslations.com\/wp-content\/uploads\/2024\/06\/autocad-final-3-1-1.webp"}]},"imgs-temp-cel":{"type":"image","raw":[""],"repeatable":[{"raw":""}]},"img-temp-one-cel":{"type":"image","raw":"https:\/\/static.trustedtranslations.com\/wp-content\/uploads\/2024\/03\/document-final-5-1.webp","attachment_id":null},"quotes":{"type":"textarea","raw":"<h1 style=\"margin-bottom: 12px;\">Services de traduction pour AutoCAD<\/h1>\r\nLes documents AutoCAD sont parmi les formats de fichiers les plus complexes \u00e0 traduire, et l\u2019\u00e9quipe professionnelle de Trusted Translations poss\u00e8de les connaissances et l\u2019expertise n\u00e9cessaires pour en faire une exp\u00e9rience totalement transparente et satisfaire tous vos besoins de traduction AutoCAD. Lorsque vous travaillez avec nous, nous garantissons un produit traduit avec pr\u00e9cision et parfaitement con\u00e7u afin que vous puissiez vous concentrer sur les comp\u00e9tences de base de votre entreprise ; qu\u2019il s\u2019agisse d\u2019ing\u00e9nierie, d\u2019architecture ou de conception graphique.\r\n<div style=\"margin-top: 2.5vw;\"><a class=\"tt-btn-main-cta\" href=\"\/fr\/devis-traduction\">DEMANDEZ UN DEVIS GRATUIT<\/a><\/div>"},"text-1":{"type":"textarea","raw":"<h2>Des services complets de traduction pour AutoCAD<\/h2>\r\n<em>Trusted Translations<\/em>\u00a0est votre solution int\u00e9grale pour tous vos besoins de traduction AutoCAD. Notre \u00e9quipe d\u2019experts, constitu\u00e9e de traducteurs sp\u00e9cifiques \u00e0 l\u2019industrie et de sp\u00e9cialistes de la publication assist\u00e9e par ordinateur, brisera les barri\u00e8res linguistiques afin de vous permettre de partager vos projets AutoCAD dans n\u2019importe quelle langue.\r\n<h2>Traductions pour ing\u00e9nieurs, architectes et graphistes<\/h2>\r\nChez\u00a0<em>Trusted Translations<\/em>, nous comprenons l\u2019importance que rel\u00e8ve la pr\u00e9cision et l\u2019exactitude dans les secteurs de l\u2019ing\u00e9nierie, de l\u2019architecture et de la conception graphique. C\u2019est pourquoi nous ne travaillons qu\u2019avec les traducteurs les plus exp\u00e9riment\u00e9s du secteur qui contribueront \u00e0 \u00e9liminer les barri\u00e8res de communication afin de vous permettre de partager votre projet AutoCAD avec n\u2019importe qui dans le monde. Nous livrons des traductions de la plus haute pr\u00e9cision pour tous les projets d\u2019architecture, d\u2019ing\u00e9nierie et de conception graphique afin de vous assurer que chaque d\u00e9tail de votre projet soit communiqu\u00e9 avec pr\u00e9cision. Non seulement nous fournissons des traductions de projets AutoCAD parmi les meilleures du secteur, mais nous int\u00e9grons \u00e9galement les services de notre \u00e9quipe de publication assist\u00e9e par ordinateur afin d\u2019offrir \u00e0 nos clients un projet AutoCAD enti\u00e8rement traduit, format\u00e9 et adapt\u00e9 qui sera pr\u00eat pour utilisation imm\u00e9diate. En outre, nous travaillerons avec vous et votre \u00e9quipe de conception sur demande."},"shortcode-map":{"type":"textfield","raw":""},"dyk-shortcode":{"type":"textfield","raw":"[elementor-template id=\"146546\"]"},"text-2":{"type":"textarea","raw":"<h2>Processus de traduction AutoCAD<\/h2>\r\nD\u00e8s la r\u00e9ception d\u2019un projet de traduction AutoCAD, notre \u00e9quipe de publication assist\u00e9e par ordinateur proc\u00e8de \u00e0 l\u2019extraction de l\u2019ensemble du texte traduisible contenu dans le document. Cela permet d\u2019assurer une traduction plus pr\u00e9cise par nos traducteurs professionnels qui seront en mesure d\u2019utiliser leurs outils de traduction assist\u00e9e par ordinateur (outils de TAO). Enfin, le texte traduit est r\u00e9incorpor\u00e9 dans le document original par notre \u00e9quipe de publication assist\u00e9e par ordinateur afin de r\u00e9ajuster fid\u00e8lement le formatage et la mise en page du document original comme s\u2019il n\u2019avait jamais \u00e9t\u00e9 traduit. Nos traducteurs sp\u00e9cifiques \u00e0 l\u2019industrie traduiront avec pr\u00e9cision et professionnalisme tous vos documents AutoCAD, tandis que notre \u00e9quipe de publication assist\u00e9e par ordinateur s\u2019assurera que le format et la mise en page de votre document original seront pr\u00e9serv\u00e9s.\r\n<h2>Traductions sp\u00e9cifiques \u00e0 l\u2019industrie des fichiers AutoCAD<\/h2>\r\nChez\u00a0<em>Trusted Translations<\/em>, nous comprenons l\u2019importance de la pr\u00e9cision des traductions sp\u00e9cifiques \u00e0 l\u2019industrie. C\u2019est la raison pour laquelle nous assignons chaque projet de traduction \u00e0 des experts sp\u00e9cifiques \u00e0 leur domaine qui fourniront la traduction la plus pr\u00e9cise et la plus professionnelle possible. Nous assignons uniquement nos projets AutoCAD \u00e0 des traducteurs qui poss\u00e8dent l\u2019exp\u00e9rience n\u00e9cessaire pour mener \u00e0 bien des traductions techniques et qui poss\u00e8dent une compr\u00e9hension approfondie d\u2019AutoCAD, afin de vous permettre de transmettre votre message aussi pr\u00e9cis\u00e9ment que possible dans la langue cible. L\u2019\u00e9quipe professionnelle de traducteurs de\u00a0<em>Trusted Translations<\/em>\u00a0ne n\u00e9glige aucun d\u00e9tail. Notre \u00e9quipe comprend que dans les industries de l\u2019ing\u00e9nierie et de l\u2019architecture, la pr\u00e9cision de chaque unit\u00e9 et de chaque mesure est de la plus haute importance. C\u2019est pourquoi nos traducteurs s\u2019assurent que les unit\u00e9s et les mesures de votre projet AutoCAD soient converties aussi pr\u00e9cis\u00e9ment que possible. Cela nous permet d\u2019offrir \u00e0 nos clients une traduction compl\u00e8te et pr\u00e9cise des fichiers AutoCAD afin d\u2019assurer leur utilisation imm\u00e9diate."},"state":{"type":"textfield","raw":""},"city":{"type":"textarea","raw":[]}}},"_links":{"self":[{"href":"https:\/\/www.trustedtranslations.com\/fr\/wp-json\/wp\/v2\/pages\/128837","targetHints":{"allow":["GET"]}}],"collection":[{"href":"https:\/\/www.trustedtranslations.com\/fr\/wp-json\/wp\/v2\/pages"}],"about":[{"href":"https:\/\/www.trustedtranslations.com\/fr\/wp-json\/wp\/v2\/types\/page"}],"author":[{"embeddable":true,"href":"https:\/\/www.trustedtranslations.com\/fr\/wp-json\/wp\/v2\/users\/1"}],"replies":[{"embeddable":true,"href":"https:\/\/www.trustedtranslations.com\/fr\/wp-json\/wp\/v2\/comments?post=128837"}],"version-history":[{"count":0,"href":"https:\/\/www.trustedtranslations.com\/fr\/wp-json\/wp\/v2\/pages\/128837\/revisions"}],"up":[{"embeddable":true,"href":"https:\/\/www.trustedtranslations.com\/fr\/wp-json\/wp\/v2\/pages\/128853"}],"wp:featuredmedia":[{"embeddable":true,"href":"https:\/\/www.trustedtranslations.com\/fr\/wp-json\/wp\/v2\/media\/238235"}],"wp:attachment":[{"href":"https:\/\/www.trustedtranslations.com\/fr\/wp-json\/wp\/v2\/media?parent=128837"}],"curies":[{"name":"wp","href":"https:\/\/api.w.org\/{rel}","templated":true}]}}