{"id":128844,"date":"2019-09-25T17:45:20","date_gmt":"2019-09-25T17:45:20","guid":{"rendered":"https:\/\/www.trustedtranslations.com\/?page_id=128844"},"modified":"2024-09-02T18:31:47","modified_gmt":"2024-09-02T21:31:47","slug":"premiere","status":"publish","type":"page","link":"https:\/\/www.trustedtranslations.com\/fr\/services\/formats-de-fichiers\/premiere","title":{"rendered":"Adobe Premiere"},"content":{"rendered":"","protected":false},"excerpt":{"rendered":"","protected":false},"author":1,"featured_media":238005,"parent":128853,"menu_order":3,"comment_status":"closed","ping_status":"closed","template":"","meta":{"site-sidebar-layout":"default","site-content-layout":"default","ast-site-content-layout":"default","site-content-style":"default","site-sidebar-style":"default","ast-global-header-display":"","ast-banner-title-visibility":"","ast-main-header-display":"","ast-hfb-above-header-display":"","ast-hfb-below-header-display":"","ast-hfb-mobile-header-display":"","site-post-title":"disabled","ast-breadcrumbs-content":"","ast-featured-img":"","footer-sml-layout":"","theme-transparent-header-meta":"default","adv-header-id-meta":"","stick-header-meta":"","header-above-stick-meta":"","header-main-stick-meta":"","header-below-stick-meta":"","astra-migrate-meta-layouts":"set","ast-page-background-enabled":"default","ast-page-background-meta":{"desktop":{"background-color":"var(--ast-global-color-4)","background-image":"","background-repeat":"repeat","background-position":"center center","background-size":"auto","background-attachment":"scroll","background-type":"","background-media":"","overlay-type":"","overlay-color":"","overlay-opacity":"","overlay-gradient":""},"tablet":{"background-color":"","background-image":"","background-repeat":"repeat","background-position":"center center","background-size":"auto","background-attachment":"scroll","background-type":"","background-media":"","overlay-type":"","overlay-color":"","overlay-opacity":"","overlay-gradient":""},"mobile":{"background-color":"","background-image":"","background-repeat":"repeat","background-position":"center center","background-size":"auto","background-attachment":"scroll","background-type":"","background-media":"","overlay-type":"","overlay-color":"","overlay-opacity":"","overlay-gradient":""}},"ast-content-background-meta":{"desktop":{"background-color":"var(--ast-global-color-5)","background-image":"","background-repeat":"repeat","background-position":"center center","background-size":"auto","background-attachment":"scroll","background-type":"","background-media":"","overlay-type":"","overlay-color":"","overlay-opacity":"","overlay-gradient":""},"tablet":{"background-color":"var(--ast-global-color-5)","background-image":"","background-repeat":"repeat","background-position":"center center","background-size":"auto","background-attachment":"scroll","background-type":"","background-media":"","overlay-type":"","overlay-color":"","overlay-opacity":"","overlay-gradient":""},"mobile":{"background-color":"var(--ast-global-color-5)","background-image":"","background-repeat":"repeat","background-position":"center center","background-size":"auto","background-attachment":"scroll","background-type":"","background-media":"","overlay-type":"","overlay-color":"","overlay-opacity":"","overlay-gradient":""}},"footnotes":""},"class_list":["post-128844","page","type-page","status-publish","has-post-thumbnail","hentry"],"yoast_head":"<!-- This site is optimized with the Yoast SEO plugin v27.5 - https:\/\/yoast.com\/product\/yoast-seo-wordpress\/ -->\n<title>Services de traduction pour Adobe Premiere - Trusted Translations, Inc.<\/title>\n<meta name=\"description\" content=\"Trusted Translations est votre solution int\u00e9grale pour tous vos besoins de transcription, de sous-titrage, de doublage et de traduction de fichiers Adobe Premiere.\" \/>\n<meta name=\"robots\" content=\"index, follow, max-snippet:-1, max-image-preview:large, max-video-preview:-1\" \/>\n<link rel=\"canonical\" href=\"https:\/\/www.trustedtranslations.com\/fr\/services\/formats-de-fichiers\/premiere\" \/>\n<meta property=\"og:locale\" content=\"fr_FR\" \/>\n<meta property=\"og:type\" content=\"article\" \/>\n<meta property=\"og:title\" content=\"Services de traduction pour Adobe Premiere - Trusted Translations, Inc.\" \/>\n<meta property=\"og:description\" content=\"Trusted Translations est votre solution int\u00e9grale pour tous vos besoins de transcription, de sous-titrage, de doublage et de traduction de fichiers Adobe Premiere.\" \/>\n<meta property=\"og:url\" content=\"https:\/\/www.trustedtranslations.com\/fr\/services\/formats-de-fichiers\/premiere\" \/>\n<meta property=\"og:site_name\" content=\"Trusted Translations, Inc.\" \/>\n<meta property=\"article:publisher\" content=\"https:\/\/www.facebook.com\/Trusted.Translations\" \/>\n<meta property=\"article:modified_time\" content=\"2024-09-02T21:31:47+00:00\" \/>\n<meta property=\"og:image\" content=\"https:\/\/static.trustedtranslations.com\/wp-content\/uploads\/2024\/02\/tt-icon_Adobe-Premiere-Translati.webp\" \/>\n\t<meta property=\"og:image:width\" content=\"151\" \/>\n\t<meta property=\"og:image:height\" content=\"151\" \/>\n\t<meta property=\"og:image:type\" content=\"image\/webp\" \/>\n<meta name=\"twitter:card\" content=\"summary_large_image\" \/>\n<meta name=\"twitter:site\" content=\"@TrustedT9ns\" \/>\n<script type=\"application\/ld+json\" class=\"yoast-schema-graph\">{\"@context\":\"https:\\\/\\\/schema.org\",\"@graph\":[{\"@type\":\"WebPage\",\"@id\":\"https:\\\/\\\/www.trustedtranslations.com\\\/fr\\\/services\\\/formats-de-fichiers\\\/premiere\",\"url\":\"https:\\\/\\\/www.trustedtranslations.com\\\/fr\\\/services\\\/formats-de-fichiers\\\/premiere\",\"name\":\"Services de traduction pour Adobe Premiere - Trusted Translations, Inc.\",\"isPartOf\":{\"@id\":\"https:\\\/\\\/www.trustedtranslations.com\\\/fr\\\/#website\"},\"primaryImageOfPage\":{\"@id\":\"https:\\\/\\\/www.trustedtranslations.com\\\/fr\\\/services\\\/formats-de-fichiers\\\/premiere#primaryimage\"},\"image\":{\"@id\":\"https:\\\/\\\/www.trustedtranslations.com\\\/fr\\\/services\\\/formats-de-fichiers\\\/premiere#primaryimage\"},\"thumbnailUrl\":\"https:\\\/\\\/www.trustedtranslations.com\\\/wp-content\\\/uploads\\\/2024\\\/02\\\/tt-icon_Adobe-Premiere-Translati.webp\",\"description\":\"Trusted Translations est votre solution int\u00e9grale pour tous vos besoins de transcription, de sous-titrage, de doublage et de traduction de fichiers Adobe Premiere.\",\"breadcrumb\":{\"@id\":\"https:\\\/\\\/www.trustedtranslations.com\\\/fr\\\/services\\\/formats-de-fichiers\\\/premiere#breadcrumb\"},\"inLanguage\":\"fr-FR\",\"potentialAction\":[{\"@type\":\"ReadAction\",\"target\":[\"https:\\\/\\\/www.trustedtranslations.com\\\/fr\\\/services\\\/formats-de-fichiers\\\/premiere\"]}]},{\"@type\":\"ImageObject\",\"inLanguage\":\"fr-FR\",\"@id\":\"https:\\\/\\\/www.trustedtranslations.com\\\/fr\\\/services\\\/formats-de-fichiers\\\/premiere#primaryimage\",\"url\":\"https:\\\/\\\/www.trustedtranslations.com\\\/wp-content\\\/uploads\\\/2024\\\/02\\\/tt-icon_Adobe-Premiere-Translati.webp\",\"contentUrl\":\"https:\\\/\\\/www.trustedtranslations.com\\\/wp-content\\\/uploads\\\/2024\\\/02\\\/tt-icon_Adobe-Premiere-Translati.webp\",\"width\":151,\"height\":151,\"caption\":\"tt icon Adobe Premiere Translati\"},{\"@type\":\"BreadcrumbList\",\"@id\":\"https:\\\/\\\/www.trustedtranslations.com\\\/fr\\\/services\\\/formats-de-fichiers\\\/premiere#breadcrumb\",\"itemListElement\":[{\"@type\":\"ListItem\",\"position\":1,\"name\":\"Accueil\",\"item\":\"https:\\\/\\\/www.trustedtranslations.com\\\/fr\"},{\"@type\":\"ListItem\",\"position\":2,\"name\":\"Services\",\"item\":\"https:\\\/\\\/www.trustedtranslations.com\\\/fr\\\/services\"},{\"@type\":\"ListItem\",\"position\":3,\"name\":\"Formats de fichiers\",\"item\":\"https:\\\/\\\/www.trustedtranslations.com\\\/fr\\\/services\\\/formats-de-fichiers\"},{\"@type\":\"ListItem\",\"position\":4,\"name\":\"Adobe Premiere\"}]},{\"@type\":\"WebSite\",\"@id\":\"https:\\\/\\\/www.trustedtranslations.com\\\/fr\\\/#website\",\"url\":\"https:\\\/\\\/www.trustedtranslations.com\\\/fr\\\/\",\"name\":\"Trusted Translations, Inc.\",\"description\":\"Leader in translation and interpretation services.\",\"publisher\":{\"@id\":\"https:\\\/\\\/www.trustedtranslations.com\\\/fr\\\/#organization\"},\"alternateName\":\"Trusted Translations\",\"potentialAction\":[{\"@type\":\"SearchAction\",\"target\":{\"@type\":\"EntryPoint\",\"urlTemplate\":\"https:\\\/\\\/www.trustedtranslations.com\\\/fr\\\/?s={search_term_string}\"},\"query-input\":{\"@type\":\"PropertyValueSpecification\",\"valueRequired\":true,\"valueName\":\"search_term_string\"}}],\"inLanguage\":\"fr-FR\"},{\"@type\":\"Organization\",\"@id\":\"https:\\\/\\\/www.trustedtranslations.com\\\/fr\\\/#organization\",\"name\":\"Trusted Translations\",\"alternateName\":\"Trusted Translations, Inc.\",\"url\":\"https:\\\/\\\/www.trustedtranslations.com\\\/fr\\\/\",\"logo\":{\"@type\":\"ImageObject\",\"inLanguage\":\"fr-FR\",\"@id\":\"https:\\\/\\\/www.trustedtranslations.com\\\/fr\\\/#\\\/schema\\\/logo\\\/image\\\/\",\"url\":\"https:\\\/\\\/static.trustedtranslations.com\\\/wp-content\\\/uploads\\\/2022\\\/01\\\/TT_logo_WSIColors-2.png\",\"contentUrl\":\"https:\\\/\\\/static.trustedtranslations.com\\\/wp-content\\\/uploads\\\/2022\\\/01\\\/TT_logo_WSIColors-2.png\",\"width\":500,\"height\":196,\"caption\":\"Trusted Translations\"},\"image\":{\"@id\":\"https:\\\/\\\/www.trustedtranslations.com\\\/fr\\\/#\\\/schema\\\/logo\\\/image\\\/\"},\"sameAs\":[\"https:\\\/\\\/www.facebook.com\\\/Trusted.Translations\",\"https:\\\/\\\/x.com\\\/TrustedT9ns\",\"https:\\\/\\\/www.linkedin.com\\\/company\\\/trusted-translations\"]}]}<\/script>\n<!-- \/ Yoast SEO plugin. -->","yoast_head_json":{"title":"Services de traduction pour Adobe Premiere - Trusted Translations, Inc.","description":"Trusted Translations est votre solution int\u00e9grale pour tous vos besoins de transcription, de sous-titrage, de doublage et de traduction de fichiers Adobe Premiere.","robots":{"index":"index","follow":"follow","max-snippet":"max-snippet:-1","max-image-preview":"max-image-preview:large","max-video-preview":"max-video-preview:-1"},"canonical":"https:\/\/www.trustedtranslations.com\/fr\/services\/formats-de-fichiers\/premiere","og_locale":"fr_FR","og_type":"article","og_title":"Services de traduction pour Adobe Premiere - Trusted Translations, Inc.","og_description":"Trusted Translations est votre solution int\u00e9grale pour tous vos besoins de transcription, de sous-titrage, de doublage et de traduction de fichiers Adobe Premiere.","og_url":"https:\/\/www.trustedtranslations.com\/fr\/services\/formats-de-fichiers\/premiere","og_site_name":"Trusted Translations, Inc.","article_publisher":"https:\/\/www.facebook.com\/Trusted.Translations","article_modified_time":"2024-09-02T21:31:47+00:00","og_image":[{"width":151,"height":151,"url":"https:\/\/static.trustedtranslations.com\/wp-content\/uploads\/2024\/02\/tt-icon_Adobe-Premiere-Translati.webp","type":"image\/webp"}],"twitter_card":"summary_large_image","twitter_site":"@TrustedT9ns","schema":{"@context":"https:\/\/schema.org","@graph":[{"@type":"WebPage","@id":"https:\/\/www.trustedtranslations.com\/fr\/services\/formats-de-fichiers\/premiere","url":"https:\/\/www.trustedtranslations.com\/fr\/services\/formats-de-fichiers\/premiere","name":"Services de traduction pour Adobe Premiere - Trusted Translations, Inc.","isPartOf":{"@id":"https:\/\/www.trustedtranslations.com\/fr\/#website"},"primaryImageOfPage":{"@id":"https:\/\/www.trustedtranslations.com\/fr\/services\/formats-de-fichiers\/premiere#primaryimage"},"image":{"@id":"https:\/\/www.trustedtranslations.com\/fr\/services\/formats-de-fichiers\/premiere#primaryimage"},"thumbnailUrl":"https:\/\/www.trustedtranslations.com\/wp-content\/uploads\/2024\/02\/tt-icon_Adobe-Premiere-Translati.webp","description":"Trusted Translations est votre solution int\u00e9grale pour tous vos besoins de transcription, de sous-titrage, de doublage et de traduction de fichiers Adobe Premiere.","breadcrumb":{"@id":"https:\/\/www.trustedtranslations.com\/fr\/services\/formats-de-fichiers\/premiere#breadcrumb"},"inLanguage":"fr-FR","potentialAction":[{"@type":"ReadAction","target":["https:\/\/www.trustedtranslations.com\/fr\/services\/formats-de-fichiers\/premiere"]}]},{"@type":"ImageObject","inLanguage":"fr-FR","@id":"https:\/\/www.trustedtranslations.com\/fr\/services\/formats-de-fichiers\/premiere#primaryimage","url":"https:\/\/www.trustedtranslations.com\/wp-content\/uploads\/2024\/02\/tt-icon_Adobe-Premiere-Translati.webp","contentUrl":"https:\/\/www.trustedtranslations.com\/wp-content\/uploads\/2024\/02\/tt-icon_Adobe-Premiere-Translati.webp","width":151,"height":151,"caption":"tt icon Adobe Premiere Translati"},{"@type":"BreadcrumbList","@id":"https:\/\/www.trustedtranslations.com\/fr\/services\/formats-de-fichiers\/premiere#breadcrumb","itemListElement":[{"@type":"ListItem","position":1,"name":"Accueil","item":"https:\/\/www.trustedtranslations.com\/fr"},{"@type":"ListItem","position":2,"name":"Services","item":"https:\/\/www.trustedtranslations.com\/fr\/services"},{"@type":"ListItem","position":3,"name":"Formats de fichiers","item":"https:\/\/www.trustedtranslations.com\/fr\/services\/formats-de-fichiers"},{"@type":"ListItem","position":4,"name":"Adobe Premiere"}]},{"@type":"WebSite","@id":"https:\/\/www.trustedtranslations.com\/fr\/#website","url":"https:\/\/www.trustedtranslations.com\/fr\/","name":"Trusted Translations, Inc.","description":"Leader in translation and interpretation services.","publisher":{"@id":"https:\/\/www.trustedtranslations.com\/fr\/#organization"},"alternateName":"Trusted Translations","potentialAction":[{"@type":"SearchAction","target":{"@type":"EntryPoint","urlTemplate":"https:\/\/www.trustedtranslations.com\/fr\/?s={search_term_string}"},"query-input":{"@type":"PropertyValueSpecification","valueRequired":true,"valueName":"search_term_string"}}],"inLanguage":"fr-FR"},{"@type":"Organization","@id":"https:\/\/www.trustedtranslations.com\/fr\/#organization","name":"Trusted Translations","alternateName":"Trusted Translations, Inc.","url":"https:\/\/www.trustedtranslations.com\/fr\/","logo":{"@type":"ImageObject","inLanguage":"fr-FR","@id":"https:\/\/www.trustedtranslations.com\/fr\/#\/schema\/logo\/image\/","url":"https:\/\/static.trustedtranslations.com\/wp-content\/uploads\/2022\/01\/TT_logo_WSIColors-2.png","contentUrl":"https:\/\/static.trustedtranslations.com\/wp-content\/uploads\/2022\/01\/TT_logo_WSIColors-2.png","width":500,"height":196,"caption":"Trusted Translations"},"image":{"@id":"https:\/\/www.trustedtranslations.com\/fr\/#\/schema\/logo\/image\/"},"sameAs":["https:\/\/www.facebook.com\/Trusted.Translations","https:\/\/x.com\/TrustedT9ns","https:\/\/www.linkedin.com\/company\/trusted-translations"]}]}},"toolset-meta":{"dyk":{"mensaje-1":{"type":"textfield","raw":"Nous travaillons uniquement avec des talents vocaux de locuteurs natifs, et non avec des logiciels de reconnaissance vocale."},"mensaje-2":{"type":"textfield","raw":"Nous prenons en compte les aspects non verbaux des traductions vid\u00e9o."},"mensaje-3":{"type":"textfield","raw":"Nos experts en sous-titrage s'assurent que les composants audio et visuels s'alignent parfaitement."},"mensaje-4":{"type":"textfield","raw":"Nos services comprennent la transcription, le sous-titrage, le doublage, la traduction, etc."},"mensaje-5":{"type":"textfield","raw":""},"mensaje-6":{"type":"textfield","raw":""}},"single-page-template-fields":{"imgs-temp":{"type":"image","raw":["https:\/\/static.trustedtranslations.com\/wp-content\/uploads\/2024\/06\/Group-164.webp"],"repeatable":[{"raw":"https:\/\/static.trustedtranslations.com\/wp-content\/uploads\/2024\/06\/Group-164.webp"}]},"imgs-temp-cel":{"type":"image","raw":[""],"repeatable":[{"raw":""}]},"img-temp-one-cel":{"type":"image","raw":"https:\/\/static.trustedtranslations.com\/wp-content\/uploads\/2024\/06\/AdobeStock_321775803_Editorial_U.webp","attachment_id":null},"quotes":{"type":"textarea","raw":"<h1 style=\"margin-bottom: 12px;\">Services de traduction pour Adobe Premiere<\/h1>\r\nTrusted Translations est votre solution int\u00e9grale pour tous vos besoins de transcription et de traduction de fichiers Adobe Premiere. Notre \u00e9quipe d\u2019experts constitu\u00e9e de traducteurs sp\u00e9cifiques \u00e0 l\u2019industrie proc\u00e8dera \u00e0 la transcription et \u00e0 la traduction professionnelles de tous vos contenus, qu\u2019il s\u2019agisse de pr\u00e9sentations vid\u00e9o, de vid\u00e9os \u00e9ducatives, de vid\u00e9os institutionnelles ou corporatives ou encore de vid\u00e9os de congr\u00e8s.\r\n<div style=\"margin-top: 2.5vw;\"><a class=\"tt-btn-main-cta\" href=\"\/fr\/devis-traduction\">DEMANDEZ UN DEVIS GRATUIT<\/a><\/div>"},"text-1":{"type":"textarea","raw":"Nos services comprennent la transcription, le sous-titrage, le doublage et la traduction, pour n\u2019en nommer que quelques-uns. Notre \u00e9quipe de traducteurs et d\u2019\u00e9diteurs transcrit manuellement toutes vos vid\u00e9os, de sorte que les nuances subtiles de la communication vocale et non vocale soient conserv\u00e9es par le logiciel de reconnaissance vocale.\r\n<h2>Aspects non verbaux de la traduction<\/h2>\r\nChez\u00a0<em>Trusted Translations<\/em>, nous comprenons que la transcription d\u2019une vid\u00e9o englobe de nombreux \u00e9l\u00e9ments de communication qui ne sont pas n\u00e9cessairement verbaux\u00a0: les expressions faciales, les paroles musicales et les autres sons constituent d\u2019importantes nuances non verbales qu\u2019il convient de prendre en compte lors de toute transcription. C\u2019est pourquoi toutes nos transcriptions sont r\u00e9alis\u00e9es par des intervenants humains capables de distinguer ces \u00e9l\u00e9ments subtils mais cruciaux de la communication. Notre \u00e9quipe d\u2019experts veillera \u00e9galement \u00e0 ce que chaque phrase s\u2019harmonise parfaitement avec les composants audio et visuels de votre vid\u00e9o."},"shortcode-map":{"type":"textfield","raw":""},"dyk-shortcode":{"type":"textfield","raw":"[elementor-template id=\"146546\"]"},"text-2":{"type":"textarea","raw":"<h2>Services li\u00e9s aux vid\u00e9os Adobe Premiere<\/h2>\r\nChez\u00a0<em>Trusted Translations<\/em>, nous nous occuperons de tous vos projets vid\u00e9o Adobe Premiere, quelle que soit la longueur ou la complexit\u00e9 de son contenu. L\u2019ensemble des op\u00e9rations, \u00e0 savoir la transcription, le sous-titrage, le doublage et la traduction, sera ex\u00e9cut\u00e9 dans le respect des plus hautes normes de qualit\u00e9 du secteur. Nos experts de l\u2019\u00e9dition vid\u00e9o et nos traducteurs travailleront collectivement pour livrer un produit final pr\u00eat \u00e0 \u00eatre utilis\u00e9 imm\u00e9diatement. Nous ne travaillons qu\u2019avec des traducteurs exp\u00e9riment\u00e9s et sp\u00e9cifiques \u00e0 l\u2019industrie qui traduiront avec pr\u00e9cision tous vos projets vid\u00e9o Adobe Premiere, que vous cherchiez \u00e0 traduire une vid\u00e9o \u00e9ducative sur un sujet sp\u00e9cifique, une vid\u00e9o d\u2019entreprise pour qui se rapporte \u00e0 un secteur sp\u00e9cifique, ou une pr\u00e9sentation vid\u00e9o destin\u00e9e \u00e0 un public sp\u00e9cifique. Non seulement nos traducteurs traduiront vos vid\u00e9os avec pr\u00e9cision afin d\u2019atteindre un public global plus large, mais ils localiseront \u00e9galement les traductions afin de vous permettre d\u2019atteindre votre public cible, qu\u2019il s\u2019agisse de partenaires commerciaux situ\u00e9s dans une autre partie du monde, ou d\u2019employ\u00e9s de filiales d\u2019outre-mer qui ont besoin de vid\u00e9os de formation professionnelle dans leur langue maternelle.\u00a0<em>Trusted Translations<\/em>\u00a0constitue une solution int\u00e9grale pour tous vos besoins de projets Adobe Premiere, car lorsque vous travaillez avec nous, vous ne devez traverser aucune autre \u00e9tape suppl\u00e9mentaire pour obtenir un produit final de la plus haute qualit\u00e9 dans l\u2019industrie."},"state":{"type":"textfield","raw":""},"city":{"type":"textarea","raw":[]}}},"_links":{"self":[{"href":"https:\/\/www.trustedtranslations.com\/fr\/wp-json\/wp\/v2\/pages\/128844","targetHints":{"allow":["GET"]}}],"collection":[{"href":"https:\/\/www.trustedtranslations.com\/fr\/wp-json\/wp\/v2\/pages"}],"about":[{"href":"https:\/\/www.trustedtranslations.com\/fr\/wp-json\/wp\/v2\/types\/page"}],"author":[{"embeddable":true,"href":"https:\/\/www.trustedtranslations.com\/fr\/wp-json\/wp\/v2\/users\/1"}],"replies":[{"embeddable":true,"href":"https:\/\/www.trustedtranslations.com\/fr\/wp-json\/wp\/v2\/comments?post=128844"}],"version-history":[{"count":0,"href":"https:\/\/www.trustedtranslations.com\/fr\/wp-json\/wp\/v2\/pages\/128844\/revisions"}],"up":[{"embeddable":true,"href":"https:\/\/www.trustedtranslations.com\/fr\/wp-json\/wp\/v2\/pages\/128853"}],"wp:featuredmedia":[{"embeddable":true,"href":"https:\/\/www.trustedtranslations.com\/fr\/wp-json\/wp\/v2\/media\/238005"}],"wp:attachment":[{"href":"https:\/\/www.trustedtranslations.com\/fr\/wp-json\/wp\/v2\/media?parent=128844"}],"curies":[{"name":"wp","href":"https:\/\/api.w.org\/{rel}","templated":true}]}}