{"id":128848,"date":"2019-09-25T17:45:07","date_gmt":"2019-09-25T17:45:07","guid":{"rendered":"https:\/\/www.trustedtranslations.com\/?page_id=128848"},"modified":"2024-09-02T18:33:27","modified_gmt":"2024-09-02T21:33:27","slug":"images","status":"publish","type":"page","link":"https:\/\/www.trustedtranslations.com\/fr\/services\/formats-de-fichiers\/images","title":{"rendered":"Illustration et images"},"content":{"rendered":"","protected":false},"excerpt":{"rendered":"","protected":false},"author":1,"featured_media":238222,"parent":128853,"menu_order":11,"comment_status":"closed","ping_status":"closed","template":"","meta":{"site-sidebar-layout":"default","site-content-layout":"default","ast-site-content-layout":"default","site-content-style":"default","site-sidebar-style":"default","ast-global-header-display":"","ast-banner-title-visibility":"","ast-main-header-display":"","ast-hfb-above-header-display":"","ast-hfb-below-header-display":"","ast-hfb-mobile-header-display":"","site-post-title":"disabled","ast-breadcrumbs-content":"","ast-featured-img":"","footer-sml-layout":"","ast-disable-related-posts":"","theme-transparent-header-meta":"default","adv-header-id-meta":"","stick-header-meta":"","header-above-stick-meta":"","header-main-stick-meta":"","header-below-stick-meta":"","astra-migrate-meta-layouts":"set","ast-page-background-enabled":"default","ast-page-background-meta":{"desktop":{"background-color":"var(--ast-global-color-4)","background-image":"","background-repeat":"repeat","background-position":"center center","background-size":"auto","background-attachment":"scroll","background-type":"","background-media":"","overlay-type":"","overlay-color":"","overlay-opacity":"","overlay-gradient":""},"tablet":{"background-color":"","background-image":"","background-repeat":"repeat","background-position":"center center","background-size":"auto","background-attachment":"scroll","background-type":"","background-media":"","overlay-type":"","overlay-color":"","overlay-opacity":"","overlay-gradient":""},"mobile":{"background-color":"","background-image":"","background-repeat":"repeat","background-position":"center center","background-size":"auto","background-attachment":"scroll","background-type":"","background-media":"","overlay-type":"","overlay-color":"","overlay-opacity":"","overlay-gradient":""}},"ast-content-background-meta":{"desktop":{"background-color":"var(--ast-global-color-5)","background-image":"","background-repeat":"repeat","background-position":"center center","background-size":"auto","background-attachment":"scroll","background-type":"","background-media":"","overlay-type":"","overlay-color":"","overlay-opacity":"","overlay-gradient":""},"tablet":{"background-color":"var(--ast-global-color-5)","background-image":"","background-repeat":"repeat","background-position":"center center","background-size":"auto","background-attachment":"scroll","background-type":"","background-media":"","overlay-type":"","overlay-color":"","overlay-opacity":"","overlay-gradient":""},"mobile":{"background-color":"var(--ast-global-color-5)","background-image":"","background-repeat":"repeat","background-position":"center center","background-size":"auto","background-attachment":"scroll","background-type":"","background-media":"","overlay-type":"","overlay-color":"","overlay-opacity":"","overlay-gradient":""}},"footnotes":""},"class_list":["post-128848","page","type-page","status-publish","has-post-thumbnail","hentry"],"yoast_head":"<!-- This site is optimized with the Yoast SEO plugin v27.5 - https:\/\/yoast.com\/product\/yoast-seo-wordpress\/ -->\n<title>Services de traduction d\u2019illustrations et d\u2019images - Trusted Translations, Inc.<\/title>\n<meta name=\"description\" content=\"Chez Trusted Translations, nous travaillons avec de nombreux formats de fichiers d\u2019images et sommes en mesure de traduire toutes vos images, m\u00eame si elles comportent des graphismes charg\u00e9s ou un design complexe.\" \/>\n<meta name=\"robots\" content=\"index, follow, max-snippet:-1, max-image-preview:large, max-video-preview:-1\" \/>\n<link rel=\"canonical\" href=\"https:\/\/www.trustedtranslations.com\/fr\/services\/formats-de-fichiers\/images\" \/>\n<meta property=\"og:locale\" content=\"fr_FR\" \/>\n<meta property=\"og:type\" content=\"article\" \/>\n<meta property=\"og:title\" content=\"Services de traduction d\u2019illustrations et d\u2019images - Trusted Translations, Inc.\" \/>\n<meta property=\"og:description\" content=\"Chez Trusted Translations, nous travaillons avec de nombreux formats de fichiers d\u2019images et sommes en mesure de traduire toutes vos images, m\u00eame si elles comportent des graphismes charg\u00e9s ou un design complexe.\" \/>\n<meta property=\"og:url\" content=\"https:\/\/www.trustedtranslations.com\/fr\/services\/formats-de-fichiers\/images\" \/>\n<meta property=\"og:site_name\" content=\"Trusted Translations, Inc.\" \/>\n<meta property=\"article:publisher\" content=\"https:\/\/www.facebook.com\/Trusted.Translations\" \/>\n<meta property=\"article:modified_time\" content=\"2024-09-02T21:33:27+00:00\" \/>\n<meta property=\"og:image\" content=\"https:\/\/static.trustedtranslations.com\/wp-content\/uploads\/2024\/02\/tt-icon_Illustrations-and-Image-.webp\" \/>\n\t<meta property=\"og:image:width\" content=\"151\" \/>\n\t<meta property=\"og:image:height\" content=\"151\" \/>\n\t<meta property=\"og:image:type\" content=\"image\/webp\" \/>\n<meta name=\"twitter:card\" content=\"summary_large_image\" \/>\n<meta name=\"twitter:site\" content=\"@TrustedT9ns\" \/>\n<script type=\"application\/ld+json\" class=\"yoast-schema-graph\">{\"@context\":\"https:\\\/\\\/schema.org\",\"@graph\":[{\"@type\":\"WebPage\",\"@id\":\"https:\\\/\\\/www.trustedtranslations.com\\\/fr\\\/services\\\/formats-de-fichiers\\\/images\",\"url\":\"https:\\\/\\\/www.trustedtranslations.com\\\/fr\\\/services\\\/formats-de-fichiers\\\/images\",\"name\":\"Services de traduction d\u2019illustrations et d\u2019images - Trusted Translations, Inc.\",\"isPartOf\":{\"@id\":\"https:\\\/\\\/www.trustedtranslations.com\\\/fr\\\/#website\"},\"primaryImageOfPage\":{\"@id\":\"https:\\\/\\\/www.trustedtranslations.com\\\/fr\\\/services\\\/formats-de-fichiers\\\/images#primaryimage\"},\"image\":{\"@id\":\"https:\\\/\\\/www.trustedtranslations.com\\\/fr\\\/services\\\/formats-de-fichiers\\\/images#primaryimage\"},\"thumbnailUrl\":\"https:\\\/\\\/www.trustedtranslations.com\\\/wp-content\\\/uploads\\\/2024\\\/02\\\/tt-icon_Illustrations-and-Image-.webp\",\"description\":\"Chez Trusted Translations, nous travaillons avec de nombreux formats de fichiers d\u2019images et sommes en mesure de traduire toutes vos images, m\u00eame si elles comportent des graphismes charg\u00e9s ou un design complexe.\",\"breadcrumb\":{\"@id\":\"https:\\\/\\\/www.trustedtranslations.com\\\/fr\\\/services\\\/formats-de-fichiers\\\/images#breadcrumb\"},\"inLanguage\":\"fr-FR\",\"potentialAction\":[{\"@type\":\"ReadAction\",\"target\":[\"https:\\\/\\\/www.trustedtranslations.com\\\/fr\\\/services\\\/formats-de-fichiers\\\/images\"]}]},{\"@type\":\"ImageObject\",\"inLanguage\":\"fr-FR\",\"@id\":\"https:\\\/\\\/www.trustedtranslations.com\\\/fr\\\/services\\\/formats-de-fichiers\\\/images#primaryimage\",\"url\":\"https:\\\/\\\/www.trustedtranslations.com\\\/wp-content\\\/uploads\\\/2024\\\/02\\\/tt-icon_Illustrations-and-Image-.webp\",\"contentUrl\":\"https:\\\/\\\/www.trustedtranslations.com\\\/wp-content\\\/uploads\\\/2024\\\/02\\\/tt-icon_Illustrations-and-Image-.webp\",\"width\":151,\"height\":151,\"caption\":\"tt icon Illustrations and Image\"},{\"@type\":\"BreadcrumbList\",\"@id\":\"https:\\\/\\\/www.trustedtranslations.com\\\/fr\\\/services\\\/formats-de-fichiers\\\/images#breadcrumb\",\"itemListElement\":[{\"@type\":\"ListItem\",\"position\":1,\"name\":\"Accueil\",\"item\":\"https:\\\/\\\/www.trustedtranslations.com\\\/fr\"},{\"@type\":\"ListItem\",\"position\":2,\"name\":\"Services\",\"item\":\"https:\\\/\\\/www.trustedtranslations.com\\\/fr\\\/services\"},{\"@type\":\"ListItem\",\"position\":3,\"name\":\"Formats de fichiers\",\"item\":\"https:\\\/\\\/www.trustedtranslations.com\\\/fr\\\/services\\\/formats-de-fichiers\"},{\"@type\":\"ListItem\",\"position\":4,\"name\":\"Illustration et images\"}]},{\"@type\":\"WebSite\",\"@id\":\"https:\\\/\\\/www.trustedtranslations.com\\\/fr\\\/#website\",\"url\":\"https:\\\/\\\/www.trustedtranslations.com\\\/fr\\\/\",\"name\":\"Trusted Translations, Inc.\",\"description\":\"Leader in translation and interpretation services.\",\"publisher\":{\"@id\":\"https:\\\/\\\/www.trustedtranslations.com\\\/fr\\\/#organization\"},\"alternateName\":\"Trusted Translations\",\"potentialAction\":[{\"@type\":\"SearchAction\",\"target\":{\"@type\":\"EntryPoint\",\"urlTemplate\":\"https:\\\/\\\/www.trustedtranslations.com\\\/fr\\\/?s={search_term_string}\"},\"query-input\":{\"@type\":\"PropertyValueSpecification\",\"valueRequired\":true,\"valueName\":\"search_term_string\"}}],\"inLanguage\":\"fr-FR\"},{\"@type\":\"Organization\",\"@id\":\"https:\\\/\\\/www.trustedtranslations.com\\\/fr\\\/#organization\",\"name\":\"Trusted Translations\",\"alternateName\":\"Trusted Translations, Inc.\",\"url\":\"https:\\\/\\\/www.trustedtranslations.com\\\/fr\\\/\",\"logo\":{\"@type\":\"ImageObject\",\"inLanguage\":\"fr-FR\",\"@id\":\"https:\\\/\\\/www.trustedtranslations.com\\\/fr\\\/#\\\/schema\\\/logo\\\/image\\\/\",\"url\":\"https:\\\/\\\/static.trustedtranslations.com\\\/wp-content\\\/uploads\\\/2022\\\/01\\\/TT_logo_WSIColors-2.png\",\"contentUrl\":\"https:\\\/\\\/static.trustedtranslations.com\\\/wp-content\\\/uploads\\\/2022\\\/01\\\/TT_logo_WSIColors-2.png\",\"width\":500,\"height\":196,\"caption\":\"Trusted Translations\"},\"image\":{\"@id\":\"https:\\\/\\\/www.trustedtranslations.com\\\/fr\\\/#\\\/schema\\\/logo\\\/image\\\/\"},\"sameAs\":[\"https:\\\/\\\/www.facebook.com\\\/Trusted.Translations\",\"https:\\\/\\\/x.com\\\/TrustedT9ns\",\"https:\\\/\\\/www.linkedin.com\\\/company\\\/trusted-translations\"]}]}<\/script>\n<!-- \/ Yoast SEO plugin. -->","yoast_head_json":{"title":"Services de traduction d\u2019illustrations et d\u2019images - Trusted Translations, Inc.","description":"Chez Trusted Translations, nous travaillons avec de nombreux formats de fichiers d\u2019images et sommes en mesure de traduire toutes vos images, m\u00eame si elles comportent des graphismes charg\u00e9s ou un design complexe.","robots":{"index":"index","follow":"follow","max-snippet":"max-snippet:-1","max-image-preview":"max-image-preview:large","max-video-preview":"max-video-preview:-1"},"canonical":"https:\/\/www.trustedtranslations.com\/fr\/services\/formats-de-fichiers\/images","og_locale":"fr_FR","og_type":"article","og_title":"Services de traduction d\u2019illustrations et d\u2019images - Trusted Translations, Inc.","og_description":"Chez Trusted Translations, nous travaillons avec de nombreux formats de fichiers d\u2019images et sommes en mesure de traduire toutes vos images, m\u00eame si elles comportent des graphismes charg\u00e9s ou un design complexe.","og_url":"https:\/\/www.trustedtranslations.com\/fr\/services\/formats-de-fichiers\/images","og_site_name":"Trusted Translations, Inc.","article_publisher":"https:\/\/www.facebook.com\/Trusted.Translations","article_modified_time":"2024-09-02T21:33:27+00:00","og_image":[{"width":151,"height":151,"url":"https:\/\/static.trustedtranslations.com\/wp-content\/uploads\/2024\/02\/tt-icon_Illustrations-and-Image-.webp","type":"image\/webp"}],"twitter_card":"summary_large_image","twitter_site":"@TrustedT9ns","schema":{"@context":"https:\/\/schema.org","@graph":[{"@type":"WebPage","@id":"https:\/\/www.trustedtranslations.com\/fr\/services\/formats-de-fichiers\/images","url":"https:\/\/www.trustedtranslations.com\/fr\/services\/formats-de-fichiers\/images","name":"Services de traduction d\u2019illustrations et d\u2019images - Trusted Translations, Inc.","isPartOf":{"@id":"https:\/\/www.trustedtranslations.com\/fr\/#website"},"primaryImageOfPage":{"@id":"https:\/\/www.trustedtranslations.com\/fr\/services\/formats-de-fichiers\/images#primaryimage"},"image":{"@id":"https:\/\/www.trustedtranslations.com\/fr\/services\/formats-de-fichiers\/images#primaryimage"},"thumbnailUrl":"https:\/\/www.trustedtranslations.com\/wp-content\/uploads\/2024\/02\/tt-icon_Illustrations-and-Image-.webp","description":"Chez Trusted Translations, nous travaillons avec de nombreux formats de fichiers d\u2019images et sommes en mesure de traduire toutes vos images, m\u00eame si elles comportent des graphismes charg\u00e9s ou un design complexe.","breadcrumb":{"@id":"https:\/\/www.trustedtranslations.com\/fr\/services\/formats-de-fichiers\/images#breadcrumb"},"inLanguage":"fr-FR","potentialAction":[{"@type":"ReadAction","target":["https:\/\/www.trustedtranslations.com\/fr\/services\/formats-de-fichiers\/images"]}]},{"@type":"ImageObject","inLanguage":"fr-FR","@id":"https:\/\/www.trustedtranslations.com\/fr\/services\/formats-de-fichiers\/images#primaryimage","url":"https:\/\/www.trustedtranslations.com\/wp-content\/uploads\/2024\/02\/tt-icon_Illustrations-and-Image-.webp","contentUrl":"https:\/\/www.trustedtranslations.com\/wp-content\/uploads\/2024\/02\/tt-icon_Illustrations-and-Image-.webp","width":151,"height":151,"caption":"tt icon Illustrations and Image"},{"@type":"BreadcrumbList","@id":"https:\/\/www.trustedtranslations.com\/fr\/services\/formats-de-fichiers\/images#breadcrumb","itemListElement":[{"@type":"ListItem","position":1,"name":"Accueil","item":"https:\/\/www.trustedtranslations.com\/fr"},{"@type":"ListItem","position":2,"name":"Services","item":"https:\/\/www.trustedtranslations.com\/fr\/services"},{"@type":"ListItem","position":3,"name":"Formats de fichiers","item":"https:\/\/www.trustedtranslations.com\/fr\/services\/formats-de-fichiers"},{"@type":"ListItem","position":4,"name":"Illustration et images"}]},{"@type":"WebSite","@id":"https:\/\/www.trustedtranslations.com\/fr\/#website","url":"https:\/\/www.trustedtranslations.com\/fr\/","name":"Trusted Translations, Inc.","description":"Leader in translation and interpretation services.","publisher":{"@id":"https:\/\/www.trustedtranslations.com\/fr\/#organization"},"alternateName":"Trusted Translations","potentialAction":[{"@type":"SearchAction","target":{"@type":"EntryPoint","urlTemplate":"https:\/\/www.trustedtranslations.com\/fr\/?s={search_term_string}"},"query-input":{"@type":"PropertyValueSpecification","valueRequired":true,"valueName":"search_term_string"}}],"inLanguage":"fr-FR"},{"@type":"Organization","@id":"https:\/\/www.trustedtranslations.com\/fr\/#organization","name":"Trusted Translations","alternateName":"Trusted Translations, Inc.","url":"https:\/\/www.trustedtranslations.com\/fr\/","logo":{"@type":"ImageObject","inLanguage":"fr-FR","@id":"https:\/\/www.trustedtranslations.com\/fr\/#\/schema\/logo\/image\/","url":"https:\/\/static.trustedtranslations.com\/wp-content\/uploads\/2022\/01\/TT_logo_WSIColors-2.png","contentUrl":"https:\/\/static.trustedtranslations.com\/wp-content\/uploads\/2022\/01\/TT_logo_WSIColors-2.png","width":500,"height":196,"caption":"Trusted Translations"},"image":{"@id":"https:\/\/www.trustedtranslations.com\/fr\/#\/schema\/logo\/image\/"},"sameAs":["https:\/\/www.facebook.com\/Trusted.Translations","https:\/\/x.com\/TrustedT9ns","https:\/\/www.linkedin.com\/company\/trusted-translations"]}]}},"toolset-meta":{"dyk":{"mensaje-1":{"type":"textfield","raw":"Nous \u00e9liminons la n\u00e9cessit\u00e9 de faire appel \u00e0 une autre soci\u00e9t\u00e9 de graphisme pour reformater vos images."},"mensaje-2":{"type":"textfield","raw":"Sur demande, nous travaillerons avec l'\u00e9quipe de PAO de votre entreprise."},"mensaje-3":{"type":"textfield","raw":"Nous veillons \u00e0 ce que les traductions de vos images soient pr\u00eates \u00e0 \u00eatre utilis\u00e9es imm\u00e9diatement."},"mensaje-4":{"type":"textfield","raw":"Notre \u00e9quipe de publication assist\u00e9e par ordinateur est sp\u00e9cialis\u00e9e dans les services de conception li\u00e9s \u00e0 la traduction."},"mensaje-5":{"type":"textfield","raw":""},"mensaje-6":{"type":"textfield","raw":""}},"single-page-template-fields":{"imgs-temp":{"type":"image","raw":["https:\/\/static.trustedtranslations.com\/wp-content\/uploads\/2024\/06\/ilustration-final-1-1.webp"],"repeatable":[{"raw":"https:\/\/static.trustedtranslations.com\/wp-content\/uploads\/2024\/06\/ilustration-final-1-1.webp"}]},"imgs-temp-cel":{"type":"image","raw":[""],"repeatable":[{"raw":""}]},"img-temp-one-cel":{"type":"image","raw":"https:\/\/static.trustedtranslations.com\/wp-content\/uploads\/2024\/03\/AdobeStock_385542563-2-1.webp","attachment_id":null},"quotes":{"type":"textarea","raw":"<h1 style=\"margin-bottom: 12px;\">Services de traduction d\u2019illustrations et d\u2019images<\/h1>\r\nIl est essentiel d\u2019assurer l\u2019exactitude des traductions d\u2019images pour atteindre et toucher un public plus large. Dans la mesure o\u00f9 une image, \u00e0 l\u2019instar des slogans d\u2019entreprise, offre g\u00e9n\u00e9ralement peu d\u2019espace pour int\u00e9grer de grandes quantit\u00e9s de texte, il est d\u2019une importance vitale que votre traduction soit non seulement exacte, mais aussi appropri\u00e9e pour votre public. Chez Trusted Translations, nous travaillons avec de nombreux formats de fichiers d\u2019images, dont les formats JPEG, JPG, TIFF, BMP, PNG, EMF, GIF et plus encore.\r\n<div style=\"margin-top: 2.5vw;\"><a class=\"tt-btn-main-cta\" href=\"\/fr\/devis-traduction\">DEMANDEZ UN DEVIS GRATUIT<\/a><\/div>"},"text-1":{"type":"textarea","raw":"<h2>Des services experts de traduction d\u2019images pour tous les formats de fichiers<\/h2>\r\nQue votre projet ait \u00e9t\u00e9 cr\u00e9\u00e9 avec Adobe Photoshop, Adobe Illustrator ou tout autre logiciel de conception, l\u2019\u00e9quipe d\u2019experts de\u00a0<em>Trusted Translations<\/em>\u00a0veillera \u00e0 ce que toutes les traductions d\u2019image vous soient livr\u00e9es pr\u00eates \u00e0 l\u2019usage.\r\n<h2>Processus de traduction d\u2019image<\/h2>\r\n<div class=\"pull-right tt-thumbnail hidden-xs\"><img src=\"https:\/\/www.trustedtranslations.com\/wp-content\/uploads\/img\/icons\/adobe-illustrator.png\" alt=\"Ic\u00f4ne d\u2019Adobe Illustrator\" \/><\/div>\r\nLa traduction d\u2019une image comporte plusieurs \u00e9tapes qui n\u00e9cessitent l\u2019expertise de notre \u00e9quipe professionnelle de traducteurs et de sp\u00e9cialistes de la PAO. Chez\u00a0<em>Trusted Translations<\/em>, nos traducteurs et sp\u00e9cialistes de la PAO exp\u00e9riment\u00e9s sont pr\u00eats \u00e0 r\u00e9pondre \u00e0 tous vos besoins de traduction d\u2019images, aussi complexes soient-ils. Non seulement nous veillons \u00e0 ce que la traduction et la conception graphique soient de la plus haute qualit\u00e9, mais nous tenons \u00e9galement compte de l\u2019importance de votre public cible. Nous localiserons vos cr\u00e9ations d\u2019images afin de vous permettre d\u2019\u00e9largir votre audience en atteignant le public vis\u00e9 d\u2019une mani\u00e8re appropri\u00e9e. Lorsque nous recevons une image \u00e0 traduire, elle doit d\u2019abord passer par l\u2019expertise de notre \u00e9quipe de sp\u00e9cialistes de la PAO afin d\u2019en extraire tout le texte traduisible. Cette \u00e9tape permet de rendre le texte compatible avec nos outils de traduction assist\u00e9e par ordinateur (outils de TAO) et de permettre \u00e0 nos traducteurs d\u2019en effectuer une traduction plus pr\u00e9cise. Ensuite, le document revient une fois de plus aupr\u00e8s de notre \u00e9quipe de PAO afin de r\u00e9ajuster le formatage des images avec le texte nouvellement traduit. M\u00eame les images contenant des graphismes charg\u00e9s et un design complexe vous seront livr\u00e9es, pr\u00eates \u00e0 \u00eatre utilis\u00e9es imm\u00e9diatement.\r\n<h2>Diff\u00e9rents types d\u2019images et d\u2019illustrations<\/h2>\r\nChez\u00a0<em>Trusted Translations<\/em>, nous comprenons que chaque type de traduction d\u2019image est unique, depuis sa source jusqu\u2019\u00e0 son format, en passant par son public cible. C\u2019est pourquoi nous veillons particuli\u00e8rement \u00e0 ce que chaque traduction d\u2019image subisse le processus le plus b\u00e9n\u00e9fique pour sa destination finale. Par exemple, une capture d\u2019\u00e9cran subira un processus bien diff\u00e9rent de celui d\u2019une illustration anim\u00e9e ou d\u2019un slogan d\u2019entreprise. Nos sp\u00e9cialistes de la PAO et nos traducteurs sp\u00e9cialis\u00e9s veilleront \u00e0 ce que chaque \u00e9tape du processus soit ex\u00e9cut\u00e9e avec pr\u00e9cision et professionnalisme, en conformit\u00e9 avec les sp\u00e9cificit\u00e9s du projet de traduction d\u2019image concern\u00e9. Notre \u00e9quipe d\u2019experts est en mesure de d\u00e9terminer les mesures que nous devrions prendre afin de fournir le produit final le plus efficace et le plus b\u00e9n\u00e9fique qui vous permettra non seulement d\u2019atteindre votre public cible, mais aussi d\u2019\u00e9tendre votre port\u00e9e \u00e0 un public encore plus large."},"shortcode-map":{"type":"textfield","raw":""},"dyk-shortcode":{"type":"textfield","raw":"[elementor-template id=\"146546\"]"},"text-2":{"type":"textarea","raw":"<h2>Publication assist\u00e9e par ordinateur (PAO) pour la traduction d\u2019images<\/h2>\r\nChez\u00a0<em>Trusted Translations<\/em>, nous sommes conscients que, dans le monde du marketing, l\u2019image joue un r\u00f4le crucial pour attirer votre public cible. C\u2019est pourquoi nous disposons d\u2019une \u00e9quipe de sp\u00e9cialistes de la PAO consacr\u00e9s aux t\u00e2ches de conception li\u00e9es aux traductions, assurant un niveau de qualit\u00e9 irr\u00e9prochable et des d\u00e9lais d\u2019ex\u00e9cution optimaux. Une \u00e9tape de publication assist\u00e9e par ordinateur est toujours n\u00e9cessaire dans le cas des traductions d\u2019images. Dans de nombreux cas, les images doivent passer par l\u2019\u00e9quipe de PAO non pas une fois, mais deux fois au cours du processus de traduction\u00a0: une fois avant la traduction afin d\u2019en extraire le texte, et une fois apr\u00e8s la traduction afin de r\u00e9int\u00e9grer le texte traduit dans les images et de r\u00e9ajuster la conception graphique. Traduire un format de fichier comme Adobe Illustrator ou Adobe Photoshop est notoirement complexe dans le secteur de la traduction\u00a0: tout d\u2019abord, ces formats de fichiers ne sont pas compatibles avec les outils de TAO, et doivent donc \u00eatre modifi\u00e9s manuellement par les \u00e9quipes de PAO pour en extraire le texte afin d\u2019en permettre la traduction. De m\u00eame, le texte traduit doit \u00eatre r\u00e9incorpor\u00e9 dans le format original afin de donner l\u2019impression qu\u2019il n\u2019a jamais \u00e9t\u00e9 traduit. Une simple traduction peut devenir assez laborieuse si vous utilisez des sources distinctes pour vos besoins de traduction et de conception graphique. Si tel est le cas,\u00a0<em>Trusted Translations<\/em>\u00a0constitue la solution dont vous avez besoin. Non seulement nous travaillons avec les traducteurs les plus exigeants et exp\u00e9riment\u00e9s du secteur, mais nous b\u00e9n\u00e9ficions \u00e9galement d\u2019une \u00e9quipe interne de publication assist\u00e9e par ordinateur sp\u00e9cialis\u00e9e dans la conception li\u00e9e \u00e0 la traduction. De plus, nous travaillerons avec l\u2019\u00e9quipe de conception graphique de votre entreprise sur demande.\r\n\r\nLorsque vous travaillez avec\u00a0<em>Trusted Translations<\/em>, vos cr\u00e9ations d\u2019images vous seront livr\u00e9es traduites d\u2019une mani\u00e8re professionnelle et dans leurs formats et mises en page d\u2019origine, et n\u2019auront besoin d\u2019aucune \u00e9tape suppl\u00e9mentaire."},"state":{"type":"textfield","raw":""},"city":{"type":"textarea","raw":[]}}},"_links":{"self":[{"href":"https:\/\/www.trustedtranslations.com\/fr\/wp-json\/wp\/v2\/pages\/128848","targetHints":{"allow":["GET"]}}],"collection":[{"href":"https:\/\/www.trustedtranslations.com\/fr\/wp-json\/wp\/v2\/pages"}],"about":[{"href":"https:\/\/www.trustedtranslations.com\/fr\/wp-json\/wp\/v2\/types\/page"}],"author":[{"embeddable":true,"href":"https:\/\/www.trustedtranslations.com\/fr\/wp-json\/wp\/v2\/users\/1"}],"replies":[{"embeddable":true,"href":"https:\/\/www.trustedtranslations.com\/fr\/wp-json\/wp\/v2\/comments?post=128848"}],"version-history":[{"count":0,"href":"https:\/\/www.trustedtranslations.com\/fr\/wp-json\/wp\/v2\/pages\/128848\/revisions"}],"up":[{"embeddable":true,"href":"https:\/\/www.trustedtranslations.com\/fr\/wp-json\/wp\/v2\/pages\/128853"}],"wp:featuredmedia":[{"embeddable":true,"href":"https:\/\/www.trustedtranslations.com\/fr\/wp-json\/wp\/v2\/media\/238222"}],"wp:attachment":[{"href":"https:\/\/www.trustedtranslations.com\/fr\/wp-json\/wp\/v2\/media?parent=128848"}],"curies":[{"name":"wp","href":"https:\/\/api.w.org\/{rel}","templated":true}]}}