{"id":128849,"date":"2019-09-25T17:45:05","date_gmt":"2019-09-25T17:45:05","guid":{"rendered":"https:\/\/www.trustedtranslations.com\/?page_id=128849"},"modified":"2024-09-02T18:34:04","modified_gmt":"2024-09-02T21:34:04","slug":"lectora","status":"publish","type":"page","link":"https:\/\/www.trustedtranslations.com\/fr\/services\/formats-de-fichiers\/lectora","title":{"rendered":"Lectora"},"content":{"rendered":"","protected":false},"excerpt":{"rendered":"","protected":false},"author":1,"featured_media":238248,"parent":128853,"menu_order":13,"comment_status":"closed","ping_status":"closed","template":"","meta":{"site-sidebar-layout":"default","site-content-layout":"default","ast-site-content-layout":"default","site-content-style":"default","site-sidebar-style":"default","ast-global-header-display":"","ast-banner-title-visibility":"","ast-main-header-display":"","ast-hfb-above-header-display":"","ast-hfb-below-header-display":"","ast-hfb-mobile-header-display":"","site-post-title":"disabled","ast-breadcrumbs-content":"","ast-featured-img":"","footer-sml-layout":"","theme-transparent-header-meta":"default","adv-header-id-meta":"","stick-header-meta":"","header-above-stick-meta":"","header-main-stick-meta":"","header-below-stick-meta":"","astra-migrate-meta-layouts":"set","ast-page-background-enabled":"default","ast-page-background-meta":{"desktop":{"background-color":"var(--ast-global-color-4)","background-image":"","background-repeat":"repeat","background-position":"center center","background-size":"auto","background-attachment":"scroll","background-type":"","background-media":"","overlay-type":"","overlay-color":"","overlay-opacity":"","overlay-gradient":""},"tablet":{"background-color":"","background-image":"","background-repeat":"repeat","background-position":"center center","background-size":"auto","background-attachment":"scroll","background-type":"","background-media":"","overlay-type":"","overlay-color":"","overlay-opacity":"","overlay-gradient":""},"mobile":{"background-color":"","background-image":"","background-repeat":"repeat","background-position":"center center","background-size":"auto","background-attachment":"scroll","background-type":"","background-media":"","overlay-type":"","overlay-color":"","overlay-opacity":"","overlay-gradient":""}},"ast-content-background-meta":{"desktop":{"background-color":"var(--ast-global-color-5)","background-image":"","background-repeat":"repeat","background-position":"center center","background-size":"auto","background-attachment":"scroll","background-type":"","background-media":"","overlay-type":"","overlay-color":"","overlay-opacity":"","overlay-gradient":""},"tablet":{"background-color":"var(--ast-global-color-5)","background-image":"","background-repeat":"repeat","background-position":"center center","background-size":"auto","background-attachment":"scroll","background-type":"","background-media":"","overlay-type":"","overlay-color":"","overlay-opacity":"","overlay-gradient":""},"mobile":{"background-color":"var(--ast-global-color-5)","background-image":"","background-repeat":"repeat","background-position":"center center","background-size":"auto","background-attachment":"scroll","background-type":"","background-media":"","overlay-type":"","overlay-color":"","overlay-opacity":"","overlay-gradient":""}},"footnotes":""},"class_list":["post-128849","page","type-page","status-publish","has-post-thumbnail","hentry"],"yoast_head":"<!-- This site is optimized with the Yoast SEO plugin v27.5 - https:\/\/yoast.com\/product\/yoast-seo-wordpress\/ -->\n<title>Services de traduction pour Lectora - Trusted Translations, Inc.<\/title>\n<meta name=\"description\" content=\"Chez Trusted Translations, nous comprenons l\u2019importance des traductions de Lectora pour faciliter l\u2019apprentissage en ligne et, par cons\u00e9quent, atteindre un public plus large.\" \/>\n<meta name=\"robots\" content=\"index, follow, max-snippet:-1, max-image-preview:large, max-video-preview:-1\" \/>\n<link rel=\"canonical\" href=\"https:\/\/www.trustedtranslations.com\/fr\/services\/formats-de-fichiers\/lectora\" \/>\n<meta property=\"og:locale\" content=\"fr_FR\" \/>\n<meta property=\"og:type\" content=\"article\" \/>\n<meta property=\"og:title\" content=\"Services de traduction pour Lectora - Trusted Translations, Inc.\" \/>\n<meta property=\"og:description\" content=\"Chez Trusted Translations, nous comprenons l\u2019importance des traductions de Lectora pour faciliter l\u2019apprentissage en ligne et, par cons\u00e9quent, atteindre un public plus large.\" \/>\n<meta property=\"og:url\" content=\"https:\/\/www.trustedtranslations.com\/fr\/services\/formats-de-fichiers\/lectora\" \/>\n<meta property=\"og:site_name\" content=\"Trusted Translations, Inc.\" \/>\n<meta property=\"article:publisher\" content=\"https:\/\/www.facebook.com\/Trusted.Translations\" \/>\n<meta property=\"article:modified_time\" content=\"2024-09-02T21:34:04+00:00\" \/>\n<meta property=\"og:image\" content=\"https:\/\/static.trustedtranslations.com\/wp-content\/uploads\/2024\/02\/tt-icon_Lectora-Translation-Serv.webp\" \/>\n\t<meta property=\"og:image:width\" content=\"151\" \/>\n\t<meta property=\"og:image:height\" content=\"151\" \/>\n\t<meta property=\"og:image:type\" content=\"image\/webp\" \/>\n<meta name=\"twitter:card\" content=\"summary_large_image\" \/>\n<meta name=\"twitter:site\" content=\"@TrustedT9ns\" \/>\n<script type=\"application\/ld+json\" class=\"yoast-schema-graph\">{\"@context\":\"https:\\\/\\\/schema.org\",\"@graph\":[{\"@type\":\"WebPage\",\"@id\":\"https:\\\/\\\/www.trustedtranslations.com\\\/fr\\\/services\\\/formats-de-fichiers\\\/lectora\",\"url\":\"https:\\\/\\\/www.trustedtranslations.com\\\/fr\\\/services\\\/formats-de-fichiers\\\/lectora\",\"name\":\"Services de traduction pour Lectora - Trusted Translations, Inc.\",\"isPartOf\":{\"@id\":\"https:\\\/\\\/www.trustedtranslations.com\\\/fr\\\/#website\"},\"primaryImageOfPage\":{\"@id\":\"https:\\\/\\\/www.trustedtranslations.com\\\/fr\\\/services\\\/formats-de-fichiers\\\/lectora#primaryimage\"},\"image\":{\"@id\":\"https:\\\/\\\/www.trustedtranslations.com\\\/fr\\\/services\\\/formats-de-fichiers\\\/lectora#primaryimage\"},\"thumbnailUrl\":\"https:\\\/\\\/www.trustedtranslations.com\\\/wp-content\\\/uploads\\\/2024\\\/02\\\/tt-icon_Lectora-Translation-Serv.webp\",\"description\":\"Chez Trusted Translations, nous comprenons l\u2019importance des traductions de Lectora pour faciliter l\u2019apprentissage en ligne et, par cons\u00e9quent, atteindre un public plus large.\",\"breadcrumb\":{\"@id\":\"https:\\\/\\\/www.trustedtranslations.com\\\/fr\\\/services\\\/formats-de-fichiers\\\/lectora#breadcrumb\"},\"inLanguage\":\"fr-FR\",\"potentialAction\":[{\"@type\":\"ReadAction\",\"target\":[\"https:\\\/\\\/www.trustedtranslations.com\\\/fr\\\/services\\\/formats-de-fichiers\\\/lectora\"]}]},{\"@type\":\"ImageObject\",\"inLanguage\":\"fr-FR\",\"@id\":\"https:\\\/\\\/www.trustedtranslations.com\\\/fr\\\/services\\\/formats-de-fichiers\\\/lectora#primaryimage\",\"url\":\"https:\\\/\\\/www.trustedtranslations.com\\\/wp-content\\\/uploads\\\/2024\\\/02\\\/tt-icon_Lectora-Translation-Serv.webp\",\"contentUrl\":\"https:\\\/\\\/www.trustedtranslations.com\\\/wp-content\\\/uploads\\\/2024\\\/02\\\/tt-icon_Lectora-Translation-Serv.webp\",\"width\":151,\"height\":151,\"caption\":\"tt icon Lectora Translation Serv\"},{\"@type\":\"BreadcrumbList\",\"@id\":\"https:\\\/\\\/www.trustedtranslations.com\\\/fr\\\/services\\\/formats-de-fichiers\\\/lectora#breadcrumb\",\"itemListElement\":[{\"@type\":\"ListItem\",\"position\":1,\"name\":\"Accueil\",\"item\":\"https:\\\/\\\/www.trustedtranslations.com\\\/fr\"},{\"@type\":\"ListItem\",\"position\":2,\"name\":\"Services\",\"item\":\"https:\\\/\\\/www.trustedtranslations.com\\\/fr\\\/services\"},{\"@type\":\"ListItem\",\"position\":3,\"name\":\"Formats de fichiers\",\"item\":\"https:\\\/\\\/www.trustedtranslations.com\\\/fr\\\/services\\\/formats-de-fichiers\"},{\"@type\":\"ListItem\",\"position\":4,\"name\":\"Lectora\"}]},{\"@type\":\"WebSite\",\"@id\":\"https:\\\/\\\/www.trustedtranslations.com\\\/fr\\\/#website\",\"url\":\"https:\\\/\\\/www.trustedtranslations.com\\\/fr\\\/\",\"name\":\"Trusted Translations, Inc.\",\"description\":\"Leader in translation and interpretation services.\",\"publisher\":{\"@id\":\"https:\\\/\\\/www.trustedtranslations.com\\\/fr\\\/#organization\"},\"alternateName\":\"Trusted Translations\",\"potentialAction\":[{\"@type\":\"SearchAction\",\"target\":{\"@type\":\"EntryPoint\",\"urlTemplate\":\"https:\\\/\\\/www.trustedtranslations.com\\\/fr\\\/?s={search_term_string}\"},\"query-input\":{\"@type\":\"PropertyValueSpecification\",\"valueRequired\":true,\"valueName\":\"search_term_string\"}}],\"inLanguage\":\"fr-FR\"},{\"@type\":\"Organization\",\"@id\":\"https:\\\/\\\/www.trustedtranslations.com\\\/fr\\\/#organization\",\"name\":\"Trusted Translations\",\"alternateName\":\"Trusted Translations, Inc.\",\"url\":\"https:\\\/\\\/www.trustedtranslations.com\\\/fr\\\/\",\"logo\":{\"@type\":\"ImageObject\",\"inLanguage\":\"fr-FR\",\"@id\":\"https:\\\/\\\/www.trustedtranslations.com\\\/fr\\\/#\\\/schema\\\/logo\\\/image\\\/\",\"url\":\"https:\\\/\\\/static.trustedtranslations.com\\\/wp-content\\\/uploads\\\/2022\\\/01\\\/TT_logo_WSIColors-2.png\",\"contentUrl\":\"https:\\\/\\\/static.trustedtranslations.com\\\/wp-content\\\/uploads\\\/2022\\\/01\\\/TT_logo_WSIColors-2.png\",\"width\":500,\"height\":196,\"caption\":\"Trusted Translations\"},\"image\":{\"@id\":\"https:\\\/\\\/www.trustedtranslations.com\\\/fr\\\/#\\\/schema\\\/logo\\\/image\\\/\"},\"sameAs\":[\"https:\\\/\\\/www.facebook.com\\\/Trusted.Translations\",\"https:\\\/\\\/x.com\\\/TrustedT9ns\",\"https:\\\/\\\/www.linkedin.com\\\/company\\\/trusted-translations\"]}]}<\/script>\n<!-- \/ Yoast SEO plugin. -->","yoast_head_json":{"title":"Services de traduction pour Lectora - Trusted Translations, Inc.","description":"Chez Trusted Translations, nous comprenons l\u2019importance des traductions de Lectora pour faciliter l\u2019apprentissage en ligne et, par cons\u00e9quent, atteindre un public plus large.","robots":{"index":"index","follow":"follow","max-snippet":"max-snippet:-1","max-image-preview":"max-image-preview:large","max-video-preview":"max-video-preview:-1"},"canonical":"https:\/\/www.trustedtranslations.com\/fr\/services\/formats-de-fichiers\/lectora","og_locale":"fr_FR","og_type":"article","og_title":"Services de traduction pour Lectora - Trusted Translations, Inc.","og_description":"Chez Trusted Translations, nous comprenons l\u2019importance des traductions de Lectora pour faciliter l\u2019apprentissage en ligne et, par cons\u00e9quent, atteindre un public plus large.","og_url":"https:\/\/www.trustedtranslations.com\/fr\/services\/formats-de-fichiers\/lectora","og_site_name":"Trusted Translations, Inc.","article_publisher":"https:\/\/www.facebook.com\/Trusted.Translations","article_modified_time":"2024-09-02T21:34:04+00:00","og_image":[{"width":151,"height":151,"url":"https:\/\/static.trustedtranslations.com\/wp-content\/uploads\/2024\/02\/tt-icon_Lectora-Translation-Serv.webp","type":"image\/webp"}],"twitter_card":"summary_large_image","twitter_site":"@TrustedT9ns","schema":{"@context":"https:\/\/schema.org","@graph":[{"@type":"WebPage","@id":"https:\/\/www.trustedtranslations.com\/fr\/services\/formats-de-fichiers\/lectora","url":"https:\/\/www.trustedtranslations.com\/fr\/services\/formats-de-fichiers\/lectora","name":"Services de traduction pour Lectora - Trusted Translations, Inc.","isPartOf":{"@id":"https:\/\/www.trustedtranslations.com\/fr\/#website"},"primaryImageOfPage":{"@id":"https:\/\/www.trustedtranslations.com\/fr\/services\/formats-de-fichiers\/lectora#primaryimage"},"image":{"@id":"https:\/\/www.trustedtranslations.com\/fr\/services\/formats-de-fichiers\/lectora#primaryimage"},"thumbnailUrl":"https:\/\/www.trustedtranslations.com\/wp-content\/uploads\/2024\/02\/tt-icon_Lectora-Translation-Serv.webp","description":"Chez Trusted Translations, nous comprenons l\u2019importance des traductions de Lectora pour faciliter l\u2019apprentissage en ligne et, par cons\u00e9quent, atteindre un public plus large.","breadcrumb":{"@id":"https:\/\/www.trustedtranslations.com\/fr\/services\/formats-de-fichiers\/lectora#breadcrumb"},"inLanguage":"fr-FR","potentialAction":[{"@type":"ReadAction","target":["https:\/\/www.trustedtranslations.com\/fr\/services\/formats-de-fichiers\/lectora"]}]},{"@type":"ImageObject","inLanguage":"fr-FR","@id":"https:\/\/www.trustedtranslations.com\/fr\/services\/formats-de-fichiers\/lectora#primaryimage","url":"https:\/\/www.trustedtranslations.com\/wp-content\/uploads\/2024\/02\/tt-icon_Lectora-Translation-Serv.webp","contentUrl":"https:\/\/www.trustedtranslations.com\/wp-content\/uploads\/2024\/02\/tt-icon_Lectora-Translation-Serv.webp","width":151,"height":151,"caption":"tt icon Lectora Translation Serv"},{"@type":"BreadcrumbList","@id":"https:\/\/www.trustedtranslations.com\/fr\/services\/formats-de-fichiers\/lectora#breadcrumb","itemListElement":[{"@type":"ListItem","position":1,"name":"Accueil","item":"https:\/\/www.trustedtranslations.com\/fr"},{"@type":"ListItem","position":2,"name":"Services","item":"https:\/\/www.trustedtranslations.com\/fr\/services"},{"@type":"ListItem","position":3,"name":"Formats de fichiers","item":"https:\/\/www.trustedtranslations.com\/fr\/services\/formats-de-fichiers"},{"@type":"ListItem","position":4,"name":"Lectora"}]},{"@type":"WebSite","@id":"https:\/\/www.trustedtranslations.com\/fr\/#website","url":"https:\/\/www.trustedtranslations.com\/fr\/","name":"Trusted Translations, Inc.","description":"Leader in translation and interpretation services.","publisher":{"@id":"https:\/\/www.trustedtranslations.com\/fr\/#organization"},"alternateName":"Trusted Translations","potentialAction":[{"@type":"SearchAction","target":{"@type":"EntryPoint","urlTemplate":"https:\/\/www.trustedtranslations.com\/fr\/?s={search_term_string}"},"query-input":{"@type":"PropertyValueSpecification","valueRequired":true,"valueName":"search_term_string"}}],"inLanguage":"fr-FR"},{"@type":"Organization","@id":"https:\/\/www.trustedtranslations.com\/fr\/#organization","name":"Trusted Translations","alternateName":"Trusted Translations, Inc.","url":"https:\/\/www.trustedtranslations.com\/fr\/","logo":{"@type":"ImageObject","inLanguage":"fr-FR","@id":"https:\/\/www.trustedtranslations.com\/fr\/#\/schema\/logo\/image\/","url":"https:\/\/static.trustedtranslations.com\/wp-content\/uploads\/2022\/01\/TT_logo_WSIColors-2.png","contentUrl":"https:\/\/static.trustedtranslations.com\/wp-content\/uploads\/2022\/01\/TT_logo_WSIColors-2.png","width":500,"height":196,"caption":"Trusted Translations"},"image":{"@id":"https:\/\/www.trustedtranslations.com\/fr\/#\/schema\/logo\/image\/"},"sameAs":["https:\/\/www.facebook.com\/Trusted.Translations","https:\/\/x.com\/TrustedT9ns","https:\/\/www.linkedin.com\/company\/trusted-translations"]}]}},"toolset-meta":{"dyk":{"mensaje-1":{"type":"textfield","raw":"Nous traduisons avec comp\u00e9tence les webinaires, les cours pratiques et les tutoriels de blog."},"mensaje-2":{"type":"textfield","raw":"Nous comprenons que l'\u00e9ducation en ligne est une exp\u00e9rience dynamique et interactive."},"mensaje-3":{"type":"textfield","raw":"Convertissez vos pr\u00e9sentations PowerPoint en un cours d'apprentissage en ligne gr\u00e2ce \u00e0 Lectora."},"mensaje-4":{"type":"textfield","raw":"Nous vous aiderons \u00e0 attirer un public sp\u00e9cifique et \u00e0 \u00e9largir votre \u00e9ventail d'apprenants en ligne."},"mensaje-5":{"type":"textfield","raw":""},"mensaje-6":{"type":"textfield","raw":""}},"single-page-template-fields":{"imgs-temp":{"type":"image","raw":["https:\/\/static.trustedtranslations.com\/wp-content\/uploads\/2024\/06\/lectora-final-1-1.webp"],"repeatable":[{"raw":"https:\/\/static.trustedtranslations.com\/wp-content\/uploads\/2024\/06\/lectora-final-1-1.webp"}]},"imgs-temp-cel":{"type":"image","raw":[""],"repeatable":[{"raw":""}]},"img-temp-one-cel":{"type":"image","raw":"https:\/\/static.trustedtranslations.com\/wp-content\/uploads\/2024\/03\/AdobeStock_385542563-2-1.webp","attachment_id":null},"quotes":{"type":"textarea","raw":"<h1 style=\"margin-bottom: 12px;\">Services de traduction pour Lectora<\/h1>\r\nL\u2019importance ind\u00e9niable de l\u2019\u00e9ducation en ligne est devenue de plus en plus \u00e9vidente avec l\u2019apparition des nouvelles plateformes d\u2019apprentissage en ligne telles que Lectora. Chez Trusted Translations, nous comprenons l\u2019importance de ces plateformes et notre objectif est de faciliter l\u2019apprentissage en ligne et d\u2019atteindre un public plus large gr\u00e2ce \u00e0 la traduction.\r\n<div style=\"margin-top: 2.5vw;\"><a class=\"tt-btn-main-cta\" href=\"\/fr\/devis-traduction\">DEMANDEZ UN DEVIS GRATUIT<\/a><\/div>"},"text-1":{"type":"textarea","raw":"<h2>Des traduction rapide et pr\u00e9cise pour les webinaires, les cours et les tutoriels<\/h2>\r\nNotre \u00e9quipe de traducteurs, d\u2019\u00e9diteurs et de sp\u00e9cialistes de la publication assist\u00e9e par ordinateur veillera \u00e0 ce que votre message soit traduit avec pr\u00e9cision et de mani\u00e8re appropri\u00e9e, et con\u00e7u de mani\u00e8re transparente pour atteindre votre public cible. Que vous cherchiez \u00e0 traduire un webinaire, un cours pratique ou un blog didacticiel,\u00a0<em>Trusted Translations<\/em>\u00a0est le meilleur choix pour garantir des traductions rapides et pr\u00e9cises.\r\n<h2>Processus de traduction Lectora<\/h2>\r\nChez\u00a0<em>Trusted Translations<\/em>, nous comprenons que l\u2019\u00e9ducation est une exp\u00e9rience dynamique et interactive et que de nombreux \u00e9l\u00e9ments doivent \u00eatre pris en compte pendant le processus de traduction. Un format de fichier tel que Lectora peut \u00eatre assez complexe \u00e0 traduire en raison du fait qu\u2019il contient souvent de nombreux \u00e9l\u00e9ments int\u00e9gr\u00e9s. D\u00e8s la r\u00e9ception d\u2019un projet de traduction Lectora, nous extrayons d\u2019abord les \u00e9l\u00e9ments int\u00e9gr\u00e9s et leur texte afin qu\u2019ils soient compatibles avec nos outils de traduction assist\u00e9s par ordinateur (outils de TAO). Cela permettra \u00e0 nos traducteurs de livrer une traduction rapide et pr\u00e9cise. Une fois que le texte a \u00e9t\u00e9 traduit, il subit une \u00e9tape de publication assist\u00e9e par ordinateur dans laquelle notre \u00e9quipe d\u2019experts de la PAO r\u00e9int\u00e8gre le texte traduit dans son format original et r\u00e9ajuste la mise en page et la conception graphique en cons\u00e9quence. Notre \u00e9quipe professionnelle de traducteurs sp\u00e9cialis\u00e9s s\u2019assurera que votre message original reste intact, tandis que notre \u00e9quipe interne de publication assist\u00e9e par ordinateur veillera \u00e0 ce que tous les \u00e9l\u00e9ments de la mise en page et de la conception graphique sont pr\u00e9serv\u00e9s."},"shortcode-map":{"type":"textfield","raw":""},"dyk-shortcode":{"type":"textfield","raw":"[elementor-template id=\"146546\"]"},"text-2":{"type":"textarea","raw":"<h2>Conversion de PowerPoint \u00e0 Lectora<\/h2>\r\nLectora est un instrument optimal pour convertir une pr\u00e9sentation PowerPoint en cours d\u2019apprentissage en ligne.\u00a0<em>Trusted Translations<\/em>, en plus de ses nombreux avantages, est en mesure de garantir que notre \u00e9quipe de professionnels poss\u00e8de l\u2019expertise et les ressources n\u00e9cessaires pour int\u00e9grer vos pr\u00e9sentations PowerPoint dans Lectora. Si vous souhaitez importer des diapositives PowerPoint dans votre projet Lectora, notre \u00e9quipe interne de publication assist\u00e9e par ordinateur vous aidera \u00e0 cr\u00e9er une pr\u00e9sentation interactive et dynamique d\u2019apprentissage en ligne. En plus d\u2019\u00eatre traduite avec pr\u00e9cision par nos traducteurs sp\u00e9cialis\u00e9s, votre pr\u00e9sentation PowerPoint sera int\u00e9gr\u00e9e de fa\u00e7on transparente \u00e0 Lectora par notre \u00e9quipe de publication assist\u00e9e par ordinateur, de sorte qu\u2019elle ne semblera m\u00eame pas avoir \u00e9t\u00e9 traduite.\r\n\r\nQue vous cherchiez \u00e0 attirer un public sp\u00e9cifique ou simplement \u00e0 \u00e9largir votre port\u00e9e aupr\u00e8s des apprenants en ligne, les services de traduction professionnelle de\u00a0<em>Trusted Translations<\/em>\u00a0vous permettront d\u2019\u00e9largir les limites de l\u2019\u00e9ducation en ligne."},"state":{"type":"textfield","raw":""},"city":{"type":"textarea","raw":[]}}},"_links":{"self":[{"href":"https:\/\/www.trustedtranslations.com\/fr\/wp-json\/wp\/v2\/pages\/128849","targetHints":{"allow":["GET"]}}],"collection":[{"href":"https:\/\/www.trustedtranslations.com\/fr\/wp-json\/wp\/v2\/pages"}],"about":[{"href":"https:\/\/www.trustedtranslations.com\/fr\/wp-json\/wp\/v2\/types\/page"}],"author":[{"embeddable":true,"href":"https:\/\/www.trustedtranslations.com\/fr\/wp-json\/wp\/v2\/users\/1"}],"replies":[{"embeddable":true,"href":"https:\/\/www.trustedtranslations.com\/fr\/wp-json\/wp\/v2\/comments?post=128849"}],"version-history":[{"count":0,"href":"https:\/\/www.trustedtranslations.com\/fr\/wp-json\/wp\/v2\/pages\/128849\/revisions"}],"up":[{"embeddable":true,"href":"https:\/\/www.trustedtranslations.com\/fr\/wp-json\/wp\/v2\/pages\/128853"}],"wp:featuredmedia":[{"embeddable":true,"href":"https:\/\/www.trustedtranslations.com\/fr\/wp-json\/wp\/v2\/media\/238248"}],"wp:attachment":[{"href":"https:\/\/www.trustedtranslations.com\/fr\/wp-json\/wp\/v2\/media?parent=128849"}],"curies":[{"name":"wp","href":"https:\/\/api.w.org\/{rel}","templated":true}]}}