{"id":128852,"date":"2019-09-25T17:45:00","date_gmt":"2019-09-25T17:45:00","guid":{"rendered":"https:\/\/www.trustedtranslations.com\/?page_id=128852"},"modified":"2024-09-02T18:34:38","modified_gmt":"2024-09-02T21:34:38","slug":"excel","status":"publish","type":"page","link":"https:\/\/www.trustedtranslations.com\/fr\/services\/formats-de-fichiers\/excel","title":{"rendered":"Microsoft Excel"},"content":{"rendered":"","protected":false},"excerpt":{"rendered":"","protected":false},"author":1,"featured_media":238107,"parent":128853,"menu_order":6,"comment_status":"closed","ping_status":"closed","template":"","meta":{"site-sidebar-layout":"default","site-content-layout":"default","ast-site-content-layout":"default","site-content-style":"default","site-sidebar-style":"default","ast-global-header-display":"","ast-banner-title-visibility":"","ast-main-header-display":"","ast-hfb-above-header-display":"","ast-hfb-below-header-display":"","ast-hfb-mobile-header-display":"","site-post-title":"disabled","ast-breadcrumbs-content":"","ast-featured-img":"","footer-sml-layout":"","ast-disable-related-posts":"","theme-transparent-header-meta":"default","adv-header-id-meta":"","stick-header-meta":"","header-above-stick-meta":"","header-main-stick-meta":"","header-below-stick-meta":"","astra-migrate-meta-layouts":"set","ast-page-background-enabled":"default","ast-page-background-meta":{"desktop":{"background-color":"var(--ast-global-color-4)","background-image":"","background-repeat":"repeat","background-position":"center center","background-size":"auto","background-attachment":"scroll","background-type":"","background-media":"","overlay-type":"","overlay-color":"","overlay-opacity":"","overlay-gradient":""},"tablet":{"background-color":"","background-image":"","background-repeat":"repeat","background-position":"center center","background-size":"auto","background-attachment":"scroll","background-type":"","background-media":"","overlay-type":"","overlay-color":"","overlay-opacity":"","overlay-gradient":""},"mobile":{"background-color":"","background-image":"","background-repeat":"repeat","background-position":"center center","background-size":"auto","background-attachment":"scroll","background-type":"","background-media":"","overlay-type":"","overlay-color":"","overlay-opacity":"","overlay-gradient":""}},"ast-content-background-meta":{"desktop":{"background-color":"var(--ast-global-color-5)","background-image":"","background-repeat":"repeat","background-position":"center center","background-size":"auto","background-attachment":"scroll","background-type":"","background-media":"","overlay-type":"","overlay-color":"","overlay-opacity":"","overlay-gradient":""},"tablet":{"background-color":"var(--ast-global-color-5)","background-image":"","background-repeat":"repeat","background-position":"center center","background-size":"auto","background-attachment":"scroll","background-type":"","background-media":"","overlay-type":"","overlay-color":"","overlay-opacity":"","overlay-gradient":""},"mobile":{"background-color":"var(--ast-global-color-5)","background-image":"","background-repeat":"repeat","background-position":"center center","background-size":"auto","background-attachment":"scroll","background-type":"","background-media":"","overlay-type":"","overlay-color":"","overlay-opacity":"","overlay-gradient":""}},"footnotes":""},"class_list":["post-128852","page","type-page","status-publish","has-post-thumbnail","hentry"],"yoast_head":"<!-- This site is optimized with the Yoast SEO plugin v27.3 - https:\/\/yoast.com\/product\/yoast-seo-wordpress\/ -->\n<title>Services de traduction pour Microsoft Excel - Trusted Translations, Inc.<\/title>\n<meta name=\"description\" content=\"Trusted Translations ne n\u00e9glige aucun d\u00e9tail et votre document Excel ne perdra rien de son contenu original au cours du processus de traduction.\" \/>\n<meta name=\"robots\" content=\"index, follow, max-snippet:-1, max-image-preview:large, max-video-preview:-1\" \/>\n<link rel=\"canonical\" href=\"https:\/\/www.trustedtranslations.com\/fr\/services\/formats-de-fichiers\/excel\" \/>\n<meta property=\"og:locale\" content=\"fr_FR\" \/>\n<meta property=\"og:type\" content=\"article\" \/>\n<meta property=\"og:title\" content=\"Services de traduction pour Microsoft Excel - Trusted Translations, Inc.\" \/>\n<meta property=\"og:description\" content=\"Trusted Translations ne n\u00e9glige aucun d\u00e9tail et votre document Excel ne perdra rien de son contenu original au cours du processus de traduction.\" \/>\n<meta property=\"og:url\" content=\"https:\/\/www.trustedtranslations.com\/fr\/services\/formats-de-fichiers\/excel\" \/>\n<meta property=\"og:site_name\" content=\"Trusted Translations, Inc.\" \/>\n<meta property=\"article:publisher\" content=\"https:\/\/www.facebook.com\/Trusted.Translations\" \/>\n<meta property=\"article:modified_time\" content=\"2024-09-02T21:34:38+00:00\" \/>\n<meta property=\"og:image\" content=\"https:\/\/static.trustedtranslations.com\/wp-content\/uploads\/2024\/02\/tt-icon_Microsoft-Excel-Translat.webp\" \/>\n\t<meta property=\"og:image:width\" content=\"151\" \/>\n\t<meta property=\"og:image:height\" content=\"151\" \/>\n\t<meta property=\"og:image:type\" content=\"image\/webp\" \/>\n<meta name=\"twitter:card\" content=\"summary_large_image\" \/>\n<meta name=\"twitter:site\" content=\"@TrustedT9ns\" \/>\n<script type=\"application\/ld+json\" class=\"yoast-schema-graph\">{\"@context\":\"https:\\\/\\\/schema.org\",\"@graph\":[{\"@type\":\"WebPage\",\"@id\":\"https:\\\/\\\/www.trustedtranslations.com\\\/fr\\\/services\\\/formats-de-fichiers\\\/excel\",\"url\":\"https:\\\/\\\/www.trustedtranslations.com\\\/fr\\\/services\\\/formats-de-fichiers\\\/excel\",\"name\":\"Services de traduction pour Microsoft Excel - Trusted Translations, Inc.\",\"isPartOf\":{\"@id\":\"https:\\\/\\\/www.trustedtranslations.com\\\/fr\\\/#website\"},\"primaryImageOfPage\":{\"@id\":\"https:\\\/\\\/www.trustedtranslations.com\\\/fr\\\/services\\\/formats-de-fichiers\\\/excel#primaryimage\"},\"image\":{\"@id\":\"https:\\\/\\\/www.trustedtranslations.com\\\/fr\\\/services\\\/formats-de-fichiers\\\/excel#primaryimage\"},\"thumbnailUrl\":\"https:\\\/\\\/www.trustedtranslations.com\\\/wp-content\\\/uploads\\\/2024\\\/02\\\/tt-icon_Microsoft-Excel-Translat.webp\",\"description\":\"Trusted Translations ne n\u00e9glige aucun d\u00e9tail et votre document Excel ne perdra rien de son contenu original au cours du processus de traduction.\",\"breadcrumb\":{\"@id\":\"https:\\\/\\\/www.trustedtranslations.com\\\/fr\\\/services\\\/formats-de-fichiers\\\/excel#breadcrumb\"},\"inLanguage\":\"fr-FR\",\"potentialAction\":[{\"@type\":\"ReadAction\",\"target\":[\"https:\\\/\\\/www.trustedtranslations.com\\\/fr\\\/services\\\/formats-de-fichiers\\\/excel\"]}]},{\"@type\":\"ImageObject\",\"inLanguage\":\"fr-FR\",\"@id\":\"https:\\\/\\\/www.trustedtranslations.com\\\/fr\\\/services\\\/formats-de-fichiers\\\/excel#primaryimage\",\"url\":\"https:\\\/\\\/www.trustedtranslations.com\\\/wp-content\\\/uploads\\\/2024\\\/02\\\/tt-icon_Microsoft-Excel-Translat.webp\",\"contentUrl\":\"https:\\\/\\\/www.trustedtranslations.com\\\/wp-content\\\/uploads\\\/2024\\\/02\\\/tt-icon_Microsoft-Excel-Translat.webp\",\"width\":151,\"height\":151,\"caption\":\"tt icon Microsoft Excel Translat\"},{\"@type\":\"BreadcrumbList\",\"@id\":\"https:\\\/\\\/www.trustedtranslations.com\\\/fr\\\/services\\\/formats-de-fichiers\\\/excel#breadcrumb\",\"itemListElement\":[{\"@type\":\"ListItem\",\"position\":1,\"name\":\"Accueil\",\"item\":\"https:\\\/\\\/www.trustedtranslations.com\\\/fr\"},{\"@type\":\"ListItem\",\"position\":2,\"name\":\"Services\",\"item\":\"https:\\\/\\\/www.trustedtranslations.com\\\/fr\\\/services\"},{\"@type\":\"ListItem\",\"position\":3,\"name\":\"Formats de fichiers\",\"item\":\"https:\\\/\\\/www.trustedtranslations.com\\\/fr\\\/services\\\/formats-de-fichiers\"},{\"@type\":\"ListItem\",\"position\":4,\"name\":\"Microsoft Excel\"}]},{\"@type\":\"WebSite\",\"@id\":\"https:\\\/\\\/www.trustedtranslations.com\\\/fr\\\/#website\",\"url\":\"https:\\\/\\\/www.trustedtranslations.com\\\/fr\\\/\",\"name\":\"Trusted Translations, Inc.\",\"description\":\"Leader in translation and interpretation services.\",\"publisher\":{\"@id\":\"https:\\\/\\\/www.trustedtranslations.com\\\/fr\\\/#organization\"},\"alternateName\":\"Trusted Translations\",\"potentialAction\":[{\"@type\":\"SearchAction\",\"target\":{\"@type\":\"EntryPoint\",\"urlTemplate\":\"https:\\\/\\\/www.trustedtranslations.com\\\/fr\\\/?s={search_term_string}\"},\"query-input\":{\"@type\":\"PropertyValueSpecification\",\"valueRequired\":true,\"valueName\":\"search_term_string\"}}],\"inLanguage\":\"fr-FR\"},{\"@type\":\"Organization\",\"@id\":\"https:\\\/\\\/www.trustedtranslations.com\\\/fr\\\/#organization\",\"name\":\"Trusted Translations\",\"alternateName\":\"Trusted Translations, Inc.\",\"url\":\"https:\\\/\\\/www.trustedtranslations.com\\\/fr\\\/\",\"logo\":{\"@type\":\"ImageObject\",\"inLanguage\":\"fr-FR\",\"@id\":\"https:\\\/\\\/www.trustedtranslations.com\\\/fr\\\/#\\\/schema\\\/logo\\\/image\\\/\",\"url\":\"https:\\\/\\\/static.trustedtranslations.com\\\/wp-content\\\/uploads\\\/2022\\\/01\\\/TT_logo_WSIColors-2.png\",\"contentUrl\":\"https:\\\/\\\/static.trustedtranslations.com\\\/wp-content\\\/uploads\\\/2022\\\/01\\\/TT_logo_WSIColors-2.png\",\"width\":500,\"height\":196,\"caption\":\"Trusted Translations\"},\"image\":{\"@id\":\"https:\\\/\\\/www.trustedtranslations.com\\\/fr\\\/#\\\/schema\\\/logo\\\/image\\\/\"},\"sameAs\":[\"https:\\\/\\\/www.facebook.com\\\/Trusted.Translations\",\"https:\\\/\\\/x.com\\\/TrustedT9ns\",\"https:\\\/\\\/www.linkedin.com\\\/company\\\/trusted-translations\"]}]}<\/script>\n<!-- \/ Yoast SEO plugin. -->","yoast_head_json":{"title":"Services de traduction pour Microsoft Excel - Trusted Translations, Inc.","description":"Trusted Translations ne n\u00e9glige aucun d\u00e9tail et votre document Excel ne perdra rien de son contenu original au cours du processus de traduction.","robots":{"index":"index","follow":"follow","max-snippet":"max-snippet:-1","max-image-preview":"max-image-preview:large","max-video-preview":"max-video-preview:-1"},"canonical":"https:\/\/www.trustedtranslations.com\/fr\/services\/formats-de-fichiers\/excel","og_locale":"fr_FR","og_type":"article","og_title":"Services de traduction pour Microsoft Excel - Trusted Translations, Inc.","og_description":"Trusted Translations ne n\u00e9glige aucun d\u00e9tail et votre document Excel ne perdra rien de son contenu original au cours du processus de traduction.","og_url":"https:\/\/www.trustedtranslations.com\/fr\/services\/formats-de-fichiers\/excel","og_site_name":"Trusted Translations, Inc.","article_publisher":"https:\/\/www.facebook.com\/Trusted.Translations","article_modified_time":"2024-09-02T21:34:38+00:00","og_image":[{"width":151,"height":151,"url":"https:\/\/static.trustedtranslations.com\/wp-content\/uploads\/2024\/02\/tt-icon_Microsoft-Excel-Translat.webp","type":"image\/webp"}],"twitter_card":"summary_large_image","twitter_site":"@TrustedT9ns","schema":{"@context":"https:\/\/schema.org","@graph":[{"@type":"WebPage","@id":"https:\/\/www.trustedtranslations.com\/fr\/services\/formats-de-fichiers\/excel","url":"https:\/\/www.trustedtranslations.com\/fr\/services\/formats-de-fichiers\/excel","name":"Services de traduction pour Microsoft Excel - Trusted Translations, Inc.","isPartOf":{"@id":"https:\/\/www.trustedtranslations.com\/fr\/#website"},"primaryImageOfPage":{"@id":"https:\/\/www.trustedtranslations.com\/fr\/services\/formats-de-fichiers\/excel#primaryimage"},"image":{"@id":"https:\/\/www.trustedtranslations.com\/fr\/services\/formats-de-fichiers\/excel#primaryimage"},"thumbnailUrl":"https:\/\/www.trustedtranslations.com\/wp-content\/uploads\/2024\/02\/tt-icon_Microsoft-Excel-Translat.webp","description":"Trusted Translations ne n\u00e9glige aucun d\u00e9tail et votre document Excel ne perdra rien de son contenu original au cours du processus de traduction.","breadcrumb":{"@id":"https:\/\/www.trustedtranslations.com\/fr\/services\/formats-de-fichiers\/excel#breadcrumb"},"inLanguage":"fr-FR","potentialAction":[{"@type":"ReadAction","target":["https:\/\/www.trustedtranslations.com\/fr\/services\/formats-de-fichiers\/excel"]}]},{"@type":"ImageObject","inLanguage":"fr-FR","@id":"https:\/\/www.trustedtranslations.com\/fr\/services\/formats-de-fichiers\/excel#primaryimage","url":"https:\/\/www.trustedtranslations.com\/wp-content\/uploads\/2024\/02\/tt-icon_Microsoft-Excel-Translat.webp","contentUrl":"https:\/\/www.trustedtranslations.com\/wp-content\/uploads\/2024\/02\/tt-icon_Microsoft-Excel-Translat.webp","width":151,"height":151,"caption":"tt icon Microsoft Excel Translat"},{"@type":"BreadcrumbList","@id":"https:\/\/www.trustedtranslations.com\/fr\/services\/formats-de-fichiers\/excel#breadcrumb","itemListElement":[{"@type":"ListItem","position":1,"name":"Accueil","item":"https:\/\/www.trustedtranslations.com\/fr"},{"@type":"ListItem","position":2,"name":"Services","item":"https:\/\/www.trustedtranslations.com\/fr\/services"},{"@type":"ListItem","position":3,"name":"Formats de fichiers","item":"https:\/\/www.trustedtranslations.com\/fr\/services\/formats-de-fichiers"},{"@type":"ListItem","position":4,"name":"Microsoft Excel"}]},{"@type":"WebSite","@id":"https:\/\/www.trustedtranslations.com\/fr\/#website","url":"https:\/\/www.trustedtranslations.com\/fr\/","name":"Trusted Translations, Inc.","description":"Leader in translation and interpretation services.","publisher":{"@id":"https:\/\/www.trustedtranslations.com\/fr\/#organization"},"alternateName":"Trusted Translations","potentialAction":[{"@type":"SearchAction","target":{"@type":"EntryPoint","urlTemplate":"https:\/\/www.trustedtranslations.com\/fr\/?s={search_term_string}"},"query-input":{"@type":"PropertyValueSpecification","valueRequired":true,"valueName":"search_term_string"}}],"inLanguage":"fr-FR"},{"@type":"Organization","@id":"https:\/\/www.trustedtranslations.com\/fr\/#organization","name":"Trusted Translations","alternateName":"Trusted Translations, Inc.","url":"https:\/\/www.trustedtranslations.com\/fr\/","logo":{"@type":"ImageObject","inLanguage":"fr-FR","@id":"https:\/\/www.trustedtranslations.com\/fr\/#\/schema\/logo\/image\/","url":"https:\/\/static.trustedtranslations.com\/wp-content\/uploads\/2022\/01\/TT_logo_WSIColors-2.png","contentUrl":"https:\/\/static.trustedtranslations.com\/wp-content\/uploads\/2022\/01\/TT_logo_WSIColors-2.png","width":500,"height":196,"caption":"Trusted Translations"},"image":{"@id":"https:\/\/www.trustedtranslations.com\/fr\/#\/schema\/logo\/image\/"},"sameAs":["https:\/\/www.facebook.com\/Trusted.Translations","https:\/\/x.com\/TrustedT9ns","https:\/\/www.linkedin.com\/company\/trusted-translations"]}]}},"toolset-meta":{"dyk":{"mensaje-1":{"type":"textfield","raw":"Nous convertissons les formules int\u00e9gr\u00e9es vers et depuis les syst\u00e8mes m\u00e9trique et US Standard."},"mensaje-2":{"type":"textfield","raw":"Nous veillons \u00e0 ce que les formules int\u00e9gr\u00e9es restent intactes et produisent des r\u00e9sultats pr\u00e9cis."},"mensaje-3":{"type":"textfield","raw":"Nous localiserons vos projets Excel afin que vous puissiez atteindre un public plus large."},"mensaje-4":{"type":"textfield","raw":"Nous traduisons plusieurs langues dans le m\u00eame document Excel pour vous faciliter la vie."},"mensaje-5":{"type":"textfield","raw":""},"mensaje-6":{"type":"textfield","raw":""}},"single-page-template-fields":{"imgs-temp":{"type":"image","raw":["https:\/\/static.trustedtranslations.com\/wp-content\/uploads\/2024\/06\/excel-final-1-1.webp"],"repeatable":[{"raw":"https:\/\/static.trustedtranslations.com\/wp-content\/uploads\/2024\/06\/excel-final-1-1.webp"}]},"imgs-temp-cel":{"type":"image","raw":[""],"repeatable":[{"raw":""}]},"img-temp-one-cel":{"type":"image","raw":"https:\/\/static.trustedtranslations.com\/wp-content\/uploads\/2024\/03\/AdobeStock_385542563-2-1.webp","attachment_id":null},"quotes":{"type":"textarea","raw":"<h1 style=\"margin-bottom: 12px;\">Services de traduction pour Microsoft Excel<\/h1>\r\nChez Trusted Translations, nous offrons les services de traduction professionnelle les plus pr\u00e9cis du secteur pour vos documents Microsoft Excel. Lorsque nous recevons un document Excel, nous veillons \u00e0 ce que le produit final soit de la plus haute qualit\u00e9 au regard du secteur. Non seulement nous travaillons avec des traducteurs hautement qualifi\u00e9s et sp\u00e9cialis\u00e9s dans leurs propres secteurs d\u2019activit\u00e9s, mais notre \u00e9quipe informatique interne veillera \u00e0 ce que tous les \u00e9l\u00e9ments int\u00e9gr\u00e9s dans vos documents Excel, tels que les formules, les onglets d\u00e9roulants et plus encore, soient pris en compte au cours du processus, de sorte qu\u2019aucun d\u00e9tail ne soit n\u00e9glig\u00e9.\r\n<div style=\"margin-top: 2.5vw;\"><a class=\"tt-btn-main-cta\" href=\"\/fr\/devis-traduction\">DEMANDEZ UN DEVIS GRATUIT<\/a><\/div>"},"text-1":{"type":"textarea","raw":"<h2>Traduction de documents Excel<\/h2>\r\nLes traductions de documents Excel englobent de nombreux \u00e9l\u00e9ments, tels que les graphiques, les valeurs et les formules, ainsi que les textes qui doivent \u00eatre traduits en plusieurs langues. Dans la mesure o\u00f9 les feuilles de calcul sont souvent utilis\u00e9es dans le cadre des projets de traduction, il s\u2019av\u00e8re crucial qu\u2019une \u00e9quipe d\u2019experts puisse traduire avec pr\u00e9cision les subtilit\u00e9s techniques propres au document. L\u2019\u00e9quipe de traducteurs sp\u00e9cialis\u00e9s, de chefs de projet et d\u2019experts informatiques de\u00a0<em>Trusted Translations<\/em>\u00a0veillera \u00e0 ce que chaque traduction de document Excel qui nous est confi\u00e9e soit r\u00e9alis\u00e9e avec pr\u00e9cision et professionnalisme et r\u00e9ponde aux besoins de chaque client.\r\n<h2>Formules et autres informations cach\u00e9es dans les documents Excel<\/h2>\r\nLorsque\u00a0<em>Trusted Translations<\/em>\u00a0re\u00e7oit un document Excel, le chef de projet \u00e9value si ce dernier doit \u00eatre envoy\u00e9 \u00e0 notre \u00e9quipe informatique interne, qui s\u2019assurera qu\u2019aucun d\u00e9tail ne soit oubli\u00e9 en cas de pr\u00e9sence de formules sp\u00e9ciales ou d\u2019onglets d\u00e9roulants int\u00e9gr\u00e9s dans le document. Notre \u00e9quipe informatique peut \u00e9galement convertir les valeurs et les formules vers ou depuis le syst\u00e8me m\u00e9trique ou imp\u00e9rial sur demande du client. Cette \u00e9tape permettra de garantir que le document final qui vous sera rendu n\u2019aura perdu aucune information au cours du processus de traduction et que les formules seront intactes et produiront les r\u00e9sultats pr\u00e9cis escompt\u00e9s. Nos traducteurs professionnels pourront alors poursuivre la traduction du texte dans le corps du document."},"shortcode-map":{"type":"textfield","raw":""},"dyk-shortcode":{"type":"textfield","raw":"[elementor-template id=\"146546\"]"},"text-2":{"type":"textarea","raw":"<h2>Fichiers Excel multilingues<\/h2>\r\nChez\u00a0<em>Trusted Translations<\/em>, nous comprenons l\u2019importance d\u2019atteindre votre public cible tout en fournissant une base suffisante pour atteindre un public plus large. C\u2019est pourquoi nous travaillons avec nos clients pour rendre tous leurs projets de traduction de syst\u00e8me efficaces et transparents, afin de leur permettre de se concentrer sur les comp\u00e9tences de base de leur entreprise. Lorsque nous travaillons sur des projets de traduction de syst\u00e8me, qu\u2019il s\u2019agisse d\u2019un logiciel ou d\u2019une nouvelle application t\u00e9l\u00e9phonique, nous utilisons la commodit\u00e9 des documents Excel pour traduire et partager des informations. Cela permet d\u2019importer et d\u2019exporter facilement les informations du syst\u00e8me et offre la commodit\u00e9 d\u2019int\u00e9grer plusieurs langues dans le m\u00eame document, traduites c\u00f4te \u00e0 c\u00f4te, une phrase \u00e0 la fois. Lorsque vous travaillez avec\u00a0<em>Trusted Translations<\/em>, en plus de nous assurer que votre exp\u00e9rience de traduction soit efficace et sans complication, notre \u00e9quipe d\u2019experts vous aidera \u00e9galement \u00e0 \u00e9largir votre syst\u00e8me pour atteindre un public plus large en traduisant et en localisant avec pr\u00e9cision vos projets, en garantissant toujours les meilleurs d\u00e9lais d\u2019ex\u00e9cution.\r\n\r\n<em>Trusted Translations<\/em>\u00a0ne n\u00e9glige aucun d\u00e9tail lors de la traduction des documents Excel\u00a0: tableaux, graphiques, hyperliens, textes, formules et onglets d\u00e9roulants, votre document final ne perdra rien de son contenu original au cours du processus de traduction."},"state":{"type":"textfield","raw":""},"city":{"type":"textarea","raw":[]}}},"_links":{"self":[{"href":"https:\/\/www.trustedtranslations.com\/fr\/wp-json\/wp\/v2\/pages\/128852","targetHints":{"allow":["GET"]}}],"collection":[{"href":"https:\/\/www.trustedtranslations.com\/fr\/wp-json\/wp\/v2\/pages"}],"about":[{"href":"https:\/\/www.trustedtranslations.com\/fr\/wp-json\/wp\/v2\/types\/page"}],"author":[{"embeddable":true,"href":"https:\/\/www.trustedtranslations.com\/fr\/wp-json\/wp\/v2\/users\/1"}],"replies":[{"embeddable":true,"href":"https:\/\/www.trustedtranslations.com\/fr\/wp-json\/wp\/v2\/comments?post=128852"}],"version-history":[{"count":0,"href":"https:\/\/www.trustedtranslations.com\/fr\/wp-json\/wp\/v2\/pages\/128852\/revisions"}],"up":[{"embeddable":true,"href":"https:\/\/www.trustedtranslations.com\/fr\/wp-json\/wp\/v2\/pages\/128853"}],"wp:featuredmedia":[{"embeddable":true,"href":"https:\/\/www.trustedtranslations.com\/fr\/wp-json\/wp\/v2\/media\/238107"}],"wp:attachment":[{"href":"https:\/\/www.trustedtranslations.com\/fr\/wp-json\/wp\/v2\/media?parent=128852"}],"curies":[{"name":"wp","href":"https:\/\/api.w.org\/{rel}","templated":true}]}}