{"id":128853,"date":"2019-09-25T17:38:54","date_gmt":"2019-09-25T17:38:54","guid":{"rendered":"https:\/\/www.trustedtranslations.com\/?page_id=128853"},"modified":"2024-09-02T17:18:51","modified_gmt":"2024-09-02T20:18:51","slug":"formats-de-fichiers","status":"publish","type":"page","link":"https:\/\/www.trustedtranslations.com\/fr\/services\/formats-de-fichiers","title":{"rendered":"Formats de fichiers"},"content":{"rendered":"","protected":false},"excerpt":{"rendered":"","protected":false},"author":1,"featured_media":139627,"parent":129016,"menu_order":0,"comment_status":"closed","ping_status":"closed","template":"","meta":{"site-sidebar-layout":"default","site-content-layout":"default","ast-site-content-layout":"default","site-content-style":"default","site-sidebar-style":"default","ast-global-header-display":"","ast-banner-title-visibility":"","ast-main-header-display":"","ast-hfb-above-header-display":"","ast-hfb-below-header-display":"","ast-hfb-mobile-header-display":"","site-post-title":"disabled","ast-breadcrumbs-content":"","ast-featured-img":"","footer-sml-layout":"","ast-disable-related-posts":"","theme-transparent-header-meta":"default","adv-header-id-meta":"","stick-header-meta":"","header-above-stick-meta":"","header-main-stick-meta":"","header-below-stick-meta":"","astra-migrate-meta-layouts":"set","ast-page-background-enabled":"default","ast-page-background-meta":{"desktop":{"background-color":"var(--ast-global-color-4)","background-image":"","background-repeat":"repeat","background-position":"center center","background-size":"auto","background-attachment":"scroll","background-type":"","background-media":"","overlay-type":"","overlay-color":"","overlay-opacity":"","overlay-gradient":""},"tablet":{"background-color":"","background-image":"","background-repeat":"repeat","background-position":"center center","background-size":"auto","background-attachment":"scroll","background-type":"","background-media":"","overlay-type":"","overlay-color":"","overlay-opacity":"","overlay-gradient":""},"mobile":{"background-color":"","background-image":"","background-repeat":"repeat","background-position":"center center","background-size":"auto","background-attachment":"scroll","background-type":"","background-media":"","overlay-type":"","overlay-color":"","overlay-opacity":"","overlay-gradient":""}},"ast-content-background-meta":{"desktop":{"background-color":"var(--ast-global-color-5)","background-image":"","background-repeat":"repeat","background-position":"center center","background-size":"auto","background-attachment":"scroll","background-type":"","background-media":"","overlay-type":"","overlay-color":"","overlay-opacity":"","overlay-gradient":""},"tablet":{"background-color":"var(--ast-global-color-5)","background-image":"","background-repeat":"repeat","background-position":"center center","background-size":"auto","background-attachment":"scroll","background-type":"","background-media":"","overlay-type":"","overlay-color":"","overlay-opacity":"","overlay-gradient":""},"mobile":{"background-color":"var(--ast-global-color-5)","background-image":"","background-repeat":"repeat","background-position":"center center","background-size":"auto","background-attachment":"scroll","background-type":"","background-media":"","overlay-type":"","overlay-color":"","overlay-opacity":"","overlay-gradient":""}},"footnotes":""},"class_list":["post-128853","page","type-page","status-publish","has-post-thumbnail","hentry"],"yoast_head":"<!-- This site is optimized with the Yoast SEO plugin v27.3 - https:\/\/yoast.com\/product\/yoast-seo-wordpress\/ -->\n<title>Formats de fichiers pris en charge par Trusted Translations - Services de traduction<\/title>\n<meta name=\"description\" content=\"Chez Trusted Translations, nous travaillons avec une \u00e9quipe d\u2019experts afin de vous fournir les services de traduction les plus pr\u00e9cis dans tous les formats de fichier.\" \/>\n<meta name=\"robots\" content=\"index, follow, max-snippet:-1, max-image-preview:large, max-video-preview:-1\" \/>\n<link rel=\"canonical\" href=\"https:\/\/www.trustedtranslations.com\/fr\/services\/formats-de-fichiers\" \/>\n<meta property=\"og:locale\" content=\"fr_FR\" \/>\n<meta property=\"og:type\" content=\"article\" \/>\n<meta property=\"og:title\" content=\"Formats de fichiers pris en charge par Trusted Translations - Services de traduction\" \/>\n<meta property=\"og:description\" content=\"Chez Trusted Translations, nous travaillons avec une \u00e9quipe d\u2019experts afin de vous fournir les services de traduction les plus pr\u00e9cis dans tous les formats de fichier.\" \/>\n<meta property=\"og:url\" content=\"https:\/\/www.trustedtranslations.com\/fr\/services\/formats-de-fichiers\" \/>\n<meta property=\"og:site_name\" content=\"Trusted Translations, Inc.\" \/>\n<meta property=\"article:publisher\" content=\"https:\/\/www.facebook.com\/Trusted.Translations\" \/>\n<meta property=\"article:modified_time\" content=\"2024-09-02T20:18:51+00:00\" \/>\n<meta property=\"og:image\" content=\"https:\/\/static.trustedtranslations.com\/wp-content\/uploads\/2022\/03\/TT_NEW_FB-1.png\" \/>\n\t<meta property=\"og:image:width\" content=\"1038\" \/>\n\t<meta property=\"og:image:height\" content=\"1038\" \/>\n\t<meta property=\"og:image:type\" content=\"image\/png\" \/>\n<meta name=\"twitter:card\" content=\"summary_large_image\" \/>\n<meta name=\"twitter:site\" content=\"@TrustedT9ns\" \/>\n<script type=\"application\/ld+json\" class=\"yoast-schema-graph\">{\"@context\":\"https:\\\/\\\/schema.org\",\"@graph\":[{\"@type\":\"WebPage\",\"@id\":\"https:\\\/\\\/www.trustedtranslations.com\\\/fr\\\/services\\\/formats-de-fichiers\",\"url\":\"https:\\\/\\\/www.trustedtranslations.com\\\/fr\\\/services\\\/formats-de-fichiers\",\"name\":\"Formats de fichiers pris en charge par Trusted Translations - Services de traduction\",\"isPartOf\":{\"@id\":\"https:\\\/\\\/www.trustedtranslations.com\\\/fr\\\/#website\"},\"primaryImageOfPage\":{\"@id\":\"https:\\\/\\\/www.trustedtranslations.com\\\/fr\\\/services\\\/formats-de-fichiers#primaryimage\"},\"image\":{\"@id\":\"https:\\\/\\\/www.trustedtranslations.com\\\/fr\\\/services\\\/formats-de-fichiers#primaryimage\"},\"thumbnailUrl\":\"https:\\\/\\\/www.trustedtranslations.com\\\/wp-content\\\/uploads\\\/2022\\\/03\\\/TT_NEW_FB-1.png\",\"description\":\"Chez Trusted Translations, nous travaillons avec une \u00e9quipe d\u2019experts afin de vous fournir les services de traduction les plus pr\u00e9cis dans tous les formats de fichier.\",\"breadcrumb\":{\"@id\":\"https:\\\/\\\/www.trustedtranslations.com\\\/fr\\\/services\\\/formats-de-fichiers#breadcrumb\"},\"inLanguage\":\"fr-FR\",\"potentialAction\":[{\"@type\":\"ReadAction\",\"target\":[\"https:\\\/\\\/www.trustedtranslations.com\\\/fr\\\/services\\\/formats-de-fichiers\"]}]},{\"@type\":\"ImageObject\",\"inLanguage\":\"fr-FR\",\"@id\":\"https:\\\/\\\/www.trustedtranslations.com\\\/fr\\\/services\\\/formats-de-fichiers#primaryimage\",\"url\":\"https:\\\/\\\/www.trustedtranslations.com\\\/wp-content\\\/uploads\\\/2022\\\/03\\\/TT_NEW_FB-1.png\",\"contentUrl\":\"https:\\\/\\\/www.trustedtranslations.com\\\/wp-content\\\/uploads\\\/2022\\\/03\\\/TT_NEW_FB-1.png\",\"width\":1038,\"height\":1038,\"caption\":\"TT NEW FB 1\"},{\"@type\":\"BreadcrumbList\",\"@id\":\"https:\\\/\\\/www.trustedtranslations.com\\\/fr\\\/services\\\/formats-de-fichiers#breadcrumb\",\"itemListElement\":[{\"@type\":\"ListItem\",\"position\":1,\"name\":\"Accueil\",\"item\":\"https:\\\/\\\/www.trustedtranslations.com\\\/fr\"},{\"@type\":\"ListItem\",\"position\":2,\"name\":\"Services\",\"item\":\"https:\\\/\\\/www.trustedtranslations.com\\\/fr\\\/services\"},{\"@type\":\"ListItem\",\"position\":3,\"name\":\"Formats de fichiers\"}]},{\"@type\":\"WebSite\",\"@id\":\"https:\\\/\\\/www.trustedtranslations.com\\\/fr\\\/#website\",\"url\":\"https:\\\/\\\/www.trustedtranslations.com\\\/fr\\\/\",\"name\":\"Trusted Translations, Inc.\",\"description\":\"Leader in translation and interpretation services.\",\"publisher\":{\"@id\":\"https:\\\/\\\/www.trustedtranslations.com\\\/fr\\\/#organization\"},\"alternateName\":\"Trusted Translations\",\"potentialAction\":[{\"@type\":\"SearchAction\",\"target\":{\"@type\":\"EntryPoint\",\"urlTemplate\":\"https:\\\/\\\/www.trustedtranslations.com\\\/fr\\\/?s={search_term_string}\"},\"query-input\":{\"@type\":\"PropertyValueSpecification\",\"valueRequired\":true,\"valueName\":\"search_term_string\"}}],\"inLanguage\":\"fr-FR\"},{\"@type\":\"Organization\",\"@id\":\"https:\\\/\\\/www.trustedtranslations.com\\\/fr\\\/#organization\",\"name\":\"Trusted Translations\",\"alternateName\":\"Trusted Translations, Inc.\",\"url\":\"https:\\\/\\\/www.trustedtranslations.com\\\/fr\\\/\",\"logo\":{\"@type\":\"ImageObject\",\"inLanguage\":\"fr-FR\",\"@id\":\"https:\\\/\\\/www.trustedtranslations.com\\\/fr\\\/#\\\/schema\\\/logo\\\/image\\\/\",\"url\":\"https:\\\/\\\/static.trustedtranslations.com\\\/wp-content\\\/uploads\\\/2022\\\/01\\\/TT_logo_WSIColors-2.png\",\"contentUrl\":\"https:\\\/\\\/static.trustedtranslations.com\\\/wp-content\\\/uploads\\\/2022\\\/01\\\/TT_logo_WSIColors-2.png\",\"width\":500,\"height\":196,\"caption\":\"Trusted Translations\"},\"image\":{\"@id\":\"https:\\\/\\\/www.trustedtranslations.com\\\/fr\\\/#\\\/schema\\\/logo\\\/image\\\/\"},\"sameAs\":[\"https:\\\/\\\/www.facebook.com\\\/Trusted.Translations\",\"https:\\\/\\\/x.com\\\/TrustedT9ns\",\"https:\\\/\\\/www.linkedin.com\\\/company\\\/trusted-translations\"]}]}<\/script>\n<!-- \/ Yoast SEO plugin. -->","yoast_head_json":{"title":"Formats de fichiers pris en charge par Trusted Translations - Services de traduction","description":"Chez Trusted Translations, nous travaillons avec une \u00e9quipe d\u2019experts afin de vous fournir les services de traduction les plus pr\u00e9cis dans tous les formats de fichier.","robots":{"index":"index","follow":"follow","max-snippet":"max-snippet:-1","max-image-preview":"max-image-preview:large","max-video-preview":"max-video-preview:-1"},"canonical":"https:\/\/www.trustedtranslations.com\/fr\/services\/formats-de-fichiers","og_locale":"fr_FR","og_type":"article","og_title":"Formats de fichiers pris en charge par Trusted Translations - Services de traduction","og_description":"Chez Trusted Translations, nous travaillons avec une \u00e9quipe d\u2019experts afin de vous fournir les services de traduction les plus pr\u00e9cis dans tous les formats de fichier.","og_url":"https:\/\/www.trustedtranslations.com\/fr\/services\/formats-de-fichiers","og_site_name":"Trusted Translations, Inc.","article_publisher":"https:\/\/www.facebook.com\/Trusted.Translations","article_modified_time":"2024-09-02T20:18:51+00:00","og_image":[{"width":1038,"height":1038,"url":"https:\/\/static.trustedtranslations.com\/wp-content\/uploads\/2022\/03\/TT_NEW_FB-1.png","type":"image\/png"}],"twitter_card":"summary_large_image","twitter_site":"@TrustedT9ns","schema":{"@context":"https:\/\/schema.org","@graph":[{"@type":"WebPage","@id":"https:\/\/www.trustedtranslations.com\/fr\/services\/formats-de-fichiers","url":"https:\/\/www.trustedtranslations.com\/fr\/services\/formats-de-fichiers","name":"Formats de fichiers pris en charge par Trusted Translations - Services de traduction","isPartOf":{"@id":"https:\/\/www.trustedtranslations.com\/fr\/#website"},"primaryImageOfPage":{"@id":"https:\/\/www.trustedtranslations.com\/fr\/services\/formats-de-fichiers#primaryimage"},"image":{"@id":"https:\/\/www.trustedtranslations.com\/fr\/services\/formats-de-fichiers#primaryimage"},"thumbnailUrl":"https:\/\/www.trustedtranslations.com\/wp-content\/uploads\/2022\/03\/TT_NEW_FB-1.png","description":"Chez Trusted Translations, nous travaillons avec une \u00e9quipe d\u2019experts afin de vous fournir les services de traduction les plus pr\u00e9cis dans tous les formats de fichier.","breadcrumb":{"@id":"https:\/\/www.trustedtranslations.com\/fr\/services\/formats-de-fichiers#breadcrumb"},"inLanguage":"fr-FR","potentialAction":[{"@type":"ReadAction","target":["https:\/\/www.trustedtranslations.com\/fr\/services\/formats-de-fichiers"]}]},{"@type":"ImageObject","inLanguage":"fr-FR","@id":"https:\/\/www.trustedtranslations.com\/fr\/services\/formats-de-fichiers#primaryimage","url":"https:\/\/www.trustedtranslations.com\/wp-content\/uploads\/2022\/03\/TT_NEW_FB-1.png","contentUrl":"https:\/\/www.trustedtranslations.com\/wp-content\/uploads\/2022\/03\/TT_NEW_FB-1.png","width":1038,"height":1038,"caption":"TT NEW FB 1"},{"@type":"BreadcrumbList","@id":"https:\/\/www.trustedtranslations.com\/fr\/services\/formats-de-fichiers#breadcrumb","itemListElement":[{"@type":"ListItem","position":1,"name":"Accueil","item":"https:\/\/www.trustedtranslations.com\/fr"},{"@type":"ListItem","position":2,"name":"Services","item":"https:\/\/www.trustedtranslations.com\/fr\/services"},{"@type":"ListItem","position":3,"name":"Formats de fichiers"}]},{"@type":"WebSite","@id":"https:\/\/www.trustedtranslations.com\/fr\/#website","url":"https:\/\/www.trustedtranslations.com\/fr\/","name":"Trusted Translations, Inc.","description":"Leader in translation and interpretation services.","publisher":{"@id":"https:\/\/www.trustedtranslations.com\/fr\/#organization"},"alternateName":"Trusted Translations","potentialAction":[{"@type":"SearchAction","target":{"@type":"EntryPoint","urlTemplate":"https:\/\/www.trustedtranslations.com\/fr\/?s={search_term_string}"},"query-input":{"@type":"PropertyValueSpecification","valueRequired":true,"valueName":"search_term_string"}}],"inLanguage":"fr-FR"},{"@type":"Organization","@id":"https:\/\/www.trustedtranslations.com\/fr\/#organization","name":"Trusted Translations","alternateName":"Trusted Translations, Inc.","url":"https:\/\/www.trustedtranslations.com\/fr\/","logo":{"@type":"ImageObject","inLanguage":"fr-FR","@id":"https:\/\/www.trustedtranslations.com\/fr\/#\/schema\/logo\/image\/","url":"https:\/\/static.trustedtranslations.com\/wp-content\/uploads\/2022\/01\/TT_logo_WSIColors-2.png","contentUrl":"https:\/\/static.trustedtranslations.com\/wp-content\/uploads\/2022\/01\/TT_logo_WSIColors-2.png","width":500,"height":196,"caption":"Trusted Translations"},"image":{"@id":"https:\/\/www.trustedtranslations.com\/fr\/#\/schema\/logo\/image\/"},"sameAs":["https:\/\/www.facebook.com\/Trusted.Translations","https:\/\/x.com\/TrustedT9ns","https:\/\/www.linkedin.com\/company\/trusted-translations"]}]}},"toolset-meta":{"dyk":{"mensaje-1":{"type":"textfield","raw":"Nous fournissons des traductions pr\u00eates \u00e0 \u00eatre utilis\u00e9es imm\u00e9diatement dans plusieurs formats de fichiers."},"mensaje-2":{"type":"textfield","raw":"Nous acceptons des fichiers allant d'Adobe PDF \u00e0 AutoCAD, en passant par WordPress et XML."},"mensaje-3":{"type":"textfield","raw":"Nous offrons les services experts de notre \u00e9quipe informatique pour la traduction de tout format de fichier."},"mensaje-4":{"type":"textfield","raw":"Nos services incluent la possibilit\u00e9 de travailler avec tout format de fichier d\u2019origine."},"mensaje-5":{"type":"textfield","raw":""},"mensaje-6":{"type":"textfield","raw":""}},"single-page-template-fields":{"imgs-temp":{"type":"image","raw":["https:\/\/static.trustedtranslations.com\/wp-content\/uploads\/2024\/04\/services-final-7-1.webp"],"repeatable":[{"raw":"https:\/\/static.trustedtranslations.com\/wp-content\/uploads\/2024\/04\/services-final-7-1.webp"}]},"imgs-temp-cel":{"type":"image","raw":[""],"repeatable":[{"raw":""}]},"img-temp-one-cel":{"type":"image","raw":"https:\/\/static.trustedtranslations.com\/wp-content\/uploads\/2023\/03\/AdobeStock_291507034_Editorial_Use_Only-2-1.jpg","attachment_id":null},"quotes":{"type":"textarea","raw":"<h1 style=\"margin-bottom: 12px;\"Formats de fichiers et logiciels<\/h1>Chez Trusted Translations, nous travaillons avec une \u00e9quipe d\u2019experts et de professionnels qualifi\u00e9s pour vous fournir les services de traduction les plus pr\u00e9cis, quel que soit le format de fichier ou le logiciel. Notre \u00e9quipe d\u2019experts en informatique, de traducteurs et de r\u00e9viseurs sp\u00e9cifiques \u00e0 l\u2019industrie, et de sp\u00e9cialistes de la publication assist\u00e9e par ordinateur nous permet de produire des traductions de la plus haute qualit\u00e9, sans \u00e9gard \u00e0 la complexit\u00e9 ou aux d\u00e9fis li\u00e9s au format ou au logiciel d\u2019origine. <div style=\"margin-top: 2.5vw;\"><a class=\"tt-btn-main-cta\" href=\"\/fr\/devis-traduction\">DEMANDEZ UN DEVIS GRATUIT<\/a><\/div>"},"text-1":{"type":"textarea","raw":"<h2 style=\"margin-top: -10px;\">Traduire n\u2019importe quel format de fichier et logiciel<\/h2>Trusted Translations utilise une plateforme efficace qui prend en charge presque n\u2019importe quel format de fichier et logiciel. Nos services de traduction sont con\u00e7us pour simplifier le processus de traduction afin de vous permettre de vous concentrer sur les comp\u00e9tences fondamentales de votre entreprise. Lorsque nous recevons un format de fichier sp\u00e9cifique, nous vous fournissons un produit traduit et con\u00e7u par des professionnels dans son format d\u2019origine. Notre service int\u00e9gral comprend tout, depuis l\u2019extraction du texte jusqu\u2019\u00e0 la traduction sp\u00e9cifique \u00e0 l\u2019industrie, en passant par la conception professionnelle, garantissant l\u2019int\u00e9gration du texte traduit dans le document d\u2019origine. De cette fa\u00e7on, vous \u00e9viterez de perdre du temps \u00e0 embaucher des entreprises distinctes pour vos besoins de traduction et de conception graphique."},"shortcode-map":{"type":"textfield","raw":""},"dyk-shortcode":{"type":"textfield","raw":"[elementor-template id=\"146546\"]"},"text-2":{"type":"textarea","raw":"<h2>Formats de fichiers et logiciels pris en charge<\/h2>\r\nL\u2019\u00e9quipe professionnelle de\u00a0<em>Trusted Translations<\/em>\u00a0poss\u00e8de l\u2019expertise n\u00e9cessaire pour travailler avec les formats de fichiers et les logiciels suivants, entre autres\u00a0:\r\n<ul>\r\n \t<li>Adobe Acrobat \u2013 PDF<\/li>\r\n \t<li><a class=\"broken_link\" href=\"https:\/\/www.trustedtranslations.com\/fr\/services\/formats-de-fichiers\/flash\">Adobe Flash<\/a><\/li>\r\n \t<li><a href=\"https:\/\/www.trustedtranslations.com\/fr\/services\/formats-de-fichiers\/framemaker\">Adobe FrameMaker<\/a><\/li>\r\n \t<li><a class=\"broken_link\" href=\"https:\/\/www.trustedtranslations.com\/it\/servizi\/formati-di-file\/immagini\">Adobe Illustrator<\/a><\/li>\r\n \t<li>Adobe InDesign<\/li>\r\n \t<li><a class=\"broken_link\" href=\"https:\/\/www.trustedtranslations.com\/it\/servizi\/formati-di-file\/immagini\">Adobe Photoshop<\/a><\/li>\r\n \t<li><a class=\"broken_link\" href=\"https:\/\/www.trustedtranslations.com\/fr\/services\/formats-de-fichiers\/premiere\">Adobe Premiere<\/a><\/li>\r\n \t<li>Cha\u00eenes Android<\/li>\r\n \t<li><a class=\"broken_link\" href=\"https:\/\/www.trustedtranslations.com\/fr\/services\/formats-de-fichiers\/autocad\">AutoCAD<\/a><\/li>\r\n \t<li>Fichiers bilingues (XLIFF, TTX, SDLXLIFF)<\/li>\r\n \t<li><a class=\"broken_link\" href=\"https:\/\/www.trustedtranslations.com\/fr\/services\/formats-de-fichiers\/excel\">CSV<\/a><\/li>\r\n \t<li>CorelDraw<\/li>\r\n \t<li>DITA<\/li>\r\n \t<li>Drupal<\/li>\r\n \t<li>Fichiers HTML<\/li>\r\n \t<li>Fichiers JSON<\/li>\r\n \t<li>Joomla<\/li>\r\n \t<li><a class=\"broken_link\" href=\"https:\/\/www.trustedtranslations.com\/fr\/services\/formats-de-fichiers\/lectora\">Lectora<\/a><\/li>\r\n \t<li><a class=\"broken_link\" href=\"https:\/\/www.trustedtranslations.com\/fr\/services\/formats-de-fichiers\/excel\">Microsoft Excel<\/a><\/li>\r\n \t<li><a class=\"broken_link\" href=\"https:\/\/www.trustedtranslations.com\/fr\/services\/formats-de-fichiers\/powerpoint\">Microsoft PowerPoint<\/a><\/li>\r\n \t<li><a class=\"broken_link\" href=\"https:\/\/www.trustedtranslations.com\/fr\/services\/formats-de-fichiers\/project\">Microsoft Project<\/a><\/li>\r\n \t<li><a class=\"broken_link\" href=\"https:\/\/www.trustedtranslations.com\/fr\/services\/formats-de-fichiers\/publisher\">Microsoft Publisher<\/a><\/li>\r\n \t<li><a class=\"broken_link\" href=\"https:\/\/www.trustedtranslations.com\/fr\/services\/formats-de-fichiers\/visio\">Microsoft Visio<\/a><\/li>\r\n \t<li><a class=\"broken_link\" href=\"https:\/\/www.trustedtranslations.com\/fr\/services\/formats-de-fichiers\/word\">Microsoft Word<\/a><\/li>\r\n \t<li>PHP<\/li>\r\n \t<li>PO gettext<\/li>\r\n \t<li>Pages sur Mac<\/li>\r\n \t<li>Properties<\/li>\r\n \t<li>QuarkXPress<\/li>\r\n \t<li>Robohelp<\/li>\r\n \t<li>TXT<\/li>\r\n \t<li><a href=\"https:\/\/www.trustedtranslations.com\/fr\/services\/formats-de-fichiers\/wordpress\">WordPress<\/a><\/li>\r\n \t<li>XML<\/li>\r\n \t<li>YAML<\/li>\r\n \t<li>Cha\u00eene iOS<\/li>\r\n<\/ul>\r\nChez\u00a0<em>Trusted Translations<\/em>, non seulement nous fournissons l\u2019ensemble des services du processus normal de traduction (traduction, \u00e9dition, relecture), mais nous offrons \u00e9galement dans le cadre de ce processus les services sp\u00e9ciaux de nos \u00e9quipes informatique et de publication assist\u00e9e par ordinateur, si cela s\u2019av\u00e8re n\u00e9cessaire. Notre \u00e9quipe de professionnels mettra tout en \u0153uvre pour vous fournir des traductions de la plus haute qualit\u00e9 au sein du secteur, quelle que soit la longueur ou la complexit\u00e9 du format de fichier original. En outre, non seulement nos traducteurs sp\u00e9cifiques \u00e0 l\u2019industrie traduiront vos projets avec pr\u00e9cision, afin de vous permettre d\u2019atteindre un public mondial plus large, mais ils proc\u00e8deront \u00e9galement \u00e0 leur localisation afin de vous permettre d\u2019atteindre votre public cible aussi pr\u00e9cis\u00e9ment que possible. Opter pour\u00a0<em>Trusted Translations<\/em>\u00a0revient \u00e0 choisir une solution int\u00e9grale pour tous vos besoins de traduction\u00a0; nous fournissons toutes les ressources n\u00e9cessaires pour couvrir l\u2019ensemble du processus de traduction, et nous garantissons un produit final pr\u00eat pour une utilisation imm\u00e9diate."},"state":{"type":"textfield","raw":""},"city":{"type":"textarea","raw":[]}}},"_links":{"self":[{"href":"https:\/\/www.trustedtranslations.com\/fr\/wp-json\/wp\/v2\/pages\/128853","targetHints":{"allow":["GET"]}}],"collection":[{"href":"https:\/\/www.trustedtranslations.com\/fr\/wp-json\/wp\/v2\/pages"}],"about":[{"href":"https:\/\/www.trustedtranslations.com\/fr\/wp-json\/wp\/v2\/types\/page"}],"author":[{"embeddable":true,"href":"https:\/\/www.trustedtranslations.com\/fr\/wp-json\/wp\/v2\/users\/1"}],"replies":[{"embeddable":true,"href":"https:\/\/www.trustedtranslations.com\/fr\/wp-json\/wp\/v2\/comments?post=128853"}],"version-history":[{"count":0,"href":"https:\/\/www.trustedtranslations.com\/fr\/wp-json\/wp\/v2\/pages\/128853\/revisions"}],"up":[{"embeddable":true,"href":"https:\/\/www.trustedtranslations.com\/fr\/wp-json\/wp\/v2\/pages\/129016"}],"wp:featuredmedia":[{"embeddable":true,"href":"https:\/\/www.trustedtranslations.com\/fr\/wp-json\/wp\/v2\/media\/139627"}],"wp:attachment":[{"href":"https:\/\/www.trustedtranslations.com\/fr\/wp-json\/wp\/v2\/media?parent=128853"}],"curies":[{"name":"wp","href":"https:\/\/api.w.org\/{rel}","templated":true}]}}