{"id":128884,"date":"2018-12-26T18:41:53","date_gmt":"2018-12-26T18:41:53","guid":{"rendered":"https:\/\/www.trustedtranslations.com\/?page_id=128884"},"modified":"2024-09-03T15:39:07","modified_gmt":"2024-09-03T18:39:07","slug":"blockchain","status":"publish","type":"page","link":"https:\/\/www.trustedtranslations.com\/fr\/domaines\/blockchain","title":{"rendered":"Blockchain"},"content":{"rendered":"","protected":false},"excerpt":{"rendered":"","protected":false},"author":1,"featured_media":139627,"parent":128968,"menu_order":0,"comment_status":"closed","ping_status":"closed","template":"","meta":{"site-sidebar-layout":"default","site-content-layout":"default","ast-site-content-layout":"default","site-content-style":"default","site-sidebar-style":"default","ast-global-header-display":"","ast-banner-title-visibility":"","ast-main-header-display":"","ast-hfb-above-header-display":"","ast-hfb-below-header-display":"","ast-hfb-mobile-header-display":"","site-post-title":"disabled","ast-breadcrumbs-content":"","ast-featured-img":"","footer-sml-layout":"","theme-transparent-header-meta":"default","adv-header-id-meta":"","stick-header-meta":"","header-above-stick-meta":"","header-main-stick-meta":"","header-below-stick-meta":"","astra-migrate-meta-layouts":"set","ast-page-background-enabled":"default","ast-page-background-meta":{"desktop":{"background-color":"var(--ast-global-color-4)","background-image":"","background-repeat":"repeat","background-position":"center center","background-size":"auto","background-attachment":"scroll","background-type":"","background-media":"","overlay-type":"","overlay-color":"","overlay-opacity":"","overlay-gradient":""},"tablet":{"background-color":"","background-image":"","background-repeat":"repeat","background-position":"center center","background-size":"auto","background-attachment":"scroll","background-type":"","background-media":"","overlay-type":"","overlay-color":"","overlay-opacity":"","overlay-gradient":""},"mobile":{"background-color":"","background-image":"","background-repeat":"repeat","background-position":"center center","background-size":"auto","background-attachment":"scroll","background-type":"","background-media":"","overlay-type":"","overlay-color":"","overlay-opacity":"","overlay-gradient":""}},"ast-content-background-meta":{"desktop":{"background-color":"var(--ast-global-color-5)","background-image":"","background-repeat":"repeat","background-position":"center center","background-size":"auto","background-attachment":"scroll","background-type":"","background-media":"","overlay-type":"","overlay-color":"","overlay-opacity":"","overlay-gradient":""},"tablet":{"background-color":"var(--ast-global-color-5)","background-image":"","background-repeat":"repeat","background-position":"center center","background-size":"auto","background-attachment":"scroll","background-type":"","background-media":"","overlay-type":"","overlay-color":"","overlay-opacity":"","overlay-gradient":""},"mobile":{"background-color":"var(--ast-global-color-5)","background-image":"","background-repeat":"repeat","background-position":"center center","background-size":"auto","background-attachment":"scroll","background-type":"","background-media":"","overlay-type":"","overlay-color":"","overlay-opacity":"","overlay-gradient":""}},"footnotes":""},"class_list":["post-128884","page","type-page","status-publish","has-post-thumbnail","hentry"],"yoast_head":"<!-- This site is optimized with the Yoast SEO plugin v27.5 - https:\/\/yoast.com\/product\/yoast-seo-wordpress\/ -->\n<title>Services de traduction pour l\u2019industrie de la blockchain et des crypto-monnaies - Trusted Translations, Inc.<\/title>\n<meta name=\"description\" content=\"Trusted Translations, Inc. fournit des services de traduction pr\u00e9cis et fiables pour tous les types de supports de la blockchain.\" \/>\n<meta name=\"robots\" content=\"index, follow, max-snippet:-1, max-image-preview:large, max-video-preview:-1\" \/>\n<link rel=\"canonical\" href=\"https:\/\/www.trustedtranslations.com\/fr\/domaines\/blockchain\" \/>\n<meta property=\"og:locale\" content=\"fr_FR\" \/>\n<meta property=\"og:type\" content=\"article\" \/>\n<meta property=\"og:title\" content=\"Services de traduction pour l\u2019industrie de la blockchain et des crypto-monnaies - Trusted Translations, Inc.\" \/>\n<meta property=\"og:description\" content=\"Trusted Translations, Inc. fournit des services de traduction pr\u00e9cis et fiables pour tous les types de supports de la blockchain.\" \/>\n<meta property=\"og:url\" content=\"https:\/\/www.trustedtranslations.com\/fr\/domaines\/blockchain\" \/>\n<meta property=\"og:site_name\" content=\"Trusted Translations, Inc.\" \/>\n<meta property=\"article:publisher\" content=\"https:\/\/www.facebook.com\/Trusted.Translations\" \/>\n<meta property=\"article:modified_time\" content=\"2024-09-03T18:39:07+00:00\" \/>\n<meta property=\"og:image\" content=\"https:\/\/static.trustedtranslations.com\/wp-content\/uploads\/2022\/03\/TT_NEW_FB-1.png\" \/>\n\t<meta property=\"og:image:width\" content=\"1038\" \/>\n\t<meta property=\"og:image:height\" content=\"1038\" \/>\n\t<meta property=\"og:image:type\" content=\"image\/png\" \/>\n<meta name=\"twitter:card\" content=\"summary_large_image\" \/>\n<meta name=\"twitter:site\" content=\"@TrustedT9ns\" \/>\n<script type=\"application\/ld+json\" class=\"yoast-schema-graph\">{\"@context\":\"https:\\\/\\\/schema.org\",\"@graph\":[{\"@type\":\"WebPage\",\"@id\":\"https:\\\/\\\/www.trustedtranslations.com\\\/fr\\\/domaines\\\/blockchain\",\"url\":\"https:\\\/\\\/www.trustedtranslations.com\\\/fr\\\/domaines\\\/blockchain\",\"name\":\"Services de traduction pour l\u2019industrie de la blockchain et des crypto-monnaies - Trusted Translations, Inc.\",\"isPartOf\":{\"@id\":\"https:\\\/\\\/www.trustedtranslations.com\\\/fr\\\/#website\"},\"primaryImageOfPage\":{\"@id\":\"https:\\\/\\\/www.trustedtranslations.com\\\/fr\\\/domaines\\\/blockchain#primaryimage\"},\"image\":{\"@id\":\"https:\\\/\\\/www.trustedtranslations.com\\\/fr\\\/domaines\\\/blockchain#primaryimage\"},\"thumbnailUrl\":\"https:\\\/\\\/www.trustedtranslations.com\\\/wp-content\\\/uploads\\\/2022\\\/03\\\/TT_NEW_FB-1.png\",\"description\":\"Trusted Translations, Inc. fournit des services de traduction pr\u00e9cis et fiables pour tous les types de supports de la blockchain.\",\"breadcrumb\":{\"@id\":\"https:\\\/\\\/www.trustedtranslations.com\\\/fr\\\/domaines\\\/blockchain#breadcrumb\"},\"inLanguage\":\"fr-FR\",\"potentialAction\":[{\"@type\":\"ReadAction\",\"target\":[\"https:\\\/\\\/www.trustedtranslations.com\\\/fr\\\/domaines\\\/blockchain\"]}]},{\"@type\":\"ImageObject\",\"inLanguage\":\"fr-FR\",\"@id\":\"https:\\\/\\\/www.trustedtranslations.com\\\/fr\\\/domaines\\\/blockchain#primaryimage\",\"url\":\"https:\\\/\\\/www.trustedtranslations.com\\\/wp-content\\\/uploads\\\/2022\\\/03\\\/TT_NEW_FB-1.png\",\"contentUrl\":\"https:\\\/\\\/www.trustedtranslations.com\\\/wp-content\\\/uploads\\\/2022\\\/03\\\/TT_NEW_FB-1.png\",\"width\":1038,\"height\":1038,\"caption\":\"TT NEW FB 1\"},{\"@type\":\"BreadcrumbList\",\"@id\":\"https:\\\/\\\/www.trustedtranslations.com\\\/fr\\\/domaines\\\/blockchain#breadcrumb\",\"itemListElement\":[{\"@type\":\"ListItem\",\"position\":1,\"name\":\"Accueil\",\"item\":\"https:\\\/\\\/www.trustedtranslations.com\\\/fr\"},{\"@type\":\"ListItem\",\"position\":2,\"name\":\"Expertise de l\u2019industrie\",\"item\":\"https:\\\/\\\/www.trustedtranslations.com\\\/fr\\\/domaines\"},{\"@type\":\"ListItem\",\"position\":3,\"name\":\"Blockchain\"}]},{\"@type\":\"WebSite\",\"@id\":\"https:\\\/\\\/www.trustedtranslations.com\\\/fr\\\/#website\",\"url\":\"https:\\\/\\\/www.trustedtranslations.com\\\/fr\\\/\",\"name\":\"Trusted Translations, Inc.\",\"description\":\"Leader in translation and interpretation services.\",\"publisher\":{\"@id\":\"https:\\\/\\\/www.trustedtranslations.com\\\/fr\\\/#organization\"},\"alternateName\":\"Trusted Translations\",\"potentialAction\":[{\"@type\":\"SearchAction\",\"target\":{\"@type\":\"EntryPoint\",\"urlTemplate\":\"https:\\\/\\\/www.trustedtranslations.com\\\/fr\\\/?s={search_term_string}\"},\"query-input\":{\"@type\":\"PropertyValueSpecification\",\"valueRequired\":true,\"valueName\":\"search_term_string\"}}],\"inLanguage\":\"fr-FR\"},{\"@type\":\"Organization\",\"@id\":\"https:\\\/\\\/www.trustedtranslations.com\\\/fr\\\/#organization\",\"name\":\"Trusted Translations\",\"alternateName\":\"Trusted Translations, Inc.\",\"url\":\"https:\\\/\\\/www.trustedtranslations.com\\\/fr\\\/\",\"logo\":{\"@type\":\"ImageObject\",\"inLanguage\":\"fr-FR\",\"@id\":\"https:\\\/\\\/www.trustedtranslations.com\\\/fr\\\/#\\\/schema\\\/logo\\\/image\\\/\",\"url\":\"https:\\\/\\\/static.trustedtranslations.com\\\/wp-content\\\/uploads\\\/2022\\\/01\\\/TT_logo_WSIColors-2.png\",\"contentUrl\":\"https:\\\/\\\/static.trustedtranslations.com\\\/wp-content\\\/uploads\\\/2022\\\/01\\\/TT_logo_WSIColors-2.png\",\"width\":500,\"height\":196,\"caption\":\"Trusted Translations\"},\"image\":{\"@id\":\"https:\\\/\\\/www.trustedtranslations.com\\\/fr\\\/#\\\/schema\\\/logo\\\/image\\\/\"},\"sameAs\":[\"https:\\\/\\\/www.facebook.com\\\/Trusted.Translations\",\"https:\\\/\\\/x.com\\\/TrustedT9ns\",\"https:\\\/\\\/www.linkedin.com\\\/company\\\/trusted-translations\"]}]}<\/script>\n<!-- \/ Yoast SEO plugin. -->","yoast_head_json":{"title":"Services de traduction pour l\u2019industrie de la blockchain et des crypto-monnaies - Trusted Translations, Inc.","description":"Trusted Translations, Inc. fournit des services de traduction pr\u00e9cis et fiables pour tous les types de supports de la blockchain.","robots":{"index":"index","follow":"follow","max-snippet":"max-snippet:-1","max-image-preview":"max-image-preview:large","max-video-preview":"max-video-preview:-1"},"canonical":"https:\/\/www.trustedtranslations.com\/fr\/domaines\/blockchain","og_locale":"fr_FR","og_type":"article","og_title":"Services de traduction pour l\u2019industrie de la blockchain et des crypto-monnaies - Trusted Translations, Inc.","og_description":"Trusted Translations, Inc. fournit des services de traduction pr\u00e9cis et fiables pour tous les types de supports de la blockchain.","og_url":"https:\/\/www.trustedtranslations.com\/fr\/domaines\/blockchain","og_site_name":"Trusted Translations, Inc.","article_publisher":"https:\/\/www.facebook.com\/Trusted.Translations","article_modified_time":"2024-09-03T18:39:07+00:00","og_image":[{"width":1038,"height":1038,"url":"https:\/\/static.trustedtranslations.com\/wp-content\/uploads\/2022\/03\/TT_NEW_FB-1.png","type":"image\/png"}],"twitter_card":"summary_large_image","twitter_site":"@TrustedT9ns","schema":{"@context":"https:\/\/schema.org","@graph":[{"@type":"WebPage","@id":"https:\/\/www.trustedtranslations.com\/fr\/domaines\/blockchain","url":"https:\/\/www.trustedtranslations.com\/fr\/domaines\/blockchain","name":"Services de traduction pour l\u2019industrie de la blockchain et des crypto-monnaies - Trusted Translations, Inc.","isPartOf":{"@id":"https:\/\/www.trustedtranslations.com\/fr\/#website"},"primaryImageOfPage":{"@id":"https:\/\/www.trustedtranslations.com\/fr\/domaines\/blockchain#primaryimage"},"image":{"@id":"https:\/\/www.trustedtranslations.com\/fr\/domaines\/blockchain#primaryimage"},"thumbnailUrl":"https:\/\/www.trustedtranslations.com\/wp-content\/uploads\/2022\/03\/TT_NEW_FB-1.png","description":"Trusted Translations, Inc. fournit des services de traduction pr\u00e9cis et fiables pour tous les types de supports de la blockchain.","breadcrumb":{"@id":"https:\/\/www.trustedtranslations.com\/fr\/domaines\/blockchain#breadcrumb"},"inLanguage":"fr-FR","potentialAction":[{"@type":"ReadAction","target":["https:\/\/www.trustedtranslations.com\/fr\/domaines\/blockchain"]}]},{"@type":"ImageObject","inLanguage":"fr-FR","@id":"https:\/\/www.trustedtranslations.com\/fr\/domaines\/blockchain#primaryimage","url":"https:\/\/www.trustedtranslations.com\/wp-content\/uploads\/2022\/03\/TT_NEW_FB-1.png","contentUrl":"https:\/\/www.trustedtranslations.com\/wp-content\/uploads\/2022\/03\/TT_NEW_FB-1.png","width":1038,"height":1038,"caption":"TT NEW FB 1"},{"@type":"BreadcrumbList","@id":"https:\/\/www.trustedtranslations.com\/fr\/domaines\/blockchain#breadcrumb","itemListElement":[{"@type":"ListItem","position":1,"name":"Accueil","item":"https:\/\/www.trustedtranslations.com\/fr"},{"@type":"ListItem","position":2,"name":"Expertise de l\u2019industrie","item":"https:\/\/www.trustedtranslations.com\/fr\/domaines"},{"@type":"ListItem","position":3,"name":"Blockchain"}]},{"@type":"WebSite","@id":"https:\/\/www.trustedtranslations.com\/fr\/#website","url":"https:\/\/www.trustedtranslations.com\/fr\/","name":"Trusted Translations, Inc.","description":"Leader in translation and interpretation services.","publisher":{"@id":"https:\/\/www.trustedtranslations.com\/fr\/#organization"},"alternateName":"Trusted Translations","potentialAction":[{"@type":"SearchAction","target":{"@type":"EntryPoint","urlTemplate":"https:\/\/www.trustedtranslations.com\/fr\/?s={search_term_string}"},"query-input":{"@type":"PropertyValueSpecification","valueRequired":true,"valueName":"search_term_string"}}],"inLanguage":"fr-FR"},{"@type":"Organization","@id":"https:\/\/www.trustedtranslations.com\/fr\/#organization","name":"Trusted Translations","alternateName":"Trusted Translations, Inc.","url":"https:\/\/www.trustedtranslations.com\/fr\/","logo":{"@type":"ImageObject","inLanguage":"fr-FR","@id":"https:\/\/www.trustedtranslations.com\/fr\/#\/schema\/logo\/image\/","url":"https:\/\/static.trustedtranslations.com\/wp-content\/uploads\/2022\/01\/TT_logo_WSIColors-2.png","contentUrl":"https:\/\/static.trustedtranslations.com\/wp-content\/uploads\/2022\/01\/TT_logo_WSIColors-2.png","width":500,"height":196,"caption":"Trusted Translations"},"image":{"@id":"https:\/\/www.trustedtranslations.com\/fr\/#\/schema\/logo\/image\/"},"sameAs":["https:\/\/www.facebook.com\/Trusted.Translations","https:\/\/x.com\/TrustedT9ns","https:\/\/www.linkedin.com\/company\/trusted-translations"]}]}},"toolset-meta":{"dyk":{"mensaje-1":{"type":"textfield","raw":"Trusted Translations a traduit avec succ\u00e8s des documents de l'ICO dans plusieurs langues."},"mensaje-2":{"type":"textfield","raw":""},"mensaje-3":{"type":"textfield","raw":""},"mensaje-4":{"type":"textfield","raw":""},"mensaje-5":{"type":"textfield","raw":""},"mensaje-6":{"type":"textfield","raw":""}},"single-page-template-fields":{"imgs-temp":{"type":"image","raw":["https:\/\/static.trustedtranslations.com\/wp-content\/uploads\/2024\/05\/blockchain-final-1.webp"],"repeatable":[{"raw":"https:\/\/static.trustedtranslations.com\/wp-content\/uploads\/2024\/05\/blockchain-final-1.webp"}]},"imgs-temp-cel":{"type":"image","raw":[""],"repeatable":[{"raw":""}]},"img-temp-one-cel":{"type":"image","raw":"https:\/\/static.trustedtranslations.com\/wp-content\/uploads\/2024\/05\/AdobeStock_192635639-1.webp","attachment_id":null},"quotes":{"type":"textarea","raw":"<h1 style=\"margin-bottom: 12px;\">Services de traduction de la blockchain<\/h1>Les cryptomonnaies et les technologies de la blockchain ont pris de l\u2019ampleur et sont en bonne voie d\u2019atteindre leur plein potentiel. Aujourd\u2019hui, aucun acteur du secteur ne s\u2019est impos\u00e9 comme leader, et la r\u00e9ussite de ces projets reposera sur leur capacit\u00e9 \u00e0 lever des fonds par le biais d\u2019ICO, de l\u2019adoption de technologies solides et de cas d\u2019utilisation convaincants.<div style=\"margin-top: 2.5vw;\"><a class=\"tt-btn-main-cta\" href=\"\/fr\/devis-traduction\">DEMANDEZ UN DEVIS GRATUIT<\/a><\/div>"},"text-1":{"type":"textarea","raw":"<h2>Services de traduction de crypto-monnaie et de blockchain<\/h2>\r\nEt au vu de la nature intrins\u00e8quement mondiale des cryptomonnaies et des utilisations potentielles des technologies de la blockchain dans le monde entier, il est essentiel de pr\u00e9senter des traductions impeccables et fiables de livres blancs, de documentations de ICO, de documents marketing et d\u2019autres informations techniques. <em>Trusted Translations<\/em>\u00a0s\u2019est plac\u00e9e \u00e0 l\u2019avant-garde des traductions pour ce secteur avant m\u00eame son heure de gloire, en aidant les acteurs de ce secteur \u00e0 tirer parti des ressources financi\u00e8res et technologiques mondiales pour leur d\u00e9veloppement.\r\n<h2 style=\"margin-bottom:20px\">Leader reconnu des traductions dans le crypto-espace<\/h2>\r\nLes principaux projets et organisations de la Blockchain font actuellement confiance \u00e0\u00a0<em>Trusted Translations<\/em>\u00a0pour tous les aspects de leurs besoins en traductions, notamment, mais sans s\u2019y limiter, la documentation et les communications dans le cadre d\u2019une ICO (Initial Coin Offering), les livres blancs techniques, les documents marketing, les traductions de sites web, les documents relatifs aux logiciels, etc.\u00a0<em>Trusted Translations<\/em>\u00a0poss\u00e8de plus de 15\u00a0ans d\u2019exp\u00e9rience dans la traduction en mati\u00e8re de finance, de technologie et de logiciels\u00a0; son expertise est in\u00e9gal\u00e9e."},"shortcode-map":{"type":"textfield","raw":""},"dyk-shortcode":{"type":"textfield","raw":"[elementor-template id=\"146546\"]"},"text-2":{"type":"textarea","raw":"<h2 style=\"margin-bottom:20px\">Choisir une soci\u00e9t\u00e9 de services linguistiques qui comprend le crypto-espace<\/h2>\r\n<em>Trusted Translations<\/em>\u00a0forme ses gestionnaires de projets \u00e0 bien conna\u00eetre ce que les technologies de la blockchain repr\u00e9sentent pour notre entreprise. Nos gestionnaires et nos ing\u00e9nieurs logiciel participent \u00e0 toutes les principales conf\u00e9rences du secteur pour se tenir \u00e0 jour du lexique croissant et dynamique de ce secteur. De fait,\u00a0<em>Trusted Translations<\/em>\u00a0a l\u2019un des glossaires sp\u00e9cifiques \u00e0 la blockchain les plus complets et pr\u00e9cis du secteur, glossaire qui a \u00e9t\u00e9 compil\u00e9 sur plusieurs ann\u00e9es de travail sur ces types de projets, notamment la traduction de la documentation Bitcoin Core et des documents de support Ethereum.\r\n<h2 style=\"margin-bottom:20px\">Des solutions de traduction blockchain en lesquelles vous pouvez avoir confiance<\/h2>\r\n<em>Trusted Translations<\/em>\u00a0a traduit avec succ\u00e8s\u00a0:\r\n<ul>\r\n \t<li>Des documentations d\u2019ICO et de pr\u00e9-ICO et des livres blancs<\/li>\r\n \t<li>Des applications d\u00e9centralis\u00e9es bas\u00e9es sur la blockchain<\/li>\r\n \t<li>Des contrats intelligents (smart contracts) plurilingues<\/li>\r\n \t<li>Des contenus associ\u00e9s aux cryptomonnaies<\/li>\r\n \t<li>Des sites web de startups bas\u00e9es sur la blockchain<\/li>\r\n \t<li>Des documents marketing pour des conf\u00e9rences sur la blockchain<\/li>\r\n<\/ul>\r\nQuel que soit le type de document, de format de fichier ou de combinaison linguistique, nous avons les capacit\u00e9s internes pour prendre en charge votre projet. En outre, nous d\u00e9ployons nos meilleurs efforts pour incorporer la technologie la plus r\u00e9cente des traductions automatiques neuronales et personnalis\u00e9es pour rendre votre projet flexible et plus abordable. Nous proposons des devis gratuits et une gestion de projet pour tous les projets, m\u00eame les plus complexes. N\u2019h\u00e9sitez pas \u00e0 nous contacter d\u00e8s aujourd\u2019hui."},"state":{"type":"textfield","raw":""},"city":{"type":"textarea","raw":[]}}},"_links":{"self":[{"href":"https:\/\/www.trustedtranslations.com\/fr\/wp-json\/wp\/v2\/pages\/128884","targetHints":{"allow":["GET"]}}],"collection":[{"href":"https:\/\/www.trustedtranslations.com\/fr\/wp-json\/wp\/v2\/pages"}],"about":[{"href":"https:\/\/www.trustedtranslations.com\/fr\/wp-json\/wp\/v2\/types\/page"}],"author":[{"embeddable":true,"href":"https:\/\/www.trustedtranslations.com\/fr\/wp-json\/wp\/v2\/users\/1"}],"replies":[{"embeddable":true,"href":"https:\/\/www.trustedtranslations.com\/fr\/wp-json\/wp\/v2\/comments?post=128884"}],"version-history":[{"count":0,"href":"https:\/\/www.trustedtranslations.com\/fr\/wp-json\/wp\/v2\/pages\/128884\/revisions"}],"up":[{"embeddable":true,"href":"https:\/\/www.trustedtranslations.com\/fr\/wp-json\/wp\/v2\/pages\/128968"}],"wp:featuredmedia":[{"embeddable":true,"href":"https:\/\/www.trustedtranslations.com\/fr\/wp-json\/wp\/v2\/media\/139627"}],"wp:attachment":[{"href":"https:\/\/www.trustedtranslations.com\/fr\/wp-json\/wp\/v2\/media?parent=128884"}],"curies":[{"name":"wp","href":"https:\/\/api.w.org\/{rel}","templated":true}]}}