{"id":128888,"date":"2018-11-30T16:22:17","date_gmt":"2018-11-30T16:22:17","guid":{"rendered":"https:\/\/www.trustedtranslations.com\/?page_id=128888"},"modified":"2023-05-09T20:56:15","modified_gmt":"2023-05-09T23:56:15","slug":"nothing-found","status":"publish","type":"page","link":"https:\/\/www.trustedtranslations.com\/fr\/nothing-found","title":{"rendered":"404"},"content":{"rendered":"<h1 class=\"center\">Erreur 404 &#8211; Page introuvable<\/h1>\n<p>D\u00e9sol\u00e9, la page demand\u00e9e est introuvable sur notre site Web. Le lien est peut-\u00eatre bris\u00e9 ou vous avez peut-\u00eatre mal tap\u00e9 l&rsquo;adresse URL.<\/p>\n<h2>Visite:<\/h2>\n<div class=\"panel panel-default\">\n<table style=\"width: 100%;\">\n<tbody>\n<tr>\n<td style=\"text-align: left; padding: 8px;\">\n<li style=\"margin-left:20px;\"><a href=\"\/?page_id=1551\">Traduction en Espagnol<\/a><\/li>\n<\/td>\n<td style=\"text-align: left; padding: 8px;\">\n<li style=\"margin-left:20px;\"><a href=\"\/?page_id=1646\">Tarifs de Traduction<\/a><\/li>\n<\/td>\n<td style=\"text-align: left; padding: 8px;\">\n<li style=\"margin-left:20px;\"><a href=\"\/?page_id=1975&#038;source=404\">Devis de traduction gratuit<\/a><\/li>\n<\/td>\n<\/tr>\n<\/tbody>\n<\/table>\n<\/div>\n<div id=\"table\" style=\"display:none;\">\n<h2>Il voulait chercher:<\/h2>\n<div class=\"panel panel-default\">\n<table style=\"width: 100%;\">\n<tbody>\n<tr id=\"sugerencias\"><\/tr>\n<\/tbody>\n<\/table>\n<\/div>\n<\/div>\n<p>Si vous avez du mal \u00e0 trouver de l&rsquo;information sur le site Web de <em><em>Trusted Translations<\/em><\/em>, veuillez r\u00e9essayer en vous rendant sur notre page d&rsquo;accueil ou aidez-vous du plan du site. Vous pouvez aussi trouver ce que vous cherchez en utilisant la fen\u00eatre de recherche ci-dessous:<\/p>\n<p>Si vous rencontrez \u00e0 nouveau cette erreur, veuillez prendre contact avec le webmaster en envoyant un Courriel \u00e0 &#x77;&#x65;&#x62;&#x6d;&#x61;&#115;&#116;&#101;&#114;&#64;tr&#x75;&#x73;&#x74;&#x65;&#x64;&#x74;&#114;&#97;&#110;sla&#x74;&#x69;&#x6f;&#x6e;&#x73;&#x2e;&#99;&#111;&#109;<\/p>\n<h2>Contactez un de nos experts d\u00e8s aujourd&rsquo;hui afin d&rsquo;obtenir une estimation gratuite de votre traduction<\/h2>\n<p>\u00c9crivez-nous \u00e0 <a class=\"external-link\" title=\"Contact <em><em>Trusted Translations<\/em><\/em>, Inc: &#115;&#x61;&#108;&#x65;&#115;&#x40;&#116;&#x72;&#117;&#x73;&#116;&#x65;&#100;&#x74;&#114;&#x61;&#110;&#x73;&#108;&#x61;&#116;&#x69;&#111;&#x6e;&#115;&#x2e;c&#x6f;m\u00a0\u00bb href=\u00a0\u00bb&#x6d;&#x61;&#x69;&#x6c;&#x74;&#x6f;&#x3a;&#x73;&#x61;&#x6c;&#x65;&#115;&#64;&#116;&#114;&#117;&#115;&#116;edtran&#x73;&#x6c;&#x61;&#x74;&#x69;&#x6f;&#x6e;&#x73;&#x2e;&#x63;&#x6f;&#x6d;\u00a0\u00bb>&#115;&#x61;l&#101;&#x73;&#64;&#116;&#x72;u&#x73;&#x74;&#101;&#x64;t&#114;&#x61;n&#115;&#x6c;a&#x74;&#x69;&#111;&#x6e;&#x73;&#46;&#x63;o&#109;<\/a> et nous prendrons contact avec vous. Ou, si vous pr\u00e9f\u00e9rez, appelez-nous au num\u00e9ro vert 1-877-255-0717 ou \u00e0 l&rsquo;un des num\u00e9ros locaux ci-dessous :<\/p>\n<div class=\"row\">\n<div class=\"col-xs-12 col-md-12\">\n<p>Argentine: <a href=\"tel:+541159840032\">+54 (11) 5984-0032<\/a><\/p>\n<\/div>\n<div class=\"col-xs-12 col-md-12\">\n<p>Belgique: <a href=\"tel:+322808066554\">+32 (28) 0806-6554<\/a><\/p>\n<\/div>\n<\/div>\n<div class=\"row\">\n<div class=\"col-xs-12 col-md-12\">\n<p>Br\u00e9sil: <a href=\"tel:+551139580239\">+55 (11) 3958-0239<\/a><\/p>\n<\/div>\n<div class=\"col-xs-12 col-md-12\">\n<p>Canada: <a href=\"tel:+19055921941\">+1 (905) 592-1941<\/a><\/p>\n<\/div>\n<\/div>\n<div class=\"row\">\n<div class=\"col-xs-12 col-md-12\">\n<p>Fran\u00e7ais: <a href=\"tel:+33975180330\">+33 (9) 7518-0330<\/a><\/p>\n<\/div>\n<div class=\"col-xs-12 col-md-12\">\n<p>Allemagne: <a href=\"tel:+498938038245\">+49 (89) 3803-8245<\/a><\/p>\n<\/div>\n<\/div>\n<div class=\"row\">\n<div class=\"col-xs-12 col-md-12\">\n<p>Mexique: <a href=\"tel:+525553516965\">+52 (555) 351-6965<\/a><\/p>\n<\/div>\n<div class=\"col-xs-12 col-md-12\">\n<p>Espagne: <a href=\"tel:+34938021473\">+34 (93) 802-1473<\/a><\/p>\n<\/div>\n<\/div>\n<div class=\"row\">\n<div class=\"col-xs-12 col-md-12\">\n<p>Royaume-Uni: <a href=\"tel:+4402070960729\">+44 (020) 7096-0729<\/a><\/p>\n<\/div>\n<\/div>\n","protected":false},"excerpt":{"rendered":"Erreur 404 \u2013 Page introuvable D\u00e9sol\u00e9, la page demand\u00e9e est introuvable sur notre site Web. Le lien est peut-\u00eatre bris\u00e9 ou vous avez peut-\u00eatre mal tap\u00e9 l\u2019adresse URL. Visite: Traduction\u2026\n","protected":false},"author":1,"featured_media":160117,"parent":0,"menu_order":0,"comment_status":"closed","ping_status":"closed","template":"","meta":{"site-sidebar-layout":"default","site-content-layout":"","ast-site-content-layout":"default","site-content-style":"default","site-sidebar-style":"default","ast-global-header-display":"","ast-banner-title-visibility":"","ast-main-header-display":"","ast-hfb-above-header-display":"","ast-hfb-below-header-display":"","ast-hfb-mobile-header-display":"","site-post-title":"disabled","ast-breadcrumbs-content":"","ast-featured-img":"","footer-sml-layout":"","ast-disable-related-posts":"","theme-transparent-header-meta":"","adv-header-id-meta":null,"stick-header-meta":null,"header-above-stick-meta":null,"header-main-stick-meta":null,"header-below-stick-meta":null,"astra-migrate-meta-layouts":"default","ast-page-background-enabled":"default","ast-page-background-meta":{"desktop":{"background-color":"var(--ast-global-color-4)","background-image":"","background-repeat":"repeat","background-position":"center center","background-size":"auto","background-attachment":"scroll","background-type":"","background-media":"","overlay-type":"","overlay-color":"","overlay-opacity":"","overlay-gradient":""},"tablet":{"background-color":"","background-image":"","background-repeat":"repeat","background-position":"center center","background-size":"auto","background-attachment":"scroll","background-type":"","background-media":"","overlay-type":"","overlay-color":"","overlay-opacity":"","overlay-gradient":""},"mobile":{"background-color":"","background-image":"","background-repeat":"repeat","background-position":"center center","background-size":"auto","background-attachment":"scroll","background-type":"","background-media":"","overlay-type":"","overlay-color":"","overlay-opacity":"","overlay-gradient":""}},"ast-content-background-meta":{"desktop":{"background-color":"var(--ast-global-color-5)","background-image":"","background-repeat":"repeat","background-position":"center center","background-size":"auto","background-attachment":"scroll","background-type":"","background-media":"","overlay-type":"","overlay-color":"","overlay-opacity":"","overlay-gradient":""},"tablet":{"background-color":"var(--ast-global-color-5)","background-image":"","background-repeat":"repeat","background-position":"center center","background-size":"auto","background-attachment":"scroll","background-type":"","background-media":"","overlay-type":"","overlay-color":"","overlay-opacity":"","overlay-gradient":""},"mobile":{"background-color":"var(--ast-global-color-5)","background-image":"","background-repeat":"repeat","background-position":"center center","background-size":"auto","background-attachment":"scroll","background-type":"","background-media":"","overlay-type":"","overlay-color":"","overlay-opacity":"","overlay-gradient":""}},"footnotes":""},"class_list":["post-128888","page","type-page","status-publish","has-post-thumbnail","hentry"],"yoast_head":"<!-- This site is optimized with the Yoast SEO plugin v27.3 - https:\/\/yoast.com\/product\/yoast-seo-wordpress\/ -->\n<title>D\u00e9sol\u00e9, la page demand\u00e9e est introuvable sur notre site Web. Le lien est peut-\u00eatre bris\u00e9 ou vous avez peut-\u00eatre mal tap\u00e9 l&#039;adresse URL.<\/title>\n<meta name=\"description\" content=\"D\u00e9sol\u00e9, la page demand\u00e9e est introuvable sur notre site Web. Le lien est peut-\u00eatre bris\u00e9 ou vous avez peut-\u00eatre mal tap\u00e9 l&#039;adresse URL.\" \/>\n<meta name=\"robots\" content=\"noindex, nofollow\" \/>\n<meta property=\"og:locale\" content=\"fr_FR\" \/>\n<meta property=\"og:type\" content=\"article\" \/>\n<meta property=\"og:title\" content=\"D\u00e9sol\u00e9, la page demand\u00e9e est introuvable sur notre site Web. Le lien est peut-\u00eatre bris\u00e9 ou vous avez peut-\u00eatre mal tap\u00e9 l&#039;adresse URL.\" \/>\n<meta property=\"og:description\" content=\"D\u00e9sol\u00e9, la page demand\u00e9e est introuvable sur notre site Web. Le lien est peut-\u00eatre bris\u00e9 ou vous avez peut-\u00eatre mal tap\u00e9 l&#039;adresse URL.\" \/>\n<meta property=\"og:url\" content=\"https:\/\/www.trustedtranslations.com\/fr\/nothing-found\" \/>\n<meta property=\"og:site_name\" content=\"Trusted Translations, Inc.\" \/>\n<meta property=\"article:publisher\" content=\"https:\/\/www.facebook.com\/Trusted.Translations\" \/>\n<meta property=\"article:modified_time\" content=\"2023-05-09T23:56:15+00:00\" \/>\n<meta property=\"og:image\" content=\"https:\/\/static.trustedtranslations.com\/wp-content\/uploads\/2022\/08\/TT_NEW_FB-1.png\" \/>\n\t<meta property=\"og:image:width\" content=\"1\" \/>\n\t<meta property=\"og:image:height\" content=\"1\" \/>\n\t<meta property=\"og:image:type\" content=\"image\/jpeg\" \/>\n<meta name=\"twitter:card\" content=\"summary_large_image\" \/>\n<meta name=\"twitter:site\" content=\"@TrustedT9ns\" \/>\n<script type=\"application\/ld+json\" class=\"yoast-schema-graph\">{\"@context\":\"https:\\\/\\\/schema.org\",\"@graph\":[{\"@type\":\"WebPage\",\"@id\":\"https:\\\/\\\/www.trustedtranslations.com\\\/fr\\\/nothing-found\",\"url\":\"https:\\\/\\\/www.trustedtranslations.com\\\/fr\\\/nothing-found\",\"name\":\"D\u00e9sol\u00e9, la page demand\u00e9e est introuvable sur notre site Web. Le lien est peut-\u00eatre bris\u00e9 ou vous avez peut-\u00eatre mal tap\u00e9 l'adresse URL.\",\"isPartOf\":{\"@id\":\"https:\\\/\\\/www.trustedtranslations.com\\\/fr\\\/#website\"},\"primaryImageOfPage\":{\"@id\":\"https:\\\/\\\/www.trustedtranslations.com\\\/fr\\\/nothing-found#primaryimage\"},\"image\":{\"@id\":\"https:\\\/\\\/www.trustedtranslations.com\\\/fr\\\/nothing-found#primaryimage\"},\"thumbnailUrl\":\"https:\\\/\\\/www.trustedtranslations.com\\\/wp-content\\\/uploads\\\/2022\\\/08\\\/TT_NEW_FB-1.png\",\"description\":\"D\u00e9sol\u00e9, la page demand\u00e9e est introuvable sur notre site Web. Le lien est peut-\u00eatre bris\u00e9 ou vous avez peut-\u00eatre mal tap\u00e9 l'adresse URL.\",\"breadcrumb\":{\"@id\":\"https:\\\/\\\/www.trustedtranslations.com\\\/fr\\\/nothing-found#breadcrumb\"},\"inLanguage\":\"fr-FR\",\"potentialAction\":[{\"@type\":\"ReadAction\",\"target\":[\"https:\\\/\\\/www.trustedtranslations.com\\\/fr\\\/nothing-found\"]}]},{\"@type\":\"ImageObject\",\"inLanguage\":\"fr-FR\",\"@id\":\"https:\\\/\\\/www.trustedtranslations.com\\\/fr\\\/nothing-found#primaryimage\",\"url\":\"https:\\\/\\\/www.trustedtranslations.com\\\/wp-content\\\/uploads\\\/2022\\\/08\\\/TT_NEW_FB-1.png\",\"contentUrl\":\"https:\\\/\\\/www.trustedtranslations.com\\\/wp-content\\\/uploads\\\/2022\\\/08\\\/TT_NEW_FB-1.png\",\"caption\":\"TT NEW FB 1\"},{\"@type\":\"BreadcrumbList\",\"@id\":\"https:\\\/\\\/www.trustedtranslations.com\\\/fr\\\/nothing-found#breadcrumb\",\"itemListElement\":[{\"@type\":\"ListItem\",\"position\":1,\"name\":\"Accueil\",\"item\":\"https:\\\/\\\/www.trustedtranslations.com\\\/fr\"},{\"@type\":\"ListItem\",\"position\":2,\"name\":\"404\"}]},{\"@type\":\"WebSite\",\"@id\":\"https:\\\/\\\/www.trustedtranslations.com\\\/fr\\\/#website\",\"url\":\"https:\\\/\\\/www.trustedtranslations.com\\\/fr\\\/\",\"name\":\"Trusted Translations, Inc.\",\"description\":\"Leader in translation and interpretation services.\",\"publisher\":{\"@id\":\"https:\\\/\\\/www.trustedtranslations.com\\\/fr\\\/#organization\"},\"alternateName\":\"Trusted Translations\",\"potentialAction\":[{\"@type\":\"SearchAction\",\"target\":{\"@type\":\"EntryPoint\",\"urlTemplate\":\"https:\\\/\\\/www.trustedtranslations.com\\\/fr\\\/?s={search_term_string}\"},\"query-input\":{\"@type\":\"PropertyValueSpecification\",\"valueRequired\":true,\"valueName\":\"search_term_string\"}}],\"inLanguage\":\"fr-FR\"},{\"@type\":\"Organization\",\"@id\":\"https:\\\/\\\/www.trustedtranslations.com\\\/fr\\\/#organization\",\"name\":\"Trusted Translations\",\"alternateName\":\"Trusted Translations, Inc.\",\"url\":\"https:\\\/\\\/www.trustedtranslations.com\\\/fr\\\/\",\"logo\":{\"@type\":\"ImageObject\",\"inLanguage\":\"fr-FR\",\"@id\":\"https:\\\/\\\/www.trustedtranslations.com\\\/fr\\\/#\\\/schema\\\/logo\\\/image\\\/\",\"url\":\"https:\\\/\\\/static.trustedtranslations.com\\\/wp-content\\\/uploads\\\/2022\\\/01\\\/TT_logo_WSIColors-2.png\",\"contentUrl\":\"https:\\\/\\\/static.trustedtranslations.com\\\/wp-content\\\/uploads\\\/2022\\\/01\\\/TT_logo_WSIColors-2.png\",\"width\":500,\"height\":196,\"caption\":\"Trusted Translations\"},\"image\":{\"@id\":\"https:\\\/\\\/www.trustedtranslations.com\\\/fr\\\/#\\\/schema\\\/logo\\\/image\\\/\"},\"sameAs\":[\"https:\\\/\\\/www.facebook.com\\\/Trusted.Translations\",\"https:\\\/\\\/x.com\\\/TrustedT9ns\",\"https:\\\/\\\/www.linkedin.com\\\/company\\\/trusted-translations\"]}]}<\/script>\n<!-- \/ Yoast SEO plugin. -->","yoast_head_json":{"title":"D\u00e9sol\u00e9, la page demand\u00e9e est introuvable sur notre site Web. Le lien est peut-\u00eatre bris\u00e9 ou vous avez peut-\u00eatre mal tap\u00e9 l'adresse URL.","description":"D\u00e9sol\u00e9, la page demand\u00e9e est introuvable sur notre site Web. Le lien est peut-\u00eatre bris\u00e9 ou vous avez peut-\u00eatre mal tap\u00e9 l'adresse URL.","robots":{"index":"noindex","follow":"nofollow"},"og_locale":"fr_FR","og_type":"article","og_title":"D\u00e9sol\u00e9, la page demand\u00e9e est introuvable sur notre site Web. Le lien est peut-\u00eatre bris\u00e9 ou vous avez peut-\u00eatre mal tap\u00e9 l'adresse URL.","og_description":"D\u00e9sol\u00e9, la page demand\u00e9e est introuvable sur notre site Web. Le lien est peut-\u00eatre bris\u00e9 ou vous avez peut-\u00eatre mal tap\u00e9 l'adresse URL.","og_url":"https:\/\/www.trustedtranslations.com\/fr\/nothing-found","og_site_name":"Trusted Translations, Inc.","article_publisher":"https:\/\/www.facebook.com\/Trusted.Translations","article_modified_time":"2023-05-09T23:56:15+00:00","og_image":[{"url":"https:\/\/static.trustedtranslations.com\/wp-content\/uploads\/2022\/08\/TT_NEW_FB-1.png","width":1,"height":1,"type":"image\/jpeg"}],"twitter_card":"summary_large_image","twitter_site":"@TrustedT9ns","schema":{"@context":"https:\/\/schema.org","@graph":[{"@type":"WebPage","@id":"https:\/\/www.trustedtranslations.com\/fr\/nothing-found","url":"https:\/\/www.trustedtranslations.com\/fr\/nothing-found","name":"D\u00e9sol\u00e9, la page demand\u00e9e est introuvable sur notre site Web. Le lien est peut-\u00eatre bris\u00e9 ou vous avez peut-\u00eatre mal tap\u00e9 l'adresse URL.","isPartOf":{"@id":"https:\/\/www.trustedtranslations.com\/fr\/#website"},"primaryImageOfPage":{"@id":"https:\/\/www.trustedtranslations.com\/fr\/nothing-found#primaryimage"},"image":{"@id":"https:\/\/www.trustedtranslations.com\/fr\/nothing-found#primaryimage"},"thumbnailUrl":"https:\/\/www.trustedtranslations.com\/wp-content\/uploads\/2022\/08\/TT_NEW_FB-1.png","description":"D\u00e9sol\u00e9, la page demand\u00e9e est introuvable sur notre site Web. Le lien est peut-\u00eatre bris\u00e9 ou vous avez peut-\u00eatre mal tap\u00e9 l'adresse URL.","breadcrumb":{"@id":"https:\/\/www.trustedtranslations.com\/fr\/nothing-found#breadcrumb"},"inLanguage":"fr-FR","potentialAction":[{"@type":"ReadAction","target":["https:\/\/www.trustedtranslations.com\/fr\/nothing-found"]}]},{"@type":"ImageObject","inLanguage":"fr-FR","@id":"https:\/\/www.trustedtranslations.com\/fr\/nothing-found#primaryimage","url":"https:\/\/www.trustedtranslations.com\/wp-content\/uploads\/2022\/08\/TT_NEW_FB-1.png","contentUrl":"https:\/\/www.trustedtranslations.com\/wp-content\/uploads\/2022\/08\/TT_NEW_FB-1.png","caption":"TT NEW FB 1"},{"@type":"BreadcrumbList","@id":"https:\/\/www.trustedtranslations.com\/fr\/nothing-found#breadcrumb","itemListElement":[{"@type":"ListItem","position":1,"name":"Accueil","item":"https:\/\/www.trustedtranslations.com\/fr"},{"@type":"ListItem","position":2,"name":"404"}]},{"@type":"WebSite","@id":"https:\/\/www.trustedtranslations.com\/fr\/#website","url":"https:\/\/www.trustedtranslations.com\/fr\/","name":"Trusted Translations, Inc.","description":"Leader in translation and interpretation services.","publisher":{"@id":"https:\/\/www.trustedtranslations.com\/fr\/#organization"},"alternateName":"Trusted Translations","potentialAction":[{"@type":"SearchAction","target":{"@type":"EntryPoint","urlTemplate":"https:\/\/www.trustedtranslations.com\/fr\/?s={search_term_string}"},"query-input":{"@type":"PropertyValueSpecification","valueRequired":true,"valueName":"search_term_string"}}],"inLanguage":"fr-FR"},{"@type":"Organization","@id":"https:\/\/www.trustedtranslations.com\/fr\/#organization","name":"Trusted Translations","alternateName":"Trusted Translations, Inc.","url":"https:\/\/www.trustedtranslations.com\/fr\/","logo":{"@type":"ImageObject","inLanguage":"fr-FR","@id":"https:\/\/www.trustedtranslations.com\/fr\/#\/schema\/logo\/image\/","url":"https:\/\/static.trustedtranslations.com\/wp-content\/uploads\/2022\/01\/TT_logo_WSIColors-2.png","contentUrl":"https:\/\/static.trustedtranslations.com\/wp-content\/uploads\/2022\/01\/TT_logo_WSIColors-2.png","width":500,"height":196,"caption":"Trusted Translations"},"image":{"@id":"https:\/\/www.trustedtranslations.com\/fr\/#\/schema\/logo\/image\/"},"sameAs":["https:\/\/www.facebook.com\/Trusted.Translations","https:\/\/x.com\/TrustedT9ns","https:\/\/www.linkedin.com\/company\/trusted-translations"]}]}},"toolset-meta":{"dyk":{"mensaje-1":{"type":"textfield","raw":""},"mensaje-2":{"type":"textfield","raw":""},"mensaje-3":{"type":"textfield","raw":""},"mensaje-4":{"type":"textfield","raw":""},"mensaje-5":{"type":"textfield","raw":""},"mensaje-6":{"type":"textfield","raw":""}},"single-page-template-fields":{"imgs-temp":{"type":"image","raw":[],"repeatable":[]},"imgs-temp-cel":{"type":"image","raw":[],"repeatable":[]},"img-temp-one-cel":{"type":"image","raw":"","attachment_id":null},"quotes":{"type":"textarea","raw":""},"text-1":{"type":"textarea","raw":""},"shortcode-map":{"type":"textfield","raw":""},"dyk-shortcode":{"type":"textfield","raw":""},"text-2":{"type":"textarea","raw":""},"state":{"type":"textfield","raw":""},"city":{"type":"textarea","raw":[]}}},"_links":{"self":[{"href":"https:\/\/www.trustedtranslations.com\/fr\/wp-json\/wp\/v2\/pages\/128888","targetHints":{"allow":["GET"]}}],"collection":[{"href":"https:\/\/www.trustedtranslations.com\/fr\/wp-json\/wp\/v2\/pages"}],"about":[{"href":"https:\/\/www.trustedtranslations.com\/fr\/wp-json\/wp\/v2\/types\/page"}],"author":[{"embeddable":true,"href":"https:\/\/www.trustedtranslations.com\/fr\/wp-json\/wp\/v2\/users\/1"}],"replies":[{"embeddable":true,"href":"https:\/\/www.trustedtranslations.com\/fr\/wp-json\/wp\/v2\/comments?post=128888"}],"version-history":[{"count":0,"href":"https:\/\/www.trustedtranslations.com\/fr\/wp-json\/wp\/v2\/pages\/128888\/revisions"}],"wp:featuredmedia":[{"embeddable":true,"href":"https:\/\/www.trustedtranslations.com\/fr\/wp-json\/wp\/v2\/media\/160117"}],"wp:attachment":[{"href":"https:\/\/www.trustedtranslations.com\/fr\/wp-json\/wp\/v2\/media?parent=128888"}],"curies":[{"name":"wp","href":"https:\/\/api.w.org\/{rel}","templated":true}]}}