{"id":128920,"date":"2018-07-30T18:50:39","date_gmt":"2018-07-30T18:50:39","guid":{"rendered":"https:\/\/www.trustedtranslations.com\/?page_id=128920"},"modified":"2025-07-14T16:47:15","modified_gmt":"2025-07-14T19:47:15","slug":"traducteurs-de-confiance","status":"publish","type":"page","link":"https:\/\/www.trustedtranslations.com\/fr\/entreprise\/traducteurs-de-confiance","title":{"rendered":"Des traducteurs de confiance"},"content":{"rendered":"","protected":false},"excerpt":{"rendered":"","protected":false},"author":1,"featured_media":139627,"parent":128940,"menu_order":0,"comment_status":"closed","ping_status":"closed","template":"","meta":{"site-sidebar-layout":"no-sidebar","site-content-layout":"page-builder","ast-site-content-layout":"full-width-container","site-content-style":"unboxed","site-sidebar-style":"unboxed","ast-global-header-display":"","ast-banner-title-visibility":"","ast-main-header-display":"","ast-hfb-above-header-display":"","ast-hfb-below-header-display":"","ast-hfb-mobile-header-display":"","site-post-title":"disabled","ast-breadcrumbs-content":"","ast-featured-img":"disabled","footer-sml-layout":"","ast-disable-related-posts":"","theme-transparent-header-meta":"default","adv-header-id-meta":"","stick-header-meta":"","header-above-stick-meta":"","header-main-stick-meta":"","header-below-stick-meta":"","astra-migrate-meta-layouts":"set","ast-page-background-enabled":"default","ast-page-background-meta":{"desktop":{"background-color":"var(--ast-global-color-4)","background-image":"","background-repeat":"repeat","background-position":"center center","background-size":"auto","background-attachment":"scroll","background-type":"","background-media":"","overlay-type":"","overlay-color":"","overlay-opacity":"","overlay-gradient":""},"tablet":{"background-color":"","background-image":"","background-repeat":"repeat","background-position":"center center","background-size":"auto","background-attachment":"scroll","background-type":"","background-media":"","overlay-type":"","overlay-color":"","overlay-opacity":"","overlay-gradient":""},"mobile":{"background-color":"","background-image":"","background-repeat":"repeat","background-position":"center center","background-size":"auto","background-attachment":"scroll","background-type":"","background-media":"","overlay-type":"","overlay-color":"","overlay-opacity":"","overlay-gradient":""}},"ast-content-background-meta":{"desktop":{"background-color":"var(--ast-global-color-5)","background-image":"","background-repeat":"repeat","background-position":"center center","background-size":"auto","background-attachment":"scroll","background-type":"","background-media":"","overlay-type":"","overlay-color":"","overlay-opacity":"","overlay-gradient":""},"tablet":{"background-color":"var(--ast-global-color-5)","background-image":"","background-repeat":"repeat","background-position":"center center","background-size":"auto","background-attachment":"scroll","background-type":"","background-media":"","overlay-type":"","overlay-color":"","overlay-opacity":"","overlay-gradient":""},"mobile":{"background-color":"var(--ast-global-color-5)","background-image":"","background-repeat":"repeat","background-position":"center center","background-size":"auto","background-attachment":"scroll","background-type":"","background-media":"","overlay-type":"","overlay-color":"","overlay-opacity":"","overlay-gradient":""}},"footnotes":""},"class_list":["post-128920","page","type-page","status-publish","has-post-thumbnail","hentry"],"yoast_head":"<!-- This site is optimized with the Yoast SEO plugin v27.5 - https:\/\/yoast.com\/product\/yoast-seo-wordpress\/ -->\n<title>Traducteurs de confiance - Trusted Translations, inc.<\/title>\n<meta name=\"description\" content=\"Trusted Translations a mis en place des processus rigoureux d\u2019assurance qualit\u00e9 pour une s\u00e9lection minutieuse et un suivi continu de tous ses traducteurs.\" \/>\n<meta name=\"robots\" content=\"index, follow, max-snippet:-1, max-image-preview:large, max-video-preview:-1\" \/>\n<link rel=\"canonical\" href=\"https:\/\/www.trustedtranslations.com\/fr\/entreprise\/traducteurs-de-confiance\" \/>\n<meta property=\"og:locale\" content=\"fr_FR\" \/>\n<meta property=\"og:type\" content=\"article\" \/>\n<meta property=\"og:title\" content=\"Traducteurs de confiance - Trusted Translations, inc.\" \/>\n<meta property=\"og:description\" content=\"Trusted Translations a mis en place des processus rigoureux d\u2019assurance qualit\u00e9 pour une s\u00e9lection minutieuse et un suivi continu de tous ses traducteurs.\" \/>\n<meta property=\"og:url\" content=\"https:\/\/www.trustedtranslations.com\/fr\/entreprise\/traducteurs-de-confiance\" \/>\n<meta property=\"og:site_name\" content=\"Trusted Translations, Inc.\" \/>\n<meta property=\"article:publisher\" content=\"https:\/\/www.facebook.com\/Trusted.Translations\" \/>\n<meta property=\"article:modified_time\" content=\"2025-07-14T19:47:15+00:00\" \/>\n<meta property=\"og:image\" content=\"https:\/\/static.trustedtranslations.com\/wp-content\/uploads\/2022\/03\/TT_NEW_FB-1.png\" \/>\n\t<meta property=\"og:image:width\" content=\"1038\" \/>\n\t<meta property=\"og:image:height\" content=\"1038\" \/>\n\t<meta property=\"og:image:type\" content=\"image\/png\" \/>\n<meta name=\"twitter:card\" content=\"summary_large_image\" \/>\n<meta name=\"twitter:site\" content=\"@TrustedT9ns\" \/>\n<script type=\"application\/ld+json\" class=\"yoast-schema-graph\">{\"@context\":\"https:\\\/\\\/schema.org\",\"@graph\":[{\"@type\":\"WebPage\",\"@id\":\"https:\\\/\\\/www.trustedtranslations.com\\\/fr\\\/entreprise\\\/traducteurs-de-confiance\",\"url\":\"https:\\\/\\\/www.trustedtranslations.com\\\/fr\\\/entreprise\\\/traducteurs-de-confiance\",\"name\":\"Traducteurs de confiance - Trusted Translations, inc.\",\"isPartOf\":{\"@id\":\"https:\\\/\\\/www.trustedtranslations.com\\\/fr\\\/#website\"},\"primaryImageOfPage\":{\"@id\":\"https:\\\/\\\/www.trustedtranslations.com\\\/fr\\\/entreprise\\\/traducteurs-de-confiance#primaryimage\"},\"image\":{\"@id\":\"https:\\\/\\\/www.trustedtranslations.com\\\/fr\\\/entreprise\\\/traducteurs-de-confiance#primaryimage\"},\"thumbnailUrl\":\"https:\\\/\\\/www.trustedtranslations.com\\\/wp-content\\\/uploads\\\/2022\\\/03\\\/TT_NEW_FB-1.png\",\"description\":\"Trusted Translations a mis en place des processus rigoureux d\u2019assurance qualit\u00e9 pour une s\u00e9lection minutieuse et un suivi continu de tous ses traducteurs.\",\"breadcrumb\":{\"@id\":\"https:\\\/\\\/www.trustedtranslations.com\\\/fr\\\/entreprise\\\/traducteurs-de-confiance#breadcrumb\"},\"inLanguage\":\"fr-FR\",\"potentialAction\":[{\"@type\":\"ReadAction\",\"target\":[\"https:\\\/\\\/www.trustedtranslations.com\\\/fr\\\/entreprise\\\/traducteurs-de-confiance\"]}]},{\"@type\":\"ImageObject\",\"inLanguage\":\"fr-FR\",\"@id\":\"https:\\\/\\\/www.trustedtranslations.com\\\/fr\\\/entreprise\\\/traducteurs-de-confiance#primaryimage\",\"url\":\"https:\\\/\\\/www.trustedtranslations.com\\\/wp-content\\\/uploads\\\/2022\\\/03\\\/TT_NEW_FB-1.png\",\"contentUrl\":\"https:\\\/\\\/www.trustedtranslations.com\\\/wp-content\\\/uploads\\\/2022\\\/03\\\/TT_NEW_FB-1.png\",\"width\":1038,\"height\":1038,\"caption\":\"TT NEW FB 1\"},{\"@type\":\"BreadcrumbList\",\"@id\":\"https:\\\/\\\/www.trustedtranslations.com\\\/fr\\\/entreprise\\\/traducteurs-de-confiance#breadcrumb\",\"itemListElement\":[{\"@type\":\"ListItem\",\"position\":1,\"name\":\"Accueil\",\"item\":\"https:\\\/\\\/www.trustedtranslations.com\\\/fr\"},{\"@type\":\"ListItem\",\"position\":2,\"name\":\"Qui sommes-nous\u00a0?\",\"item\":\"https:\\\/\\\/www.trustedtranslations.com\\\/fr\\\/entreprise\"},{\"@type\":\"ListItem\",\"position\":3,\"name\":\"Des traducteurs de confiance\"}]},{\"@type\":\"WebSite\",\"@id\":\"https:\\\/\\\/www.trustedtranslations.com\\\/fr\\\/#website\",\"url\":\"https:\\\/\\\/www.trustedtranslations.com\\\/fr\\\/\",\"name\":\"Trusted Translations, Inc.\",\"description\":\"Leader in translation and interpretation services.\",\"publisher\":{\"@id\":\"https:\\\/\\\/www.trustedtranslations.com\\\/fr\\\/#organization\"},\"alternateName\":\"Trusted Translations\",\"potentialAction\":[{\"@type\":\"SearchAction\",\"target\":{\"@type\":\"EntryPoint\",\"urlTemplate\":\"https:\\\/\\\/www.trustedtranslations.com\\\/fr\\\/?s={search_term_string}\"},\"query-input\":{\"@type\":\"PropertyValueSpecification\",\"valueRequired\":true,\"valueName\":\"search_term_string\"}}],\"inLanguage\":\"fr-FR\"},{\"@type\":\"Organization\",\"@id\":\"https:\\\/\\\/www.trustedtranslations.com\\\/fr\\\/#organization\",\"name\":\"Trusted Translations\",\"alternateName\":\"Trusted Translations, Inc.\",\"url\":\"https:\\\/\\\/www.trustedtranslations.com\\\/fr\\\/\",\"logo\":{\"@type\":\"ImageObject\",\"inLanguage\":\"fr-FR\",\"@id\":\"https:\\\/\\\/www.trustedtranslations.com\\\/fr\\\/#\\\/schema\\\/logo\\\/image\\\/\",\"url\":\"https:\\\/\\\/static.trustedtranslations.com\\\/wp-content\\\/uploads\\\/2022\\\/01\\\/TT_logo_WSIColors-2.png\",\"contentUrl\":\"https:\\\/\\\/static.trustedtranslations.com\\\/wp-content\\\/uploads\\\/2022\\\/01\\\/TT_logo_WSIColors-2.png\",\"width\":500,\"height\":196,\"caption\":\"Trusted Translations\"},\"image\":{\"@id\":\"https:\\\/\\\/www.trustedtranslations.com\\\/fr\\\/#\\\/schema\\\/logo\\\/image\\\/\"},\"sameAs\":[\"https:\\\/\\\/www.facebook.com\\\/Trusted.Translations\",\"https:\\\/\\\/x.com\\\/TrustedT9ns\",\"https:\\\/\\\/www.linkedin.com\\\/company\\\/trusted-translations\"]}]}<\/script>\n<!-- \/ Yoast SEO plugin. -->","yoast_head_json":{"title":"Traducteurs de confiance - Trusted Translations, inc.","description":"Trusted Translations a mis en place des processus rigoureux d\u2019assurance qualit\u00e9 pour une s\u00e9lection minutieuse et un suivi continu de tous ses traducteurs.","robots":{"index":"index","follow":"follow","max-snippet":"max-snippet:-1","max-image-preview":"max-image-preview:large","max-video-preview":"max-video-preview:-1"},"canonical":"https:\/\/www.trustedtranslations.com\/fr\/entreprise\/traducteurs-de-confiance","og_locale":"fr_FR","og_type":"article","og_title":"Traducteurs de confiance - Trusted Translations, inc.","og_description":"Trusted Translations a mis en place des processus rigoureux d\u2019assurance qualit\u00e9 pour une s\u00e9lection minutieuse et un suivi continu de tous ses traducteurs.","og_url":"https:\/\/www.trustedtranslations.com\/fr\/entreprise\/traducteurs-de-confiance","og_site_name":"Trusted Translations, Inc.","article_publisher":"https:\/\/www.facebook.com\/Trusted.Translations","article_modified_time":"2025-07-14T19:47:15+00:00","og_image":[{"width":1038,"height":1038,"url":"https:\/\/static.trustedtranslations.com\/wp-content\/uploads\/2022\/03\/TT_NEW_FB-1.png","type":"image\/png"}],"twitter_card":"summary_large_image","twitter_site":"@TrustedT9ns","schema":{"@context":"https:\/\/schema.org","@graph":[{"@type":"WebPage","@id":"https:\/\/www.trustedtranslations.com\/fr\/entreprise\/traducteurs-de-confiance","url":"https:\/\/www.trustedtranslations.com\/fr\/entreprise\/traducteurs-de-confiance","name":"Traducteurs de confiance - Trusted Translations, inc.","isPartOf":{"@id":"https:\/\/www.trustedtranslations.com\/fr\/#website"},"primaryImageOfPage":{"@id":"https:\/\/www.trustedtranslations.com\/fr\/entreprise\/traducteurs-de-confiance#primaryimage"},"image":{"@id":"https:\/\/www.trustedtranslations.com\/fr\/entreprise\/traducteurs-de-confiance#primaryimage"},"thumbnailUrl":"https:\/\/www.trustedtranslations.com\/wp-content\/uploads\/2022\/03\/TT_NEW_FB-1.png","description":"Trusted Translations a mis en place des processus rigoureux d\u2019assurance qualit\u00e9 pour une s\u00e9lection minutieuse et un suivi continu de tous ses traducteurs.","breadcrumb":{"@id":"https:\/\/www.trustedtranslations.com\/fr\/entreprise\/traducteurs-de-confiance#breadcrumb"},"inLanguage":"fr-FR","potentialAction":[{"@type":"ReadAction","target":["https:\/\/www.trustedtranslations.com\/fr\/entreprise\/traducteurs-de-confiance"]}]},{"@type":"ImageObject","inLanguage":"fr-FR","@id":"https:\/\/www.trustedtranslations.com\/fr\/entreprise\/traducteurs-de-confiance#primaryimage","url":"https:\/\/www.trustedtranslations.com\/wp-content\/uploads\/2022\/03\/TT_NEW_FB-1.png","contentUrl":"https:\/\/www.trustedtranslations.com\/wp-content\/uploads\/2022\/03\/TT_NEW_FB-1.png","width":1038,"height":1038,"caption":"TT NEW FB 1"},{"@type":"BreadcrumbList","@id":"https:\/\/www.trustedtranslations.com\/fr\/entreprise\/traducteurs-de-confiance#breadcrumb","itemListElement":[{"@type":"ListItem","position":1,"name":"Accueil","item":"https:\/\/www.trustedtranslations.com\/fr"},{"@type":"ListItem","position":2,"name":"Qui sommes-nous\u00a0?","item":"https:\/\/www.trustedtranslations.com\/fr\/entreprise"},{"@type":"ListItem","position":3,"name":"Des traducteurs de confiance"}]},{"@type":"WebSite","@id":"https:\/\/www.trustedtranslations.com\/fr\/#website","url":"https:\/\/www.trustedtranslations.com\/fr\/","name":"Trusted Translations, Inc.","description":"Leader in translation and interpretation services.","publisher":{"@id":"https:\/\/www.trustedtranslations.com\/fr\/#organization"},"alternateName":"Trusted Translations","potentialAction":[{"@type":"SearchAction","target":{"@type":"EntryPoint","urlTemplate":"https:\/\/www.trustedtranslations.com\/fr\/?s={search_term_string}"},"query-input":{"@type":"PropertyValueSpecification","valueRequired":true,"valueName":"search_term_string"}}],"inLanguage":"fr-FR"},{"@type":"Organization","@id":"https:\/\/www.trustedtranslations.com\/fr\/#organization","name":"Trusted Translations","alternateName":"Trusted Translations, Inc.","url":"https:\/\/www.trustedtranslations.com\/fr\/","logo":{"@type":"ImageObject","inLanguage":"fr-FR","@id":"https:\/\/www.trustedtranslations.com\/fr\/#\/schema\/logo\/image\/","url":"https:\/\/static.trustedtranslations.com\/wp-content\/uploads\/2022\/01\/TT_logo_WSIColors-2.png","contentUrl":"https:\/\/static.trustedtranslations.com\/wp-content\/uploads\/2022\/01\/TT_logo_WSIColors-2.png","width":500,"height":196,"caption":"Trusted Translations"},"image":{"@id":"https:\/\/www.trustedtranslations.com\/fr\/#\/schema\/logo\/image\/"},"sameAs":["https:\/\/www.facebook.com\/Trusted.Translations","https:\/\/x.com\/TrustedT9ns","https:\/\/www.linkedin.com\/company\/trusted-translations"]}]}},"toolset-meta":{"dyk":{"mensaje-1":{"type":"textfield","raw":"Nous garantissons la qualit\u00e9 de nos traducteurs gr\u00e2ce \u00e0 des \u00e9valuations MQM standardis\u00e9es et continues."},"mensaje-2":{"type":"textfield","raw":"100\u00a0% de nos traductions sont r\u00e9alis\u00e9es par des humains, y compris la r\u00e9vision des traductions automatiques."},"mensaje-3":{"type":"textfield","raw":""},"mensaje-4":{"type":"textfield","raw":""},"mensaje-5":{"type":"textfield","raw":""},"mensaje-6":{"type":"textfield","raw":""}},"single-page-template-fields":{"imgs-temp":{"type":"image","raw":["https:\/\/static.trustedtranslations.com\/wp-content\/uploads\/2022\/08\/translators.jpg"],"repeatable":[{"raw":"https:\/\/static.trustedtranslations.com\/wp-content\/uploads\/2022\/08\/translators.jpg"}]},"imgs-temp-cel":{"type":"image","raw":[""],"repeatable":[{"raw":""}]},"img-temp-one-cel":{"type":"image","raw":"https:\/\/static.trustedtranslations.com\/wp-content\/uploads\/2022\/08\/translator-1.jpg","attachment_id":null},"quotes":{"type":"textarea","raw":"<h1 style=\"margin-bottom: 12px;\">Des traducteurs de confiance<\/h1>\r\nChez <em>Trusted Translations<\/em>, nous menons un processus de s\u00e9lection et de recrutement des linguistes complet et rigoureux, compl\u00e9t\u00e9 par un suivi des performances avec un retour d'information permanent et une phase de d\u00e9veloppement et de formation continue pour chaque traducteur.\r\n<div style=\"margin-top: 2.5vw;\"><a class=\"tt-btn-main-cta\" href=\"https:\/\/www.trustedtranslations.com\/fr\/devis-traduction\">Demandez un devis gratuit<\/a><\/div>"},"text-1":{"type":"textarea","raw":"Au cours de la phase de s\u00e9lection des ressources avant l'embauche, chaque traducteur sp\u00e9cialis\u00e9 potentiel passe un test de traduction exigeant dans sa combinaison de langues et dans un ou plusieurs des domaines suivants : comptabilit\u00e9, agriculture, commerce (g\u00e9n\u00e9ral), \u00e9conomie, \u00e9ducation, \u00e9nergie, environnement, finance, soins de sant\u00e9, ressources humaines, informatique, droit, fabrication industrielle, marketing, m\u00e9decine, industrie pharmaceutique, sciences politiques ou sports.\r\n\r\nChaque test est not\u00e9 par un linguiste expert selon le principe de la r\u00e9ussite ou de l'\u00e9chec. Celle et ceux qui r\u00e9ussissent le test et sont embauch\u00e9s sont class\u00e9s dans notre syst\u00e8me interne de gestion des ressources en fonction de leur combinaison de langues et de leur domaine de sp\u00e9cialisation. Cela permet une identification facile pour un projet particulier. Cela nous permet \u00e9galement de surveiller leurs performances sur chaque mission et dans chaque domaine.\r\n\r\nParmi notre vaste r\u00e9seau de ressources disponibles, nous s\u00e9lectionnons celles qui ont obtenu les meilleurs scores et qui ont fait leurs preuves sur des sujets donn\u00e9s pour r\u00e9aliser la traduction de votre projet.\r\n\r\nPour garantir que la production collective de notre \u00e9quipe ne s'\u00e9carte jamais des normes de niveau ISO que nous promettons \u00e0 nos clients, dix pour cent de nos livrables sont s\u00e9lectionn\u00e9s au hasard pour une analyse et une \u00e9valuation approfondies en utilisant une m\u00e9thodologie <a href=\"https:\/\/www.trustedtranslations.com\/fr\/services\/humaine\/qualite\">d'\u00e9valuation de l'assurance qualit\u00e9<\/a> approuv\u00e9e \u00e0 l'\u00e9chelle mondiale d\u00e9crite ci-dessous.\r\n<h2>La s\u00e9lection de nos linguistes<\/h2>\r\nLes ressources <em>de Trusted Translations<\/em> sont soigneusement s\u00e9lectionn\u00e9es et font l'objet d'un suivi rigoureux sur tous les projets. Cela se fait d\u00e8s le d\u00e9but et se poursuit pendant toute la dur\u00e9e de leur mission en tant que membres actifs de notre \u00e9quipe de traduction. Cette s\u00e9lection porte non seulement sur la connaissance d'une langue et d'une industrie particuli\u00e8res, mais \u00e9galement sur la ma\u00eetrise de tous les outils technologiques essentiels \u00e0 la plupart des projets.\r\n\r\nTous les traducteurs doivent r\u00e9ussir des tests sp\u00e9cifiques au domaine d'expertise du candidat. Les tests sont ensuite corrig\u00e9s par nos linguistes en chef ou responsables linguistiques dans la combinaison de langues en question."},"shortcode-map":{"type":"textfield","raw":""},"dyk-shortcode":{"type":"textfield","raw":"[elementor-template id=\"146546\"]"},"text-2":{"type":"textarea","raw":"<h2>\u00c9valuation continue des linguistes<\/h2>\r\nSi les candidats r\u00e9ussissent le test, ils font partie de notre \u00e9quipe de linguistes s\u00e9lectionn\u00e9s. Cependant, le suivi ne s'arr\u00eate pas l\u00e0. Notre processus de traduction en trois \u00e9tapes vise \u00e0 garantir la qualit\u00e9 tout au long du projet. Les \u00e9diteurs examinent le travail des traducteurs, les relecteurs v\u00e9rifient le travail des \u00e9diteurs et les responsables de projet revoient l'ensemble du projet. La r\u00e9vision consiste \u00e0 noter la performance de chaque linguiste de l'\u00e9tape pr\u00e9c\u00e9dente de 1 \u00e0 5, la note la plus \u00e9lev\u00e9e indiquant un excellent travail.\r\n\r\nLa notation doit \u00eatre impartiale, car l'identit\u00e9 de la personne \u00e9valu\u00e9e n'est jamais divulgu\u00e9e. La moyenne des scores est calcul\u00e9e avec ceux des projets pr\u00e9c\u00e9dents, et cette moyenne sert d'outil \u00e0 nos chefs de projet pour l'assignation du travail. En outre, chaque traducteur re\u00e7oit un fichier avec une note compl\u00e8te de toutes les modifications apport\u00e9es \u00e0 son propre travail pour lui permettre d'am\u00e9liorer ses performances en examinant les commentaires objectifs.\r\n\r\nOutre le syst\u00e8me de notation, nous appliquons des contr\u00f4les d'assurance qualit\u00e9 al\u00e9atoires sur dix pour cent de nos projets. Les contr\u00f4les d'assurance qualit\u00e9 sont effectu\u00e9s via un test standard de l'industrie appel\u00e9 MQM (Multidimensional Quality Metrics). Cette m\u00e9thode permet l'examen objectif d'un projet et donne un r\u00e9sultat \u00e0 la fois qualitatif et quantitatif. Ce test d'assurance qualit\u00e9 sert \u00e9galement de moyen pour r\u00e9pondre aux commentaires n\u00e9gatifs des clients.\r\n\r\nGr\u00e2ce \u00e0 l'attention et aux normes rigoureuses appliqu\u00e9es, de la s\u00e9lection des ressources au recrutement et de l'affectation des projets \u00e0 l'\u00e9valuation de l'assurance qualit\u00e9, vous savez que vous pouvez faire confiance \u00e0 nos <em>traducteurs de confiance<\/em>."},"state":{"type":"textfield","raw":""},"city":{"type":"textarea","raw":[""]}}},"_links":{"self":[{"href":"https:\/\/www.trustedtranslations.com\/fr\/wp-json\/wp\/v2\/pages\/128920","targetHints":{"allow":["GET"]}}],"collection":[{"href":"https:\/\/www.trustedtranslations.com\/fr\/wp-json\/wp\/v2\/pages"}],"about":[{"href":"https:\/\/www.trustedtranslations.com\/fr\/wp-json\/wp\/v2\/types\/page"}],"author":[{"embeddable":true,"href":"https:\/\/www.trustedtranslations.com\/fr\/wp-json\/wp\/v2\/users\/1"}],"replies":[{"embeddable":true,"href":"https:\/\/www.trustedtranslations.com\/fr\/wp-json\/wp\/v2\/comments?post=128920"}],"version-history":[{"count":0,"href":"https:\/\/www.trustedtranslations.com\/fr\/wp-json\/wp\/v2\/pages\/128920\/revisions"}],"up":[{"embeddable":true,"href":"https:\/\/www.trustedtranslations.com\/fr\/wp-json\/wp\/v2\/pages\/128940"}],"wp:featuredmedia":[{"embeddable":true,"href":"https:\/\/www.trustedtranslations.com\/fr\/wp-json\/wp\/v2\/media\/139627"}],"wp:attachment":[{"href":"https:\/\/www.trustedtranslations.com\/fr\/wp-json\/wp\/v2\/media?parent=128920"}],"curies":[{"name":"wp","href":"https:\/\/api.w.org\/{rel}","templated":true}]}}