{"id":128928,"date":"2018-07-30T18:50:27","date_gmt":"2018-07-30T18:50:27","guid":{"rendered":"https:\/\/www.trustedtranslations.com\/?page_id=128928"},"modified":"2024-09-06T12:04:12","modified_gmt":"2024-09-06T15:04:12","slug":"experience","status":"publish","type":"page","link":"https:\/\/www.trustedtranslations.com\/fr\/entreprise\/experience","title":{"rendered":"Exp\u00e9rience"},"content":{"rendered":"","protected":false},"excerpt":{"rendered":"","protected":false},"author":1,"featured_media":139627,"parent":128940,"menu_order":0,"comment_status":"closed","ping_status":"closed","template":"","meta":{"site-sidebar-layout":"default","site-content-layout":"default","ast-site-content-layout":"default","site-content-style":"default","site-sidebar-style":"default","ast-global-header-display":"","ast-banner-title-visibility":"","ast-main-header-display":"","ast-hfb-above-header-display":"","ast-hfb-below-header-display":"","ast-hfb-mobile-header-display":"","site-post-title":"disabled","ast-breadcrumbs-content":"","ast-featured-img":"","footer-sml-layout":"","ast-disable-related-posts":"","theme-transparent-header-meta":"default","adv-header-id-meta":"","stick-header-meta":"","header-above-stick-meta":"","header-main-stick-meta":"","header-below-stick-meta":"","astra-migrate-meta-layouts":"set","ast-page-background-enabled":"default","ast-page-background-meta":{"desktop":{"background-color":"var(--ast-global-color-4)","background-image":"","background-repeat":"repeat","background-position":"center center","background-size":"auto","background-attachment":"scroll","background-type":"","background-media":"","overlay-type":"","overlay-color":"","overlay-opacity":"","overlay-gradient":""},"tablet":{"background-color":"","background-image":"","background-repeat":"repeat","background-position":"center center","background-size":"auto","background-attachment":"scroll","background-type":"","background-media":"","overlay-type":"","overlay-color":"","overlay-opacity":"","overlay-gradient":""},"mobile":{"background-color":"","background-image":"","background-repeat":"repeat","background-position":"center center","background-size":"auto","background-attachment":"scroll","background-type":"","background-media":"","overlay-type":"","overlay-color":"","overlay-opacity":"","overlay-gradient":""}},"ast-content-background-meta":{"desktop":{"background-color":"var(--ast-global-color-5)","background-image":"","background-repeat":"repeat","background-position":"center center","background-size":"auto","background-attachment":"scroll","background-type":"","background-media":"","overlay-type":"","overlay-color":"","overlay-opacity":"","overlay-gradient":""},"tablet":{"background-color":"var(--ast-global-color-5)","background-image":"","background-repeat":"repeat","background-position":"center center","background-size":"auto","background-attachment":"scroll","background-type":"","background-media":"","overlay-type":"","overlay-color":"","overlay-opacity":"","overlay-gradient":""},"mobile":{"background-color":"var(--ast-global-color-5)","background-image":"","background-repeat":"repeat","background-position":"center center","background-size":"auto","background-attachment":"scroll","background-type":"","background-media":"","overlay-type":"","overlay-color":"","overlay-opacity":"","overlay-gradient":""}},"footnotes":""},"class_list":["post-128928","page","type-page","status-publish","has-post-thumbnail","hentry"],"yoast_head":"<!-- This site is optimized with the Yoast SEO plugin v27.3 - https:\/\/yoast.com\/product\/yoast-seo-wordpress\/ -->\n<title>Exp\u00e9rience, associations et affiliations de Trusted Translations<\/title>\n<meta name=\"description\" content=\"Trusted Translations est membre de diverses organisations locales, r\u00e9gionales, nationales et internationales dans le but d\u2019am\u00e9liorer la qualit\u00e9 de notre service pour vous et votre organisation.\" \/>\n<meta name=\"robots\" content=\"index, follow, max-snippet:-1, max-image-preview:large, max-video-preview:-1\" \/>\n<link rel=\"canonical\" href=\"https:\/\/www.trustedtranslations.com\/fr\/entreprise\/experience\" \/>\n<meta property=\"og:locale\" content=\"fr_FR\" \/>\n<meta property=\"og:type\" content=\"article\" \/>\n<meta property=\"og:title\" content=\"Exp\u00e9rience, associations et affiliations de Trusted Translations\" \/>\n<meta property=\"og:description\" content=\"Trusted Translations est membre de diverses organisations locales, r\u00e9gionales, nationales et internationales dans le but d\u2019am\u00e9liorer la qualit\u00e9 de notre service pour vous et votre organisation.\" \/>\n<meta property=\"og:url\" content=\"https:\/\/www.trustedtranslations.com\/fr\/entreprise\/experience\" \/>\n<meta property=\"og:site_name\" content=\"Trusted Translations, Inc.\" \/>\n<meta property=\"article:publisher\" content=\"https:\/\/www.facebook.com\/Trusted.Translations\" \/>\n<meta property=\"article:modified_time\" content=\"2024-09-06T15:04:12+00:00\" \/>\n<meta property=\"og:image\" content=\"https:\/\/static.trustedtranslations.com\/wp-content\/uploads\/2022\/03\/TT_NEW_FB-1.png\" \/>\n\t<meta property=\"og:image:width\" content=\"1038\" \/>\n\t<meta property=\"og:image:height\" content=\"1038\" \/>\n\t<meta property=\"og:image:type\" content=\"image\/png\" \/>\n<meta name=\"twitter:card\" content=\"summary_large_image\" \/>\n<meta name=\"twitter:site\" content=\"@TrustedT9ns\" \/>\n<script type=\"application\/ld+json\" class=\"yoast-schema-graph\">{\"@context\":\"https:\\\/\\\/schema.org\",\"@graph\":[{\"@type\":\"WebPage\",\"@id\":\"https:\\\/\\\/www.trustedtranslations.com\\\/fr\\\/entreprise\\\/experience\",\"url\":\"https:\\\/\\\/www.trustedtranslations.com\\\/fr\\\/entreprise\\\/experience\",\"name\":\"Exp\u00e9rience, associations et affiliations de Trusted Translations\",\"isPartOf\":{\"@id\":\"https:\\\/\\\/www.trustedtranslations.com\\\/fr\\\/#website\"},\"primaryImageOfPage\":{\"@id\":\"https:\\\/\\\/www.trustedtranslations.com\\\/fr\\\/entreprise\\\/experience#primaryimage\"},\"image\":{\"@id\":\"https:\\\/\\\/www.trustedtranslations.com\\\/fr\\\/entreprise\\\/experience#primaryimage\"},\"thumbnailUrl\":\"https:\\\/\\\/www.trustedtranslations.com\\\/wp-content\\\/uploads\\\/2022\\\/03\\\/TT_NEW_FB-1.png\",\"description\":\"Trusted Translations est membre de diverses organisations locales, r\u00e9gionales, nationales et internationales dans le but d\u2019am\u00e9liorer la qualit\u00e9 de notre service pour vous et votre organisation.\",\"breadcrumb\":{\"@id\":\"https:\\\/\\\/www.trustedtranslations.com\\\/fr\\\/entreprise\\\/experience#breadcrumb\"},\"inLanguage\":\"fr-FR\",\"potentialAction\":[{\"@type\":\"ReadAction\",\"target\":[\"https:\\\/\\\/www.trustedtranslations.com\\\/fr\\\/entreprise\\\/experience\"]}]},{\"@type\":\"ImageObject\",\"inLanguage\":\"fr-FR\",\"@id\":\"https:\\\/\\\/www.trustedtranslations.com\\\/fr\\\/entreprise\\\/experience#primaryimage\",\"url\":\"https:\\\/\\\/www.trustedtranslations.com\\\/wp-content\\\/uploads\\\/2022\\\/03\\\/TT_NEW_FB-1.png\",\"contentUrl\":\"https:\\\/\\\/www.trustedtranslations.com\\\/wp-content\\\/uploads\\\/2022\\\/03\\\/TT_NEW_FB-1.png\",\"width\":1038,\"height\":1038,\"caption\":\"TT NEW FB 1\"},{\"@type\":\"BreadcrumbList\",\"@id\":\"https:\\\/\\\/www.trustedtranslations.com\\\/fr\\\/entreprise\\\/experience#breadcrumb\",\"itemListElement\":[{\"@type\":\"ListItem\",\"position\":1,\"name\":\"Accueil\",\"item\":\"https:\\\/\\\/www.trustedtranslations.com\\\/fr\"},{\"@type\":\"ListItem\",\"position\":2,\"name\":\"Qui sommes-nous\u00a0?\",\"item\":\"https:\\\/\\\/www.trustedtranslations.com\\\/fr\\\/entreprise\"},{\"@type\":\"ListItem\",\"position\":3,\"name\":\"Exp\u00e9rience\"}]},{\"@type\":\"WebSite\",\"@id\":\"https:\\\/\\\/www.trustedtranslations.com\\\/fr\\\/#website\",\"url\":\"https:\\\/\\\/www.trustedtranslations.com\\\/fr\\\/\",\"name\":\"Trusted Translations, Inc.\",\"description\":\"Leader in translation and interpretation services.\",\"publisher\":{\"@id\":\"https:\\\/\\\/www.trustedtranslations.com\\\/fr\\\/#organization\"},\"alternateName\":\"Trusted Translations\",\"potentialAction\":[{\"@type\":\"SearchAction\",\"target\":{\"@type\":\"EntryPoint\",\"urlTemplate\":\"https:\\\/\\\/www.trustedtranslations.com\\\/fr\\\/?s={search_term_string}\"},\"query-input\":{\"@type\":\"PropertyValueSpecification\",\"valueRequired\":true,\"valueName\":\"search_term_string\"}}],\"inLanguage\":\"fr-FR\"},{\"@type\":\"Organization\",\"@id\":\"https:\\\/\\\/www.trustedtranslations.com\\\/fr\\\/#organization\",\"name\":\"Trusted Translations\",\"alternateName\":\"Trusted Translations, Inc.\",\"url\":\"https:\\\/\\\/www.trustedtranslations.com\\\/fr\\\/\",\"logo\":{\"@type\":\"ImageObject\",\"inLanguage\":\"fr-FR\",\"@id\":\"https:\\\/\\\/www.trustedtranslations.com\\\/fr\\\/#\\\/schema\\\/logo\\\/image\\\/\",\"url\":\"https:\\\/\\\/static.trustedtranslations.com\\\/wp-content\\\/uploads\\\/2022\\\/01\\\/TT_logo_WSIColors-2.png\",\"contentUrl\":\"https:\\\/\\\/static.trustedtranslations.com\\\/wp-content\\\/uploads\\\/2022\\\/01\\\/TT_logo_WSIColors-2.png\",\"width\":500,\"height\":196,\"caption\":\"Trusted Translations\"},\"image\":{\"@id\":\"https:\\\/\\\/www.trustedtranslations.com\\\/fr\\\/#\\\/schema\\\/logo\\\/image\\\/\"},\"sameAs\":[\"https:\\\/\\\/www.facebook.com\\\/Trusted.Translations\",\"https:\\\/\\\/x.com\\\/TrustedT9ns\",\"https:\\\/\\\/www.linkedin.com\\\/company\\\/trusted-translations\"]}]}<\/script>\n<!-- \/ Yoast SEO plugin. -->","yoast_head_json":{"title":"Exp\u00e9rience, associations et affiliations de Trusted Translations","description":"Trusted Translations est membre de diverses organisations locales, r\u00e9gionales, nationales et internationales dans le but d\u2019am\u00e9liorer la qualit\u00e9 de notre service pour vous et votre organisation.","robots":{"index":"index","follow":"follow","max-snippet":"max-snippet:-1","max-image-preview":"max-image-preview:large","max-video-preview":"max-video-preview:-1"},"canonical":"https:\/\/www.trustedtranslations.com\/fr\/entreprise\/experience","og_locale":"fr_FR","og_type":"article","og_title":"Exp\u00e9rience, associations et affiliations de Trusted Translations","og_description":"Trusted Translations est membre de diverses organisations locales, r\u00e9gionales, nationales et internationales dans le but d\u2019am\u00e9liorer la qualit\u00e9 de notre service pour vous et votre organisation.","og_url":"https:\/\/www.trustedtranslations.com\/fr\/entreprise\/experience","og_site_name":"Trusted Translations, Inc.","article_publisher":"https:\/\/www.facebook.com\/Trusted.Translations","article_modified_time":"2024-09-06T15:04:12+00:00","og_image":[{"width":1038,"height":1038,"url":"https:\/\/static.trustedtranslations.com\/wp-content\/uploads\/2022\/03\/TT_NEW_FB-1.png","type":"image\/png"}],"twitter_card":"summary_large_image","twitter_site":"@TrustedT9ns","schema":{"@context":"https:\/\/schema.org","@graph":[{"@type":"WebPage","@id":"https:\/\/www.trustedtranslations.com\/fr\/entreprise\/experience","url":"https:\/\/www.trustedtranslations.com\/fr\/entreprise\/experience","name":"Exp\u00e9rience, associations et affiliations de Trusted Translations","isPartOf":{"@id":"https:\/\/www.trustedtranslations.com\/fr\/#website"},"primaryImageOfPage":{"@id":"https:\/\/www.trustedtranslations.com\/fr\/entreprise\/experience#primaryimage"},"image":{"@id":"https:\/\/www.trustedtranslations.com\/fr\/entreprise\/experience#primaryimage"},"thumbnailUrl":"https:\/\/www.trustedtranslations.com\/wp-content\/uploads\/2022\/03\/TT_NEW_FB-1.png","description":"Trusted Translations est membre de diverses organisations locales, r\u00e9gionales, nationales et internationales dans le but d\u2019am\u00e9liorer la qualit\u00e9 de notre service pour vous et votre organisation.","breadcrumb":{"@id":"https:\/\/www.trustedtranslations.com\/fr\/entreprise\/experience#breadcrumb"},"inLanguage":"fr-FR","potentialAction":[{"@type":"ReadAction","target":["https:\/\/www.trustedtranslations.com\/fr\/entreprise\/experience"]}]},{"@type":"ImageObject","inLanguage":"fr-FR","@id":"https:\/\/www.trustedtranslations.com\/fr\/entreprise\/experience#primaryimage","url":"https:\/\/www.trustedtranslations.com\/wp-content\/uploads\/2022\/03\/TT_NEW_FB-1.png","contentUrl":"https:\/\/www.trustedtranslations.com\/wp-content\/uploads\/2022\/03\/TT_NEW_FB-1.png","width":1038,"height":1038,"caption":"TT NEW FB 1"},{"@type":"BreadcrumbList","@id":"https:\/\/www.trustedtranslations.com\/fr\/entreprise\/experience#breadcrumb","itemListElement":[{"@type":"ListItem","position":1,"name":"Accueil","item":"https:\/\/www.trustedtranslations.com\/fr"},{"@type":"ListItem","position":2,"name":"Qui sommes-nous\u00a0?","item":"https:\/\/www.trustedtranslations.com\/fr\/entreprise"},{"@type":"ListItem","position":3,"name":"Exp\u00e9rience"}]},{"@type":"WebSite","@id":"https:\/\/www.trustedtranslations.com\/fr\/#website","url":"https:\/\/www.trustedtranslations.com\/fr\/","name":"Trusted Translations, Inc.","description":"Leader in translation and interpretation services.","publisher":{"@id":"https:\/\/www.trustedtranslations.com\/fr\/#organization"},"alternateName":"Trusted Translations","potentialAction":[{"@type":"SearchAction","target":{"@type":"EntryPoint","urlTemplate":"https:\/\/www.trustedtranslations.com\/fr\/?s={search_term_string}"},"query-input":{"@type":"PropertyValueSpecification","valueRequired":true,"valueName":"search_term_string"}}],"inLanguage":"fr-FR"},{"@type":"Organization","@id":"https:\/\/www.trustedtranslations.com\/fr\/#organization","name":"Trusted Translations","alternateName":"Trusted Translations, Inc.","url":"https:\/\/www.trustedtranslations.com\/fr\/","logo":{"@type":"ImageObject","inLanguage":"fr-FR","@id":"https:\/\/www.trustedtranslations.com\/fr\/#\/schema\/logo\/image\/","url":"https:\/\/static.trustedtranslations.com\/wp-content\/uploads\/2022\/01\/TT_logo_WSIColors-2.png","contentUrl":"https:\/\/static.trustedtranslations.com\/wp-content\/uploads\/2022\/01\/TT_logo_WSIColors-2.png","width":500,"height":196,"caption":"Trusted Translations"},"image":{"@id":"https:\/\/www.trustedtranslations.com\/fr\/#\/schema\/logo\/image\/"},"sameAs":["https:\/\/www.facebook.com\/Trusted.Translations","https:\/\/x.com\/TrustedT9ns","https:\/\/www.linkedin.com\/company\/trusted-translations"]}]}},"toolset-meta":{"dyk":{"mensaje-1":{"type":"textfield","raw":"Nous fournissons aux entreprises du Fortune\u00a0500 des traductions \u00e0 des tarifs inf\u00e9rieurs de 25 \u00e0 50\u00a0% aux prix du march\u00e9"},"mensaje-2":{"type":"textfield","raw":""},"mensaje-3":{"type":"textfield","raw":"Nous d\u00e9passons les normes de qualit\u00e9 ISO\u00a09001:2015 et certifions nos traductions sur demande"},"mensaje-4":{"type":"textfield","raw":""},"mensaje-5":{"type":"textfield","raw":""},"mensaje-6":{"type":"textfield","raw":""}},"single-page-template-fields":{"imgs-temp":{"type":"image","raw":["https:\/\/static.trustedtranslations.com\/wp-content\/uploads\/2024\/07\/Group-117-1.webp","https:\/\/static.trustedtranslations.com\/wp-content\/uploads\/2024\/07\/Group-118-1.webp","https:\/\/static.trustedtranslations.com\/wp-content\/uploads\/2024\/07\/Group-122-1.webp"],"repeatable":[{"raw":"https:\/\/static.trustedtranslations.com\/wp-content\/uploads\/2024\/07\/Group-117-1.webp"},{"raw":"https:\/\/static.trustedtranslations.com\/wp-content\/uploads\/2024\/07\/Group-118-1.webp"},{"raw":"https:\/\/static.trustedtranslations.com\/wp-content\/uploads\/2024\/07\/Group-122-1.webp"}]},"imgs-temp-cel":{"type":"image","raw":[""],"repeatable":[{"raw":""}]},"img-temp-one-cel":{"type":"image","raw":"https:\/\/static.trustedtranslations.com\/wp-content\/uploads\/2024\/07\/AdobeStock_180842978-1-1.webp","attachment_id":null},"quotes":{"type":"textarea","raw":"<h1 style=\"margin-bottom: 12px;\">Exp\u00e9rience \u00e9prouv\u00e9e de <em>Trusted Translations<\/em><\/h1>\r\nAvec plus de 20\u00a0ans d\u2019exp\u00e9rience \u00e9prouv\u00e9e, un r\u00e9seau de plus de 10\u00a0000\u00a0experts linguistes et des services de traduction de volumes importants vers et depuis plus de 200\u00a0langues, <em>Trusted Translations<\/em> garantit des traductions de la plus haute qualit\u00e9 aux prix les plus comp\u00e9titifs du march\u00e9. Que vous soyez un petit cabinet d\u2019avocats, une startup, une organisation \u00e0 but non lucratif ou une grande multinationale, <em>Trusted Translations<\/em> apporte une exp\u00e9rience \u00e9prouv\u00e9e \u00e0 votre organisation, pour vous aider \u00e0 atteindre vos objectifs sur les march\u00e9s locaux, nationaux et internationaux.\r\n<div style=\"margin-top: 2.5vw;\"><a class=\"tt-btn-main-cta\" href=\"https:\/\/www.trustedtranslations.com\/fr\/devis-traduction\">Demandez un devis gratuit<\/a><\/div>"},"text-1":{"type":"textarea","raw":"<h2>Fier membre d\u2019organisations locales, r\u00e9gionales, nationales et internationales engag\u00e9es \u00e0 am\u00e9liorer la qualit\u00e9 des services<\/h2><em>Trusted Translations<\/em> exerce un contr\u00f4le direct sur la gestion de centres de production sur trois continents, ainsi que sur nos \u00e9quipes exp\u00e9riment\u00e9es de linguistes, de concepteurs et d\u2019experts informatiques de haut niveau. En cons\u00e9quence, nous pouvons constituer des \u00e9quipes de traduction et de localisation professionnelles du monde entier, dot\u00e9es des comp\u00e9tences n\u00e9cessaires pour les demandes les plus complexes.\r\n\r\nOutre nos traducteurs eux-m\u00eames, tous les membres de notre \u00e9quipe de conception sont form\u00e9s au processus de traduction et travaillent en \u00e9troite collaboration avec nos traducteurs, r\u00e9viseurs et relecteurs pour s\u2019assurer que le produit final refl\u00e8te la version la plus pr\u00e9cise et \u00e0 jour du texte.\r\n<h2>Associations et affiliations<\/h2>\r\nPour optimiser notre sens aigu de l\u2019industrie, nous sommes membres de diverses organisations locales, r\u00e9gionales, nationales et internationales. Notre \u00e9quipe de direction et notre personnel si\u00e8gent \u00e0 divers comit\u00e9s et conseils d\u2019administration et sont actifs aupr\u00e8s de plusieurs associations internationales de commerce, de marketing, de finance, de droit et de traduction. Nous utilisons ces organisations pour accro\u00eetre nos connaissances et notre sensibilisation aux tendances du secteur, \u00e0 la l\u00e9gislation et \u00e0 la concurrence, ainsi que pour aider \u00e0 faciliter les affaires et le commerce international.\r\n\r\n<img class=\"alignleft\" src=\"\/wp-content\/uploads\/img\/ata.gif\" alt=\"Membre de l\u2019American Translator Association et\/ou traducteurs certifi\u00e9s\" \/>\r\n\r\n<a class=\"external-link\" title=\"Membre de l\u2019American Translator Association et\/ou traducteurs certifi\u00e9s\" href=\"https:\/\/www.atanet.org\" target=\"_blank\" rel=\"noopener noreferrer\"> Membre de l\u2019American Translator Association et\/ou traducteurs certifi\u00e9s<\/a>\r\n\r\n<em>Trusted Translations<\/em> est membre de l\u2019American Translator Association. Nous sommes activement impliqu\u00e9s dans l\u2019Association et assistons aux r\u00e9unions annuelles pour rester au courant de tous les derniers d\u00e9veloppements en mati\u00e8re de linguistique. Les traducteurs de notre personnel qui ne sont pas certifi\u00e9s ATA sont certifi\u00e9s par d\u2019autres associations r\u00e9put\u00e9es, telles que\u00a0:\r\n<ul>\r\n \t<li>Conseil des traducteurs, terminologues et interpr\u00e8tes du Canada\u00a0(CTTIC)<\/li>\r\n \t<li>Colegio de Traductores P\u00fablicos de la Ciudad de Buenos Aires\u00a0(CTPBA)<\/li>\r\n \t<li>Monterey Institute Graduate School of Translation & Interpretation\u00a0(GSTI)<\/li>\r\n \t<li>The Translators and Interpreters Guild\u00a0(TTIG)<\/li>\r\n \t<li>Washington State Department of Social and Health Services\u00a0(DSHS)<\/li>\r\n<\/ul>\r\n<img class=\"alignleft\" src=\"\/wp-content\/uploads\/img\/scales.gif\" alt=\"Barreaux d\u2019\u00c9tat\/Avocats bilingues agr\u00e9\u00e9s aux \u00c9tats-Unis\" \/>\r\n\r\n<a class=\"external-link\" title=\"Barreaux d\u2019\u00c9tat\/Avocats bilingues agr\u00e9\u00e9s aux \u00c9tats-Unis\" href=\"https:\/\/www.americanbar.org\/\" target=\"_blank\" rel=\"noopener noreferrer\">Barreaux d\u2019\u00c9tat\/Avocats bilingues agr\u00e9\u00e9s aux \u00c9tats-Unis<\/a>\r\n\r\nChez <em>Trusted Translations<\/em>, nous avons des avocats bilingues (anglais\/espagnol) agr\u00e9\u00e9s aux \u00c9tats-Unis qui se consacrent exclusivement aux projets juridiques de nos clients. Nos juristes veillent \u00e0 ce que chaque document sensible traduit utilise la terminologie juridique correcte dans la langue cible. Cela am\u00e9liore consid\u00e9rablement la qualit\u00e9 et l\u2019int\u00e9grit\u00e9 de la traduction finale, en particulier pour le secteur des assurances hautement r\u00e9glement\u00e9. Nos juristes sont qualifi\u00e9s pour fournir des certifications l\u00e9gales de chaque traduction. Ils sont \u00e9galement autoris\u00e9s \u00e0 pratiquer et peuvent fournir des certificats du barreau sur demande."},"shortcode-map":{"type":"textfield","raw":""},"dyk-shortcode":{"type":"textfield","raw":"[elementor-template id=\"146546\"]"},"text-2":{"type":"textarea","raw":"<img class=\"alignleft\" src=\"\/wp-content\/uploads\/img\/gala.gif\" alt=\"Globalization and Localization Association (GALA)\" \/>\r\n\r\n<a class=\"external-link\" title=\"Globalization and Localization Association (GALA)\" href=\"https:\/\/www.gala-global.org\" target=\"_blank\" rel=\"noopener noreferrer\">Globalization and Localization Association (GALA)<\/a>\r\n\r\n<em>Trusted Translations<\/em> est un membre actif de GALA, qui se concentre sur les nouveaux d\u00e9veloppements en mati\u00e8re de mondialisation et de localisation de sites Web et de logiciels. Gr\u00e2ce \u00e0 GALA, <em>Trusted Translations<\/em> am\u00e9liore constamment ses syst\u00e8mes de gestion de contenu\u00a0(SGC) avec de nouvelles technologies et des fonctionnalit\u00e9s compl\u00e9mentaires.\r\n\r\n<img class=\"alignleft\" src=\"\/wp-content\/uploads\/img\/minority-supplier.jpg\" alt=\"National Minority Supplier Development Council\" \/>\r\n\r\n<a class=\"external-link\" title=\"National Minority Supplier Development Council\" href=\"https:\/\/www.nmsdc.org\" target=\"_blank\" rel=\"noopener noreferrer\">National Minority Supplier Development Council<\/a>\r\n\r\n<em>Trusted Translations<\/em> est une entreprise commerciale minoritaire certifi\u00e9e\u00a0(MBE pour ses initiales en anglais). <em>Trusted Translations<\/em> participe activement au conseil de la diversit\u00e9 et assiste aux r\u00e9unions nationales et r\u00e9gionales.\r\n\r\n<a class=\"external-link\" title=\"Translation Automation User Society\u00a0(TAUS)\" href=\"https:\/\/www.translationautomation.com\" target=\"_blank\" rel=\"noopener noreferrer\"><img class=\"alignleft\" src=\"\/wp-content\/uploads\/img\/taus.jpg\" alt=\"Translation Automation User Society\u00a0(TAUS)\" \/><\/a>\r\n\r\n<a class=\"external-link\" title=\"Translation Automation User Society\u00a0(TAUS)\" href=\"https:\/\/www.translationautomation.com\" target=\"_blank\" rel=\"noopener noreferrer\">Translation Automation User Society\u00a0(TAUS)<\/a>\r\n\r\n<em>Trusted Translations<\/em> est un membre actif de la Translation Automation User Society. En tant que leaders dans ce domaine, nos experts sont invit\u00e9s \u00e0 prendre la parole \u00e0 la plupart des grandes conf\u00e9rences de la TAUS. La TAUS est un groupe de r\u00e9flexion pour le secteur de la traduction qui entreprend des recherches pour les acheteurs et les fournisseurs de services et de technologies de traduction. Sa mission est d\u2019augmenter la taille et l\u2019importance du secteur de la traduction pour aider le monde \u00e0 mieux communiquer.\r\n<h2>Fournisseur de services de traduction \u00e9prouv\u00e9<\/h2>\r\nAvec la capacit\u00e9 de traduire vers et depuis plus de 200\u00a0langues, <em>Trusted Translations<\/em> est un fournisseur de services de traduction multilingue \u00e0 service complet. Outre le traitement de projets de traduction sp\u00e9cialis\u00e9s en espagnol, <em>Trusted Translations<\/em> a une exp\u00e9rience \u00e9prouv\u00e9e de travail sur de grands comptes de traduction multilingues pour des entreprises du Fortune\u00a0500 et des organisations internationales. Nous sommes une solution \u00e0 guichet unique pour toute entreprise \u00e0 la recherche de traductions de qualit\u00e9 sup\u00e9rieure \u00e0 des tarifs tr\u00e8s comp\u00e9titifs."},"state":{"type":"textfield","raw":""},"city":{"type":"textarea","raw":[]}}},"_links":{"self":[{"href":"https:\/\/www.trustedtranslations.com\/fr\/wp-json\/wp\/v2\/pages\/128928","targetHints":{"allow":["GET"]}}],"collection":[{"href":"https:\/\/www.trustedtranslations.com\/fr\/wp-json\/wp\/v2\/pages"}],"about":[{"href":"https:\/\/www.trustedtranslations.com\/fr\/wp-json\/wp\/v2\/types\/page"}],"author":[{"embeddable":true,"href":"https:\/\/www.trustedtranslations.com\/fr\/wp-json\/wp\/v2\/users\/1"}],"replies":[{"embeddable":true,"href":"https:\/\/www.trustedtranslations.com\/fr\/wp-json\/wp\/v2\/comments?post=128928"}],"version-history":[{"count":0,"href":"https:\/\/www.trustedtranslations.com\/fr\/wp-json\/wp\/v2\/pages\/128928\/revisions"}],"up":[{"embeddable":true,"href":"https:\/\/www.trustedtranslations.com\/fr\/wp-json\/wp\/v2\/pages\/128940"}],"wp:featuredmedia":[{"embeddable":true,"href":"https:\/\/www.trustedtranslations.com\/fr\/wp-json\/wp\/v2\/media\/139627"}],"wp:attachment":[{"href":"https:\/\/www.trustedtranslations.com\/fr\/wp-json\/wp\/v2\/media?parent=128928"}],"curies":[{"name":"wp","href":"https:\/\/api.w.org\/{rel}","templated":true}]}}