{"id":128929,"date":"2018-07-30T18:50:26","date_gmt":"2018-07-30T18:50:26","guid":{"rendered":"https:\/\/www.trustedtranslations.com\/?page_id=128929"},"modified":"2024-09-06T12:34:43","modified_gmt":"2024-09-06T15:34:43","slug":"devis-par-mot","status":"publish","type":"page","link":"https:\/\/www.trustedtranslations.com\/fr\/entreprise\/tarifs\/devis-par-mot","title":{"rendered":"Devis par mot"},"content":{"rendered":"","protected":false},"excerpt":{"rendered":"","protected":false},"author":1,"featured_media":139627,"parent":128924,"menu_order":0,"comment_status":"closed","ping_status":"closed","template":"","meta":{"site-sidebar-layout":"default","site-content-layout":"default","ast-site-content-layout":"default","site-content-style":"default","site-sidebar-style":"default","ast-global-header-display":"","ast-banner-title-visibility":"","ast-main-header-display":"","ast-hfb-above-header-display":"","ast-hfb-below-header-display":"","ast-hfb-mobile-header-display":"","site-post-title":"disabled","ast-breadcrumbs-content":"","ast-featured-img":"","footer-sml-layout":"","ast-disable-related-posts":"","theme-transparent-header-meta":"default","adv-header-id-meta":"","stick-header-meta":"","header-above-stick-meta":"","header-main-stick-meta":"","header-below-stick-meta":"","astra-migrate-meta-layouts":"set","ast-page-background-enabled":"default","ast-page-background-meta":{"desktop":{"background-color":"var(--ast-global-color-4)","background-image":"","background-repeat":"repeat","background-position":"center center","background-size":"auto","background-attachment":"scroll","background-type":"","background-media":"","overlay-type":"","overlay-color":"","overlay-opacity":"","overlay-gradient":""},"tablet":{"background-color":"","background-image":"","background-repeat":"repeat","background-position":"center center","background-size":"auto","background-attachment":"scroll","background-type":"","background-media":"","overlay-type":"","overlay-color":"","overlay-opacity":"","overlay-gradient":""},"mobile":{"background-color":"","background-image":"","background-repeat":"repeat","background-position":"center center","background-size":"auto","background-attachment":"scroll","background-type":"","background-media":"","overlay-type":"","overlay-color":"","overlay-opacity":"","overlay-gradient":""}},"ast-content-background-meta":{"desktop":{"background-color":"var(--ast-global-color-5)","background-image":"","background-repeat":"repeat","background-position":"center center","background-size":"auto","background-attachment":"scroll","background-type":"","background-media":"","overlay-type":"","overlay-color":"","overlay-opacity":"","overlay-gradient":""},"tablet":{"background-color":"var(--ast-global-color-5)","background-image":"","background-repeat":"repeat","background-position":"center center","background-size":"auto","background-attachment":"scroll","background-type":"","background-media":"","overlay-type":"","overlay-color":"","overlay-opacity":"","overlay-gradient":""},"mobile":{"background-color":"var(--ast-global-color-5)","background-image":"","background-repeat":"repeat","background-position":"center center","background-size":"auto","background-attachment":"scroll","background-type":"","background-media":"","overlay-type":"","overlay-color":"","overlay-opacity":"","overlay-gradient":""}},"footnotes":""},"class_list":["post-128929","page","type-page","status-publish","has-post-thumbnail","hentry"],"yoast_head":"<!-- This site is optimized with the Yoast SEO plugin v27.3 - https:\/\/yoast.com\/product\/yoast-seo-wordpress\/ -->\n<title>Devis de traduction par mot - Trusted Translations, Inc.<\/title>\n<meta name=\"description\" content=\"Trusted Translations\u00a0: Devis clairs et \u00e9quitables bas\u00e9s sur une tarification par mot. Obtenez un devis gratuit d\u00e8s maintenant.\" \/>\n<meta name=\"robots\" content=\"index, follow, max-snippet:-1, max-image-preview:large, max-video-preview:-1\" \/>\n<link rel=\"canonical\" href=\"https:\/\/www.trustedtranslations.com\/fr\/entreprise\/tarifs\/devis-par-mot\" \/>\n<meta property=\"og:locale\" content=\"fr_FR\" \/>\n<meta property=\"og:type\" content=\"article\" \/>\n<meta property=\"og:title\" content=\"Devis de traduction par mot - Trusted Translations, Inc.\" \/>\n<meta property=\"og:description\" content=\"Trusted Translations\u00a0: Devis clairs et \u00e9quitables bas\u00e9s sur une tarification par mot. Obtenez un devis gratuit d\u00e8s maintenant.\" \/>\n<meta property=\"og:url\" content=\"https:\/\/www.trustedtranslations.com\/fr\/entreprise\/tarifs\/devis-par-mot\" \/>\n<meta property=\"og:site_name\" content=\"Trusted Translations, Inc.\" \/>\n<meta property=\"article:publisher\" content=\"https:\/\/www.facebook.com\/Trusted.Translations\" \/>\n<meta property=\"article:modified_time\" content=\"2024-09-06T15:34:43+00:00\" \/>\n<meta property=\"og:image\" content=\"https:\/\/static.trustedtranslations.com\/wp-content\/uploads\/2022\/03\/TT_NEW_FB-1.png\" \/>\n\t<meta property=\"og:image:width\" content=\"1038\" \/>\n\t<meta property=\"og:image:height\" content=\"1038\" \/>\n\t<meta property=\"og:image:type\" content=\"image\/png\" \/>\n<meta name=\"twitter:card\" content=\"summary_large_image\" \/>\n<meta name=\"twitter:site\" content=\"@TrustedT9ns\" \/>\n<script type=\"application\/ld+json\" class=\"yoast-schema-graph\">{\"@context\":\"https:\\\/\\\/schema.org\",\"@graph\":[{\"@type\":\"WebPage\",\"@id\":\"https:\\\/\\\/www.trustedtranslations.com\\\/fr\\\/entreprise\\\/tarifs\\\/devis-par-mot\",\"url\":\"https:\\\/\\\/www.trustedtranslations.com\\\/fr\\\/entreprise\\\/tarifs\\\/devis-par-mot\",\"name\":\"Devis de traduction par mot - Trusted Translations, Inc.\",\"isPartOf\":{\"@id\":\"https:\\\/\\\/www.trustedtranslations.com\\\/fr\\\/#website\"},\"primaryImageOfPage\":{\"@id\":\"https:\\\/\\\/www.trustedtranslations.com\\\/fr\\\/entreprise\\\/tarifs\\\/devis-par-mot#primaryimage\"},\"image\":{\"@id\":\"https:\\\/\\\/www.trustedtranslations.com\\\/fr\\\/entreprise\\\/tarifs\\\/devis-par-mot#primaryimage\"},\"thumbnailUrl\":\"https:\\\/\\\/www.trustedtranslations.com\\\/wp-content\\\/uploads\\\/2022\\\/03\\\/TT_NEW_FB-1.png\",\"description\":\"Trusted Translations\u00a0: Devis clairs et \u00e9quitables bas\u00e9s sur une tarification par mot. Obtenez un devis gratuit d\u00e8s maintenant.\",\"breadcrumb\":{\"@id\":\"https:\\\/\\\/www.trustedtranslations.com\\\/fr\\\/entreprise\\\/tarifs\\\/devis-par-mot#breadcrumb\"},\"inLanguage\":\"fr-FR\",\"potentialAction\":[{\"@type\":\"ReadAction\",\"target\":[\"https:\\\/\\\/www.trustedtranslations.com\\\/fr\\\/entreprise\\\/tarifs\\\/devis-par-mot\"]}]},{\"@type\":\"ImageObject\",\"inLanguage\":\"fr-FR\",\"@id\":\"https:\\\/\\\/www.trustedtranslations.com\\\/fr\\\/entreprise\\\/tarifs\\\/devis-par-mot#primaryimage\",\"url\":\"https:\\\/\\\/www.trustedtranslations.com\\\/wp-content\\\/uploads\\\/2022\\\/03\\\/TT_NEW_FB-1.png\",\"contentUrl\":\"https:\\\/\\\/www.trustedtranslations.com\\\/wp-content\\\/uploads\\\/2022\\\/03\\\/TT_NEW_FB-1.png\",\"width\":1038,\"height\":1038,\"caption\":\"TT NEW FB 1\"},{\"@type\":\"BreadcrumbList\",\"@id\":\"https:\\\/\\\/www.trustedtranslations.com\\\/fr\\\/entreprise\\\/tarifs\\\/devis-par-mot#breadcrumb\",\"itemListElement\":[{\"@type\":\"ListItem\",\"position\":1,\"name\":\"Accueil\",\"item\":\"https:\\\/\\\/www.trustedtranslations.com\\\/fr\"},{\"@type\":\"ListItem\",\"position\":2,\"name\":\"Qui sommes-nous\u00a0?\",\"item\":\"https:\\\/\\\/www.trustedtranslations.com\\\/fr\\\/entreprise\"},{\"@type\":\"ListItem\",\"position\":3,\"name\":\"Tarifs\",\"item\":\"https:\\\/\\\/www.trustedtranslations.com\\\/fr\\\/entreprise\\\/tarifs\"},{\"@type\":\"ListItem\",\"position\":4,\"name\":\"Devis par mot\"}]},{\"@type\":\"WebSite\",\"@id\":\"https:\\\/\\\/www.trustedtranslations.com\\\/fr\\\/#website\",\"url\":\"https:\\\/\\\/www.trustedtranslations.com\\\/fr\\\/\",\"name\":\"Trusted Translations, Inc.\",\"description\":\"Leader in translation and interpretation services.\",\"publisher\":{\"@id\":\"https:\\\/\\\/www.trustedtranslations.com\\\/fr\\\/#organization\"},\"alternateName\":\"Trusted Translations\",\"potentialAction\":[{\"@type\":\"SearchAction\",\"target\":{\"@type\":\"EntryPoint\",\"urlTemplate\":\"https:\\\/\\\/www.trustedtranslations.com\\\/fr\\\/?s={search_term_string}\"},\"query-input\":{\"@type\":\"PropertyValueSpecification\",\"valueRequired\":true,\"valueName\":\"search_term_string\"}}],\"inLanguage\":\"fr-FR\"},{\"@type\":\"Organization\",\"@id\":\"https:\\\/\\\/www.trustedtranslations.com\\\/fr\\\/#organization\",\"name\":\"Trusted Translations\",\"alternateName\":\"Trusted Translations, Inc.\",\"url\":\"https:\\\/\\\/www.trustedtranslations.com\\\/fr\\\/\",\"logo\":{\"@type\":\"ImageObject\",\"inLanguage\":\"fr-FR\",\"@id\":\"https:\\\/\\\/www.trustedtranslations.com\\\/fr\\\/#\\\/schema\\\/logo\\\/image\\\/\",\"url\":\"https:\\\/\\\/static.trustedtranslations.com\\\/wp-content\\\/uploads\\\/2022\\\/01\\\/TT_logo_WSIColors-2.png\",\"contentUrl\":\"https:\\\/\\\/static.trustedtranslations.com\\\/wp-content\\\/uploads\\\/2022\\\/01\\\/TT_logo_WSIColors-2.png\",\"width\":500,\"height\":196,\"caption\":\"Trusted Translations\"},\"image\":{\"@id\":\"https:\\\/\\\/www.trustedtranslations.com\\\/fr\\\/#\\\/schema\\\/logo\\\/image\\\/\"},\"sameAs\":[\"https:\\\/\\\/www.facebook.com\\\/Trusted.Translations\",\"https:\\\/\\\/x.com\\\/TrustedT9ns\",\"https:\\\/\\\/www.linkedin.com\\\/company\\\/trusted-translations\"]}]}<\/script>\n<!-- \/ Yoast SEO plugin. -->","yoast_head_json":{"title":"Devis de traduction par mot - Trusted Translations, Inc.","description":"Trusted Translations\u00a0: Devis clairs et \u00e9quitables bas\u00e9s sur une tarification par mot. Obtenez un devis gratuit d\u00e8s maintenant.","robots":{"index":"index","follow":"follow","max-snippet":"max-snippet:-1","max-image-preview":"max-image-preview:large","max-video-preview":"max-video-preview:-1"},"canonical":"https:\/\/www.trustedtranslations.com\/fr\/entreprise\/tarifs\/devis-par-mot","og_locale":"fr_FR","og_type":"article","og_title":"Devis de traduction par mot - Trusted Translations, Inc.","og_description":"Trusted Translations\u00a0: Devis clairs et \u00e9quitables bas\u00e9s sur une tarification par mot. Obtenez un devis gratuit d\u00e8s maintenant.","og_url":"https:\/\/www.trustedtranslations.com\/fr\/entreprise\/tarifs\/devis-par-mot","og_site_name":"Trusted Translations, Inc.","article_publisher":"https:\/\/www.facebook.com\/Trusted.Translations","article_modified_time":"2024-09-06T15:34:43+00:00","og_image":[{"width":1038,"height":1038,"url":"https:\/\/static.trustedtranslations.com\/wp-content\/uploads\/2022\/03\/TT_NEW_FB-1.png","type":"image\/png"}],"twitter_card":"summary_large_image","twitter_site":"@TrustedT9ns","schema":{"@context":"https:\/\/schema.org","@graph":[{"@type":"WebPage","@id":"https:\/\/www.trustedtranslations.com\/fr\/entreprise\/tarifs\/devis-par-mot","url":"https:\/\/www.trustedtranslations.com\/fr\/entreprise\/tarifs\/devis-par-mot","name":"Devis de traduction par mot - Trusted Translations, Inc.","isPartOf":{"@id":"https:\/\/www.trustedtranslations.com\/fr\/#website"},"primaryImageOfPage":{"@id":"https:\/\/www.trustedtranslations.com\/fr\/entreprise\/tarifs\/devis-par-mot#primaryimage"},"image":{"@id":"https:\/\/www.trustedtranslations.com\/fr\/entreprise\/tarifs\/devis-par-mot#primaryimage"},"thumbnailUrl":"https:\/\/www.trustedtranslations.com\/wp-content\/uploads\/2022\/03\/TT_NEW_FB-1.png","description":"Trusted Translations\u00a0: Devis clairs et \u00e9quitables bas\u00e9s sur une tarification par mot. Obtenez un devis gratuit d\u00e8s maintenant.","breadcrumb":{"@id":"https:\/\/www.trustedtranslations.com\/fr\/entreprise\/tarifs\/devis-par-mot#breadcrumb"},"inLanguage":"fr-FR","potentialAction":[{"@type":"ReadAction","target":["https:\/\/www.trustedtranslations.com\/fr\/entreprise\/tarifs\/devis-par-mot"]}]},{"@type":"ImageObject","inLanguage":"fr-FR","@id":"https:\/\/www.trustedtranslations.com\/fr\/entreprise\/tarifs\/devis-par-mot#primaryimage","url":"https:\/\/www.trustedtranslations.com\/wp-content\/uploads\/2022\/03\/TT_NEW_FB-1.png","contentUrl":"https:\/\/www.trustedtranslations.com\/wp-content\/uploads\/2022\/03\/TT_NEW_FB-1.png","width":1038,"height":1038,"caption":"TT NEW FB 1"},{"@type":"BreadcrumbList","@id":"https:\/\/www.trustedtranslations.com\/fr\/entreprise\/tarifs\/devis-par-mot#breadcrumb","itemListElement":[{"@type":"ListItem","position":1,"name":"Accueil","item":"https:\/\/www.trustedtranslations.com\/fr"},{"@type":"ListItem","position":2,"name":"Qui sommes-nous\u00a0?","item":"https:\/\/www.trustedtranslations.com\/fr\/entreprise"},{"@type":"ListItem","position":3,"name":"Tarifs","item":"https:\/\/www.trustedtranslations.com\/fr\/entreprise\/tarifs"},{"@type":"ListItem","position":4,"name":"Devis par mot"}]},{"@type":"WebSite","@id":"https:\/\/www.trustedtranslations.com\/fr\/#website","url":"https:\/\/www.trustedtranslations.com\/fr\/","name":"Trusted Translations, Inc.","description":"Leader in translation and interpretation services.","publisher":{"@id":"https:\/\/www.trustedtranslations.com\/fr\/#organization"},"alternateName":"Trusted Translations","potentialAction":[{"@type":"SearchAction","target":{"@type":"EntryPoint","urlTemplate":"https:\/\/www.trustedtranslations.com\/fr\/?s={search_term_string}"},"query-input":{"@type":"PropertyValueSpecification","valueRequired":true,"valueName":"search_term_string"}}],"inLanguage":"fr-FR"},{"@type":"Organization","@id":"https:\/\/www.trustedtranslations.com\/fr\/#organization","name":"Trusted Translations","alternateName":"Trusted Translations, Inc.","url":"https:\/\/www.trustedtranslations.com\/fr\/","logo":{"@type":"ImageObject","inLanguage":"fr-FR","@id":"https:\/\/www.trustedtranslations.com\/fr\/#\/schema\/logo\/image\/","url":"https:\/\/static.trustedtranslations.com\/wp-content\/uploads\/2022\/01\/TT_logo_WSIColors-2.png","contentUrl":"https:\/\/static.trustedtranslations.com\/wp-content\/uploads\/2022\/01\/TT_logo_WSIColors-2.png","width":500,"height":196,"caption":"Trusted Translations"},"image":{"@id":"https:\/\/www.trustedtranslations.com\/fr\/#\/schema\/logo\/image\/"},"sameAs":["https:\/\/www.facebook.com\/Trusted.Translations","https:\/\/x.com\/TrustedT9ns","https:\/\/www.linkedin.com\/company\/trusted-translations"]}]}},"toolset-meta":{"dyk":{"mensaje-1":{"type":"textfield","raw":""},"mensaje-2":{"type":"textfield","raw":"Nous fournissons \u00e0 nos clients des traductions \u00e0 des prix parmi les plus comp\u00e9titifs au monde."},"mensaje-3":{"type":"textfield","raw":"<em>Trusted Translations<\/em> propose des traductions professionnelles de haute qualit\u00e9 aux prix les plus comp\u00e9titifs."},"mensaje-4":{"type":"textfield","raw":""},"mensaje-5":{"type":"textfield","raw":"Trusted Translations offre des d\u00e9lais d'ex\u00e9cution plus rapides, une qualit\u00e9 sup\u00e9rieure et des prix plus avantageux."},"mensaje-6":{"type":"textfield","raw":""}},"single-page-template-fields":{"imgs-temp":{"type":"image","raw":["https:\/\/static.trustedtranslations.com\/wp-content\/uploads\/2022\/05\/Group-125-1.jpg","https:\/\/static.trustedtranslations.com\/wp-content\/uploads\/2022\/05\/Group-126-1-1.jpg"],"repeatable":[{"raw":"https:\/\/static.trustedtranslations.com\/wp-content\/uploads\/2022\/05\/Group-125-1.jpg"},{"raw":"https:\/\/static.trustedtranslations.com\/wp-content\/uploads\/2022\/05\/Group-126-1-1.jpg"}]},"imgs-temp-cel":{"type":"image","raw":[""],"repeatable":[{"raw":""}]},"img-temp-one-cel":{"type":"image","raw":"https:\/\/static.trustedtranslations.com\/wp-content\/uploads\/2022\/05\/Group-126-1-1.jpg","attachment_id":null},"quotes":{"type":"textarea","raw":"<h1 style=\"margin-bottom: 12px;\">Devis de traduction par mot<\/h1>\r\nDans cet environnement mondial hautement concurrentiel, <em>Trusted Translations<\/em> comprend votre besoin de respecter le budget des projets. Ainsi, nous avons mis en place un processus de devis con\u00e7u pour vous fournir le plus de pr\u00e9cision et de d\u00e9tails concernant les prix avant de commencer tout projet de traduction.\r\n<div style=\"margin-top: 2.5vw;\"><a class=\"tt-btn-main-cta\" href=\"https:\/\/www.trustedtranslations.com\/fr\/devis-traduction\">Demandez un devis gratuit<\/a><\/div>"},"text-1":{"type":"textarea","raw":"<h2>Devis par nombre de mots source<\/h2>\r\nPresque tous les projets de traduction commencent par un ensemble de documents source (c'est-\u00e0-dire les documents originaux) qui doivent \u00eatre traduits dans une autre langue (cible). \u00c9tant donn\u00e9 que seuls les documents sources sont disponibles au d\u00e9but d'un projet, nous croyons fermement que le moyen le plus transparent et le plus \u00e9quitable de fixer le prix d'un document consiste \u00e0 utiliser un nombre de mots bas\u00e9 sur la source. Nos outils sophistiqu\u00e9s sont \u00e9quip\u00e9s pour d\u00e9terminer le nombre exact de mots des documents sources, vous fournissant le devis le plus pr\u00e9cis avant de commencer un projet.\r\n\r\nL'utilisation d'un d\u00e9compte de mots de la source permet d'\u00e9viter les tracas et la confusion li\u00e9s au fait de ne disposer que d'un d\u00e9compte de mots estim\u00e9 de la traduction finale (cible) et d'\u00e9liminer toute mauvaise surprise au moment de la facturation. De plus, notre exp\u00e9rience a montr\u00e9 que les clients \u00e9conomisent de l'argent lorsqu'ils utilisent notre m\u00e9thodologie de tarification car les documents sources ont souvent moins de mots que les documents traduits finaux (cibles). Les clients peuvent \u00e9conomiser entre 20 et 30\u00a0% gr\u00e2ce \u00e0 notre m\u00e9thodologie de tarification.\r\n<h2>Devis gratuit<\/h2>\r\n<em>Trusted Translations<\/em> vous fournira un devis gratuit au stade de la budg\u00e9tisation pour vous fournir des chiffres clairs avant de commencer un projet, et ainsi vous aider \u00e0 \u00e9valuer si un projet de traduction donn\u00e9 vous convient \u00e0 ce moment-l\u00e0.\r\n\r\n<a href=\"https:\/\/www.trustedtranslations.com\/fr\/devis-traduction\" target=\"_blank\" rel=\"noopener\">Devis de traduction gratuit par mot<\/a>\r\n<h2>Avantages d'un devis par mot source<\/h2>\r\nVoici quelques-uns des avantages de l'utilisation d'une m\u00e9thodologie de tarification bas\u00e9e sur le nombre de mots source\u00a0:\r\n<ul>\r\n \t<li>Comme la tarification est bas\u00e9e sur les documents sources (qui sont disponibles au d\u00e9but du projet), elle est ferme et ne changera pas en fonction du nombre de mots du texte traduit, tant que vous ne modifiez pas le contenu en entr\u00e9e du processus de traduction.<\/li>\r\n \t<li>Vous \u00e9conomiserez de l'argent. \u00c9tant donn\u00e9 l'expansion naturelle du texte traduit, vous \u00e9conomiserez jusqu'\u00e0 30\u00a0% selon la paire de langues.<\/li>\r\n \t<li>Pas de surprises. Comme le nombre de mots source ne change pas, vous serez s\u00fbr de respecter votre budget.<\/li>\r\n<\/ul>\r\n<h2>Inconv\u00e9nients d'un devis par mot cible<\/h2>\r\nVoici quelques-uns des inconv\u00e9nients de l'utilisation d'une m\u00e9thodologie de tarification bas\u00e9e sur le nombre de mots cibles\u00a0:\r\n<ul>\r\n \t<li>Les devis bas\u00e9s sur des objectifs ne sont que des estimations, car aucune entreprise de traduction ne peut pr\u00e9dire avec pr\u00e9cision le nombre de mots d'un document traduit.<\/li>\r\n \t<li>Vous payez plus. Le nombre de mots cibles a tendance \u00e0 \u00eatre jusqu'\u00e0 30\u00a0% plus \u00e9lev\u00e9 en raison de l'expansion du texte des documents traduits.<\/li>\r\n \t<li>Le prix r\u00e9el \u00e0 facturer n'est connu qu'\u00e0 la fin du processus. Vous devrez attendre que tout le travail soit termin\u00e9 pour obtenir un prix final pour votre projet. Cela peut entra\u00eener de mauvaises surprises au moment de la facturation.<\/li>\r\n<\/ul>"},"shortcode-map":{"type":"textfield","raw":""},"dyk-shortcode":{"type":"textfield","raw":"[elementor-template id=\"146546\"]"},"text-2":{"type":"textarea","raw":"<h2>Devis par nombre de mots cible<\/h2>\r\nIl existe quelques exceptions notables aux crit\u00e8res d'utilisation du nombre de mots source lors de la tarification d'une traduction. Il y a des cas o\u00f9 le meilleur choix est de fixer les prix en fonction du nombre de mots de la langue cible\u00a0:\r\n<ul>\r\n \t<li>Traduction d'un fichier audio sans nombre de mots<\/li>\r\n \t<li>Lorsque le mat\u00e9riel source n'est pas disponible dans un format \u00e9lectronique modifiable (format papier)<\/li>\r\n \t<li>Traduction \u00e0 partir d'une langue \u00e0 \u00e9criture non latine, o\u00f9 le d\u00e9compte des mots se complique car certaines de ces langues n'utilisent pas d'alphabet ou ne s\u00e9parent pas les mots<\/li>\r\n \t<li>Services de relecture finale (Proofreading)<\/li>\r\n<\/ul>\r\nDans ces cas, nous avons constat\u00e9 que la tarification est plus pr\u00e9cise lorsque vous utilisez le nombre de mots de la langue cible par rapport au nombre de mots source.\r\n<h2>Contraction et expansion du texte pour diff\u00e9rentes paires de langues<\/h2>\r\nSur la base de preuves statistiques \u00e0 l'\u00e9chelle de l'industrie et de notre propre exp\u00e9rience de traduction de millions de mots chaque ann\u00e9e, la traduction vers et depuis certaines langues entra\u00eenera soit une expansion du texte, soit une contraction du texte. Cela peut avoir un impact sur les co\u00fbts ainsi que sur la mise en forme du document traduit. Les documents traduits avec expansion de texte peuvent devoir \u00eatre modifi\u00e9s pour contenir plus de texte. Dans le cas de documents juridiques ou de documents r\u00e9glement\u00e9s par une agence gouvernementale, des services de publication assist\u00e9e par ordinateur ou de recr\u00e9ation peuvent \u00eatre n\u00e9cessaires pour garantir que le document final est conforme aux exigences l\u00e9gales en mati\u00e8re de taille de texte et de nombre de pages.\r\n\r\nVoici les points de rep\u00e8re de l'industrie en ce qui concerne l'expansion ou la contraction du texte\u00a0:\r\n<ul>\r\n \t<li>Anglais vers espagnol\u00a0: 20\u00a0% d'expansion<\/li>\r\n \t<li>Anglais vers portugais\u00a0: 20 \u00e0 30\u00a0% d'expansion<\/li>\r\n \t<li>Portugais vers anglais\u00a0: 10 \u00e0 15\u00a0% de contraction<\/li>\r\n \t<li>Espagnol vers anglais\u00a0: 15\u00a0% de contraction<\/li>\r\n \t<li>Anglais vers fran\u00e7ais\u00a0: 15 \u00e0 20\u00a0% d'expansion<\/li>\r\n \t<li>Anglais vers allemand\u00a0: 5 \u00e0 20\u00a0% de contraction<\/li>\r\n \t<li>Anglais vers italien\u00a0: 15\u00a0% d'expansion<\/li>\r\n \t<li>Fran\u00e7ais vers anglais\u00a0: 10 \u00e0 15\u00a0% de contraction<\/li>\r\n \t<li>Allemand vers anglais\u00a0: 5 \u00e0 40\u00a0% d'expansion<\/li>\r\n \t<li>Italien vers anglais\u00a0: 15\u00a0% de contraction<\/li>\r\n \t<li>Espagnol vers anglais\u00a0: 15\u00a0% de contraction<\/li>\r\n<\/ul>\r\n<h2>Prix de la traduction au mot<\/h2>\r\nChez <em>Trusted Translations<\/em>, nous offrons \u00e0 nos clients les prix les plus comp\u00e9titifs et la meilleure qualit\u00e9 de l'industrie. Nous sommes fiers de notre capacit\u00e9 \u00e0 fournir des traductions de haute qualit\u00e9 tout en permettant \u00e0 votre organisation de r\u00e9aliser des \u00e9conomies sur chaque projet. Pour b\u00e9n\u00e9ficier de nos outils de devis gratuits, veuillez nous envoyer les documents que vous envisagez de traduire. Si le projet comporte un grand nombre de mots et est sensible au format, nous vous fournirons un test de traduction gratuit afin de d\u00e9terminer l'impact que toute contraction ou expansion potentielle peut avoir sur le r\u00e9sultat final."},"state":{"type":"textfield","raw":""},"city":{"type":"textarea","raw":[]}}},"_links":{"self":[{"href":"https:\/\/www.trustedtranslations.com\/fr\/wp-json\/wp\/v2\/pages\/128929","targetHints":{"allow":["GET"]}}],"collection":[{"href":"https:\/\/www.trustedtranslations.com\/fr\/wp-json\/wp\/v2\/pages"}],"about":[{"href":"https:\/\/www.trustedtranslations.com\/fr\/wp-json\/wp\/v2\/types\/page"}],"author":[{"embeddable":true,"href":"https:\/\/www.trustedtranslations.com\/fr\/wp-json\/wp\/v2\/users\/1"}],"replies":[{"embeddable":true,"href":"https:\/\/www.trustedtranslations.com\/fr\/wp-json\/wp\/v2\/comments?post=128929"}],"version-history":[{"count":0,"href":"https:\/\/www.trustedtranslations.com\/fr\/wp-json\/wp\/v2\/pages\/128929\/revisions"}],"up":[{"embeddable":true,"href":"https:\/\/www.trustedtranslations.com\/fr\/wp-json\/wp\/v2\/pages\/128924"}],"wp:featuredmedia":[{"embeddable":true,"href":"https:\/\/www.trustedtranslations.com\/fr\/wp-json\/wp\/v2\/media\/139627"}],"wp:attachment":[{"href":"https:\/\/www.trustedtranslations.com\/fr\/wp-json\/wp\/v2\/media?parent=128929"}],"curies":[{"name":"wp","href":"https:\/\/api.w.org\/{rel}","templated":true}]}}