{"id":128936,"date":"2018-07-30T18:50:15","date_gmt":"2018-07-30T18:50:15","guid":{"rendered":"https:\/\/www.trustedtranslations.com\/?page_id=128936"},"modified":"2023-05-10T00:01:38","modified_gmt":"2023-05-10T03:01:38","slug":"clients","status":"publish","type":"page","link":"https:\/\/www.trustedtranslations.com\/fr\/entreprise\/clients","title":{"rendered":"Clients"},"content":{"rendered":"\t\t<div data-elementor-type=\"wp-page\" data-elementor-id=\"128936\" class=\"elementor elementor-128936 elementor-630\" data-elementor-post-type=\"page\">\n\t\t\t\t\t\t<section class=\"elementor-section elementor-top-section elementor-element elementor-element-48e6f6fd elementor-section-boxed elementor-section-height-default elementor-section-height-default\" data-id=\"48e6f6fd\" data-element_type=\"section\" data-e-type=\"section\">\n\t\t\t\t\t\t<div class=\"elementor-container elementor-column-gap-default\">\n\t\t\t\t\t<div class=\"elementor-column elementor-col-100 elementor-top-column elementor-element elementor-element-6c3e0b1d\" data-id=\"6c3e0b1d\" data-element_type=\"column\" data-e-type=\"column\">\n\t\t\t<div class=\"elementor-widget-wrap elementor-element-populated\">\n\t\t\t\t\t\t<div class=\"elementor-element elementor-element-5b8bb9a9 elementor-widget elementor-widget-text-editor\" data-id=\"5b8bb9a9\" data-element_type=\"widget\" data-e-type=\"widget\" data-widget_type=\"text-editor.default\">\n\t\t\t\t\t\t\t\t\t<p>\u00a0<\/p><h1>Clients<\/h1><p>Qu\u2019il s\u2019agisse d\u2019un petit cabinet d\u2019avocats ou d\u2019une grande soci\u00e9t\u00e9 multinationale, <em><em><em>Trusted Translations<\/em><\/em><\/em> offre sa longue exp\u00e9rience \u00e0 votre organisation. Vous trouverez ci-dessous quelques-uns des clients de notre \u00e9quipe.<\/p><div id=\"clientsList\"><h2>Vente Au D\u00e9tail, H\u00f4tellerie Et Autre Services<\/h2><ul><li>A|X Armani Exchange<\/li><li>Airbus<\/li><li>Avon<\/li><li>Blue Parallel<\/li><li>Coca-Cola Enterprises<\/li><li>Delta Airlines<\/li><li>FedEx<\/li><li>H\u00f4tels Hilton<\/li><li>Kraft<\/li><li>Pizza Hut<\/li><li>Quiksilver<\/li><li>Sears Holdings<\/li><li>Ticketmaster<\/li><li>Toys R Us<\/li><li>H\u00f4tel Tristar<\/li><li>Wendy&rsquo;s<\/li><\/ul><h2>Services \u00e9ducatifs<\/h2><ul><li>Career Currency<\/li><li>Universit\u00e9 Cornell<\/li><li>Universit\u00e9 Dartmouth<\/li><li>Universit\u00e9 Fordham<\/li><li>Universit\u00e9 De L&rsquo;\u00c9tat De Michigan<\/li><li>Universit\u00e9 Du Nord De L&rsquo;Arizona<\/li><li>Universit\u00e9 Des Nations Unies<\/li><li>Universit\u00e9 De L&rsquo;Alabama<\/li><li>Universit\u00e9 Du Kansas<\/li><li>Universit\u00e9 Du Maryland<\/li><li>Universit\u00e9 De Miami<\/li><li>Universit\u00e9 Du Michigan<\/li><li>Universit\u00e9 Du Mississippi<\/li><li>Universit\u00e9 Du Nouveau Mexique<\/li><li>Universit\u00e9 De L&rsquo;Oklahoma<\/li><li>Universit\u00e9 De Rochester<\/li><li>Universit\u00e9 Du Commonwealth De Virginie<\/li><\/ul><h2>Gouvernement Local, D&rsquo;\u00c9tat, Et F\u00e9d\u00e9ral<\/h2><ul><li>Agence F\u00e9d\u00e9rale Des Situations D&rsquo;urgence (Federal Emergency Management Agency &#8211; FEMA)<\/li><li>Administration Nationale De L&rsquo;a\u00e9ronautique Et De L&rsquo;espace (National Aeronautics And Space Administration &#8211; NASA)<\/li><li>Comt\u00e9 De Miami-Dade<\/li><li>\u00c9tat De La Californie<\/li><li>\u00c9tat De La Floride<\/li><li>\u00c9tat Du Nebraska<\/li><li>\u00c9tat De New York<\/li><li>Arm\u00e9e Des \u00c9tats-Unis<\/li><li>Corps Des Marines Des \u00c9tats-Unis<\/li><\/ul><h2>Finances Et Assurances<\/h2><ul><li>ABN AMRO<\/li><li>Accenture<\/li><li>AIG<\/li><li>Bank Of America<\/li><li>Banco Santander Central Hispano<\/li><li>Citibank (Banamex USA)<\/li><li>Executive Financial Credit Services<\/li><li>John Hancock Financial Services<\/li><li>PricewaterhouseCoopers<\/li><li>Merrill Lynch<\/li><li>Metlife<\/li><li>Morgan Stanley<\/li><li>SunTrust Banks<\/li><li>Wells Fargo Insurance Services<\/li><\/ul><h2>Services Juridiques<\/h2><ul><li>Akin Gump Strauss Hauer &amp; Feld<\/li><li>Baker &amp; McKenzie<\/li><li>Crowell &amp; Moring<\/li><li>Fletcher, Heald &amp; Hildreth<\/li><li>Florida Department Of Law Enforcement<\/li><li>Gannon &amp; Cottrell<\/li><li>Gavin Law Offices<\/li><li>Greenberg Traurig<\/li><li>Centre De Ressources Habeas Corpus<\/li><li>Hunton &amp; Williams<\/li><li>Lewis Tein<\/li><li>RM Attorneys At Law<\/li><\/ul><h2>Sciences Biologiques, Sant\u00e9 Et Assurances<\/h2><ul><li>American Society Of Plastic Surgeons<\/li><li>BASF<\/li><li>Baxter<\/li><li>CareFirst Du Maryland (Blue Cross\/Blue Shield)<\/li><li>Gen-Probe<\/li><li>Herbalife<\/li><li>Humana<\/li><li>Journal Of Bone And Joint Surgery<\/li><li>H\u00f4pital G\u00e9n\u00e9ral Du Massachusetts<\/li><li>Pfizer<\/li><li>Synthon Pharmaceuticals<\/li><\/ul><h2>Information Et Communication<\/h2><ul><li>ESPN<\/li><li>FIFA &#8211; F\u00e9d\u00e9ration Internationale De Football Association<\/li><li>FOX Video<\/li><li>Hispanic Communications Network<\/li><li>MGM Mirage<\/li><li>Sony Pictures<\/li><li>Time Warner<\/li><li>The Washington Post<\/li><li>Yahoo!<\/li><\/ul><h2>Industrie \/ Logiciels \/ Technologie<\/h2><ul><li>Autodesk<\/li><li>BP<\/li><li>Chamco Industries<\/li><li>Evolvian<\/li><li>Fenner Dunlop Americas<\/li><li>GE Appliances<\/li><li>Goodman Global<\/li><li>GoPro<\/li><li>Huawei Technologies<\/li><li>International Business Machines (IBM)<\/li><li>Kyocera Mita America<\/li><li>L3 &#8211; Communications<\/li><li>Lockheed Martin<\/li><li>Siemens<\/li><li>SkyOnline<\/li><li>Sony Electronics<\/li><li>Toyota<\/li><li>Tucows<\/li><\/ul><h2>Organisations \u00e0 But Non Lucratif<\/h2><ul><li>American Trucking Association<\/li><li>American Health Assistance Foundation<\/li><li>Catholic Charities Adoption Services<\/li><li>Children&rsquo;s Neuroblastoma Cancer Foundation<\/li><li>Global Fund For Children<\/li><li>Girl Scouts &#8211; Great Valley Council<\/li><li>Higher Education For Development<\/li><li>International House Of Blues Foundation<\/li><li>National 4-H Council<\/li><li>National MS Society<\/li><li>Pan American Development Foundation<\/li><li>Prevent Blindness America<\/li><li>Salvation Army<\/li><li>Smithsonian<\/li><li>The GreenTeam Environmental Group<\/li><\/ul><\/div>\t\t\t\t\t\t\t\t<\/div>\n\t\t\t\t\t<\/div>\n\t\t<\/div>\n\t\t\t\t\t<\/div>\n\t\t<\/section>\n\t\t\t\t<\/div>\n\t\t","protected":false},"excerpt":{"rendered":"\u00a0 Clients Qu\u2019il s\u2019agisse d\u2019un petit cabinet d\u2019avocats ou d\u2019une grande soci\u00e9t\u00e9 multinationale, Trusted Translations offre sa longue exp\u00e9rience \u00e0 votre organisation. Vous trouverez ci-dessous quelques-uns des clients de notre\u2026\n","protected":false},"author":1,"featured_media":139627,"parent":128940,"menu_order":0,"comment_status":"closed","ping_status":"closed","template":"","meta":{"site-sidebar-layout":"default","site-content-layout":"default","ast-site-content-layout":"default","site-content-style":"default","site-sidebar-style":"default","ast-global-header-display":"","ast-banner-title-visibility":"","ast-main-header-display":"","ast-hfb-above-header-display":"","ast-hfb-below-header-display":"","ast-hfb-mobile-header-display":"","site-post-title":"disabled","ast-breadcrumbs-content":"","ast-featured-img":"","footer-sml-layout":"","theme-transparent-header-meta":"","adv-header-id-meta":null,"stick-header-meta":null,"header-above-stick-meta":null,"header-main-stick-meta":null,"header-below-stick-meta":null,"astra-migrate-meta-layouts":"default","ast-page-background-enabled":"default","ast-page-background-meta":{"desktop":{"background-color":"var(--ast-global-color-4)","background-image":"","background-repeat":"repeat","background-position":"center center","background-size":"auto","background-attachment":"scroll","background-type":"","background-media":"","overlay-type":"","overlay-color":"","overlay-opacity":"","overlay-gradient":""},"tablet":{"background-color":"","background-image":"","background-repeat":"repeat","background-position":"center center","background-size":"auto","background-attachment":"scroll","background-type":"","background-media":"","overlay-type":"","overlay-color":"","overlay-opacity":"","overlay-gradient":""},"mobile":{"background-color":"","background-image":"","background-repeat":"repeat","background-position":"center center","background-size":"auto","background-attachment":"scroll","background-type":"","background-media":"","overlay-type":"","overlay-color":"","overlay-opacity":"","overlay-gradient":""}},"ast-content-background-meta":{"desktop":{"background-color":"var(--ast-global-color-5)","background-image":"","background-repeat":"repeat","background-position":"center center","background-size":"auto","background-attachment":"scroll","background-type":"","background-media":"","overlay-type":"","overlay-color":"","overlay-opacity":"","overlay-gradient":""},"tablet":{"background-color":"var(--ast-global-color-5)","background-image":"","background-repeat":"repeat","background-position":"center center","background-size":"auto","background-attachment":"scroll","background-type":"","background-media":"","overlay-type":"","overlay-color":"","overlay-opacity":"","overlay-gradient":""},"mobile":{"background-color":"var(--ast-global-color-5)","background-image":"","background-repeat":"repeat","background-position":"center center","background-size":"auto","background-attachment":"scroll","background-type":"","background-media":"","overlay-type":"","overlay-color":"","overlay-opacity":"","overlay-gradient":""}},"footnotes":""},"class_list":["post-128936","page","type-page","status-publish","has-post-thumbnail","hentry"],"yoast_head":"<!-- This site is optimized with the Yoast SEO plugin v27.5 - https:\/\/yoast.com\/product\/yoast-seo-wordpress\/ -->\n<title>Clients qui font confiance \u00e0 Trusted Translations<\/title>\n<meta name=\"description\" content=\"Voici certains des clients qui font confiance \u00e0 Trusted Translations Demandez un devis ou une estimation gratuit(e).\" \/>\n<meta name=\"robots\" content=\"index, follow, max-snippet:-1, max-image-preview:large, max-video-preview:-1\" \/>\n<link rel=\"canonical\" href=\"https:\/\/www.trustedtranslations.com\/fr\/entreprise\/clients\" \/>\n<meta property=\"og:locale\" content=\"fr_FR\" \/>\n<meta property=\"og:type\" content=\"article\" \/>\n<meta property=\"og:title\" content=\"Clients qui font confiance \u00e0 Trusted Translations\" \/>\n<meta property=\"og:description\" content=\"Voici certains des clients qui font confiance \u00e0 Trusted Translations Demandez un devis ou une estimation gratuit(e).\" \/>\n<meta property=\"og:url\" content=\"https:\/\/www.trustedtranslations.com\/fr\/entreprise\/clients\" \/>\n<meta property=\"og:site_name\" content=\"Trusted Translations, Inc.\" \/>\n<meta property=\"article:publisher\" content=\"https:\/\/www.facebook.com\/Trusted.Translations\" \/>\n<meta property=\"article:modified_time\" content=\"2023-05-10T03:01:38+00:00\" \/>\n<meta property=\"og:image\" content=\"https:\/\/static.trustedtranslations.com\/wp-content\/uploads\/2022\/03\/TT_NEW_FB-1.png\" \/>\n\t<meta property=\"og:image:width\" content=\"1038\" \/>\n\t<meta property=\"og:image:height\" content=\"1038\" \/>\n\t<meta property=\"og:image:type\" content=\"image\/png\" \/>\n<meta name=\"twitter:card\" content=\"summary_large_image\" \/>\n<meta name=\"twitter:site\" content=\"@TrustedT9ns\" \/>\n<script type=\"application\/ld+json\" class=\"yoast-schema-graph\">{\"@context\":\"https:\\\/\\\/schema.org\",\"@graph\":[{\"@type\":\"WebPage\",\"@id\":\"https:\\\/\\\/www.trustedtranslations.com\\\/fr\\\/entreprise\\\/clients\",\"url\":\"https:\\\/\\\/www.trustedtranslations.com\\\/fr\\\/entreprise\\\/clients\",\"name\":\"Clients qui font confiance \u00e0 Trusted Translations\",\"isPartOf\":{\"@id\":\"https:\\\/\\\/www.trustedtranslations.com\\\/fr\\\/#website\"},\"primaryImageOfPage\":{\"@id\":\"https:\\\/\\\/www.trustedtranslations.com\\\/fr\\\/entreprise\\\/clients#primaryimage\"},\"image\":{\"@id\":\"https:\\\/\\\/www.trustedtranslations.com\\\/fr\\\/entreprise\\\/clients#primaryimage\"},\"thumbnailUrl\":\"https:\\\/\\\/www.trustedtranslations.com\\\/wp-content\\\/uploads\\\/2022\\\/03\\\/TT_NEW_FB-1.png\",\"description\":\"Voici certains des clients qui font confiance \u00e0 Trusted Translations Demandez un devis ou une estimation gratuit(e).\",\"breadcrumb\":{\"@id\":\"https:\\\/\\\/www.trustedtranslations.com\\\/fr\\\/entreprise\\\/clients#breadcrumb\"},\"inLanguage\":\"fr-FR\",\"potentialAction\":[{\"@type\":\"ReadAction\",\"target\":[\"https:\\\/\\\/www.trustedtranslations.com\\\/fr\\\/entreprise\\\/clients\"]}]},{\"@type\":\"ImageObject\",\"inLanguage\":\"fr-FR\",\"@id\":\"https:\\\/\\\/www.trustedtranslations.com\\\/fr\\\/entreprise\\\/clients#primaryimage\",\"url\":\"https:\\\/\\\/www.trustedtranslations.com\\\/wp-content\\\/uploads\\\/2022\\\/03\\\/TT_NEW_FB-1.png\",\"contentUrl\":\"https:\\\/\\\/www.trustedtranslations.com\\\/wp-content\\\/uploads\\\/2022\\\/03\\\/TT_NEW_FB-1.png\",\"width\":1038,\"height\":1038,\"caption\":\"TT NEW FB 1\"},{\"@type\":\"BreadcrumbList\",\"@id\":\"https:\\\/\\\/www.trustedtranslations.com\\\/fr\\\/entreprise\\\/clients#breadcrumb\",\"itemListElement\":[{\"@type\":\"ListItem\",\"position\":1,\"name\":\"Accueil\",\"item\":\"https:\\\/\\\/www.trustedtranslations.com\\\/fr\"},{\"@type\":\"ListItem\",\"position\":2,\"name\":\"Qui sommes-nous\u00a0?\",\"item\":\"https:\\\/\\\/www.trustedtranslations.com\\\/fr\\\/entreprise\"},{\"@type\":\"ListItem\",\"position\":3,\"name\":\"Clients\"}]},{\"@type\":\"WebSite\",\"@id\":\"https:\\\/\\\/www.trustedtranslations.com\\\/fr\\\/#website\",\"url\":\"https:\\\/\\\/www.trustedtranslations.com\\\/fr\\\/\",\"name\":\"Trusted Translations, Inc.\",\"description\":\"Leader in translation and interpretation services.\",\"publisher\":{\"@id\":\"https:\\\/\\\/www.trustedtranslations.com\\\/fr\\\/#organization\"},\"alternateName\":\"Trusted Translations\",\"potentialAction\":[{\"@type\":\"SearchAction\",\"target\":{\"@type\":\"EntryPoint\",\"urlTemplate\":\"https:\\\/\\\/www.trustedtranslations.com\\\/fr\\\/?s={search_term_string}\"},\"query-input\":{\"@type\":\"PropertyValueSpecification\",\"valueRequired\":true,\"valueName\":\"search_term_string\"}}],\"inLanguage\":\"fr-FR\"},{\"@type\":\"Organization\",\"@id\":\"https:\\\/\\\/www.trustedtranslations.com\\\/fr\\\/#organization\",\"name\":\"Trusted Translations\",\"alternateName\":\"Trusted Translations, Inc.\",\"url\":\"https:\\\/\\\/www.trustedtranslations.com\\\/fr\\\/\",\"logo\":{\"@type\":\"ImageObject\",\"inLanguage\":\"fr-FR\",\"@id\":\"https:\\\/\\\/www.trustedtranslations.com\\\/fr\\\/#\\\/schema\\\/logo\\\/image\\\/\",\"url\":\"https:\\\/\\\/static.trustedtranslations.com\\\/wp-content\\\/uploads\\\/2022\\\/01\\\/TT_logo_WSIColors-2.png\",\"contentUrl\":\"https:\\\/\\\/static.trustedtranslations.com\\\/wp-content\\\/uploads\\\/2022\\\/01\\\/TT_logo_WSIColors-2.png\",\"width\":500,\"height\":196,\"caption\":\"Trusted Translations\"},\"image\":{\"@id\":\"https:\\\/\\\/www.trustedtranslations.com\\\/fr\\\/#\\\/schema\\\/logo\\\/image\\\/\"},\"sameAs\":[\"https:\\\/\\\/www.facebook.com\\\/Trusted.Translations\",\"https:\\\/\\\/x.com\\\/TrustedT9ns\",\"https:\\\/\\\/www.linkedin.com\\\/company\\\/trusted-translations\"]}]}<\/script>\n<!-- \/ Yoast SEO plugin. -->","yoast_head_json":{"title":"Clients qui font confiance \u00e0 Trusted Translations","description":"Voici certains des clients qui font confiance \u00e0 Trusted Translations Demandez un devis ou une estimation gratuit(e).","robots":{"index":"index","follow":"follow","max-snippet":"max-snippet:-1","max-image-preview":"max-image-preview:large","max-video-preview":"max-video-preview:-1"},"canonical":"https:\/\/www.trustedtranslations.com\/fr\/entreprise\/clients","og_locale":"fr_FR","og_type":"article","og_title":"Clients qui font confiance \u00e0 Trusted Translations","og_description":"Voici certains des clients qui font confiance \u00e0 Trusted Translations Demandez un devis ou une estimation gratuit(e).","og_url":"https:\/\/www.trustedtranslations.com\/fr\/entreprise\/clients","og_site_name":"Trusted Translations, Inc.","article_publisher":"https:\/\/www.facebook.com\/Trusted.Translations","article_modified_time":"2023-05-10T03:01:38+00:00","og_image":[{"width":1038,"height":1038,"url":"https:\/\/static.trustedtranslations.com\/wp-content\/uploads\/2022\/03\/TT_NEW_FB-1.png","type":"image\/png"}],"twitter_card":"summary_large_image","twitter_site":"@TrustedT9ns","schema":{"@context":"https:\/\/schema.org","@graph":[{"@type":"WebPage","@id":"https:\/\/www.trustedtranslations.com\/fr\/entreprise\/clients","url":"https:\/\/www.trustedtranslations.com\/fr\/entreprise\/clients","name":"Clients qui font confiance \u00e0 Trusted Translations","isPartOf":{"@id":"https:\/\/www.trustedtranslations.com\/fr\/#website"},"primaryImageOfPage":{"@id":"https:\/\/www.trustedtranslations.com\/fr\/entreprise\/clients#primaryimage"},"image":{"@id":"https:\/\/www.trustedtranslations.com\/fr\/entreprise\/clients#primaryimage"},"thumbnailUrl":"https:\/\/www.trustedtranslations.com\/wp-content\/uploads\/2022\/03\/TT_NEW_FB-1.png","description":"Voici certains des clients qui font confiance \u00e0 Trusted Translations Demandez un devis ou une estimation gratuit(e).","breadcrumb":{"@id":"https:\/\/www.trustedtranslations.com\/fr\/entreprise\/clients#breadcrumb"},"inLanguage":"fr-FR","potentialAction":[{"@type":"ReadAction","target":["https:\/\/www.trustedtranslations.com\/fr\/entreprise\/clients"]}]},{"@type":"ImageObject","inLanguage":"fr-FR","@id":"https:\/\/www.trustedtranslations.com\/fr\/entreprise\/clients#primaryimage","url":"https:\/\/www.trustedtranslations.com\/wp-content\/uploads\/2022\/03\/TT_NEW_FB-1.png","contentUrl":"https:\/\/www.trustedtranslations.com\/wp-content\/uploads\/2022\/03\/TT_NEW_FB-1.png","width":1038,"height":1038,"caption":"TT NEW FB 1"},{"@type":"BreadcrumbList","@id":"https:\/\/www.trustedtranslations.com\/fr\/entreprise\/clients#breadcrumb","itemListElement":[{"@type":"ListItem","position":1,"name":"Accueil","item":"https:\/\/www.trustedtranslations.com\/fr"},{"@type":"ListItem","position":2,"name":"Qui sommes-nous\u00a0?","item":"https:\/\/www.trustedtranslations.com\/fr\/entreprise"},{"@type":"ListItem","position":3,"name":"Clients"}]},{"@type":"WebSite","@id":"https:\/\/www.trustedtranslations.com\/fr\/#website","url":"https:\/\/www.trustedtranslations.com\/fr\/","name":"Trusted Translations, Inc.","description":"Leader in translation and interpretation services.","publisher":{"@id":"https:\/\/www.trustedtranslations.com\/fr\/#organization"},"alternateName":"Trusted Translations","potentialAction":[{"@type":"SearchAction","target":{"@type":"EntryPoint","urlTemplate":"https:\/\/www.trustedtranslations.com\/fr\/?s={search_term_string}"},"query-input":{"@type":"PropertyValueSpecification","valueRequired":true,"valueName":"search_term_string"}}],"inLanguage":"fr-FR"},{"@type":"Organization","@id":"https:\/\/www.trustedtranslations.com\/fr\/#organization","name":"Trusted Translations","alternateName":"Trusted Translations, Inc.","url":"https:\/\/www.trustedtranslations.com\/fr\/","logo":{"@type":"ImageObject","inLanguage":"fr-FR","@id":"https:\/\/www.trustedtranslations.com\/fr\/#\/schema\/logo\/image\/","url":"https:\/\/static.trustedtranslations.com\/wp-content\/uploads\/2022\/01\/TT_logo_WSIColors-2.png","contentUrl":"https:\/\/static.trustedtranslations.com\/wp-content\/uploads\/2022\/01\/TT_logo_WSIColors-2.png","width":500,"height":196,"caption":"Trusted Translations"},"image":{"@id":"https:\/\/www.trustedtranslations.com\/fr\/#\/schema\/logo\/image\/"},"sameAs":["https:\/\/www.facebook.com\/Trusted.Translations","https:\/\/x.com\/TrustedT9ns","https:\/\/www.linkedin.com\/company\/trusted-translations"]}]}},"toolset-meta":{"dyk":{"mensaje-1":{"type":"textfield","raw":""},"mensaje-2":{"type":"textfield","raw":""},"mensaje-3":{"type":"textfield","raw":""},"mensaje-4":{"type":"textfield","raw":""},"mensaje-5":{"type":"textfield","raw":""},"mensaje-6":{"type":"textfield","raw":""}},"single-page-template-fields":{"imgs-temp":{"type":"image","raw":[],"repeatable":[]},"imgs-temp-cel":{"type":"image","raw":[],"repeatable":[]},"img-temp-one-cel":{"type":"image","raw":"","attachment_id":null},"quotes":{"type":"textarea","raw":""},"text-1":{"type":"textarea","raw":""},"shortcode-map":{"type":"textfield","raw":""},"dyk-shortcode":{"type":"textfield","raw":""},"text-2":{"type":"textarea","raw":""},"state":{"type":"textfield","raw":""},"city":{"type":"textarea","raw":[]}}},"_links":{"self":[{"href":"https:\/\/www.trustedtranslations.com\/fr\/wp-json\/wp\/v2\/pages\/128936","targetHints":{"allow":["GET"]}}],"collection":[{"href":"https:\/\/www.trustedtranslations.com\/fr\/wp-json\/wp\/v2\/pages"}],"about":[{"href":"https:\/\/www.trustedtranslations.com\/fr\/wp-json\/wp\/v2\/types\/page"}],"author":[{"embeddable":true,"href":"https:\/\/www.trustedtranslations.com\/fr\/wp-json\/wp\/v2\/users\/1"}],"replies":[{"embeddable":true,"href":"https:\/\/www.trustedtranslations.com\/fr\/wp-json\/wp\/v2\/comments?post=128936"}],"version-history":[{"count":0,"href":"https:\/\/www.trustedtranslations.com\/fr\/wp-json\/wp\/v2\/pages\/128936\/revisions"}],"up":[{"embeddable":true,"href":"https:\/\/www.trustedtranslations.com\/fr\/wp-json\/wp\/v2\/pages\/128940"}],"wp:featuredmedia":[{"embeddable":true,"href":"https:\/\/www.trustedtranslations.com\/fr\/wp-json\/wp\/v2\/media\/139627"}],"wp:attachment":[{"href":"https:\/\/www.trustedtranslations.com\/fr\/wp-json\/wp\/v2\/media?parent=128936"}],"curies":[{"name":"wp","href":"https:\/\/api.w.org\/{rel}","templated":true}]}}