{"id":128941,"date":"2018-07-30T17:14:11","date_gmt":"2018-07-30T17:14:11","guid":{"rendered":"https:\/\/www.trustedtranslations.com\/?page_id=128941"},"modified":"2024-11-06T16:16:51","modified_gmt":"2024-11-06T19:16:51","slug":"multilingue","status":"publish","type":"page","link":"https:\/\/www.trustedtranslations.com\/fr\/langues\/multilingue","title":{"rendered":"Multilingue"},"content":{"rendered":"","protected":false},"excerpt":{"rendered":"","protected":false},"author":1,"featured_media":139627,"parent":129037,"menu_order":0,"comment_status":"closed","ping_status":"closed","template":"","meta":{"site-sidebar-layout":"default","site-content-layout":"default","ast-site-content-layout":"default","site-content-style":"default","site-sidebar-style":"default","ast-global-header-display":"","ast-banner-title-visibility":"","ast-main-header-display":"","ast-hfb-above-header-display":"","ast-hfb-below-header-display":"","ast-hfb-mobile-header-display":"","site-post-title":"disabled","ast-breadcrumbs-content":"","ast-featured-img":"","footer-sml-layout":"","theme-transparent-header-meta":"default","adv-header-id-meta":"","stick-header-meta":"","header-above-stick-meta":"","header-main-stick-meta":"","header-below-stick-meta":"","astra-migrate-meta-layouts":"set","ast-page-background-enabled":"default","ast-page-background-meta":{"desktop":{"background-color":"var(--ast-global-color-4)","background-image":"","background-repeat":"repeat","background-position":"center center","background-size":"auto","background-attachment":"scroll","background-type":"","background-media":"","overlay-type":"","overlay-color":"","overlay-opacity":"","overlay-gradient":""},"tablet":{"background-color":"","background-image":"","background-repeat":"repeat","background-position":"center center","background-size":"auto","background-attachment":"scroll","background-type":"","background-media":"","overlay-type":"","overlay-color":"","overlay-opacity":"","overlay-gradient":""},"mobile":{"background-color":"","background-image":"","background-repeat":"repeat","background-position":"center center","background-size":"auto","background-attachment":"scroll","background-type":"","background-media":"","overlay-type":"","overlay-color":"","overlay-opacity":"","overlay-gradient":""}},"ast-content-background-meta":{"desktop":{"background-color":"var(--ast-global-color-5)","background-image":"","background-repeat":"repeat","background-position":"center center","background-size":"auto","background-attachment":"scroll","background-type":"","background-media":"","overlay-type":"","overlay-color":"","overlay-opacity":"","overlay-gradient":""},"tablet":{"background-color":"var(--ast-global-color-5)","background-image":"","background-repeat":"repeat","background-position":"center center","background-size":"auto","background-attachment":"scroll","background-type":"","background-media":"","overlay-type":"","overlay-color":"","overlay-opacity":"","overlay-gradient":""},"mobile":{"background-color":"var(--ast-global-color-5)","background-image":"","background-repeat":"repeat","background-position":"center center","background-size":"auto","background-attachment":"scroll","background-type":"","background-media":"","overlay-type":"","overlay-color":"","overlay-opacity":"","overlay-gradient":""}},"footnotes":""},"class_list":["post-128941","page","type-page","status-publish","has-post-thumbnail","hentry"],"yoast_head":"<!-- This site is optimized with the Yoast SEO plugin v27.5 - https:\/\/yoast.com\/product\/yoast-seo-wordpress\/ -->\n<title>Traduction multilingue\u00a0: Trusted Translations<\/title>\n<meta name=\"description\" content=\"Services de traduction multilingue dans plus de 140\u00a0langues par des \u00e9quipes de traducteurs experts aux meilleurs tarifs. Demandez un devis ou un conseil gratuit.\" \/>\n<meta name=\"robots\" content=\"index, follow, max-snippet:-1, max-image-preview:large, max-video-preview:-1\" \/>\n<link rel=\"canonical\" href=\"https:\/\/www.trustedtranslations.com\/fr\/langues\/multilingue\" \/>\n<meta property=\"og:locale\" content=\"fr_FR\" \/>\n<meta property=\"og:type\" content=\"article\" \/>\n<meta property=\"og:title\" content=\"Traduction multilingue\u00a0: Trusted Translations\" \/>\n<meta property=\"og:description\" content=\"Services de traduction multilingue dans plus de 140\u00a0langues par des \u00e9quipes de traducteurs experts aux meilleurs tarifs. Demandez un devis ou un conseil gratuit.\" \/>\n<meta property=\"og:url\" content=\"https:\/\/www.trustedtranslations.com\/fr\/langues\/multilingue\" \/>\n<meta property=\"og:site_name\" content=\"Trusted Translations, Inc.\" \/>\n<meta property=\"article:publisher\" content=\"https:\/\/www.facebook.com\/Trusted.Translations\" \/>\n<meta property=\"article:modified_time\" content=\"2024-11-06T19:16:51+00:00\" \/>\n<meta property=\"og:image\" content=\"https:\/\/static.trustedtranslations.com\/wp-content\/uploads\/2022\/03\/TT_NEW_FB-1.png\" \/>\n\t<meta property=\"og:image:width\" content=\"1038\" \/>\n\t<meta property=\"og:image:height\" content=\"1038\" \/>\n\t<meta property=\"og:image:type\" content=\"image\/png\" \/>\n<meta name=\"twitter:card\" content=\"summary_large_image\" \/>\n<meta name=\"twitter:site\" content=\"@TrustedT9ns\" \/>\n<script type=\"application\/ld+json\" class=\"yoast-schema-graph\">{\"@context\":\"https:\\\/\\\/schema.org\",\"@graph\":[{\"@type\":\"WebPage\",\"@id\":\"https:\\\/\\\/www.trustedtranslations.com\\\/fr\\\/langues\\\/multilingue\",\"url\":\"https:\\\/\\\/www.trustedtranslations.com\\\/fr\\\/langues\\\/multilingue\",\"name\":\"Traduction multilingue\u00a0: Trusted Translations\",\"isPartOf\":{\"@id\":\"https:\\\/\\\/www.trustedtranslations.com\\\/fr\\\/#website\"},\"primaryImageOfPage\":{\"@id\":\"https:\\\/\\\/www.trustedtranslations.com\\\/fr\\\/langues\\\/multilingue#primaryimage\"},\"image\":{\"@id\":\"https:\\\/\\\/www.trustedtranslations.com\\\/fr\\\/langues\\\/multilingue#primaryimage\"},\"thumbnailUrl\":\"https:\\\/\\\/www.trustedtranslations.com\\\/wp-content\\\/uploads\\\/2022\\\/03\\\/TT_NEW_FB-1.png\",\"description\":\"Services de traduction multilingue dans plus de 140\u00a0langues par des \u00e9quipes de traducteurs experts aux meilleurs tarifs. Demandez un devis ou un conseil gratuit.\",\"breadcrumb\":{\"@id\":\"https:\\\/\\\/www.trustedtranslations.com\\\/fr\\\/langues\\\/multilingue#breadcrumb\"},\"inLanguage\":\"fr-FR\",\"potentialAction\":[{\"@type\":\"ReadAction\",\"target\":[\"https:\\\/\\\/www.trustedtranslations.com\\\/fr\\\/langues\\\/multilingue\"]}]},{\"@type\":\"ImageObject\",\"inLanguage\":\"fr-FR\",\"@id\":\"https:\\\/\\\/www.trustedtranslations.com\\\/fr\\\/langues\\\/multilingue#primaryimage\",\"url\":\"https:\\\/\\\/www.trustedtranslations.com\\\/wp-content\\\/uploads\\\/2022\\\/03\\\/TT_NEW_FB-1.png\",\"contentUrl\":\"https:\\\/\\\/www.trustedtranslations.com\\\/wp-content\\\/uploads\\\/2022\\\/03\\\/TT_NEW_FB-1.png\",\"width\":1038,\"height\":1038,\"caption\":\"TT NEW FB 1\"},{\"@type\":\"BreadcrumbList\",\"@id\":\"https:\\\/\\\/www.trustedtranslations.com\\\/fr\\\/langues\\\/multilingue#breadcrumb\",\"itemListElement\":[{\"@type\":\"ListItem\",\"position\":1,\"name\":\"Accueil\",\"item\":\"https:\\\/\\\/www.trustedtranslations.com\\\/fr\"},{\"@type\":\"ListItem\",\"position\":2,\"name\":\"Langues\",\"item\":\"https:\\\/\\\/www.trustedtranslations.com\\\/fr\\\/langues\"},{\"@type\":\"ListItem\",\"position\":3,\"name\":\"Multilingue\"}]},{\"@type\":\"WebSite\",\"@id\":\"https:\\\/\\\/www.trustedtranslations.com\\\/fr\\\/#website\",\"url\":\"https:\\\/\\\/www.trustedtranslations.com\\\/fr\\\/\",\"name\":\"Trusted Translations, Inc.\",\"description\":\"Leader in translation and interpretation services.\",\"publisher\":{\"@id\":\"https:\\\/\\\/www.trustedtranslations.com\\\/fr\\\/#organization\"},\"alternateName\":\"Trusted Translations\",\"potentialAction\":[{\"@type\":\"SearchAction\",\"target\":{\"@type\":\"EntryPoint\",\"urlTemplate\":\"https:\\\/\\\/www.trustedtranslations.com\\\/fr\\\/?s={search_term_string}\"},\"query-input\":{\"@type\":\"PropertyValueSpecification\",\"valueRequired\":true,\"valueName\":\"search_term_string\"}}],\"inLanguage\":\"fr-FR\"},{\"@type\":\"Organization\",\"@id\":\"https:\\\/\\\/www.trustedtranslations.com\\\/fr\\\/#organization\",\"name\":\"Trusted Translations\",\"alternateName\":\"Trusted Translations, Inc.\",\"url\":\"https:\\\/\\\/www.trustedtranslations.com\\\/fr\\\/\",\"logo\":{\"@type\":\"ImageObject\",\"inLanguage\":\"fr-FR\",\"@id\":\"https:\\\/\\\/www.trustedtranslations.com\\\/fr\\\/#\\\/schema\\\/logo\\\/image\\\/\",\"url\":\"https:\\\/\\\/static.trustedtranslations.com\\\/wp-content\\\/uploads\\\/2022\\\/01\\\/TT_logo_WSIColors-2.png\",\"contentUrl\":\"https:\\\/\\\/static.trustedtranslations.com\\\/wp-content\\\/uploads\\\/2022\\\/01\\\/TT_logo_WSIColors-2.png\",\"width\":500,\"height\":196,\"caption\":\"Trusted Translations\"},\"image\":{\"@id\":\"https:\\\/\\\/www.trustedtranslations.com\\\/fr\\\/#\\\/schema\\\/logo\\\/image\\\/\"},\"sameAs\":[\"https:\\\/\\\/www.facebook.com\\\/Trusted.Translations\",\"https:\\\/\\\/x.com\\\/TrustedT9ns\",\"https:\\\/\\\/www.linkedin.com\\\/company\\\/trusted-translations\"]}]}<\/script>\n<!-- \/ Yoast SEO plugin. -->","yoast_head_json":{"title":"Traduction multilingue\u00a0: Trusted Translations","description":"Services de traduction multilingue dans plus de 140\u00a0langues par des \u00e9quipes de traducteurs experts aux meilleurs tarifs. Demandez un devis ou un conseil gratuit.","robots":{"index":"index","follow":"follow","max-snippet":"max-snippet:-1","max-image-preview":"max-image-preview:large","max-video-preview":"max-video-preview:-1"},"canonical":"https:\/\/www.trustedtranslations.com\/fr\/langues\/multilingue","og_locale":"fr_FR","og_type":"article","og_title":"Traduction multilingue\u00a0: Trusted Translations","og_description":"Services de traduction multilingue dans plus de 140\u00a0langues par des \u00e9quipes de traducteurs experts aux meilleurs tarifs. Demandez un devis ou un conseil gratuit.","og_url":"https:\/\/www.trustedtranslations.com\/fr\/langues\/multilingue","og_site_name":"Trusted Translations, Inc.","article_publisher":"https:\/\/www.facebook.com\/Trusted.Translations","article_modified_time":"2024-11-06T19:16:51+00:00","og_image":[{"width":1038,"height":1038,"url":"https:\/\/static.trustedtranslations.com\/wp-content\/uploads\/2022\/03\/TT_NEW_FB-1.png","type":"image\/png"}],"twitter_card":"summary_large_image","twitter_site":"@TrustedT9ns","schema":{"@context":"https:\/\/schema.org","@graph":[{"@type":"WebPage","@id":"https:\/\/www.trustedtranslations.com\/fr\/langues\/multilingue","url":"https:\/\/www.trustedtranslations.com\/fr\/langues\/multilingue","name":"Traduction multilingue\u00a0: Trusted Translations","isPartOf":{"@id":"https:\/\/www.trustedtranslations.com\/fr\/#website"},"primaryImageOfPage":{"@id":"https:\/\/www.trustedtranslations.com\/fr\/langues\/multilingue#primaryimage"},"image":{"@id":"https:\/\/www.trustedtranslations.com\/fr\/langues\/multilingue#primaryimage"},"thumbnailUrl":"https:\/\/www.trustedtranslations.com\/wp-content\/uploads\/2022\/03\/TT_NEW_FB-1.png","description":"Services de traduction multilingue dans plus de 140\u00a0langues par des \u00e9quipes de traducteurs experts aux meilleurs tarifs. Demandez un devis ou un conseil gratuit.","breadcrumb":{"@id":"https:\/\/www.trustedtranslations.com\/fr\/langues\/multilingue#breadcrumb"},"inLanguage":"fr-FR","potentialAction":[{"@type":"ReadAction","target":["https:\/\/www.trustedtranslations.com\/fr\/langues\/multilingue"]}]},{"@type":"ImageObject","inLanguage":"fr-FR","@id":"https:\/\/www.trustedtranslations.com\/fr\/langues\/multilingue#primaryimage","url":"https:\/\/www.trustedtranslations.com\/wp-content\/uploads\/2022\/03\/TT_NEW_FB-1.png","contentUrl":"https:\/\/www.trustedtranslations.com\/wp-content\/uploads\/2022\/03\/TT_NEW_FB-1.png","width":1038,"height":1038,"caption":"TT NEW FB 1"},{"@type":"BreadcrumbList","@id":"https:\/\/www.trustedtranslations.com\/fr\/langues\/multilingue#breadcrumb","itemListElement":[{"@type":"ListItem","position":1,"name":"Accueil","item":"https:\/\/www.trustedtranslations.com\/fr"},{"@type":"ListItem","position":2,"name":"Langues","item":"https:\/\/www.trustedtranslations.com\/fr\/langues"},{"@type":"ListItem","position":3,"name":"Multilingue"}]},{"@type":"WebSite","@id":"https:\/\/www.trustedtranslations.com\/fr\/#website","url":"https:\/\/www.trustedtranslations.com\/fr\/","name":"Trusted Translations, Inc.","description":"Leader in translation and interpretation services.","publisher":{"@id":"https:\/\/www.trustedtranslations.com\/fr\/#organization"},"alternateName":"Trusted Translations","potentialAction":[{"@type":"SearchAction","target":{"@type":"EntryPoint","urlTemplate":"https:\/\/www.trustedtranslations.com\/fr\/?s={search_term_string}"},"query-input":{"@type":"PropertyValueSpecification","valueRequired":true,"valueName":"search_term_string"}}],"inLanguage":"fr-FR"},{"@type":"Organization","@id":"https:\/\/www.trustedtranslations.com\/fr\/#organization","name":"Trusted Translations","alternateName":"Trusted Translations, Inc.","url":"https:\/\/www.trustedtranslations.com\/fr\/","logo":{"@type":"ImageObject","inLanguage":"fr-FR","@id":"https:\/\/www.trustedtranslations.com\/fr\/#\/schema\/logo\/image\/","url":"https:\/\/static.trustedtranslations.com\/wp-content\/uploads\/2022\/01\/TT_logo_WSIColors-2.png","contentUrl":"https:\/\/static.trustedtranslations.com\/wp-content\/uploads\/2022\/01\/TT_logo_WSIColors-2.png","width":500,"height":196,"caption":"Trusted Translations"},"image":{"@id":"https:\/\/www.trustedtranslations.com\/fr\/#\/schema\/logo\/image\/"},"sameAs":["https:\/\/www.facebook.com\/Trusted.Translations","https:\/\/x.com\/TrustedT9ns","https:\/\/www.linkedin.com\/company\/trusted-translations"]}]}},"toolset-meta":{"dyk":{"mensaje-1":{"type":"textfield","raw":""},"mensaje-2":{"type":"textfield","raw":""},"mensaje-3":{"type":"textfield","raw":"Une traduction de haute qualit\u00e9 garantit l\u2019int\u00e9grit\u00e9 de la marque lorsqu\u2019elle s\u2019internationalise."},"mensaje-4":{"type":"textfield","raw":""},"mensaje-5":{"type":"textfield","raw":""},"mensaje-6":{"type":"textfield","raw":""}},"single-page-template-fields":{"imgs-temp":{"type":"image","raw":["https:\/\/static.trustedtranslations.com\/wp-content\/uploads\/2024\/06\/multilingual-1.webp","https:\/\/static.trustedtranslations.com\/wp-content\/uploads\/2024\/06\/multilingual-2-1.webp","https:\/\/static.trustedtranslations.com\/wp-content\/uploads\/2024\/06\/multilingual-3-1.webp","https:\/\/static.trustedtranslations.com\/wp-content\/uploads\/2024\/06\/multilingual-4-1.webp"],"repeatable":[{"raw":"https:\/\/static.trustedtranslations.com\/wp-content\/uploads\/2024\/06\/multilingual-1.webp"},{"raw":"https:\/\/static.trustedtranslations.com\/wp-content\/uploads\/2024\/06\/multilingual-2-1.webp"},{"raw":"https:\/\/static.trustedtranslations.com\/wp-content\/uploads\/2024\/06\/multilingual-3-1.webp"},{"raw":"https:\/\/static.trustedtranslations.com\/wp-content\/uploads\/2024\/06\/multilingual-4-1.webp"}]},"imgs-temp-cel":{"type":"image","raw":[""],"repeatable":[{"raw":""}]},"img-temp-one-cel":{"type":"image","raw":"https:\/\/static.trustedtranslations.com\/wp-content\/uploads\/2024\/06\/AdobeStock_284692807-3-1.webp","attachment_id":null},"quotes":{"type":"textarea","raw":"<h1 style=\"margin-bottom: 12px;\">Services de traduction multilingue<\/h1>Trusted Translations, leader reconnu des services de traduction multilingue, r\u00e9pond aux besoins de traduction des plus grandes organisations internationales dans plus de 140 langues. Nos \u00e9quipes d\u2019experts vous fournissent une gamme compl\u00e8te de services de traduction multilingue, notamment la traduction de documents, la localisation de sites Web, la localisation et l\u2019internationalisation de logiciels, le doublage et le sous-titrage, etc.<div style=\"margin-top: 2.5vw;\"><a class=\"tt-btn-main-cta\" href=\"\/fr\/devis-traduction\">\/fr\/langues\/multilingue<\/a><\/div>"},"text-1":{"type":"textarea","raw":"<h2 style=\"margin-bottom:20px\">Un savoir-faire d\u00e9montr\u00e9<\/h2>\r\nDes organisations de renomm\u00e9e mondiale, telles que les Nations Unies et la NASA, font appel \u00e0 <em>Trusted Translations<\/em> en raison de notre capacit\u00e9 \u00e0 traduire vers et depuis de nombreuses langues. De nombreuses soci\u00e9t\u00e9 multinationales font \u00e9galement confiance \u00e0 <em>Trusted Translations<\/em> pour leurs traductions multilingues complexes, notamment nos clients tels que Sony, Kyocera Mita, General Electric, Goodman Global, Kraft Foods Global, Toyota, State Farm, Delta Airlines, Coca-Cola, Citigroup, etc.\r\n<h2 style=\"margin-bottom:20px\">Une qualit\u00e9 sur laquelle vous pouvez compter<\/h2>\r\nPour chaque projet de traduction multilingue, nous faisons uniquement appel \u00e0 des traducteurs exp\u00e9riment\u00e9s ayant des connaissances sp\u00e9cialis\u00e9es dans le domaine concern\u00e9. Nous utilisons \u00e9galement notre proc\u00e9dure unique de triple v\u00e9rification, qui exige que chaque traduction soit r\u00e9vis\u00e9e par trois experts distincts. Le produit final est ensuite examin\u00e9 par un responsable de contenu, qui s\u2019assure que les informations soient non seulement traduites avec pr\u00e9cision, mais \u00e9galement qu\u2019elles soient formul\u00e9es en utilisant la terminologie et la nomenclature sp\u00e9cifiques au secteur. Nous adh\u00e9rons aux normes les plus \u00e9lev\u00e9es de l\u2019industrie, notamment celles d\u00e9finies par la norme ISO 9001:2000.\r\n<h2 style=\"margin-bottom:20px\">Prix hautement comp\u00e9titifs<\/h2>\r\nNotre mission est de vous fournir des traductions multilingues de la plus haute qualit\u00e9 aux prix les plus comp\u00e9titifs du secteur. Disposer d\u2019une solution unique pour vos besoins de traduction vous fera non seulement gagner du temps, mais peut \u00e9galement faire \u00e9conomiser de l\u2019argent \u00e0 votre entreprise.\r\n\r\nPar exemple, contrairement \u00e0 nombre de nos concurrents, nous ne facturons pas de \u00ab\u00a0frais de gestion de projet\u00a0\u00bb pour les contrats multilingues. Cela peut vous faire \u00e9conomiser plus de 15\u00a0% sur le montant total de votre projet. En outre, gr\u00e2ce \u00e0 notre utilisation efficace de ressources internes et \u00e0 nos op\u00e9rations rationalis\u00e9es, nos tarifs sont de 25 \u00e0 50\u00a0% inf\u00e9rieurs \u00e0 ceux de nos concurrents. Nous pouvons vous aider \u00e0 briser la barri\u00e8re de la langue, \u00e0 transmettre votre message et \u00e0 faciliter vos communications sans vous ruiner."},"shortcode-map":{"type":"textfield","raw":""},"dyk-shortcode":{"type":"textfield","raw":"[elementor-template id=\"146546\"]"},"text-2":{"type":"textarea","raw":"<h2 style=\"margin-bottom:20px\">Traduction vers et depuis n\u2019importe quelle langue<\/h2>\r\nVoici des exemples des langues avec lesquelles nous travaillons r\u00e9guli\u00e8rement\u00a0:\r\n<ul>\r\n \t<li>\r\n<h3>Les 20\u00a0langues les plus parl\u00e9es dans le monde<\/h3>\r\n<\/li>\r\n<\/ul>\r\n<em><a href=\"https:\/\/www.trustedtranslations.com\/fr\/langues\/chinois\">Mandarin<\/a>, <a href=\"https:\/\/www.trustedtranslations.com\/fr\/langues\/anglais\">Anglais<\/a>, <a href=\"https:\/\/www.trustedtranslations.com\/fr\/langues\/espagnol\">Espagnol<\/a>, <a href=\"https:\/\/www.trustedtranslations.com\/fr\/langues\/hindi\">Hindoustani<\/a>, <a href=\"https:\/\/www.trustedtranslations.com\/fr\/langues\/arabe\">Arabe<\/a>, <a href=\"https:\/\/www.trustedtranslations.com\/fr\/langues\/portugais\">Portugais<\/a>, <a href=\"https:\/\/www.trustedtranslations.com\/fr\/langues\/bengali\">Bengali<\/a>, <a href=\"https:\/\/www.trustedtranslations.com\/fr\/langues\/russe\">Russe<\/a>, <a href=\"https:\/\/www.trustedtranslations.com\/fr\/langues\/japonais\">Japonais<\/a>, <a href=\"https:\/\/www.trustedtranslations.com\/fr\/langues\/allemand\">Allemand<\/a>, Pendjabi, <a href=\"https:\/\/www.trustedtranslations.com\/fr\/langues\/francais\">Fran\u00e7ais<\/a>, Wu, Javanais, T\u00e9lougou, <a href=\"https:\/\/www.trustedtranslations.com\/fr\/langues\/marathi\">Marathi<\/a>, <a href=\"https:\/\/www.trustedtranslations.com\/fr\/langues\/vietnamien\">Vietnamien<\/a>, <a href=\"https:\/\/www.trustedtranslations.com\/fr\/langues\/coreen\">Cor\u00e9en<\/a>, Tamoul, <a href=\"https:\/\/www.trustedtranslations.com\/fr\/langues\/italien\">Italien<\/a>.<\/em>\r\n<ul>\r\n \t<li>\r\n<h3>10 \u00e0 60\u00a0millions de locuteurs natifs<\/h3>\r\n<\/li>\r\n<\/ul>\r\n<em>Cantonais, sindhi, turc, min, gujarati, maithili, polonais, ukrainien, persan, malayalam, kannada, tamazight (berb\u00e8re), oriya, azerba\u00efdjanais, hakka, bhojpuri, birman, gan, tha\u00ef, soudanais, roumain, haoussa, pashto, serbo-croate, ouzbek, n\u00e9erlandais, yoruba, amharique, oromo, indon\u00e9sien, philippin, kurde, somali, lao, cebuano, grec, malais, igbo, malgache, n\u00e9palais, assamais, shona, khmer, zhuang, madurais, hongrois, cinghalais, peul, tch\u00e8que.<\/em>\r\n<ul>\r\n \t<li>\r\n<h3>2 \u00e0 10\u00a0millions de locuteurs natifs<\/h3>\r\n<\/li>\r\n<\/ul>\r\n<em>Zoulou, quechua, kazakh, tib\u00e9tain, tadjik, chichewa (nyanja), cr\u00e9ole ha\u00eftien, bi\u00e9lorusse, lombard, h\u00e9breu, su\u00e9dois, congolais, akan, albanais, hmong, yi, tshiluba, ilokano, ou\u00efghour, napolitain, bulgare, kinyarwanda, xhosa, baloutche, hiligaynon, tigrinya, catalan, arm\u00e9nien, minangkabau, turkm\u00e8ne, makua, santali, batak, afrikaans, mongol, bhili, danois, finnois, tatar, gikuyu, slovaque, mor\u00e9, swahili, quechua du Sud, guarani, kirundi, sesotho (Sud), romani, norv\u00e9gien, pahari-potwari, tib\u00e9tain, tswana, kanuri, kashmiri, bikol, g\u00e9orgien, qusqu-qullaw, umbundu, konkani, balinais, sotho du Nord (sePedi), luyia, wolof, bemba, bugi, luo (dholuo), maninka, mazanderani, gilaki, shan, tsonga, galicien, sukuma, yiddish, cr\u00e9ole jama\u00efcain, piemontais, kirghize, waray-waray, \u00e9w\u00e9, quechua sud-bolivien, lituanien, luganda, lusoga, acehnais, kimbundu, hindko, ibibio-efik, rajbangsi, garhwali, bambara, ometo, langue des signes indienne, cr\u00e9ole betawi, karen, gondi, s\u00e9noufo, kalenjin, kumaoni, kamba, louri, quich\u00e9, pampangue, aymara central, tiv, brahoui, gbaya, zarma, baoul\u00e9, dogri, lingala, sasak, kurukh, mandari, dinka, slov\u00e8ne, mac\u00e9donien, buyei, beti-pahuin.<\/em>\r\n<ul>\r\n \t<li>\r\n<h3>1 \u00e0 2\u00a0millions de locuteurs natifs<\/h3>\r\n<\/li>\r\n<\/ul>\r\n<em>Zazaki, occitan, toulou, ligurien, sidamo, bachkir, yao, tchouvache, ijaw (izon), fon, swati, irlandais, letton, nyankore, makassar, gusii, khandesi, nd\u00e9b\u00e9l\u00e9, chin, romani vlax, sara, pangasinan, tonga, lampung, sarde, \u00e9cossais, dong, Mend\u00e9, t\u00e0y, nahuatl, afar, dagbani, koli, kiga, tch\u00e9tch\u00e8ne, tumbuka, iu mien, meru, gogo, teso, meithei, tamang, makond\u00e9, bai, touareg, mandinka, dioula, temn\u00e9, haya, s\u00e9r\u00e8re, bedja, nyamwezi, abron, alur, sena, zand\u00e9, wallon, anyin, malvi, kinaray-a, sonink\u00e9, ho, estonien, nyakyusa, gwari, lugbara, basque, naga, soso, tausug, tchokw\u00e9, kabarde, ry\u016bky\u016b, magindanao, maranao, quechua Ancash, gallois, songe, redjang, bini, \u00e9bira, dagaare, gujarati, tharu, venda, arakanais.<\/em>"},"state":{"type":"textfield","raw":""},"city":{"type":"textarea","raw":[]}}},"_links":{"self":[{"href":"https:\/\/www.trustedtranslations.com\/fr\/wp-json\/wp\/v2\/pages\/128941","targetHints":{"allow":["GET"]}}],"collection":[{"href":"https:\/\/www.trustedtranslations.com\/fr\/wp-json\/wp\/v2\/pages"}],"about":[{"href":"https:\/\/www.trustedtranslations.com\/fr\/wp-json\/wp\/v2\/types\/page"}],"author":[{"embeddable":true,"href":"https:\/\/www.trustedtranslations.com\/fr\/wp-json\/wp\/v2\/users\/1"}],"replies":[{"embeddable":true,"href":"https:\/\/www.trustedtranslations.com\/fr\/wp-json\/wp\/v2\/comments?post=128941"}],"version-history":[{"count":0,"href":"https:\/\/www.trustedtranslations.com\/fr\/wp-json\/wp\/v2\/pages\/128941\/revisions"}],"up":[{"embeddable":true,"href":"https:\/\/www.trustedtranslations.com\/fr\/wp-json\/wp\/v2\/pages\/129037"}],"wp:featuredmedia":[{"embeddable":true,"href":"https:\/\/www.trustedtranslations.com\/fr\/wp-json\/wp\/v2\/media\/139627"}],"wp:attachment":[{"href":"https:\/\/www.trustedtranslations.com\/fr\/wp-json\/wp\/v2\/media?parent=128941"}],"curies":[{"name":"wp","href":"https:\/\/api.w.org\/{rel}","templated":true}]}}