{"id":128944,"date":"2018-07-30T14:09:03","date_gmt":"2018-07-30T14:09:03","guid":{"rendered":"https:\/\/www.trustedtranslations.com\/?page_id=128944"},"modified":"2025-10-10T18:09:10","modified_gmt":"2025-10-10T21:09:10","slug":"technique","status":"publish","type":"page","link":"https:\/\/www.trustedtranslations.com\/fr\/domaines\/technique","title":{"rendered":"Technique"},"content":{"rendered":"","protected":false},"excerpt":{"rendered":"","protected":false},"author":1,"featured_media":139627,"parent":128968,"menu_order":0,"comment_status":"closed","ping_status":"closed","template":"","meta":{"site-sidebar-layout":"default","site-content-layout":"default","ast-site-content-layout":"default","site-content-style":"default","site-sidebar-style":"default","ast-global-header-display":"","ast-banner-title-visibility":"","ast-main-header-display":"","ast-hfb-above-header-display":"","ast-hfb-below-header-display":"","ast-hfb-mobile-header-display":"","site-post-title":"disabled","ast-breadcrumbs-content":"","ast-featured-img":"","footer-sml-layout":"","ast-disable-related-posts":"","theme-transparent-header-meta":"default","adv-header-id-meta":"","stick-header-meta":"","header-above-stick-meta":"","header-main-stick-meta":"","header-below-stick-meta":"","astra-migrate-meta-layouts":"set","ast-page-background-enabled":"default","ast-page-background-meta":{"desktop":{"background-color":"var(--ast-global-color-4)","background-image":"","background-repeat":"repeat","background-position":"center center","background-size":"auto","background-attachment":"scroll","background-type":"","background-media":"","overlay-type":"","overlay-color":"","overlay-opacity":"","overlay-gradient":""},"tablet":{"background-color":"","background-image":"","background-repeat":"repeat","background-position":"center center","background-size":"auto","background-attachment":"scroll","background-type":"","background-media":"","overlay-type":"","overlay-color":"","overlay-opacity":"","overlay-gradient":""},"mobile":{"background-color":"","background-image":"","background-repeat":"repeat","background-position":"center center","background-size":"auto","background-attachment":"scroll","background-type":"","background-media":"","overlay-type":"","overlay-color":"","overlay-opacity":"","overlay-gradient":""}},"ast-content-background-meta":{"desktop":{"background-color":"var(--ast-global-color-5)","background-image":"","background-repeat":"repeat","background-position":"center center","background-size":"auto","background-attachment":"scroll","background-type":"","background-media":"","overlay-type":"","overlay-color":"","overlay-opacity":"","overlay-gradient":""},"tablet":{"background-color":"var(--ast-global-color-5)","background-image":"","background-repeat":"repeat","background-position":"center center","background-size":"auto","background-attachment":"scroll","background-type":"","background-media":"","overlay-type":"","overlay-color":"","overlay-opacity":"","overlay-gradient":""},"mobile":{"background-color":"var(--ast-global-color-5)","background-image":"","background-repeat":"repeat","background-position":"center center","background-size":"auto","background-attachment":"scroll","background-type":"","background-media":"","overlay-type":"","overlay-color":"","overlay-opacity":"","overlay-gradient":""}},"footnotes":""},"class_list":["post-128944","page","type-page","status-publish","has-post-thumbnail","hentry"],"yoast_head":"<!-- This site is optimized with the Yoast SEO plugin v27.6 - https:\/\/yoast.com\/product\/yoast-seo-wordpress\/ -->\n<title>Services de traduction technique - Trusted Translations, Inc.<\/title>\n<meta name=\"description\" content=\"Trusted Translations\u00a0: Leader des services de traduction technique par des \u00e9quipes de traducteurs tri\u00e9s sur le volet. Demandez un devis ou un conseil gratuit.\" \/>\n<meta name=\"robots\" content=\"index, follow, max-snippet:-1, max-image-preview:large, max-video-preview:-1\" \/>\n<link rel=\"canonical\" href=\"https:\/\/www.trustedtranslations.com\/fr\/domaines\/technique\" \/>\n<meta property=\"og:locale\" content=\"fr_FR\" \/>\n<meta property=\"og:type\" content=\"article\" \/>\n<meta property=\"og:title\" content=\"Services de traduction technique - Trusted Translations, Inc.\" \/>\n<meta property=\"og:description\" content=\"Trusted Translations\u00a0: Leader des services de traduction technique par des \u00e9quipes de traducteurs tri\u00e9s sur le volet. Demandez un devis ou un conseil gratuit.\" \/>\n<meta property=\"og:url\" content=\"https:\/\/www.trustedtranslations.com\/fr\/domaines\/technique\" \/>\n<meta property=\"og:site_name\" content=\"Trusted Translations, Inc.\" \/>\n<meta property=\"article:publisher\" content=\"https:\/\/www.facebook.com\/Trusted.Translations\" \/>\n<meta property=\"article:modified_time\" content=\"2025-10-10T21:09:10+00:00\" \/>\n<meta property=\"og:image\" content=\"https:\/\/static.trustedtranslations.com\/wp-content\/uploads\/2022\/03\/TT_NEW_FB-1.png\" \/>\n\t<meta property=\"og:image:width\" content=\"1038\" \/>\n\t<meta property=\"og:image:height\" content=\"1038\" \/>\n\t<meta property=\"og:image:type\" content=\"image\/png\" \/>\n<meta name=\"twitter:card\" content=\"summary_large_image\" \/>\n<meta name=\"twitter:site\" content=\"@TrustedT9ns\" \/>\n<script type=\"application\/ld+json\" class=\"yoast-schema-graph\">{\"@context\":\"https:\\\/\\\/schema.org\",\"@graph\":[{\"@type\":\"WebPage\",\"@id\":\"https:\\\/\\\/www.trustedtranslations.com\\\/fr\\\/domaines\\\/technique\",\"url\":\"https:\\\/\\\/www.trustedtranslations.com\\\/fr\\\/domaines\\\/technique\",\"name\":\"Services de traduction technique - Trusted Translations, Inc.\",\"isPartOf\":{\"@id\":\"https:\\\/\\\/www.trustedtranslations.com\\\/fr\\\/#website\"},\"primaryImageOfPage\":{\"@id\":\"https:\\\/\\\/www.trustedtranslations.com\\\/fr\\\/domaines\\\/technique#primaryimage\"},\"image\":{\"@id\":\"https:\\\/\\\/www.trustedtranslations.com\\\/fr\\\/domaines\\\/technique#primaryimage\"},\"thumbnailUrl\":\"https:\\\/\\\/www.trustedtranslations.com\\\/wp-content\\\/uploads\\\/2022\\\/03\\\/TT_NEW_FB-1.png\",\"description\":\"Trusted Translations\u00a0: Leader des services de traduction technique par des \u00e9quipes de traducteurs tri\u00e9s sur le volet. Demandez un devis ou un conseil gratuit.\",\"breadcrumb\":{\"@id\":\"https:\\\/\\\/www.trustedtranslations.com\\\/fr\\\/domaines\\\/technique#breadcrumb\"},\"inLanguage\":\"fr-FR\",\"potentialAction\":[{\"@type\":\"ReadAction\",\"target\":[\"https:\\\/\\\/www.trustedtranslations.com\\\/fr\\\/domaines\\\/technique\"]}]},{\"@type\":\"ImageObject\",\"inLanguage\":\"fr-FR\",\"@id\":\"https:\\\/\\\/www.trustedtranslations.com\\\/fr\\\/domaines\\\/technique#primaryimage\",\"url\":\"https:\\\/\\\/www.trustedtranslations.com\\\/wp-content\\\/uploads\\\/2022\\\/03\\\/TT_NEW_FB-1.png\",\"contentUrl\":\"https:\\\/\\\/www.trustedtranslations.com\\\/wp-content\\\/uploads\\\/2022\\\/03\\\/TT_NEW_FB-1.png\",\"width\":1038,\"height\":1038,\"caption\":\"TT NEW FB 1\"},{\"@type\":\"BreadcrumbList\",\"@id\":\"https:\\\/\\\/www.trustedtranslations.com\\\/fr\\\/domaines\\\/technique#breadcrumb\",\"itemListElement\":[{\"@type\":\"ListItem\",\"position\":1,\"name\":\"Accueil\",\"item\":\"https:\\\/\\\/www.trustedtranslations.com\\\/fr\"},{\"@type\":\"ListItem\",\"position\":2,\"name\":\"Expertise de l\u2019industrie\",\"item\":\"https:\\\/\\\/www.trustedtranslations.com\\\/fr\\\/domaines\"},{\"@type\":\"ListItem\",\"position\":3,\"name\":\"Technique\"}]},{\"@type\":\"WebSite\",\"@id\":\"https:\\\/\\\/www.trustedtranslations.com\\\/fr\\\/#website\",\"url\":\"https:\\\/\\\/www.trustedtranslations.com\\\/fr\\\/\",\"name\":\"Trusted Translations, Inc.\",\"description\":\"Leader in translation and interpretation services.\",\"publisher\":{\"@id\":\"https:\\\/\\\/www.trustedtranslations.com\\\/fr\\\/#organization\"},\"alternateName\":\"Trusted Translations\",\"potentialAction\":[{\"@type\":\"SearchAction\",\"target\":{\"@type\":\"EntryPoint\",\"urlTemplate\":\"https:\\\/\\\/www.trustedtranslations.com\\\/fr\\\/?s={search_term_string}\"},\"query-input\":{\"@type\":\"PropertyValueSpecification\",\"valueRequired\":true,\"valueName\":\"search_term_string\"}}],\"inLanguage\":\"fr-FR\"},{\"@type\":\"Organization\",\"@id\":\"https:\\\/\\\/www.trustedtranslations.com\\\/fr\\\/#organization\",\"name\":\"Trusted Translations\",\"alternateName\":\"Trusted Translations, Inc.\",\"url\":\"https:\\\/\\\/www.trustedtranslations.com\\\/fr\\\/\",\"logo\":{\"@type\":\"ImageObject\",\"inLanguage\":\"fr-FR\",\"@id\":\"https:\\\/\\\/www.trustedtranslations.com\\\/fr\\\/#\\\/schema\\\/logo\\\/image\\\/\",\"url\":\"https:\\\/\\\/static.trustedtranslations.com\\\/wp-content\\\/uploads\\\/2022\\\/01\\\/TT_logo_WSIColors-2.png\",\"contentUrl\":\"https:\\\/\\\/static.trustedtranslations.com\\\/wp-content\\\/uploads\\\/2022\\\/01\\\/TT_logo_WSIColors-2.png\",\"width\":500,\"height\":196,\"caption\":\"Trusted Translations\"},\"image\":{\"@id\":\"https:\\\/\\\/www.trustedtranslations.com\\\/fr\\\/#\\\/schema\\\/logo\\\/image\\\/\"},\"sameAs\":[\"https:\\\/\\\/www.facebook.com\\\/Trusted.Translations\",\"https:\\\/\\\/x.com\\\/TrustedT9ns\",\"https:\\\/\\\/www.linkedin.com\\\/company\\\/trusted-translations\"]}]}<\/script>\n<!-- \/ Yoast SEO plugin. -->","yoast_head_json":{"title":"Services de traduction technique - Trusted Translations, Inc.","description":"Trusted Translations\u00a0: Leader des services de traduction technique par des \u00e9quipes de traducteurs tri\u00e9s sur le volet. Demandez un devis ou un conseil gratuit.","robots":{"index":"index","follow":"follow","max-snippet":"max-snippet:-1","max-image-preview":"max-image-preview:large","max-video-preview":"max-video-preview:-1"},"canonical":"https:\/\/www.trustedtranslations.com\/fr\/domaines\/technique","og_locale":"fr_FR","og_type":"article","og_title":"Services de traduction technique - Trusted Translations, Inc.","og_description":"Trusted Translations\u00a0: Leader des services de traduction technique par des \u00e9quipes de traducteurs tri\u00e9s sur le volet. Demandez un devis ou un conseil gratuit.","og_url":"https:\/\/www.trustedtranslations.com\/fr\/domaines\/technique","og_site_name":"Trusted Translations, Inc.","article_publisher":"https:\/\/www.facebook.com\/Trusted.Translations","article_modified_time":"2025-10-10T21:09:10+00:00","og_image":[{"width":1038,"height":1038,"url":"https:\/\/static.trustedtranslations.com\/wp-content\/uploads\/2022\/03\/TT_NEW_FB-1.png","type":"image\/png"}],"twitter_card":"summary_large_image","twitter_site":"@TrustedT9ns","schema":{"@context":"https:\/\/schema.org","@graph":[{"@type":"WebPage","@id":"https:\/\/www.trustedtranslations.com\/fr\/domaines\/technique","url":"https:\/\/www.trustedtranslations.com\/fr\/domaines\/technique","name":"Services de traduction technique - Trusted Translations, Inc.","isPartOf":{"@id":"https:\/\/www.trustedtranslations.com\/fr\/#website"},"primaryImageOfPage":{"@id":"https:\/\/www.trustedtranslations.com\/fr\/domaines\/technique#primaryimage"},"image":{"@id":"https:\/\/www.trustedtranslations.com\/fr\/domaines\/technique#primaryimage"},"thumbnailUrl":"https:\/\/www.trustedtranslations.com\/wp-content\/uploads\/2022\/03\/TT_NEW_FB-1.png","description":"Trusted Translations\u00a0: Leader des services de traduction technique par des \u00e9quipes de traducteurs tri\u00e9s sur le volet. Demandez un devis ou un conseil gratuit.","breadcrumb":{"@id":"https:\/\/www.trustedtranslations.com\/fr\/domaines\/technique#breadcrumb"},"inLanguage":"fr-FR","potentialAction":[{"@type":"ReadAction","target":["https:\/\/www.trustedtranslations.com\/fr\/domaines\/technique"]}]},{"@type":"ImageObject","inLanguage":"fr-FR","@id":"https:\/\/www.trustedtranslations.com\/fr\/domaines\/technique#primaryimage","url":"https:\/\/www.trustedtranslations.com\/wp-content\/uploads\/2022\/03\/TT_NEW_FB-1.png","contentUrl":"https:\/\/www.trustedtranslations.com\/wp-content\/uploads\/2022\/03\/TT_NEW_FB-1.png","width":1038,"height":1038,"caption":"TT NEW FB 1"},{"@type":"BreadcrumbList","@id":"https:\/\/www.trustedtranslations.com\/fr\/domaines\/technique#breadcrumb","itemListElement":[{"@type":"ListItem","position":1,"name":"Accueil","item":"https:\/\/www.trustedtranslations.com\/fr"},{"@type":"ListItem","position":2,"name":"Expertise de l\u2019industrie","item":"https:\/\/www.trustedtranslations.com\/fr\/domaines"},{"@type":"ListItem","position":3,"name":"Technique"}]},{"@type":"WebSite","@id":"https:\/\/www.trustedtranslations.com\/fr\/#website","url":"https:\/\/www.trustedtranslations.com\/fr\/","name":"Trusted Translations, Inc.","description":"Leader in translation and interpretation services.","publisher":{"@id":"https:\/\/www.trustedtranslations.com\/fr\/#organization"},"alternateName":"Trusted Translations","potentialAction":[{"@type":"SearchAction","target":{"@type":"EntryPoint","urlTemplate":"https:\/\/www.trustedtranslations.com\/fr\/?s={search_term_string}"},"query-input":{"@type":"PropertyValueSpecification","valueRequired":true,"valueName":"search_term_string"}}],"inLanguage":"fr-FR"},{"@type":"Organization","@id":"https:\/\/www.trustedtranslations.com\/fr\/#organization","name":"Trusted Translations","alternateName":"Trusted Translations, Inc.","url":"https:\/\/www.trustedtranslations.com\/fr\/","logo":{"@type":"ImageObject","inLanguage":"fr-FR","@id":"https:\/\/www.trustedtranslations.com\/fr\/#\/schema\/logo\/image\/","url":"https:\/\/static.trustedtranslations.com\/wp-content\/uploads\/2022\/01\/TT_logo_WSIColors-2.png","contentUrl":"https:\/\/static.trustedtranslations.com\/wp-content\/uploads\/2022\/01\/TT_logo_WSIColors-2.png","width":500,"height":196,"caption":"Trusted Translations"},"image":{"@id":"https:\/\/www.trustedtranslations.com\/fr\/#\/schema\/logo\/image\/"},"sameAs":["https:\/\/www.facebook.com\/Trusted.Translations","https:\/\/x.com\/TrustedT9ns","https:\/\/www.linkedin.com\/company\/trusted-translations"]}]}},"toolset-meta":{"dyk":{"mensaje-1":{"type":"textfield","raw":"Nous fournissons aux entreprises du Fortune\u00a0500 des traductions techniques \u00e0 des tarifs inf\u00e9rieurs de 25 \u00e0 50\u00a0% aux prix du march\u00e9"},"mensaje-2":{"type":"textfield","raw":""},"mensaje-3":{"type":"textfield","raw":"Nous d\u00e9passons les normes de qualit\u00e9 ISO\u00a09001:2015 et certifions nos traductions techniques"},"mensaje-4":{"type":"textfield","raw":""},"mensaje-5":{"type":"textfield","raw":""},"mensaje-6":{"type":"textfield","raw":""}},"single-page-template-fields":{"imgs-temp":{"type":"image","raw":["https:\/\/static.trustedtranslations.com\/wp-content\/uploads\/2024\/05\/technical-final-1.webp","https:\/\/static.trustedtranslations.com\/wp-content\/uploads\/2022\/03\/technical-final-2-1.jpg","https:\/\/static.trustedtranslations.com\/wp-content\/uploads\/2024\/05\/technical-final-3-1.webp"],"repeatable":[{"raw":"https:\/\/static.trustedtranslations.com\/wp-content\/uploads\/2024\/05\/technical-final-1.webp"},{"raw":"https:\/\/static.trustedtranslations.com\/wp-content\/uploads\/2022\/03\/technical-final-2-1.jpg"},{"raw":"https:\/\/static.trustedtranslations.com\/wp-content\/uploads\/2024\/05\/technical-final-3-1.webp"}]},"imgs-temp-cel":{"type":"image","raw":[""],"repeatable":[{"raw":""}]},"img-temp-one-cel":{"type":"image","raw":"https:\/\/static.trustedtranslations.com\/wp-content\/uploads\/2024\/05\/AdobeStock_123880644-2-1.webp","attachment_id":null},"quotes":{"type":"textarea","raw":"<h1 style=\"margin-bottom: 12px;\">Services de traduction technique<\/h1>Nous nous sp\u00e9cialisons dans les traductions techniques de haute qualit\u00e9 effectu\u00e9es par des \u00e9quipes s\u00e9lectionn\u00e9es de traducteurs poss\u00e9dant une vaste expertise de l\u2019industrie. Que vous ayez un manuel technique, des sp\u00e9cifications techniques ou une demande de brevet \u00e0 traduire, nous sommes votre solution pour des traductions techniques extr\u00eamement pr\u00e9cises et fiables.<div style=\"margin-top: 2.5vw;\"><a class=\"tt-btn-main-cta\" href=\"\/fr\/devis-traduction\" class=\"quote-wrapper\">DEMANDEZ UN DEVIS GRATUIT<\/a><\/div>"},"text-1":{"type":"textarea","raw":"<h2>Traductions techniques<\/h2>\r\n<p>La traduction de tout document technique est un \u00e9l\u00e9ment important pour r\u00e9ussir l\u2019exportation de vos produits et services. La traduction technique n\u00e9cessite une connaissance extr\u00eamement solide et pr\u00e9cise des termes et des formats sp\u00e9cifiques \u00e0 l\u2019industrie, qui peuvent souvent \u00eatre complexes. Pour avoir la certitude que vos traductions techniques sont parfaitement exactes, travaillez avec une \u00e9quipe de traducteurs \u00e9prouv\u00e9s, capables de combiner la ma\u00eetrise de la langue avec une expertise sp\u00e9cifique \u00e0 l\u2019industrie.<\/p>\r\n<p><em>Trusted Translations<\/em> est votre solution pour des traductions techniques livr\u00e9es dans les d\u00e9lais, dans les limites du budget et avec un haut niveau de pr\u00e9cision. Voici des exemples des types de documents techniques que nous traduisons fr\u00e9quemment\u00a0:<\/p>\r\n<ul>\r\n<li>Sp\u00e9cifications techniques<\/li>\r\n<li>Manuels d\u2019instructions et d\u2019utilisation<\/li>\r\n<li>Livres scientifiques et livres blancs<\/li>\r\n<li>Brevets et demandes de brevets<\/li>\r\n<li>Fiches techniques<\/li>\r\n<li>Autres documents techniques<\/li>\r\n<li>Modules d\u2019apprentissage technique en ligne<\/li>\r\n<li>Manuels et guides \u00e9lectroniques<\/li>\r\n<\/ul>\r\n<h2>Traductions techniques vers l\u2019espagnol<\/h2>\r\n<p><em>Trusted Translations<\/em> poss\u00e8de une expertise sp\u00e9cifique dans les traductions techniques vers l\u2019espagnol. Avec une exp\u00e9rience in\u00e9gal\u00e9e dans les services de traduction en espagnol, notre \u00e9quipe peut m\u00eame vous conseiller sur la forme d\u2019espagnol appropri\u00e9e pour vos traductions ainsi que r\u00e9pondre \u00e0 toutes vos exigences linguistiques techniques. Par exemple, selon votre march\u00e9 cible, vos traductions techniques peuvent devoir \u00eatre livr\u00e9es en espagnol neutre pour garantir que vos documents peuvent \u00eatre compris par des professionnels, des techniciens et des utilisateurs finaux de n\u2019importe quel pays hispanophone, ou dans un dialecte sp\u00e9cifique pour cibler le public d\u2019un pays hispanique en particulier.<\/p>"},"shortcode-map":{"type":"textfield","raw":""},"dyk-shortcode":{"type":"textfield","raw":"[elementor-template id=\"146546\"]"},"text-2":{"type":"textarea","raw":"<h2>\u00c9quipes de traduction technique<\/h2>\r\n<p>Chez <em>Trusted Translations,<\/em> nos traducteurs professionnels sont s\u00e9lectionn\u00e9s en fonction de leurs comp\u00e9tences linguistiques et de leur connaissance du contenu sp\u00e9cifique \u00e0 traduire. Nous offrons \u00e9galement un processus rigoureux d\u2019assurance qualit\u00e9 qui garantit l\u2019exactitude et la qualit\u00e9 de toutes les traductions techniques.<\/p>\r\n<p>Notre processus pour tout document technique, tel qu\u2019un manuel d\u2019instructions techniques par exemple, est d\u2019attribuer le projet \u00e0 des traducteurs qui ont les qualifications acad\u00e9miques n\u00e9cessaires ainsi qu\u2019une exp\u00e9rience du monde r\u00e9el dans le sujet en question. En outre, tous nos traducteurs techniques ont acc\u00e8s \u00e0 des m\u00e9moires de traduction, des dictionnaires, des glossaires de termes propres \u00e0 chaque secteur, afin de garantir que la traduction soit \u00e0 la fois pr\u00e9cise et homog\u00e8ne tout au long des projets, m\u00eames les plus volumineux.<\/p>\r\n<p>Gr\u00e2ce \u00e0 plusieurs cycles de r\u00e9vision, nos chefs de projet experts et nos \u00e9quipes de conception s\u2019assureront ensuite que votre contenu est correctement traduit et publi\u00e9 dans le bon format, dans les d\u00e9lais et dans les limites du budget. Cela vous permettra, \u00e0 vous et \u00e0 votre \u00e9quipe, de vous concentrer sur d\u2019autres t\u00e2ches cl\u00e9s pour votre organisation, telles que le lancement de votre nouveau produit, l\u2019am\u00e9lioration de la productivit\u00e9 ou la g\u00e9n\u00e9ration de revenus.<\/p>\r\n<p>Puisque nous avons une \u00e9quipe interne compl\u00e8te d\u2019ing\u00e9nieurs et de d\u00e9veloppeurs de logiciels, nous travaillons avec tous les types de contenu de programme et dans tous les formats de fichiers \u00e9lectroniques. Vous pouvez nous envoyer tout votre mat\u00e9riel technique pour traduction, au lieu d\u2019avoir \u00e0 rechercher plusieurs fournisseurs de traduction. Au regard de la livraison, nous fournissons \u00e9galement \u00e0 nos clients des fichiers \u00ab\u00a0pr\u00eats \u00e0 publier\u00a0\u00bb pour rendre votre exp\u00e9rience aussi facile que possible.<\/p>\r\n<p>Nous sommes experts en projets, petits et grands, et nous pouvons travailler dans le respect de vos contraintes de temps, quel que soit le type de projet. Pour en savoir plus sur les services de traduction technique de <em>Trusted Translations<\/em>, veuillez nous contacter d\u00e8s aujourd\u2019hui.<\/p>"},"state":{"type":"textfield","raw":""},"city":{"type":"textarea","raw":[""]}}},"_links":{"self":[{"href":"https:\/\/www.trustedtranslations.com\/fr\/wp-json\/wp\/v2\/pages\/128944","targetHints":{"allow":["GET"]}}],"collection":[{"href":"https:\/\/www.trustedtranslations.com\/fr\/wp-json\/wp\/v2\/pages"}],"about":[{"href":"https:\/\/www.trustedtranslations.com\/fr\/wp-json\/wp\/v2\/types\/page"}],"author":[{"embeddable":true,"href":"https:\/\/www.trustedtranslations.com\/fr\/wp-json\/wp\/v2\/users\/1"}],"replies":[{"embeddable":true,"href":"https:\/\/www.trustedtranslations.com\/fr\/wp-json\/wp\/v2\/comments?post=128944"}],"version-history":[{"count":0,"href":"https:\/\/www.trustedtranslations.com\/fr\/wp-json\/wp\/v2\/pages\/128944\/revisions"}],"up":[{"embeddable":true,"href":"https:\/\/www.trustedtranslations.com\/fr\/wp-json\/wp\/v2\/pages\/128968"}],"wp:featuredmedia":[{"embeddable":true,"href":"https:\/\/www.trustedtranslations.com\/fr\/wp-json\/wp\/v2\/media\/139627"}],"wp:attachment":[{"href":"https:\/\/www.trustedtranslations.com\/fr\/wp-json\/wp\/v2\/media?parent=128944"}],"curies":[{"name":"wp","href":"https:\/\/api.w.org\/{rel}","templated":true}]}}