{"id":128949,"date":"2018-07-30T14:08:48","date_gmt":"2018-07-30T14:08:48","guid":{"rendered":"https:\/\/www.trustedtranslations.com\/?page_id=128949"},"modified":"2024-09-03T11:56:49","modified_gmt":"2024-09-03T14:56:49","slug":"medias","status":"publish","type":"page","link":"https:\/\/www.trustedtranslations.com\/fr\/domaines\/medias","title":{"rendered":"M\u00e9dias"},"content":{"rendered":"","protected":false},"excerpt":{"rendered":"","protected":false},"author":1,"featured_media":139627,"parent":128968,"menu_order":0,"comment_status":"closed","ping_status":"closed","template":"","meta":{"site-sidebar-layout":"default","site-content-layout":"default","ast-site-content-layout":"default","site-content-style":"default","site-sidebar-style":"default","ast-global-header-display":"","ast-banner-title-visibility":"","ast-main-header-display":"","ast-hfb-above-header-display":"","ast-hfb-below-header-display":"","ast-hfb-mobile-header-display":"","site-post-title":"disabled","ast-breadcrumbs-content":"","ast-featured-img":"","footer-sml-layout":"","ast-disable-related-posts":"","theme-transparent-header-meta":"default","adv-header-id-meta":"","stick-header-meta":"","header-above-stick-meta":"","header-main-stick-meta":"","header-below-stick-meta":"","astra-migrate-meta-layouts":"set","ast-page-background-enabled":"default","ast-page-background-meta":{"desktop":{"background-color":"var(--ast-global-color-4)","background-image":"","background-repeat":"repeat","background-position":"center center","background-size":"auto","background-attachment":"scroll","background-type":"","background-media":"","overlay-type":"","overlay-color":"","overlay-opacity":"","overlay-gradient":""},"tablet":{"background-color":"","background-image":"","background-repeat":"repeat","background-position":"center center","background-size":"auto","background-attachment":"scroll","background-type":"","background-media":"","overlay-type":"","overlay-color":"","overlay-opacity":"","overlay-gradient":""},"mobile":{"background-color":"","background-image":"","background-repeat":"repeat","background-position":"center center","background-size":"auto","background-attachment":"scroll","background-type":"","background-media":"","overlay-type":"","overlay-color":"","overlay-opacity":"","overlay-gradient":""}},"ast-content-background-meta":{"desktop":{"background-color":"var(--ast-global-color-5)","background-image":"","background-repeat":"repeat","background-position":"center center","background-size":"auto","background-attachment":"scroll","background-type":"","background-media":"","overlay-type":"","overlay-color":"","overlay-opacity":"","overlay-gradient":""},"tablet":{"background-color":"var(--ast-global-color-5)","background-image":"","background-repeat":"repeat","background-position":"center center","background-size":"auto","background-attachment":"scroll","background-type":"","background-media":"","overlay-type":"","overlay-color":"","overlay-opacity":"","overlay-gradient":""},"mobile":{"background-color":"var(--ast-global-color-5)","background-image":"","background-repeat":"repeat","background-position":"center center","background-size":"auto","background-attachment":"scroll","background-type":"","background-media":"","overlay-type":"","overlay-color":"","overlay-opacity":"","overlay-gradient":""}},"footnotes":""},"class_list":["post-128949","page","type-page","status-publish","has-post-thumbnail","hentry"],"yoast_head":"<!-- This site is optimized with the Yoast SEO plugin v27.5 - https:\/\/yoast.com\/product\/yoast-seo-wordpress\/ -->\n<title>Services de traduction m\u00e9diatique - Trusted Translations, Inc.<\/title>\n<meta name=\"description\" content=\"Trusted Translations, Inc. poss\u00e8de une vaste exp\u00e9rience de travail avec les plus grandes organisations m\u00e9diatiques. Demandez un devis gratuit ou une consultation.\" \/>\n<meta name=\"robots\" content=\"index, follow, max-snippet:-1, max-image-preview:large, max-video-preview:-1\" \/>\n<link rel=\"canonical\" href=\"https:\/\/www.trustedtranslations.com\/fr\/domaines\/medias\" \/>\n<meta property=\"og:locale\" content=\"fr_FR\" \/>\n<meta property=\"og:type\" content=\"article\" \/>\n<meta property=\"og:title\" content=\"Services de traduction m\u00e9diatique - Trusted Translations, Inc.\" \/>\n<meta property=\"og:description\" content=\"Trusted Translations, Inc. poss\u00e8de une vaste exp\u00e9rience de travail avec les plus grandes organisations m\u00e9diatiques. Demandez un devis gratuit ou une consultation.\" \/>\n<meta property=\"og:url\" content=\"https:\/\/www.trustedtranslations.com\/fr\/domaines\/medias\" \/>\n<meta property=\"og:site_name\" content=\"Trusted Translations, Inc.\" \/>\n<meta property=\"article:publisher\" content=\"https:\/\/www.facebook.com\/Trusted.Translations\" \/>\n<meta property=\"article:modified_time\" content=\"2024-09-03T14:56:49+00:00\" \/>\n<meta property=\"og:image\" content=\"https:\/\/static.trustedtranslations.com\/wp-content\/uploads\/2022\/03\/TT_NEW_FB-1.png\" \/>\n\t<meta property=\"og:image:width\" content=\"1038\" \/>\n\t<meta property=\"og:image:height\" content=\"1038\" \/>\n\t<meta property=\"og:image:type\" content=\"image\/png\" \/>\n<meta name=\"twitter:card\" content=\"summary_large_image\" \/>\n<meta name=\"twitter:site\" content=\"@TrustedT9ns\" \/>\n<script type=\"application\/ld+json\" class=\"yoast-schema-graph\">{\"@context\":\"https:\\\/\\\/schema.org\",\"@graph\":[{\"@type\":\"WebPage\",\"@id\":\"https:\\\/\\\/www.trustedtranslations.com\\\/fr\\\/domaines\\\/medias\",\"url\":\"https:\\\/\\\/www.trustedtranslations.com\\\/fr\\\/domaines\\\/medias\",\"name\":\"Services de traduction m\u00e9diatique - Trusted Translations, Inc.\",\"isPartOf\":{\"@id\":\"https:\\\/\\\/www.trustedtranslations.com\\\/fr\\\/#website\"},\"primaryImageOfPage\":{\"@id\":\"https:\\\/\\\/www.trustedtranslations.com\\\/fr\\\/domaines\\\/medias#primaryimage\"},\"image\":{\"@id\":\"https:\\\/\\\/www.trustedtranslations.com\\\/fr\\\/domaines\\\/medias#primaryimage\"},\"thumbnailUrl\":\"https:\\\/\\\/www.trustedtranslations.com\\\/wp-content\\\/uploads\\\/2022\\\/03\\\/TT_NEW_FB-1.png\",\"description\":\"Trusted Translations, Inc. poss\u00e8de une vaste exp\u00e9rience de travail avec les plus grandes organisations m\u00e9diatiques. Demandez un devis gratuit ou une consultation.\",\"breadcrumb\":{\"@id\":\"https:\\\/\\\/www.trustedtranslations.com\\\/fr\\\/domaines\\\/medias#breadcrumb\"},\"inLanguage\":\"fr-FR\",\"potentialAction\":[{\"@type\":\"ReadAction\",\"target\":[\"https:\\\/\\\/www.trustedtranslations.com\\\/fr\\\/domaines\\\/medias\"]}]},{\"@type\":\"ImageObject\",\"inLanguage\":\"fr-FR\",\"@id\":\"https:\\\/\\\/www.trustedtranslations.com\\\/fr\\\/domaines\\\/medias#primaryimage\",\"url\":\"https:\\\/\\\/www.trustedtranslations.com\\\/wp-content\\\/uploads\\\/2022\\\/03\\\/TT_NEW_FB-1.png\",\"contentUrl\":\"https:\\\/\\\/www.trustedtranslations.com\\\/wp-content\\\/uploads\\\/2022\\\/03\\\/TT_NEW_FB-1.png\",\"width\":1038,\"height\":1038,\"caption\":\"TT NEW FB 1\"},{\"@type\":\"BreadcrumbList\",\"@id\":\"https:\\\/\\\/www.trustedtranslations.com\\\/fr\\\/domaines\\\/medias#breadcrumb\",\"itemListElement\":[{\"@type\":\"ListItem\",\"position\":1,\"name\":\"Accueil\",\"item\":\"https:\\\/\\\/www.trustedtranslations.com\\\/fr\"},{\"@type\":\"ListItem\",\"position\":2,\"name\":\"Expertise de l\u2019industrie\",\"item\":\"https:\\\/\\\/www.trustedtranslations.com\\\/fr\\\/domaines\"},{\"@type\":\"ListItem\",\"position\":3,\"name\":\"M\u00e9dias\"}]},{\"@type\":\"WebSite\",\"@id\":\"https:\\\/\\\/www.trustedtranslations.com\\\/fr\\\/#website\",\"url\":\"https:\\\/\\\/www.trustedtranslations.com\\\/fr\\\/\",\"name\":\"Trusted Translations, Inc.\",\"description\":\"Leader in translation and interpretation services.\",\"publisher\":{\"@id\":\"https:\\\/\\\/www.trustedtranslations.com\\\/fr\\\/#organization\"},\"alternateName\":\"Trusted Translations\",\"potentialAction\":[{\"@type\":\"SearchAction\",\"target\":{\"@type\":\"EntryPoint\",\"urlTemplate\":\"https:\\\/\\\/www.trustedtranslations.com\\\/fr\\\/?s={search_term_string}\"},\"query-input\":{\"@type\":\"PropertyValueSpecification\",\"valueRequired\":true,\"valueName\":\"search_term_string\"}}],\"inLanguage\":\"fr-FR\"},{\"@type\":\"Organization\",\"@id\":\"https:\\\/\\\/www.trustedtranslations.com\\\/fr\\\/#organization\",\"name\":\"Trusted Translations\",\"alternateName\":\"Trusted Translations, Inc.\",\"url\":\"https:\\\/\\\/www.trustedtranslations.com\\\/fr\\\/\",\"logo\":{\"@type\":\"ImageObject\",\"inLanguage\":\"fr-FR\",\"@id\":\"https:\\\/\\\/www.trustedtranslations.com\\\/fr\\\/#\\\/schema\\\/logo\\\/image\\\/\",\"url\":\"https:\\\/\\\/static.trustedtranslations.com\\\/wp-content\\\/uploads\\\/2022\\\/01\\\/TT_logo_WSIColors-2.png\",\"contentUrl\":\"https:\\\/\\\/static.trustedtranslations.com\\\/wp-content\\\/uploads\\\/2022\\\/01\\\/TT_logo_WSIColors-2.png\",\"width\":500,\"height\":196,\"caption\":\"Trusted Translations\"},\"image\":{\"@id\":\"https:\\\/\\\/www.trustedtranslations.com\\\/fr\\\/#\\\/schema\\\/logo\\\/image\\\/\"},\"sameAs\":[\"https:\\\/\\\/www.facebook.com\\\/Trusted.Translations\",\"https:\\\/\\\/x.com\\\/TrustedT9ns\",\"https:\\\/\\\/www.linkedin.com\\\/company\\\/trusted-translations\"]}]}<\/script>\n<!-- \/ Yoast SEO plugin. -->","yoast_head_json":{"title":"Services de traduction m\u00e9diatique - Trusted Translations, Inc.","description":"Trusted Translations, Inc. poss\u00e8de une vaste exp\u00e9rience de travail avec les plus grandes organisations m\u00e9diatiques. Demandez un devis gratuit ou une consultation.","robots":{"index":"index","follow":"follow","max-snippet":"max-snippet:-1","max-image-preview":"max-image-preview:large","max-video-preview":"max-video-preview:-1"},"canonical":"https:\/\/www.trustedtranslations.com\/fr\/domaines\/medias","og_locale":"fr_FR","og_type":"article","og_title":"Services de traduction m\u00e9diatique - Trusted Translations, Inc.","og_description":"Trusted Translations, Inc. poss\u00e8de une vaste exp\u00e9rience de travail avec les plus grandes organisations m\u00e9diatiques. Demandez un devis gratuit ou une consultation.","og_url":"https:\/\/www.trustedtranslations.com\/fr\/domaines\/medias","og_site_name":"Trusted Translations, Inc.","article_publisher":"https:\/\/www.facebook.com\/Trusted.Translations","article_modified_time":"2024-09-03T14:56:49+00:00","og_image":[{"width":1038,"height":1038,"url":"https:\/\/static.trustedtranslations.com\/wp-content\/uploads\/2022\/03\/TT_NEW_FB-1.png","type":"image\/png"}],"twitter_card":"summary_large_image","twitter_site":"@TrustedT9ns","schema":{"@context":"https:\/\/schema.org","@graph":[{"@type":"WebPage","@id":"https:\/\/www.trustedtranslations.com\/fr\/domaines\/medias","url":"https:\/\/www.trustedtranslations.com\/fr\/domaines\/medias","name":"Services de traduction m\u00e9diatique - Trusted Translations, Inc.","isPartOf":{"@id":"https:\/\/www.trustedtranslations.com\/fr\/#website"},"primaryImageOfPage":{"@id":"https:\/\/www.trustedtranslations.com\/fr\/domaines\/medias#primaryimage"},"image":{"@id":"https:\/\/www.trustedtranslations.com\/fr\/domaines\/medias#primaryimage"},"thumbnailUrl":"https:\/\/www.trustedtranslations.com\/wp-content\/uploads\/2022\/03\/TT_NEW_FB-1.png","description":"Trusted Translations, Inc. poss\u00e8de une vaste exp\u00e9rience de travail avec les plus grandes organisations m\u00e9diatiques. Demandez un devis gratuit ou une consultation.","breadcrumb":{"@id":"https:\/\/www.trustedtranslations.com\/fr\/domaines\/medias#breadcrumb"},"inLanguage":"fr-FR","potentialAction":[{"@type":"ReadAction","target":["https:\/\/www.trustedtranslations.com\/fr\/domaines\/medias"]}]},{"@type":"ImageObject","inLanguage":"fr-FR","@id":"https:\/\/www.trustedtranslations.com\/fr\/domaines\/medias#primaryimage","url":"https:\/\/www.trustedtranslations.com\/wp-content\/uploads\/2022\/03\/TT_NEW_FB-1.png","contentUrl":"https:\/\/www.trustedtranslations.com\/wp-content\/uploads\/2022\/03\/TT_NEW_FB-1.png","width":1038,"height":1038,"caption":"TT NEW FB 1"},{"@type":"BreadcrumbList","@id":"https:\/\/www.trustedtranslations.com\/fr\/domaines\/medias#breadcrumb","itemListElement":[{"@type":"ListItem","position":1,"name":"Accueil","item":"https:\/\/www.trustedtranslations.com\/fr"},{"@type":"ListItem","position":2,"name":"Expertise de l\u2019industrie","item":"https:\/\/www.trustedtranslations.com\/fr\/domaines"},{"@type":"ListItem","position":3,"name":"M\u00e9dias"}]},{"@type":"WebSite","@id":"https:\/\/www.trustedtranslations.com\/fr\/#website","url":"https:\/\/www.trustedtranslations.com\/fr\/","name":"Trusted Translations, Inc.","description":"Leader in translation and interpretation services.","publisher":{"@id":"https:\/\/www.trustedtranslations.com\/fr\/#organization"},"alternateName":"Trusted Translations","potentialAction":[{"@type":"SearchAction","target":{"@type":"EntryPoint","urlTemplate":"https:\/\/www.trustedtranslations.com\/fr\/?s={search_term_string}"},"query-input":{"@type":"PropertyValueSpecification","valueRequired":true,"valueName":"search_term_string"}}],"inLanguage":"fr-FR"},{"@type":"Organization","@id":"https:\/\/www.trustedtranslations.com\/fr\/#organization","name":"Trusted Translations","alternateName":"Trusted Translations, Inc.","url":"https:\/\/www.trustedtranslations.com\/fr\/","logo":{"@type":"ImageObject","inLanguage":"fr-FR","@id":"https:\/\/www.trustedtranslations.com\/fr\/#\/schema\/logo\/image\/","url":"https:\/\/static.trustedtranslations.com\/wp-content\/uploads\/2022\/01\/TT_logo_WSIColors-2.png","contentUrl":"https:\/\/static.trustedtranslations.com\/wp-content\/uploads\/2022\/01\/TT_logo_WSIColors-2.png","width":500,"height":196,"caption":"Trusted Translations"},"image":{"@id":"https:\/\/www.trustedtranslations.com\/fr\/#\/schema\/logo\/image\/"},"sameAs":["https:\/\/www.facebook.com\/Trusted.Translations","https:\/\/x.com\/TrustedT9ns","https:\/\/www.linkedin.com\/company\/trusted-translations"]}]}},"toolset-meta":{"dyk":{"mensaje-1":{"type":"textfield","raw":"Nous disposons d\u2019experts en marketing sp\u00e9cialis\u00e9s dans le contenu li\u00e9 aux m\u00e9dias dans plus de 150\u00a0langues"},"mensaje-2":{"type":"textfield","raw":""},"mensaje-3":{"type":"textfield","raw":""},"mensaje-4":{"type":"textfield","raw":""},"mensaje-5":{"type":"textfield","raw":""},"mensaje-6":{"type":"textfield","raw":""}},"single-page-template-fields":{"imgs-temp":{"type":"image","raw":["https:\/\/static.trustedtranslations.com\/wp-content\/uploads\/2024\/05\/media-final-1.webp"],"repeatable":[{"raw":"https:\/\/static.trustedtranslations.com\/wp-content\/uploads\/2024\/05\/media-final-1.webp"}]},"imgs-temp-cel":{"type":"image","raw":[""],"repeatable":[{"raw":""}]},"img-temp-one-cel":{"type":"image","raw":"https:\/\/static.trustedtranslations.com\/wp-content\/uploads\/2024\/05\/AdobeStock_171466999-1-1.webp","attachment_id":null},"quotes":{"type":"textarea","raw":"<h1 style=\"margin-bottom: 12px;\">Services de traduction m\u00e9diatique et litt\u00e9raire<\/h1>Traduire des contenus m\u00e9diatiques et litt\u00e9raires n\u00e9cessite un ensemble de comp\u00e9tences presque oppos\u00e9 \u00e0 la pr\u00e9cision conceptuelle et terminologique des traductions techniques, juridiques, m\u00e9dicales et scientifiques. Nous fournissons des traductions m\u00e9diatiques et litt\u00e9raires qui transmettent les \u00e9motions, les valeurs et l\u2019impact cr\u00e9atif de l\u2019original tout en pr\u00e9servant l\u2019int\u00e9grit\u00e9 de l\u2019\u0153uvre.<div style=\"margin-top: 2.5vw;\"><a class=\"tt-btn-main-cta\" href=\"\/fr\/devis-traduction\">DEMANDEZ UN DEVIS GRATUIT<\/a><\/div>"},"text-1":{"type":"textarea","raw":"<h2>Une traduction sp\u00e9cialis\u00e9e pour saisir les nuances litt\u00e9raires et m\u00e9diatiques<\/h2>\r\n<p>L\u2019objectif du texte litt\u00e9raire et m\u00e9diatique est de mettre en \u00e9vidence divers aspects de la pens\u00e9e humaine ainsi que de communiquer des informations \u00e0 un grand nombre de personnes. Ces types de traductions utilisent un langage factuel mais aussi des symboles, des jeux de mots, des m\u00e9taphores et d\u2019autres caract\u00e9ristiques cr\u00e9atives qui ciblent les \u00e9motions humaines, plut\u00f4t que d\u2019essayer uniquement de transmettre des informations sp\u00e9cifiques.<\/p>\r\n<p>Afin de communiquer la m\u00eame intention que le texte original, nous faisons appel \u00e0 des traducteurs sp\u00e9cialis\u00e9s exp\u00e9riment\u00e9s dans les traductions m\u00e9diatiques et litt\u00e9raires. Traduire le style de l\u2019auteur original est un talent qui n\u00e9cessite des traducteurs qui non seulement \u00ab\u00a0connaissent\u00a0\u00bb couramment une autre langue, mais qui sont eux-m\u00eames des \u00e9crivains exceptionnels.<\/p>\r\n<h2 style=\"margin-bottom:20px\">Traduction litt\u00e9raire<\/h2>\r\n<p>La traduction litt\u00e9raire permet d\u2019assurer la popularit\u00e9 des \u0153uvres les plus durables de la litt\u00e9rature mondiale. Une bonne traduction litt\u00e9raire implique d\u2019avoir une id\u00e9e du contexte de l\u2019\u00e9crit et la capacit\u00e9 de capter l\u2019intention originale de l\u2019auteur, tout en maniant de mani\u00e8re experte les diff\u00e9rentes caract\u00e9ristiques linguistiques et stylistiques de la langue cible.<\/p>\r\n<p>Nos traducteurs litt\u00e9raires sont eux-m\u00eames des \u00e9crivains cr\u00e9atifs qualifi\u00e9s et sont form\u00e9s pour comprendre le contexte litt\u00e9raire de l\u2019\u0153uvre en question. Cela garantit que la traduction contient non seulement vos mots et vos pens\u00e9es, mais \u00e9galement la mani\u00e8re dont vous souhaitez transmettre votre message. Si vous avez un roman ou une autre \u0153uvre litt\u00e9raire \u00e0 traduire, nous vous fournirons une solution minutieuse et bien con\u00e7ue.<\/p>"},"shortcode-map":{"type":"textfield","raw":""},"dyk-shortcode":{"type":"textfield","raw":"[elementor-template id=\"146546\"]"},"text-2":{"type":"textarea","raw":"<h2 style=\"margin-bottom:20px\">Traduction pour les m\u00e9dias<\/h2>\r\nDes communiqu\u00e9s de presse et des articles de presse aux sp\u00e9cifications multim\u00e9dias et au contenu num\u00e9rique, <em>Trusted Translations<\/em> comprend l\u2019industrie des m\u00e9dias. Nous avons une vaste exp\u00e9rience de collaboration avec les meilleures organisations m\u00e9diatiques, y compris les multinationales et les quotidiens, et nous reconnaissons le besoin de traductions rapides et pr\u00e9cises des m\u00e9dias. En particulier, nous sommes pr\u00eats \u00e0 apporter des modifications de derni\u00e8re minute et \u00e0 fournir des d\u00e9lais d\u2019ex\u00e9cution rapides pour les projets urgents.\r\n\r\nVoici quelques-uns des documents li\u00e9s aux m\u00e9dias que nous traduisons g\u00e9n\u00e9ralement\u00a0:\r\n<ul>\r\n \t<li>Communiqu\u00e9s de presse<\/li>\r\n \t<li>Contenu digital<\/li>\r\n \t<li>Pr\u00e9sentations multim\u00e9dias<\/li>\r\n \t<li>Lettres et factures clients<\/li>\r\n \t<li>Brochures et autres supports marketing<\/li>\r\n \t<li>Dossiers de presse complets<\/li>\r\n \t<li>Articles de presse<\/li>\r\n \t<li>Reportages t\u00e9l\u00e9 et radio<\/li>\r\n \t<li>Communication d\u2019entreprise<\/li>\r\n<\/ul>\r\n<h2 style=\"margin-bottom:20px\">\u00c9quipes de traduction des m\u00e9dias<\/h2>\r\nTous nos traducteurs des m\u00e9dias ont acc\u00e8s \u00e0 des m\u00e9moires de traduction, des dictionnaires et des glossaires sp\u00e9cifiques aux m\u00e9dias, afin de garantir que chaque traduction soit \u00e0 la fois pr\u00e9cise et homog\u00e8ne, m\u00eame pour les projets les plus importants. Ils travaillent \u00e9galement avec nos chefs de projet, qui sont comp\u00e9tents \u00e0 la fois en planification de projet et en contr\u00f4le de la qualit\u00e9.\r\n\r\nEn outre, tous les traducteurs de <em>Trusted Translations<\/em> sont li\u00e9s par un accord de confidentialit\u00e9 commerciale et de non-divulgation d\u2019entreprise. Toutes les traductions restent confidentielles\u00a0: nos traducteurs connaissent la nature des communications m\u00e9diatiques sensibles et donneront la priorit\u00e9 \u00e0 la s\u00e9curit\u00e9 de vos projets.\r\n\r\n<em>Trusted Translations<\/em> peut constituer rapidement des \u00e9quipes pour prendre en charge des d\u00e9lais d\u2019ex\u00e9cution rapides sur des projets majeurs, accepter tous les types de fichiers et fournir des fichiers pr\u00eats \u00e0 publier si n\u00e9cessaire. Contactez-nous d\u00e8s aujourd\u2019hui pour d\u00e9couvrir comment nous pouvons \u00eatre la solution \u00e0 vos besoins en traduction de m\u00e9dias."},"state":{"type":"textfield","raw":""},"city":{"type":"textarea","raw":[]}}},"_links":{"self":[{"href":"https:\/\/www.trustedtranslations.com\/fr\/wp-json\/wp\/v2\/pages\/128949","targetHints":{"allow":["GET"]}}],"collection":[{"href":"https:\/\/www.trustedtranslations.com\/fr\/wp-json\/wp\/v2\/pages"}],"about":[{"href":"https:\/\/www.trustedtranslations.com\/fr\/wp-json\/wp\/v2\/types\/page"}],"author":[{"embeddable":true,"href":"https:\/\/www.trustedtranslations.com\/fr\/wp-json\/wp\/v2\/users\/1"}],"replies":[{"embeddable":true,"href":"https:\/\/www.trustedtranslations.com\/fr\/wp-json\/wp\/v2\/comments?post=128949"}],"version-history":[{"count":0,"href":"https:\/\/www.trustedtranslations.com\/fr\/wp-json\/wp\/v2\/pages\/128949\/revisions"}],"up":[{"embeddable":true,"href":"https:\/\/www.trustedtranslations.com\/fr\/wp-json\/wp\/v2\/pages\/128968"}],"wp:featuredmedia":[{"embeddable":true,"href":"https:\/\/www.trustedtranslations.com\/fr\/wp-json\/wp\/v2\/media\/139627"}],"wp:attachment":[{"href":"https:\/\/www.trustedtranslations.com\/fr\/wp-json\/wp\/v2\/media?parent=128949"}],"curies":[{"name":"wp","href":"https:\/\/api.w.org\/{rel}","templated":true}]}}