{"id":128953,"date":"2018-07-30T14:08:41","date_gmt":"2018-07-30T14:08:41","guid":{"rendered":"https:\/\/www.trustedtranslations.com\/?page_id=128953"},"modified":"2024-09-03T11:55:47","modified_gmt":"2024-09-03T14:55:47","slug":"fabrication-industrielle","status":"publish","type":"page","link":"https:\/\/www.trustedtranslations.com\/fr\/domaines\/fabrication-industrielle","title":{"rendered":"Fabrication industrielle"},"content":{"rendered":"","protected":false},"excerpt":{"rendered":"","protected":false},"author":1,"featured_media":139627,"parent":128968,"menu_order":0,"comment_status":"closed","ping_status":"closed","template":"","meta":{"site-sidebar-layout":"default","site-content-layout":"default","ast-site-content-layout":"default","site-content-style":"default","site-sidebar-style":"default","ast-global-header-display":"","ast-banner-title-visibility":"","ast-main-header-display":"","ast-hfb-above-header-display":"","ast-hfb-below-header-display":"","ast-hfb-mobile-header-display":"","site-post-title":"disabled","ast-breadcrumbs-content":"","ast-featured-img":"","footer-sml-layout":"","ast-disable-related-posts":"","theme-transparent-header-meta":"default","adv-header-id-meta":"","stick-header-meta":"","header-above-stick-meta":"","header-main-stick-meta":"","header-below-stick-meta":"","astra-migrate-meta-layouts":"set","ast-page-background-enabled":"default","ast-page-background-meta":{"desktop":{"background-color":"var(--ast-global-color-4)","background-image":"","background-repeat":"repeat","background-position":"center center","background-size":"auto","background-attachment":"scroll","background-type":"","background-media":"","overlay-type":"","overlay-color":"","overlay-opacity":"","overlay-gradient":""},"tablet":{"background-color":"","background-image":"","background-repeat":"repeat","background-position":"center center","background-size":"auto","background-attachment":"scroll","background-type":"","background-media":"","overlay-type":"","overlay-color":"","overlay-opacity":"","overlay-gradient":""},"mobile":{"background-color":"","background-image":"","background-repeat":"repeat","background-position":"center center","background-size":"auto","background-attachment":"scroll","background-type":"","background-media":"","overlay-type":"","overlay-color":"","overlay-opacity":"","overlay-gradient":""}},"ast-content-background-meta":{"desktop":{"background-color":"var(--ast-global-color-5)","background-image":"","background-repeat":"repeat","background-position":"center center","background-size":"auto","background-attachment":"scroll","background-type":"","background-media":"","overlay-type":"","overlay-color":"","overlay-opacity":"","overlay-gradient":""},"tablet":{"background-color":"var(--ast-global-color-5)","background-image":"","background-repeat":"repeat","background-position":"center center","background-size":"auto","background-attachment":"scroll","background-type":"","background-media":"","overlay-type":"","overlay-color":"","overlay-opacity":"","overlay-gradient":""},"mobile":{"background-color":"var(--ast-global-color-5)","background-image":"","background-repeat":"repeat","background-position":"center center","background-size":"auto","background-attachment":"scroll","background-type":"","background-media":"","overlay-type":"","overlay-color":"","overlay-opacity":"","overlay-gradient":""}},"footnotes":""},"class_list":["post-128953","page","type-page","status-publish","has-post-thumbnail","hentry"],"yoast_head":"<!-- This site is optimized with the Yoast SEO plugin v27.3 - https:\/\/yoast.com\/product\/yoast-seo-wordpress\/ -->\n<title>Services de traduction pour l\u2019industrie manufacturi\u00e8re - Trusted Translations, Inc.<\/title>\n<meta name=\"description\" content=\"Trusted Translations est le principal fournisseur de services de traduction de l\u2019industrie manufacturi\u00e8re. Demandez un devis ou un conseil gratuit.\" \/>\n<meta name=\"robots\" content=\"index, follow, max-snippet:-1, max-image-preview:large, max-video-preview:-1\" \/>\n<link rel=\"canonical\" href=\"https:\/\/www.trustedtranslations.com\/fr\/domaines\/fabrication-industrielle\" \/>\n<meta property=\"og:locale\" content=\"fr_FR\" \/>\n<meta property=\"og:type\" content=\"article\" \/>\n<meta property=\"og:title\" content=\"Services de traduction pour l\u2019industrie manufacturi\u00e8re - Trusted Translations, Inc.\" \/>\n<meta property=\"og:description\" content=\"Trusted Translations est le principal fournisseur de services de traduction de l\u2019industrie manufacturi\u00e8re. Demandez un devis ou un conseil gratuit.\" \/>\n<meta property=\"og:url\" content=\"https:\/\/www.trustedtranslations.com\/fr\/domaines\/fabrication-industrielle\" \/>\n<meta property=\"og:site_name\" content=\"Trusted Translations, Inc.\" \/>\n<meta property=\"article:publisher\" content=\"https:\/\/www.facebook.com\/Trusted.Translations\" \/>\n<meta property=\"article:modified_time\" content=\"2024-09-03T14:55:47+00:00\" \/>\n<meta property=\"og:image\" content=\"https:\/\/static.trustedtranslations.com\/wp-content\/uploads\/2022\/03\/TT_NEW_FB-1.png\" \/>\n\t<meta property=\"og:image:width\" content=\"1038\" \/>\n\t<meta property=\"og:image:height\" content=\"1038\" \/>\n\t<meta property=\"og:image:type\" content=\"image\/png\" \/>\n<meta name=\"twitter:card\" content=\"summary_large_image\" \/>\n<meta name=\"twitter:site\" content=\"@TrustedT9ns\" \/>\n<script type=\"application\/ld+json\" class=\"yoast-schema-graph\">{\"@context\":\"https:\\\/\\\/schema.org\",\"@graph\":[{\"@type\":\"WebPage\",\"@id\":\"https:\\\/\\\/www.trustedtranslations.com\\\/fr\\\/domaines\\\/fabrication-industrielle\",\"url\":\"https:\\\/\\\/www.trustedtranslations.com\\\/fr\\\/domaines\\\/fabrication-industrielle\",\"name\":\"Services de traduction pour l\u2019industrie manufacturi\u00e8re - Trusted Translations, Inc.\",\"isPartOf\":{\"@id\":\"https:\\\/\\\/www.trustedtranslations.com\\\/fr\\\/#website\"},\"primaryImageOfPage\":{\"@id\":\"https:\\\/\\\/www.trustedtranslations.com\\\/fr\\\/domaines\\\/fabrication-industrielle#primaryimage\"},\"image\":{\"@id\":\"https:\\\/\\\/www.trustedtranslations.com\\\/fr\\\/domaines\\\/fabrication-industrielle#primaryimage\"},\"thumbnailUrl\":\"https:\\\/\\\/www.trustedtranslations.com\\\/wp-content\\\/uploads\\\/2022\\\/03\\\/TT_NEW_FB-1.png\",\"description\":\"Trusted Translations est le principal fournisseur de services de traduction de l\u2019industrie manufacturi\u00e8re. Demandez un devis ou un conseil gratuit.\",\"breadcrumb\":{\"@id\":\"https:\\\/\\\/www.trustedtranslations.com\\\/fr\\\/domaines\\\/fabrication-industrielle#breadcrumb\"},\"inLanguage\":\"fr-FR\",\"potentialAction\":[{\"@type\":\"ReadAction\",\"target\":[\"https:\\\/\\\/www.trustedtranslations.com\\\/fr\\\/domaines\\\/fabrication-industrielle\"]}]},{\"@type\":\"ImageObject\",\"inLanguage\":\"fr-FR\",\"@id\":\"https:\\\/\\\/www.trustedtranslations.com\\\/fr\\\/domaines\\\/fabrication-industrielle#primaryimage\",\"url\":\"https:\\\/\\\/www.trustedtranslations.com\\\/wp-content\\\/uploads\\\/2022\\\/03\\\/TT_NEW_FB-1.png\",\"contentUrl\":\"https:\\\/\\\/www.trustedtranslations.com\\\/wp-content\\\/uploads\\\/2022\\\/03\\\/TT_NEW_FB-1.png\",\"width\":1038,\"height\":1038,\"caption\":\"TT NEW FB 1\"},{\"@type\":\"BreadcrumbList\",\"@id\":\"https:\\\/\\\/www.trustedtranslations.com\\\/fr\\\/domaines\\\/fabrication-industrielle#breadcrumb\",\"itemListElement\":[{\"@type\":\"ListItem\",\"position\":1,\"name\":\"Accueil\",\"item\":\"https:\\\/\\\/www.trustedtranslations.com\\\/fr\"},{\"@type\":\"ListItem\",\"position\":2,\"name\":\"Expertise de l\u2019industrie\",\"item\":\"https:\\\/\\\/www.trustedtranslations.com\\\/fr\\\/domaines\"},{\"@type\":\"ListItem\",\"position\":3,\"name\":\"Fabrication industrielle\"}]},{\"@type\":\"WebSite\",\"@id\":\"https:\\\/\\\/www.trustedtranslations.com\\\/fr\\\/#website\",\"url\":\"https:\\\/\\\/www.trustedtranslations.com\\\/fr\\\/\",\"name\":\"Trusted Translations, Inc.\",\"description\":\"Leader in translation and interpretation services.\",\"publisher\":{\"@id\":\"https:\\\/\\\/www.trustedtranslations.com\\\/fr\\\/#organization\"},\"alternateName\":\"Trusted Translations\",\"potentialAction\":[{\"@type\":\"SearchAction\",\"target\":{\"@type\":\"EntryPoint\",\"urlTemplate\":\"https:\\\/\\\/www.trustedtranslations.com\\\/fr\\\/?s={search_term_string}\"},\"query-input\":{\"@type\":\"PropertyValueSpecification\",\"valueRequired\":true,\"valueName\":\"search_term_string\"}}],\"inLanguage\":\"fr-FR\"},{\"@type\":\"Organization\",\"@id\":\"https:\\\/\\\/www.trustedtranslations.com\\\/fr\\\/#organization\",\"name\":\"Trusted Translations\",\"alternateName\":\"Trusted Translations, Inc.\",\"url\":\"https:\\\/\\\/www.trustedtranslations.com\\\/fr\\\/\",\"logo\":{\"@type\":\"ImageObject\",\"inLanguage\":\"fr-FR\",\"@id\":\"https:\\\/\\\/www.trustedtranslations.com\\\/fr\\\/#\\\/schema\\\/logo\\\/image\\\/\",\"url\":\"https:\\\/\\\/static.trustedtranslations.com\\\/wp-content\\\/uploads\\\/2022\\\/01\\\/TT_logo_WSIColors-2.png\",\"contentUrl\":\"https:\\\/\\\/static.trustedtranslations.com\\\/wp-content\\\/uploads\\\/2022\\\/01\\\/TT_logo_WSIColors-2.png\",\"width\":500,\"height\":196,\"caption\":\"Trusted Translations\"},\"image\":{\"@id\":\"https:\\\/\\\/www.trustedtranslations.com\\\/fr\\\/#\\\/schema\\\/logo\\\/image\\\/\"},\"sameAs\":[\"https:\\\/\\\/www.facebook.com\\\/Trusted.Translations\",\"https:\\\/\\\/x.com\\\/TrustedT9ns\",\"https:\\\/\\\/www.linkedin.com\\\/company\\\/trusted-translations\"]}]}<\/script>\n<!-- \/ Yoast SEO plugin. -->","yoast_head_json":{"title":"Services de traduction pour l\u2019industrie manufacturi\u00e8re - Trusted Translations, Inc.","description":"Trusted Translations est le principal fournisseur de services de traduction de l\u2019industrie manufacturi\u00e8re. Demandez un devis ou un conseil gratuit.","robots":{"index":"index","follow":"follow","max-snippet":"max-snippet:-1","max-image-preview":"max-image-preview:large","max-video-preview":"max-video-preview:-1"},"canonical":"https:\/\/www.trustedtranslations.com\/fr\/domaines\/fabrication-industrielle","og_locale":"fr_FR","og_type":"article","og_title":"Services de traduction pour l\u2019industrie manufacturi\u00e8re - Trusted Translations, Inc.","og_description":"Trusted Translations est le principal fournisseur de services de traduction de l\u2019industrie manufacturi\u00e8re. Demandez un devis ou un conseil gratuit.","og_url":"https:\/\/www.trustedtranslations.com\/fr\/domaines\/fabrication-industrielle","og_site_name":"Trusted Translations, Inc.","article_publisher":"https:\/\/www.facebook.com\/Trusted.Translations","article_modified_time":"2024-09-03T14:55:47+00:00","og_image":[{"width":1038,"height":1038,"url":"https:\/\/static.trustedtranslations.com\/wp-content\/uploads\/2022\/03\/TT_NEW_FB-1.png","type":"image\/png"}],"twitter_card":"summary_large_image","twitter_site":"@TrustedT9ns","schema":{"@context":"https:\/\/schema.org","@graph":[{"@type":"WebPage","@id":"https:\/\/www.trustedtranslations.com\/fr\/domaines\/fabrication-industrielle","url":"https:\/\/www.trustedtranslations.com\/fr\/domaines\/fabrication-industrielle","name":"Services de traduction pour l\u2019industrie manufacturi\u00e8re - Trusted Translations, Inc.","isPartOf":{"@id":"https:\/\/www.trustedtranslations.com\/fr\/#website"},"primaryImageOfPage":{"@id":"https:\/\/www.trustedtranslations.com\/fr\/domaines\/fabrication-industrielle#primaryimage"},"image":{"@id":"https:\/\/www.trustedtranslations.com\/fr\/domaines\/fabrication-industrielle#primaryimage"},"thumbnailUrl":"https:\/\/www.trustedtranslations.com\/wp-content\/uploads\/2022\/03\/TT_NEW_FB-1.png","description":"Trusted Translations est le principal fournisseur de services de traduction de l\u2019industrie manufacturi\u00e8re. Demandez un devis ou un conseil gratuit.","breadcrumb":{"@id":"https:\/\/www.trustedtranslations.com\/fr\/domaines\/fabrication-industrielle#breadcrumb"},"inLanguage":"fr-FR","potentialAction":[{"@type":"ReadAction","target":["https:\/\/www.trustedtranslations.com\/fr\/domaines\/fabrication-industrielle"]}]},{"@type":"ImageObject","inLanguage":"fr-FR","@id":"https:\/\/www.trustedtranslations.com\/fr\/domaines\/fabrication-industrielle#primaryimage","url":"https:\/\/www.trustedtranslations.com\/wp-content\/uploads\/2022\/03\/TT_NEW_FB-1.png","contentUrl":"https:\/\/www.trustedtranslations.com\/wp-content\/uploads\/2022\/03\/TT_NEW_FB-1.png","width":1038,"height":1038,"caption":"TT NEW FB 1"},{"@type":"BreadcrumbList","@id":"https:\/\/www.trustedtranslations.com\/fr\/domaines\/fabrication-industrielle#breadcrumb","itemListElement":[{"@type":"ListItem","position":1,"name":"Accueil","item":"https:\/\/www.trustedtranslations.com\/fr"},{"@type":"ListItem","position":2,"name":"Expertise de l\u2019industrie","item":"https:\/\/www.trustedtranslations.com\/fr\/domaines"},{"@type":"ListItem","position":3,"name":"Fabrication industrielle"}]},{"@type":"WebSite","@id":"https:\/\/www.trustedtranslations.com\/fr\/#website","url":"https:\/\/www.trustedtranslations.com\/fr\/","name":"Trusted Translations, Inc.","description":"Leader in translation and interpretation services.","publisher":{"@id":"https:\/\/www.trustedtranslations.com\/fr\/#organization"},"alternateName":"Trusted Translations","potentialAction":[{"@type":"SearchAction","target":{"@type":"EntryPoint","urlTemplate":"https:\/\/www.trustedtranslations.com\/fr\/?s={search_term_string}"},"query-input":{"@type":"PropertyValueSpecification","valueRequired":true,"valueName":"search_term_string"}}],"inLanguage":"fr-FR"},{"@type":"Organization","@id":"https:\/\/www.trustedtranslations.com\/fr\/#organization","name":"Trusted Translations","alternateName":"Trusted Translations, Inc.","url":"https:\/\/www.trustedtranslations.com\/fr\/","logo":{"@type":"ImageObject","inLanguage":"fr-FR","@id":"https:\/\/www.trustedtranslations.com\/fr\/#\/schema\/logo\/image\/","url":"https:\/\/static.trustedtranslations.com\/wp-content\/uploads\/2022\/01\/TT_logo_WSIColors-2.png","contentUrl":"https:\/\/static.trustedtranslations.com\/wp-content\/uploads\/2022\/01\/TT_logo_WSIColors-2.png","width":500,"height":196,"caption":"Trusted Translations"},"image":{"@id":"https:\/\/www.trustedtranslations.com\/fr\/#\/schema\/logo\/image\/"},"sameAs":["https:\/\/www.facebook.com\/Trusted.Translations","https:\/\/x.com\/TrustedT9ns","https:\/\/www.linkedin.com\/company\/trusted-translations"]}]}},"toolset-meta":{"dyk":{"mensaje-1":{"type":"textfield","raw":""},"mensaje-2":{"type":"textfield","raw":""},"mensaje-3":{"type":"textfield","raw":""},"mensaje-4":{"type":"textfield","raw":"Nos traductions pour l\u2019industrie manufacturi\u00e8re d\u00e9passent les exigences linguistiques techniques de nos clients"},"mensaje-5":{"type":"textfield","raw":""},"mensaje-6":{"type":"textfield","raw":""}},"single-page-template-fields":{"imgs-temp":{"type":"image","raw":["https:\/\/static.trustedtranslations.com\/wp-content\/uploads\/2024\/05\/manufacturing-final-1.webp","https:\/\/static.trustedtranslations.com\/wp-content\/uploads\/2024\/05\/manufacturing-final-2-1.webp"],"repeatable":[{"raw":"https:\/\/static.trustedtranslations.com\/wp-content\/uploads\/2024\/05\/manufacturing-final-1.webp"},{"raw":"https:\/\/static.trustedtranslations.com\/wp-content\/uploads\/2024\/05\/manufacturing-final-2-1.webp"}]},"imgs-temp-cel":{"type":"image","raw":[""],"repeatable":[{"raw":""}]},"img-temp-one-cel":{"type":"image","raw":"https:\/\/static.trustedtranslations.com\/wp-content\/uploads\/2024\/05\/AdobeStock_350888164-1-1.webp","attachment_id":null},"quotes":{"type":"textarea","raw":"<h1 style=\"margin-bottom: 12px;\">Services de traduction pour l\u2019industrie manufacturi\u00e8re<\/h1>Trusted Translations est le principal fournisseur de services de traduction pour l\u2019industrie manufacturi\u00e8re, sp\u00e9cialis\u00e9 dans les traductions anglais-espagnol. Qu\u2019il s\u2019agisse de manuels d\u2019installation, de sp\u00e9cifications de syst\u00e8mes ou de guides d\u2019utilisation, nous livrons des traductions de fabrication industrielle tr\u00e8s pr\u00e9cises et fiables.<div style=\"margin-top: 2.5vw;\"><a class=\"tt-btn-main-cta\" href=\"\/fr\/devis-traduction\">DEMANDEZ UN DEVIS GRATUIT<\/a><\/div>"},"text-1":{"type":"textarea","raw":"<h2>Des traductions rapides et pr\u00e9cises pour une r\u00e9ussite industrielle comp\u00e9titive<\/h2>\r\nChez <em>Trusted Translations<\/em>, nous comprenons comment la mondialisation, les progr\u00e8s technologiques rapides et les cycles de vie courts des produits ont cr\u00e9\u00e9 le besoin pour les fabricants d\u2019obtenir et de mettre \u00e0 jour rapidement des documents localis\u00e9s de haute qualit\u00e9. Les produits sophistiqu\u00e9s des principaux fabricants ne peuvent \u00eatre comp\u00e9titifs sur le march\u00e9 mondial que s\u2019ils s\u2019appuient sur des traductions rapides, pr\u00e9cises et \u00e9conomiques, strictement conformes aux normes de l\u2019industrie.\r\n\r\nBien que nous ayons la capacit\u00e9 de traduire dans plus de 200\u00a0langues, nous nous sp\u00e9cialisons dans les traductions de fabrication industrielle anglais-espagnol, effectu\u00e9es par des \u00e9quipes s\u00e9lectionn\u00e9es de traducteurs anglais-espagnol poss\u00e9dant l\u2019expertise requise dans l\u2019industrie.\r\n\r\nTrusted Translations vous aidera \u00e0 briser la barri\u00e8re de la langue, \u00e0 faire passer votre message et \u00e0 faciliter la communication sur des sujets techniques. Nous sommes une solution \u00e0 guichet unique pour vos traductions de fabrication industrielle.\r\n<h2 style=\"margin-bottom:20px\">Traductions pour l\u2019industrie manufacturi\u00e8re<\/h2>\r\nLes services de traduction de <em>Trusted Translations<\/em> pour l\u2019industrie manufacturi\u00e8re r\u00e9pondent syst\u00e9matiquement \u00e0 toutes les exigences linguistiques techniques de nos clients. Nos traducteurs professionnels sont s\u00e9lectionn\u00e9s en fonction de leurs comp\u00e9tences linguistiques ainsi que de leur connaissance du contenu sp\u00e9cifique \u00e0 traduire. Cette combinaison d\u2019expertise sp\u00e9cifique \u00e0 l\u2019industrie et de ma\u00eetrise de la langue est fiable et rentable.\r\n\r\nNous avons mis en place un processus rigoureux pour tout document de fabrication. Tout d\u2019abord, nous attribuons le projet \u00e0 des traducteurs qui poss\u00e8dent les dipl\u00f4mes universitaires n\u00e9cessaires ainsi qu\u2019une exp\u00e9rience concr\u00e8te dans votre domaine sp\u00e9cifique.\r\n\r\nEnsuite, nos chefs de projet experts et nos professionnels de la publication assist\u00e9e par ordinateur travaillent ensemble pour s\u2019assurer que le contenu est correctement traduit et publi\u00e9 dans le bon format, dans les d\u00e9lais et dans les limites du budget.\r\nCela vous permet, \u00e0 vous et \u00e0 votre \u00e9quipe, de vous concentrer sur d\u2019autres t\u00e2ches, telles que le lancement d\u2019un nouveau produit, l\u2019am\u00e9lioration de la productivit\u00e9 ou la g\u00e9n\u00e9ration de revenus."},"shortcode-map":{"type":"textfield","raw":""},"dyk-shortcode":{"type":"textfield","raw":"[elementor-template id=\"146546\"]"},"text-2":{"type":"textarea","raw":"<h2 style=\"margin-bottom:20px\">Traduction de documents techniques<\/h2>\r\nVoici quelques exemples de types de documents techniques que nous traduisons fr\u00e9quemment\u00a0:\r\n<ul>\r\n \t<li>Manuels d\u2019installation, d\u2019utilisation et de maintenance<\/li>\r\n \t<li>Manuels RH<\/li>\r\n \t<li>Manuels d\u2019entretien<\/li>\r\n \t<li>Manuels concernant les politiques<\/li>\r\n \t<li>Dessins CAD<\/li>\r\n \t<li>Emballages<\/li>\r\n \t<li>Processus de travail<\/li>\r\n \t<li>Contrats de service<\/li>\r\n \t<li>Documents r\u00e9glementaires<\/li>\r\n \t<li>Brevets<\/li>\r\n \t<li>Contrats commerciaux<\/li>\r\n \t<li>Modules techniques d\u2019apprentissage en ligne<\/li>\r\n \t<li>Documents de marketing (par exemple, sites Web et catalogues de produits)<\/li>\r\n<\/ul>\r\nQuel que soit votre projet ou votre secteur d\u2019activit\u00e9, notre \u00e9quipe est pr\u00eate \u00e0 vous offrir une traduction pour l\u2019industrie manufacturi\u00e8re rentable et hautement fiable.\r\n<h2 style=\"margin-bottom:20px\">\u00c9quipes de traduction pour l\u2019industrie manufacturi\u00e8re<\/h2>\r\n<em>Trusted Translations<\/em> \u00e9quipe nos traducteurs d\u2019outils de haute qualit\u00e9 pour les aider \u00e0 mener \u00e0 bien vos traductions. Tous nos traducteurs du secteur de la fabrication ont acc\u00e8s \u00e0 des m\u00e9moires de traduction, des dictionnaires et des bases terminologiques, ce qui garantit que les traductions sont \u00e0 la fois pr\u00e9cises et homog\u00e8nes, m\u00eame pour les projets les plus importants et les plus complexes sur le plan technique.\r\n\r\nTous nos traducteurs sont li\u00e9s par un accord de confidentialit\u00e9 commerciale et de non-divulgation.\u00a0<em>Trusted Translations<\/em> prend tr\u00e8s au s\u00e9rieux les questions de confidentialit\u00e9 et de s\u00e9curit\u00e9. Toutes les traductions restent confidentielles. Nos traducteurs sont sensibles \u00e0 l\u2019importance de la s\u00e9curit\u00e9 dans cette industrie et respectent pleinement la confidentialit\u00e9 des documents fournis dans le cadre de chaque projet.\r\n\r\nEn tant que partenaire de confiance de fabricants multinationaux, d\u2019entreprises du Fortune\u00a0500, de l\u2019arm\u00e9e am\u00e9ricaine, etc., <em>Trusted Translations<\/em> propose des services de traduction exceptionnels pour l\u2019industrie manufacturi\u00e8re. Pour en savoir plus, contactez <em>Trusted Translations<\/em> d\u00e8s aujourd\u2019hui."},"state":{"type":"textfield","raw":""},"city":{"type":"textarea","raw":[]}}},"_links":{"self":[{"href":"https:\/\/www.trustedtranslations.com\/fr\/wp-json\/wp\/v2\/pages\/128953","targetHints":{"allow":["GET"]}}],"collection":[{"href":"https:\/\/www.trustedtranslations.com\/fr\/wp-json\/wp\/v2\/pages"}],"about":[{"href":"https:\/\/www.trustedtranslations.com\/fr\/wp-json\/wp\/v2\/types\/page"}],"author":[{"embeddable":true,"href":"https:\/\/www.trustedtranslations.com\/fr\/wp-json\/wp\/v2\/users\/1"}],"replies":[{"embeddable":true,"href":"https:\/\/www.trustedtranslations.com\/fr\/wp-json\/wp\/v2\/comments?post=128953"}],"version-history":[{"count":0,"href":"https:\/\/www.trustedtranslations.com\/fr\/wp-json\/wp\/v2\/pages\/128953\/revisions"}],"up":[{"embeddable":true,"href":"https:\/\/www.trustedtranslations.com\/fr\/wp-json\/wp\/v2\/pages\/128968"}],"wp:featuredmedia":[{"embeddable":true,"href":"https:\/\/www.trustedtranslations.com\/fr\/wp-json\/wp\/v2\/media\/139627"}],"wp:attachment":[{"href":"https:\/\/www.trustedtranslations.com\/fr\/wp-json\/wp\/v2\/media?parent=128953"}],"curies":[{"name":"wp","href":"https:\/\/api.w.org\/{rel}","templated":true}]}}