{"id":128956,"date":"2018-07-30T14:08:37","date_gmt":"2018-07-30T14:08:37","guid":{"rendered":"https:\/\/www.trustedtranslations.com\/?page_id=128956"},"modified":"2024-09-03T15:48:52","modified_gmt":"2024-09-03T18:48:52","slug":"manuels","status":"publish","type":"page","link":"https:\/\/www.trustedtranslations.com\/fr\/domaines\/manuels","title":{"rendered":"Manuels d\u2019utilisation"},"content":{"rendered":"","protected":false},"excerpt":{"rendered":"","protected":false},"author":1,"featured_media":139627,"parent":128968,"menu_order":0,"comment_status":"closed","ping_status":"closed","template":"","meta":{"site-sidebar-layout":"default","site-content-layout":"default","ast-site-content-layout":"default","site-content-style":"default","site-sidebar-style":"default","ast-global-header-display":"","ast-banner-title-visibility":"","ast-main-header-display":"","ast-hfb-above-header-display":"","ast-hfb-below-header-display":"","ast-hfb-mobile-header-display":"","site-post-title":"disabled","ast-breadcrumbs-content":"","ast-featured-img":"","footer-sml-layout":"","ast-disable-related-posts":"","theme-transparent-header-meta":"default","adv-header-id-meta":"","stick-header-meta":"","header-above-stick-meta":"","header-main-stick-meta":"","header-below-stick-meta":"","astra-migrate-meta-layouts":"set","ast-page-background-enabled":"default","ast-page-background-meta":{"desktop":{"background-color":"var(--ast-global-color-4)","background-image":"","background-repeat":"repeat","background-position":"center center","background-size":"auto","background-attachment":"scroll","background-type":"","background-media":"","overlay-type":"","overlay-color":"","overlay-opacity":"","overlay-gradient":""},"tablet":{"background-color":"","background-image":"","background-repeat":"repeat","background-position":"center center","background-size":"auto","background-attachment":"scroll","background-type":"","background-media":"","overlay-type":"","overlay-color":"","overlay-opacity":"","overlay-gradient":""},"mobile":{"background-color":"","background-image":"","background-repeat":"repeat","background-position":"center center","background-size":"auto","background-attachment":"scroll","background-type":"","background-media":"","overlay-type":"","overlay-color":"","overlay-opacity":"","overlay-gradient":""}},"ast-content-background-meta":{"desktop":{"background-color":"var(--ast-global-color-5)","background-image":"","background-repeat":"repeat","background-position":"center center","background-size":"auto","background-attachment":"scroll","background-type":"","background-media":"","overlay-type":"","overlay-color":"","overlay-opacity":"","overlay-gradient":""},"tablet":{"background-color":"var(--ast-global-color-5)","background-image":"","background-repeat":"repeat","background-position":"center center","background-size":"auto","background-attachment":"scroll","background-type":"","background-media":"","overlay-type":"","overlay-color":"","overlay-opacity":"","overlay-gradient":""},"mobile":{"background-color":"var(--ast-global-color-5)","background-image":"","background-repeat":"repeat","background-position":"center center","background-size":"auto","background-attachment":"scroll","background-type":"","background-media":"","overlay-type":"","overlay-color":"","overlay-opacity":"","overlay-gradient":""}},"footnotes":""},"class_list":["post-128956","page","type-page","status-publish","has-post-thumbnail","hentry"],"yoast_head":"<!-- This site is optimized with the Yoast SEO plugin v27.6 - https:\/\/yoast.com\/product\/yoast-seo-wordpress\/ -->\n<title>Services de traduction de manuels d\u2019utilisateur - Trusted Translations, Inc.<\/title>\n<meta name=\"description\" content=\"Trusted Translations est sp\u00e9cialis\u00e9e en services de traduction de manuels : guides, livrets et manuels. Demandez un devis ou une estimation gratuit(e).\" \/>\n<meta name=\"robots\" content=\"index, follow, max-snippet:-1, max-image-preview:large, max-video-preview:-1\" \/>\n<link rel=\"canonical\" href=\"https:\/\/www.trustedtranslations.com\/fr\/domaines\/manuels\" \/>\n<meta property=\"og:locale\" content=\"fr_FR\" \/>\n<meta property=\"og:type\" content=\"article\" \/>\n<meta property=\"og:title\" content=\"Services de traduction de manuels d\u2019utilisateur - Trusted Translations, Inc.\" \/>\n<meta property=\"og:description\" content=\"Trusted Translations est sp\u00e9cialis\u00e9e en services de traduction de manuels : guides, livrets et manuels. Demandez un devis ou une estimation gratuit(e).\" \/>\n<meta property=\"og:url\" content=\"https:\/\/www.trustedtranslations.com\/fr\/domaines\/manuels\" \/>\n<meta property=\"og:site_name\" content=\"Trusted Translations, Inc.\" \/>\n<meta property=\"article:publisher\" content=\"https:\/\/www.facebook.com\/Trusted.Translations\" \/>\n<meta property=\"article:modified_time\" content=\"2024-09-03T18:48:52+00:00\" \/>\n<meta property=\"og:image\" content=\"https:\/\/static.trustedtranslations.com\/wp-content\/uploads\/2022\/03\/TT_NEW_FB-1.png\" \/>\n\t<meta property=\"og:image:width\" content=\"1038\" \/>\n\t<meta property=\"og:image:height\" content=\"1038\" \/>\n\t<meta property=\"og:image:type\" content=\"image\/png\" \/>\n<meta name=\"twitter:card\" content=\"summary_large_image\" \/>\n<meta name=\"twitter:site\" content=\"@TrustedT9ns\" \/>\n<script type=\"application\/ld+json\" class=\"yoast-schema-graph\">{\"@context\":\"https:\\\/\\\/schema.org\",\"@graph\":[{\"@type\":\"WebPage\",\"@id\":\"https:\\\/\\\/www.trustedtranslations.com\\\/fr\\\/domaines\\\/manuels\",\"url\":\"https:\\\/\\\/www.trustedtranslations.com\\\/fr\\\/domaines\\\/manuels\",\"name\":\"Services de traduction de manuels d\u2019utilisateur - Trusted Translations, Inc.\",\"isPartOf\":{\"@id\":\"https:\\\/\\\/www.trustedtranslations.com\\\/fr\\\/#website\"},\"primaryImageOfPage\":{\"@id\":\"https:\\\/\\\/www.trustedtranslations.com\\\/fr\\\/domaines\\\/manuels#primaryimage\"},\"image\":{\"@id\":\"https:\\\/\\\/www.trustedtranslations.com\\\/fr\\\/domaines\\\/manuels#primaryimage\"},\"thumbnailUrl\":\"https:\\\/\\\/www.trustedtranslations.com\\\/wp-content\\\/uploads\\\/2022\\\/03\\\/TT_NEW_FB-1.png\",\"description\":\"Trusted Translations est sp\u00e9cialis\u00e9e en services de traduction de manuels : guides, livrets et manuels. Demandez un devis ou une estimation gratuit(e).\",\"breadcrumb\":{\"@id\":\"https:\\\/\\\/www.trustedtranslations.com\\\/fr\\\/domaines\\\/manuels#breadcrumb\"},\"inLanguage\":\"fr-FR\",\"potentialAction\":[{\"@type\":\"ReadAction\",\"target\":[\"https:\\\/\\\/www.trustedtranslations.com\\\/fr\\\/domaines\\\/manuels\"]}]},{\"@type\":\"ImageObject\",\"inLanguage\":\"fr-FR\",\"@id\":\"https:\\\/\\\/www.trustedtranslations.com\\\/fr\\\/domaines\\\/manuels#primaryimage\",\"url\":\"https:\\\/\\\/www.trustedtranslations.com\\\/wp-content\\\/uploads\\\/2022\\\/03\\\/TT_NEW_FB-1.png\",\"contentUrl\":\"https:\\\/\\\/www.trustedtranslations.com\\\/wp-content\\\/uploads\\\/2022\\\/03\\\/TT_NEW_FB-1.png\",\"width\":1038,\"height\":1038,\"caption\":\"TT NEW FB 1\"},{\"@type\":\"BreadcrumbList\",\"@id\":\"https:\\\/\\\/www.trustedtranslations.com\\\/fr\\\/domaines\\\/manuels#breadcrumb\",\"itemListElement\":[{\"@type\":\"ListItem\",\"position\":1,\"name\":\"Accueil\",\"item\":\"https:\\\/\\\/www.trustedtranslations.com\\\/fr\"},{\"@type\":\"ListItem\",\"position\":2,\"name\":\"Expertise de l\u2019industrie\",\"item\":\"https:\\\/\\\/www.trustedtranslations.com\\\/fr\\\/domaines\"},{\"@type\":\"ListItem\",\"position\":3,\"name\":\"Manuels d\u2019utilisation\"}]},{\"@type\":\"WebSite\",\"@id\":\"https:\\\/\\\/www.trustedtranslations.com\\\/fr\\\/#website\",\"url\":\"https:\\\/\\\/www.trustedtranslations.com\\\/fr\\\/\",\"name\":\"Trusted Translations, Inc.\",\"description\":\"Leader in translation and interpretation services.\",\"publisher\":{\"@id\":\"https:\\\/\\\/www.trustedtranslations.com\\\/fr\\\/#organization\"},\"alternateName\":\"Trusted Translations\",\"potentialAction\":[{\"@type\":\"SearchAction\",\"target\":{\"@type\":\"EntryPoint\",\"urlTemplate\":\"https:\\\/\\\/www.trustedtranslations.com\\\/fr\\\/?s={search_term_string}\"},\"query-input\":{\"@type\":\"PropertyValueSpecification\",\"valueRequired\":true,\"valueName\":\"search_term_string\"}}],\"inLanguage\":\"fr-FR\"},{\"@type\":\"Organization\",\"@id\":\"https:\\\/\\\/www.trustedtranslations.com\\\/fr\\\/#organization\",\"name\":\"Trusted Translations\",\"alternateName\":\"Trusted Translations, Inc.\",\"url\":\"https:\\\/\\\/www.trustedtranslations.com\\\/fr\\\/\",\"logo\":{\"@type\":\"ImageObject\",\"inLanguage\":\"fr-FR\",\"@id\":\"https:\\\/\\\/www.trustedtranslations.com\\\/fr\\\/#\\\/schema\\\/logo\\\/image\\\/\",\"url\":\"https:\\\/\\\/static.trustedtranslations.com\\\/wp-content\\\/uploads\\\/2022\\\/01\\\/TT_logo_WSIColors-2.png\",\"contentUrl\":\"https:\\\/\\\/static.trustedtranslations.com\\\/wp-content\\\/uploads\\\/2022\\\/01\\\/TT_logo_WSIColors-2.png\",\"width\":500,\"height\":196,\"caption\":\"Trusted Translations\"},\"image\":{\"@id\":\"https:\\\/\\\/www.trustedtranslations.com\\\/fr\\\/#\\\/schema\\\/logo\\\/image\\\/\"},\"sameAs\":[\"https:\\\/\\\/www.facebook.com\\\/Trusted.Translations\",\"https:\\\/\\\/x.com\\\/TrustedT9ns\",\"https:\\\/\\\/www.linkedin.com\\\/company\\\/trusted-translations\"]}]}<\/script>\n<!-- \/ Yoast SEO plugin. -->","yoast_head_json":{"title":"Services de traduction de manuels d\u2019utilisateur - Trusted Translations, Inc.","description":"Trusted Translations est sp\u00e9cialis\u00e9e en services de traduction de manuels : guides, livrets et manuels. Demandez un devis ou une estimation gratuit(e).","robots":{"index":"index","follow":"follow","max-snippet":"max-snippet:-1","max-image-preview":"max-image-preview:large","max-video-preview":"max-video-preview:-1"},"canonical":"https:\/\/www.trustedtranslations.com\/fr\/domaines\/manuels","og_locale":"fr_FR","og_type":"article","og_title":"Services de traduction de manuels d\u2019utilisateur - Trusted Translations, Inc.","og_description":"Trusted Translations est sp\u00e9cialis\u00e9e en services de traduction de manuels : guides, livrets et manuels. Demandez un devis ou une estimation gratuit(e).","og_url":"https:\/\/www.trustedtranslations.com\/fr\/domaines\/manuels","og_site_name":"Trusted Translations, Inc.","article_publisher":"https:\/\/www.facebook.com\/Trusted.Translations","article_modified_time":"2024-09-03T18:48:52+00:00","og_image":[{"width":1038,"height":1038,"url":"https:\/\/static.trustedtranslations.com\/wp-content\/uploads\/2022\/03\/TT_NEW_FB-1.png","type":"image\/png"}],"twitter_card":"summary_large_image","twitter_site":"@TrustedT9ns","schema":{"@context":"https:\/\/schema.org","@graph":[{"@type":"WebPage","@id":"https:\/\/www.trustedtranslations.com\/fr\/domaines\/manuels","url":"https:\/\/www.trustedtranslations.com\/fr\/domaines\/manuels","name":"Services de traduction de manuels d\u2019utilisateur - Trusted Translations, Inc.","isPartOf":{"@id":"https:\/\/www.trustedtranslations.com\/fr\/#website"},"primaryImageOfPage":{"@id":"https:\/\/www.trustedtranslations.com\/fr\/domaines\/manuels#primaryimage"},"image":{"@id":"https:\/\/www.trustedtranslations.com\/fr\/domaines\/manuels#primaryimage"},"thumbnailUrl":"https:\/\/www.trustedtranslations.com\/wp-content\/uploads\/2022\/03\/TT_NEW_FB-1.png","description":"Trusted Translations est sp\u00e9cialis\u00e9e en services de traduction de manuels : guides, livrets et manuels. Demandez un devis ou une estimation gratuit(e).","breadcrumb":{"@id":"https:\/\/www.trustedtranslations.com\/fr\/domaines\/manuels#breadcrumb"},"inLanguage":"fr-FR","potentialAction":[{"@type":"ReadAction","target":["https:\/\/www.trustedtranslations.com\/fr\/domaines\/manuels"]}]},{"@type":"ImageObject","inLanguage":"fr-FR","@id":"https:\/\/www.trustedtranslations.com\/fr\/domaines\/manuels#primaryimage","url":"https:\/\/www.trustedtranslations.com\/wp-content\/uploads\/2022\/03\/TT_NEW_FB-1.png","contentUrl":"https:\/\/www.trustedtranslations.com\/wp-content\/uploads\/2022\/03\/TT_NEW_FB-1.png","width":1038,"height":1038,"caption":"TT NEW FB 1"},{"@type":"BreadcrumbList","@id":"https:\/\/www.trustedtranslations.com\/fr\/domaines\/manuels#breadcrumb","itemListElement":[{"@type":"ListItem","position":1,"name":"Accueil","item":"https:\/\/www.trustedtranslations.com\/fr"},{"@type":"ListItem","position":2,"name":"Expertise de l\u2019industrie","item":"https:\/\/www.trustedtranslations.com\/fr\/domaines"},{"@type":"ListItem","position":3,"name":"Manuels d\u2019utilisation"}]},{"@type":"WebSite","@id":"https:\/\/www.trustedtranslations.com\/fr\/#website","url":"https:\/\/www.trustedtranslations.com\/fr\/","name":"Trusted Translations, Inc.","description":"Leader in translation and interpretation services.","publisher":{"@id":"https:\/\/www.trustedtranslations.com\/fr\/#organization"},"alternateName":"Trusted Translations","potentialAction":[{"@type":"SearchAction","target":{"@type":"EntryPoint","urlTemplate":"https:\/\/www.trustedtranslations.com\/fr\/?s={search_term_string}"},"query-input":{"@type":"PropertyValueSpecification","valueRequired":true,"valueName":"search_term_string"}}],"inLanguage":"fr-FR"},{"@type":"Organization","@id":"https:\/\/www.trustedtranslations.com\/fr\/#organization","name":"Trusted Translations","alternateName":"Trusted Translations, Inc.","url":"https:\/\/www.trustedtranslations.com\/fr\/","logo":{"@type":"ImageObject","inLanguage":"fr-FR","@id":"https:\/\/www.trustedtranslations.com\/fr\/#\/schema\/logo\/image\/","url":"https:\/\/static.trustedtranslations.com\/wp-content\/uploads\/2022\/01\/TT_logo_WSIColors-2.png","contentUrl":"https:\/\/static.trustedtranslations.com\/wp-content\/uploads\/2022\/01\/TT_logo_WSIColors-2.png","width":500,"height":196,"caption":"Trusted Translations"},"image":{"@id":"https:\/\/www.trustedtranslations.com\/fr\/#\/schema\/logo\/image\/"},"sameAs":["https:\/\/www.facebook.com\/Trusted.Translations","https:\/\/x.com\/TrustedT9ns","https:\/\/www.linkedin.com\/company\/trusted-translations"]}]}},"toolset-meta":{"dyk":{"mensaje-1":{"type":"textfield","raw":""},"mensaje-2":{"type":"textfield","raw":""},"mensaje-3":{"type":"textfield","raw":"Nous d\u00e9passons les normes ISO\u00a09001:2015 et certifions nos traductions de manuels d'utilisation sur demande."},"mensaje-4":{"type":"textfield","raw":""},"mensaje-5":{"type":"textfield","raw":""},"mensaje-6":{"type":"textfield","raw":""}},"single-page-template-fields":{"imgs-temp":{"type":"image","raw":["https:\/\/static.trustedtranslations.com\/wp-content\/uploads\/2024\/05\/manual-final-8.webp","https:\/\/static.trustedtranslations.com\/wp-content\/uploads\/2024\/05\/manual-final-2-1.webp","https:\/\/static.trustedtranslations.com\/wp-content\/uploads\/2024\/05\/manual-final-6-1.webp","https:\/\/static.trustedtranslations.com\/wp-content\/uploads\/2024\/05\/manual-final-4-1.webp"],"repeatable":[{"raw":"https:\/\/static.trustedtranslations.com\/wp-content\/uploads\/2024\/05\/manual-final-8.webp"},{"raw":"https:\/\/static.trustedtranslations.com\/wp-content\/uploads\/2024\/05\/manual-final-2-1.webp"},{"raw":"https:\/\/static.trustedtranslations.com\/wp-content\/uploads\/2024\/05\/manual-final-6-1.webp"},{"raw":"https:\/\/static.trustedtranslations.com\/wp-content\/uploads\/2024\/05\/manual-final-4-1.webp"}]},"imgs-temp-cel":{"type":"image","raw":[""],"repeatable":[{"raw":""}]},"img-temp-one-cel":{"type":"image","raw":"https:\/\/static.trustedtranslations.com\/wp-content\/uploads\/2024\/05\/manual-final-1-1.webp","attachment_id":null},"quotes":{"type":"textarea","raw":"<h1 style=\"margin-bottom: 12px;\">Traduction de manuels d\u2019utilisation\/de r\u00e9f\u00e9rence<\/h1>Les services de traduction de manuels d\u2019utilisation, de guides et de manuels de r\u00e9f\u00e9rence sont un ensemble de services de base que nous fournissons \u00e0 nos clients. Des manuels de fonctionnement hautement techniques aux directives \u00e0 destination des services des ressources humaines (RH), nous avons l\u2019exp\u00e9rience n\u00e9cessaire pour prendre en charge vos projets, quelle que soit leur taille. Nous n\u2019utilisons que des linguistes sp\u00e9cialis\u00e9s et des graphistes de premier plan pour garantir des traductions pr\u00e9cises, une mise en forme et une conception visuelle appropri\u00e9es pour chaque langue demand\u00e9e.<div style=\"margin-top: 2.5vw;\"><a class=\"tt-btn-main-cta\" href=\"\/fr\/devis-traduction\">DEMANDEZ UN DEVIS GRATUIT<\/a><\/div>"},"text-1":{"type":"textarea","raw":"<h2 style=\"margin-bottom: 20px;\">Traductions de manuels d'utilisation\/de r\u00e9f\u00e9rence \u00e0 des tarifs comp\u00e9titifs<\/h2>\r\nNotre structure tarifaire unique pour les manuels d'utilisation, les manuels de r\u00e9f\u00e9rence et les guides vous permet de r\u00e9aliser des \u00e9conomies de 20 \u00e0 40\u00a0% et d'obtenir un niveau accru de qualit\u00e9 et de coh\u00e9rence pour chaque traduction. Cela est possible gr\u00e2ce au recours \u00e0 des processus de qualit\u00e9 soigneusement contr\u00f4l\u00e9s et certifi\u00e9s par des organismes ind\u00e9pendants, \u00e0 la technologie de pointe des m\u00e9moires de traduction et aux logiciels de formatage les plus r\u00e9cents. <em>Trusted Translation<\/em> poss\u00e8de une exp\u00e9rience reconnue dans la traduction de manuels, de guides et de manuels de r\u00e9f\u00e9rence pour des entreprises du classement Fortune\u00a0500, de tr\u00e8s importants organismes gouvernementaux et des organisations \u00e0 but non-lucratif partout dans le monde, en proposant toujours des tarifs tr\u00e8s comp\u00e9titifs et des niveaux de qualit\u00e9 tr\u00e8s \u00e9lev\u00e9s, qui exc\u00e8dent les normes ISO, comme le certifient des bureaux d'enregistrement ISO ind\u00e9pendants.\r\n<div class=\"imgs-flex-template\">\r\n    <div>\r\n        <h2 style=\"margin-bottom: 20px;\">Traductions de manuels d'utilisation<\/h2>\r\n        <p>Les traductions de manuels\/guides\/manuels de r\u00e9f\u00e9rence sont un \u00e9l\u00e9ment fondamental pour presque toutes les organisations. Dans l\u2019\u00e9conomique mondiale actuelle, presque tous les produits sont vendus au niveau international ou parviennent \u00e0 des utilisateurs qui parlent une langue diff\u00e9rente. Que vous vendiez aux \u00c9tats-Unis ou \u00e0 l'\u00e9tranger, proposer des traductions de manuels d'utilisation de qualit\u00e9 est une n\u00e9cessit\u00e9.\r\n            Chez <em>Trusted Translations<\/em>, nous nous concentrons sur deux \u00e9l\u00e9ments lors de la traduction de manuels\u00a0: la qualit\u00e9 et le prix. Nous nous effor\u00e7ons de vous fournir les meilleurs prix du secteur en mettant en place une structure tarifaire unique qui permet d\u2019am\u00e9liorer la qualit\u00e9 des traductions et de r\u00e9duire les co\u00fbts en conservant une m\u00e9moire des phrases traduites r\u00e9pet\u00e9es. Voici des exemples de types de manuels d\u2019utilisation que nous traduisons fr\u00e9quemment\u00a0:\r\n            \r\n            \u2022 Manuels de construction\r\n            \u2022 Manuels de r\u00e9f\u00e9rence pour les employ\u00e9s\r\n            \u2022 Manuels d'\u00e9lectronique\r\n            \u2022 Sp\u00e9cifications techniques\r\n            \u2022 Consignes sanitaires\r\n            \u2022 Manuels d\u2019instructions\r\n            \u2022 Manuels de politiques\r\n            \u2022 Manuels d\u2019exploitation\r\n            \u2022 Manuels de s\u00e9curit\u00e9\r\n            \u2022 Manuels de logiciels\r\n            \u2022 Manuels techniques<\/p>\r\n    <\/div>\r\n    <img src=\"https:\/\/static.trustedtranslations.com\/wp-content\/uploads\/2022\/03\/AdobeStock_466584002-scaled.jpg\">\r\n<\/div>\r\n<div class=\"imgs-flex-template flex-text-2\" style=\"margin-top: -30px\">\r\n    <img src=\"https:\/\/static.trustedtranslations.com\/wp-content\/uploads\/2022\/03\/AdobeStock_277236933-1-1536x1024.jpeg\">\r\n    <div class=\"p-img-width\">\r\n        <h2 style=\"margin-bottom: 20px;\">Traductions de guides<\/h2>\r\n        <p>Les traductions de guides, tout comme les traductions de manuels, sont un \u00e9l\u00e9ment fondamental pour la plupart des entreprises qui fabriquent un produit ou fournissent un service. D\u00e9crire l\u2019utilisation correcte de votre produit ou de votre service peut faire toute la diff\u00e9rence quant \u00e0 la satisfaction et \u00e0 la s\u00e9curit\u00e9 de vos clients. Chez <em><em><em><em>Trusted Translations<\/em><\/em><\/em><\/em>, gr\u00e2ce \u00e0 des ann\u00e9es d'exp\u00e9rience dans la traduction de tous types de guides, nous avons mis en place un syst\u00e8me particulier qui permet de r\u00e9duire vos frais et d\u2019augmenter la qualit\u00e9 et la coh\u00e9rence de chacun des guides que vous traduisez dans une langue \u00e9trang\u00e8re.\r\n\r\n            Voici quelques exemples de types de guides que nous traduisons fr\u00e9quemment\u00a0:\r\n            <ul>\r\n                 <li>Guides de montage<\/li>\r\n                 <li>Guides \u00e9lectroniques<\/li>\r\n                 <li>Guides d\u2019instructions<\/li>\r\n                 <li>Demandes de brevet<\/li>\r\n                 <li>Guides brevets<\/li>\r\n                 <li>Guides produits<\/li>\r\n                 <li>Guides d\u2019entretien<\/li>\r\n            <\/ul><\/p>\r\n    <\/div>\r\n<\/div>"},"shortcode-map":{"type":"textfield","raw":""},"dyk-shortcode":{"type":"textfield","raw":"[elementor-template id=\"146546\"]"},"text-2":{"type":"textarea","raw":"<div class=\"imgs-flex-template\">\r\n    <div>\r\n        <h2 style=\"margin-bottom: 20px;\">Traductions de manuels de r\u00e9f\u00e9rence<\/h2>\r\n        <p>Les traductions de manuels de r\u00e9f\u00e9rence sont extr\u00eamement utiles dans l\u2019environnement des affaires actuel \u00e0 plusieurs niveaux. Concernant les communications internes, disposer de manuels de r\u00e9f\u00e9rence pratiques et de manuels des RH peut am\u00e9liorer votre productivit\u00e9 et communiquer une culture d'entreprise uniforme \u00e0 un ensemble diversifi\u00e9 d\u2019employ\u00e9s, que ce soit au niveau local ou mondial. \u00c9tant donn\u00e9 que de plus en plus d'entreprises sont compos\u00e9es de personnes provenant de pays et de cultures diff\u00e9rentes, disposer de traductions des manuels de r\u00e9f\u00e9rence de qualit\u00e9 est une n\u00e9cessit\u00e9 pour communiquer votre message de mani\u00e8re correcte et coh\u00e9rente.\r\n\r\n            En externe, les manuels de r\u00e9f\u00e9rence fournissent aux entreprises un moyen utile d\u2019informer leurs march\u00e9s cibles. Cette fourniture d'informations suppl\u00e9mentaires peut aider l'entreprise \u00e0 fid\u00e9liser les clients r\u00e9currents. <em><em><em><em>Trusted Translations<\/em><\/em><\/em><\/em> a traduit des milliers de manuels de r\u00e9f\u00e9rence destin\u00e9s aussi bien aux communications internes qu'externes.\r\n            \r\n            Voici quelques exemples de types de manuels de r\u00e9f\u00e9rence que nous traduisons fr\u00e9quemment\u00a0:\r\n            <ul>\r\n                 <li>\u00c9thique des affaires<\/li>\r\n                 <li>Codes de conduite<\/li>\r\n                 <li>Manuels p\u00e9dagogiques<\/li>\r\n                 <li>Manuels des employ\u00e9s<\/li>\r\n                 <li>Manuels de bureaux<\/li>\r\n                 <li>Manuels m\u00e9dicaux<\/li>\r\n            <\/ul><\/p>\r\n    <\/div>\r\n    <img src=\"https:\/\/static.trustedtranslations.com\/wp-content\/uploads\/2022\/03\/AdobeStock_48658787-1-1429x2048.jpeg\">\r\n<\/div>\r\n\r\n<h2 style=\"margin-bottom: 20px;\">\u00c9quipes de traducteurs pour les manuels d'utilisation\/guides<\/h2>\r\nPour chaque projet, nous s\u00e9lectionnons les meilleures \u00e9quipes de traducteurs de manuels de r\u00e9f\u00e9rence sp\u00e9cialement s\u00e9lectionn\u00e9es pour traduire votre sujet. Ceci est fondamental, car la plupart des traductions de manuels de r\u00e9f\u00e9rence sont de nature tr\u00e8s technique et exigent l\u2019utilisation d\u2019une nomenclature propre au secteur. Pour les produits destin\u00e9s \u00e0 l\u2019utilisateur final, nous garantissons que nos \u00e9quipes de traducteurs de manuels de r\u00e9f\u00e9rence utilisent des termes en accord avec le niveau de formation de votre public cible.\r\n\r\nTous nos traducteurs de manuels d'utilisation ont acc\u00e8s \u00e0 des m\u00e9moires de traduction, des dictionnaires, des listes exclusives de termes du secteur, afin de garantir que la traduction soit \u00e0 la fois pr\u00e9cise et coh\u00e9rente tout au long des projets, m\u00eames les plus volumineux.\r\n\r\nTous les traducteurs de <em>Trusted Translations<\/em> sont tenus \u00e0 la confidentialit\u00e9 commerciale et par un accord de non-divulgation. <em>Trusted Translations<\/em> prend tr\u00e8s au s\u00e9rieux les questions de confidentialit\u00e9 et de s\u00e9curit\u00e9. Toutes les traductions restent confidentielles. Nos traducteurs sont tr\u00e8s sensibles \u00e0 la nature de ce march\u00e9 et respectent pleinement les documents et les informations confidentiels."},"state":{"type":"textfield","raw":""},"city":{"type":"textarea","raw":[]}}},"_links":{"self":[{"href":"https:\/\/www.trustedtranslations.com\/fr\/wp-json\/wp\/v2\/pages\/128956","targetHints":{"allow":["GET"]}}],"collection":[{"href":"https:\/\/www.trustedtranslations.com\/fr\/wp-json\/wp\/v2\/pages"}],"about":[{"href":"https:\/\/www.trustedtranslations.com\/fr\/wp-json\/wp\/v2\/types\/page"}],"author":[{"embeddable":true,"href":"https:\/\/www.trustedtranslations.com\/fr\/wp-json\/wp\/v2\/users\/1"}],"replies":[{"embeddable":true,"href":"https:\/\/www.trustedtranslations.com\/fr\/wp-json\/wp\/v2\/comments?post=128956"}],"version-history":[{"count":0,"href":"https:\/\/www.trustedtranslations.com\/fr\/wp-json\/wp\/v2\/pages\/128956\/revisions"}],"up":[{"embeddable":true,"href":"https:\/\/www.trustedtranslations.com\/fr\/wp-json\/wp\/v2\/pages\/128968"}],"wp:featuredmedia":[{"embeddable":true,"href":"https:\/\/www.trustedtranslations.com\/fr\/wp-json\/wp\/v2\/media\/139627"}],"wp:attachment":[{"href":"https:\/\/www.trustedtranslations.com\/fr\/wp-json\/wp\/v2\/media?parent=128956"}],"curies":[{"name":"wp","href":"https:\/\/api.w.org\/{rel}","templated":true}]}}