{"id":128957,"date":"2018-07-30T14:08:33","date_gmt":"2018-07-30T14:08:33","guid":{"rendered":"https:\/\/www.trustedtranslations.com\/?page_id=128957"},"modified":"2024-09-03T11:55:15","modified_gmt":"2024-09-03T14:55:15","slug":"juridique","status":"publish","type":"page","link":"https:\/\/www.trustedtranslations.com\/fr\/domaines\/juridique","title":{"rendered":"Juridique"},"content":{"rendered":"","protected":false},"excerpt":{"rendered":"","protected":false},"author":1,"featured_media":0,"parent":128968,"menu_order":0,"comment_status":"closed","ping_status":"closed","template":"","meta":{"site-sidebar-layout":"default","site-content-layout":"default","ast-site-content-layout":"default","site-content-style":"default","site-sidebar-style":"default","ast-global-header-display":"","ast-banner-title-visibility":"","ast-main-header-display":"","ast-hfb-above-header-display":"","ast-hfb-below-header-display":"","ast-hfb-mobile-header-display":"","site-post-title":"disabled","ast-breadcrumbs-content":"","ast-featured-img":"","footer-sml-layout":"","ast-disable-related-posts":"","theme-transparent-header-meta":"default","adv-header-id-meta":"","stick-header-meta":"","header-above-stick-meta":"","header-main-stick-meta":"","header-below-stick-meta":"","astra-migrate-meta-layouts":"set","ast-page-background-enabled":"default","ast-page-background-meta":{"desktop":{"background-color":"var(--ast-global-color-4)","background-image":"","background-repeat":"repeat","background-position":"center center","background-size":"auto","background-attachment":"scroll","background-type":"","background-media":"","overlay-type":"","overlay-color":"","overlay-opacity":"","overlay-gradient":""},"tablet":{"background-color":"","background-image":"","background-repeat":"repeat","background-position":"center center","background-size":"auto","background-attachment":"scroll","background-type":"","background-media":"","overlay-type":"","overlay-color":"","overlay-opacity":"","overlay-gradient":""},"mobile":{"background-color":"","background-image":"","background-repeat":"repeat","background-position":"center center","background-size":"auto","background-attachment":"scroll","background-type":"","background-media":"","overlay-type":"","overlay-color":"","overlay-opacity":"","overlay-gradient":""}},"ast-content-background-meta":{"desktop":{"background-color":"var(--ast-global-color-5)","background-image":"","background-repeat":"repeat","background-position":"center center","background-size":"auto","background-attachment":"scroll","background-type":"","background-media":"","overlay-type":"","overlay-color":"","overlay-opacity":"","overlay-gradient":""},"tablet":{"background-color":"var(--ast-global-color-5)","background-image":"","background-repeat":"repeat","background-position":"center center","background-size":"auto","background-attachment":"scroll","background-type":"","background-media":"","overlay-type":"","overlay-color":"","overlay-opacity":"","overlay-gradient":""},"mobile":{"background-color":"var(--ast-global-color-5)","background-image":"","background-repeat":"repeat","background-position":"center center","background-size":"auto","background-attachment":"scroll","background-type":"","background-media":"","overlay-type":"","overlay-color":"","overlay-opacity":"","overlay-gradient":""}},"footnotes":""},"class_list":["post-128957","page","type-page","status-publish","hentry"],"yoast_head":"<!-- This site is optimized with the Yoast SEO plugin v27.5 - https:\/\/yoast.com\/product\/yoast-seo-wordpress\/ -->\n<title>Services de traduction juridique - Trusted Translations, Inc.<\/title>\n<meta name=\"description\" content=\"Trusted Translations est sp\u00e9cialis\u00e9 dans les services de traduction juridique par des \u00e9quipes de traducteurs juridiques experts. Demandez un devis ou un conseil gratuit.\" \/>\n<meta name=\"robots\" content=\"index, follow, max-snippet:-1, max-image-preview:large, max-video-preview:-1\" \/>\n<link rel=\"canonical\" href=\"https:\/\/www.trustedtranslations.com\/fr\/domaines\/juridique\" \/>\n<meta property=\"og:locale\" content=\"fr_FR\" \/>\n<meta property=\"og:type\" content=\"article\" \/>\n<meta property=\"og:title\" content=\"Services de traduction juridique - Trusted Translations, Inc.\" \/>\n<meta property=\"og:description\" content=\"Trusted Translations est sp\u00e9cialis\u00e9 dans les services de traduction juridique par des \u00e9quipes de traducteurs juridiques experts. Demandez un devis ou un conseil gratuit.\" \/>\n<meta property=\"og:url\" content=\"https:\/\/www.trustedtranslations.com\/fr\/domaines\/juridique\" \/>\n<meta property=\"og:site_name\" content=\"Trusted Translations, Inc.\" \/>\n<meta property=\"article:publisher\" content=\"https:\/\/www.facebook.com\/Trusted.Translations\" \/>\n<meta property=\"article:modified_time\" content=\"2024-09-03T14:55:15+00:00\" \/>\n<meta property=\"og:image\" content=\"https:\/\/www.trustedtranslations.com\/wp-content\/uploads\/2022\/06\/tt-logo-2-1.webp\" \/>\n\t<meta property=\"og:image:width\" content=\"216\" \/>\n\t<meta property=\"og:image:height\" content=\"94\" \/>\n\t<meta property=\"og:image:type\" content=\"image\/webp\" \/>\n<meta name=\"twitter:card\" content=\"summary_large_image\" \/>\n<meta name=\"twitter:site\" content=\"@TrustedT9ns\" \/>\n<script type=\"application\/ld+json\" class=\"yoast-schema-graph\">{\"@context\":\"https:\\\/\\\/schema.org\",\"@graph\":[{\"@type\":\"WebPage\",\"@id\":\"https:\\\/\\\/www.trustedtranslations.com\\\/fr\\\/domaines\\\/juridique\",\"url\":\"https:\\\/\\\/www.trustedtranslations.com\\\/fr\\\/domaines\\\/juridique\",\"name\":\"Services de traduction juridique - Trusted Translations, Inc.\",\"isPartOf\":{\"@id\":\"https:\\\/\\\/www.trustedtranslations.com\\\/fr\\\/#website\"},\"description\":\"Trusted Translations est sp\u00e9cialis\u00e9 dans les services de traduction juridique par des \u00e9quipes de traducteurs juridiques experts. Demandez un devis ou un conseil gratuit.\",\"breadcrumb\":{\"@id\":\"https:\\\/\\\/www.trustedtranslations.com\\\/fr\\\/domaines\\\/juridique#breadcrumb\"},\"inLanguage\":\"fr-FR\",\"potentialAction\":[{\"@type\":\"ReadAction\",\"target\":[\"https:\\\/\\\/www.trustedtranslations.com\\\/fr\\\/domaines\\\/juridique\"]}]},{\"@type\":\"BreadcrumbList\",\"@id\":\"https:\\\/\\\/www.trustedtranslations.com\\\/fr\\\/domaines\\\/juridique#breadcrumb\",\"itemListElement\":[{\"@type\":\"ListItem\",\"position\":1,\"name\":\"Accueil\",\"item\":\"https:\\\/\\\/www.trustedtranslations.com\\\/fr\"},{\"@type\":\"ListItem\",\"position\":2,\"name\":\"Expertise de l\u2019industrie\",\"item\":\"https:\\\/\\\/www.trustedtranslations.com\\\/fr\\\/domaines\"},{\"@type\":\"ListItem\",\"position\":3,\"name\":\"Juridique\"}]},{\"@type\":\"WebSite\",\"@id\":\"https:\\\/\\\/www.trustedtranslations.com\\\/fr\\\/#website\",\"url\":\"https:\\\/\\\/www.trustedtranslations.com\\\/fr\\\/\",\"name\":\"Trusted Translations, Inc.\",\"description\":\"Leader in translation and interpretation services.\",\"publisher\":{\"@id\":\"https:\\\/\\\/www.trustedtranslations.com\\\/fr\\\/#organization\"},\"alternateName\":\"Trusted Translations\",\"potentialAction\":[{\"@type\":\"SearchAction\",\"target\":{\"@type\":\"EntryPoint\",\"urlTemplate\":\"https:\\\/\\\/www.trustedtranslations.com\\\/fr\\\/?s={search_term_string}\"},\"query-input\":{\"@type\":\"PropertyValueSpecification\",\"valueRequired\":true,\"valueName\":\"search_term_string\"}}],\"inLanguage\":\"fr-FR\"},{\"@type\":\"Organization\",\"@id\":\"https:\\\/\\\/www.trustedtranslations.com\\\/fr\\\/#organization\",\"name\":\"Trusted Translations\",\"alternateName\":\"Trusted Translations, Inc.\",\"url\":\"https:\\\/\\\/www.trustedtranslations.com\\\/fr\\\/\",\"logo\":{\"@type\":\"ImageObject\",\"inLanguage\":\"fr-FR\",\"@id\":\"https:\\\/\\\/www.trustedtranslations.com\\\/fr\\\/#\\\/schema\\\/logo\\\/image\\\/\",\"url\":\"https:\\\/\\\/static.trustedtranslations.com\\\/wp-content\\\/uploads\\\/2022\\\/01\\\/TT_logo_WSIColors-2.png\",\"contentUrl\":\"https:\\\/\\\/static.trustedtranslations.com\\\/wp-content\\\/uploads\\\/2022\\\/01\\\/TT_logo_WSIColors-2.png\",\"width\":500,\"height\":196,\"caption\":\"Trusted Translations\"},\"image\":{\"@id\":\"https:\\\/\\\/www.trustedtranslations.com\\\/fr\\\/#\\\/schema\\\/logo\\\/image\\\/\"},\"sameAs\":[\"https:\\\/\\\/www.facebook.com\\\/Trusted.Translations\",\"https:\\\/\\\/x.com\\\/TrustedT9ns\",\"https:\\\/\\\/www.linkedin.com\\\/company\\\/trusted-translations\"]}]}<\/script>\n<!-- \/ Yoast SEO plugin. -->","yoast_head_json":{"title":"Services de traduction juridique - Trusted Translations, Inc.","description":"Trusted Translations est sp\u00e9cialis\u00e9 dans les services de traduction juridique par des \u00e9quipes de traducteurs juridiques experts. Demandez un devis ou un conseil gratuit.","robots":{"index":"index","follow":"follow","max-snippet":"max-snippet:-1","max-image-preview":"max-image-preview:large","max-video-preview":"max-video-preview:-1"},"canonical":"https:\/\/www.trustedtranslations.com\/fr\/domaines\/juridique","og_locale":"fr_FR","og_type":"article","og_title":"Services de traduction juridique - Trusted Translations, Inc.","og_description":"Trusted Translations est sp\u00e9cialis\u00e9 dans les services de traduction juridique par des \u00e9quipes de traducteurs juridiques experts. Demandez un devis ou un conseil gratuit.","og_url":"https:\/\/www.trustedtranslations.com\/fr\/domaines\/juridique","og_site_name":"Trusted Translations, Inc.","article_publisher":"https:\/\/www.facebook.com\/Trusted.Translations","article_modified_time":"2024-09-03T14:55:15+00:00","og_image":[{"width":216,"height":94,"url":"https:\/\/www.trustedtranslations.com\/wp-content\/uploads\/2022\/06\/tt-logo-2-1.webp","type":"image\/webp"}],"twitter_card":"summary_large_image","twitter_site":"@TrustedT9ns","schema":{"@context":"https:\/\/schema.org","@graph":[{"@type":"WebPage","@id":"https:\/\/www.trustedtranslations.com\/fr\/domaines\/juridique","url":"https:\/\/www.trustedtranslations.com\/fr\/domaines\/juridique","name":"Services de traduction juridique - Trusted Translations, Inc.","isPartOf":{"@id":"https:\/\/www.trustedtranslations.com\/fr\/#website"},"description":"Trusted Translations est sp\u00e9cialis\u00e9 dans les services de traduction juridique par des \u00e9quipes de traducteurs juridiques experts. Demandez un devis ou un conseil gratuit.","breadcrumb":{"@id":"https:\/\/www.trustedtranslations.com\/fr\/domaines\/juridique#breadcrumb"},"inLanguage":"fr-FR","potentialAction":[{"@type":"ReadAction","target":["https:\/\/www.trustedtranslations.com\/fr\/domaines\/juridique"]}]},{"@type":"BreadcrumbList","@id":"https:\/\/www.trustedtranslations.com\/fr\/domaines\/juridique#breadcrumb","itemListElement":[{"@type":"ListItem","position":1,"name":"Accueil","item":"https:\/\/www.trustedtranslations.com\/fr"},{"@type":"ListItem","position":2,"name":"Expertise de l\u2019industrie","item":"https:\/\/www.trustedtranslations.com\/fr\/domaines"},{"@type":"ListItem","position":3,"name":"Juridique"}]},{"@type":"WebSite","@id":"https:\/\/www.trustedtranslations.com\/fr\/#website","url":"https:\/\/www.trustedtranslations.com\/fr\/","name":"Trusted Translations, Inc.","description":"Leader in translation and interpretation services.","publisher":{"@id":"https:\/\/www.trustedtranslations.com\/fr\/#organization"},"alternateName":"Trusted Translations","potentialAction":[{"@type":"SearchAction","target":{"@type":"EntryPoint","urlTemplate":"https:\/\/www.trustedtranslations.com\/fr\/?s={search_term_string}"},"query-input":{"@type":"PropertyValueSpecification","valueRequired":true,"valueName":"search_term_string"}}],"inLanguage":"fr-FR"},{"@type":"Organization","@id":"https:\/\/www.trustedtranslations.com\/fr\/#organization","name":"Trusted Translations","alternateName":"Trusted Translations, Inc.","url":"https:\/\/www.trustedtranslations.com\/fr\/","logo":{"@type":"ImageObject","inLanguage":"fr-FR","@id":"https:\/\/www.trustedtranslations.com\/fr\/#\/schema\/logo\/image\/","url":"https:\/\/static.trustedtranslations.com\/wp-content\/uploads\/2022\/01\/TT_logo_WSIColors-2.png","contentUrl":"https:\/\/static.trustedtranslations.com\/wp-content\/uploads\/2022\/01\/TT_logo_WSIColors-2.png","width":500,"height":196,"caption":"Trusted Translations"},"image":{"@id":"https:\/\/www.trustedtranslations.com\/fr\/#\/schema\/logo\/image\/"},"sameAs":["https:\/\/www.facebook.com\/Trusted.Translations","https:\/\/x.com\/TrustedT9ns","https:\/\/www.linkedin.com\/company\/trusted-translations"]}]}},"toolset-meta":{"dyk":{"mensaje-1":{"type":"textfield","raw":""},"mensaje-2":{"type":"textfield","raw":"<em>Trusted Translations<\/em> a \u00e9t\u00e9 fond\u00e9e et est dirig\u00e9e par des juristes agr\u00e9\u00e9s aux \u00c9tats-Unis"},"mensaje-3":{"type":"textfield","raw":"Nous pouvons vous faire \u00e9conomiser, \u00e0 vous et \u00e0 vos clients, plus de 30\u00a0% sur les services de traduction juridique professionnelle"},"mensaje-4":{"type":"textfield","raw":""},"mensaje-5":{"type":"textfield","raw":""},"mensaje-6":{"type":"textfield","raw":""}},"single-page-template-fields":{"imgs-temp":{"type":"image","raw":["https:\/\/static.trustedtranslations.com\/wp-content\/uploads\/2024\/05\/legal-final-1-1.webp"],"repeatable":[{"raw":"https:\/\/static.trustedtranslations.com\/wp-content\/uploads\/2024\/05\/legal-final-1-1.webp"}]},"imgs-temp-cel":{"type":"image","raw":[""],"repeatable":[{"raw":""}]},"img-temp-one-cel":{"type":"image","raw":"https:\/\/static.trustedtranslations.com\/wp-content\/uploads\/2024\/05\/AdobeStock_228326382-2-1.webp","attachment_id":null},"quotes":{"type":"textarea","raw":"<h1 style=\"margin-bottom: 12px;\">Services de traduction juridique<\/h1>Trusted Translations a fait ses preuves en mati\u00e8re de solutions de traduction pour le secteur juridique. Nos juristes agr\u00e9\u00e9s pr\u00eatent \u00e0 nos traductions juridiques l\u2019expertise requise par les cabinets d\u2019avocats et les entreprises de tout premier plan.<div style=\"margin-top: 2.5vw;\"><a class=\"tt-btn-main-cta\" href=\"\/fr\/devis-traduction\">DEMANDEZ UN DEVIS GRATUIT<\/a><\/div>"},"text-1":{"type":"textarea","raw":"<h2>Expertise sp\u00e9cialis\u00e9e pour une traduction pr\u00e9cise de documents juridiques<\/h2>\r\n<p>Les documents critiques tels que les contrats n\u00e9cessitent la plus grande attention et les comp\u00e9tences les plus approfondies pour produire une traduction juridique pr\u00e9cise.<br \/>Le jargon et les concepts juridiques varient souvent d\u2019un pays \u00e0 l\u2019autre, et les traductions juridiques peuvent n\u00e9cessiter des traducteurs juridiques sp\u00e9cialis\u00e9s. En outre, certains pays ont des directives l\u00e9gales sp\u00e9cifiques concernant les emballages, les contrats, la mise en forme des textes, etc., dont votre organisation doit tenir compte. Nos experts sont form\u00e9s pour reconna\u00eetre ces variantes et peuvent vous aider \u00e0 appliquer la nomenclature ou le protocole ad\u00e9quat(e) \u00e0 tout projet.<\/p>\r\n<h2 style=\"padding-bottom:20px\">Traduction juridique professionnelle<\/h2>\r\n<p>Une traduction juridique professionnelle peut faire toute la diff\u00e9rence dans la pr\u00e9vention des \u00e9ventualit\u00e9s juridiques futures, et garantit que la signification juridique correcte est transmise au sein d\u2019un syst\u00e8me judiciaire donn\u00e9. Pour obtenir les meilleurs r\u00e9sultats, des traductions juridiques pr\u00e9cises n\u00e9cessitent des traducteurs ayant une compr\u00e9hension approfondie de la nomenclature, des processus et des syst\u00e8mes juridiques, ainsi que du secteur et du sujet trait\u00e9.<\/p>\r\n<h2 style=\"padding-bottom:20px\">Traduction de documents juridiques<\/h2>\r\n<p>Nous avons une vaste exp\u00e9rience dans la traduction de tous types de documents juridiques, notamment\u00a0:<\/p>\r\n<ul>\r\n<li>Contrats<\/li>\r\n<li>Transcriptions d\u2019audiences et de d\u00e9clarations de t\u00e9moins<\/li>\r\n<li>D\u00e9positions<\/li>\r\n<li>Clauses d\u2019exclusion de responsabilit\u00e9<\/li>\r\n<li>Accords de confidentialit\u00e9<\/li>\r\n<li>Certifications et d\u00e9clarations l\u00e9gales<\/li>\r\n<li>Affidavits<\/li>\r\n<li>R\u00e8glements et lois<\/li>\r\n<li>Rapports sur les d\u00e9cisions gouvernementales et juridiques<\/li>\r\n<li>D\u00e9p\u00f4ts de brevets et de marques<\/li>\r\n<li>Lettres de cr\u00e9dit<\/li>\r\n<li>Documents techniques au soutien des contentieux<\/li>\r\n<li>Licences<\/li>\r\n<li>Documents d\u2019inscription<\/li>\r\n<li>Rapports d\u2019experts<\/li>\r\n<li>Contentieux<\/li>\r\n<li>Arbitrage<\/li>\r\n<\/ul>\r\n<h2 style=\"padding-bottom:20px\">Traduction juridique en espagnol<\/h2>\r\n<p><em>Trusted Translations<\/em> est devenu l\u2019un des meilleurs sp\u00e9cialistes anglais-espagnol du march\u00e9. Les plus grandes organisations du monde entier nous font confiance pour la traduction de tous types de documents juridiques, des dossiers de police internationaux aux d\u00e9p\u00f4ts de brevets complexes.<\/p>\r\n<h2 style=\"padding-bottom:20px\">\u00c9quipes de traduction juridique<\/h2>\r\n<p>Gr\u00e2ce \u00e0 ses juristes admis au barreau des \u00c9tats-Unis et \u00e0 ses experts en information financi\u00e8re, <em>Trusted Translations<\/em> comprend parfaitement le sujet et est ainsi en mesure de fournir les traductions juridiques les plus fiables.<\/p>\r\n<p>Nos traducteurs juridiques sont soigneusement choisis et test\u00e9s pour s\u2019assurer que seuls des traducteurs, des \u00e9diteurs et des r\u00e9viseurs professionnels qualifi\u00e9s sont affect\u00e9s \u00e0 la r\u00e9alisation de vos projets, transmettant avec pr\u00e9cision m\u00eame les informations juridiques les plus complexes. Nombre de nos traducteurs juridiques sp\u00e9cialis\u00e9s sont des juristes \u00e9galement dipl\u00f4m\u00e9s en linguistique. Nos proc\u00e9dures rigoureuses de s\u00e9lection, de test et d\u2019\u00e9valuation des traducteurs juridiques, combin\u00e9es \u00e0 un suivi continu des projets, nous permettent de fournir des traductions juridiques claires et efficaces.<\/p>\r\n<p>Les traducteurs juridiques de <em>Trusted Translations<\/em> sont li\u00e9s par des accords de confidentialit\u00e9 commerciale et de non-divulgation.\u00a0Nous prenons tr\u00e8s au s\u00e9rieux les questions de confidentialit\u00e9 et de s\u00e9curit\u00e9, et toutes les traductions juridiques restent confidentielles. Nos traducteurs juridiques sont sensibles \u00e0 la nature du secteur et respectent pleinement la confidentialit\u00e9 des \u00e9changes entre les avocats et leurs clients ainsi que le secret professionnel d\u00fb aux produits de travail des avocats.<\/p>"},"shortcode-map":{"type":"textfield","raw":""},"dyk-shortcode":{"type":"textfield","raw":"[elementor-template id=\"146546\"]"},"text-2":{"type":"textarea","raw":"<h2 style=\"padding-bottom:20px\">Terminologie juridique<\/h2>\r\nTous nos traducteurs ont acc\u00e8s \u00e0 des glossaires de traduction, des dictionnaires et des outils terminologiques sp\u00e9cifiques \u00e0 l\u2019industrie, afin de garantir que nos traductions sont \u00e0 la fois pr\u00e9cises et homog\u00e8nes, m\u00eame pour les projets les plus \u00e9tendus.\r\n\r\nNos vastes corpus terminologiques comprennent des domaines cl\u00e9s tels que\u00a0:\r\n<ul>\r\n \t<li>Droit international (juridictions de common law et de droit civil)<\/li>\r\n \t<li>Droit des contrats<\/li>\r\n \t<li>Droit maritime<\/li>\r\n \t<li>Droit fiscal<\/li>\r\n \t<li>Droit immobilier<\/li>\r\n \t<li>Droit des assurances<\/li>\r\n \t<li>Droit p\u00e9nal<\/li>\r\n \t<li>Droit des soci\u00e9t\u00e9s<\/li>\r\n \t<li>Droit commercial<\/li>\r\n<\/ul>\r\n<h2 style=\"padding-bottom:20px\">Relecture juridique<\/h2>\r\nSi vous avez des inqui\u00e9tudes quant \u00e0 la qualit\u00e9 de la traduction juridique d\u2019un autre cabinet, les linguistes sp\u00e9cialis\u00e9s et les professionnels de <em>Trusted Translations<\/em> reliront vos documents pr\u00e9c\u00e9demment traduits et fourniront des certifications notari\u00e9es d\u2019exactitude. Nous corrigeons les erreurs, les omissions et la terminologie impr\u00e9cise pour vous permettre de mieux prot\u00e9ger les int\u00e9r\u00eats de vos clients.\r\n\r\nPour discuter de la meilleure fa\u00e7on de r\u00e9pondre \u00e0 vos besoins en traduction juridique, veuillez contacter <em>Trusted Translations<\/em> d\u00e8s aujourd\u2019hui."},"state":{"type":"textfield","raw":""},"city":{"type":"textarea","raw":[]}}},"_links":{"self":[{"href":"https:\/\/www.trustedtranslations.com\/fr\/wp-json\/wp\/v2\/pages\/128957","targetHints":{"allow":["GET"]}}],"collection":[{"href":"https:\/\/www.trustedtranslations.com\/fr\/wp-json\/wp\/v2\/pages"}],"about":[{"href":"https:\/\/www.trustedtranslations.com\/fr\/wp-json\/wp\/v2\/types\/page"}],"author":[{"embeddable":true,"href":"https:\/\/www.trustedtranslations.com\/fr\/wp-json\/wp\/v2\/users\/1"}],"replies":[{"embeddable":true,"href":"https:\/\/www.trustedtranslations.com\/fr\/wp-json\/wp\/v2\/comments?post=128957"}],"version-history":[{"count":0,"href":"https:\/\/www.trustedtranslations.com\/fr\/wp-json\/wp\/v2\/pages\/128957\/revisions"}],"up":[{"embeddable":true,"href":"https:\/\/www.trustedtranslations.com\/fr\/wp-json\/wp\/v2\/pages\/128968"}],"wp:attachment":[{"href":"https:\/\/www.trustedtranslations.com\/fr\/wp-json\/wp\/v2\/media?parent=128957"}],"curies":[{"name":"wp","href":"https:\/\/api.w.org\/{rel}","templated":true}]}}