{"id":128960,"date":"2018-07-30T14:08:28","date_gmt":"2018-07-30T14:08:28","guid":{"rendered":"https:\/\/www.trustedtranslations.com\/?page_id=128960"},"modified":"2024-09-03T11:54:46","modified_gmt":"2024-09-03T14:54:46","slug":"gsa","status":"publish","type":"page","link":"https:\/\/www.trustedtranslations.com\/fr\/domaines\/gsa","title":{"rendered":"Programme GSA"},"content":{"rendered":"","protected":false},"excerpt":{"rendered":"","protected":false},"author":1,"featured_media":139627,"parent":128968,"menu_order":0,"comment_status":"closed","ping_status":"closed","template":"","meta":{"site-sidebar-layout":"default","site-content-layout":"default","ast-site-content-layout":"default","site-content-style":"default","site-sidebar-style":"default","ast-global-header-display":"","ast-banner-title-visibility":"","ast-main-header-display":"","ast-hfb-above-header-display":"","ast-hfb-below-header-display":"","ast-hfb-mobile-header-display":"","site-post-title":"disabled","ast-breadcrumbs-content":"","ast-featured-img":"","footer-sml-layout":"","ast-disable-related-posts":"","theme-transparent-header-meta":"default","adv-header-id-meta":"","stick-header-meta":"","header-above-stick-meta":"","header-main-stick-meta":"","header-below-stick-meta":"","astra-migrate-meta-layouts":"set","ast-page-background-enabled":"default","ast-page-background-meta":{"desktop":{"background-color":"var(--ast-global-color-4)","background-image":"","background-repeat":"repeat","background-position":"center center","background-size":"auto","background-attachment":"scroll","background-type":"","background-media":"","overlay-type":"","overlay-color":"","overlay-opacity":"","overlay-gradient":""},"tablet":{"background-color":"","background-image":"","background-repeat":"repeat","background-position":"center center","background-size":"auto","background-attachment":"scroll","background-type":"","background-media":"","overlay-type":"","overlay-color":"","overlay-opacity":"","overlay-gradient":""},"mobile":{"background-color":"","background-image":"","background-repeat":"repeat","background-position":"center center","background-size":"auto","background-attachment":"scroll","background-type":"","background-media":"","overlay-type":"","overlay-color":"","overlay-opacity":"","overlay-gradient":""}},"ast-content-background-meta":{"desktop":{"background-color":"var(--ast-global-color-5)","background-image":"","background-repeat":"repeat","background-position":"center center","background-size":"auto","background-attachment":"scroll","background-type":"","background-media":"","overlay-type":"","overlay-color":"","overlay-opacity":"","overlay-gradient":""},"tablet":{"background-color":"var(--ast-global-color-5)","background-image":"","background-repeat":"repeat","background-position":"center center","background-size":"auto","background-attachment":"scroll","background-type":"","background-media":"","overlay-type":"","overlay-color":"","overlay-opacity":"","overlay-gradient":""},"mobile":{"background-color":"var(--ast-global-color-5)","background-image":"","background-repeat":"repeat","background-position":"center center","background-size":"auto","background-attachment":"scroll","background-type":"","background-media":"","overlay-type":"","overlay-color":"","overlay-opacity":"","overlay-gradient":""}},"footnotes":""},"class_list":["post-128960","page","type-page","status-publish","has-post-thumbnail","hentry"],"yoast_head":"<!-- This site is optimized with the Yoast SEO plugin v27.3 - https:\/\/yoast.com\/product\/yoast-seo-wordpress\/ -->\n<title>Services de traduction pour la GSA - Trusted Translations, Inc.<\/title>\n<meta name=\"description\" content=\"Trusted Translations, Inc. propose certains des meilleurs tarifs du bar\u00e8me GSA. Consultez notre liste de prix du programme GSA pour les services de traduction de documents et les services d\u2019interpr\u00e9tation.\" \/>\n<meta name=\"robots\" content=\"index, follow, max-snippet:-1, max-image-preview:large, max-video-preview:-1\" \/>\n<link rel=\"canonical\" href=\"https:\/\/www.trustedtranslations.com\/fr\/domaines\/gsa\" \/>\n<meta property=\"og:locale\" content=\"fr_FR\" \/>\n<meta property=\"og:type\" content=\"article\" \/>\n<meta property=\"og:title\" content=\"Services de traduction pour la GSA - Trusted Translations, Inc.\" \/>\n<meta property=\"og:description\" content=\"Trusted Translations, Inc. propose certains des meilleurs tarifs du bar\u00e8me GSA. Consultez notre liste de prix du programme GSA pour les services de traduction de documents et les services d\u2019interpr\u00e9tation.\" \/>\n<meta property=\"og:url\" content=\"https:\/\/www.trustedtranslations.com\/fr\/domaines\/gsa\" \/>\n<meta property=\"og:site_name\" content=\"Trusted Translations, Inc.\" \/>\n<meta property=\"article:publisher\" content=\"https:\/\/www.facebook.com\/Trusted.Translations\" \/>\n<meta property=\"article:modified_time\" content=\"2024-09-03T14:54:46+00:00\" \/>\n<meta property=\"og:image\" content=\"https:\/\/static.trustedtranslations.com\/wp-content\/uploads\/2022\/03\/TT_NEW_FB-1.png\" \/>\n\t<meta property=\"og:image:width\" content=\"1038\" \/>\n\t<meta property=\"og:image:height\" content=\"1038\" \/>\n\t<meta property=\"og:image:type\" content=\"image\/png\" \/>\n<meta name=\"twitter:card\" content=\"summary_large_image\" \/>\n<meta name=\"twitter:site\" content=\"@TrustedT9ns\" \/>\n<script type=\"application\/ld+json\" class=\"yoast-schema-graph\">{\"@context\":\"https:\\\/\\\/schema.org\",\"@graph\":[{\"@type\":\"WebPage\",\"@id\":\"https:\\\/\\\/www.trustedtranslations.com\\\/fr\\\/domaines\\\/gsa\",\"url\":\"https:\\\/\\\/www.trustedtranslations.com\\\/fr\\\/domaines\\\/gsa\",\"name\":\"Services de traduction pour la GSA - Trusted Translations, Inc.\",\"isPartOf\":{\"@id\":\"https:\\\/\\\/www.trustedtranslations.com\\\/fr\\\/#website\"},\"primaryImageOfPage\":{\"@id\":\"https:\\\/\\\/www.trustedtranslations.com\\\/fr\\\/domaines\\\/gsa#primaryimage\"},\"image\":{\"@id\":\"https:\\\/\\\/www.trustedtranslations.com\\\/fr\\\/domaines\\\/gsa#primaryimage\"},\"thumbnailUrl\":\"https:\\\/\\\/www.trustedtranslations.com\\\/wp-content\\\/uploads\\\/2022\\\/03\\\/TT_NEW_FB-1.png\",\"description\":\"Trusted Translations, Inc. propose certains des meilleurs tarifs du bar\u00e8me GSA. Consultez notre liste de prix du programme GSA pour les services de traduction de documents et les services d\u2019interpr\u00e9tation.\",\"breadcrumb\":{\"@id\":\"https:\\\/\\\/www.trustedtranslations.com\\\/fr\\\/domaines\\\/gsa#breadcrumb\"},\"inLanguage\":\"fr-FR\",\"potentialAction\":[{\"@type\":\"ReadAction\",\"target\":[\"https:\\\/\\\/www.trustedtranslations.com\\\/fr\\\/domaines\\\/gsa\"]}]},{\"@type\":\"ImageObject\",\"inLanguage\":\"fr-FR\",\"@id\":\"https:\\\/\\\/www.trustedtranslations.com\\\/fr\\\/domaines\\\/gsa#primaryimage\",\"url\":\"https:\\\/\\\/www.trustedtranslations.com\\\/wp-content\\\/uploads\\\/2022\\\/03\\\/TT_NEW_FB-1.png\",\"contentUrl\":\"https:\\\/\\\/www.trustedtranslations.com\\\/wp-content\\\/uploads\\\/2022\\\/03\\\/TT_NEW_FB-1.png\",\"width\":1038,\"height\":1038,\"caption\":\"TT NEW FB 1\"},{\"@type\":\"BreadcrumbList\",\"@id\":\"https:\\\/\\\/www.trustedtranslations.com\\\/fr\\\/domaines\\\/gsa#breadcrumb\",\"itemListElement\":[{\"@type\":\"ListItem\",\"position\":1,\"name\":\"Accueil\",\"item\":\"https:\\\/\\\/www.trustedtranslations.com\\\/fr\"},{\"@type\":\"ListItem\",\"position\":2,\"name\":\"Expertise de l\u2019industrie\",\"item\":\"https:\\\/\\\/www.trustedtranslations.com\\\/fr\\\/domaines\"},{\"@type\":\"ListItem\",\"position\":3,\"name\":\"Programme GSA\"}]},{\"@type\":\"WebSite\",\"@id\":\"https:\\\/\\\/www.trustedtranslations.com\\\/fr\\\/#website\",\"url\":\"https:\\\/\\\/www.trustedtranslations.com\\\/fr\\\/\",\"name\":\"Trusted Translations, Inc.\",\"description\":\"Leader in translation and interpretation services.\",\"publisher\":{\"@id\":\"https:\\\/\\\/www.trustedtranslations.com\\\/fr\\\/#organization\"},\"alternateName\":\"Trusted Translations\",\"potentialAction\":[{\"@type\":\"SearchAction\",\"target\":{\"@type\":\"EntryPoint\",\"urlTemplate\":\"https:\\\/\\\/www.trustedtranslations.com\\\/fr\\\/?s={search_term_string}\"},\"query-input\":{\"@type\":\"PropertyValueSpecification\",\"valueRequired\":true,\"valueName\":\"search_term_string\"}}],\"inLanguage\":\"fr-FR\"},{\"@type\":\"Organization\",\"@id\":\"https:\\\/\\\/www.trustedtranslations.com\\\/fr\\\/#organization\",\"name\":\"Trusted Translations\",\"alternateName\":\"Trusted Translations, Inc.\",\"url\":\"https:\\\/\\\/www.trustedtranslations.com\\\/fr\\\/\",\"logo\":{\"@type\":\"ImageObject\",\"inLanguage\":\"fr-FR\",\"@id\":\"https:\\\/\\\/www.trustedtranslations.com\\\/fr\\\/#\\\/schema\\\/logo\\\/image\\\/\",\"url\":\"https:\\\/\\\/static.trustedtranslations.com\\\/wp-content\\\/uploads\\\/2022\\\/01\\\/TT_logo_WSIColors-2.png\",\"contentUrl\":\"https:\\\/\\\/static.trustedtranslations.com\\\/wp-content\\\/uploads\\\/2022\\\/01\\\/TT_logo_WSIColors-2.png\",\"width\":500,\"height\":196,\"caption\":\"Trusted Translations\"},\"image\":{\"@id\":\"https:\\\/\\\/www.trustedtranslations.com\\\/fr\\\/#\\\/schema\\\/logo\\\/image\\\/\"},\"sameAs\":[\"https:\\\/\\\/www.facebook.com\\\/Trusted.Translations\",\"https:\\\/\\\/x.com\\\/TrustedT9ns\",\"https:\\\/\\\/www.linkedin.com\\\/company\\\/trusted-translations\"]}]}<\/script>\n<!-- \/ Yoast SEO plugin. -->","yoast_head_json":{"title":"Services de traduction pour la GSA - Trusted Translations, Inc.","description":"Trusted Translations, Inc. propose certains des meilleurs tarifs du bar\u00e8me GSA. Consultez notre liste de prix du programme GSA pour les services de traduction de documents et les services d\u2019interpr\u00e9tation.","robots":{"index":"index","follow":"follow","max-snippet":"max-snippet:-1","max-image-preview":"max-image-preview:large","max-video-preview":"max-video-preview:-1"},"canonical":"https:\/\/www.trustedtranslations.com\/fr\/domaines\/gsa","og_locale":"fr_FR","og_type":"article","og_title":"Services de traduction pour la GSA - Trusted Translations, Inc.","og_description":"Trusted Translations, Inc. propose certains des meilleurs tarifs du bar\u00e8me GSA. Consultez notre liste de prix du programme GSA pour les services de traduction de documents et les services d\u2019interpr\u00e9tation.","og_url":"https:\/\/www.trustedtranslations.com\/fr\/domaines\/gsa","og_site_name":"Trusted Translations, Inc.","article_publisher":"https:\/\/www.facebook.com\/Trusted.Translations","article_modified_time":"2024-09-03T14:54:46+00:00","og_image":[{"width":1038,"height":1038,"url":"https:\/\/static.trustedtranslations.com\/wp-content\/uploads\/2022\/03\/TT_NEW_FB-1.png","type":"image\/png"}],"twitter_card":"summary_large_image","twitter_site":"@TrustedT9ns","schema":{"@context":"https:\/\/schema.org","@graph":[{"@type":"WebPage","@id":"https:\/\/www.trustedtranslations.com\/fr\/domaines\/gsa","url":"https:\/\/www.trustedtranslations.com\/fr\/domaines\/gsa","name":"Services de traduction pour la GSA - Trusted Translations, Inc.","isPartOf":{"@id":"https:\/\/www.trustedtranslations.com\/fr\/#website"},"primaryImageOfPage":{"@id":"https:\/\/www.trustedtranslations.com\/fr\/domaines\/gsa#primaryimage"},"image":{"@id":"https:\/\/www.trustedtranslations.com\/fr\/domaines\/gsa#primaryimage"},"thumbnailUrl":"https:\/\/www.trustedtranslations.com\/wp-content\/uploads\/2022\/03\/TT_NEW_FB-1.png","description":"Trusted Translations, Inc. propose certains des meilleurs tarifs du bar\u00e8me GSA. Consultez notre liste de prix du programme GSA pour les services de traduction de documents et les services d\u2019interpr\u00e9tation.","breadcrumb":{"@id":"https:\/\/www.trustedtranslations.com\/fr\/domaines\/gsa#breadcrumb"},"inLanguage":"fr-FR","potentialAction":[{"@type":"ReadAction","target":["https:\/\/www.trustedtranslations.com\/fr\/domaines\/gsa"]}]},{"@type":"ImageObject","inLanguage":"fr-FR","@id":"https:\/\/www.trustedtranslations.com\/fr\/domaines\/gsa#primaryimage","url":"https:\/\/www.trustedtranslations.com\/wp-content\/uploads\/2022\/03\/TT_NEW_FB-1.png","contentUrl":"https:\/\/www.trustedtranslations.com\/wp-content\/uploads\/2022\/03\/TT_NEW_FB-1.png","width":1038,"height":1038,"caption":"TT NEW FB 1"},{"@type":"BreadcrumbList","@id":"https:\/\/www.trustedtranslations.com\/fr\/domaines\/gsa#breadcrumb","itemListElement":[{"@type":"ListItem","position":1,"name":"Accueil","item":"https:\/\/www.trustedtranslations.com\/fr"},{"@type":"ListItem","position":2,"name":"Expertise de l\u2019industrie","item":"https:\/\/www.trustedtranslations.com\/fr\/domaines"},{"@type":"ListItem","position":3,"name":"Programme GSA"}]},{"@type":"WebSite","@id":"https:\/\/www.trustedtranslations.com\/fr\/#website","url":"https:\/\/www.trustedtranslations.com\/fr\/","name":"Trusted Translations, Inc.","description":"Leader in translation and interpretation services.","publisher":{"@id":"https:\/\/www.trustedtranslations.com\/fr\/#organization"},"alternateName":"Trusted Translations","potentialAction":[{"@type":"SearchAction","target":{"@type":"EntryPoint","urlTemplate":"https:\/\/www.trustedtranslations.com\/fr\/?s={search_term_string}"},"query-input":{"@type":"PropertyValueSpecification","valueRequired":true,"valueName":"search_term_string"}}],"inLanguage":"fr-FR"},{"@type":"Organization","@id":"https:\/\/www.trustedtranslations.com\/fr\/#organization","name":"Trusted Translations","alternateName":"Trusted Translations, Inc.","url":"https:\/\/www.trustedtranslations.com\/fr\/","logo":{"@type":"ImageObject","inLanguage":"fr-FR","@id":"https:\/\/www.trustedtranslations.com\/fr\/#\/schema\/logo\/image\/","url":"https:\/\/static.trustedtranslations.com\/wp-content\/uploads\/2022\/01\/TT_logo_WSIColors-2.png","contentUrl":"https:\/\/static.trustedtranslations.com\/wp-content\/uploads\/2022\/01\/TT_logo_WSIColors-2.png","width":500,"height":196,"caption":"Trusted Translations"},"image":{"@id":"https:\/\/www.trustedtranslations.com\/fr\/#\/schema\/logo\/image\/"},"sameAs":["https:\/\/www.facebook.com\/Trusted.Translations","https:\/\/x.com\/TrustedT9ns","https:\/\/www.linkedin.com\/company\/trusted-translations"]}]}},"toolset-meta":{"dyk":{"mensaje-1":{"type":"textfield","raw":"<em>Trusted Translations<\/em> propose des tarifs parmi les plus comp\u00e9titifs du programme GSA"},"mensaje-2":{"type":"textfield","raw":""},"mensaje-3":{"type":"textfield","raw":""},"mensaje-4":{"type":"textfield","raw":""},"mensaje-5":{"type":"textfield","raw":"La NASA et la FEMA font appel \u00e0 <em>Trusted Translations<\/em> pour leurs besoins complexes en traduction"},"mensaje-6":{"type":"textfield","raw":""}},"single-page-template-fields":{"imgs-temp":{"type":"image","raw":["https:\/\/static.trustedtranslations.com\/wp-content\/uploads\/2024\/05\/gsa-final-2-1.webp"],"repeatable":[{"raw":"https:\/\/static.trustedtranslations.com\/wp-content\/uploads\/2024\/05\/gsa-final-2-1.webp"}]},"imgs-temp-cel":{"type":"image","raw":[""],"repeatable":[{"raw":""}]},"img-temp-one-cel":{"type":"image","raw":"https:\/\/static.trustedtranslations.com\/wp-content\/uploads\/2024\/05\/Group-6-1.webp","attachment_id":null},"quotes":{"type":"textarea","raw":"<h1 style=\"margin-bottom: 12px;\">Solutions de traduction professionnelles pour la GSA et les contrats f\u00e9d\u00e9raux<\/h1>Trusted Translations, leader des services de traduction multilingues, d\u00e9tient un contrat \u00e0 l\u2019\u00e9chelle du gouvernement f\u00e9d\u00e9ral pour la traduction de documents, l\u2019interpr\u00e9tation et les services de langue des signes dans le cadre du Federal Supply Schedule (FSS\/MAS) de la General Services Administration (GSA).<div style=\"margin-top: 2.5vw;\"><a class=\"tt-btn-main-cta\" href=\"\/fr\/devis-traduction\">DEMANDEZ UN DEVIS GRATUIT<\/a><\/div>"},"text-1":{"type":"textarea","raw":"<h2 style=\"margin-top: -10px\">Acheteurs et sous-traitants f\u00e9d\u00e9raux<\/h2>\r\nGr\u00e2ce \u00e0 l\u2019attribution de notre contrat GSA, <em>Trusted Translations<\/em> propose ses services de traduction et d\u2019interpr\u00e9tation de haute qualit\u00e9 aux organismes gouvernementaux, aux tarifs pr\u00e9-n\u00e9goci\u00e9s les plus comp\u00e9titifs du programme. En raison de notre engagement envers les traductions et interpr\u00e9tations gouvernementales, nous avons \u00e9galement obtenu un contrat de 5\u00a0ans avec le D\u00e9partement de l\u2019\u00e9ducation des \u00c9tats-Unis, la Biblioth\u00e8que du Congr\u00e8s des \u00c9tats-Unis, le D\u00e9partement de l\u2019agriculture, l\u2019Internal Revenue Service des \u00c9tats-Unis, la Marine des \u00c9tats-Unis et les Services de la citoyennet\u00e9 et de l\u2019immigration des \u00c9tats-Unis.\r\n<h2 style=\"padding-bottom:20px\">Meilleurs tarifs du programme GSA<\/h2>\r\nNous avons pr\u00e9-n\u00e9goci\u00e9 des tarifs parmi les meilleurs du programme pour l\u2019anglais, vers et depuis les langues largement parl\u00e9es suivantes\u00a0: <a href=\"https:\/\/www.trustedtranslations.com\/fr\/langues\/espagnol\" rel=\"noopener\">Espagnol<\/a>, <a href=\"https:\/\/www.trustedtranslations.com\/fr\/langues\/portugais\" rel=\"noopener\">portugais<\/a>, <a href=\"https:\/\/www.trustedtranslations.com\/fr\/langues\/francais\" rel=\"noopener\">fran\u00e7ais<\/a>, <a href=\"https:\/\/www.trustedtranslations.com\/fr\/langues\/italien\" rel=\"noopener\">italien<\/a>, <a href=\"https:\/\/www.trustedtranslations.com\/fr\/langues\/neerlandais\" rel=\"noopener\">n\u00e9erlandais<\/a>, <a href=\"https:\/\/www.trustedtranslations.com\/fr\/langues\/allemand\" rel=\"noopener\">allemand<\/a>, <a href=\"https:\/\/www.trustedtranslations.com\/fr\/langues\/russe\" rel=\"noopener\">russe<\/a>, <a href=\"https:\/\/www.trustedtranslations.com\/fr\/langues\/japonais\" rel=\"noopener\">japonais<\/a> et <a href=\"https:\/\/www.trustedtranslations.com\/fr\/langues\/chinois\" rel=\"noopener\">chinois<\/a>. Nous avons \u00e9galement \u00e9t\u00e9 approuv\u00e9s par la GSA pour fournir des traductions vers et depuis d\u2019autres langues cl\u00e9s, telles que l\u2019arabe, le cr\u00e9ole ha\u00eftien, le tch\u00e8que, le danois, le finnois, le grec, l\u2019h\u00e9breu, l\u2019hindi, le hongrois, l\u2019indon\u00e9sien, le cor\u00e9en, le norv\u00e9gien, le polonais, le roumain, le slovaque, le su\u00e9dois, le tha\u00ef, l\u2019ukrainien, l\u2019ourdou et le vietnamien. En outre, nous proposons plus de 150\u00a0langues suppl\u00e9mentaires et des services de publication assist\u00e9e par ordinateur (PAO) \u00e0 des tarifs tr\u00e8s comp\u00e9titifs.\r\n<h2 style=\"padding-bottom:20px\">Exp\u00e9rience av\u00e9r\u00e9e avec le gouvernement des \u00c9tats-Unis<\/h2>\r\n<em>Trusted Translations<\/em> a fait ses preuves dans la fourniture de services de traduction de documents de haute qualit\u00e9 aux organismes gouvernementaux am\u00e9ricains et aux principaux sous-traitants gouvernementaux.\r\n\r\nNous comptons parmi nos clients\u00a0:\r\n<ul>\r\n \t<li>le D\u00e9partement de l\u2019agriculture des \u00c9tats-Unis<\/li>\r\n \t<li>la National Aeronautics and Space Administration\u00a0(NASA)<\/li>\r\n \t<li>l\u2019Internal Revenue Service (IRS)<\/li>\r\n \t<li>le D\u00e9partement de l\u2019\u00e9ducation des \u00c9tats-Unis<\/li>\r\n \t<li>l\u2019Arm\u00e9e de terre des \u00c9tats-Unis<\/li>\r\n \t<li>le Corps des Marines des \u00c9tats-Unis<\/li>\r\n \t<li>les Forces a\u00e9riennes des \u00c9tats-Unis<\/li>\r\n \t<li>les Services de la citoyennet\u00e9 et de l\u2019immigration des \u00c9tats-Unis<\/li>\r\n \t<li>l\u2019Agence f\u00e9d\u00e9rale de gestion des urgences (FEMA)<\/li>\r\n \t<li>la Biblioth\u00e8que du Congr\u00e8s des \u00c9tats-Unis<\/li>\r\n \t<li>le D\u00e9partement du logement et du d\u00e9veloppement urbain des \u00c9tats-Unis<\/li>\r\n \t<li>Lockheed Martin Corporation<\/li>\r\n \t<li>Halliburton<\/li>\r\n \t<li>L3 Communications Corporation<\/li>\r\n<\/ul>"},"shortcode-map":{"type":"textfield","raw":""},"dyk-shortcode":{"type":"textfield","raw":"[elementor-template id=\"146546\"]"},"text-2":{"type":"textarea","raw":"<h2 style=\"padding-bottom: 20px\">Services linguistiques Annexe\u00a0738\u00a0II<\/h2>\r\nL\u2019annexe 738\u00a0II sur les services linguistiques de la GSA offre aux organismes f\u00e9d\u00e9raux un moyen efficace d\u2019acqu\u00e9rir des services aupr\u00e8s du secteur priv\u00e9. Ce v\u00e9hicule d\u2019acquisition du gouvernement est con\u00e7u pour offrir \u00e0 ces organismes un moyen d\u2019acqu\u00e9rir des services avec des d\u00e9lais plus courts, des co\u00fbts administratifs globalement inf\u00e9rieurs et \u00e0 de meilleurs tarifs, en raison d\u2019achats potentiellement volumineux.\r\n<h2 style=\"padding-bottom: 20px\">Services de traduction 382\u00a01<\/h2>\r\nCe programme de services comprend la traduction de documents \u00e9crits, \u00e9lectroniques et multim\u00e9dias vers et depuis l\u2019anglais et des langues \u00e9trang\u00e8res autochtones. Ces documents couvrent un large \u00e9ventail de domaines et de services, notamment les affaires, le droit, la m\u00e9decine, les domaines techniques, les logiciels, la localisation de sites Web pour Internet et Intranet, le sous-titrage vid\u00e9o, le sous-titrage pour les personnes sourdes et malentendantes, et les transcriptions. Nos services de consultation et de gestion de projet comprennent le formatage des traductions, la relecture, l\u2019adaptation de textes, la r\u00e9vision, la conception graphique et la publication assist\u00e9e par ordinateur.\r\n<h2 style=\"padding-bottom: 20px\">Services d\u2019interpr\u00e9tation 382\u00a02<\/h2>\r\nCe programme de services, tel qu\u2019indiqu\u00e9 par la GSA, comprend l\u2019interpr\u00e9tation de la communication orale vers et depuis l\u2019anglais et des langues \u00e9trang\u00e8res autochtones. Cela inclut, mais sans s\u2019y limiter, les types de services d\u2019interpr\u00e9tation suivants : simultan\u00e9e, cons\u00e9cutive, d\u2019accompagnement, communautaire, par t\u00e9l\u00e9phone et voix off. Les lieux et forums d\u2019interpr\u00e9tation peuvent inclure des r\u00e9unions, des conf\u00e9rences, des s\u00e9minaires, des litiges, des s\u00e9ances d\u2019information et des sessions de formation.\r\n\r\nCe programme comprend \u00e9galement des services de consultation et de gestion de projet fournis pour la planification, l\u2019affectation et la coordination logistique du soutien linguistique.\r\n<h2 style=\"padding-bottom: 20px\">Services 382\u00a05 pour malvoyants et malentendants<\/h2>\r\n<em>Trusted Translations<\/em> est actuellement autoris\u00e9 et approuv\u00e9 par la GSA pour fournir, sous ce SIN (Special Item Number), des services sp\u00e9cifiquement con\u00e7us pour aider les personnes malvoyantes et\/ou malentendantes. Ces services comprennent les diff\u00e9rents types de services de langue des signes, tels que la langue des signes am\u00e9ricaine\u00a0(ASL), l\u2019English Sign et le Pigeon Signed English\u00a0(PSE). <em>Trusted Translations<\/em> est \u00e9galement l\u2019un des rares fournisseurs \u00e0 pouvoir fournir des interpr\u00e8tes \u00ab\u00a0trilingues\u00a0\u00bb (par exemple, de l\u2019espagnol et\/ou de l\u2019anglais vers l\u2019ASL).\r\n\r\nSur la base de notre expertise dans ce domaine, <em>Trusted Translations<\/em> a remport\u00e9 l\u2019un des plus importants contrats ASL\/langue des signes aupr\u00e8s des Services de la citoyennet\u00e9 et de l\u2019immigration des \u00c9tats-Unis, de la Marine et de l\u2019Internal Revenue Service des \u00c9tats-Unis. Les autres services fournis en vertu de ce SIN comprennent\u00a0: le sous-titrage cod\u00e9, la traduction de sites Web et de documents en ligne avec services de composition, des services linguistiques conformes \u00e0 la section\u00a0508, des services t\u00e9l\u00e9phoniques\u00a0(TFF et TTY) et des services en braille.\r\n\r\nPour en savoir plus sur les services contractuels f\u00e9d\u00e9raux de <em>Trusted Translations<\/em>, <a href=\"https:\/\/www.trustedtranslations.com\/fr\/devis-traduction\" rel=\"noopener\">contactez-nous<\/a> d\u00e8s aujourd\u2019hui."},"state":{"type":"textfield","raw":""},"city":{"type":"textarea","raw":[]}}},"_links":{"self":[{"href":"https:\/\/www.trustedtranslations.com\/fr\/wp-json\/wp\/v2\/pages\/128960","targetHints":{"allow":["GET"]}}],"collection":[{"href":"https:\/\/www.trustedtranslations.com\/fr\/wp-json\/wp\/v2\/pages"}],"about":[{"href":"https:\/\/www.trustedtranslations.com\/fr\/wp-json\/wp\/v2\/types\/page"}],"author":[{"embeddable":true,"href":"https:\/\/www.trustedtranslations.com\/fr\/wp-json\/wp\/v2\/users\/1"}],"replies":[{"embeddable":true,"href":"https:\/\/www.trustedtranslations.com\/fr\/wp-json\/wp\/v2\/comments?post=128960"}],"version-history":[{"count":0,"href":"https:\/\/www.trustedtranslations.com\/fr\/wp-json\/wp\/v2\/pages\/128960\/revisions"}],"up":[{"embeddable":true,"href":"https:\/\/www.trustedtranslations.com\/fr\/wp-json\/wp\/v2\/pages\/128968"}],"wp:featuredmedia":[{"embeddable":true,"href":"https:\/\/www.trustedtranslations.com\/fr\/wp-json\/wp\/v2\/media\/139627"}],"wp:attachment":[{"href":"https:\/\/www.trustedtranslations.com\/fr\/wp-json\/wp\/v2\/media?parent=128960"}],"curies":[{"name":"wp","href":"https:\/\/api.w.org\/{rel}","templated":true}]}}