{"id":128961,"date":"2018-07-30T14:08:24","date_gmt":"2018-07-30T14:08:24","guid":{"rendered":"https:\/\/www.trustedtranslations.com\/?page_id=128961"},"modified":"2024-09-03T15:49:29","modified_gmt":"2024-09-03T18:49:29","slug":"gouvernementale","status":"publish","type":"page","link":"https:\/\/www.trustedtranslations.com\/fr\/domaines\/gouvernementale","title":{"rendered":"Gouvernement"},"content":{"rendered":"","protected":false},"excerpt":{"rendered":"","protected":false},"author":1,"featured_media":139627,"parent":128968,"menu_order":0,"comment_status":"closed","ping_status":"closed","template":"","meta":{"site-sidebar-layout":"default","site-content-layout":"default","ast-site-content-layout":"default","site-content-style":"default","site-sidebar-style":"default","ast-global-header-display":"","ast-banner-title-visibility":"","ast-main-header-display":"","ast-hfb-above-header-display":"","ast-hfb-below-header-display":"","ast-hfb-mobile-header-display":"","site-post-title":"disabled","ast-breadcrumbs-content":"","ast-featured-img":"","footer-sml-layout":"","ast-disable-related-posts":"","theme-transparent-header-meta":"default","adv-header-id-meta":"","stick-header-meta":"","header-above-stick-meta":"","header-main-stick-meta":"","header-below-stick-meta":"","astra-migrate-meta-layouts":"set","ast-page-background-enabled":"default","ast-page-background-meta":{"desktop":{"background-color":"var(--ast-global-color-4)","background-image":"","background-repeat":"repeat","background-position":"center center","background-size":"auto","background-attachment":"scroll","background-type":"","background-media":"","overlay-type":"","overlay-color":"","overlay-opacity":"","overlay-gradient":""},"tablet":{"background-color":"","background-image":"","background-repeat":"repeat","background-position":"center center","background-size":"auto","background-attachment":"scroll","background-type":"","background-media":"","overlay-type":"","overlay-color":"","overlay-opacity":"","overlay-gradient":""},"mobile":{"background-color":"","background-image":"","background-repeat":"repeat","background-position":"center center","background-size":"auto","background-attachment":"scroll","background-type":"","background-media":"","overlay-type":"","overlay-color":"","overlay-opacity":"","overlay-gradient":""}},"ast-content-background-meta":{"desktop":{"background-color":"var(--ast-global-color-5)","background-image":"","background-repeat":"repeat","background-position":"center center","background-size":"auto","background-attachment":"scroll","background-type":"","background-media":"","overlay-type":"","overlay-color":"","overlay-opacity":"","overlay-gradient":""},"tablet":{"background-color":"var(--ast-global-color-5)","background-image":"","background-repeat":"repeat","background-position":"center center","background-size":"auto","background-attachment":"scroll","background-type":"","background-media":"","overlay-type":"","overlay-color":"","overlay-opacity":"","overlay-gradient":""},"mobile":{"background-color":"var(--ast-global-color-5)","background-image":"","background-repeat":"repeat","background-position":"center center","background-size":"auto","background-attachment":"scroll","background-type":"","background-media":"","overlay-type":"","overlay-color":"","overlay-opacity":"","overlay-gradient":""}},"footnotes":""},"class_list":["post-128961","page","type-page","status-publish","has-post-thumbnail","hentry"],"yoast_head":"<!-- This site is optimized with the Yoast SEO plugin v27.5 - https:\/\/yoast.com\/product\/yoast-seo-wordpress\/ -->\n<title>Services de traduction gouvernementale - Trusted Translations, Inc.<\/title>\n<meta name=\"description\" content=\"Trusted Translations, Inc. se sp\u00e9cialise dans les services de traduction gouvernementaux et travaille avec des agences f\u00e9d\u00e9rales de premier plan telles que la NASA, l\u2019arm\u00e9e am\u00e9ricaine, la FEMA et la s\u00e9curit\u00e9 int\u00e9rieure, ainsi qu\u2019avec les gouvernements locaux et d\u2019\u00c9tat.\" \/>\n<meta name=\"robots\" content=\"index, follow, max-snippet:-1, max-image-preview:large, max-video-preview:-1\" \/>\n<link rel=\"canonical\" href=\"https:\/\/www.trustedtranslations.com\/fr\/domaines\/gouvernementale\" \/>\n<meta property=\"og:locale\" content=\"fr_FR\" \/>\n<meta property=\"og:type\" content=\"article\" \/>\n<meta property=\"og:title\" content=\"Services de traduction gouvernementale - Trusted Translations, Inc.\" \/>\n<meta property=\"og:description\" content=\"Trusted Translations, Inc. se sp\u00e9cialise dans les services de traduction gouvernementaux et travaille avec des agences f\u00e9d\u00e9rales de premier plan telles que la NASA, l\u2019arm\u00e9e am\u00e9ricaine, la FEMA et la s\u00e9curit\u00e9 int\u00e9rieure, ainsi qu\u2019avec les gouvernements locaux et d\u2019\u00c9tat.\" \/>\n<meta property=\"og:url\" content=\"https:\/\/www.trustedtranslations.com\/fr\/domaines\/gouvernementale\" \/>\n<meta property=\"og:site_name\" content=\"Trusted Translations, Inc.\" \/>\n<meta property=\"article:publisher\" content=\"https:\/\/www.facebook.com\/Trusted.Translations\" \/>\n<meta property=\"article:modified_time\" content=\"2024-09-03T18:49:29+00:00\" \/>\n<meta property=\"og:image\" content=\"https:\/\/static.trustedtranslations.com\/wp-content\/uploads\/2022\/03\/TT_NEW_FB-1.png\" \/>\n\t<meta property=\"og:image:width\" content=\"1038\" \/>\n\t<meta property=\"og:image:height\" content=\"1038\" \/>\n\t<meta property=\"og:image:type\" content=\"image\/png\" \/>\n<meta name=\"twitter:card\" content=\"summary_large_image\" \/>\n<meta name=\"twitter:site\" content=\"@TrustedT9ns\" \/>\n<script type=\"application\/ld+json\" class=\"yoast-schema-graph\">{\"@context\":\"https:\\\/\\\/schema.org\",\"@graph\":[{\"@type\":\"WebPage\",\"@id\":\"https:\\\/\\\/www.trustedtranslations.com\\\/fr\\\/domaines\\\/gouvernementale\",\"url\":\"https:\\\/\\\/www.trustedtranslations.com\\\/fr\\\/domaines\\\/gouvernementale\",\"name\":\"Services de traduction gouvernementale - Trusted Translations, Inc.\",\"isPartOf\":{\"@id\":\"https:\\\/\\\/www.trustedtranslations.com\\\/fr\\\/#website\"},\"primaryImageOfPage\":{\"@id\":\"https:\\\/\\\/www.trustedtranslations.com\\\/fr\\\/domaines\\\/gouvernementale#primaryimage\"},\"image\":{\"@id\":\"https:\\\/\\\/www.trustedtranslations.com\\\/fr\\\/domaines\\\/gouvernementale#primaryimage\"},\"thumbnailUrl\":\"https:\\\/\\\/www.trustedtranslations.com\\\/wp-content\\\/uploads\\\/2022\\\/03\\\/TT_NEW_FB-1.png\",\"description\":\"Trusted Translations, Inc. se sp\u00e9cialise dans les services de traduction gouvernementaux et travaille avec des agences f\u00e9d\u00e9rales de premier plan telles que la NASA, l\u2019arm\u00e9e am\u00e9ricaine, la FEMA et la s\u00e9curit\u00e9 int\u00e9rieure, ainsi qu\u2019avec les gouvernements locaux et d\u2019\u00c9tat.\",\"breadcrumb\":{\"@id\":\"https:\\\/\\\/www.trustedtranslations.com\\\/fr\\\/domaines\\\/gouvernementale#breadcrumb\"},\"inLanguage\":\"fr-FR\",\"potentialAction\":[{\"@type\":\"ReadAction\",\"target\":[\"https:\\\/\\\/www.trustedtranslations.com\\\/fr\\\/domaines\\\/gouvernementale\"]}]},{\"@type\":\"ImageObject\",\"inLanguage\":\"fr-FR\",\"@id\":\"https:\\\/\\\/www.trustedtranslations.com\\\/fr\\\/domaines\\\/gouvernementale#primaryimage\",\"url\":\"https:\\\/\\\/www.trustedtranslations.com\\\/wp-content\\\/uploads\\\/2022\\\/03\\\/TT_NEW_FB-1.png\",\"contentUrl\":\"https:\\\/\\\/www.trustedtranslations.com\\\/wp-content\\\/uploads\\\/2022\\\/03\\\/TT_NEW_FB-1.png\",\"width\":1038,\"height\":1038,\"caption\":\"TT NEW FB 1\"},{\"@type\":\"BreadcrumbList\",\"@id\":\"https:\\\/\\\/www.trustedtranslations.com\\\/fr\\\/domaines\\\/gouvernementale#breadcrumb\",\"itemListElement\":[{\"@type\":\"ListItem\",\"position\":1,\"name\":\"Accueil\",\"item\":\"https:\\\/\\\/www.trustedtranslations.com\\\/fr\"},{\"@type\":\"ListItem\",\"position\":2,\"name\":\"Expertise de l\u2019industrie\",\"item\":\"https:\\\/\\\/www.trustedtranslations.com\\\/fr\\\/domaines\"},{\"@type\":\"ListItem\",\"position\":3,\"name\":\"Gouvernement\"}]},{\"@type\":\"WebSite\",\"@id\":\"https:\\\/\\\/www.trustedtranslations.com\\\/fr\\\/#website\",\"url\":\"https:\\\/\\\/www.trustedtranslations.com\\\/fr\\\/\",\"name\":\"Trusted Translations, Inc.\",\"description\":\"Leader in translation and interpretation services.\",\"publisher\":{\"@id\":\"https:\\\/\\\/www.trustedtranslations.com\\\/fr\\\/#organization\"},\"alternateName\":\"Trusted Translations\",\"potentialAction\":[{\"@type\":\"SearchAction\",\"target\":{\"@type\":\"EntryPoint\",\"urlTemplate\":\"https:\\\/\\\/www.trustedtranslations.com\\\/fr\\\/?s={search_term_string}\"},\"query-input\":{\"@type\":\"PropertyValueSpecification\",\"valueRequired\":true,\"valueName\":\"search_term_string\"}}],\"inLanguage\":\"fr-FR\"},{\"@type\":\"Organization\",\"@id\":\"https:\\\/\\\/www.trustedtranslations.com\\\/fr\\\/#organization\",\"name\":\"Trusted Translations\",\"alternateName\":\"Trusted Translations, Inc.\",\"url\":\"https:\\\/\\\/www.trustedtranslations.com\\\/fr\\\/\",\"logo\":{\"@type\":\"ImageObject\",\"inLanguage\":\"fr-FR\",\"@id\":\"https:\\\/\\\/www.trustedtranslations.com\\\/fr\\\/#\\\/schema\\\/logo\\\/image\\\/\",\"url\":\"https:\\\/\\\/static.trustedtranslations.com\\\/wp-content\\\/uploads\\\/2022\\\/01\\\/TT_logo_WSIColors-2.png\",\"contentUrl\":\"https:\\\/\\\/static.trustedtranslations.com\\\/wp-content\\\/uploads\\\/2022\\\/01\\\/TT_logo_WSIColors-2.png\",\"width\":500,\"height\":196,\"caption\":\"Trusted Translations\"},\"image\":{\"@id\":\"https:\\\/\\\/www.trustedtranslations.com\\\/fr\\\/#\\\/schema\\\/logo\\\/image\\\/\"},\"sameAs\":[\"https:\\\/\\\/www.facebook.com\\\/Trusted.Translations\",\"https:\\\/\\\/x.com\\\/TrustedT9ns\",\"https:\\\/\\\/www.linkedin.com\\\/company\\\/trusted-translations\"]}]}<\/script>\n<!-- \/ Yoast SEO plugin. -->","yoast_head_json":{"title":"Services de traduction gouvernementale - Trusted Translations, Inc.","description":"Trusted Translations, Inc. se sp\u00e9cialise dans les services de traduction gouvernementaux et travaille avec des agences f\u00e9d\u00e9rales de premier plan telles que la NASA, l\u2019arm\u00e9e am\u00e9ricaine, la FEMA et la s\u00e9curit\u00e9 int\u00e9rieure, ainsi qu\u2019avec les gouvernements locaux et d\u2019\u00c9tat.","robots":{"index":"index","follow":"follow","max-snippet":"max-snippet:-1","max-image-preview":"max-image-preview:large","max-video-preview":"max-video-preview:-1"},"canonical":"https:\/\/www.trustedtranslations.com\/fr\/domaines\/gouvernementale","og_locale":"fr_FR","og_type":"article","og_title":"Services de traduction gouvernementale - Trusted Translations, Inc.","og_description":"Trusted Translations, Inc. se sp\u00e9cialise dans les services de traduction gouvernementaux et travaille avec des agences f\u00e9d\u00e9rales de premier plan telles que la NASA, l\u2019arm\u00e9e am\u00e9ricaine, la FEMA et la s\u00e9curit\u00e9 int\u00e9rieure, ainsi qu\u2019avec les gouvernements locaux et d\u2019\u00c9tat.","og_url":"https:\/\/www.trustedtranslations.com\/fr\/domaines\/gouvernementale","og_site_name":"Trusted Translations, Inc.","article_publisher":"https:\/\/www.facebook.com\/Trusted.Translations","article_modified_time":"2024-09-03T18:49:29+00:00","og_image":[{"width":1038,"height":1038,"url":"https:\/\/static.trustedtranslations.com\/wp-content\/uploads\/2022\/03\/TT_NEW_FB-1.png","type":"image\/png"}],"twitter_card":"summary_large_image","twitter_site":"@TrustedT9ns","schema":{"@context":"https:\/\/schema.org","@graph":[{"@type":"WebPage","@id":"https:\/\/www.trustedtranslations.com\/fr\/domaines\/gouvernementale","url":"https:\/\/www.trustedtranslations.com\/fr\/domaines\/gouvernementale","name":"Services de traduction gouvernementale - Trusted Translations, Inc.","isPartOf":{"@id":"https:\/\/www.trustedtranslations.com\/fr\/#website"},"primaryImageOfPage":{"@id":"https:\/\/www.trustedtranslations.com\/fr\/domaines\/gouvernementale#primaryimage"},"image":{"@id":"https:\/\/www.trustedtranslations.com\/fr\/domaines\/gouvernementale#primaryimage"},"thumbnailUrl":"https:\/\/www.trustedtranslations.com\/wp-content\/uploads\/2022\/03\/TT_NEW_FB-1.png","description":"Trusted Translations, Inc. se sp\u00e9cialise dans les services de traduction gouvernementaux et travaille avec des agences f\u00e9d\u00e9rales de premier plan telles que la NASA, l\u2019arm\u00e9e am\u00e9ricaine, la FEMA et la s\u00e9curit\u00e9 int\u00e9rieure, ainsi qu\u2019avec les gouvernements locaux et d\u2019\u00c9tat.","breadcrumb":{"@id":"https:\/\/www.trustedtranslations.com\/fr\/domaines\/gouvernementale#breadcrumb"},"inLanguage":"fr-FR","potentialAction":[{"@type":"ReadAction","target":["https:\/\/www.trustedtranslations.com\/fr\/domaines\/gouvernementale"]}]},{"@type":"ImageObject","inLanguage":"fr-FR","@id":"https:\/\/www.trustedtranslations.com\/fr\/domaines\/gouvernementale#primaryimage","url":"https:\/\/www.trustedtranslations.com\/wp-content\/uploads\/2022\/03\/TT_NEW_FB-1.png","contentUrl":"https:\/\/www.trustedtranslations.com\/wp-content\/uploads\/2022\/03\/TT_NEW_FB-1.png","width":1038,"height":1038,"caption":"TT NEW FB 1"},{"@type":"BreadcrumbList","@id":"https:\/\/www.trustedtranslations.com\/fr\/domaines\/gouvernementale#breadcrumb","itemListElement":[{"@type":"ListItem","position":1,"name":"Accueil","item":"https:\/\/www.trustedtranslations.com\/fr"},{"@type":"ListItem","position":2,"name":"Expertise de l\u2019industrie","item":"https:\/\/www.trustedtranslations.com\/fr\/domaines"},{"@type":"ListItem","position":3,"name":"Gouvernement"}]},{"@type":"WebSite","@id":"https:\/\/www.trustedtranslations.com\/fr\/#website","url":"https:\/\/www.trustedtranslations.com\/fr\/","name":"Trusted Translations, Inc.","description":"Leader in translation and interpretation services.","publisher":{"@id":"https:\/\/www.trustedtranslations.com\/fr\/#organization"},"alternateName":"Trusted Translations","potentialAction":[{"@type":"SearchAction","target":{"@type":"EntryPoint","urlTemplate":"https:\/\/www.trustedtranslations.com\/fr\/?s={search_term_string}"},"query-input":{"@type":"PropertyValueSpecification","valueRequired":true,"valueName":"search_term_string"}}],"inLanguage":"fr-FR"},{"@type":"Organization","@id":"https:\/\/www.trustedtranslations.com\/fr\/#organization","name":"Trusted Translations","alternateName":"Trusted Translations, Inc.","url":"https:\/\/www.trustedtranslations.com\/fr\/","logo":{"@type":"ImageObject","inLanguage":"fr-FR","@id":"https:\/\/www.trustedtranslations.com\/fr\/#\/schema\/logo\/image\/","url":"https:\/\/static.trustedtranslations.com\/wp-content\/uploads\/2022\/01\/TT_logo_WSIColors-2.png","contentUrl":"https:\/\/static.trustedtranslations.com\/wp-content\/uploads\/2022\/01\/TT_logo_WSIColors-2.png","width":500,"height":196,"caption":"Trusted Translations"},"image":{"@id":"https:\/\/www.trustedtranslations.com\/fr\/#\/schema\/logo\/image\/"},"sameAs":["https:\/\/www.facebook.com\/Trusted.Translations","https:\/\/x.com\/TrustedT9ns","https:\/\/www.linkedin.com\/company\/trusted-translations"]}]}},"toolset-meta":{"dyk":{"mensaje-1":{"type":"textfield","raw":""},"mensaje-2":{"type":"textfield","raw":"Nous proposons des solutions de traduction pour les agences gouvernementales f\u00e9d\u00e9rales et les sous-traitants gouvernementaux."},"mensaje-3":{"type":"textfield","raw":"Trusted Translations accepte toutes les formes de paiement, y compris toutes les principales cartes de cr\u00e9dit."},"mensaje-4":{"type":"textfield","raw":""},"mensaje-5":{"type":"textfield","raw":""},"mensaje-6":{"type":"textfield","raw":""}},"single-page-template-fields":{"imgs-temp":{"type":"image","raw":["https:\/\/static.trustedtranslations.com\/wp-content\/uploads\/2024\/05\/language-final-14-1.webp","https:\/\/static.trustedtranslations.com\/wp-content\/uploads\/2024\/05\/language-final-15-1.webp","https:\/\/static.trustedtranslations.com\/wp-content\/uploads\/2024\/05\/language-final-16-1.webp","https:\/\/static.trustedtranslations.com\/wp-content\/uploads\/2024\/05\/language-final-17-1.webp"],"repeatable":[{"raw":"https:\/\/static.trustedtranslations.com\/wp-content\/uploads\/2024\/05\/language-final-14-1.webp"},{"raw":"https:\/\/static.trustedtranslations.com\/wp-content\/uploads\/2024\/05\/language-final-15-1.webp"},{"raw":"https:\/\/static.trustedtranslations.com\/wp-content\/uploads\/2024\/05\/language-final-16-1.webp"},{"raw":"https:\/\/static.trustedtranslations.com\/wp-content\/uploads\/2024\/05\/language-final-17-1.webp"}]},"imgs-temp-cel":{"type":"image","raw":[""],"repeatable":[{"raw":""}]},"img-temp-one-cel":{"type":"image","raw":"https:\/\/static.trustedtranslations.com\/wp-content\/uploads\/2024\/05\/AdobeStock_330542015-1-1.webp","attachment_id":null},"quotes":{"type":"textarea","raw":"<h1 style=\"margin-bottom: 12px;\">Services de traduction de documents gouvernementaux<\/h1>Trusted Translations poss\u00e8de une vaste exp\u00e9rience dans la gestion de tous les aspects des services de traduction de documents gouvernementaux, aux niveaux local, \u00e9tatique et f\u00e9d\u00e9ral. Ayant travaill\u00e9 avec presque toutes les branches du gouvernement, nous sommes \u00e0 l\u2019\u00e9coute des besoins et des contraintes sp\u00e9cifiques des organismes gouvernementaux. Nous avons travaill\u00e9 avec de nombreux organismes gouvernementaux de premier plan, y compris la Biblioth\u00e8que du Congr\u00e8s des \u00c9tats-Unis, les forces arm\u00e9es des \u00c9tats-Unis, le corps des Marines, le HUD, les CDC et la NASA, pour n\u2019en citer que quelques-uns.<div style=\"margin-top: 2.5vw;\"><a class=\"tt-btn-main-cta\" href=\"\/fr\/devis-traduction\">DEMANDEZ UN DEVIS GRATUIT<\/a><\/div>"},"text-1":{"type":"textarea","raw":"<h2 style=\"margin-bottom: 20px;\">Un engagement envers l'excellence<\/h2>\r\nAvec plus de 20\u00a0ans d'exp\u00e9rience de travail avec des organismes gouvernementaux f\u00e9d\u00e9raux, \u00e9tatiques et locaux, nous comprenons la complexit\u00e9 des projets linguistiques visant sp\u00e9cifiquement \u00e0 servir une communaut\u00e9 enti\u00e8re. En outre, nous comprenons que les gouvernements ont des proc\u00e9dures et des budgets stricts qui doivent \u00eatre respect\u00e9s. Par cons\u00e9quent, nos solutions sont con\u00e7ues pour r\u00e9pondre \u00e0 des objectifs budg\u00e9taires, gr\u00e2ce \u00e0 des solutions \u00e9conomiques, tout en livrant des traductions pr\u00e9cises adapt\u00e9es \u00e0 la mission sp\u00e9cifique de l'organisme en question.\r\n<h2 style=\"margin-bottom: 20px;\">\u00c9nonc\u00e9 des capacit\u00e9s<\/h2>\r\n<a href=\"\/wp-content\/uploads\/brochures\/capabilities-statement.pdf\"><button style=\"background-color: #016E31; border-radius: 3px; padding: 12px 32px 12px 32px; color: white; font-family: 'Lato', sans-serif; font-size: 15px;\">T\u00c9L\u00c9CHARGEZ NOTRE \u00c9NONC\u00c9 DES CAPACIT\u00c9S<\/button><\/a>\r\n<div class=\"imgs-flex-template\">\r\n    <div>\r\n        <h2 style=\"margin-bottom: 20px;\">Modes de paiement pour les gouvernements<\/h2>\r\n        <p>Chez <em><em><em>Trusted Translations<\/em><\/em><\/em>, nous connaissons tr\u00e8s bien les diff\u00e9rents protocoles de passation de march\u00e9s et de paiement. Nous avons donc fait un effort concert\u00e9 pour accepter toutes les formes de paiement pour les petits achats, y compris toutes les principales cartes de cr\u00e9dit ainsi que les virements bancaires, les ch\u00e8ques et les transferts ACH. La plupart de nos contrats avec des organismes gouvernementaux donnent droit \u00e0 des remises pour paiement anticip\u00e9 et \u00e0 des tarifs pr\u00e9f\u00e9rentiels. Notre mission est de simplifier au maximum l\u2019achat de nos services de traduction de haute qualit\u00e9 pour vous et votre organisation gouvernementale.<\/p>\r\n    <\/div>\r\n    <img src=\"https:\/\/static.trustedtranslations.com\/wp-content\/uploads\/2022\/03\/AdobeStock_321830237.jpg\">\r\n<\/div>"},"shortcode-map":{"type":"textfield","raw":""},"dyk-shortcode":{"type":"textfield","raw":"[elementor-template id=\"146546\"]"},"text-2":{"type":"textarea","raw":"<div class=\"imgs-flex-template flex-text-2\" style=\"margin-top: -30px\">\r\n    <img src=\"https:\/\/static.trustedtranslations.com\/wp-content\/uploads\/2022\/03\/AdobeStock_13839532.jpg\">\r\n    <div class=\"p-img-width\">\r\n        <h2 style=\"margin-bottom: 20px;\">Traductions pour le Gouvernement f\u00e9d\u00e9ral<\/h2>\r\n        <p>En tant que fournisseur agr\u00e9\u00e9 et enregistr\u00e9 pour le Gouvernement des \u00c9tats-Unis avec une place sur le programme des GSA depuis plus d'une d\u00e9cennie, <em><em><em>Trusted Translations<\/em><\/em><\/em> poss\u00e8de une vaste expertise dans la traduction de documents f\u00e9d\u00e9raux portant sur un large \u00e9ventail de sujets. Des sp\u00e9cifications d\u2019ing\u00e9nierie complexes aux proc\u00e9dures d\u2019urgence autoris\u00e9es, nous avons prouv\u00e9 notre capacit\u00e9 \u00e0 fournir des traductions de qualit\u00e9 sup\u00e9rieure au gouvernement f\u00e9d\u00e9ral. Plus encore, en tant que fournisseur de confiance du gouvernement des \u00c9tats-Unis, nous ajoutons de la valeur \u00e0 toute offre ou tout contrat gouvernemental en tant que sous-traitant reconnu.<\/p>\r\n    <\/div>\r\n<\/div>\r\n<div class=\"imgs-flex-template\">\r\n    <div>\r\n        <h2 style=\"margin-bottom: 20px;\">Traductions pour les autorit\u00e9s locales et \u00e9tatiques<\/h2>\r\n        <p>Avec une population d'immigrants diversifi\u00e9e r\u00e9partie \u00e0 travers les \u00c9tats-Unis, les autorit\u00e9s locales et \u00e9tatiques doivent faire traduire les documents cl\u00e9s dans diff\u00e9rentes langues pour communiquer efficacement avec leur communaut\u00e9. <em><em><em>Trusted Translations<\/em><\/em><\/em> a travaill\u00e9 avec des organismes \u00e0 travers tous les \u00c9tats-Unis, notamment dans les \u00c9tats ayant un pourcentage \u00e9lev\u00e9 d\u2019immigrants, tel que New York, la Californie, la Floride, la Virginie et le Texas. Dans le cadre de la loi des \u00c9tats-Unis sur la reprise \u00e9conomique (Recovery Act), les autorit\u00e9s \u00e9tatiques et locales peuvent aussi profiter du programme linguistique GSA de <em><em><em>Trusted Translations<\/em><\/em><\/em>.<\/p>\r\n    <\/div>\r\n    <img src=\"https:\/\/static.trustedtranslations.com\/wp-content\/uploads\/2022\/03\/AdobeStock_221861480.jpg\">\r\n<\/div>\r\n<h2 style=\"margin-bottom: 20px;\">Fournisseurs du gouvernement<\/h2>\r\nQu\u2019ils soient f\u00e9d\u00e9raux, d\u2019\u00c9tat ou locaux, de nombreux projets gouvernementaux sont de grands contrats polyvalents impliquant plusieurs \u00e9l\u00e9ments et services. <em><em><em>Trusted Translations<\/em><\/em><\/em> a agi en tant que sous-traitant de valeur dans le cadre de plusieurs projets gouvernementaux importants. Nous sommes habitu\u00e9s \u00e0 r\u00e9pondre \u00e0 des exigences complexes dans de courts d\u00e9lais, tout cela \u00e0 des tarifs qui vous permettent de respecter vos besoins budg\u00e9taires. Nos tarifs pr\u00e9f\u00e9rentiels pour les projets li\u00e9s aux affaires gouvernementales, associ\u00e9s \u00e0 nos productions de grande qualit\u00e9 font de nous le partenaire id\u00e9al pour tous les contrats ou toutes les offres du gouvernement.\r\n\r\n<em><em><em>Trusted Translations<\/em><\/em><\/em> respecte les normes de qualit\u00e9 les plus rigoureuses, surpassant celles d\u00e9finies par la norme ISO\u00a09001:2015. Vous pouvez compter sur <em><em><em>Trusted Translations<\/em><\/em><\/em> pour vous fournir des traductions gouvernementales pr\u00e9cises et confidentielles \u00e0 des tarifs pr\u00e9f\u00e9rentiels. Appelez <em><em><em>Trusted Translations<\/em><\/em><\/em> d\u00e8s aujourd\u2019hui pour savoir comment nous pouvons vous aider \u00e0 r\u00e9aliser vos traductions gouvernementales."},"state":{"type":"textfield","raw":""},"city":{"type":"textarea","raw":[]}}},"_links":{"self":[{"href":"https:\/\/www.trustedtranslations.com\/fr\/wp-json\/wp\/v2\/pages\/128961","targetHints":{"allow":["GET"]}}],"collection":[{"href":"https:\/\/www.trustedtranslations.com\/fr\/wp-json\/wp\/v2\/pages"}],"about":[{"href":"https:\/\/www.trustedtranslations.com\/fr\/wp-json\/wp\/v2\/types\/page"}],"author":[{"embeddable":true,"href":"https:\/\/www.trustedtranslations.com\/fr\/wp-json\/wp\/v2\/users\/1"}],"replies":[{"embeddable":true,"href":"https:\/\/www.trustedtranslations.com\/fr\/wp-json\/wp\/v2\/comments?post=128961"}],"version-history":[{"count":0,"href":"https:\/\/www.trustedtranslations.com\/fr\/wp-json\/wp\/v2\/pages\/128961\/revisions"}],"up":[{"embeddable":true,"href":"https:\/\/www.trustedtranslations.com\/fr\/wp-json\/wp\/v2\/pages\/128968"}],"wp:featuredmedia":[{"embeddable":true,"href":"https:\/\/www.trustedtranslations.com\/fr\/wp-json\/wp\/v2\/media\/139627"}],"wp:attachment":[{"href":"https:\/\/www.trustedtranslations.com\/fr\/wp-json\/wp\/v2\/media?parent=128961"}],"curies":[{"name":"wp","href":"https:\/\/api.w.org\/{rel}","templated":true}]}}