{"id":128964,"date":"2018-07-30T14:08:21","date_gmt":"2018-07-30T14:08:21","guid":{"rendered":"https:\/\/www.trustedtranslations.com\/?page_id=128964"},"modified":"2024-09-03T11:54:13","modified_gmt":"2024-09-03T14:54:13","slug":"finance","status":"publish","type":"page","link":"https:\/\/www.trustedtranslations.com\/fr\/domaines\/finance","title":{"rendered":"Finance"},"content":{"rendered":"","protected":false},"excerpt":{"rendered":"","protected":false},"author":1,"featured_media":139627,"parent":128968,"menu_order":0,"comment_status":"closed","ping_status":"closed","template":"","meta":{"site-sidebar-layout":"default","site-content-layout":"default","ast-site-content-layout":"default","site-content-style":"default","site-sidebar-style":"default","ast-global-header-display":"","ast-banner-title-visibility":"","ast-main-header-display":"","ast-hfb-above-header-display":"","ast-hfb-below-header-display":"","ast-hfb-mobile-header-display":"","site-post-title":"disabled","ast-breadcrumbs-content":"","ast-featured-img":"","footer-sml-layout":"","ast-disable-related-posts":"","theme-transparent-header-meta":"default","adv-header-id-meta":"","stick-header-meta":"","header-above-stick-meta":"","header-main-stick-meta":"","header-below-stick-meta":"","astra-migrate-meta-layouts":"set","ast-page-background-enabled":"default","ast-page-background-meta":{"desktop":{"background-color":"var(--ast-global-color-4)","background-image":"","background-repeat":"repeat","background-position":"center center","background-size":"auto","background-attachment":"scroll","background-type":"","background-media":"","overlay-type":"","overlay-color":"","overlay-opacity":"","overlay-gradient":""},"tablet":{"background-color":"","background-image":"","background-repeat":"repeat","background-position":"center center","background-size":"auto","background-attachment":"scroll","background-type":"","background-media":"","overlay-type":"","overlay-color":"","overlay-opacity":"","overlay-gradient":""},"mobile":{"background-color":"","background-image":"","background-repeat":"repeat","background-position":"center center","background-size":"auto","background-attachment":"scroll","background-type":"","background-media":"","overlay-type":"","overlay-color":"","overlay-opacity":"","overlay-gradient":""}},"ast-content-background-meta":{"desktop":{"background-color":"var(--ast-global-color-5)","background-image":"","background-repeat":"repeat","background-position":"center center","background-size":"auto","background-attachment":"scroll","background-type":"","background-media":"","overlay-type":"","overlay-color":"","overlay-opacity":"","overlay-gradient":""},"tablet":{"background-color":"var(--ast-global-color-5)","background-image":"","background-repeat":"repeat","background-position":"center center","background-size":"auto","background-attachment":"scroll","background-type":"","background-media":"","overlay-type":"","overlay-color":"","overlay-opacity":"","overlay-gradient":""},"mobile":{"background-color":"var(--ast-global-color-5)","background-image":"","background-repeat":"repeat","background-position":"center center","background-size":"auto","background-attachment":"scroll","background-type":"","background-media":"","overlay-type":"","overlay-color":"","overlay-opacity":"","overlay-gradient":""}},"footnotes":""},"class_list":["post-128964","page","type-page","status-publish","has-post-thumbnail","hentry"],"yoast_head":"<!-- This site is optimized with the Yoast SEO plugin v27.5 - https:\/\/yoast.com\/product\/yoast-seo-wordpress\/ -->\n<title>Services de traduction financi\u00e8re - Trusted Translations, Inc.<\/title>\n<meta name=\"description\" content=\"Trusted Translations est sp\u00e9cialis\u00e9 dans les services de traduction financi\u00e8re par des \u00e9quipes de traducteurs financiers experts. Demandez un devis ou un conseil gratuit.\" \/>\n<meta name=\"robots\" content=\"index, follow, max-snippet:-1, max-image-preview:large, max-video-preview:-1\" \/>\n<link rel=\"canonical\" href=\"https:\/\/www.trustedtranslations.com\/fr\/domaines\/finance\" \/>\n<meta property=\"og:locale\" content=\"fr_FR\" \/>\n<meta property=\"og:type\" content=\"article\" \/>\n<meta property=\"og:title\" content=\"Services de traduction financi\u00e8re - Trusted Translations, Inc.\" \/>\n<meta property=\"og:description\" content=\"Trusted Translations est sp\u00e9cialis\u00e9 dans les services de traduction financi\u00e8re par des \u00e9quipes de traducteurs financiers experts. Demandez un devis ou un conseil gratuit.\" \/>\n<meta property=\"og:url\" content=\"https:\/\/www.trustedtranslations.com\/fr\/domaines\/finance\" \/>\n<meta property=\"og:site_name\" content=\"Trusted Translations, Inc.\" \/>\n<meta property=\"article:publisher\" content=\"https:\/\/www.facebook.com\/Trusted.Translations\" \/>\n<meta property=\"article:modified_time\" content=\"2024-09-03T14:54:13+00:00\" \/>\n<meta property=\"og:image\" content=\"https:\/\/static.trustedtranslations.com\/wp-content\/uploads\/2022\/03\/TT_NEW_FB-1.png\" \/>\n\t<meta property=\"og:image:width\" content=\"1038\" \/>\n\t<meta property=\"og:image:height\" content=\"1038\" \/>\n\t<meta property=\"og:image:type\" content=\"image\/png\" \/>\n<meta name=\"twitter:card\" content=\"summary_large_image\" \/>\n<meta name=\"twitter:site\" content=\"@TrustedT9ns\" \/>\n<script type=\"application\/ld+json\" class=\"yoast-schema-graph\">{\"@context\":\"https:\\\/\\\/schema.org\",\"@graph\":[{\"@type\":\"WebPage\",\"@id\":\"https:\\\/\\\/www.trustedtranslations.com\\\/fr\\\/domaines\\\/finance\",\"url\":\"https:\\\/\\\/www.trustedtranslations.com\\\/fr\\\/domaines\\\/finance\",\"name\":\"Services de traduction financi\u00e8re - Trusted Translations, Inc.\",\"isPartOf\":{\"@id\":\"https:\\\/\\\/www.trustedtranslations.com\\\/fr\\\/#website\"},\"primaryImageOfPage\":{\"@id\":\"https:\\\/\\\/www.trustedtranslations.com\\\/fr\\\/domaines\\\/finance#primaryimage\"},\"image\":{\"@id\":\"https:\\\/\\\/www.trustedtranslations.com\\\/fr\\\/domaines\\\/finance#primaryimage\"},\"thumbnailUrl\":\"https:\\\/\\\/www.trustedtranslations.com\\\/wp-content\\\/uploads\\\/2022\\\/03\\\/TT_NEW_FB-1.png\",\"description\":\"Trusted Translations est sp\u00e9cialis\u00e9 dans les services de traduction financi\u00e8re par des \u00e9quipes de traducteurs financiers experts. Demandez un devis ou un conseil gratuit.\",\"breadcrumb\":{\"@id\":\"https:\\\/\\\/www.trustedtranslations.com\\\/fr\\\/domaines\\\/finance#breadcrumb\"},\"inLanguage\":\"fr-FR\",\"potentialAction\":[{\"@type\":\"ReadAction\",\"target\":[\"https:\\\/\\\/www.trustedtranslations.com\\\/fr\\\/domaines\\\/finance\"]}]},{\"@type\":\"ImageObject\",\"inLanguage\":\"fr-FR\",\"@id\":\"https:\\\/\\\/www.trustedtranslations.com\\\/fr\\\/domaines\\\/finance#primaryimage\",\"url\":\"https:\\\/\\\/www.trustedtranslations.com\\\/wp-content\\\/uploads\\\/2022\\\/03\\\/TT_NEW_FB-1.png\",\"contentUrl\":\"https:\\\/\\\/www.trustedtranslations.com\\\/wp-content\\\/uploads\\\/2022\\\/03\\\/TT_NEW_FB-1.png\",\"width\":1038,\"height\":1038,\"caption\":\"TT NEW FB 1\"},{\"@type\":\"BreadcrumbList\",\"@id\":\"https:\\\/\\\/www.trustedtranslations.com\\\/fr\\\/domaines\\\/finance#breadcrumb\",\"itemListElement\":[{\"@type\":\"ListItem\",\"position\":1,\"name\":\"Accueil\",\"item\":\"https:\\\/\\\/www.trustedtranslations.com\\\/fr\"},{\"@type\":\"ListItem\",\"position\":2,\"name\":\"Expertise de l\u2019industrie\",\"item\":\"https:\\\/\\\/www.trustedtranslations.com\\\/fr\\\/domaines\"},{\"@type\":\"ListItem\",\"position\":3,\"name\":\"Finance\"}]},{\"@type\":\"WebSite\",\"@id\":\"https:\\\/\\\/www.trustedtranslations.com\\\/fr\\\/#website\",\"url\":\"https:\\\/\\\/www.trustedtranslations.com\\\/fr\\\/\",\"name\":\"Trusted Translations, Inc.\",\"description\":\"Leader in translation and interpretation services.\",\"publisher\":{\"@id\":\"https:\\\/\\\/www.trustedtranslations.com\\\/fr\\\/#organization\"},\"alternateName\":\"Trusted Translations\",\"potentialAction\":[{\"@type\":\"SearchAction\",\"target\":{\"@type\":\"EntryPoint\",\"urlTemplate\":\"https:\\\/\\\/www.trustedtranslations.com\\\/fr\\\/?s={search_term_string}\"},\"query-input\":{\"@type\":\"PropertyValueSpecification\",\"valueRequired\":true,\"valueName\":\"search_term_string\"}}],\"inLanguage\":\"fr-FR\"},{\"@type\":\"Organization\",\"@id\":\"https:\\\/\\\/www.trustedtranslations.com\\\/fr\\\/#organization\",\"name\":\"Trusted Translations\",\"alternateName\":\"Trusted Translations, Inc.\",\"url\":\"https:\\\/\\\/www.trustedtranslations.com\\\/fr\\\/\",\"logo\":{\"@type\":\"ImageObject\",\"inLanguage\":\"fr-FR\",\"@id\":\"https:\\\/\\\/www.trustedtranslations.com\\\/fr\\\/#\\\/schema\\\/logo\\\/image\\\/\",\"url\":\"https:\\\/\\\/static.trustedtranslations.com\\\/wp-content\\\/uploads\\\/2022\\\/01\\\/TT_logo_WSIColors-2.png\",\"contentUrl\":\"https:\\\/\\\/static.trustedtranslations.com\\\/wp-content\\\/uploads\\\/2022\\\/01\\\/TT_logo_WSIColors-2.png\",\"width\":500,\"height\":196,\"caption\":\"Trusted Translations\"},\"image\":{\"@id\":\"https:\\\/\\\/www.trustedtranslations.com\\\/fr\\\/#\\\/schema\\\/logo\\\/image\\\/\"},\"sameAs\":[\"https:\\\/\\\/www.facebook.com\\\/Trusted.Translations\",\"https:\\\/\\\/x.com\\\/TrustedT9ns\",\"https:\\\/\\\/www.linkedin.com\\\/company\\\/trusted-translations\"]}]}<\/script>\n<!-- \/ Yoast SEO plugin. -->","yoast_head_json":{"title":"Services de traduction financi\u00e8re - Trusted Translations, Inc.","description":"Trusted Translations est sp\u00e9cialis\u00e9 dans les services de traduction financi\u00e8re par des \u00e9quipes de traducteurs financiers experts. Demandez un devis ou un conseil gratuit.","robots":{"index":"index","follow":"follow","max-snippet":"max-snippet:-1","max-image-preview":"max-image-preview:large","max-video-preview":"max-video-preview:-1"},"canonical":"https:\/\/www.trustedtranslations.com\/fr\/domaines\/finance","og_locale":"fr_FR","og_type":"article","og_title":"Services de traduction financi\u00e8re - Trusted Translations, Inc.","og_description":"Trusted Translations est sp\u00e9cialis\u00e9 dans les services de traduction financi\u00e8re par des \u00e9quipes de traducteurs financiers experts. Demandez un devis ou un conseil gratuit.","og_url":"https:\/\/www.trustedtranslations.com\/fr\/domaines\/finance","og_site_name":"Trusted Translations, Inc.","article_publisher":"https:\/\/www.facebook.com\/Trusted.Translations","article_modified_time":"2024-09-03T14:54:13+00:00","og_image":[{"width":1038,"height":1038,"url":"https:\/\/static.trustedtranslations.com\/wp-content\/uploads\/2022\/03\/TT_NEW_FB-1.png","type":"image\/png"}],"twitter_card":"summary_large_image","twitter_site":"@TrustedT9ns","schema":{"@context":"https:\/\/schema.org","@graph":[{"@type":"WebPage","@id":"https:\/\/www.trustedtranslations.com\/fr\/domaines\/finance","url":"https:\/\/www.trustedtranslations.com\/fr\/domaines\/finance","name":"Services de traduction financi\u00e8re - Trusted Translations, Inc.","isPartOf":{"@id":"https:\/\/www.trustedtranslations.com\/fr\/#website"},"primaryImageOfPage":{"@id":"https:\/\/www.trustedtranslations.com\/fr\/domaines\/finance#primaryimage"},"image":{"@id":"https:\/\/www.trustedtranslations.com\/fr\/domaines\/finance#primaryimage"},"thumbnailUrl":"https:\/\/www.trustedtranslations.com\/wp-content\/uploads\/2022\/03\/TT_NEW_FB-1.png","description":"Trusted Translations est sp\u00e9cialis\u00e9 dans les services de traduction financi\u00e8re par des \u00e9quipes de traducteurs financiers experts. Demandez un devis ou un conseil gratuit.","breadcrumb":{"@id":"https:\/\/www.trustedtranslations.com\/fr\/domaines\/finance#breadcrumb"},"inLanguage":"fr-FR","potentialAction":[{"@type":"ReadAction","target":["https:\/\/www.trustedtranslations.com\/fr\/domaines\/finance"]}]},{"@type":"ImageObject","inLanguage":"fr-FR","@id":"https:\/\/www.trustedtranslations.com\/fr\/domaines\/finance#primaryimage","url":"https:\/\/www.trustedtranslations.com\/wp-content\/uploads\/2022\/03\/TT_NEW_FB-1.png","contentUrl":"https:\/\/www.trustedtranslations.com\/wp-content\/uploads\/2022\/03\/TT_NEW_FB-1.png","width":1038,"height":1038,"caption":"TT NEW FB 1"},{"@type":"BreadcrumbList","@id":"https:\/\/www.trustedtranslations.com\/fr\/domaines\/finance#breadcrumb","itemListElement":[{"@type":"ListItem","position":1,"name":"Accueil","item":"https:\/\/www.trustedtranslations.com\/fr"},{"@type":"ListItem","position":2,"name":"Expertise de l\u2019industrie","item":"https:\/\/www.trustedtranslations.com\/fr\/domaines"},{"@type":"ListItem","position":3,"name":"Finance"}]},{"@type":"WebSite","@id":"https:\/\/www.trustedtranslations.com\/fr\/#website","url":"https:\/\/www.trustedtranslations.com\/fr\/","name":"Trusted Translations, Inc.","description":"Leader in translation and interpretation services.","publisher":{"@id":"https:\/\/www.trustedtranslations.com\/fr\/#organization"},"alternateName":"Trusted Translations","potentialAction":[{"@type":"SearchAction","target":{"@type":"EntryPoint","urlTemplate":"https:\/\/www.trustedtranslations.com\/fr\/?s={search_term_string}"},"query-input":{"@type":"PropertyValueSpecification","valueRequired":true,"valueName":"search_term_string"}}],"inLanguage":"fr-FR"},{"@type":"Organization","@id":"https:\/\/www.trustedtranslations.com\/fr\/#organization","name":"Trusted Translations","alternateName":"Trusted Translations, Inc.","url":"https:\/\/www.trustedtranslations.com\/fr\/","logo":{"@type":"ImageObject","inLanguage":"fr-FR","@id":"https:\/\/www.trustedtranslations.com\/fr\/#\/schema\/logo\/image\/","url":"https:\/\/static.trustedtranslations.com\/wp-content\/uploads\/2022\/01\/TT_logo_WSIColors-2.png","contentUrl":"https:\/\/static.trustedtranslations.com\/wp-content\/uploads\/2022\/01\/TT_logo_WSIColors-2.png","width":500,"height":196,"caption":"Trusted Translations"},"image":{"@id":"https:\/\/www.trustedtranslations.com\/fr\/#\/schema\/logo\/image\/"},"sameAs":["https:\/\/www.facebook.com\/Trusted.Translations","https:\/\/x.com\/TrustedT9ns","https:\/\/www.linkedin.com\/company\/trusted-translations"]}]}},"toolset-meta":{"dyk":{"mensaje-1":{"type":"textfield","raw":"Nous fournissons aux entreprises du Fortune\u00a0500 des traductions de qualit\u00e9 \u00e0 des tarifs inf\u00e9rieurs de 25 \u00e0 50\u00a0% aux prix du march\u00e9."},"mensaje-2":{"type":"textfield","raw":""},"mensaje-3":{"type":"textfield","raw":"Trusted Translations est le fournisseur de solutions tout-en-un pour les banques et les institutions financi\u00e8res."},"mensaje-4":{"type":"textfield","raw":""},"mensaje-5":{"type":"textfield","raw":""},"mensaje-6":{"type":"textfield","raw":""}},"single-page-template-fields":{"imgs-temp":{"type":"image","raw":["https:\/\/static.trustedtranslations.com\/wp-content\/uploads\/2024\/05\/financial-4.webp"],"repeatable":[{"raw":"https:\/\/static.trustedtranslations.com\/wp-content\/uploads\/2024\/05\/financial-4.webp"}]},"imgs-temp-cel":{"type":"image","raw":[""],"repeatable":[{"raw":""}]},"img-temp-one-cel":{"type":"image","raw":"https:\/\/static.trustedtranslations.com\/wp-content\/uploads\/2024\/05\/image-5-1-1.webp","attachment_id":null},"quotes":{"type":"textarea","raw":"<h1 style=\"margin-bottom: 12px;\">Services de traduction financi\u00e8re<\/h1>Trusted Translations propose des solutions de traduction financi\u00e8re sp\u00e9cialis\u00e9es pour les principaux cabinets de conseil, institutions financi\u00e8res et entreprises. Les documents essentiels tels que les rapports financiers et les prospectus d\u2019\u00e9mission n\u00e9cessitent la plus grande attention et expertise pour garantir leur exactitude.<div style=\"margin-top: 2.5vw;\"><a class=\"tt-btn-main-cta\" href=\"\/fr\/devis-traduction\">DEMANDEZ UN DEVIS GRATUIT<\/a><\/div>"},"text-1":{"type":"textarea","raw":"<h2 style=\"margin-top: -10px; padding-bottom:20px\">Terminologie financi\u00e8re <\/h2>Disposant de dictionnaires financiers exclusifs, Trusted Translations n\u2019est pas seulement le choix des meilleures entreprises pour les services de traduction financi\u00e8re, mais aussi une r\u00e9f\u00e9rence du secteur pour la traduction des termes financiers cl\u00e9s. Des centaines de milliers de personnes, d\u2019agences de traduction, de linguistes et de sp\u00e9cialistes des langues consultent Trusted Translations chaque mois sur la traduction de la terminologie financi\u00e8re.\r\n\r\nComprenant l\u2019importance de ce type de documents, Trusted Translations n\u2019utilise que les meilleurs traducteurs sp\u00e9cifiques \u00e0 cette industrie. Disposant de certains des meilleurs experts en traduction financi\u00e8re au sein de son personnel, Trusted Translations comprend r\u00e9ellement le sujet et est ainsi en mesure de fournir le service le plus fiable.\r\n<h2 style=\"padding-bottom:20px\">Services de traduction financi\u00e8re dans toutes les langues<\/h2>Nos \u00e9quipes de traduction linguistique ont une vaste exp\u00e9rience des traductions financi\u00e8res dans tous les types de combinaisons linguistiques.\r\n\r\nTous nos traducteurs ont acc\u00e8s \u00e0 des m\u00e9moires de traduction, \u00e0 des dictionnaires et \u00e0 une terminologie exclusifs, ce qui garantit que chaque traduction est \u00e0 la fois pr\u00e9cise et coh\u00e9rente, m\u00eame pour les projets les plus volumineux.\r\n<h2 style=\"padding-bottom:20px\">Les \u00e9quipes de traduction financi\u00e8re g\u00e8rent les donn\u00e9es sensibles<\/h2>Tous nos traducteurs sont li\u00e9s par un accord de confidentialit\u00e9 commerciale et de non-divulgation. Trusted Translations prend tr\u00e8s au s\u00e9rieux les questions de confidentialit\u00e9 et de s\u00e9curit\u00e9. Toutes les traductions restent confidentielles. Nos traducteurs sont sensibles \u00e0 la nature de la documentation financi\u00e8re et comprennent la n\u00e9cessit\u00e9 de garder toutes les informations d\u2019entreprise et personnelles identifiables (PII) strictement confidentielles. L\u2019anonymisation est utilis\u00e9e lorsque cela est n\u00e9cessaire pour prot\u00e9ger les donn\u00e9es sensibles."},"shortcode-map":{"type":"textfield","raw":""},"dyk-shortcode":{"type":"textfield","raw":"[elementor-template id=\"146546\"]"},"text-2":{"type":"textarea","raw":"<h2 style=\"padding-bottom:20px\">Traduction financi\u00e8re professionnelle<\/h2>\r\nDisposant d'experts financiers au sein de son personnel, <em>Trusted Translations<\/em> est en mesure de fournir le service le plus fiable pour les secteurs de la banque, de l'investissement et de l'assurance.\r\n\r\nLe langage et les concepts financiers peuvent souvent varier d'un pays \u00e0 l'autre. Les traductions financi\u00e8res n\u00e9cessitent des traducteurs financiers sp\u00e9cialis\u00e9s. Nos traducteurs financiers comprennent que certains pays ont des lignes directrices financi\u00e8res sp\u00e9cifiques concernant la mise en forme, la num\u00e9rotation et les termes. Nos experts sont form\u00e9s pour reconna\u00eetre ces diff\u00e9rences et peuvent vous aider \u00e0 appliquer la bonne nomenclature.\r\n\r\nNous pouvons constituer rapidement des \u00e9quipes de traduction financi\u00e8re pour soutenir les grands projets qui n\u00e9cessitent des d\u00e9lais d'ex\u00e9cution rapides. Nos chefs de projet avec une formation financi\u00e8re sont comp\u00e9tents \u00e0 la fois en planification de projet et en contr\u00f4le de la qualit\u00e9.\r\n\r\nNous pouvons travailler avec une vari\u00e9t\u00e9 de formats de fichiers \u00e9lectroniques et livrer des fichiers pr\u00eats \u00e0 publier si n\u00e9cessaire.\r\n<h2 style=\"padding-bottom:20px\">Traduction de documents financiers<\/h2>\r\nNous avons une vaste exp\u00e9rience dans la traduction de tous types de documents financiers, notamment\u00a0:\r\n<ul>\r\n \t<li>Les rapports annuels<\/li>\r\n \t<li>Les rapports requis par la SEC<\/li>\r\n \t<li>Les comptes de r\u00e9sultat<\/li>\r\n \t<li>Les bilans<\/li>\r\n \t<li>Les tableaux des flux de tr\u00e9sorerie<\/li>\r\n \t<li>Les rapports du commissaire aux comptes<\/li>\r\n \t<li>Les rapports fiscaux du gouvernement<\/li>\r\n \t<li>Les lignes directrices en mati\u00e8re de rapports financiers<\/li>\r\n \t<li>Les plans d'affaires<\/li>\r\n \t<li>Les prospectus d'\u00e9mission<\/li>\r\n \t<li>Les offres priv\u00e9es et publiques<\/li>\r\n \t<li>Les documents li\u00e9s \u00e0 l'assurance<\/li>\r\n<\/ul>"},"state":{"type":"textfield","raw":""},"city":{"type":"textarea","raw":[]}}},"_links":{"self":[{"href":"https:\/\/www.trustedtranslations.com\/fr\/wp-json\/wp\/v2\/pages\/128964","targetHints":{"allow":["GET"]}}],"collection":[{"href":"https:\/\/www.trustedtranslations.com\/fr\/wp-json\/wp\/v2\/pages"}],"about":[{"href":"https:\/\/www.trustedtranslations.com\/fr\/wp-json\/wp\/v2\/types\/page"}],"author":[{"embeddable":true,"href":"https:\/\/www.trustedtranslations.com\/fr\/wp-json\/wp\/v2\/users\/1"}],"replies":[{"embeddable":true,"href":"https:\/\/www.trustedtranslations.com\/fr\/wp-json\/wp\/v2\/comments?post=128964"}],"version-history":[{"count":0,"href":"https:\/\/www.trustedtranslations.com\/fr\/wp-json\/wp\/v2\/pages\/128964\/revisions"}],"up":[{"embeddable":true,"href":"https:\/\/www.trustedtranslations.com\/fr\/wp-json\/wp\/v2\/pages\/128968"}],"wp:featuredmedia":[{"embeddable":true,"href":"https:\/\/www.trustedtranslations.com\/fr\/wp-json\/wp\/v2\/media\/139627"}],"wp:attachment":[{"href":"https:\/\/www.trustedtranslations.com\/fr\/wp-json\/wp\/v2\/media?parent=128964"}],"curies":[{"name":"wp","href":"https:\/\/api.w.org\/{rel}","templated":true}]}}