{"id":128965,"date":"2018-07-30T14:08:18","date_gmt":"2018-07-30T14:08:18","guid":{"rendered":"https:\/\/www.trustedtranslations.com\/?page_id=128965"},"modified":"2024-09-03T11:53:37","modified_gmt":"2024-09-03T14:53:37","slug":"entreprises","status":"publish","type":"page","link":"https:\/\/www.trustedtranslations.com\/fr\/domaines\/entreprises","title":{"rendered":"Entreprises"},"content":{"rendered":"","protected":false},"excerpt":{"rendered":"","protected":false},"author":1,"featured_media":139627,"parent":128968,"menu_order":0,"comment_status":"closed","ping_status":"closed","template":"","meta":{"site-sidebar-layout":"default","site-content-layout":"default","ast-site-content-layout":"default","site-content-style":"default","site-sidebar-style":"default","ast-global-header-display":"","ast-banner-title-visibility":"","ast-main-header-display":"","ast-hfb-above-header-display":"","ast-hfb-below-header-display":"","ast-hfb-mobile-header-display":"","site-post-title":"disabled","ast-breadcrumbs-content":"","ast-featured-img":"","footer-sml-layout":"","ast-disable-related-posts":"","theme-transparent-header-meta":"default","adv-header-id-meta":"","stick-header-meta":"","header-above-stick-meta":"","header-main-stick-meta":"","header-below-stick-meta":"","astra-migrate-meta-layouts":"set","ast-page-background-enabled":"default","ast-page-background-meta":{"desktop":{"background-color":"var(--ast-global-color-4)","background-image":"","background-repeat":"repeat","background-position":"center center","background-size":"auto","background-attachment":"scroll","background-type":"","background-media":"","overlay-type":"","overlay-color":"","overlay-opacity":"","overlay-gradient":""},"tablet":{"background-color":"","background-image":"","background-repeat":"repeat","background-position":"center center","background-size":"auto","background-attachment":"scroll","background-type":"","background-media":"","overlay-type":"","overlay-color":"","overlay-opacity":"","overlay-gradient":""},"mobile":{"background-color":"","background-image":"","background-repeat":"repeat","background-position":"center center","background-size":"auto","background-attachment":"scroll","background-type":"","background-media":"","overlay-type":"","overlay-color":"","overlay-opacity":"","overlay-gradient":""}},"ast-content-background-meta":{"desktop":{"background-color":"var(--ast-global-color-5)","background-image":"","background-repeat":"repeat","background-position":"center center","background-size":"auto","background-attachment":"scroll","background-type":"","background-media":"","overlay-type":"","overlay-color":"","overlay-opacity":"","overlay-gradient":""},"tablet":{"background-color":"var(--ast-global-color-5)","background-image":"","background-repeat":"repeat","background-position":"center center","background-size":"auto","background-attachment":"scroll","background-type":"","background-media":"","overlay-type":"","overlay-color":"","overlay-opacity":"","overlay-gradient":""},"mobile":{"background-color":"var(--ast-global-color-5)","background-image":"","background-repeat":"repeat","background-position":"center center","background-size":"auto","background-attachment":"scroll","background-type":"","background-media":"","overlay-type":"","overlay-color":"","overlay-opacity":"","overlay-gradient":""}},"footnotes":""},"class_list":["post-128965","page","type-page","status-publish","has-post-thumbnail","hentry"],"yoast_head":"<!-- This site is optimized with the Yoast SEO plugin v27.3 - https:\/\/yoast.com\/product\/yoast-seo-wordpress\/ -->\n<title>Services de traduction pour les entreprises - Trusted Translations, Inc.<\/title>\n<meta name=\"description\" content=\"Trusted Translations travaille avec de grandes, moyennes et petites entreprises pour r\u00e9pondre \u00e0 leurs besoins en traduction. Demandez un devis ou un conseil gratuit.\" \/>\n<meta name=\"robots\" content=\"index, follow, max-snippet:-1, max-image-preview:large, max-video-preview:-1\" \/>\n<link rel=\"canonical\" href=\"https:\/\/www.trustedtranslations.com\/fr\/domaines\/entreprises\" \/>\n<meta property=\"og:locale\" content=\"fr_FR\" \/>\n<meta property=\"og:type\" content=\"article\" \/>\n<meta property=\"og:title\" content=\"Services de traduction pour les entreprises - Trusted Translations, Inc.\" \/>\n<meta property=\"og:description\" content=\"Trusted Translations travaille avec de grandes, moyennes et petites entreprises pour r\u00e9pondre \u00e0 leurs besoins en traduction. Demandez un devis ou un conseil gratuit.\" \/>\n<meta property=\"og:url\" content=\"https:\/\/www.trustedtranslations.com\/fr\/domaines\/entreprises\" \/>\n<meta property=\"og:site_name\" content=\"Trusted Translations, Inc.\" \/>\n<meta property=\"article:publisher\" content=\"https:\/\/www.facebook.com\/Trusted.Translations\" \/>\n<meta property=\"article:modified_time\" content=\"2024-09-03T14:53:37+00:00\" \/>\n<meta property=\"og:image\" content=\"https:\/\/static.trustedtranslations.com\/wp-content\/uploads\/2022\/03\/TT_NEW_FB-1.png\" \/>\n\t<meta property=\"og:image:width\" content=\"1038\" \/>\n\t<meta property=\"og:image:height\" content=\"1038\" \/>\n\t<meta property=\"og:image:type\" content=\"image\/png\" \/>\n<meta name=\"twitter:card\" content=\"summary_large_image\" \/>\n<meta name=\"twitter:site\" content=\"@TrustedT9ns\" \/>\n<script type=\"application\/ld+json\" class=\"yoast-schema-graph\">{\"@context\":\"https:\\\/\\\/schema.org\",\"@graph\":[{\"@type\":\"WebPage\",\"@id\":\"https:\\\/\\\/www.trustedtranslations.com\\\/fr\\\/domaines\\\/entreprises\",\"url\":\"https:\\\/\\\/www.trustedtranslations.com\\\/fr\\\/domaines\\\/entreprises\",\"name\":\"Services de traduction pour les entreprises - Trusted Translations, Inc.\",\"isPartOf\":{\"@id\":\"https:\\\/\\\/www.trustedtranslations.com\\\/fr\\\/#website\"},\"primaryImageOfPage\":{\"@id\":\"https:\\\/\\\/www.trustedtranslations.com\\\/fr\\\/domaines\\\/entreprises#primaryimage\"},\"image\":{\"@id\":\"https:\\\/\\\/www.trustedtranslations.com\\\/fr\\\/domaines\\\/entreprises#primaryimage\"},\"thumbnailUrl\":\"https:\\\/\\\/www.trustedtranslations.com\\\/wp-content\\\/uploads\\\/2022\\\/03\\\/TT_NEW_FB-1.png\",\"description\":\"Trusted Translations travaille avec de grandes, moyennes et petites entreprises pour r\u00e9pondre \u00e0 leurs besoins en traduction. Demandez un devis ou un conseil gratuit.\",\"breadcrumb\":{\"@id\":\"https:\\\/\\\/www.trustedtranslations.com\\\/fr\\\/domaines\\\/entreprises#breadcrumb\"},\"inLanguage\":\"fr-FR\",\"potentialAction\":[{\"@type\":\"ReadAction\",\"target\":[\"https:\\\/\\\/www.trustedtranslations.com\\\/fr\\\/domaines\\\/entreprises\"]}]},{\"@type\":\"ImageObject\",\"inLanguage\":\"fr-FR\",\"@id\":\"https:\\\/\\\/www.trustedtranslations.com\\\/fr\\\/domaines\\\/entreprises#primaryimage\",\"url\":\"https:\\\/\\\/www.trustedtranslations.com\\\/wp-content\\\/uploads\\\/2022\\\/03\\\/TT_NEW_FB-1.png\",\"contentUrl\":\"https:\\\/\\\/www.trustedtranslations.com\\\/wp-content\\\/uploads\\\/2022\\\/03\\\/TT_NEW_FB-1.png\",\"width\":1038,\"height\":1038,\"caption\":\"TT NEW FB 1\"},{\"@type\":\"BreadcrumbList\",\"@id\":\"https:\\\/\\\/www.trustedtranslations.com\\\/fr\\\/domaines\\\/entreprises#breadcrumb\",\"itemListElement\":[{\"@type\":\"ListItem\",\"position\":1,\"name\":\"Accueil\",\"item\":\"https:\\\/\\\/www.trustedtranslations.com\\\/fr\"},{\"@type\":\"ListItem\",\"position\":2,\"name\":\"Expertise de l\u2019industrie\",\"item\":\"https:\\\/\\\/www.trustedtranslations.com\\\/fr\\\/domaines\"},{\"@type\":\"ListItem\",\"position\":3,\"name\":\"Entreprises\"}]},{\"@type\":\"WebSite\",\"@id\":\"https:\\\/\\\/www.trustedtranslations.com\\\/fr\\\/#website\",\"url\":\"https:\\\/\\\/www.trustedtranslations.com\\\/fr\\\/\",\"name\":\"Trusted Translations, Inc.\",\"description\":\"Leader in translation and interpretation services.\",\"publisher\":{\"@id\":\"https:\\\/\\\/www.trustedtranslations.com\\\/fr\\\/#organization\"},\"alternateName\":\"Trusted Translations\",\"potentialAction\":[{\"@type\":\"SearchAction\",\"target\":{\"@type\":\"EntryPoint\",\"urlTemplate\":\"https:\\\/\\\/www.trustedtranslations.com\\\/fr\\\/?s={search_term_string}\"},\"query-input\":{\"@type\":\"PropertyValueSpecification\",\"valueRequired\":true,\"valueName\":\"search_term_string\"}}],\"inLanguage\":\"fr-FR\"},{\"@type\":\"Organization\",\"@id\":\"https:\\\/\\\/www.trustedtranslations.com\\\/fr\\\/#organization\",\"name\":\"Trusted Translations\",\"alternateName\":\"Trusted Translations, Inc.\",\"url\":\"https:\\\/\\\/www.trustedtranslations.com\\\/fr\\\/\",\"logo\":{\"@type\":\"ImageObject\",\"inLanguage\":\"fr-FR\",\"@id\":\"https:\\\/\\\/www.trustedtranslations.com\\\/fr\\\/#\\\/schema\\\/logo\\\/image\\\/\",\"url\":\"https:\\\/\\\/static.trustedtranslations.com\\\/wp-content\\\/uploads\\\/2022\\\/01\\\/TT_logo_WSIColors-2.png\",\"contentUrl\":\"https:\\\/\\\/static.trustedtranslations.com\\\/wp-content\\\/uploads\\\/2022\\\/01\\\/TT_logo_WSIColors-2.png\",\"width\":500,\"height\":196,\"caption\":\"Trusted Translations\"},\"image\":{\"@id\":\"https:\\\/\\\/www.trustedtranslations.com\\\/fr\\\/#\\\/schema\\\/logo\\\/image\\\/\"},\"sameAs\":[\"https:\\\/\\\/www.facebook.com\\\/Trusted.Translations\",\"https:\\\/\\\/x.com\\\/TrustedT9ns\",\"https:\\\/\\\/www.linkedin.com\\\/company\\\/trusted-translations\"]}]}<\/script>\n<!-- \/ Yoast SEO plugin. -->","yoast_head_json":{"title":"Services de traduction pour les entreprises - Trusted Translations, Inc.","description":"Trusted Translations travaille avec de grandes, moyennes et petites entreprises pour r\u00e9pondre \u00e0 leurs besoins en traduction. Demandez un devis ou un conseil gratuit.","robots":{"index":"index","follow":"follow","max-snippet":"max-snippet:-1","max-image-preview":"max-image-preview:large","max-video-preview":"max-video-preview:-1"},"canonical":"https:\/\/www.trustedtranslations.com\/fr\/domaines\/entreprises","og_locale":"fr_FR","og_type":"article","og_title":"Services de traduction pour les entreprises - Trusted Translations, Inc.","og_description":"Trusted Translations travaille avec de grandes, moyennes et petites entreprises pour r\u00e9pondre \u00e0 leurs besoins en traduction. Demandez un devis ou un conseil gratuit.","og_url":"https:\/\/www.trustedtranslations.com\/fr\/domaines\/entreprises","og_site_name":"Trusted Translations, Inc.","article_publisher":"https:\/\/www.facebook.com\/Trusted.Translations","article_modified_time":"2024-09-03T14:53:37+00:00","og_image":[{"width":1038,"height":1038,"url":"https:\/\/static.trustedtranslations.com\/wp-content\/uploads\/2022\/03\/TT_NEW_FB-1.png","type":"image\/png"}],"twitter_card":"summary_large_image","twitter_site":"@TrustedT9ns","schema":{"@context":"https:\/\/schema.org","@graph":[{"@type":"WebPage","@id":"https:\/\/www.trustedtranslations.com\/fr\/domaines\/entreprises","url":"https:\/\/www.trustedtranslations.com\/fr\/domaines\/entreprises","name":"Services de traduction pour les entreprises - Trusted Translations, Inc.","isPartOf":{"@id":"https:\/\/www.trustedtranslations.com\/fr\/#website"},"primaryImageOfPage":{"@id":"https:\/\/www.trustedtranslations.com\/fr\/domaines\/entreprises#primaryimage"},"image":{"@id":"https:\/\/www.trustedtranslations.com\/fr\/domaines\/entreprises#primaryimage"},"thumbnailUrl":"https:\/\/www.trustedtranslations.com\/wp-content\/uploads\/2022\/03\/TT_NEW_FB-1.png","description":"Trusted Translations travaille avec de grandes, moyennes et petites entreprises pour r\u00e9pondre \u00e0 leurs besoins en traduction. Demandez un devis ou un conseil gratuit.","breadcrumb":{"@id":"https:\/\/www.trustedtranslations.com\/fr\/domaines\/entreprises#breadcrumb"},"inLanguage":"fr-FR","potentialAction":[{"@type":"ReadAction","target":["https:\/\/www.trustedtranslations.com\/fr\/domaines\/entreprises"]}]},{"@type":"ImageObject","inLanguage":"fr-FR","@id":"https:\/\/www.trustedtranslations.com\/fr\/domaines\/entreprises#primaryimage","url":"https:\/\/www.trustedtranslations.com\/wp-content\/uploads\/2022\/03\/TT_NEW_FB-1.png","contentUrl":"https:\/\/www.trustedtranslations.com\/wp-content\/uploads\/2022\/03\/TT_NEW_FB-1.png","width":1038,"height":1038,"caption":"TT NEW FB 1"},{"@type":"BreadcrumbList","@id":"https:\/\/www.trustedtranslations.com\/fr\/domaines\/entreprises#breadcrumb","itemListElement":[{"@type":"ListItem","position":1,"name":"Accueil","item":"https:\/\/www.trustedtranslations.com\/fr"},{"@type":"ListItem","position":2,"name":"Expertise de l\u2019industrie","item":"https:\/\/www.trustedtranslations.com\/fr\/domaines"},{"@type":"ListItem","position":3,"name":"Entreprises"}]},{"@type":"WebSite","@id":"https:\/\/www.trustedtranslations.com\/fr\/#website","url":"https:\/\/www.trustedtranslations.com\/fr\/","name":"Trusted Translations, Inc.","description":"Leader in translation and interpretation services.","publisher":{"@id":"https:\/\/www.trustedtranslations.com\/fr\/#organization"},"alternateName":"Trusted Translations","potentialAction":[{"@type":"SearchAction","target":{"@type":"EntryPoint","urlTemplate":"https:\/\/www.trustedtranslations.com\/fr\/?s={search_term_string}"},"query-input":{"@type":"PropertyValueSpecification","valueRequired":true,"valueName":"search_term_string"}}],"inLanguage":"fr-FR"},{"@type":"Organization","@id":"https:\/\/www.trustedtranslations.com\/fr\/#organization","name":"Trusted Translations","alternateName":"Trusted Translations, Inc.","url":"https:\/\/www.trustedtranslations.com\/fr\/","logo":{"@type":"ImageObject","inLanguage":"fr-FR","@id":"https:\/\/www.trustedtranslations.com\/fr\/#\/schema\/logo\/image\/","url":"https:\/\/static.trustedtranslations.com\/wp-content\/uploads\/2022\/01\/TT_logo_WSIColors-2.png","contentUrl":"https:\/\/static.trustedtranslations.com\/wp-content\/uploads\/2022\/01\/TT_logo_WSIColors-2.png","width":500,"height":196,"caption":"Trusted Translations"},"image":{"@id":"https:\/\/www.trustedtranslations.com\/fr\/#\/schema\/logo\/image\/"},"sameAs":["https:\/\/www.facebook.com\/Trusted.Translations","https:\/\/x.com\/TrustedT9ns","https:\/\/www.linkedin.com\/company\/trusted-translations"]}]}},"toolset-meta":{"dyk":{"mensaje-1":{"type":"textfield","raw":""},"mensaje-2":{"type":"textfield","raw":""},"mensaje-3":{"type":"textfield","raw":"Nous sommes class\u00e9s dans le \u00ab\u00a0Top\u00a0500 des entreprises hispano-am\u00e9ricaines\u00a0\u00bb aux \u00c9tats-Unis."},"mensaje-4":{"type":"textfield","raw":"Nous d\u00e9passons les normes de qualit\u00e9 ISO\u00a09001:2015 et certifions nos traductions pour les entreprises"},"mensaje-5":{"type":"textfield","raw":""},"mensaje-6":{"type":"textfield","raw":""}},"single-page-template-fields":{"imgs-temp":{"type":"image","raw":["https:\/\/static.trustedtranslations.com\/wp-content\/uploads\/2024\/05\/Group-62-1.webp"],"repeatable":[{"raw":"https:\/\/static.trustedtranslations.com\/wp-content\/uploads\/2024\/05\/Group-62-1.webp"}]},"imgs-temp-cel":{"type":"image","raw":[""],"repeatable":[{"raw":""}]},"img-temp-one-cel":{"type":"image","raw":"https:\/\/static.trustedtranslations.com\/wp-content\/uploads\/2024\/05\/Group-62-1-1-1.webp","attachment_id":null},"quotes":{"type":"textarea","raw":"<h1 style=\"margin-bottom: 12px;\">Services de traduction pour les entreprises<\/h1>Dans l\u2019\u00e9conomie mondiale d\u2019aujourd\u2019hui, avoir une empreinte multinationale et multiculturelle est une n\u00e9cessit\u00e9 absolue pour toutes les entreprises. Dans un environnement \u00e9conomique difficile comme dans une p\u00e9riode d\u2019expansion des march\u00e9s, vous avez besoin d\u2019un fournisseur de traduction exp\u00e9riment\u00e9 pour vous aider \u00e0 r\u00e9pondre aux besoins en traduction de votre entreprise. Trusted Translations travaille quotidiennement avec de grandes, moyennes et petites entreprises et peut aider votre organisation \u00e0 \u00eatre plus comp\u00e9titive.<div style=\"margin-top: 2.5vw;\"><a class=\"tt-btn-main-cta\" href=\"\/fr\/devis-traduction\">DEMANDEZ UN DEVIS GRATUIT<\/a><\/div>"},"text-1":{"type":"textarea","raw":"<h2 style=\"margin-top: -10px; padding-bottom:20px\">Approche multidisciplinaire des traductions pour les entreprises<\/h2>Il n\u2019y a pas deux entreprises identiques. C\u2019est pourquoi, chez Trusted Translations, nous disposons d\u2019une \u00e9quipe polyvalente et compl\u00e8te pour fournir des services de traduction de haute qualit\u00e9 pour les entreprises, quel que soit le projet ou la taille de l\u2019entreprise.\r\n\r\nNotre service de traduction pour les entreprises int\u00e8gre une approche multidisciplinaire qui implique des experts en traduction dans les domaines du marketing, de la finance, de la comptabilit\u00e9, des ressources humaines et du droit. Dans de nombreux cas, plusieurs experts travailleront sur un projet de traduction pour s\u2019assurer qu\u2019il atteint vos objectifs tout en vous prot\u00e9geant contre d\u2019\u00e9ventuelles responsabilit\u00e9s.\r\n\r\nPar exemple, lorsque les communications juridiques et d\u2019affaires se m\u00e9langent, il est crucial de travailler avec une \u00e9quipe de traduction qui poss\u00e8de une expertise internationale et juridique. La fa\u00e7on dont vos communications sont traduites dans une r\u00e9gion particuli\u00e8re ou un pays particulier peut avoir des implications juridiques qui n\u2019existent pas dans un autre pays. Nos experts en traduction vous alerteront de ces probl\u00e8mes et conflits potentiels pour vous permettre de prendre les d\u00e9cisions d\u2019affaires les plus sens\u00e9es et les plus efficaces, quel que soit le lieu.\r\n<h2  style=\"padding-bottom:20px\">Traductions d\u2019affaires internationales<\/h2>L\u2019un des d\u00e9fis \u00e0 relever pour faire des affaires dans un autre pays est d\u2019essayer de comprendre les nuances des organismes de r\u00e9glementation et des organisations gouvernementales locaux. Trusted Translations a travaill\u00e9 avec les plus grandes entreprises multinationales du monde et les a aid\u00e9es \u00e0 p\u00e9n\u00e9trer avec succ\u00e8s de nouveaux pays et march\u00e9s. Au cours de ce processus, nous avons accumul\u00e9 de multiples connaissances sur de nombreuses r\u00e9gions et leurs besoins en traduction locaux.\r\n\r\nNous avons traduit des milliers d\u2019\u00e9tats financiers et de documents d\u2019entreprise cl\u00e9s pour nos clients, afin de leur permettre de mener des activit\u00e9s conformes aux r\u00e9glementations sur de nouveaux march\u00e9s. Laissez-nous vous faciliter la t\u00e2che afin que vous puissiez facilement faire la transition vers de nouveaux march\u00e9s internationaux."},"shortcode-map":{"type":"textfield","raw":""},"dyk-shortcode":{"type":"textfield","raw":"[elementor-template id=\"146546\"]"},"text-2":{"type":"textarea","raw":"<h2 style=\"padding-bottom:20px\">\u00c9quipes de traduction pour les entreprises<\/h2>Trusted Translations est fier de la qualit\u00e9 et des r\u00e9f\u00e9rences des membres de ses \u00e9quipes. Tous nos traducteurs professionnels ont acc\u00e8s \u00e0 des m\u00e9moires de traduction, des dictionnaires et des listes exclusives de termes de l\u2019industrie, afin de garantir que les traductions sont \u00e0 la fois pr\u00e9cises et homog\u00e8nes, m\u00eame pour les projets les plus vastes et les plus complexes.\r\n\r\nPar ailleurs, tous nos traducteurs sont li\u00e9s par un accord de confidentialit\u00e9 commerciale et de non-divulgation. En tant que partenaire de confiance d\u2019entreprises du Fortune 500, d\u2019organisations gouvernementales et de clients tels que l\u2019arm\u00e9e de terre des \u00c9tats-Unis, Trusted Translations prend tr\u00e8s au s\u00e9rieux les questions de confidentialit\u00e9 et de s\u00e9curit\u00e9. Toutes les traductions restent confidentielles. Nos traducteurs sont tr\u00e8s sensibles \u00e0 la nature de ce march\u00e9 et respectent pleinement les documents et les informations confidentiels.\r\n<h2 style=\"padding-bottom:20px\">Votre partenaire professionnel en mati\u00e8re de traductions d\u2019entreprise<\/h2>Trusted Translations est votre partenaire en mati\u00e8re de traductions d\u2019entreprise. Nous examinerons et vous aiderons \u00e0 ex\u00e9cuter tous les \u00e9l\u00e9ments des besoins en traduction de votre entreprise, afin de vous faire gagner du temps et de l\u2019argent. Nous vous fournirons des informations commerciales cl\u00e9s sur les march\u00e9s cibles, des exigences linguistiques locales aux subtilit\u00e9s sp\u00e9cifiques de la traduction marketing.\r\n\r\nQue vous soyez une multinationale ou une startup avec des aspirations de march\u00e9 mondiales ou multiculturelles, Trusted Translations est votre solution pour tous vos besoins en traduction commerciale."},"state":{"type":"textfield","raw":""},"city":{"type":"textarea","raw":[]}}},"_links":{"self":[{"href":"https:\/\/www.trustedtranslations.com\/fr\/wp-json\/wp\/v2\/pages\/128965","targetHints":{"allow":["GET"]}}],"collection":[{"href":"https:\/\/www.trustedtranslations.com\/fr\/wp-json\/wp\/v2\/pages"}],"about":[{"href":"https:\/\/www.trustedtranslations.com\/fr\/wp-json\/wp\/v2\/types\/page"}],"author":[{"embeddable":true,"href":"https:\/\/www.trustedtranslations.com\/fr\/wp-json\/wp\/v2\/users\/1"}],"replies":[{"embeddable":true,"href":"https:\/\/www.trustedtranslations.com\/fr\/wp-json\/wp\/v2\/comments?post=128965"}],"version-history":[{"count":0,"href":"https:\/\/www.trustedtranslations.com\/fr\/wp-json\/wp\/v2\/pages\/128965\/revisions"}],"up":[{"embeddable":true,"href":"https:\/\/www.trustedtranslations.com\/fr\/wp-json\/wp\/v2\/pages\/128968"}],"wp:featuredmedia":[{"embeddable":true,"href":"https:\/\/www.trustedtranslations.com\/fr\/wp-json\/wp\/v2\/media\/139627"}],"wp:attachment":[{"href":"https:\/\/www.trustedtranslations.com\/fr\/wp-json\/wp\/v2\/media?parent=128965"}],"curies":[{"name":"wp","href":"https:\/\/api.w.org\/{rel}","templated":true}]}}