{"id":128969,"date":"2018-07-27T21:02:08","date_gmt":"2018-07-27T21:02:08","guid":{"rendered":"https:\/\/www.trustedtranslations.com\/?page_id=128969"},"modified":"2024-09-03T15:50:06","modified_gmt":"2024-09-03T18:50:06","slug":"interpretation-par-telephone","status":"publish","type":"page","link":"https:\/\/www.trustedtranslations.com\/fr\/services\/interpretation-par-telephone","title":{"rendered":"Interpr\u00e9tation par t\u00e9l\u00e9phone"},"content":{"rendered":"","protected":false},"excerpt":{"rendered":"","protected":false},"author":1,"featured_media":131875,"parent":129016,"menu_order":0,"comment_status":"closed","ping_status":"closed","template":"","meta":{"site-sidebar-layout":"default","site-content-layout":"default","ast-site-content-layout":"default","site-content-style":"default","site-sidebar-style":"default","ast-global-header-display":"","ast-banner-title-visibility":"","ast-main-header-display":"","ast-hfb-above-header-display":"","ast-hfb-below-header-display":"","ast-hfb-mobile-header-display":"","site-post-title":"disabled","ast-breadcrumbs-content":"","ast-featured-img":"","footer-sml-layout":"","ast-disable-related-posts":"","theme-transparent-header-meta":"default","adv-header-id-meta":"","stick-header-meta":"","header-above-stick-meta":"","header-main-stick-meta":"","header-below-stick-meta":"","astra-migrate-meta-layouts":"set","ast-page-background-enabled":"default","ast-page-background-meta":{"desktop":{"background-color":"var(--ast-global-color-4)","background-image":"","background-repeat":"repeat","background-position":"center center","background-size":"auto","background-attachment":"scroll","background-type":"","background-media":"","overlay-type":"","overlay-color":"","overlay-opacity":"","overlay-gradient":""},"tablet":{"background-color":"","background-image":"","background-repeat":"repeat","background-position":"center center","background-size":"auto","background-attachment":"scroll","background-type":"","background-media":"","overlay-type":"","overlay-color":"","overlay-opacity":"","overlay-gradient":""},"mobile":{"background-color":"","background-image":"","background-repeat":"repeat","background-position":"center center","background-size":"auto","background-attachment":"scroll","background-type":"","background-media":"","overlay-type":"","overlay-color":"","overlay-opacity":"","overlay-gradient":""}},"ast-content-background-meta":{"desktop":{"background-color":"var(--ast-global-color-5)","background-image":"","background-repeat":"repeat","background-position":"center center","background-size":"auto","background-attachment":"scroll","background-type":"","background-media":"","overlay-type":"","overlay-color":"","overlay-opacity":"","overlay-gradient":""},"tablet":{"background-color":"var(--ast-global-color-5)","background-image":"","background-repeat":"repeat","background-position":"center center","background-size":"auto","background-attachment":"scroll","background-type":"","background-media":"","overlay-type":"","overlay-color":"","overlay-opacity":"","overlay-gradient":""},"mobile":{"background-color":"var(--ast-global-color-5)","background-image":"","background-repeat":"repeat","background-position":"center center","background-size":"auto","background-attachment":"scroll","background-type":"","background-media":"","overlay-type":"","overlay-color":"","overlay-opacity":"","overlay-gradient":""}},"footnotes":""},"class_list":["post-128969","page","type-page","status-publish","has-post-thumbnail","hentry"],"yoast_head":"<!-- This site is optimized with the Yoast SEO plugin v27.3 - https:\/\/yoast.com\/product\/yoast-seo-wordpress\/ -->\n<title>Services d\u2019interpr\u00e9tation par t\u00e9l\u00e9phone - Trusted Translations, Inc.<\/title>\n<meta name=\"description\" content=\"Trusted Translations, Inc. est un leader dans les services d\u2019interpr\u00e9tation linguistique par t\u00e9l\u00e9phone. Appelez pour demander un devis ou un conseil gratuit.\" \/>\n<meta name=\"robots\" content=\"index, follow, max-snippet:-1, max-image-preview:large, max-video-preview:-1\" \/>\n<link rel=\"canonical\" href=\"https:\/\/www.trustedtranslations.com\/fr\/services\/interpretation-par-telephone\" \/>\n<meta property=\"og:locale\" content=\"fr_FR\" \/>\n<meta property=\"og:type\" content=\"article\" \/>\n<meta property=\"og:title\" content=\"Services d\u2019interpr\u00e9tation par t\u00e9l\u00e9phone - Trusted Translations, Inc.\" \/>\n<meta property=\"og:description\" content=\"Trusted Translations, Inc. est un leader dans les services d\u2019interpr\u00e9tation linguistique par t\u00e9l\u00e9phone. Appelez pour demander un devis ou un conseil gratuit.\" \/>\n<meta property=\"og:url\" content=\"https:\/\/www.trustedtranslations.com\/fr\/services\/interpretation-par-telephone\" \/>\n<meta property=\"og:site_name\" content=\"Trusted Translations, Inc.\" \/>\n<meta property=\"article:publisher\" content=\"https:\/\/www.facebook.com\/Trusted.Translations\" \/>\n<meta property=\"article:modified_time\" content=\"2024-09-03T18:50:06+00:00\" \/>\n<meta property=\"og:image\" content=\"https:\/\/static.trustedtranslations.com\/wp-content\/uploads\/2022\/02\/smiling-male-business-consultant-with-headphones-sitting-modern-office-video-call-looking-laptop-screen-man-customer-service-support-agent-helpline-talking-online-chat-4-1.jpg\" \/>\n\t<meta property=\"og:image:width\" content=\"600\" \/>\n\t<meta property=\"og:image:height\" content=\"401\" \/>\n\t<meta property=\"og:image:type\" content=\"image\/jpeg\" \/>\n<meta name=\"twitter:card\" content=\"summary_large_image\" \/>\n<meta name=\"twitter:site\" content=\"@TrustedT9ns\" \/>\n<script type=\"application\/ld+json\" class=\"yoast-schema-graph\">{\"@context\":\"https:\\\/\\\/schema.org\",\"@graph\":[{\"@type\":\"WebPage\",\"@id\":\"https:\\\/\\\/www.trustedtranslations.com\\\/fr\\\/services\\\/interpretation-par-telephone\",\"url\":\"https:\\\/\\\/www.trustedtranslations.com\\\/fr\\\/services\\\/interpretation-par-telephone\",\"name\":\"Services d\u2019interpr\u00e9tation par t\u00e9l\u00e9phone - Trusted Translations, Inc.\",\"isPartOf\":{\"@id\":\"https:\\\/\\\/www.trustedtranslations.com\\\/fr\\\/#website\"},\"primaryImageOfPage\":{\"@id\":\"https:\\\/\\\/www.trustedtranslations.com\\\/fr\\\/services\\\/interpretation-par-telephone#primaryimage\"},\"image\":{\"@id\":\"https:\\\/\\\/www.trustedtranslations.com\\\/fr\\\/services\\\/interpretation-par-telephone#primaryimage\"},\"thumbnailUrl\":\"https:\\\/\\\/www.trustedtranslations.com\\\/wp-content\\\/uploads\\\/2022\\\/02\\\/smiling-male-business-consultant-with-headphones-sitting-modern-office-video-call-looking-laptop-screen-man-customer-service-support-agent-helpline-talking-online-chat-4-1.jpg\",\"description\":\"Trusted Translations, Inc. est un leader dans les services d\u2019interpr\u00e9tation linguistique par t\u00e9l\u00e9phone. Appelez pour demander un devis ou un conseil gratuit.\",\"breadcrumb\":{\"@id\":\"https:\\\/\\\/www.trustedtranslations.com\\\/fr\\\/services\\\/interpretation-par-telephone#breadcrumb\"},\"inLanguage\":\"fr-FR\",\"potentialAction\":[{\"@type\":\"ReadAction\",\"target\":[\"https:\\\/\\\/www.trustedtranslations.com\\\/fr\\\/services\\\/interpretation-par-telephone\"]}]},{\"@type\":\"ImageObject\",\"inLanguage\":\"fr-FR\",\"@id\":\"https:\\\/\\\/www.trustedtranslations.com\\\/fr\\\/services\\\/interpretation-par-telephone#primaryimage\",\"url\":\"https:\\\/\\\/www.trustedtranslations.com\\\/wp-content\\\/uploads\\\/2022\\\/02\\\/smiling-male-business-consultant-with-headphones-sitting-modern-office-video-call-looking-laptop-screen-man-customer-service-support-agent-helpline-talking-online-chat-4-1.jpg\",\"contentUrl\":\"https:\\\/\\\/www.trustedtranslations.com\\\/wp-content\\\/uploads\\\/2022\\\/02\\\/smiling-male-business-consultant-with-headphones-sitting-modern-office-video-call-looking-laptop-screen-man-customer-service-support-agent-helpline-talking-online-chat-4-1.jpg\",\"width\":600,\"height\":401,\"caption\":\"smiling male business consultant with headphones sitting modern office video call looking laptop screen man customer service support agent helpline talking online chat 4 1\"},{\"@type\":\"BreadcrumbList\",\"@id\":\"https:\\\/\\\/www.trustedtranslations.com\\\/fr\\\/services\\\/interpretation-par-telephone#breadcrumb\",\"itemListElement\":[{\"@type\":\"ListItem\",\"position\":1,\"name\":\"Accueil\",\"item\":\"https:\\\/\\\/www.trustedtranslations.com\\\/fr\"},{\"@type\":\"ListItem\",\"position\":2,\"name\":\"Services\",\"item\":\"https:\\\/\\\/www.trustedtranslations.com\\\/fr\\\/services\"},{\"@type\":\"ListItem\",\"position\":3,\"name\":\"Interpr\u00e9tation par t\u00e9l\u00e9phone\"}]},{\"@type\":\"WebSite\",\"@id\":\"https:\\\/\\\/www.trustedtranslations.com\\\/fr\\\/#website\",\"url\":\"https:\\\/\\\/www.trustedtranslations.com\\\/fr\\\/\",\"name\":\"Trusted Translations, Inc.\",\"description\":\"Leader in translation and interpretation services.\",\"publisher\":{\"@id\":\"https:\\\/\\\/www.trustedtranslations.com\\\/fr\\\/#organization\"},\"alternateName\":\"Trusted Translations\",\"potentialAction\":[{\"@type\":\"SearchAction\",\"target\":{\"@type\":\"EntryPoint\",\"urlTemplate\":\"https:\\\/\\\/www.trustedtranslations.com\\\/fr\\\/?s={search_term_string}\"},\"query-input\":{\"@type\":\"PropertyValueSpecification\",\"valueRequired\":true,\"valueName\":\"search_term_string\"}}],\"inLanguage\":\"fr-FR\"},{\"@type\":\"Organization\",\"@id\":\"https:\\\/\\\/www.trustedtranslations.com\\\/fr\\\/#organization\",\"name\":\"Trusted Translations\",\"alternateName\":\"Trusted Translations, Inc.\",\"url\":\"https:\\\/\\\/www.trustedtranslations.com\\\/fr\\\/\",\"logo\":{\"@type\":\"ImageObject\",\"inLanguage\":\"fr-FR\",\"@id\":\"https:\\\/\\\/www.trustedtranslations.com\\\/fr\\\/#\\\/schema\\\/logo\\\/image\\\/\",\"url\":\"https:\\\/\\\/static.trustedtranslations.com\\\/wp-content\\\/uploads\\\/2022\\\/01\\\/TT_logo_WSIColors-2.png\",\"contentUrl\":\"https:\\\/\\\/static.trustedtranslations.com\\\/wp-content\\\/uploads\\\/2022\\\/01\\\/TT_logo_WSIColors-2.png\",\"width\":500,\"height\":196,\"caption\":\"Trusted Translations\"},\"image\":{\"@id\":\"https:\\\/\\\/www.trustedtranslations.com\\\/fr\\\/#\\\/schema\\\/logo\\\/image\\\/\"},\"sameAs\":[\"https:\\\/\\\/www.facebook.com\\\/Trusted.Translations\",\"https:\\\/\\\/x.com\\\/TrustedT9ns\",\"https:\\\/\\\/www.linkedin.com\\\/company\\\/trusted-translations\"]}]}<\/script>\n<!-- \/ Yoast SEO plugin. -->","yoast_head_json":{"title":"Services d\u2019interpr\u00e9tation par t\u00e9l\u00e9phone - Trusted Translations, Inc.","description":"Trusted Translations, Inc. est un leader dans les services d\u2019interpr\u00e9tation linguistique par t\u00e9l\u00e9phone. Appelez pour demander un devis ou un conseil gratuit.","robots":{"index":"index","follow":"follow","max-snippet":"max-snippet:-1","max-image-preview":"max-image-preview:large","max-video-preview":"max-video-preview:-1"},"canonical":"https:\/\/www.trustedtranslations.com\/fr\/services\/interpretation-par-telephone","og_locale":"fr_FR","og_type":"article","og_title":"Services d\u2019interpr\u00e9tation par t\u00e9l\u00e9phone - Trusted Translations, Inc.","og_description":"Trusted Translations, Inc. est un leader dans les services d\u2019interpr\u00e9tation linguistique par t\u00e9l\u00e9phone. Appelez pour demander un devis ou un conseil gratuit.","og_url":"https:\/\/www.trustedtranslations.com\/fr\/services\/interpretation-par-telephone","og_site_name":"Trusted Translations, Inc.","article_publisher":"https:\/\/www.facebook.com\/Trusted.Translations","article_modified_time":"2024-09-03T18:50:06+00:00","og_image":[{"width":600,"height":401,"url":"https:\/\/static.trustedtranslations.com\/wp-content\/uploads\/2022\/02\/smiling-male-business-consultant-with-headphones-sitting-modern-office-video-call-looking-laptop-screen-man-customer-service-support-agent-helpline-talking-online-chat-4-1.jpg","type":"image\/jpeg"}],"twitter_card":"summary_large_image","twitter_site":"@TrustedT9ns","schema":{"@context":"https:\/\/schema.org","@graph":[{"@type":"WebPage","@id":"https:\/\/www.trustedtranslations.com\/fr\/services\/interpretation-par-telephone","url":"https:\/\/www.trustedtranslations.com\/fr\/services\/interpretation-par-telephone","name":"Services d\u2019interpr\u00e9tation par t\u00e9l\u00e9phone - Trusted Translations, Inc.","isPartOf":{"@id":"https:\/\/www.trustedtranslations.com\/fr\/#website"},"primaryImageOfPage":{"@id":"https:\/\/www.trustedtranslations.com\/fr\/services\/interpretation-par-telephone#primaryimage"},"image":{"@id":"https:\/\/www.trustedtranslations.com\/fr\/services\/interpretation-par-telephone#primaryimage"},"thumbnailUrl":"https:\/\/www.trustedtranslations.com\/wp-content\/uploads\/2022\/02\/smiling-male-business-consultant-with-headphones-sitting-modern-office-video-call-looking-laptop-screen-man-customer-service-support-agent-helpline-talking-online-chat-4-1.jpg","description":"Trusted Translations, Inc. est un leader dans les services d\u2019interpr\u00e9tation linguistique par t\u00e9l\u00e9phone. Appelez pour demander un devis ou un conseil gratuit.","breadcrumb":{"@id":"https:\/\/www.trustedtranslations.com\/fr\/services\/interpretation-par-telephone#breadcrumb"},"inLanguage":"fr-FR","potentialAction":[{"@type":"ReadAction","target":["https:\/\/www.trustedtranslations.com\/fr\/services\/interpretation-par-telephone"]}]},{"@type":"ImageObject","inLanguage":"fr-FR","@id":"https:\/\/www.trustedtranslations.com\/fr\/services\/interpretation-par-telephone#primaryimage","url":"https:\/\/www.trustedtranslations.com\/wp-content\/uploads\/2022\/02\/smiling-male-business-consultant-with-headphones-sitting-modern-office-video-call-looking-laptop-screen-man-customer-service-support-agent-helpline-talking-online-chat-4-1.jpg","contentUrl":"https:\/\/www.trustedtranslations.com\/wp-content\/uploads\/2022\/02\/smiling-male-business-consultant-with-headphones-sitting-modern-office-video-call-looking-laptop-screen-man-customer-service-support-agent-helpline-talking-online-chat-4-1.jpg","width":600,"height":401,"caption":"smiling male business consultant with headphones sitting modern office video call looking laptop screen man customer service support agent helpline talking online chat 4 1"},{"@type":"BreadcrumbList","@id":"https:\/\/www.trustedtranslations.com\/fr\/services\/interpretation-par-telephone#breadcrumb","itemListElement":[{"@type":"ListItem","position":1,"name":"Accueil","item":"https:\/\/www.trustedtranslations.com\/fr"},{"@type":"ListItem","position":2,"name":"Services","item":"https:\/\/www.trustedtranslations.com\/fr\/services"},{"@type":"ListItem","position":3,"name":"Interpr\u00e9tation par t\u00e9l\u00e9phone"}]},{"@type":"WebSite","@id":"https:\/\/www.trustedtranslations.com\/fr\/#website","url":"https:\/\/www.trustedtranslations.com\/fr\/","name":"Trusted Translations, Inc.","description":"Leader in translation and interpretation services.","publisher":{"@id":"https:\/\/www.trustedtranslations.com\/fr\/#organization"},"alternateName":"Trusted Translations","potentialAction":[{"@type":"SearchAction","target":{"@type":"EntryPoint","urlTemplate":"https:\/\/www.trustedtranslations.com\/fr\/?s={search_term_string}"},"query-input":{"@type":"PropertyValueSpecification","valueRequired":true,"valueName":"search_term_string"}}],"inLanguage":"fr-FR"},{"@type":"Organization","@id":"https:\/\/www.trustedtranslations.com\/fr\/#organization","name":"Trusted Translations","alternateName":"Trusted Translations, Inc.","url":"https:\/\/www.trustedtranslations.com\/fr\/","logo":{"@type":"ImageObject","inLanguage":"fr-FR","@id":"https:\/\/www.trustedtranslations.com\/fr\/#\/schema\/logo\/image\/","url":"https:\/\/static.trustedtranslations.com\/wp-content\/uploads\/2022\/01\/TT_logo_WSIColors-2.png","contentUrl":"https:\/\/static.trustedtranslations.com\/wp-content\/uploads\/2022\/01\/TT_logo_WSIColors-2.png","width":500,"height":196,"caption":"Trusted Translations"},"image":{"@id":"https:\/\/www.trustedtranslations.com\/fr\/#\/schema\/logo\/image\/"},"sameAs":["https:\/\/www.facebook.com\/Trusted.Translations","https:\/\/x.com\/TrustedT9ns","https:\/\/www.linkedin.com\/company\/trusted-translations"]}]}},"toolset-meta":{"dyk":{"mensaje-1":{"type":"textfield","raw":""},"mensaje-2":{"type":"textfield","raw":""},"mensaje-3":{"type":"textfield","raw":""},"mensaje-4":{"type":"textfield","raw":"L'interpr\u00e9tation par t\u00e9l\u00e9phone permet un acc\u00e8s rapide et pratique \u00e0 l'assistance linguistique."},"mensaje-5":{"type":"textfield","raw":""},"mensaje-6":{"type":"textfield","raw":""}},"single-page-template-fields":{"imgs-temp":{"type":"image","raw":["https:\/\/static.trustedtranslations.com\/wp-content\/uploads\/2024\/05\/phone-final-4.webp","https:\/\/static.trustedtranslations.com\/wp-content\/uploads\/2024\/05\/phone-final-2-1.webp","https:\/\/static.trustedtranslations.com\/wp-content\/uploads\/2024\/05\/phone-final-3-1.webp"],"repeatable":[{"raw":"https:\/\/static.trustedtranslations.com\/wp-content\/uploads\/2024\/05\/phone-final-4.webp"},{"raw":"https:\/\/static.trustedtranslations.com\/wp-content\/uploads\/2024\/05\/phone-final-2-1.webp"},{"raw":"https:\/\/static.trustedtranslations.com\/wp-content\/uploads\/2024\/05\/phone-final-3-1.webp"}]},"imgs-temp-cel":{"type":"image","raw":[""],"repeatable":[{"raw":""}]},"img-temp-one-cel":{"type":"image","raw":"https:\/\/static.trustedtranslations.com\/wp-content\/uploads\/2024\/05\/smiling-male-business-consultant.webp","attachment_id":null},"quotes":{"type":"textarea","raw":"<h1 style=\"margin-bottom: 12px;\">Services d\u2019interpr\u00e9tation par t\u00e9l\u00e9phone <\/h1>Trusted Translations dispose d\u2019un d\u00e9partement sp\u00e9cial d\u00e9di\u00e9 aux services d\u2019interpr\u00e9tation en direct par t\u00e9l\u00e9phone de haute qualit\u00e9 et \u00e9conomiques. Nous fournissons r\u00e9guli\u00e8rement \u00e0 nos clients des interpr\u00e9tations t\u00e9l\u00e9phoniques dans plus de 150 langues, sur appel 24h\/24, 7j\/7 et 365 jours par an, en utilisant les technologies de t\u00e9l\u00e9communications les plus r\u00e9centes.<div style=\"margin-top: 2.5vw;\"><a class=\"tt-btn-main-cta\" href=\"\/fr\/devis-traduction\">DEMANDEZ UN DEVIS GRATUIT<\/a><\/div>"},"text-1":{"type":"textarea","raw":"<h2 style=\"margin-top: -10px;\">Sur appel 24h\/24, 7j\/7 et 365 jours par an\u200b<\/h2>Que vous soyez directement int\u00e9gr\u00e9 \u00e0 notre r\u00e9seau d\u2019interpr\u00e8tes ou que vous appeliez en utilisant un num\u00e9ro de t\u00e9l\u00e9phone personnalis\u00e9, nos op\u00e9rateurs sont form\u00e9s pour assurer des interpr\u00e9tations t\u00e9l\u00e9phoniques humaines en direct de et vers plus de 150 langues et couvrir tous les sujets. Des sujets m\u00e9dicaux complexes aux d\u00e9positions dans le cadre de proc\u00e9dures judiciaires, les interpr\u00e8tes par t\u00e9l\u00e9phone (OPI, pour ses sigles en anglais) de Trusted Translations sont disponibles 24h\/24, 7j\/7 et 365 jours par an pour vous assurer une r\u00e9union multilingue productive et r\u00e9ussie. Comme pour toutes nos offres de services, Trusted Translations respecte des normes strictes de confidentialit\u00e9 et de qualit\u00e9, notamment les r\u00e8gles de confidentialit\u00e9 de la loi HIPPA.\r\n<div class=\"imgs-flex-template\">\r\n    <div>\r\n        <h2>Interpr\u00e9tation linguistique par t\u00e9l\u00e9phone (OPI, pour ses initiales en anglais)<\/h2>\r\n        <p>Trusted Translations propose une gamme compl\u00e8te de services pour r\u00e9pondre \u00e0 vos besoins linguistiques, notamment nos services d\u2019interpr\u00e9tation linguistique en direct par t\u00e9l\u00e9phone, souvent appel\u00e9s \u00ab OPI \u00bb, \u00ab services de traduction humaine par t\u00e9l\u00e9phone \u00bb ou simplement \u00ab traductions par t\u00e9l\u00e9phone \u00bb. Ce service offre \u00e0 nos clients l\u2019avantage unique d\u2019appeler une ligne priv\u00e9e s\u00e9curis\u00e9e pour acc\u00e9der \u00e0 nos interpr\u00e8tes de garde en direct, capables d\u2019interpr\u00e9ter depuis et vers plus de 150 langues.\r\n\r\nNotre service principal d\u2019interpr\u00e9tation par t\u00e9l\u00e9phone est en fait tr\u00e8s simple. Vous pouvez soit int\u00e9grer votre centre d\u2019appels directement \u00e0 notre r\u00e9seau OPI, soit appeler un num\u00e9ro gratuit d\u2019interpr\u00e9tation personnalis\u00e9e. En quelques secondes, l\u2019un de nos agents en direct vous fournira un interpr\u00e8te t\u00e9l\u00e9phonique expert dans la langue requise pour r\u00e9pondre \u00e0 vos besoins en mati\u00e8re de communication.\r\n<\/p>\r\n    <\/div>\r\n    <img src=\"https:\/\/static.trustedtranslations.com\/wp-content\/uploads\/2022\/02\/AdobeStock_455815973-1-1.jpg\">\r\n<\/div>\r\nLes organisations de tous types, y compris les h\u00f4pitaux, les entreprises du Fortune 500, les cabinets d\u2019avocats et les O.N.G. peuvent profiter de ce service d\u2019interpr\u00e9tation par t\u00e9l\u00e9phone \u00e9conomique et simple \u00e0 utiliser. Vous pouvez m\u00eame nous appeler de l\u2019\u00e9tranger et nous vous aiderons \u00e0 communiquer lorsque vous voyagez et travaillez dans des pays non anglophones. Trusted Translations peut m\u00eame enregistrer l\u2019appel, le transcrire et vous l\u2019envoyer par courrier \u00e9lectronique pour vos dossiers."},"shortcode-map":{"type":"textfield","raw":""},"dyk-shortcode":{"type":"textfield","raw":"[elementor-template id=\"146546\"]"},"text-2":{"type":"textarea","raw":"<div class=\"imgs-flex-template flex-text-2\" style=\"margin-top: -30px\">\r\n    <img src=\"https:\/\/static.trustedtranslations.com\/wp-content\/uploads\/2022\/02\/AdobeStock_206755016-1-1.jpg\">\r\n    <div class=\"p-img-width\">\r\n        <h2>Services d\u2019interpr\u00e9tation par t\u00e9l\u00e9phone<\/h2>\r\n        <p>Trusted Translations utilise une m\u00e9thode reconnue pour fournir des services d\u2019interpr\u00e9tation par t\u00e9l\u00e9phone de haute qualit\u00e9. Notre processus comprend le recours \u00e0 des interpr\u00e8tes exp\u00e9riment\u00e9s associ\u00e9s \u00e0 des outils technologiques de t\u00e9l\u00e9communications de pointe. L\u2019engagement de Trusted Translations envers ses clients est de fournir des services d\u2019interpr\u00e9tation par t\u00e9l\u00e9phone ininterrompus, 24 heures sur 24, 7 jours sur 7, tous les jours de l\u2019ann\u00e9e. \u00c0 votre demande, nous affecterons \u00e0 votre conf\u00e9rence un interpr\u00e8te sp\u00e9cialis\u00e9 dans le domaine trait\u00e9. Les services d\u2019interpr\u00e9tation par t\u00e9l\u00e9phone de Trusted Translations reposent sur une base solide de ressources humaines exp\u00e9riment\u00e9es dans des domaines sp\u00e9cifiques et qui ont d\u00e9j\u00e0 fait leurs preuves en mati\u00e8re d\u2019interpr\u00e9tation dans des environnements professionnels.<\/p>\r\n    <\/div>\r\n<\/div>\r\n<div class=\"imgs-flex-template\">\r\n    <div>\r\n        <h2>Ce que vous pouvez attendre de nos interpr\u00e8tes par t\u00e9l\u00e9phone<\/h2>\r\n        <p>\u00c0 chaque fois que vous appelez Trusted Translations pour obtenir des services d\u2019interpr\u00e9tation professionnelle par t\u00e9l\u00e9phone, vous pouvez vous attendre \u00e0 obtenir les services d\u2019un interpr\u00e8te pr\u00e9sentant les caract\u00e9ristiques suivantes :<\/p>\r\n        <p style=\"padding-left: 40px;\">\u2022 Professionnalisme et courtoisie\r\n        \u2022 Expertise dans le domaine concern\u00e9\r\n        \u2022 Capacit\u00e9 \u00e0 s\u2019exprimer clairement dans les langues requises\r\n        \u2022 Tenu par des accords de confidentialit\u00e9 stricts\r\n        \u2022 \u00c9quip\u00e9 technologiquement pour transcrire et enregistrer l\u2019appel sur demande<\/p>\r\n    <\/div>\r\n    <img src=\"https:\/\/static.trustedtranslations.com\/wp-content\/uploads\/2022\/02\/AdobeStock_266285934-1-1.jpg\">\r\n<\/div>\r\n<h2 style=\"margin-top: -10px;\">Tarification de l\u2019interpr\u00e9tation linguistique par t\u00e9l\u00e9phone<\/h2>Les tarifs d\u2019interpr\u00e9tation par t\u00e9l\u00e9phone de Trusted Translations sont bas\u00e9s sur un prix \u00e0 la minute qui varie en fonction de la langue, de la complexit\u00e9 du sujet et du volume global en minutes. Il est important de comprendre les diff\u00e9rentes terminologies utilis\u00e9es en rapport avec les tarifs et les prix relatifs aux services d\u2019interpr\u00e9tation en direct par t\u00e9l\u00e9phone. L\u2019interpr\u00e9tation par t\u00e9l\u00e9phone est \u00e9galement appel\u00e9e : interpr\u00e9tation humaine par t\u00e9l\u00e9phone, traduction par t\u00e9l\u00e9phone, services de traduction humaine par t\u00e9l\u00e9phone et services d\u2019interpr\u00e9tation par t\u00e9l\u00e9phone.\r\n\r\nAlors que les services d\u2019interpr\u00e9tation en personne sont normalement factur\u00e9s \u00e0 l\u2019heure avec un nombre minimum d\u2019heures, la plupart des services d\u2019OPI sont \u00e0 la demande et factur\u00e9s \u00e0 la minute. Des frais suppl\u00e9mentaires peuvent s\u2019appliquer au service d\u2019interpr\u00e9tation par t\u00e9l\u00e9phone si vous devez vous interconnecter avec un tiers par t\u00e9l\u00e9phone. Ces frais suppl\u00e9mentaires sont normaux et sont pr\u00e9vus pour couvrir les frais d\u2019appels longue distance pour la connexion \u00e0 un autre t\u00e9l\u00e9phone. Vous pouvez \u00e9viter ces frais suppl\u00e9mentaires en configurant une t\u00e9l\u00e9conf\u00e9rence avant l\u2019appel. Appelez-nous d\u00e8s aujourd\u2019hui pour obtenir un devis gratuit et pour trouver les moyens de r\u00e9duire au minimum le co\u00fbt de vos besoins en interpr\u00e9tation t\u00e9l\u00e9phonique.\r\n\r\nChez Trusted Translations, nous comprenons que si vous et votre organisation avez des objectifs clairs, vous avez \u00e9galement des contraintes budg\u00e9taires. C\u2019est pourquoi nous avons structur\u00e9 nos services d\u2019interpr\u00e9tation par t\u00e9l\u00e9phone de fa\u00e7on \u00e0 ce qu\u2019ils soient non seulement faciles \u00e0 utiliser mais aussi extr\u00eamement avantageux. Nous facturons un forfait \u00e0 la minute en fonction de la combinaison de langues. Ainsi, si vous n\u2019avez besoin que de 17 minutes, vous ne serez factur\u00e9 que 17 minutes. En outre, vous ferez aussi des \u00e9conomies en \u00e9vitant les frais de d\u00e9placements et d\u2019assurances souvent li\u00e9s aux services d\u2019interpr\u00e9tation en personne."},"state":{"type":"textfield","raw":""},"city":{"type":"textarea","raw":[]}}},"_links":{"self":[{"href":"https:\/\/www.trustedtranslations.com\/fr\/wp-json\/wp\/v2\/pages\/128969","targetHints":{"allow":["GET"]}}],"collection":[{"href":"https:\/\/www.trustedtranslations.com\/fr\/wp-json\/wp\/v2\/pages"}],"about":[{"href":"https:\/\/www.trustedtranslations.com\/fr\/wp-json\/wp\/v2\/types\/page"}],"author":[{"embeddable":true,"href":"https:\/\/www.trustedtranslations.com\/fr\/wp-json\/wp\/v2\/users\/1"}],"replies":[{"embeddable":true,"href":"https:\/\/www.trustedtranslations.com\/fr\/wp-json\/wp\/v2\/comments?post=128969"}],"version-history":[{"count":0,"href":"https:\/\/www.trustedtranslations.com\/fr\/wp-json\/wp\/v2\/pages\/128969\/revisions"}],"up":[{"embeddable":true,"href":"https:\/\/www.trustedtranslations.com\/fr\/wp-json\/wp\/v2\/pages\/129016"}],"wp:featuredmedia":[{"embeddable":true,"href":"https:\/\/www.trustedtranslations.com\/fr\/wp-json\/wp\/v2\/media\/131875"}],"wp:attachment":[{"href":"https:\/\/www.trustedtranslations.com\/fr\/wp-json\/wp\/v2\/media?parent=128969"}],"curies":[{"name":"wp","href":"https:\/\/api.w.org\/{rel}","templated":true}]}}